{"id":11876,"date":"2022-01-19T12:55:19","date_gmt":"2022-01-19T11:55:19","guid":{"rendered":"https:\/\/new.tiketi.com\/cheap-flights-to-libya\/"},"modified":"2022-02-10T13:46:26","modified_gmt":"2022-02-10T12:46:26","slug":"cheap-flights-to-libya","status":"publish","type":"page","link":"https:\/\/tiketi.com\/fr-fr\/cheap-flights-to-libya\/","title":{"rendered":"Vols pas chers vers Libye"},"content":{"rendered":"<h2>\u00c0 la recherche d&#039;un billet d&#039;avion pas cher pour la Libye ou d&#039;offres de derni\u00e8re minute ?<\/h2>\n<h3>Recherchez, comparez et r\u00e9servez en ligne d\u00e8s maintenant les vols pas chers Libye.<\/h3>\n<p>R\u00e9servez en ligne des vols pas chers pour la Libye et \u00e9conomisez de l&#039;argent sur les billets d&#039;avion. Le pays de la Libye est plac\u00e9 sur le c\u00f4t\u00e9 nord du continent africain, il est bord\u00e9 par le Tchad, l&#039;\u00c9gypte, le Niger et le Soudan. Avec une superficie de pr\u00e8s de 700,00 miles carr\u00e9s, le pays est le 17e plus grand au monde. Pr\u00e8s de 90% du pays est recouvert de d\u00e9sert, la plupart du pays a un climat d\u00e9sertique \u00e0 l&#039;exception des r\u00e9gions du nord qui b\u00e9n\u00e9ficient d&#039;un climat m\u00e9diterran\u00e9en. Comparez les prix et obtenez les tarifs les plus bas sur les billets d&#039;avion de Libye gr\u00e2ce \u00e0 des offres exceptionnelles sur la r\u00e9servation de billets en ligne de vols Libye.<\/p>\n<h2>Voici quelques-unes des attractions de la Libye<\/h2>\n<h3>Tripoli<\/h3>\n<p>La ville de Tripoli est la plus grande ville de Libye, c&#039;est aussi la capitale du pays. La ville est situ\u00e9e dans la r\u00e9gion nord-ouest de la Libye au bord du grand d\u00e9sert libyen. La ville est le centre des activit\u00e9s commerciales et de production du pays et est le principal port maritime de la Libye. La ville compte de nombreux h\u00f4tels de premi\u00e8re classe pour les visiteurs.<\/p>\n<h3>Mus\u00e9e Jamhahiriya<\/h3>\n<p>Le Mus\u00e9e de la Jamhahiriya est la salle d&#039;exposition nationale de la Libye. Ses quarante-sept galeries abritent diff\u00e9rents curieux du pass\u00e9 v\u00e9rifiable de la Libye incorporant ceux de l&#039;\u00e9poque grecque et romaine de l&#039;histoire de la nation, les fortunes r\u00e9cup\u00e9r\u00e9es de leurs lieux du patrimoine mondial et les souvenirs de leur pass\u00e9 politique tardif.<\/p>\n<h3>Assaraya al-Hamra<\/h3>\n<p>Cet endroit est autrement connu le ch\u00e2teau rouge. Il a une large cour o\u00f9 se trouvent diff\u00e9rentes statues et sources datant de la p\u00e9riode ottomane. La r\u00e9sidence royale refl\u00e8te le pass\u00e9 v\u00e9rifiable le plus important de la nation, comme l&#039;indique le style de conception de ses structures.<\/p>\n<h3>Dirj<\/h3>\n<p>La ville de Dirj en Libye est un haut lieu de la culture traditionnelle libyenne. Cette jolie ville refl\u00e8te bien mieux la culture libyenne traditionnelle que de nombreuses autres vieilles villes de Libye. Il est consid\u00e9r\u00e9 comme un joli paradis en plein c\u0153ur du d\u00e9sert impitoyable. Dans la ville de Dirj, il y a un vieux village abandonn\u00e9 du vieux Dirj. Des maisons de construction traditionnelle construites il y a de nombreuses ann\u00e9es se trouvent dans ce village.<\/p>\n<h3>Cyr\u00e8ne et Apollonie<\/h3>\n<p>Fond\u00e9e en tant que colonie grecque au VIIe si\u00e8cle avant JC, Cyr\u00e8ne est rapidement devenue l&#039;une des villes les plus riches et les plus vitales du monde hell\u00e9nique avant de passer sous contr\u00f4le ptol\u00e9ma\u00efque puis romain. L&#039;un des complexes de ruines les plus \u00e9tonnants et les plus vari\u00e9s du monde, les points culminants de Cyr\u00e8ne contiennent les temples d&#039;Apollon et de Zeus, l&#039;Agora et l&#039;Acropole, ainsi que son gymnase, ses bains et son th\u00e9\u00e2tre.<\/p>\n<h2>FAQ sur les vols pas chers vers la Libye<\/h2>\n<h3>Quelles compagnies a\u00e9riennes proposent des billets d&#039;avion pas chers vers la Libye ?<\/h3>\n<p>Le point d&#039;atterrissage le plus probable serait l&#039;a\u00e9roport international de Tripoli. Les compagnies a\u00e9riennes desservant cette partie du globe sont : Libyan Airlines, Egypt Airlines, Buraq Air, Afriquiyah Airways, Royal Air Maroc, Turkish Airlines, Tunisair, Syphax Airlines et Royal Jordanian.<\/p>\n<h3>Quels sont les choix de destinations de vol en Libye ?<\/h3>\n<p>Dans l&#039;ensemble, la connectivit\u00e9 des vols en Libye est \u00e9norme. Les 2 principaux a\u00e9roports internationaux op\u00e9rant dans le pays se trouvent \u00e0 Tripoli\u00a0; L&#039;a\u00e9roport international de Tripoli accueille \u00e0 peine environ 100 vols chacun ainsi que dans le monde entier, tandis que l&#039;a\u00e9roport de Mitiga accueille une quarantaine de vols. Benghazi est \u00e9galement un a\u00e9roport international avec environ sept vols internationaux chaque semaine. Un autre endroit libyen accessible \u00e0 l&#039;international est Toburk, avec peu de services locaux et non r\u00e9guliers \u00e0 Misrata, Sabra, Ghadame et Syrte.<\/p>\n<h3>Quand partir en Libye ?<\/h3>\n<p>La Libye a un climat subtropical, avec des \u00e9t\u00e9s chauds et des hivers humides. Les meilleurs vols vers la Libye sont de d\u00e9cembre \u00e0 mai, lorsque la temp\u00e9rature est beaucoup plus froide et que vous pouvez vraiment sortir et profiter de votre s\u00e9jour dans le pays. Il pleut un peu en hiver. Vous pourriez avoir de la chance et visiter une semaine s\u00e8che, ou vous pourriez avoir de la malchance et subir quelques orages. Gardez toujours un \u0153il sur les pr\u00e9visions m\u00e9t\u00e9o et r\u00e9servez directement votre billet d&#039;avion pas cher pour la Libye pour en profiter. Juin \u00e0 octobre est parfait pour explorer les zones c\u00f4ti\u00e8res quand il fait chaud, et se d\u00e9tendre au bord de la plage est tout ce dont vous avez besoin.<\/p>\n<p>Le long de la c\u00f4te m\u00e9diterran\u00e9enne, vous trouverez les bonnes conditions estivales pendant les mois de juin \u00e0 octobre. Des brises marines fra\u00eeches et relaxantes soufflent contre des temp\u00e9ratures moyennes d&#039;environ 27\u00b0C. si ce n&#039;est pas assez chaud pour vous, alors au mois d&#039;avril, vous trouverez un vent chaud connu sous le nom de Ghibli. Ce vent est connu pour apporter des temp\u00e9ratures extr\u00eames qui peuvent g\u00e9n\u00e9ralement atteindre les 40\u00b0C.<\/p>\n<p>Les zones d\u00e9sertiques de la Libye sont r\u00e9put\u00e9es pour \u00eatre parmi les plus extr\u00eames de la plan\u00e8te, et il n&#039;est pas rare que les temp\u00e9ratures atteignent 45\u00b0C le jour et 0\u00b0C le soir. Si vous aimez les zones d\u00e9sertiques, r\u00e9servez votre vol pas cher vers la Libye. Nul doute que vous obtiendrez les offres de vols Libye sur cette grande partie d\u00e9sertique du pays. Ces r\u00e9gions doivent \u00eatre explor\u00e9es avec un guide et beaucoup d&#039;eau douce \u00e0 port\u00e9e de main. Les quelques cha\u00eenes h\u00f4teli\u00e8res internationales pr\u00e9sentes dans le pays proposent des vols en Libye et des r\u00e9ductions sur les h\u00f4tels avec circuit dans le d\u00e9sert.<\/p>\n<h2>Comment g\u00e9rer ses d\u00e9placements en Libye<\/h2>\n<p>Les principaux moyens de transport \u00e0 travers le pays sont les autoroutes reliant les villes, les compagnies de bus exploitant les itin\u00e9raires pour les transports en commun. Parmi les villes et villages, la culture des taxis et minibus partag\u00e9s est tr\u00e8s r\u00e9pandue. Certaines villes et villages ont des services de traversier d\u00e9di\u00e9s \u00e0 leurs visiteurs.<\/p>","protected":false},"excerpt":{"rendered":"<p>Looking for cheap airline ticket to Libya or last minute deals? Search, compare and book cheap Libya flights online now. Book cheap flights to Libya online and save money on airfare. The country of Libya is placed on the Northern side of continent of Africa, it is bordered by Chad, Egypt, Niger and Sudan. With [&hellip;]<\/p>\n","protected":false},"author":1,"featured_media":14041,"parent":0,"menu_order":0,"comment_status":"open","ping_status":"closed","template":"template-home-modern.php","meta":{"footnotes":""},"class_list":["post-11876","page","type-page","status-publish","has-post-thumbnail","hentry"],"yoast_head":"<!-- This site is optimized with the Yoast SEO plugin v27.3 - https:\/\/yoast.com\/product\/yoast-seo-wordpress\/ -->\n<title>Cheap Flights to Libya<\/title>\n<meta name=\"description\" content=\"Looking for cheap flights to\u00a0Libya? Search, compare and book cheap airline ticket from to\u00a0Libya online and save money\" \/>\n<meta name=\"robots\" content=\"index, follow, max-snippet:-1, max-image-preview:large, max-video-preview:-1\" \/>\n<link rel=\"canonical\" href=\"https:\/\/tiketi.com\/fr-fr\/cheap-flights-to-libya\/\" \/>\n<meta property=\"og:locale\" content=\"fr_FR\" \/>\n<meta property=\"og:type\" content=\"article\" \/>\n<meta property=\"og:title\" content=\"Cheap Flights to Libya\" \/>\n<meta property=\"og:description\" content=\"Looking for cheap flights to\u00a0Libya? Search, compare and book cheap airline ticket from to\u00a0Libya online and save money\" \/>\n<meta property=\"og:url\" content=\"https:\/\/tiketi.com\/fr-fr\/cheap-flights-to-libya\/\" \/>\n<meta property=\"og:site_name\" content=\"Tiketi.com\" \/>\n<meta property=\"article:publisher\" content=\"https:\/\/www.facebook.com\/TiketiCom\/\" \/>\n<meta property=\"article:modified_time\" content=\"2022-02-10T12:46:26+00:00\" \/>\n<meta property=\"og:image\" content=\"https:\/\/tiketi.com\/wp-content\/uploads\/2022\/01\/flight-ticket-booking-sorasak-KxCJXXGsv9I-unsplas.jpg\" \/>\n\t<meta property=\"og:image:width\" content=\"1200\" \/>\n\t<meta property=\"og:image:height\" content=\"240\" \/>\n\t<meta property=\"og:image:type\" content=\"image\/jpeg\" \/>\n<meta name=\"twitter:card\" content=\"summary_large_image\" \/>\n<meta name=\"twitter:label1\" content=\"Dur\u00e9e de lecture estim\u00e9e\" \/>\n\t<meta name=\"twitter:data1\" content=\"4 minutes\" \/>\n<script type=\"application\/ld+json\" class=\"yoast-schema-graph\">{\"@context\":\"https:\\\/\\\/schema.org\",\"@graph\":[{\"@type\":\"WebPage\",\"@id\":\"https:\\\/\\\/tiketi.com\\\/sw\\\/cheap-flights-to-libya\\\/\",\"url\":\"https:\\\/\\\/tiketi.com\\\/sw\\\/cheap-flights-to-libya\\\/\",\"name\":\"Cheap Flights to Libya\",\"isPartOf\":{\"@id\":\"https:\\\/\\\/tiketi.com\\\/#website\"},\"primaryImageOfPage\":{\"@id\":\"https:\\\/\\\/tiketi.com\\\/sw\\\/cheap-flights-to-libya\\\/#primaryimage\"},\"image\":{\"@id\":\"https:\\\/\\\/tiketi.com\\\/sw\\\/cheap-flights-to-libya\\\/#primaryimage\"},\"thumbnailUrl\":\"https:\\\/\\\/tiketi.com\\\/wp-content\\\/uploads\\\/2022\\\/01\\\/flight-ticket-booking-sorasak-KxCJXXGsv9I-unsplas.jpg\",\"datePublished\":\"2022-01-19T11:55:19+00:00\",\"dateModified\":\"2022-02-10T12:46:26+00:00\",\"description\":\"Looking for cheap flights to\u00a0Libya? Search, compare and book cheap airline ticket from to\u00a0Libya online and save money\",\"breadcrumb\":{\"@id\":\"https:\\\/\\\/tiketi.com\\\/sw\\\/cheap-flights-to-libya\\\/#breadcrumb\"},\"inLanguage\":\"fr-FR\",\"potentialAction\":[{\"@type\":\"ReadAction\",\"target\":[\"https:\\\/\\\/tiketi.com\\\/sw\\\/cheap-flights-to-libya\\\/\"]}]},{\"@type\":\"ImageObject\",\"inLanguage\":\"fr-FR\",\"@id\":\"https:\\\/\\\/tiketi.com\\\/sw\\\/cheap-flights-to-libya\\\/#primaryimage\",\"url\":\"https:\\\/\\\/tiketi.com\\\/wp-content\\\/uploads\\\/2022\\\/01\\\/flight-ticket-booking-sorasak-KxCJXXGsv9I-unsplas.jpg\",\"contentUrl\":\"https:\\\/\\\/tiketi.com\\\/wp-content\\\/uploads\\\/2022\\\/01\\\/flight-ticket-booking-sorasak-KxCJXXGsv9I-unsplas.jpg\",\"width\":1200,\"height\":240,\"caption\":\"Online flight ticket booking\"},{\"@type\":\"BreadcrumbList\",\"@id\":\"https:\\\/\\\/tiketi.com\\\/sw\\\/cheap-flights-to-libya\\\/#breadcrumb\",\"itemListElement\":[{\"@type\":\"ListItem\",\"position\":1,\"name\":\"Home\",\"item\":\"https:\\\/\\\/tiketi.com\\\/\"},{\"@type\":\"ListItem\",\"position\":2,\"name\":\"Cheap Flights to Libya\"}]},{\"@type\":\"WebSite\",\"@id\":\"https:\\\/\\\/tiketi.com\\\/#website\",\"url\":\"https:\\\/\\\/tiketi.com\\\/\",\"name\":\"Flight & Bus Tickets, Tour Packages & Activitites - Tiketi.com\",\"description\":\"Flight &amp; Bus Tickets, Tours, Activitites\",\"publisher\":{\"@id\":\"https:\\\/\\\/tiketi.com\\\/#organization\"},\"potentialAction\":[{\"@type\":\"SearchAction\",\"target\":{\"@type\":\"EntryPoint\",\"urlTemplate\":\"https:\\\/\\\/tiketi.com\\\/?s={search_term_string}\"},\"query-input\":{\"@type\":\"PropertyValueSpecification\",\"valueRequired\":true,\"valueName\":\"search_term_string\"}}],\"inLanguage\":\"fr-FR\"},{\"@type\":\"Organization\",\"@id\":\"https:\\\/\\\/tiketi.com\\\/#organization\",\"name\":\"Tiketi.com\",\"alternateName\":\"Tiketi\",\"url\":\"https:\\\/\\\/tiketi.com\\\/\",\"logo\":{\"@type\":\"ImageObject\",\"inLanguage\":\"fr-FR\",\"@id\":\"https:\\\/\\\/tiketi.com\\\/#\\\/schema\\\/logo\\\/image\\\/\",\"url\":\"https:\\\/\\\/tiketi.com\\\/wp-content\\\/uploads\\\/2019\\\/05\\\/tiketi-logo-696.png\",\"contentUrl\":\"https:\\\/\\\/tiketi.com\\\/wp-content\\\/uploads\\\/2019\\\/05\\\/tiketi-logo-696.png\",\"width\":696,\"height\":696,\"caption\":\"Tiketi.com\"},\"image\":{\"@id\":\"https:\\\/\\\/tiketi.com\\\/#\\\/schema\\\/logo\\\/image\\\/\"},\"sameAs\":[\"https:\\\/\\\/www.facebook.com\\\/TiketiCom\\\/\"]}]}<\/script>\n<!-- \/ Yoast SEO plugin. -->","yoast_head_json":{"title":"Vols pas chers vers Libye","description":"Vous recherchez des vols pas chers vers la Libye ? Recherchez, comparez et r\u00e9servez en ligne un billet d&#039;avion pas cher de vers la Libye et \u00e9conomisez de l&#039;argent","robots":{"index":"index","follow":"follow","max-snippet":"max-snippet:-1","max-image-preview":"max-image-preview:large","max-video-preview":"max-video-preview:-1"},"canonical":"https:\/\/tiketi.com\/fr-fr\/cheap-flights-to-libya\/","og_locale":"fr_FR","og_type":"article","og_title":"Cheap Flights to Libya","og_description":"Looking for cheap flights to\u00a0Libya? Search, compare and book cheap airline ticket from to\u00a0Libya online and save money","og_url":"https:\/\/tiketi.com\/fr-fr\/cheap-flights-to-libya\/","og_site_name":"Tiketi.com","article_publisher":"https:\/\/www.facebook.com\/TiketiCom\/","article_modified_time":"2022-02-10T12:46:26+00:00","og_image":[{"width":1200,"height":240,"url":"https:\/\/tiketi.com\/wp-content\/uploads\/2022\/01\/flight-ticket-booking-sorasak-KxCJXXGsv9I-unsplas.jpg","type":"image\/jpeg"}],"twitter_card":"summary_large_image","twitter_misc":{"Dur\u00e9e de lecture estim\u00e9e":"4 minutes"},"schema":{"@context":"https:\/\/schema.org","@graph":[{"@type":"WebPage","@id":"https:\/\/tiketi.com\/sw\/cheap-flights-to-libya\/","url":"https:\/\/tiketi.com\/sw\/cheap-flights-to-libya\/","name":"Vols pas chers vers Libye","isPartOf":{"@id":"https:\/\/tiketi.com\/#website"},"primaryImageOfPage":{"@id":"https:\/\/tiketi.com\/sw\/cheap-flights-to-libya\/#primaryimage"},"image":{"@id":"https:\/\/tiketi.com\/sw\/cheap-flights-to-libya\/#primaryimage"},"thumbnailUrl":"https:\/\/tiketi.com\/wp-content\/uploads\/2022\/01\/flight-ticket-booking-sorasak-KxCJXXGsv9I-unsplas.jpg","datePublished":"2022-01-19T11:55:19+00:00","dateModified":"2022-02-10T12:46:26+00:00","description":"Vous recherchez des vols pas chers vers la Libye ? Recherchez, comparez et r\u00e9servez en ligne un billet d&#039;avion pas cher de vers la Libye et \u00e9conomisez de l&#039;argent","breadcrumb":{"@id":"https:\/\/tiketi.com\/sw\/cheap-flights-to-libya\/#breadcrumb"},"inLanguage":"fr-FR","potentialAction":[{"@type":"ReadAction","target":["https:\/\/tiketi.com\/sw\/cheap-flights-to-libya\/"]}]},{"@type":"ImageObject","inLanguage":"fr-FR","@id":"https:\/\/tiketi.com\/sw\/cheap-flights-to-libya\/#primaryimage","url":"https:\/\/tiketi.com\/wp-content\/uploads\/2022\/01\/flight-ticket-booking-sorasak-KxCJXXGsv9I-unsplas.jpg","contentUrl":"https:\/\/tiketi.com\/wp-content\/uploads\/2022\/01\/flight-ticket-booking-sorasak-KxCJXXGsv9I-unsplas.jpg","width":1200,"height":240,"caption":"Online flight ticket booking"},{"@type":"BreadcrumbList","@id":"https:\/\/tiketi.com\/sw\/cheap-flights-to-libya\/#breadcrumb","itemListElement":[{"@type":"ListItem","position":1,"name":"Home","item":"https:\/\/tiketi.com\/"},{"@type":"ListItem","position":2,"name":"Cheap Flights to Libya"}]},{"@type":"WebSite","@id":"https:\/\/tiketi.com\/#website","url":"https:\/\/tiketi.com\/","name":"Billets d&#039;avion et de bus, forfaits touristiques et activit\u00e9s - Tiketi.com","description":"Billets d&#039;avion et de bus, Tours, Activit\u00e9s","publisher":{"@id":"https:\/\/tiketi.com\/#organization"},"potentialAction":[{"@type":"SearchAction","target":{"@type":"EntryPoint","urlTemplate":"https:\/\/tiketi.com\/?s={search_term_string}"},"query-input":{"@type":"PropertyValueSpecification","valueRequired":true,"valueName":"search_term_string"}}],"inLanguage":"fr-FR"},{"@type":"Organization","@id":"https:\/\/tiketi.com\/#organization","name":"Tiketi.com","alternateName":"Tiketi","url":"https:\/\/tiketi.com\/","logo":{"@type":"ImageObject","inLanguage":"fr-FR","@id":"https:\/\/tiketi.com\/#\/schema\/logo\/image\/","url":"https:\/\/tiketi.com\/wp-content\/uploads\/2019\/05\/tiketi-logo-696.png","contentUrl":"https:\/\/tiketi.com\/wp-content\/uploads\/2019\/05\/tiketi-logo-696.png","width":696,"height":696,"caption":"Tiketi.com"},"image":{"@id":"https:\/\/tiketi.com\/#\/schema\/logo\/image\/"},"sameAs":["https:\/\/www.facebook.com\/TiketiCom\/"]}]}},"_links":{"self":[{"href":"https:\/\/tiketi.com\/fr-fr\/wp-json\/wp\/v2\/pages\/11876","targetHints":{"allow":["GET"]}}],"collection":[{"href":"https:\/\/tiketi.com\/fr-fr\/wp-json\/wp\/v2\/pages"}],"about":[{"href":"https:\/\/tiketi.com\/fr-fr\/wp-json\/wp\/v2\/types\/page"}],"author":[{"embeddable":true,"href":"https:\/\/tiketi.com\/fr-fr\/wp-json\/wp\/v2\/users\/1"}],"replies":[{"embeddable":true,"href":"https:\/\/tiketi.com\/fr-fr\/wp-json\/wp\/v2\/comments?post=11876"}],"version-history":[{"count":0,"href":"https:\/\/tiketi.com\/fr-fr\/wp-json\/wp\/v2\/pages\/11876\/revisions"}],"wp:featuredmedia":[{"embeddable":true,"href":"https:\/\/tiketi.com\/fr-fr\/wp-json\/wp\/v2\/media\/14041"}],"wp:attachment":[{"href":"https:\/\/tiketi.com\/fr-fr\/wp-json\/wp\/v2\/media?parent=11876"}],"curies":[{"name":"wp","href":"https:\/\/api.w.org\/{rel}","templated":true}]}}