{"id":11877,"date":"2022-01-19T12:55:19","date_gmt":"2022-01-19T11:55:19","guid":{"rendered":"https:\/\/new.tiketi.com\/cheap-flights-from-nairobi-to-lagos\/"},"modified":"2022-02-09T14:39:00","modified_gmt":"2022-02-09T13:39:00","slug":"flights-nairobi-lagos-nbo-los","status":"publish","type":"page","link":"https:\/\/tiketi.com\/fr-fr\/flights-nairobi-lagos-nbo-los\/","title":{"rendered":"Vols pas chers de Nairobi \u00e0 Lagos"},"content":{"rendered":"<h2>Vous cherchez un billet d&#039;avion pas cher \u00e0 partir de Nairobi pour Lagos ou des offres de derni\u00e8re minute ?<\/h2>\n<h3>Cherchez, comparez et r\u00e9servez un billet d&#039;avion pas cher de Nairobi (NBO) \u00e0 Lagos (LOS), Nig\u00e9ria<span style=\"font-size: 16px;\">\u00a0<\/span>maintenant en ligne.<\/h3>\n<p>R\u00e9servez des vols pas chers de Nairobi \u00e0 Lagos en ligne et \u00e9conomisez de l&#039;argent sur les billets d&#039;avion en toute confiance sur Tiketi.com. Lagos a quelque chose pour chaque personne. Ainsi, si vous \u00eates seul \u00e0 Lagos, avec votre famille, vos amis et votre partenaire, il existe de nombreuses activit\u00e9s \u00e0 pratiquer et des lieux \u00e0 visiter pour rendre votre s\u00e9jour amusant et int\u00e9ressant. Site Web unique pour les tarifs a\u00e9riens et les billets d&#039;avion \u00e0 bas prix de Nairobi \u00e0 Lagos, Nigeria.<\/p>\n<h3>Visitez le mus\u00e9e national<\/h3>\n<p>Vous ne saurez peut-\u00eatre pas grand-chose sur l&#039;histoire du Nigeria jusqu&#039;\u00e0 ce que vous visitiez le mus\u00e9e national situ\u00e9 autour du Muson Center \u00e0 Onikan. Le mus\u00e9e national est un lieu d&#039;importance culturelle et historique dans le pays, car il poss\u00e8de une magnifique collection d&#039;art nig\u00e9rian, notamment des expositions arch\u00e9ologiques, de sculptures, de statuaire et ethnographiques. De plus, c&#039;est l&#039;occasion de prendre de superbes selfies ici si vous \u00eates du genre \u00e0 prendre des photos.<\/p>\n<h3>Visitez la ville de Festac<\/h3>\n<p>La ville de Festac a \u00e9t\u00e9 construite pour les participants aux festivals de culture et d&#039;art en 1977. La ville poss\u00e8de un patrimoine culturel de premier ordre et constitue le meilleur endroit \u00e0 visiter pour les personnes souhaitant explorer Lagos.<\/p>\n<h3>Nouvel Afrika Sanctuaire<\/h3>\n<p>Apr\u00e8s avoir \u00e9t\u00e9 modernis\u00e9 et transform\u00e9 par les enfants populaires de Felas, le sanctuaire New Afrika est un sanctuaire amusant, un lieu o\u00f9 s&#039;amuser pour les amateurs de divertissement. Vous pouvez vous rendre au sanctuaire jeudi soir pour un spectacle ouvert avec Femi Kuti.<\/p>\n<h2>FAQ sur les vols pas chers de Nairobi \u00e0 Lagos (LOS), Nig\u00e9ria<\/h2>\n<h3>Quelle est la distance entre Nairobi et Lagos en avion ?<\/h3>\n<p>L&#039;a\u00e9roport le plus proche de Nairobi est l&#039;a\u00e9roport international Jomo Kenyatta et l&#039;a\u00e9roport le plus proche de Lagos est l&#039;a\u00e9roport Murtala Muhammad.<\/p>\n<p>La distance des vols les moins chers de Nairobi \u00e0 Lagos (LOS), Nigeria est d&#039;environ 3840.<\/p>\n<h3>Quelle est l&#039;heure du vol de Lagos \u00e0 Nairobi ?<\/h3>\n<p>La dur\u00e9e du vol sans escale de Nairobi \u00e0 Lagos, au Nigeria, est d&#039;environ cinq heures et quinze minutes.<\/p>\n<p>Il s&#039;agit de la dur\u00e9e moyenne d&#039;un vol sans escale entre Lagos et l&#039;un des grands a\u00e9roports qui dessert Nairobi.<\/p>\n<h3>Combien de compagnies a\u00e9riennes proposent des billets d&#039;avion pas chers directs entre Nairobi et Lagos ?<\/h3>\n<p>Il existe une seule compagnie a\u00e9rienne qui propose des billets d&#039;avion pas chers directs de Nairobi \u00e0 Lagos.<\/p>\n<h3>Quelle est la compagnie a\u00e9rienne la plus c\u00e9l\u00e8bre entre Lagos et Nairobi ?<\/h3>\n<p>La compagnie a\u00e9rienne la plus c\u00e9l\u00e8bre proposant des vols pas chers de Nairobi \u00e0 Lagos est RwandAir.<\/p>\n<h2>Conseils pour les vols pas chers de Nairobi \u00e0 Lagos<\/h2>\n<p>\u2022 Nairobi, au Kenya, est \u00e0 3\u00a0835\u00a0km de Lagos.<\/p>\n<p>\u2022 Deux vols sans escale de Nairobi \u00e0 Lagos sont assur\u00e9s de Nairobi \u00e0 Lagos.<\/p>\n<p>\u2022 Kenya Airways propose le plus de vols sans escale entre Nairobi et Lagos (LOS), Nigeria.<\/p>\n<p>\u2022 Paris, France \u2013 L&#039;a\u00e9roport Charles De Gaulle est la liaison la plus c\u00e9l\u00e8bre pour les vols \u00e0 escale entre Lagos et Nairobi.<\/p>\n<p>\u2022 Le premier vol de la journ\u00e9e part \u00e0 17h45. Le dernier vol de la journ\u00e9e part \u00e0 14h45.<\/p>","protected":false},"excerpt":{"rendered":"<p>Looking for cheap airline ticket from Nairobi to Lagos\u00a0or last minute deals? Search, compare and book cheap airline ticket from Nairobi (NBO) to Lagos (LOS), Nigeria\u00a0online now. Book cheap flights from Nairobi to Lagos online and save money on airfare with confidence on Tiketi.com. Lagos has something for every person. So, if you are in [&hellip;]<\/p>\n","protected":false},"author":1,"featured_media":18043,"parent":0,"menu_order":0,"comment_status":"open","ping_status":"closed","template":"template-home-modern.php","meta":{"footnotes":""},"class_list":["post-11877","page","type-page","status-publish","has-post-thumbnail","hentry"],"yoast_head":"<!-- This site is optimized with the Yoast SEO plugin v27.2 - https:\/\/yoast.com\/product\/yoast-seo-wordpress\/ -->\n<title>Cheap Flights from\u00a0Nairobi to Lagos<\/title>\n<meta name=\"description\" content=\"Looking for cheap flights from\u00a0Nairobi to Lagos? Search, compare and book cheap airline ticket from Nairobi to Lagos online\" \/>\n<meta name=\"robots\" content=\"index, follow, max-snippet:-1, max-image-preview:large, max-video-preview:-1\" \/>\n<link rel=\"canonical\" href=\"https:\/\/tiketi.com\/fr-fr\/flights-nairobi-lagos-nbo-los\/\" \/>\n<meta property=\"og:locale\" content=\"fr_FR\" \/>\n<meta property=\"og:type\" content=\"article\" \/>\n<meta property=\"og:title\" content=\"Cheap Flights from\u00a0Nairobi to Lagos\" \/>\n<meta property=\"og:description\" content=\"Looking for cheap flights from\u00a0Nairobi to Lagos? Search, compare and book cheap airline ticket from Nairobi to Lagos online\" \/>\n<meta property=\"og:url\" content=\"https:\/\/tiketi.com\/fr-fr\/flights-nairobi-lagos-nbo-los\/\" \/>\n<meta property=\"og:site_name\" content=\"Tiketi.com\" \/>\n<meta property=\"article:publisher\" content=\"https:\/\/www.facebook.com\/TiketiCom\/\" \/>\n<meta property=\"article:modified_time\" content=\"2022-02-09T13:39:00+00:00\" \/>\n<meta property=\"og:image\" content=\"https:\/\/tiketi.com\/wp-content\/uploads\/2022\/02\/lagos-nigeria-nupo-deyon-daniel-67ruAEYmp4c-u.jpg\" \/>\n\t<meta property=\"og:image:width\" content=\"1200\" \/>\n\t<meta property=\"og:image:height\" content=\"202\" \/>\n\t<meta property=\"og:image:type\" content=\"image\/jpeg\" \/>\n<meta name=\"twitter:card\" content=\"summary_large_image\" \/>\n<meta name=\"twitter:label1\" content=\"Dur\u00e9e de lecture estim\u00e9e\" \/>\n\t<meta name=\"twitter:data1\" content=\"3 minutes\" \/>\n<script type=\"application\/ld+json\" class=\"yoast-schema-graph\">{\"@context\":\"https:\/\/schema.org\",\"@graph\":[{\"@type\":\"WebPage\",\"@id\":\"https:\/\/tiketi.com\/flights-nairobi-lagos-nbo-los\/\",\"url\":\"https:\/\/tiketi.com\/flights-nairobi-lagos-nbo-los\/\",\"name\":\"Cheap Flights from\u00a0Nairobi to Lagos\",\"isPartOf\":{\"@id\":\"https:\/\/tiketi.com\/#website\"},\"primaryImageOfPage\":{\"@id\":\"https:\/\/tiketi.com\/flights-nairobi-lagos-nbo-los\/#primaryimage\"},\"image\":{\"@id\":\"https:\/\/tiketi.com\/flights-nairobi-lagos-nbo-los\/#primaryimage\"},\"thumbnailUrl\":\"https:\/\/tiketi.com\/wp-content\/uploads\/2022\/02\/lagos-nigeria-nupo-deyon-daniel-67ruAEYmp4c-u.jpg\",\"datePublished\":\"2022-01-19T11:55:19+00:00\",\"dateModified\":\"2022-02-09T13:39:00+00:00\",\"description\":\"Looking for cheap flights from\u00a0Nairobi to Lagos? Search, compare and book cheap airline ticket from Nairobi to Lagos online\",\"breadcrumb\":{\"@id\":\"https:\/\/tiketi.com\/flights-nairobi-lagos-nbo-los\/#breadcrumb\"},\"inLanguage\":\"fr-FR\",\"potentialAction\":[{\"@type\":\"ReadAction\",\"target\":[\"https:\/\/tiketi.com\/flights-nairobi-lagos-nbo-los\/\"]}]},{\"@type\":\"ImageObject\",\"inLanguage\":\"fr-FR\",\"@id\":\"https:\/\/tiketi.com\/flights-nairobi-lagos-nbo-los\/#primaryimage\",\"url\":\"https:\/\/tiketi.com\/wp-content\/uploads\/2022\/02\/lagos-nigeria-nupo-deyon-daniel-67ruAEYmp4c-u.jpg\",\"contentUrl\":\"https:\/\/tiketi.com\/wp-content\/uploads\/2022\/02\/lagos-nigeria-nupo-deyon-daniel-67ruAEYmp4c-u.jpg\",\"width\":1200,\"height\":202,\"caption\":\"Air Taxi in Lagos Nigeria Booking\"},{\"@type\":\"BreadcrumbList\",\"@id\":\"https:\/\/tiketi.com\/flights-nairobi-lagos-nbo-los\/#breadcrumb\",\"itemListElement\":[{\"@type\":\"ListItem\",\"position\":1,\"name\":\"Home\",\"item\":\"https:\/\/tiketi.com\/\"},{\"@type\":\"ListItem\",\"position\":2,\"name\":\"Cheap Flights from\u00a0Nairobi to Lagos\"}]},{\"@type\":\"WebSite\",\"@id\":\"https:\/\/tiketi.com\/#website\",\"url\":\"https:\/\/tiketi.com\/\",\"name\":\"Flight & Bus Tickets, Tour Packages & Activitites - Tiketi.com\",\"description\":\"Flight &amp; Bus Tickets, Tours, Activitites\",\"publisher\":{\"@id\":\"https:\/\/tiketi.com\/#organization\"},\"potentialAction\":[{\"@type\":\"SearchAction\",\"target\":{\"@type\":\"EntryPoint\",\"urlTemplate\":\"https:\/\/tiketi.com\/?s={search_term_string}\"},\"query-input\":{\"@type\":\"PropertyValueSpecification\",\"valueRequired\":true,\"valueName\":\"search_term_string\"}}],\"inLanguage\":\"fr-FR\"},{\"@type\":\"Organization\",\"@id\":\"https:\/\/tiketi.com\/#organization\",\"name\":\"Tiketi.com\",\"alternateName\":\"Tiketi\",\"url\":\"https:\/\/tiketi.com\/\",\"logo\":{\"@type\":\"ImageObject\",\"inLanguage\":\"fr-FR\",\"@id\":\"https:\/\/tiketi.com\/#\/schema\/logo\/image\/\",\"url\":\"https:\/\/tiketi.com\/wp-content\/uploads\/2019\/05\/tiketi-logo-696.png\",\"contentUrl\":\"https:\/\/tiketi.com\/wp-content\/uploads\/2019\/05\/tiketi-logo-696.png\",\"width\":696,\"height\":696,\"caption\":\"Tiketi.com\"},\"image\":{\"@id\":\"https:\/\/tiketi.com\/#\/schema\/logo\/image\/\"},\"sameAs\":[\"https:\/\/www.facebook.com\/TiketiCom\/\"]}]}<\/script>\n<!-- \/ Yoast SEO plugin. -->","yoast_head_json":{"title":"Vols pas chers de Nairobi \u00e0 Lagos","description":"Vous recherchez des vols \u00e0 bas prix au Nairobi vers Lagos? Recherchez, comparez et r\u00e9servez un billet d&#039;avion pas cher de Nairobi \u00e0 Lagos en ligne","robots":{"index":"index","follow":"follow","max-snippet":"max-snippet:-1","max-image-preview":"max-image-preview:large","max-video-preview":"max-video-preview:-1"},"canonical":"https:\/\/tiketi.com\/fr-fr\/flights-nairobi-lagos-nbo-los\/","og_locale":"fr_FR","og_type":"article","og_title":"Cheap Flights from\u00a0Nairobi to Lagos","og_description":"Looking for cheap flights from\u00a0Nairobi to Lagos? Search, compare and book cheap airline ticket from Nairobi to Lagos online","og_url":"https:\/\/tiketi.com\/fr-fr\/flights-nairobi-lagos-nbo-los\/","og_site_name":"Tiketi.com","article_publisher":"https:\/\/www.facebook.com\/TiketiCom\/","article_modified_time":"2022-02-09T13:39:00+00:00","og_image":[{"width":1200,"height":202,"url":"https:\/\/tiketi.com\/wp-content\/uploads\/2022\/02\/lagos-nigeria-nupo-deyon-daniel-67ruAEYmp4c-u.jpg","type":"image\/jpeg"}],"twitter_card":"summary_large_image","twitter_misc":{"Dur\u00e9e de lecture estim\u00e9e":"3 minutes"},"schema":{"@context":"https:\/\/schema.org","@graph":[{"@type":"WebPage","@id":"https:\/\/tiketi.com\/flights-nairobi-lagos-nbo-los\/","url":"https:\/\/tiketi.com\/flights-nairobi-lagos-nbo-los\/","name":"Vols pas chers de Nairobi \u00e0 Lagos","isPartOf":{"@id":"https:\/\/tiketi.com\/#website"},"primaryImageOfPage":{"@id":"https:\/\/tiketi.com\/flights-nairobi-lagos-nbo-los\/#primaryimage"},"image":{"@id":"https:\/\/tiketi.com\/flights-nairobi-lagos-nbo-los\/#primaryimage"},"thumbnailUrl":"https:\/\/tiketi.com\/wp-content\/uploads\/2022\/02\/lagos-nigeria-nupo-deyon-daniel-67ruAEYmp4c-u.jpg","datePublished":"2022-01-19T11:55:19+00:00","dateModified":"2022-02-09T13:39:00+00:00","description":"Vous recherchez des vols \u00e0 bas prix au Nairobi vers Lagos? Recherchez, comparez et r\u00e9servez un billet d&#039;avion pas cher de Nairobi \u00e0 Lagos en ligne","breadcrumb":{"@id":"https:\/\/tiketi.com\/flights-nairobi-lagos-nbo-los\/#breadcrumb"},"inLanguage":"fr-FR","potentialAction":[{"@type":"ReadAction","target":["https:\/\/tiketi.com\/flights-nairobi-lagos-nbo-los\/"]}]},{"@type":"ImageObject","inLanguage":"fr-FR","@id":"https:\/\/tiketi.com\/flights-nairobi-lagos-nbo-los\/#primaryimage","url":"https:\/\/tiketi.com\/wp-content\/uploads\/2022\/02\/lagos-nigeria-nupo-deyon-daniel-67ruAEYmp4c-u.jpg","contentUrl":"https:\/\/tiketi.com\/wp-content\/uploads\/2022\/02\/lagos-nigeria-nupo-deyon-daniel-67ruAEYmp4c-u.jpg","width":1200,"height":202,"caption":"Air Taxi in Lagos Nigeria Booking"},{"@type":"BreadcrumbList","@id":"https:\/\/tiketi.com\/flights-nairobi-lagos-nbo-los\/#breadcrumb","itemListElement":[{"@type":"ListItem","position":1,"name":"Home","item":"https:\/\/tiketi.com\/"},{"@type":"ListItem","position":2,"name":"Cheap Flights from\u00a0Nairobi to Lagos"}]},{"@type":"WebSite","@id":"https:\/\/tiketi.com\/#website","url":"https:\/\/tiketi.com\/","name":"Billets d&#039;avion et de bus, forfaits touristiques et activit\u00e9s - Tiketi.com","description":"Billets d&#039;avion et de bus, Tours, Activit\u00e9s","publisher":{"@id":"https:\/\/tiketi.com\/#organization"},"potentialAction":[{"@type":"SearchAction","target":{"@type":"EntryPoint","urlTemplate":"https:\/\/tiketi.com\/?s={search_term_string}"},"query-input":{"@type":"PropertyValueSpecification","valueRequired":true,"valueName":"search_term_string"}}],"inLanguage":"fr-FR"},{"@type":"Organization","@id":"https:\/\/tiketi.com\/#organization","name":"Tiketi.com","alternateName":"Tiketi","url":"https:\/\/tiketi.com\/","logo":{"@type":"ImageObject","inLanguage":"fr-FR","@id":"https:\/\/tiketi.com\/#\/schema\/logo\/image\/","url":"https:\/\/tiketi.com\/wp-content\/uploads\/2019\/05\/tiketi-logo-696.png","contentUrl":"https:\/\/tiketi.com\/wp-content\/uploads\/2019\/05\/tiketi-logo-696.png","width":696,"height":696,"caption":"Tiketi.com"},"image":{"@id":"https:\/\/tiketi.com\/#\/schema\/logo\/image\/"},"sameAs":["https:\/\/www.facebook.com\/TiketiCom\/"]}]}},"_links":{"self":[{"href":"https:\/\/tiketi.com\/fr-fr\/wp-json\/wp\/v2\/pages\/11877","targetHints":{"allow":["GET"]}}],"collection":[{"href":"https:\/\/tiketi.com\/fr-fr\/wp-json\/wp\/v2\/pages"}],"about":[{"href":"https:\/\/tiketi.com\/fr-fr\/wp-json\/wp\/v2\/types\/page"}],"author":[{"embeddable":true,"href":"https:\/\/tiketi.com\/fr-fr\/wp-json\/wp\/v2\/users\/1"}],"replies":[{"embeddable":true,"href":"https:\/\/tiketi.com\/fr-fr\/wp-json\/wp\/v2\/comments?post=11877"}],"version-history":[{"count":0,"href":"https:\/\/tiketi.com\/fr-fr\/wp-json\/wp\/v2\/pages\/11877\/revisions"}],"wp:featuredmedia":[{"embeddable":true,"href":"https:\/\/tiketi.com\/fr-fr\/wp-json\/wp\/v2\/media\/18043"}],"wp:attachment":[{"href":"https:\/\/tiketi.com\/fr-fr\/wp-json\/wp\/v2\/media?parent=11877"}],"curies":[{"name":"wp","href":"https:\/\/api.w.org\/{rel}","templated":true}]}}