{"id":11878,"date":"2022-01-19T12:55:19","date_gmt":"2022-01-19T11:55:19","guid":{"rendered":"https:\/\/new.tiketi.com\/cheap-flights-from-johannesburg-to-windhoek\/"},"modified":"2022-02-08T16:38:22","modified_gmt":"2022-02-08T15:38:22","slug":"flights-johannesburg-windhoek-jnb-wdh","status":"publish","type":"page","link":"https:\/\/tiketi.com\/fr-fr\/flights-johannesburg-windhoek-jnb-wdh\/","title":{"rendered":"Vols pas chers de Johannesbourg \u00e0 Windhoek"},"content":{"rendered":"<h2>Vous cherchez un billet d&#039;avion pas cher \u00e0 partir de Johannesbourg pour Windhoek ou des offres de derni\u00e8re minute ?<\/h2>\n<h3>Recherchez, comparez et r\u00e9servez d\u00e8s maintenant un billet d&#039;avion pas cher de Johannesbourg (JNB) \u00e0 Windhoek (WDH) en ligne.<\/h3>\n<p>R\u00e9servez des vols pas chers de Johannesbourg \u00e0 Windhoek en ligne et \u00e9conomisez de l&#039;argent sur les tarifs a\u00e9riens. Windhoek est la capitale de la Namibie, situ\u00e9e dans les hauts plateaux du centre du pays. Si vous disposez d\u2019un temps pr\u00e9cieux, voici les principales attractions \u00e0 d\u00e9couvrir dans l\u2019une des villes les plus propres d\u2019Afrique. Visitez Windhoek gr\u00e2ce \u00e0 des offres exceptionnelles sur les billets d&#039;avion de Johannesburg \u00e0 Windhoek et volez des vols de Johannesburg \u00e0 Windhoek pas chers.<\/p>\n<h2>Voici quelques-unes des meilleures attractions de Londres<\/h2>\n<h3>Christuskirche (\u00c9glise du Christ)<\/h3>\n<p>Cette \u00e9glise luth\u00e9rienne historique est l&#039;une des meilleures attractions de la ville. Son style architectural Art Nouveau et ses vitraux sont tr\u00e8s attrayants et les visiteurs peuvent simplement admirer le b\u00e2timent ou r\u00e9server une visite guid\u00e9e.<\/p>\n<h3>Acre des H\u00e9ros<\/h3>\n<p>Ce monument c\u00e9l\u00e8bre l\u2019identit\u00e9 nationale et l\u2019ind\u00e9pendance de la Namibie et a \u00e9t\u00e9, ironiquement, con\u00e7u par la Cor\u00e9e du Nord. L&#039;imposante statue repr\u00e9sente tous les compatriotes morts dans la lutte pour l&#039;ind\u00e9pendance contre la domination coloniale et se dresse sur un terrain sanctifi\u00e9.<\/p>\n<h3>Jardins du Parlement<\/h3>\n<p>Windhoek est r\u00e9put\u00e9e pour \u00eatre la ville la plus propre d&#039;Afrique et c&#039;est un plaisir absolu de se pr\u00e9lasser dans l&#039;un de ses parcs immacul\u00e9s et luxuriants. Les jardins du Parlement sont petits mais paisibles et abritent le premier moment post-ind\u00e9pendance de la Namibie, une statue en bronze d&#039;Hosea Kutako.<\/p>\n<h3>R\u00e9serve naturelle du barrage d&#039;Avis<\/h3>\n<p>Situ\u00e9 \u00e0 la p\u00e9riph\u00e9rie de Windhoek, ce petit barrage a \u00e9t\u00e9 construit en 1933 par les colonialistes sud-africains. C&#039;est un endroit remarquable pour \u00e9chapper aux bruits de la ville pour un blanc et est dot\u00e9 d&#039;oiseaux color\u00e9s et abondants.<\/p>\n<h2>FAQ sur les vols pas chers de Johannesbourg \u00e0 Windhoek<\/h2>\n<h3>Quelle est la dur\u00e9e du vol entre Johannesbourg et Windhoek ?<\/h3>\n<p>Les vols directs de Johannesburg \u00e0 Windhoek durent environ deux heures.<\/p>\n<h3>Quelle est la dur\u00e9e du vol de Johannesbourg \u00e0 Windhoek ?<\/h3>\n<p>Votre trajet prendra environ deux heures. Votre vol couvrira une distance d&#039;environ 724 kilom\u00e8tres.<\/p>\n<h3>En moyenne, combien de vols pas chers de Johannesbourg \u00e0 Windhoek d\u00e9collent chaque jour ?<\/h3>\n<p>37 vols d\u00e9collent de Johannesbourg vers Windhoek par jour en moyenne.<\/p>\n<p>\u2022 T\u00f4t le matin \u2013 huit pour cent des d\u00e9parts de vols<\/p>\n<p>\u2022 Matin \u2013 quarante-six pour cent des d\u00e9parts de vols<\/p>\n<p>\u2022 Apr\u00e8s-midi\u00a0:\u00a022\u00a0% des d\u00e9parts de vols<\/p>\n<p>\u2022 Soir \u2013 vingt-quatre pour cent des d\u00e9parts de vols<\/p>\n<h3>Quelles compagnies a\u00e9riennes proposent des billets d&#039;avion de Johannesbourg \u00e0 Windhoek ?<\/h3>\n<p>South African Airways, Air Namibia et British Airways proposent toutes des billets d&#039;avion directs et bon march\u00e9 de Johannesburg \u00e0 Windhoek.<\/p>\n<h3>Quels a\u00e9roports desservent le trajet de Johannesbourg \u00e0 Windhoek ?<\/h3>\n<p>La plupart des vols de Johannesburg \u00e0 Windhoek d\u00e9collent de l\u2019a\u00e9roport international de Tambo. Vous pourriez \u00e9galement trouver des vols \u00e9tranges \u00e0 partir d\u2019un artefact priv\u00e9 connu sous le nom d\u2019a\u00e9roport international de Lanceria. Tous les vols volent et atterrissent \u00e0 l\u2019a\u00e9roport international d\u2019Os\u00e9e \u00e0 Windhoek.<\/p>\n<h3>Quelle est la fr\u00e9quence des vols entre Johannesbourg et Windhoek ?<\/h3>\n<p>Jusqu&#039;\u00e0 six vols directs d\u00e9collent par jour.<\/p>\n<p>&nbsp;<\/p>","protected":false},"excerpt":{"rendered":"<p>Looking for cheap airline ticket from Johannesburg to Windhoek&nbsp;or last minute deals? Search, compare and book cheap airline ticket from Johannesburg (JNB) to Windhoek (WDH) online now. Book cheap flights from Johannesburg to Windhoek online and save money on airfare. Windhoek is the Namibia capital, in the country&#8217;s central highlands. If you find yourself with [&hellip;]<\/p>\n","protected":false},"author":1,"featured_media":14041,"parent":0,"menu_order":0,"comment_status":"open","ping_status":"closed","template":"template-home-modern.php","meta":{"footnotes":""},"class_list":["post-11878","page","type-page","status-publish","has-post-thumbnail","hentry"],"yoast_head":"<!-- This site is optimized with the Yoast SEO plugin v27.3 - https:\/\/yoast.com\/product\/yoast-seo-wordpress\/ -->\n<title>Cheap Flights from\u00a0Johannesburg to Windhoek<\/title>\n<meta name=\"description\" content=\"Looking for cheap flights from\u00a0Johannesburg to Windhoek? Search, compare and book cheap airline ticket from Johannesburg to Windhoek online\" \/>\n<meta name=\"robots\" content=\"index, follow, max-snippet:-1, max-image-preview:large, max-video-preview:-1\" \/>\n<link rel=\"canonical\" href=\"https:\/\/tiketi.com\/fr-fr\/flights-johannesburg-windhoek-jnb-wdh\/\" \/>\n<meta property=\"og:locale\" content=\"fr_FR\" \/>\n<meta property=\"og:type\" content=\"article\" \/>\n<meta property=\"og:title\" content=\"Cheap Flights from\u00a0Johannesburg to Windhoek\" \/>\n<meta property=\"og:description\" content=\"Looking for cheap flights from\u00a0Johannesburg to Windhoek? Search, compare and book cheap airline ticket from Johannesburg to Windhoek online\" \/>\n<meta property=\"og:url\" content=\"https:\/\/tiketi.com\/fr-fr\/flights-johannesburg-windhoek-jnb-wdh\/\" \/>\n<meta property=\"og:site_name\" content=\"Tiketi.com\" \/>\n<meta property=\"article:publisher\" content=\"https:\/\/www.facebook.com\/TiketiCom\/\" \/>\n<meta property=\"article:modified_time\" content=\"2022-02-08T15:38:22+00:00\" \/>\n<meta property=\"og:image\" content=\"https:\/\/tiketi.com\/wp-content\/uploads\/2022\/01\/flight-ticket-booking-sorasak-KxCJXXGsv9I-unsplas.jpg\" \/>\n\t<meta property=\"og:image:width\" content=\"1200\" \/>\n\t<meta property=\"og:image:height\" content=\"240\" \/>\n\t<meta property=\"og:image:type\" content=\"image\/jpeg\" \/>\n<meta name=\"twitter:card\" content=\"summary_large_image\" \/>\n<meta name=\"twitter:label1\" content=\"Dur\u00e9e de lecture estim\u00e9e\" \/>\n\t<meta name=\"twitter:data1\" content=\"3 minutes\" \/>\n<script type=\"application\/ld+json\" class=\"yoast-schema-graph\">{\"@context\":\"https:\\\/\\\/schema.org\",\"@graph\":[{\"@type\":\"WebPage\",\"@id\":\"https:\\\/\\\/tiketi.com\\\/flights-johannesburg-windhoek-jnb-wdh\\\/\",\"url\":\"https:\\\/\\\/tiketi.com\\\/flights-johannesburg-windhoek-jnb-wdh\\\/\",\"name\":\"Cheap Flights from\u00a0Johannesburg to Windhoek\",\"isPartOf\":{\"@id\":\"https:\\\/\\\/tiketi.com\\\/#website\"},\"primaryImageOfPage\":{\"@id\":\"https:\\\/\\\/tiketi.com\\\/flights-johannesburg-windhoek-jnb-wdh\\\/#primaryimage\"},\"image\":{\"@id\":\"https:\\\/\\\/tiketi.com\\\/flights-johannesburg-windhoek-jnb-wdh\\\/#primaryimage\"},\"thumbnailUrl\":\"https:\\\/\\\/tiketi.com\\\/wp-content\\\/uploads\\\/2022\\\/01\\\/flight-ticket-booking-sorasak-KxCJXXGsv9I-unsplas.jpg\",\"datePublished\":\"2022-01-19T11:55:19+00:00\",\"dateModified\":\"2022-02-08T15:38:22+00:00\",\"description\":\"Looking for cheap flights from\u00a0Johannesburg to Windhoek? Search, compare and book cheap airline ticket from Johannesburg to Windhoek online\",\"breadcrumb\":{\"@id\":\"https:\\\/\\\/tiketi.com\\\/flights-johannesburg-windhoek-jnb-wdh\\\/#breadcrumb\"},\"inLanguage\":\"fr-FR\",\"potentialAction\":[{\"@type\":\"ReadAction\",\"target\":[\"https:\\\/\\\/tiketi.com\\\/flights-johannesburg-windhoek-jnb-wdh\\\/\"]}]},{\"@type\":\"ImageObject\",\"inLanguage\":\"fr-FR\",\"@id\":\"https:\\\/\\\/tiketi.com\\\/flights-johannesburg-windhoek-jnb-wdh\\\/#primaryimage\",\"url\":\"https:\\\/\\\/tiketi.com\\\/wp-content\\\/uploads\\\/2022\\\/01\\\/flight-ticket-booking-sorasak-KxCJXXGsv9I-unsplas.jpg\",\"contentUrl\":\"https:\\\/\\\/tiketi.com\\\/wp-content\\\/uploads\\\/2022\\\/01\\\/flight-ticket-booking-sorasak-KxCJXXGsv9I-unsplas.jpg\",\"width\":1200,\"height\":240,\"caption\":\"Online flight ticket booking\"},{\"@type\":\"BreadcrumbList\",\"@id\":\"https:\\\/\\\/tiketi.com\\\/flights-johannesburg-windhoek-jnb-wdh\\\/#breadcrumb\",\"itemListElement\":[{\"@type\":\"ListItem\",\"position\":1,\"name\":\"Home\",\"item\":\"https:\\\/\\\/tiketi.com\\\/\"},{\"@type\":\"ListItem\",\"position\":2,\"name\":\"Cheap Flights from\u00a0Johannesburg to Windhoek\"}]},{\"@type\":\"WebSite\",\"@id\":\"https:\\\/\\\/tiketi.com\\\/#website\",\"url\":\"https:\\\/\\\/tiketi.com\\\/\",\"name\":\"Flight & Bus Tickets, Tour Packages & Activitites - Tiketi.com\",\"description\":\"Flight &amp; Bus Tickets, Tours, Activitites\",\"publisher\":{\"@id\":\"https:\\\/\\\/tiketi.com\\\/#organization\"},\"potentialAction\":[{\"@type\":\"SearchAction\",\"target\":{\"@type\":\"EntryPoint\",\"urlTemplate\":\"https:\\\/\\\/tiketi.com\\\/?s={search_term_string}\"},\"query-input\":{\"@type\":\"PropertyValueSpecification\",\"valueRequired\":true,\"valueName\":\"search_term_string\"}}],\"inLanguage\":\"fr-FR\"},{\"@type\":\"Organization\",\"@id\":\"https:\\\/\\\/tiketi.com\\\/#organization\",\"name\":\"Tiketi.com\",\"alternateName\":\"Tiketi\",\"url\":\"https:\\\/\\\/tiketi.com\\\/\",\"logo\":{\"@type\":\"ImageObject\",\"inLanguage\":\"fr-FR\",\"@id\":\"https:\\\/\\\/tiketi.com\\\/#\\\/schema\\\/logo\\\/image\\\/\",\"url\":\"https:\\\/\\\/tiketi.com\\\/wp-content\\\/uploads\\\/2019\\\/05\\\/tiketi-logo-696.png\",\"contentUrl\":\"https:\\\/\\\/tiketi.com\\\/wp-content\\\/uploads\\\/2019\\\/05\\\/tiketi-logo-696.png\",\"width\":696,\"height\":696,\"caption\":\"Tiketi.com\"},\"image\":{\"@id\":\"https:\\\/\\\/tiketi.com\\\/#\\\/schema\\\/logo\\\/image\\\/\"},\"sameAs\":[\"https:\\\/\\\/www.facebook.com\\\/TiketiCom\\\/\"]}]}<\/script>\n<!-- \/ Yoast SEO plugin. -->","yoast_head_json":{"title":"Vols pas chers de Johannesbourg \u00e0 Windhoek","description":"Vous recherchez des vols \u00e0 bas prix au Johannesbourg vers Windhoek? Recherchez, comparez et r\u00e9servez en ligne un billet d&#039;avion pas cher de Johannesbourg \u00e0 Windhoek","robots":{"index":"index","follow":"follow","max-snippet":"max-snippet:-1","max-image-preview":"max-image-preview:large","max-video-preview":"max-video-preview:-1"},"canonical":"https:\/\/tiketi.com\/fr-fr\/flights-johannesburg-windhoek-jnb-wdh\/","og_locale":"fr_FR","og_type":"article","og_title":"Cheap Flights from\u00a0Johannesburg to Windhoek","og_description":"Looking for cheap flights from\u00a0Johannesburg to Windhoek? Search, compare and book cheap airline ticket from Johannesburg to Windhoek online","og_url":"https:\/\/tiketi.com\/fr-fr\/flights-johannesburg-windhoek-jnb-wdh\/","og_site_name":"Tiketi.com","article_publisher":"https:\/\/www.facebook.com\/TiketiCom\/","article_modified_time":"2022-02-08T15:38:22+00:00","og_image":[{"width":1200,"height":240,"url":"https:\/\/tiketi.com\/wp-content\/uploads\/2022\/01\/flight-ticket-booking-sorasak-KxCJXXGsv9I-unsplas.jpg","type":"image\/jpeg"}],"twitter_card":"summary_large_image","twitter_misc":{"Dur\u00e9e de lecture estim\u00e9e":"3 minutes"},"schema":{"@context":"https:\/\/schema.org","@graph":[{"@type":"WebPage","@id":"https:\/\/tiketi.com\/flights-johannesburg-windhoek-jnb-wdh\/","url":"https:\/\/tiketi.com\/flights-johannesburg-windhoek-jnb-wdh\/","name":"Vols pas chers de Johannesbourg \u00e0 Windhoek","isPartOf":{"@id":"https:\/\/tiketi.com\/#website"},"primaryImageOfPage":{"@id":"https:\/\/tiketi.com\/flights-johannesburg-windhoek-jnb-wdh\/#primaryimage"},"image":{"@id":"https:\/\/tiketi.com\/flights-johannesburg-windhoek-jnb-wdh\/#primaryimage"},"thumbnailUrl":"https:\/\/tiketi.com\/wp-content\/uploads\/2022\/01\/flight-ticket-booking-sorasak-KxCJXXGsv9I-unsplas.jpg","datePublished":"2022-01-19T11:55:19+00:00","dateModified":"2022-02-08T15:38:22+00:00","description":"Vous recherchez des vols \u00e0 bas prix au Johannesbourg vers Windhoek? Recherchez, comparez et r\u00e9servez en ligne un billet d&#039;avion pas cher de Johannesbourg \u00e0 Windhoek","breadcrumb":{"@id":"https:\/\/tiketi.com\/flights-johannesburg-windhoek-jnb-wdh\/#breadcrumb"},"inLanguage":"fr-FR","potentialAction":[{"@type":"ReadAction","target":["https:\/\/tiketi.com\/flights-johannesburg-windhoek-jnb-wdh\/"]}]},{"@type":"ImageObject","inLanguage":"fr-FR","@id":"https:\/\/tiketi.com\/flights-johannesburg-windhoek-jnb-wdh\/#primaryimage","url":"https:\/\/tiketi.com\/wp-content\/uploads\/2022\/01\/flight-ticket-booking-sorasak-KxCJXXGsv9I-unsplas.jpg","contentUrl":"https:\/\/tiketi.com\/wp-content\/uploads\/2022\/01\/flight-ticket-booking-sorasak-KxCJXXGsv9I-unsplas.jpg","width":1200,"height":240,"caption":"Online flight ticket booking"},{"@type":"BreadcrumbList","@id":"https:\/\/tiketi.com\/flights-johannesburg-windhoek-jnb-wdh\/#breadcrumb","itemListElement":[{"@type":"ListItem","position":1,"name":"Home","item":"https:\/\/tiketi.com\/"},{"@type":"ListItem","position":2,"name":"Cheap Flights from\u00a0Johannesburg to Windhoek"}]},{"@type":"WebSite","@id":"https:\/\/tiketi.com\/#website","url":"https:\/\/tiketi.com\/","name":"Billets d&#039;avion et de bus, forfaits touristiques et activit\u00e9s - Tiketi.com","description":"Billets d&#039;avion et de bus, Tours, Activit\u00e9s","publisher":{"@id":"https:\/\/tiketi.com\/#organization"},"potentialAction":[{"@type":"SearchAction","target":{"@type":"EntryPoint","urlTemplate":"https:\/\/tiketi.com\/?s={search_term_string}"},"query-input":{"@type":"PropertyValueSpecification","valueRequired":true,"valueName":"search_term_string"}}],"inLanguage":"fr-FR"},{"@type":"Organization","@id":"https:\/\/tiketi.com\/#organization","name":"Tiketi.com","alternateName":"Tiketi","url":"https:\/\/tiketi.com\/","logo":{"@type":"ImageObject","inLanguage":"fr-FR","@id":"https:\/\/tiketi.com\/#\/schema\/logo\/image\/","url":"https:\/\/tiketi.com\/wp-content\/uploads\/2019\/05\/tiketi-logo-696.png","contentUrl":"https:\/\/tiketi.com\/wp-content\/uploads\/2019\/05\/tiketi-logo-696.png","width":696,"height":696,"caption":"Tiketi.com"},"image":{"@id":"https:\/\/tiketi.com\/#\/schema\/logo\/image\/"},"sameAs":["https:\/\/www.facebook.com\/TiketiCom\/"]}]}},"_links":{"self":[{"href":"https:\/\/tiketi.com\/fr-fr\/wp-json\/wp\/v2\/pages\/11878","targetHints":{"allow":["GET"]}}],"collection":[{"href":"https:\/\/tiketi.com\/fr-fr\/wp-json\/wp\/v2\/pages"}],"about":[{"href":"https:\/\/tiketi.com\/fr-fr\/wp-json\/wp\/v2\/types\/page"}],"author":[{"embeddable":true,"href":"https:\/\/tiketi.com\/fr-fr\/wp-json\/wp\/v2\/users\/1"}],"replies":[{"embeddable":true,"href":"https:\/\/tiketi.com\/fr-fr\/wp-json\/wp\/v2\/comments?post=11878"}],"version-history":[{"count":0,"href":"https:\/\/tiketi.com\/fr-fr\/wp-json\/wp\/v2\/pages\/11878\/revisions"}],"wp:featuredmedia":[{"embeddable":true,"href":"https:\/\/tiketi.com\/fr-fr\/wp-json\/wp\/v2\/media\/14041"}],"wp:attachment":[{"href":"https:\/\/tiketi.com\/fr-fr\/wp-json\/wp\/v2\/media?parent=11878"}],"curies":[{"name":"wp","href":"https:\/\/api.w.org\/{rel}","templated":true}]}}