{"id":11880,"date":"2022-01-19T12:55:19","date_gmt":"2022-01-19T11:55:19","guid":{"rendered":"https:\/\/new.tiketi.com\/cheap-flights-from-accra-to-dar-es-salaam\/"},"modified":"2022-02-07T11:10:04","modified_gmt":"2022-02-07T10:10:04","slug":"flights-accra-dar-es-salaam-acc-dar","status":"publish","type":"page","link":"https:\/\/tiketi.com\/fr-fr\/flights-accra-dar-es-salaam-acc-dar\/","title":{"rendered":"Vols \u00e0 bas prix de Accra \u00e0 Dar es Salam"},"content":{"rendered":"<h2>Vous recherchez un billet d&#039;avion pas cher Accra vers Dar es Salam ou des offres de derni\u00e8re minute ?<\/h2>\n<h3>Recherchez, comparez et r\u00e9servez en ligne maintenant un billet d&#039;avion pas cher entre Accra (ACC) et Dar es Salam (DAR).<\/h3>\n<p>Trouvez des vols pas chers de Accra vers Dar es Salam et \u00e9conomisez de l&#039;argent sur vos billets d&#039;avion. Ce magnifique morceau de terre est une grande plaque tournante en Tanzanie. C&#039;est une grande ville et sa diversit\u00e9 est visible dans ses diff\u00e9rentes parties et il y a des rues centrales anim\u00e9es qui passent devant la magnifique tour de l&#039;horloge et le march\u00e9 de Kariakoo, et des zones tr\u00e8s silencieuses avec des boulevards bord\u00e9s d&#039;arbres au nord. Avec un turbulent et historique, Dar es Salaam offre une multitude d&#039;attractions culturelles et historiques pour les vacanciers et autres visiteurs \u00e0 appr\u00e9cier lors de la visite de Dar es Salaam. Votre vol pour Dar es Salaam vous am\u00e8nera au centre \u00e9ducatif et culturel du pays. Le centre \u00e9ducatif le plus populaire de Tanzanie est l&#039;Universit\u00e9 de Dar es Salaam. En plus de cela, Dar es Salaam poss\u00e8de d&#039;autres attractions historiques et culturelles. R\u00e9servez des vols de Accra \u00e0 Dar es Salam au prix le plus bas \u2013 obtenez des offres exceptionnelles sur votre billet d&#039;avion de Accra \u00e0 Dar es Salam en ligne maintenant.<\/p>\n<h2>FAQ sur les vols pas chers de Accra \u00e0 Dar es Salam<\/h2>\n<h3>Quel est le jour le moins cher pour voler ?<\/h3>\n<p>Le jour le moins cher pour voler de Accra \u00e0 Dar Es Salaam est le samedi. Donc, si vous voulez garder peu d&#039;argent lors de votre prochain voyage d&#039;affaires, recherchez des vols le samedi.<\/p>\n<h3>Quelle est la fr\u00e9quence des vols directs Accra-Dar es Salam ?<\/h3>\n<p>Aucune compagnie a\u00e9rienne n&#039;offre de billet d&#039;avion pas cher direct de Accra \u00e0 Dar es Salam.<\/p>\n<h3>Quelle est la dur\u00e9e du vol entre Accra et Dar es Salam ?<\/h3>\n<p>8h 20min dans la moyenne des vols Accra-Dar es Salaam.<\/p>\n<h3>Quelle est la compagnie a\u00e9rienne la plus c\u00e9l\u00e8bre op\u00e9rant entre Acra et Dar es Salaam ?<\/h3>\n<p>La compagnie a\u00e9rienne la plus c\u00e9l\u00e8bre volant de Accra \u00e0 Dar es Salam est Ethiopian Airlines.<\/p>\n<h2>Conseils pour trouver un billet d&#039;avion pas cher de Accra \u00e0 Dar es Salam<\/h2>\n<p>\u2022 La distance de vol entre Accra et Dar es Salaam est de 4580 km.<\/p>\n<p>\u2022 Kumasi, Ghana \u2013 L&#039;a\u00e9roport de Kumasi est le lien le plus c\u00e9l\u00e8bre pour les vols \u00e0 escale entre Accra, Ghana et Dar es Salaam.<\/p>\n<p>\u2022 L&#039;a\u00e9roport international de Dar es Salaam propose des vols sans escale vers vingt-neuf villes.<\/p>\n<p>Une visite au mus\u00e9e du village donne un aper\u00e7u du mode de vie et de la vie des tribus de Dar es Salaam. C&#039;est un mus\u00e9e sp\u00e9cial de ce type o\u00f9, en prenant un vol pas cher pour Dar es Salaam, vous pourrez voir des maisons traditionnelles de huit vibrations diff\u00e9rentes de huit tribus diff\u00e9rentes des diff\u00e9rentes parties de la Tanzanie. Aux alentours des jardins du mus\u00e9e du village ont \u00e9t\u00e9 plant\u00e9s des plantes pr\u00e9cieuses. Si vous prenez des vols bon march\u00e9 d&#039;Accra \u00e0 Dar es Salaam, la Tanzanie pour y passer le week-end pourra voir des danses tribales se d\u00e9rouler au Village Museum.<\/p>","protected":false},"excerpt":{"rendered":"<p>Looking for cheap airline ticket from Accra to Dar es Salaam or last minute deals? Search, compare and book cheap airline ticket from Accra (ACC) to Dar es Salaam (DAR)\u00a0 online now. Find cheap flights from Accra to Dar es Salaam and save money on airline tickets. This wonderful piece of land is a big [&hellip;]<\/p>\n","protected":false},"author":1,"featured_media":14041,"parent":0,"menu_order":0,"comment_status":"open","ping_status":"closed","template":"template-home-modern.php","meta":{"footnotes":""},"class_list":["post-11880","page","type-page","status-publish","has-post-thumbnail","hentry"],"yoast_head":"<!-- This site is optimized with the Yoast SEO plugin v27.4 - https:\/\/yoast.com\/product\/yoast-seo-wordpress\/ -->\n<title>Cheap Flights from Accra to Dar es Salaam<\/title>\n<meta name=\"description\" content=\"Looking for cheap flights from\u00a0Accra to Dar es Salaam ? Search, compare and book cheap airline ticket from Accra to Dar es Salaam online now\" \/>\n<meta name=\"robots\" content=\"index, follow, max-snippet:-1, max-image-preview:large, max-video-preview:-1\" \/>\n<link rel=\"canonical\" href=\"https:\/\/tiketi.com\/fr-fr\/flights-accra-dar-es-salaam-acc-dar\/\" \/>\n<meta property=\"og:locale\" content=\"fr_FR\" \/>\n<meta property=\"og:type\" content=\"article\" \/>\n<meta property=\"og:title\" content=\"Cheap Flights from Accra to Dar es Salaam\" \/>\n<meta property=\"og:description\" content=\"Looking for cheap flights from\u00a0Accra to Dar es Salaam ? Search, compare and book cheap airline ticket from Accra to Dar es Salaam online now\" \/>\n<meta property=\"og:url\" content=\"https:\/\/tiketi.com\/fr-fr\/flights-accra-dar-es-salaam-acc-dar\/\" \/>\n<meta property=\"og:site_name\" content=\"Tiketi.com\" \/>\n<meta property=\"article:publisher\" content=\"https:\/\/www.facebook.com\/TiketiCom\/\" \/>\n<meta property=\"article:modified_time\" content=\"2022-02-07T10:10:04+00:00\" \/>\n<meta property=\"og:image\" content=\"https:\/\/tiketi.com\/wp-content\/uploads\/2022\/01\/flight-ticket-booking-sorasak-KxCJXXGsv9I-unsplas.jpg\" \/>\n\t<meta property=\"og:image:width\" content=\"1200\" \/>\n\t<meta property=\"og:image:height\" content=\"240\" \/>\n\t<meta property=\"og:image:type\" content=\"image\/jpeg\" \/>\n<meta name=\"twitter:card\" content=\"summary_large_image\" \/>\n<meta name=\"twitter:label1\" content=\"Dur\u00e9e de lecture estim\u00e9e\" \/>\n\t<meta name=\"twitter:data1\" content=\"3 minutes\" \/>\n<script type=\"application\/ld+json\" class=\"yoast-schema-graph\">{\"@context\":\"https:\\\/\\\/schema.org\",\"@graph\":[{\"@type\":\"WebPage\",\"@id\":\"https:\\\/\\\/tiketi.com\\\/flights-accra-dar-es-salaam-acc-dar\\\/\",\"url\":\"https:\\\/\\\/tiketi.com\\\/flights-accra-dar-es-salaam-acc-dar\\\/\",\"name\":\"Cheap Flights from Accra to Dar es Salaam\",\"isPartOf\":{\"@id\":\"https:\\\/\\\/tiketi.com\\\/#website\"},\"primaryImageOfPage\":{\"@id\":\"https:\\\/\\\/tiketi.com\\\/flights-accra-dar-es-salaam-acc-dar\\\/#primaryimage\"},\"image\":{\"@id\":\"https:\\\/\\\/tiketi.com\\\/flights-accra-dar-es-salaam-acc-dar\\\/#primaryimage\"},\"thumbnailUrl\":\"https:\\\/\\\/tiketi.com\\\/wp-content\\\/uploads\\\/2022\\\/01\\\/flight-ticket-booking-sorasak-KxCJXXGsv9I-unsplas.jpg\",\"datePublished\":\"2022-01-19T11:55:19+00:00\",\"dateModified\":\"2022-02-07T10:10:04+00:00\",\"description\":\"Looking for cheap flights from\u00a0Accra to Dar es Salaam ? Search, compare and book cheap airline ticket from Accra to Dar es Salaam online now\",\"breadcrumb\":{\"@id\":\"https:\\\/\\\/tiketi.com\\\/flights-accra-dar-es-salaam-acc-dar\\\/#breadcrumb\"},\"inLanguage\":\"fr-FR\",\"potentialAction\":[{\"@type\":\"ReadAction\",\"target\":[\"https:\\\/\\\/tiketi.com\\\/flights-accra-dar-es-salaam-acc-dar\\\/\"]}]},{\"@type\":\"ImageObject\",\"inLanguage\":\"fr-FR\",\"@id\":\"https:\\\/\\\/tiketi.com\\\/flights-accra-dar-es-salaam-acc-dar\\\/#primaryimage\",\"url\":\"https:\\\/\\\/tiketi.com\\\/wp-content\\\/uploads\\\/2022\\\/01\\\/flight-ticket-booking-sorasak-KxCJXXGsv9I-unsplas.jpg\",\"contentUrl\":\"https:\\\/\\\/tiketi.com\\\/wp-content\\\/uploads\\\/2022\\\/01\\\/flight-ticket-booking-sorasak-KxCJXXGsv9I-unsplas.jpg\",\"width\":1200,\"height\":240,\"caption\":\"Online flight ticket booking\"},{\"@type\":\"BreadcrumbList\",\"@id\":\"https:\\\/\\\/tiketi.com\\\/flights-accra-dar-es-salaam-acc-dar\\\/#breadcrumb\",\"itemListElement\":[{\"@type\":\"ListItem\",\"position\":1,\"name\":\"Home\",\"item\":\"https:\\\/\\\/tiketi.com\\\/\"},{\"@type\":\"ListItem\",\"position\":2,\"name\":\"Cheap Flights from Accra to Dar es Salaam\"}]},{\"@type\":\"WebSite\",\"@id\":\"https:\\\/\\\/tiketi.com\\\/#website\",\"url\":\"https:\\\/\\\/tiketi.com\\\/\",\"name\":\"Flight & Bus Tickets, Tour Packages & Activitites - Tiketi.com\",\"description\":\"Flight &amp; Bus Tickets, Tours, Activitites\",\"publisher\":{\"@id\":\"https:\\\/\\\/tiketi.com\\\/#organization\"},\"potentialAction\":[{\"@type\":\"SearchAction\",\"target\":{\"@type\":\"EntryPoint\",\"urlTemplate\":\"https:\\\/\\\/tiketi.com\\\/?s={search_term_string}\"},\"query-input\":{\"@type\":\"PropertyValueSpecification\",\"valueRequired\":true,\"valueName\":\"search_term_string\"}}],\"inLanguage\":\"fr-FR\"},{\"@type\":\"Organization\",\"@id\":\"https:\\\/\\\/tiketi.com\\\/#organization\",\"name\":\"Tiketi.com\",\"alternateName\":\"Tiketi\",\"url\":\"https:\\\/\\\/tiketi.com\\\/\",\"logo\":{\"@type\":\"ImageObject\",\"inLanguage\":\"fr-FR\",\"@id\":\"https:\\\/\\\/tiketi.com\\\/#\\\/schema\\\/logo\\\/image\\\/\",\"url\":\"https:\\\/\\\/tiketi.com\\\/wp-content\\\/uploads\\\/2019\\\/05\\\/tiketi-logo-696.png\",\"contentUrl\":\"https:\\\/\\\/tiketi.com\\\/wp-content\\\/uploads\\\/2019\\\/05\\\/tiketi-logo-696.png\",\"width\":696,\"height\":696,\"caption\":\"Tiketi.com\"},\"image\":{\"@id\":\"https:\\\/\\\/tiketi.com\\\/#\\\/schema\\\/logo\\\/image\\\/\"},\"sameAs\":[\"https:\\\/\\\/www.facebook.com\\\/TiketiCom\\\/\"]}]}<\/script>\n<!-- \/ Yoast SEO plugin. -->","yoast_head_json":{"title":"Vols \u00e0 bas prix de Accra \u00e0 Dar es Salam","description":"Vous cherchez des vols pas chers de Accra vers Dar es Salam ? Recherchez, comparez et r\u00e9servez en ligne maintenant un billet d&#039;avion pas cher de Accra \u00e0 Dar es Salam","robots":{"index":"index","follow":"follow","max-snippet":"max-snippet:-1","max-image-preview":"max-image-preview:large","max-video-preview":"max-video-preview:-1"},"canonical":"https:\/\/tiketi.com\/fr-fr\/flights-accra-dar-es-salaam-acc-dar\/","og_locale":"fr_FR","og_type":"article","og_title":"Cheap Flights from Accra to Dar es Salaam","og_description":"Looking for cheap flights from\u00a0Accra to Dar es Salaam ? Search, compare and book cheap airline ticket from Accra to Dar es Salaam online now","og_url":"https:\/\/tiketi.com\/fr-fr\/flights-accra-dar-es-salaam-acc-dar\/","og_site_name":"Tiketi.com","article_publisher":"https:\/\/www.facebook.com\/TiketiCom\/","article_modified_time":"2022-02-07T10:10:04+00:00","og_image":[{"width":1200,"height":240,"url":"https:\/\/tiketi.com\/wp-content\/uploads\/2022\/01\/flight-ticket-booking-sorasak-KxCJXXGsv9I-unsplas.jpg","type":"image\/jpeg"}],"twitter_card":"summary_large_image","twitter_misc":{"Dur\u00e9e de lecture estim\u00e9e":"3 minutes"},"schema":{"@context":"https:\/\/schema.org","@graph":[{"@type":"WebPage","@id":"https:\/\/tiketi.com\/flights-accra-dar-es-salaam-acc-dar\/","url":"https:\/\/tiketi.com\/flights-accra-dar-es-salaam-acc-dar\/","name":"Vols \u00e0 bas prix de Accra \u00e0 Dar es Salam","isPartOf":{"@id":"https:\/\/tiketi.com\/#website"},"primaryImageOfPage":{"@id":"https:\/\/tiketi.com\/flights-accra-dar-es-salaam-acc-dar\/#primaryimage"},"image":{"@id":"https:\/\/tiketi.com\/flights-accra-dar-es-salaam-acc-dar\/#primaryimage"},"thumbnailUrl":"https:\/\/tiketi.com\/wp-content\/uploads\/2022\/01\/flight-ticket-booking-sorasak-KxCJXXGsv9I-unsplas.jpg","datePublished":"2022-01-19T11:55:19+00:00","dateModified":"2022-02-07T10:10:04+00:00","description":"Vous cherchez des vols pas chers de Accra vers Dar es Salam ? Recherchez, comparez et r\u00e9servez en ligne maintenant un billet d&#039;avion pas cher de Accra \u00e0 Dar es Salam","breadcrumb":{"@id":"https:\/\/tiketi.com\/flights-accra-dar-es-salaam-acc-dar\/#breadcrumb"},"inLanguage":"fr-FR","potentialAction":[{"@type":"ReadAction","target":["https:\/\/tiketi.com\/flights-accra-dar-es-salaam-acc-dar\/"]}]},{"@type":"ImageObject","inLanguage":"fr-FR","@id":"https:\/\/tiketi.com\/flights-accra-dar-es-salaam-acc-dar\/#primaryimage","url":"https:\/\/tiketi.com\/wp-content\/uploads\/2022\/01\/flight-ticket-booking-sorasak-KxCJXXGsv9I-unsplas.jpg","contentUrl":"https:\/\/tiketi.com\/wp-content\/uploads\/2022\/01\/flight-ticket-booking-sorasak-KxCJXXGsv9I-unsplas.jpg","width":1200,"height":240,"caption":"Online flight ticket booking"},{"@type":"BreadcrumbList","@id":"https:\/\/tiketi.com\/flights-accra-dar-es-salaam-acc-dar\/#breadcrumb","itemListElement":[{"@type":"ListItem","position":1,"name":"Home","item":"https:\/\/tiketi.com\/"},{"@type":"ListItem","position":2,"name":"Cheap Flights from Accra to Dar es Salaam"}]},{"@type":"WebSite","@id":"https:\/\/tiketi.com\/#website","url":"https:\/\/tiketi.com\/","name":"Billets d&#039;avion et de bus, forfaits touristiques et activit\u00e9s - Tiketi.com","description":"Billets d&#039;avion et de bus, Tours, Activit\u00e9s","publisher":{"@id":"https:\/\/tiketi.com\/#organization"},"potentialAction":[{"@type":"SearchAction","target":{"@type":"EntryPoint","urlTemplate":"https:\/\/tiketi.com\/?s={search_term_string}"},"query-input":{"@type":"PropertyValueSpecification","valueRequired":true,"valueName":"search_term_string"}}],"inLanguage":"fr-FR"},{"@type":"Organization","@id":"https:\/\/tiketi.com\/#organization","name":"Tiketi.com","alternateName":"Tiketi","url":"https:\/\/tiketi.com\/","logo":{"@type":"ImageObject","inLanguage":"fr-FR","@id":"https:\/\/tiketi.com\/#\/schema\/logo\/image\/","url":"https:\/\/tiketi.com\/wp-content\/uploads\/2019\/05\/tiketi-logo-696.png","contentUrl":"https:\/\/tiketi.com\/wp-content\/uploads\/2019\/05\/tiketi-logo-696.png","width":696,"height":696,"caption":"Tiketi.com"},"image":{"@id":"https:\/\/tiketi.com\/#\/schema\/logo\/image\/"},"sameAs":["https:\/\/www.facebook.com\/TiketiCom\/"]}]}},"_links":{"self":[{"href":"https:\/\/tiketi.com\/fr-fr\/wp-json\/wp\/v2\/pages\/11880","targetHints":{"allow":["GET"]}}],"collection":[{"href":"https:\/\/tiketi.com\/fr-fr\/wp-json\/wp\/v2\/pages"}],"about":[{"href":"https:\/\/tiketi.com\/fr-fr\/wp-json\/wp\/v2\/types\/page"}],"author":[{"embeddable":true,"href":"https:\/\/tiketi.com\/fr-fr\/wp-json\/wp\/v2\/users\/1"}],"replies":[{"embeddable":true,"href":"https:\/\/tiketi.com\/fr-fr\/wp-json\/wp\/v2\/comments?post=11880"}],"version-history":[{"count":0,"href":"https:\/\/tiketi.com\/fr-fr\/wp-json\/wp\/v2\/pages\/11880\/revisions"}],"wp:featuredmedia":[{"embeddable":true,"href":"https:\/\/tiketi.com\/fr-fr\/wp-json\/wp\/v2\/media\/14041"}],"wp:attachment":[{"href":"https:\/\/tiketi.com\/fr-fr\/wp-json\/wp\/v2\/media?parent=11880"}],"curies":[{"name":"wp","href":"https:\/\/api.w.org\/{rel}","templated":true}]}}