{"id":11881,"date":"2022-01-19T12:55:19","date_gmt":"2022-01-19T11:55:19","guid":{"rendered":"https:\/\/new.tiketi.com\/cheap-airline-tickets-from-lagos-nigeria-to-nairobi\/"},"modified":"2022-02-02T17:59:16","modified_gmt":"2022-02-02T16:59:16","slug":"cheap-airline-tickets-from-lagos-nigeria-to-nairobi","status":"publish","type":"page","link":"https:\/\/tiketi.com\/fr-fr\/cheap-airline-tickets-from-lagos-nigeria-to-nairobi\/","title":{"rendered":"Billet d&#039;avion pas cher de Lagos Nigeria \u00e0 Nairobi"},"content":{"rendered":"<h2>R\u00e9servez des vols pas chers de Lagos Nig\u00e9ria \u00e0 Nairobi<\/h2>\n<h3>Vous \u00eates \u00e0 la recherche de billets d&#039;avion entre Lagos Nigeria (LOS) et Nairobi (NBO) ?<\/h3>\n<p>Recherchez, comparez et r\u00e9servez un billet d&#039;avion pas cher de Lagos Nig\u00e9ria \u00e0 Nairobi. Nairobi, en plus d&#039;\u00eatre la capitale du Kenya, est \u00e9galement le grand centre d&#039;activit\u00e9 culturelle et \u00e9conomique du pays, ainsi que de l&#039;Afrique de l&#039;Est. B\u00e9n\u00e9ficiez des meilleures offres et r\u00e9ductions sur les vols, et r\u00e9servez d\u00e8s maintenant des vols pas chers de Lagos Nig\u00e9ria vers Nairobi.<\/p>\n<h2>Voici quelques-unes des meilleures attractions de Nairobi<\/h2>\n<h3>Parc national de Nairobi<\/h3>\n<p>La ville de Nairobi poss\u00e8de son propre parc animalier national o\u00f9 les buffles et les lions se prom\u00e8nent librement. Il est situ\u00e9 \u00e0 quelques minutes du centre-ville et est l&#039;une des principales attractions de Nairobi.<\/p>\n<h3>Balade safari \u00e0 Nairobi<\/h3>\n<p>Nairobi Safari Walk, financ\u00e9 par le Kenya Wildlife service, est le meilleur moyen d&#039;en apprendre davantage sur les animaux du Kenya et de voir les diff\u00e9rentes atmosph\u00e8res naturelles que le Kenya doit offrir. Il est plac\u00e9 au si\u00e8ge du parc national de Nairobi.<\/p>\n<h3>Centre des papillons de Nairobi<\/h3>\n<p>Le Nairobi Butterfly Center est un endroit pour les charmants papillons de toute l&#039;Afrique. Voir des milliers de papillons est une des meilleures attractions de Nairobi.<\/p>\n<h3>Village des Mambas de Nairobi<\/h3>\n<p>Nairobi Mamba Village est un immense parc de vill\u00e9giature, comprenant un h\u00f4tel, des activit\u00e9s, des restaurants, des possibilit\u00e9s de d\u00e9tente dans des jardins et une ferme aux crocodiles. C&#039;est le meilleur endroit pour \u00e9chapper \u00e0 la ville et profiter des magnifiques paysages et de l&#039;air frais de Nairobi.<\/p>\n<h3>March\u00e9 Kenyatta<\/h3>\n<p>Emball\u00e9 avec un assortiment d&#039;\u00e9tals de march\u00e9 et de salons de coiffure, le march\u00e9 Kenyatta est un endroit id\u00e9al pour observer les gens et faire du shopping \u00e0 Nairobi.<\/p>\n<h2>FAQ sur les vols pas chers de Lagos Nig\u00e9ria \u00e0 Nairobi<\/h2>\n<h3>Quel est le jour le moins cher pour voler ?<\/h3>\n<p>Le jour le moins cher pour voler de Lagos \u00e0 Nairobi est le mardi. Donc, si vous voulez garder de l&#039;argent sur vos prochains vols pas chers de Lagos Nigeria \u00e0 Nairobi mardi.<\/p>\n<h3>Quelle est la dur\u00e9e de vol de Lagos \u00e0 Nairobi?<\/h3>\n<p>Les billets d&#039;avion bon march\u00e9 de Kenya Airways de Lagos Nigeria \u00e0 Nairobi ne prennent que 5 heures.<\/p>\n<h3>Quelle est la distance entre Lagos a Nairobi?<\/h3>\n<p>Lagos, Nig\u00e9ria est \u00e0 2\u00a0385 km de Nairobi.<\/p>\n<h3>Quelle est la compagnie a\u00e9rienne pas ch\u00e8re sur l&#039;itin\u00e9raire du vol Lagos - Nairobi ?<\/h3>\n<p>Rwandair Express propose les vols les moins chers entre Lagos et Nairobi.<\/p>\n<h3>Quelles sont les compagnies a\u00e9riennes pr\u00e9f\u00e9r\u00e9es qui proposent des billets d&#039;avion pas chers de Lagos Nigeria \u00e0 Nairobi ?<\/h3>\n<p>Kenya Airways, Ethiopian Airlines, Rwandair Express, Etihad Airways sont les compagnies a\u00e9riennes pr\u00e9f\u00e9r\u00e9es sur l&#039;itin\u00e9raire de vol de Lagos \u00e0 Nairobi.<\/p>\n<h2>Conseils pour un billet d&#039;avion pas cher de Lagos Nigeria \u00e0 Nairobi<\/h2>\n<p>\u2022 Il y a deux vols hebdomadaires de Lagos \u00e0 Nairobi.<\/p>\n<p>\u2022 Un vol sans escale op\u00e8re de Lagos \u00e0 Nairobi.<\/p>\n<p>\u2022 Kenya Airways propose le plus de vols sans escale entre Nairobi et Lagos.<\/p>\n<p>\u2022 Paris, France \u2013 L&#039;a\u00e9roport Charles De Gaulle est le lien le plus c\u00e9l\u00e8bre pour les vols directs entre Lagos Nigeria et Nairobi.<\/p>","protected":false},"excerpt":{"rendered":"<p>Book Cheap Flights from Lagos Nigeria to Nairobi Looking for airline tickets from Lagos Nigeria (LOS) to Nairobi (NBO)? Search, compare and book cheap airline ticket from Lagos Nigeria to Nairobi. Nairobi apart from being the Kenya capital is also the big center for cultural and economic activity for the country, as well as East [&hellip;]<\/p>\n","protected":false},"author":1,"featured_media":14041,"parent":0,"menu_order":0,"comment_status":"open","ping_status":"closed","template":"template-home-modern.php","meta":{"footnotes":""},"class_list":["post-11881","page","type-page","status-publish","has-post-thumbnail","hentry"],"yoast_head":"<!-- This site is optimized with the Yoast SEO plugin v27.4 - https:\/\/yoast.com\/product\/yoast-seo-wordpress\/ -->\n<title>Cheap Airline Ticket from\u00a0Lagos Nigeria to Nairobi<\/title>\n<meta name=\"description\" content=\"Looking for airline ticket from\u00a0Lagos Nigeria to Nairobi? Find &amp; book cheap flights from\u00a0Lagos Nigeria to Nairobi online\" \/>\n<meta name=\"robots\" content=\"index, follow, max-snippet:-1, max-image-preview:large, max-video-preview:-1\" \/>\n<link rel=\"canonical\" href=\"https:\/\/tiketi.com\/fr-fr\/cheap-airline-tickets-from-lagos-nigeria-to-nairobi\/\" \/>\n<meta property=\"og:locale\" content=\"fr_FR\" \/>\n<meta property=\"og:type\" content=\"article\" \/>\n<meta property=\"og:title\" content=\"Cheap Airline Ticket from\u00a0Lagos Nigeria to Nairobi\" \/>\n<meta property=\"og:description\" content=\"Looking for airline ticket from\u00a0Lagos Nigeria to Nairobi? Find &amp; book cheap flights from\u00a0Lagos Nigeria to Nairobi online\" \/>\n<meta property=\"og:url\" content=\"https:\/\/tiketi.com\/fr-fr\/cheap-airline-tickets-from-lagos-nigeria-to-nairobi\/\" \/>\n<meta property=\"og:site_name\" content=\"Tiketi.com\" \/>\n<meta property=\"article:publisher\" content=\"https:\/\/www.facebook.com\/TiketiCom\/\" \/>\n<meta property=\"article:modified_time\" content=\"2022-02-02T16:59:16+00:00\" \/>\n<meta property=\"og:image\" content=\"https:\/\/tiketi.com\/wp-content\/uploads\/2022\/01\/flight-ticket-booking-sorasak-KxCJXXGsv9I-unsplas.jpg\" \/>\n\t<meta property=\"og:image:width\" content=\"1200\" \/>\n\t<meta property=\"og:image:height\" content=\"240\" \/>\n\t<meta property=\"og:image:type\" content=\"image\/jpeg\" \/>\n<meta name=\"twitter:card\" content=\"summary_large_image\" \/>\n<meta name=\"twitter:label1\" content=\"Dur\u00e9e de lecture estim\u00e9e\" \/>\n\t<meta name=\"twitter:data1\" content=\"3 minutes\" \/>\n<script type=\"application\/ld+json\" class=\"yoast-schema-graph\">{\"@context\":\"https:\\\/\\\/schema.org\",\"@graph\":[{\"@type\":\"WebPage\",\"@id\":\"https:\\\/\\\/tiketi.com\\\/cheap-airline-tickets-from-lagos-nigeria-to-nairobi\\\/\",\"url\":\"https:\\\/\\\/tiketi.com\\\/cheap-airline-tickets-from-lagos-nigeria-to-nairobi\\\/\",\"name\":\"Cheap Airline Ticket from\u00a0Lagos Nigeria to Nairobi\",\"isPartOf\":{\"@id\":\"https:\\\/\\\/tiketi.com\\\/#website\"},\"primaryImageOfPage\":{\"@id\":\"https:\\\/\\\/tiketi.com\\\/cheap-airline-tickets-from-lagos-nigeria-to-nairobi\\\/#primaryimage\"},\"image\":{\"@id\":\"https:\\\/\\\/tiketi.com\\\/cheap-airline-tickets-from-lagos-nigeria-to-nairobi\\\/#primaryimage\"},\"thumbnailUrl\":\"https:\\\/\\\/tiketi.com\\\/wp-content\\\/uploads\\\/2022\\\/01\\\/flight-ticket-booking-sorasak-KxCJXXGsv9I-unsplas.jpg\",\"datePublished\":\"2022-01-19T11:55:19+00:00\",\"dateModified\":\"2022-02-02T16:59:16+00:00\",\"description\":\"Looking for airline ticket from\u00a0Lagos Nigeria to Nairobi? Find & book cheap flights from\u00a0Lagos Nigeria to Nairobi online\",\"breadcrumb\":{\"@id\":\"https:\\\/\\\/tiketi.com\\\/cheap-airline-tickets-from-lagos-nigeria-to-nairobi\\\/#breadcrumb\"},\"inLanguage\":\"fr-FR\",\"potentialAction\":[{\"@type\":\"ReadAction\",\"target\":[\"https:\\\/\\\/tiketi.com\\\/cheap-airline-tickets-from-lagos-nigeria-to-nairobi\\\/\"]}]},{\"@type\":\"ImageObject\",\"inLanguage\":\"fr-FR\",\"@id\":\"https:\\\/\\\/tiketi.com\\\/cheap-airline-tickets-from-lagos-nigeria-to-nairobi\\\/#primaryimage\",\"url\":\"https:\\\/\\\/tiketi.com\\\/wp-content\\\/uploads\\\/2022\\\/01\\\/flight-ticket-booking-sorasak-KxCJXXGsv9I-unsplas.jpg\",\"contentUrl\":\"https:\\\/\\\/tiketi.com\\\/wp-content\\\/uploads\\\/2022\\\/01\\\/flight-ticket-booking-sorasak-KxCJXXGsv9I-unsplas.jpg\",\"width\":1200,\"height\":240,\"caption\":\"Online flight ticket booking\"},{\"@type\":\"BreadcrumbList\",\"@id\":\"https:\\\/\\\/tiketi.com\\\/cheap-airline-tickets-from-lagos-nigeria-to-nairobi\\\/#breadcrumb\",\"itemListElement\":[{\"@type\":\"ListItem\",\"position\":1,\"name\":\"Home\",\"item\":\"https:\\\/\\\/tiketi.com\\\/\"},{\"@type\":\"ListItem\",\"position\":2,\"name\":\"Cheap Airline Ticket from\u00a0Lagos Nigeria to Nairobi\"}]},{\"@type\":\"WebSite\",\"@id\":\"https:\\\/\\\/tiketi.com\\\/#website\",\"url\":\"https:\\\/\\\/tiketi.com\\\/\",\"name\":\"Flight & Bus Tickets, Tour Packages & Activitites - Tiketi.com\",\"description\":\"Flight &amp; Bus Tickets, Tours, Activitites\",\"publisher\":{\"@id\":\"https:\\\/\\\/tiketi.com\\\/#organization\"},\"potentialAction\":[{\"@type\":\"SearchAction\",\"target\":{\"@type\":\"EntryPoint\",\"urlTemplate\":\"https:\\\/\\\/tiketi.com\\\/?s={search_term_string}\"},\"query-input\":{\"@type\":\"PropertyValueSpecification\",\"valueRequired\":true,\"valueName\":\"search_term_string\"}}],\"inLanguage\":\"fr-FR\"},{\"@type\":\"Organization\",\"@id\":\"https:\\\/\\\/tiketi.com\\\/#organization\",\"name\":\"Tiketi.com\",\"alternateName\":\"Tiketi\",\"url\":\"https:\\\/\\\/tiketi.com\\\/\",\"logo\":{\"@type\":\"ImageObject\",\"inLanguage\":\"fr-FR\",\"@id\":\"https:\\\/\\\/tiketi.com\\\/#\\\/schema\\\/logo\\\/image\\\/\",\"url\":\"https:\\\/\\\/tiketi.com\\\/wp-content\\\/uploads\\\/2019\\\/05\\\/tiketi-logo-696.png\",\"contentUrl\":\"https:\\\/\\\/tiketi.com\\\/wp-content\\\/uploads\\\/2019\\\/05\\\/tiketi-logo-696.png\",\"width\":696,\"height\":696,\"caption\":\"Tiketi.com\"},\"image\":{\"@id\":\"https:\\\/\\\/tiketi.com\\\/#\\\/schema\\\/logo\\\/image\\\/\"},\"sameAs\":[\"https:\\\/\\\/www.facebook.com\\\/TiketiCom\\\/\"]}]}<\/script>\n<!-- \/ Yoast SEO plugin. -->","yoast_head_json":{"title":"Billet d&#039;avion pas cher de Lagos Nigeria \u00e0 Nairobi","description":"Vous \u00eates \u00e0 la recherche d&#039;un billet d&#039;avion de Lagos Nigeria \u00e0 Nairobi ? Trouvez et r\u00e9servez en ligne des vols pas chers de Lagos Nig\u00e9ria \u00e0 Nairobi","robots":{"index":"index","follow":"follow","max-snippet":"max-snippet:-1","max-image-preview":"max-image-preview:large","max-video-preview":"max-video-preview:-1"},"canonical":"https:\/\/tiketi.com\/fr-fr\/cheap-airline-tickets-from-lagos-nigeria-to-nairobi\/","og_locale":"fr_FR","og_type":"article","og_title":"Cheap Airline Ticket from\u00a0Lagos Nigeria to Nairobi","og_description":"Looking for airline ticket from\u00a0Lagos Nigeria to Nairobi? Find & book cheap flights from\u00a0Lagos Nigeria to Nairobi online","og_url":"https:\/\/tiketi.com\/fr-fr\/cheap-airline-tickets-from-lagos-nigeria-to-nairobi\/","og_site_name":"Tiketi.com","article_publisher":"https:\/\/www.facebook.com\/TiketiCom\/","article_modified_time":"2022-02-02T16:59:16+00:00","og_image":[{"width":1200,"height":240,"url":"https:\/\/tiketi.com\/wp-content\/uploads\/2022\/01\/flight-ticket-booking-sorasak-KxCJXXGsv9I-unsplas.jpg","type":"image\/jpeg"}],"twitter_card":"summary_large_image","twitter_misc":{"Dur\u00e9e de lecture estim\u00e9e":"3 minutes"},"schema":{"@context":"https:\/\/schema.org","@graph":[{"@type":"WebPage","@id":"https:\/\/tiketi.com\/cheap-airline-tickets-from-lagos-nigeria-to-nairobi\/","url":"https:\/\/tiketi.com\/cheap-airline-tickets-from-lagos-nigeria-to-nairobi\/","name":"Billet d&#039;avion pas cher de Lagos Nigeria \u00e0 Nairobi","isPartOf":{"@id":"https:\/\/tiketi.com\/#website"},"primaryImageOfPage":{"@id":"https:\/\/tiketi.com\/cheap-airline-tickets-from-lagos-nigeria-to-nairobi\/#primaryimage"},"image":{"@id":"https:\/\/tiketi.com\/cheap-airline-tickets-from-lagos-nigeria-to-nairobi\/#primaryimage"},"thumbnailUrl":"https:\/\/tiketi.com\/wp-content\/uploads\/2022\/01\/flight-ticket-booking-sorasak-KxCJXXGsv9I-unsplas.jpg","datePublished":"2022-01-19T11:55:19+00:00","dateModified":"2022-02-02T16:59:16+00:00","description":"Vous \u00eates \u00e0 la recherche d&#039;un billet d&#039;avion de Lagos Nigeria \u00e0 Nairobi ? Trouvez et r\u00e9servez en ligne des vols pas chers de Lagos Nig\u00e9ria \u00e0 Nairobi","breadcrumb":{"@id":"https:\/\/tiketi.com\/cheap-airline-tickets-from-lagos-nigeria-to-nairobi\/#breadcrumb"},"inLanguage":"fr-FR","potentialAction":[{"@type":"ReadAction","target":["https:\/\/tiketi.com\/cheap-airline-tickets-from-lagos-nigeria-to-nairobi\/"]}]},{"@type":"ImageObject","inLanguage":"fr-FR","@id":"https:\/\/tiketi.com\/cheap-airline-tickets-from-lagos-nigeria-to-nairobi\/#primaryimage","url":"https:\/\/tiketi.com\/wp-content\/uploads\/2022\/01\/flight-ticket-booking-sorasak-KxCJXXGsv9I-unsplas.jpg","contentUrl":"https:\/\/tiketi.com\/wp-content\/uploads\/2022\/01\/flight-ticket-booking-sorasak-KxCJXXGsv9I-unsplas.jpg","width":1200,"height":240,"caption":"Online flight ticket booking"},{"@type":"BreadcrumbList","@id":"https:\/\/tiketi.com\/cheap-airline-tickets-from-lagos-nigeria-to-nairobi\/#breadcrumb","itemListElement":[{"@type":"ListItem","position":1,"name":"Home","item":"https:\/\/tiketi.com\/"},{"@type":"ListItem","position":2,"name":"Cheap Airline Ticket from\u00a0Lagos Nigeria to Nairobi"}]},{"@type":"WebSite","@id":"https:\/\/tiketi.com\/#website","url":"https:\/\/tiketi.com\/","name":"Billets d&#039;avion et de bus, forfaits touristiques et activit\u00e9s - Tiketi.com","description":"Billets d&#039;avion et de bus, Tours, Activit\u00e9s","publisher":{"@id":"https:\/\/tiketi.com\/#organization"},"potentialAction":[{"@type":"SearchAction","target":{"@type":"EntryPoint","urlTemplate":"https:\/\/tiketi.com\/?s={search_term_string}"},"query-input":{"@type":"PropertyValueSpecification","valueRequired":true,"valueName":"search_term_string"}}],"inLanguage":"fr-FR"},{"@type":"Organization","@id":"https:\/\/tiketi.com\/#organization","name":"Tiketi.com","alternateName":"Tiketi","url":"https:\/\/tiketi.com\/","logo":{"@type":"ImageObject","inLanguage":"fr-FR","@id":"https:\/\/tiketi.com\/#\/schema\/logo\/image\/","url":"https:\/\/tiketi.com\/wp-content\/uploads\/2019\/05\/tiketi-logo-696.png","contentUrl":"https:\/\/tiketi.com\/wp-content\/uploads\/2019\/05\/tiketi-logo-696.png","width":696,"height":696,"caption":"Tiketi.com"},"image":{"@id":"https:\/\/tiketi.com\/#\/schema\/logo\/image\/"},"sameAs":["https:\/\/www.facebook.com\/TiketiCom\/"]}]}},"_links":{"self":[{"href":"https:\/\/tiketi.com\/fr-fr\/wp-json\/wp\/v2\/pages\/11881","targetHints":{"allow":["GET"]}}],"collection":[{"href":"https:\/\/tiketi.com\/fr-fr\/wp-json\/wp\/v2\/pages"}],"about":[{"href":"https:\/\/tiketi.com\/fr-fr\/wp-json\/wp\/v2\/types\/page"}],"author":[{"embeddable":true,"href":"https:\/\/tiketi.com\/fr-fr\/wp-json\/wp\/v2\/users\/1"}],"replies":[{"embeddable":true,"href":"https:\/\/tiketi.com\/fr-fr\/wp-json\/wp\/v2\/comments?post=11881"}],"version-history":[{"count":0,"href":"https:\/\/tiketi.com\/fr-fr\/wp-json\/wp\/v2\/pages\/11881\/revisions"}],"wp:featuredmedia":[{"embeddable":true,"href":"https:\/\/tiketi.com\/fr-fr\/wp-json\/wp\/v2\/media\/14041"}],"wp:attachment":[{"href":"https:\/\/tiketi.com\/fr-fr\/wp-json\/wp\/v2\/media?parent=11881"}],"curies":[{"name":"wp","href":"https:\/\/api.w.org\/{rel}","templated":true}]}}