{"id":11882,"date":"2022-01-19T12:55:19","date_gmt":"2022-01-19T11:55:19","guid":{"rendered":"https:\/\/new.tiketi.com\/cheap-flights-from-dar-es-salaam-to-lagos\/"},"modified":"2022-02-07T17:37:02","modified_gmt":"2022-02-07T16:37:02","slug":"flights-dar-es-salaam-lagos-dar-los","status":"publish","type":"page","link":"https:\/\/tiketi.com\/fr-fr\/flights-dar-es-salaam-lagos-dar-los\/","title":{"rendered":"Vols \u00e0 bas prix de Dar es Salam \u00e0 Lagos"},"content":{"rendered":"<h2>Vous recherchez un billet d&#039;avion pas cher de Dar Es Salaam \u00e0 Lagos ou des offres de derni\u00e8re minute ?<\/h2>\n<h3>Recherchez, comparez et r\u00e9servez en ligne maintenant un billet d&#039;avion pas cher de Dar es Salaam (DAR) \u00e0 Lagos (LOS), Nigeria.<\/h3>\n<p>Comparez et r\u00e9servez des vols pas chers de Dar es Salaam \u00e0 Lagos, Nigeria en ligne avec Tiketi.com pour les meilleures offres. Le pays africain le plus peupl\u00e9, le Nig\u00e9ria est devenu un paradis pour les visiteurs intact avec de longues \u00e9tendues de plages chaudes, de magnifiques montagnes, une tradition et une culture bien pr\u00e9serv\u00e9es et des attractions touristiques \u00e9tonnantes. Vous pouvez visiter Dar es Salaam gr\u00e2ce \u00e0 des offres exceptionnelles sur les billets d&#039;avion de Dar es Salaam \u00e0 Lagos, Nigeria et \u00e9conomiser gros sur vos vols de Dar es Salaam \u00e0 Lagos.<\/p>\n<h2>Voici quelques-unes des meilleures attractions de Lagos, Nigeria<\/h2>\n<h3>Plage de noix de coco<\/h3>\n<p>Aucun endroit ne raconte l&#039;histoire du tourisme fusionn\u00e9 avec l&#039;histoire comme Badgary. Il a une vue magnifique et charmante sur l&#039;oc\u00e9an, un meilleur endroit pour se d\u00e9tendre. Vingt milles avant d&#039;arriver \u00e0 la R\u00e9publique du B\u00e9nin aime la plage de noix de coco, et elle est bord\u00e9e de nombreux cocotiers.<\/p>\n<h3>Bar Plage<\/h3>\n<p>Si vous cherchez une plage sans plantes ni m\u00eame de cocotiers, la plage du bar de Lagos devrait \u00eatre votre place. Situ\u00e9 \u00e0 proximit\u00e9 du centre de la magnifique \u00eele Victoria, il est ouvert au public. La brise fra\u00eeche de l&#039;oc\u00e9an et la promenade au bord de la mer peuvent \u00eatre merveilleuses. Sans oublier les \u00e9v\u00e9nements occasionnels et les f\u00eates qui ont lieu ici.<\/p>\n<h3>Nouvel Afrika Sanctuaire<\/h3>\n<p>Lorsque vous avez envie de profiter de la musique attrayante de la c\u00e9l\u00e8bre famille Fela, le sanctuaire New Afrika est l&#039;endroit \u00e0 visiter. Il s&#039;agit du remplacement du v\u00e9ritable sanctuaire qui a \u00e9t\u00e9 incendi\u00e9. Des frais de couverture de N500 sont per\u00e7us. Il est plac\u00e9 dans la rue Adeleye, Ikeja.<\/p>\n<h2>FAQ sur les vols pas chers de Dar es Salaam \u00e0 Lagos (LOS), Nig\u00e9ria<\/h2>\n<h3>Quelle est la dur\u00e9e du vol Dar Es Salaam \u00e0 Lagos ?<\/h3>\n<p>Les vols les moins chers de Dar es Salam \u00e0 Lagos durent g\u00e9n\u00e9ralement 08h 10m.<\/p>\n<h3>Quelle est la distance entre les vols de Dar es Salam \u00e0 Lagos ?<\/h3>\n<p>L&#039;a\u00e9roport le plus proche de Lagos est l&#039;a\u00e9roport Murtala Muhammed et l&#039;a\u00e9roport le plus proche de Dar Es Salaam est l&#039;a\u00e9roport international de Dar Es Salaam.<\/p>\n<p>La distance entre les vols bon march\u00e9 de Dar es Salaam \u00e0 Lagos, Nigeria est d&#039;environ 4260 kilom\u00e8tres.<\/p>\n<h3>Quelles compagnies a\u00e9riennes proposent des billets d&#039;avion pas chers de Dar Es Salaam \u00e0 Lagos, Nig\u00e9ria ?<\/h3>\n<p>China Southern, Rwandair Express, Ethiopian Air, Precision Air et Kenya Airways proposent des billets d&#039;avion pas chers de Dar Es Salaam \u00e0 Lagos.<\/p>\n<h2>Conseils sur les vols Dar es Salaam - Lagos, Nig\u00e9ria<\/h2>\n<p>\u2022 Le temps de vol le plus rapide pour les vols avec escale est de 8 heures 55 minutes.<\/p>\n<p>\u2022 Le premier vol de la journ\u00e9e part \u00e0 03h50. Le dernier vol le moins cher Dar es Salam vers Lagos, Nigeria du jour part \u00e0 10:50.<\/p>\n<p>\u2022 Dar es Salaam, Tanzanie est \u00e0 4 258 km de Lagos<\/p>\n<p>\u2022 Zanzibar, Tanzanie \u2013 Zanzibar Kisauni est la liaison la plus c\u00e9l\u00e8bre pour les vols \u00e0 escale entre la Tanzanie, Dar Es Salaam et Lagos.<\/p>\n<p>\u2022 Lagos est \u00e0 dix-sept kilom\u00e8tres de l&#039;a\u00e9roport Murtala Muhammed.<\/p>\n<p>\u2022 \u00c0 l&#039;heure actuelle, trente-quatre compagnies a\u00e9riennes op\u00e8rent \u00e0 partir de l&#039;a\u00e9roport Murtala Muhammed.<\/p>","protected":false},"excerpt":{"rendered":"<p>Looking for cheap airline ticket from Dar Es Salaam to Lagos\u00a0or last minute deals? Search, compare and book cheap airline ticket from Dar es Salaam (DAR) to Lagos (LOS), Nigeria online now. Compare and book cheap flights from Dar es Salaam to Lagos, Nigeria online with Tiketi.com for the best offers. The most populated African [&hellip;]<\/p>\n","protected":false},"author":1,"featured_media":14041,"parent":0,"menu_order":0,"comment_status":"open","ping_status":"closed","template":"template-home-modern.php","meta":{"footnotes":""},"class_list":["post-11882","page","type-page","status-publish","has-post-thumbnail","hentry"],"yoast_head":"<!-- This site is optimized with the Yoast SEO plugin v27.3 - https:\/\/yoast.com\/product\/yoast-seo-wordpress\/ -->\n<title>Cheap Flights from\u00a0Dar es Salaam to Lagos<\/title>\n<meta name=\"description\" content=\"Looking for cheap flights from\u00a0Dar es Salaam to Kigoma? Search, compare and book cheap airline ticket from Dar es Salaam to Kigoma online\" \/>\n<meta name=\"robots\" content=\"index, follow, max-snippet:-1, max-image-preview:large, max-video-preview:-1\" \/>\n<link rel=\"canonical\" href=\"https:\/\/tiketi.com\/fr-fr\/flights-dar-es-salaam-lagos-dar-los\/\" \/>\n<meta property=\"og:locale\" content=\"fr_FR\" \/>\n<meta property=\"og:type\" content=\"article\" \/>\n<meta property=\"og:title\" content=\"Cheap Flights from\u00a0Dar es Salaam to Lagos\" \/>\n<meta property=\"og:description\" content=\"Looking for cheap flights from\u00a0Dar es Salaam to Kigoma? Search, compare and book cheap airline ticket from Dar es Salaam to Kigoma online\" \/>\n<meta property=\"og:url\" content=\"https:\/\/tiketi.com\/fr-fr\/flights-dar-es-salaam-lagos-dar-los\/\" \/>\n<meta property=\"og:site_name\" content=\"Tiketi.com\" \/>\n<meta property=\"article:publisher\" content=\"https:\/\/www.facebook.com\/TiketiCom\/\" \/>\n<meta property=\"article:modified_time\" content=\"2022-02-07T16:37:02+00:00\" \/>\n<meta property=\"og:image\" content=\"https:\/\/tiketi.com\/wp-content\/uploads\/2022\/01\/flight-ticket-booking-sorasak-KxCJXXGsv9I-unsplas.jpg\" \/>\n\t<meta property=\"og:image:width\" content=\"1200\" \/>\n\t<meta property=\"og:image:height\" content=\"240\" \/>\n\t<meta property=\"og:image:type\" content=\"image\/jpeg\" \/>\n<meta name=\"twitter:card\" content=\"summary_large_image\" \/>\n<meta name=\"twitter:label1\" content=\"Dur\u00e9e de lecture estim\u00e9e\" \/>\n\t<meta name=\"twitter:data1\" content=\"3 minutes\" \/>\n<script type=\"application\/ld+json\" class=\"yoast-schema-graph\">{\"@context\":\"https:\\\/\\\/schema.org\",\"@graph\":[{\"@type\":\"WebPage\",\"@id\":\"https:\\\/\\\/tiketi.com\\\/flights-dar-es-salaam-lagos-dar-los\\\/\",\"url\":\"https:\\\/\\\/tiketi.com\\\/flights-dar-es-salaam-lagos-dar-los\\\/\",\"name\":\"Cheap Flights from\u00a0Dar es Salaam to Lagos\",\"isPartOf\":{\"@id\":\"https:\\\/\\\/tiketi.com\\\/#website\"},\"primaryImageOfPage\":{\"@id\":\"https:\\\/\\\/tiketi.com\\\/flights-dar-es-salaam-lagos-dar-los\\\/#primaryimage\"},\"image\":{\"@id\":\"https:\\\/\\\/tiketi.com\\\/flights-dar-es-salaam-lagos-dar-los\\\/#primaryimage\"},\"thumbnailUrl\":\"https:\\\/\\\/tiketi.com\\\/wp-content\\\/uploads\\\/2022\\\/01\\\/flight-ticket-booking-sorasak-KxCJXXGsv9I-unsplas.jpg\",\"datePublished\":\"2022-01-19T11:55:19+00:00\",\"dateModified\":\"2022-02-07T16:37:02+00:00\",\"description\":\"Looking for cheap flights from\u00a0Dar es Salaam to Kigoma? Search, compare and book cheap airline ticket from Dar es Salaam to Kigoma online\",\"breadcrumb\":{\"@id\":\"https:\\\/\\\/tiketi.com\\\/flights-dar-es-salaam-lagos-dar-los\\\/#breadcrumb\"},\"inLanguage\":\"fr-FR\",\"potentialAction\":[{\"@type\":\"ReadAction\",\"target\":[\"https:\\\/\\\/tiketi.com\\\/flights-dar-es-salaam-lagos-dar-los\\\/\"]}]},{\"@type\":\"ImageObject\",\"inLanguage\":\"fr-FR\",\"@id\":\"https:\\\/\\\/tiketi.com\\\/flights-dar-es-salaam-lagos-dar-los\\\/#primaryimage\",\"url\":\"https:\\\/\\\/tiketi.com\\\/wp-content\\\/uploads\\\/2022\\\/01\\\/flight-ticket-booking-sorasak-KxCJXXGsv9I-unsplas.jpg\",\"contentUrl\":\"https:\\\/\\\/tiketi.com\\\/wp-content\\\/uploads\\\/2022\\\/01\\\/flight-ticket-booking-sorasak-KxCJXXGsv9I-unsplas.jpg\",\"width\":1200,\"height\":240,\"caption\":\"Online flight ticket booking\"},{\"@type\":\"BreadcrumbList\",\"@id\":\"https:\\\/\\\/tiketi.com\\\/flights-dar-es-salaam-lagos-dar-los\\\/#breadcrumb\",\"itemListElement\":[{\"@type\":\"ListItem\",\"position\":1,\"name\":\"Home\",\"item\":\"https:\\\/\\\/tiketi.com\\\/\"},{\"@type\":\"ListItem\",\"position\":2,\"name\":\"Cheap Flights from\u00a0Dar es Salaam to Lagos\"}]},{\"@type\":\"WebSite\",\"@id\":\"https:\\\/\\\/tiketi.com\\\/#website\",\"url\":\"https:\\\/\\\/tiketi.com\\\/\",\"name\":\"Flight & Bus Tickets, Tour Packages & Activitites - Tiketi.com\",\"description\":\"Flight &amp; Bus Tickets, Tours, Activitites\",\"publisher\":{\"@id\":\"https:\\\/\\\/tiketi.com\\\/#organization\"},\"potentialAction\":[{\"@type\":\"SearchAction\",\"target\":{\"@type\":\"EntryPoint\",\"urlTemplate\":\"https:\\\/\\\/tiketi.com\\\/?s={search_term_string}\"},\"query-input\":{\"@type\":\"PropertyValueSpecification\",\"valueRequired\":true,\"valueName\":\"search_term_string\"}}],\"inLanguage\":\"fr-FR\"},{\"@type\":\"Organization\",\"@id\":\"https:\\\/\\\/tiketi.com\\\/#organization\",\"name\":\"Tiketi.com\",\"alternateName\":\"Tiketi\",\"url\":\"https:\\\/\\\/tiketi.com\\\/\",\"logo\":{\"@type\":\"ImageObject\",\"inLanguage\":\"fr-FR\",\"@id\":\"https:\\\/\\\/tiketi.com\\\/#\\\/schema\\\/logo\\\/image\\\/\",\"url\":\"https:\\\/\\\/tiketi.com\\\/wp-content\\\/uploads\\\/2019\\\/05\\\/tiketi-logo-696.png\",\"contentUrl\":\"https:\\\/\\\/tiketi.com\\\/wp-content\\\/uploads\\\/2019\\\/05\\\/tiketi-logo-696.png\",\"width\":696,\"height\":696,\"caption\":\"Tiketi.com\"},\"image\":{\"@id\":\"https:\\\/\\\/tiketi.com\\\/#\\\/schema\\\/logo\\\/image\\\/\"},\"sameAs\":[\"https:\\\/\\\/www.facebook.com\\\/TiketiCom\\\/\"]}]}<\/script>\n<!-- \/ Yoast SEO plugin. -->","yoast_head_json":{"title":"Vols \u00e0 bas prix de Dar es Salam \u00e0 Lagos","description":"Vous recherchez des vols \u00e0 bas prix de Dar es Salam \u00e0 Kigoma ? Recherchez, comparez et r\u00e9servez en ligne un billet d&#039;avion pas cher de Dar es Salam \u00e0 Kigoma","robots":{"index":"index","follow":"follow","max-snippet":"max-snippet:-1","max-image-preview":"max-image-preview:large","max-video-preview":"max-video-preview:-1"},"canonical":"https:\/\/tiketi.com\/fr-fr\/flights-dar-es-salaam-lagos-dar-los\/","og_locale":"fr_FR","og_type":"article","og_title":"Cheap Flights from\u00a0Dar es Salaam to Lagos","og_description":"Looking for cheap flights from\u00a0Dar es Salaam to Kigoma? Search, compare and book cheap airline ticket from Dar es Salaam to Kigoma online","og_url":"https:\/\/tiketi.com\/fr-fr\/flights-dar-es-salaam-lagos-dar-los\/","og_site_name":"Tiketi.com","article_publisher":"https:\/\/www.facebook.com\/TiketiCom\/","article_modified_time":"2022-02-07T16:37:02+00:00","og_image":[{"width":1200,"height":240,"url":"https:\/\/tiketi.com\/wp-content\/uploads\/2022\/01\/flight-ticket-booking-sorasak-KxCJXXGsv9I-unsplas.jpg","type":"image\/jpeg"}],"twitter_card":"summary_large_image","twitter_misc":{"Dur\u00e9e de lecture estim\u00e9e":"3 minutes"},"schema":{"@context":"https:\/\/schema.org","@graph":[{"@type":"WebPage","@id":"https:\/\/tiketi.com\/flights-dar-es-salaam-lagos-dar-los\/","url":"https:\/\/tiketi.com\/flights-dar-es-salaam-lagos-dar-los\/","name":"Vols \u00e0 bas prix de Dar es Salam \u00e0 Lagos","isPartOf":{"@id":"https:\/\/tiketi.com\/#website"},"primaryImageOfPage":{"@id":"https:\/\/tiketi.com\/flights-dar-es-salaam-lagos-dar-los\/#primaryimage"},"image":{"@id":"https:\/\/tiketi.com\/flights-dar-es-salaam-lagos-dar-los\/#primaryimage"},"thumbnailUrl":"https:\/\/tiketi.com\/wp-content\/uploads\/2022\/01\/flight-ticket-booking-sorasak-KxCJXXGsv9I-unsplas.jpg","datePublished":"2022-01-19T11:55:19+00:00","dateModified":"2022-02-07T16:37:02+00:00","description":"Vous recherchez des vols \u00e0 bas prix de Dar es Salam \u00e0 Kigoma ? Recherchez, comparez et r\u00e9servez en ligne un billet d&#039;avion pas cher de Dar es Salam \u00e0 Kigoma","breadcrumb":{"@id":"https:\/\/tiketi.com\/flights-dar-es-salaam-lagos-dar-los\/#breadcrumb"},"inLanguage":"fr-FR","potentialAction":[{"@type":"ReadAction","target":["https:\/\/tiketi.com\/flights-dar-es-salaam-lagos-dar-los\/"]}]},{"@type":"ImageObject","inLanguage":"fr-FR","@id":"https:\/\/tiketi.com\/flights-dar-es-salaam-lagos-dar-los\/#primaryimage","url":"https:\/\/tiketi.com\/wp-content\/uploads\/2022\/01\/flight-ticket-booking-sorasak-KxCJXXGsv9I-unsplas.jpg","contentUrl":"https:\/\/tiketi.com\/wp-content\/uploads\/2022\/01\/flight-ticket-booking-sorasak-KxCJXXGsv9I-unsplas.jpg","width":1200,"height":240,"caption":"Online flight ticket booking"},{"@type":"BreadcrumbList","@id":"https:\/\/tiketi.com\/flights-dar-es-salaam-lagos-dar-los\/#breadcrumb","itemListElement":[{"@type":"ListItem","position":1,"name":"Home","item":"https:\/\/tiketi.com\/"},{"@type":"ListItem","position":2,"name":"Cheap Flights from\u00a0Dar es Salaam to Lagos"}]},{"@type":"WebSite","@id":"https:\/\/tiketi.com\/#website","url":"https:\/\/tiketi.com\/","name":"Billets d&#039;avion et de bus, forfaits touristiques et activit\u00e9s - Tiketi.com","description":"Billets d&#039;avion et de bus, Tours, Activit\u00e9s","publisher":{"@id":"https:\/\/tiketi.com\/#organization"},"potentialAction":[{"@type":"SearchAction","target":{"@type":"EntryPoint","urlTemplate":"https:\/\/tiketi.com\/?s={search_term_string}"},"query-input":{"@type":"PropertyValueSpecification","valueRequired":true,"valueName":"search_term_string"}}],"inLanguage":"fr-FR"},{"@type":"Organization","@id":"https:\/\/tiketi.com\/#organization","name":"Tiketi.com","alternateName":"Tiketi","url":"https:\/\/tiketi.com\/","logo":{"@type":"ImageObject","inLanguage":"fr-FR","@id":"https:\/\/tiketi.com\/#\/schema\/logo\/image\/","url":"https:\/\/tiketi.com\/wp-content\/uploads\/2019\/05\/tiketi-logo-696.png","contentUrl":"https:\/\/tiketi.com\/wp-content\/uploads\/2019\/05\/tiketi-logo-696.png","width":696,"height":696,"caption":"Tiketi.com"},"image":{"@id":"https:\/\/tiketi.com\/#\/schema\/logo\/image\/"},"sameAs":["https:\/\/www.facebook.com\/TiketiCom\/"]}]}},"_links":{"self":[{"href":"https:\/\/tiketi.com\/fr-fr\/wp-json\/wp\/v2\/pages\/11882","targetHints":{"allow":["GET"]}}],"collection":[{"href":"https:\/\/tiketi.com\/fr-fr\/wp-json\/wp\/v2\/pages"}],"about":[{"href":"https:\/\/tiketi.com\/fr-fr\/wp-json\/wp\/v2\/types\/page"}],"author":[{"embeddable":true,"href":"https:\/\/tiketi.com\/fr-fr\/wp-json\/wp\/v2\/users\/1"}],"replies":[{"embeddable":true,"href":"https:\/\/tiketi.com\/fr-fr\/wp-json\/wp\/v2\/comments?post=11882"}],"version-history":[{"count":0,"href":"https:\/\/tiketi.com\/fr-fr\/wp-json\/wp\/v2\/pages\/11882\/revisions"}],"wp:featuredmedia":[{"embeddable":true,"href":"https:\/\/tiketi.com\/fr-fr\/wp-json\/wp\/v2\/media\/14041"}],"wp:attachment":[{"href":"https:\/\/tiketi.com\/fr-fr\/wp-json\/wp\/v2\/media?parent=11882"}],"curies":[{"name":"wp","href":"https:\/\/api.w.org\/{rel}","templated":true}]}}