{"id":11883,"date":"2022-01-19T12:55:19","date_gmt":"2022-01-19T11:55:19","guid":{"rendered":"https:\/\/new.tiketi.com\/cheap-flights-from-nairobi-to-nakuru\/"},"modified":"2023-04-13T09:50:46","modified_gmt":"2023-04-13T08:50:46","slug":"nairobi-to-nakuru-nbo-nuu","status":"publish","type":"page","link":"https:\/\/tiketi.com\/fr-fr\/cheap-flights\/nairobi-to-nakuru-nbo-nuu\/","title":{"rendered":"Vols pas chers de Nairobi \u00e0 Nakuru"},"content":{"rendered":"<h2>Vous cherchez un billet d&#039;avion pas cher \u00e0 destination de Nairobi ou des offres de derni\u00e8re minute ?<\/h2>\n<h3>Cherchez, comparez et r\u00e9servez un billet d&#039;avion pas cher de Nairobi (NBO) \u00e0 Nakuru (NUU)<span style=\"font-size: 16px;\">\u00a0<\/span>maintenant en ligne.<\/h3>\n<p>R\u00e9servez des vols pas chers de Nairobi \u00e0 Nakuru en ligne et \u00e9conomisez de l&#039;argent sur les billets d&#039;avion. Situ\u00e9e \u00e0 158 km de Nairobi, Nakuru est la capitale du comt\u00e9 de Nakuru. Autrefois, la ville de Nakuru \u00e9tait la capitale de la province de la Vall\u00e9e du Rift. Il existe une multitude d&#039;activit\u00e9s dans lesquelles on peut se maintenir \u00e0 Nakuru. Comparez les prix et obtenez le tarif le plus bas sur les billets d&#039;avion de Nairobi \u00e0 Nakuru gr\u00e2ce \u00e0 des offres exceptionnelles sur les vols de Nairobi \u00e0 Nakuru en ligne.<\/p>\n<h2>Voici quelques-unes des meilleures attractions de Nakuru :<\/h2>\n<h3>Naivasha<\/h3>\n<p>C&#039;est l&#039;une des plus grandes attractions touristiques du comt\u00e9 de Nakuru. Lorsque vous mentionnez le nom Naivasha, de nombreuses personnes ont tendance \u00e0 le lier \u00e0 la floriculture. Naivasha est \u00e9galement c\u00e9l\u00e8bre pour abriter le seul lac d\u2019eau douce de la vaste province de la Vall\u00e9e du Rift. Le lac Naivasha abrite des centaines d&#039;oiseaux, ce qui en fait un endroit id\u00e9al pour observer les diff\u00e9rents types d&#039;oiseaux.<\/p>\n<h3>Parc national de Hell&#039;s Gate<\/h3>\n<p>Ce parc national est situ\u00e9 au nord de Nairobi et au sud de Naviasha. Le parc tire son merveilleux nom d&#039;une superbe porte \u00e9troite comme une pause sur les falaises volcaniques de pierre rouge r\u00e9sultant d&#039;une intense activit\u00e9 g\u00e9othermique. Le parc offre une vue magnifique sur la meilleure vall\u00e9e du rift d&#039;Afrique de l&#039;Est.<\/p>\n<h3>Crat\u00e8re Menenga\u00ef<\/h3>\n<p>Le centre Menegai est situ\u00e9 du c\u00f4t\u00e9 nord de la ville de Nakuru. Il s\u2019agit en fait du plus grand crat\u00e8re volcanique du monde. Le crat\u00e8re s&#039;\u00e9tend sur quatre-vingt-dix kilom\u00e8tres carr\u00e9s et a une profondeur de 485 m\u00e8tres. Le volcan est de toute fa\u00e7on \u00e9teint et offre une vue imprenable sur le lac Bogoria, le lac Nakuru ainsi que sur le crat\u00e8re lui-m\u00eame.<\/p>\n<h2>FAQ sur les vols pas chers de Nairobi \u00e0 Nakuru<\/h2>\n<h3>Quel est le meilleur jour pour r\u00e9server un billet d&#039;avion de Nairobi \u00e0 Nakuru ?<\/h3>\n<p>Soyez assez flexible avec votre itin\u00e9raire de vol et vous pourriez garder un peu d\u2019argent. Le mercredi et le mardi sont g\u00e9n\u00e9ralement les moins chers pour les billets d&#039;avion locaux de Nairobi \u00e0 Nakuru, le dimanche et le vendredi \u00e9tant les plus chers.<\/p>\n<h3>Quelles compagnies a\u00e9riennes op\u00e8rent des vols int\u00e9rieurs de Nairobi \u00e0 Nakuru ?<\/h3>\n<p>Il y aura un meilleur nombre de compagnies a\u00e9riennes kenyanes, ce qui permettra d&#039;obtenir des vols locaux bon march\u00e9 de Nairobi \u00e0 Nakuru. Les principales compagnies a\u00e9riennes qui proposeront les vols les moins chers de Nairobi \u00e0 Nakuru sont Fly 540, JamboJet et Safarilink. Ces soci\u00e9t\u00e9s proposeront des lignes de vols c\u00e9l\u00e8bres au d\u00e9part de Kisumu, Mombasa, Nairobi et Eldoret.<\/p>\n<h3>Quand trouver des vols pas chers de Nairobi \u00e0 Nakuru ?<\/h3>\n<p>Nakuru est une ville commerciale autant que touristique. En tant que tel, vous pourrez prendre un vol pour Nakuru \u00e0 tout moment de l&#039;ann\u00e9e, que ce soit pour assister \u00e0 une r\u00e9union d&#039;affaires ou explorer un safari.<\/p>\n<h3>Quand acheter un billet d&#039;avion de Nairobi \u00e0 Nakuru ?<\/h3>\n<p>L\u2019excellent temps de vol de Nairobi \u00e0 Nakuru est de trois mois avant le d\u00e9part.<\/p>\n<p>Pendant les hautes saisons comme ao\u00fbt, juillet et juin et pendant les vacances de d\u00e9cembre. Travelers conseille aux visiteurs d&#039;acheter leurs billets au moins deux mois \u00e0 l&#039;avance pour obtenir le meilleur prix.<\/p>","protected":false},"excerpt":{"rendered":"<p>Looking for cheap airline ticket from Nairobi to Nakuru\u00a0or last minute deals? Search, compare and book cheap airline ticket from Nairobi (NBO) to Nakuru (NUU)\u00a0online now. Book cheap flights from Nairobi to Nakuru online and save money on airfare. Placed 158km from Nairobi, Nakuru is the capital of Nakuru County. Formerly, Nakuru town was the [&hellip;]<\/p>\n","protected":false},"author":1,"featured_media":14041,"parent":23264,"menu_order":0,"comment_status":"open","ping_status":"closed","template":"template-home-modern.php","meta":{"footnotes":""},"class_list":["post-11883","page","type-page","status-publish","has-post-thumbnail","hentry"],"yoast_head":"<!-- This site is optimized with the Yoast SEO plugin v27.4 - https:\/\/yoast.com\/product\/yoast-seo-wordpress\/ -->\n<title>Cheap Flights from\u00a0Nairobi to Nakuru<\/title>\n<meta name=\"description\" content=\"Looking for cheap flights from\u00a0Nairobi to Nakuru? Search, compare and book cheap airline ticket from Nairobi to Nakuru online\" \/>\n<meta name=\"robots\" content=\"index, follow, max-snippet:-1, max-image-preview:large, max-video-preview:-1\" \/>\n<link rel=\"canonical\" href=\"https:\/\/tiketi.com\/fr-fr\/cheap-flights\/nairobi-to-nakuru-nbo-nuu\/\" \/>\n<meta property=\"og:locale\" content=\"fr_FR\" \/>\n<meta property=\"og:type\" content=\"article\" \/>\n<meta property=\"og:title\" content=\"Cheap Flights from\u00a0Nairobi to Nakuru\" \/>\n<meta property=\"og:description\" content=\"Looking for cheap flights from\u00a0Nairobi to Nakuru? Search, compare and book cheap airline ticket from Nairobi to Nakuru online\" \/>\n<meta property=\"og:url\" content=\"https:\/\/tiketi.com\/fr-fr\/cheap-flights\/nairobi-to-nakuru-nbo-nuu\/\" \/>\n<meta property=\"og:site_name\" content=\"Tiketi.com\" \/>\n<meta property=\"article:publisher\" content=\"https:\/\/www.facebook.com\/TiketiCom\/\" \/>\n<meta property=\"article:modified_time\" content=\"2023-04-13T08:50:46+00:00\" \/>\n<meta property=\"og:image\" content=\"https:\/\/tiketi.com\/wp-content\/uploads\/2022\/01\/flight-ticket-booking-sorasak-KxCJXXGsv9I-unsplas.jpg\" \/>\n\t<meta property=\"og:image:width\" content=\"1200\" \/>\n\t<meta property=\"og:image:height\" content=\"240\" \/>\n\t<meta property=\"og:image:type\" content=\"image\/jpeg\" \/>\n<meta name=\"twitter:card\" content=\"summary_large_image\" \/>\n<meta name=\"twitter:label1\" content=\"Dur\u00e9e de lecture estim\u00e9e\" \/>\n\t<meta name=\"twitter:data1\" content=\"3 minutes\" \/>\n<script type=\"application\/ld+json\" class=\"yoast-schema-graph\">{\"@context\":\"https:\\\/\\\/schema.org\",\"@graph\":[{\"@type\":\"WebPage\",\"@id\":\"https:\\\/\\\/tiketi.com\\\/cheap-flights\\\/nairobi-to-nakuru-nbo-nuu\\\/\",\"url\":\"https:\\\/\\\/tiketi.com\\\/cheap-flights\\\/nairobi-to-nakuru-nbo-nuu\\\/\",\"name\":\"Cheap Flights from\u00a0Nairobi to Nakuru\",\"isPartOf\":{\"@id\":\"https:\\\/\\\/tiketi.com\\\/#website\"},\"primaryImageOfPage\":{\"@id\":\"https:\\\/\\\/tiketi.com\\\/cheap-flights\\\/nairobi-to-nakuru-nbo-nuu\\\/#primaryimage\"},\"image\":{\"@id\":\"https:\\\/\\\/tiketi.com\\\/cheap-flights\\\/nairobi-to-nakuru-nbo-nuu\\\/#primaryimage\"},\"thumbnailUrl\":\"https:\\\/\\\/tiketi.com\\\/wp-content\\\/uploads\\\/2022\\\/01\\\/flight-ticket-booking-sorasak-KxCJXXGsv9I-unsplas.jpg\",\"datePublished\":\"2022-01-19T11:55:19+00:00\",\"dateModified\":\"2023-04-13T08:50:46+00:00\",\"description\":\"Looking for cheap flights from\u00a0Nairobi to Nakuru? Search, compare and book cheap airline ticket from Nairobi to Nakuru online\",\"breadcrumb\":{\"@id\":\"https:\\\/\\\/tiketi.com\\\/cheap-flights\\\/nairobi-to-nakuru-nbo-nuu\\\/#breadcrumb\"},\"inLanguage\":\"fr-FR\",\"potentialAction\":[{\"@type\":\"ReadAction\",\"target\":[\"https:\\\/\\\/tiketi.com\\\/cheap-flights\\\/nairobi-to-nakuru-nbo-nuu\\\/\"]}]},{\"@type\":\"ImageObject\",\"inLanguage\":\"fr-FR\",\"@id\":\"https:\\\/\\\/tiketi.com\\\/cheap-flights\\\/nairobi-to-nakuru-nbo-nuu\\\/#primaryimage\",\"url\":\"https:\\\/\\\/tiketi.com\\\/wp-content\\\/uploads\\\/2022\\\/01\\\/flight-ticket-booking-sorasak-KxCJXXGsv9I-unsplas.jpg\",\"contentUrl\":\"https:\\\/\\\/tiketi.com\\\/wp-content\\\/uploads\\\/2022\\\/01\\\/flight-ticket-booking-sorasak-KxCJXXGsv9I-unsplas.jpg\",\"width\":1200,\"height\":240,\"caption\":\"Online flight ticket booking\"},{\"@type\":\"BreadcrumbList\",\"@id\":\"https:\\\/\\\/tiketi.com\\\/cheap-flights\\\/nairobi-to-nakuru-nbo-nuu\\\/#breadcrumb\",\"itemListElement\":[{\"@type\":\"ListItem\",\"position\":1,\"name\":\"Home\",\"item\":\"https:\\\/\\\/tiketi.com\\\/\"},{\"@type\":\"ListItem\",\"position\":2,\"name\":\"Cheap Flights\",\"item\":\"https:\\\/\\\/tiketi.com\\\/cheap-flights\\\/\"},{\"@type\":\"ListItem\",\"position\":3,\"name\":\"Cheap Flights from\u00a0Nairobi to Nakuru\"}]},{\"@type\":\"WebSite\",\"@id\":\"https:\\\/\\\/tiketi.com\\\/#website\",\"url\":\"https:\\\/\\\/tiketi.com\\\/\",\"name\":\"Flight & Bus Tickets, Tour Packages & Activitites - Tiketi.com\",\"description\":\"Flight &amp; Bus Tickets, Tours, Activitites\",\"publisher\":{\"@id\":\"https:\\\/\\\/tiketi.com\\\/#organization\"},\"potentialAction\":[{\"@type\":\"SearchAction\",\"target\":{\"@type\":\"EntryPoint\",\"urlTemplate\":\"https:\\\/\\\/tiketi.com\\\/?s={search_term_string}\"},\"query-input\":{\"@type\":\"PropertyValueSpecification\",\"valueRequired\":true,\"valueName\":\"search_term_string\"}}],\"inLanguage\":\"fr-FR\"},{\"@type\":\"Organization\",\"@id\":\"https:\\\/\\\/tiketi.com\\\/#organization\",\"name\":\"Tiketi.com\",\"alternateName\":\"Tiketi\",\"url\":\"https:\\\/\\\/tiketi.com\\\/\",\"logo\":{\"@type\":\"ImageObject\",\"inLanguage\":\"fr-FR\",\"@id\":\"https:\\\/\\\/tiketi.com\\\/#\\\/schema\\\/logo\\\/image\\\/\",\"url\":\"https:\\\/\\\/tiketi.com\\\/wp-content\\\/uploads\\\/2019\\\/05\\\/tiketi-logo-696.png\",\"contentUrl\":\"https:\\\/\\\/tiketi.com\\\/wp-content\\\/uploads\\\/2019\\\/05\\\/tiketi-logo-696.png\",\"width\":696,\"height\":696,\"caption\":\"Tiketi.com\"},\"image\":{\"@id\":\"https:\\\/\\\/tiketi.com\\\/#\\\/schema\\\/logo\\\/image\\\/\"},\"sameAs\":[\"https:\\\/\\\/www.facebook.com\\\/TiketiCom\\\/\"]}]}<\/script>\n<!-- \/ Yoast SEO plugin. -->","yoast_head_json":{"title":"Vols pas chers de Nairobi \u00e0 Nakuru","description":"Vous recherchez des vols \u00e0 bas prix au Nairobi vers Nakuru? Recherchez, comparez et r\u00e9servez un billet d&#039;avion pas cher de Nairobi \u00e0 Nakuru en ligne","robots":{"index":"index","follow":"follow","max-snippet":"max-snippet:-1","max-image-preview":"max-image-preview:large","max-video-preview":"max-video-preview:-1"},"canonical":"https:\/\/tiketi.com\/fr-fr\/cheap-flights\/nairobi-to-nakuru-nbo-nuu\/","og_locale":"fr_FR","og_type":"article","og_title":"Cheap Flights from\u00a0Nairobi to Nakuru","og_description":"Looking for cheap flights from\u00a0Nairobi to Nakuru? Search, compare and book cheap airline ticket from Nairobi to Nakuru online","og_url":"https:\/\/tiketi.com\/fr-fr\/cheap-flights\/nairobi-to-nakuru-nbo-nuu\/","og_site_name":"Tiketi.com","article_publisher":"https:\/\/www.facebook.com\/TiketiCom\/","article_modified_time":"2023-04-13T08:50:46+00:00","og_image":[{"width":1200,"height":240,"url":"https:\/\/tiketi.com\/wp-content\/uploads\/2022\/01\/flight-ticket-booking-sorasak-KxCJXXGsv9I-unsplas.jpg","type":"image\/jpeg"}],"twitter_card":"summary_large_image","twitter_misc":{"Dur\u00e9e de lecture estim\u00e9e":"3 minutes"},"schema":{"@context":"https:\/\/schema.org","@graph":[{"@type":"WebPage","@id":"https:\/\/tiketi.com\/cheap-flights\/nairobi-to-nakuru-nbo-nuu\/","url":"https:\/\/tiketi.com\/cheap-flights\/nairobi-to-nakuru-nbo-nuu\/","name":"Vols pas chers de Nairobi \u00e0 Nakuru","isPartOf":{"@id":"https:\/\/tiketi.com\/#website"},"primaryImageOfPage":{"@id":"https:\/\/tiketi.com\/cheap-flights\/nairobi-to-nakuru-nbo-nuu\/#primaryimage"},"image":{"@id":"https:\/\/tiketi.com\/cheap-flights\/nairobi-to-nakuru-nbo-nuu\/#primaryimage"},"thumbnailUrl":"https:\/\/tiketi.com\/wp-content\/uploads\/2022\/01\/flight-ticket-booking-sorasak-KxCJXXGsv9I-unsplas.jpg","datePublished":"2022-01-19T11:55:19+00:00","dateModified":"2023-04-13T08:50:46+00:00","description":"Vous recherchez des vols \u00e0 bas prix au Nairobi vers Nakuru? Recherchez, comparez et r\u00e9servez un billet d&#039;avion pas cher de Nairobi \u00e0 Nakuru en ligne","breadcrumb":{"@id":"https:\/\/tiketi.com\/cheap-flights\/nairobi-to-nakuru-nbo-nuu\/#breadcrumb"},"inLanguage":"fr-FR","potentialAction":[{"@type":"ReadAction","target":["https:\/\/tiketi.com\/cheap-flights\/nairobi-to-nakuru-nbo-nuu\/"]}]},{"@type":"ImageObject","inLanguage":"fr-FR","@id":"https:\/\/tiketi.com\/cheap-flights\/nairobi-to-nakuru-nbo-nuu\/#primaryimage","url":"https:\/\/tiketi.com\/wp-content\/uploads\/2022\/01\/flight-ticket-booking-sorasak-KxCJXXGsv9I-unsplas.jpg","contentUrl":"https:\/\/tiketi.com\/wp-content\/uploads\/2022\/01\/flight-ticket-booking-sorasak-KxCJXXGsv9I-unsplas.jpg","width":1200,"height":240,"caption":"Online flight ticket booking"},{"@type":"BreadcrumbList","@id":"https:\/\/tiketi.com\/cheap-flights\/nairobi-to-nakuru-nbo-nuu\/#breadcrumb","itemListElement":[{"@type":"ListItem","position":1,"name":"Home","item":"https:\/\/tiketi.com\/"},{"@type":"ListItem","position":2,"name":"Cheap Flights","item":"https:\/\/tiketi.com\/cheap-flights\/"},{"@type":"ListItem","position":3,"name":"Cheap Flights from\u00a0Nairobi to Nakuru"}]},{"@type":"WebSite","@id":"https:\/\/tiketi.com\/#website","url":"https:\/\/tiketi.com\/","name":"Billets d&#039;avion et de bus, forfaits touristiques et activit\u00e9s - Tiketi.com","description":"Billets d&#039;avion et de bus, Tours, Activit\u00e9s","publisher":{"@id":"https:\/\/tiketi.com\/#organization"},"potentialAction":[{"@type":"SearchAction","target":{"@type":"EntryPoint","urlTemplate":"https:\/\/tiketi.com\/?s={search_term_string}"},"query-input":{"@type":"PropertyValueSpecification","valueRequired":true,"valueName":"search_term_string"}}],"inLanguage":"fr-FR"},{"@type":"Organization","@id":"https:\/\/tiketi.com\/#organization","name":"Tiketi.com","alternateName":"Tiketi","url":"https:\/\/tiketi.com\/","logo":{"@type":"ImageObject","inLanguage":"fr-FR","@id":"https:\/\/tiketi.com\/#\/schema\/logo\/image\/","url":"https:\/\/tiketi.com\/wp-content\/uploads\/2019\/05\/tiketi-logo-696.png","contentUrl":"https:\/\/tiketi.com\/wp-content\/uploads\/2019\/05\/tiketi-logo-696.png","width":696,"height":696,"caption":"Tiketi.com"},"image":{"@id":"https:\/\/tiketi.com\/#\/schema\/logo\/image\/"},"sameAs":["https:\/\/www.facebook.com\/TiketiCom\/"]}]}},"_links":{"self":[{"href":"https:\/\/tiketi.com\/fr-fr\/wp-json\/wp\/v2\/pages\/11883","targetHints":{"allow":["GET"]}}],"collection":[{"href":"https:\/\/tiketi.com\/fr-fr\/wp-json\/wp\/v2\/pages"}],"about":[{"href":"https:\/\/tiketi.com\/fr-fr\/wp-json\/wp\/v2\/types\/page"}],"author":[{"embeddable":true,"href":"https:\/\/tiketi.com\/fr-fr\/wp-json\/wp\/v2\/users\/1"}],"replies":[{"embeddable":true,"href":"https:\/\/tiketi.com\/fr-fr\/wp-json\/wp\/v2\/comments?post=11883"}],"version-history":[{"count":0,"href":"https:\/\/tiketi.com\/fr-fr\/wp-json\/wp\/v2\/pages\/11883\/revisions"}],"up":[{"embeddable":true,"href":"https:\/\/tiketi.com\/fr-fr\/wp-json\/wp\/v2\/pages\/23264"}],"wp:featuredmedia":[{"embeddable":true,"href":"https:\/\/tiketi.com\/fr-fr\/wp-json\/wp\/v2\/media\/14041"}],"wp:attachment":[{"href":"https:\/\/tiketi.com\/fr-fr\/wp-json\/wp\/v2\/media?parent=11883"}],"curies":[{"name":"wp","href":"https:\/\/api.w.org\/{rel}","templated":true}]}}