{"id":11884,"date":"2022-01-19T12:55:19","date_gmt":"2022-01-19T11:55:19","guid":{"rendered":"https:\/\/new.tiketi.com\/cheap-flights-from-dar-es-salaam-to-accra\/"},"modified":"2022-02-07T15:42:59","modified_gmt":"2022-02-07T14:42:59","slug":"flights-dar-es-salaam-accra-dar-acc","status":"publish","type":"page","link":"https:\/\/tiketi.com\/fr-fr\/flights-dar-es-salaam-accra-dar-acc\/","title":{"rendered":"Vols \u00e0 bas prix de Dar es Salam \u00e0 Accra"},"content":{"rendered":"<h2 id=\"looking-for-cheap-airline-ticket-from-cape-town-to-victoria-falls-or-last-minute-deals\">Vous recherchez un billet d&#039;avion pas cher de Dar es Salam \u00e0 Accra ou des offres de derni\u00e8re minute ?<\/h2>\r\n<h2><span style=\"font-size: 16px;\"><!-- \/wp:post-content --><!-- wp:heading {\"level\":3} --><\/span><\/h2>\r\n<h3 id=\"search-compare-and-book-cheap-airline-ticket-from-cape-town-cpt-to-victoria-falls-vfa-online-now\">Recherchez, comparez et r\u00e9servez en ligne maintenant un billet d&#039;avion pas cher entre Dar es Salaam (DAR) et Accra (ACC).<\/h3>\r\n<h2><span style=\"font-size: 16px;\"><!-- \/wp:heading --><!-- wp:paragraph --><\/span><\/h2>\r\nComparez et r\u00e9servez en ligne des vols pas chers de Dar es Salaam \u00e0 Accra et laissez-vous surprendre par la diversit\u00e9 naturelle et le patrimoine culturel de cette ville. Des zones humides c\u00f4ti\u00e8res aux for\u00eats tropicales denses, en passant par les ch\u00e2teaux, les forts et l&#039;art tr\u00e8s ancien, il y a beaucoup de choses \u00e0 faire et \u00e0 voir \u00e0 Accra, que vous recherchiez l&#039;aventure ou le luxe, ou un peu des deux. Vous pouvez visiter Accra gr\u00e2ce \u00e0 des offres exceptionnelles sur les billets d&#039;avion de Dar es Salaam \u00e0 Accra au meilleur prix et voler de Dar es Salaam \u00e0 Accra \u00e0 bas prix.\r\n<h2>Voici quelques-unes des meilleures attractions de la ville d&#039;Accra<\/h2>\r\n<h3>mus\u00e9e national<\/h3>\r\nC&#039;est l&#039;un des plus anciens mus\u00e9es du Ghana et offre aux visiteurs un aper\u00e7u de la culture et de l&#039;histoire locales, de la pr\u00e9histoire \u00e0 nos jours. Il y a des expositions \u00e9tonnantes, y compris des sculptures, des tr\u00f4nes, des \u00e9p\u00e9es, de la poterie, des poids en or Ashanti, des outils de musique, ainsi que l&#039;histoire de la monnaie ghan\u00e9enne.\r\n<h3>La plage de Labadi<\/h3>\r\nLe ch\u00e2teau a chang\u00e9 de main \u00e0 de nombreuses reprises pour son \u00e9rection au XVIIe si\u00e8cle jusqu&#039;\u00e0 son statut actuel de Maison Pr\u00e9sidentielle. Initialement utilis\u00e9 pour le commerce de m\u00e9taux pr\u00e9cieux, il est devenu un lieu de stockage des esclaves sous la domination danoise, puis a servi de si\u00e8ge \u00e0 la c\u00f4te danoise de l&#039;or.\r\n<h3>Jamestown<\/h3>\r\nLa partie la plus ancienne d&#039;Accra et g\u00e9n\u00e9ralement associ\u00e9e \u00e0 la ville de pierre de Zanzibar, Jamestown reste un centre de p\u00eache dynamique et est l&#039;un des endroits m\u00e9morables de la ville. Rendez-vous au port t\u00f4t le matin et admirez les belles prises du jour, visitez le vieux phare pour une vue imprenable sur la ville ou \u00e9merveillez-vous simplement devant les agr\u00e9ables ruelles cach\u00e9es et les vieilles maisons en pierre.\r\n<h2>FAQ sur les vols pas chers de Dar es Salam \u00e0 Accra<\/h2>\r\n<h3>Quel est le jour le moins cher pour prendre un vol Dar Es Salaam-Accra ?<\/h3>\r\nLe jour le moins cher pour voler de Dar Es Salaam \u00e0 Accra est le lundi. Si vous souhaitez garder un peu d&#039;argent lors de votre prochain voyage d&#039;affaires, recherchez des vols Dar es Salaam Accra ce jour-l\u00e0.\r\n<h3>Quel est le billet d&#039;avion pas cher de Dar es Salaam \u00e0 la compagnie a\u00e9rienne Accra ?<\/h3>\r\nKenya Airways propose un billet d&#039;avion bon march\u00e9 de Dar es Salaam \u00e0 Accra au $409.\r\n<h3>Combien de compagnies a\u00e9riennes proposent des vols directs de Dar es Salam \u00e0 Accra ?<\/h3>\r\nAucune compagnie a\u00e9rienne n&#039;offre de vols directs de Dar es Salam \u00e0 Accra.\r\n<h3>Combien d&#039;a\u00e9roports y a-t-il \u00e0 Accra ?<\/h3>\r\nIl y a un a\u00e9roport \u00e0 Accra.\r\n<h2>Conseils sur les vols entre Dar es Salam et Accra<\/h2>\r\n\u2022 Dar es Salaam, Tanzanie est \u00e0 2 850 miles d&#039;Accra. \u2022 Zanzibar, Tanzanie \u2013 Zanzibar Kisauni est le lien le plus c\u00e9l\u00e8bre pour les vols \u00e0 un arr\u00eat entre Dar es Salaam et Accra. \u2022 Le temps de vol le plus rapide pour les vols avec escale est de neuf heures cinquante-cinq minutes. \u2022 Le premier vol de la journ\u00e9e part \u00e0 03h50. Le dernier vol de la journ\u00e9e part \u00e0 5h15.\r\n\r\n&nbsp;","protected":false},"excerpt":{"rendered":"<p>Looking for cheap airline ticket from Dar es Salaam to Accra or last minute deals? Search, compare and book cheap airline ticket from Dar es Salaam (DAR) to Accra (ACC) online now. Compare and book cheap flights from Dar es Salaam to Accra online and be amazed by this city&#8217;s natural diversity and cultural heritage. [&hellip;]<\/p>\n","protected":false},"author":1,"featured_media":14041,"parent":0,"menu_order":0,"comment_status":"open","ping_status":"closed","template":"template-home-modern.php","meta":{"footnotes":""},"class_list":["post-11884","page","type-page","status-publish","has-post-thumbnail","hentry"],"yoast_head":"<!-- This site is optimized with the Yoast SEO plugin v27.3 - https:\/\/yoast.com\/product\/yoast-seo-wordpress\/ -->\n<title>Cheap Flights from\u00a0Dar es Salaam to Accra<\/title>\n<meta name=\"description\" content=\"Looking for cheap flights from\u00a0Dar es Salaam to Accra? Search, compare and book cheap airline ticket from Dar es Salaam to Accra online\" \/>\n<meta name=\"robots\" content=\"index, follow, max-snippet:-1, max-image-preview:large, max-video-preview:-1\" \/>\n<link rel=\"canonical\" href=\"https:\/\/tiketi.com\/fr-fr\/flights-dar-es-salaam-accra-dar-acc\/\" \/>\n<meta property=\"og:locale\" content=\"fr_FR\" \/>\n<meta property=\"og:type\" content=\"article\" \/>\n<meta property=\"og:title\" content=\"Cheap Flights from\u00a0Dar es Salaam to Accra\" \/>\n<meta property=\"og:description\" content=\"Looking for cheap flights from\u00a0Dar es Salaam to Accra? Search, compare and book cheap airline ticket from Dar es Salaam to Accra online\" \/>\n<meta property=\"og:url\" content=\"https:\/\/tiketi.com\/fr-fr\/flights-dar-es-salaam-accra-dar-acc\/\" \/>\n<meta property=\"og:site_name\" content=\"Tiketi.com\" \/>\n<meta property=\"article:publisher\" content=\"https:\/\/www.facebook.com\/TiketiCom\/\" \/>\n<meta property=\"article:modified_time\" content=\"2022-02-07T14:42:59+00:00\" \/>\n<meta property=\"og:image\" content=\"https:\/\/tiketi.com\/wp-content\/uploads\/2022\/01\/flight-ticket-booking-sorasak-KxCJXXGsv9I-unsplas.jpg\" \/>\n\t<meta property=\"og:image:width\" content=\"1200\" \/>\n\t<meta property=\"og:image:height\" content=\"240\" \/>\n\t<meta property=\"og:image:type\" content=\"image\/jpeg\" \/>\n<meta name=\"twitter:card\" content=\"summary_large_image\" \/>\n<meta name=\"twitter:label1\" content=\"Dur\u00e9e de lecture estim\u00e9e\" \/>\n\t<meta name=\"twitter:data1\" content=\"3 minutes\" \/>\n<script type=\"application\/ld+json\" class=\"yoast-schema-graph\">{\"@context\":\"https:\\\/\\\/schema.org\",\"@graph\":[{\"@type\":\"WebPage\",\"@id\":\"https:\\\/\\\/tiketi.com\\\/flights-dar-es-salaam-accra-dar-acc\\\/\",\"url\":\"https:\\\/\\\/tiketi.com\\\/flights-dar-es-salaam-accra-dar-acc\\\/\",\"name\":\"Cheap Flights from\u00a0Dar es Salaam to Accra\",\"isPartOf\":{\"@id\":\"https:\\\/\\\/tiketi.com\\\/#website\"},\"primaryImageOfPage\":{\"@id\":\"https:\\\/\\\/tiketi.com\\\/flights-dar-es-salaam-accra-dar-acc\\\/#primaryimage\"},\"image\":{\"@id\":\"https:\\\/\\\/tiketi.com\\\/flights-dar-es-salaam-accra-dar-acc\\\/#primaryimage\"},\"thumbnailUrl\":\"https:\\\/\\\/tiketi.com\\\/wp-content\\\/uploads\\\/2022\\\/01\\\/flight-ticket-booking-sorasak-KxCJXXGsv9I-unsplas.jpg\",\"datePublished\":\"2022-01-19T11:55:19+00:00\",\"dateModified\":\"2022-02-07T14:42:59+00:00\",\"description\":\"Looking for cheap flights from\u00a0Dar es Salaam to Accra? Search, compare and book cheap airline ticket from Dar es Salaam to Accra online\",\"breadcrumb\":{\"@id\":\"https:\\\/\\\/tiketi.com\\\/flights-dar-es-salaam-accra-dar-acc\\\/#breadcrumb\"},\"inLanguage\":\"fr-FR\",\"potentialAction\":[{\"@type\":\"ReadAction\",\"target\":[\"https:\\\/\\\/tiketi.com\\\/flights-dar-es-salaam-accra-dar-acc\\\/\"]}]},{\"@type\":\"ImageObject\",\"inLanguage\":\"fr-FR\",\"@id\":\"https:\\\/\\\/tiketi.com\\\/flights-dar-es-salaam-accra-dar-acc\\\/#primaryimage\",\"url\":\"https:\\\/\\\/tiketi.com\\\/wp-content\\\/uploads\\\/2022\\\/01\\\/flight-ticket-booking-sorasak-KxCJXXGsv9I-unsplas.jpg\",\"contentUrl\":\"https:\\\/\\\/tiketi.com\\\/wp-content\\\/uploads\\\/2022\\\/01\\\/flight-ticket-booking-sorasak-KxCJXXGsv9I-unsplas.jpg\",\"width\":1200,\"height\":240,\"caption\":\"Online flight ticket booking\"},{\"@type\":\"BreadcrumbList\",\"@id\":\"https:\\\/\\\/tiketi.com\\\/flights-dar-es-salaam-accra-dar-acc\\\/#breadcrumb\",\"itemListElement\":[{\"@type\":\"ListItem\",\"position\":1,\"name\":\"Home\",\"item\":\"https:\\\/\\\/tiketi.com\\\/\"},{\"@type\":\"ListItem\",\"position\":2,\"name\":\"Cheap Flights from\u00a0Dar es Salaam to Accra\"}]},{\"@type\":\"WebSite\",\"@id\":\"https:\\\/\\\/tiketi.com\\\/#website\",\"url\":\"https:\\\/\\\/tiketi.com\\\/\",\"name\":\"Flight & Bus Tickets, Tour Packages & Activitites - Tiketi.com\",\"description\":\"Flight &amp; Bus Tickets, Tours, Activitites\",\"publisher\":{\"@id\":\"https:\\\/\\\/tiketi.com\\\/#organization\"},\"potentialAction\":[{\"@type\":\"SearchAction\",\"target\":{\"@type\":\"EntryPoint\",\"urlTemplate\":\"https:\\\/\\\/tiketi.com\\\/?s={search_term_string}\"},\"query-input\":{\"@type\":\"PropertyValueSpecification\",\"valueRequired\":true,\"valueName\":\"search_term_string\"}}],\"inLanguage\":\"fr-FR\"},{\"@type\":\"Organization\",\"@id\":\"https:\\\/\\\/tiketi.com\\\/#organization\",\"name\":\"Tiketi.com\",\"alternateName\":\"Tiketi\",\"url\":\"https:\\\/\\\/tiketi.com\\\/\",\"logo\":{\"@type\":\"ImageObject\",\"inLanguage\":\"fr-FR\",\"@id\":\"https:\\\/\\\/tiketi.com\\\/#\\\/schema\\\/logo\\\/image\\\/\",\"url\":\"https:\\\/\\\/tiketi.com\\\/wp-content\\\/uploads\\\/2019\\\/05\\\/tiketi-logo-696.png\",\"contentUrl\":\"https:\\\/\\\/tiketi.com\\\/wp-content\\\/uploads\\\/2019\\\/05\\\/tiketi-logo-696.png\",\"width\":696,\"height\":696,\"caption\":\"Tiketi.com\"},\"image\":{\"@id\":\"https:\\\/\\\/tiketi.com\\\/#\\\/schema\\\/logo\\\/image\\\/\"},\"sameAs\":[\"https:\\\/\\\/www.facebook.com\\\/TiketiCom\\\/\"]}]}<\/script>\n<!-- \/ Yoast SEO plugin. -->","yoast_head_json":{"title":"Vols \u00e0 bas prix de Dar es Salam \u00e0 Accra","description":"Vous recherchez des vols \u00e0 bas prix de Dar es Salam \u00e0 Accra ? Recherchez, comparez et r\u00e9servez en ligne un billet d&#039;avion pas cher de Dar es Salam \u00e0 Accra","robots":{"index":"index","follow":"follow","max-snippet":"max-snippet:-1","max-image-preview":"max-image-preview:large","max-video-preview":"max-video-preview:-1"},"canonical":"https:\/\/tiketi.com\/fr-fr\/flights-dar-es-salaam-accra-dar-acc\/","og_locale":"fr_FR","og_type":"article","og_title":"Cheap Flights from\u00a0Dar es Salaam to Accra","og_description":"Looking for cheap flights from\u00a0Dar es Salaam to Accra? Search, compare and book cheap airline ticket from Dar es Salaam to Accra online","og_url":"https:\/\/tiketi.com\/fr-fr\/flights-dar-es-salaam-accra-dar-acc\/","og_site_name":"Tiketi.com","article_publisher":"https:\/\/www.facebook.com\/TiketiCom\/","article_modified_time":"2022-02-07T14:42:59+00:00","og_image":[{"width":1200,"height":240,"url":"https:\/\/tiketi.com\/wp-content\/uploads\/2022\/01\/flight-ticket-booking-sorasak-KxCJXXGsv9I-unsplas.jpg","type":"image\/jpeg"}],"twitter_card":"summary_large_image","twitter_misc":{"Dur\u00e9e de lecture estim\u00e9e":"3 minutes"},"schema":{"@context":"https:\/\/schema.org","@graph":[{"@type":"WebPage","@id":"https:\/\/tiketi.com\/flights-dar-es-salaam-accra-dar-acc\/","url":"https:\/\/tiketi.com\/flights-dar-es-salaam-accra-dar-acc\/","name":"Vols \u00e0 bas prix de Dar es Salam \u00e0 Accra","isPartOf":{"@id":"https:\/\/tiketi.com\/#website"},"primaryImageOfPage":{"@id":"https:\/\/tiketi.com\/flights-dar-es-salaam-accra-dar-acc\/#primaryimage"},"image":{"@id":"https:\/\/tiketi.com\/flights-dar-es-salaam-accra-dar-acc\/#primaryimage"},"thumbnailUrl":"https:\/\/tiketi.com\/wp-content\/uploads\/2022\/01\/flight-ticket-booking-sorasak-KxCJXXGsv9I-unsplas.jpg","datePublished":"2022-01-19T11:55:19+00:00","dateModified":"2022-02-07T14:42:59+00:00","description":"Vous recherchez des vols \u00e0 bas prix de Dar es Salam \u00e0 Accra ? Recherchez, comparez et r\u00e9servez en ligne un billet d&#039;avion pas cher de Dar es Salam \u00e0 Accra","breadcrumb":{"@id":"https:\/\/tiketi.com\/flights-dar-es-salaam-accra-dar-acc\/#breadcrumb"},"inLanguage":"fr-FR","potentialAction":[{"@type":"ReadAction","target":["https:\/\/tiketi.com\/flights-dar-es-salaam-accra-dar-acc\/"]}]},{"@type":"ImageObject","inLanguage":"fr-FR","@id":"https:\/\/tiketi.com\/flights-dar-es-salaam-accra-dar-acc\/#primaryimage","url":"https:\/\/tiketi.com\/wp-content\/uploads\/2022\/01\/flight-ticket-booking-sorasak-KxCJXXGsv9I-unsplas.jpg","contentUrl":"https:\/\/tiketi.com\/wp-content\/uploads\/2022\/01\/flight-ticket-booking-sorasak-KxCJXXGsv9I-unsplas.jpg","width":1200,"height":240,"caption":"Online flight ticket booking"},{"@type":"BreadcrumbList","@id":"https:\/\/tiketi.com\/flights-dar-es-salaam-accra-dar-acc\/#breadcrumb","itemListElement":[{"@type":"ListItem","position":1,"name":"Home","item":"https:\/\/tiketi.com\/"},{"@type":"ListItem","position":2,"name":"Cheap Flights from\u00a0Dar es Salaam to Accra"}]},{"@type":"WebSite","@id":"https:\/\/tiketi.com\/#website","url":"https:\/\/tiketi.com\/","name":"Billets d&#039;avion et de bus, forfaits touristiques et activit\u00e9s - Tiketi.com","description":"Billets d&#039;avion et de bus, Tours, Activit\u00e9s","publisher":{"@id":"https:\/\/tiketi.com\/#organization"},"potentialAction":[{"@type":"SearchAction","target":{"@type":"EntryPoint","urlTemplate":"https:\/\/tiketi.com\/?s={search_term_string}"},"query-input":{"@type":"PropertyValueSpecification","valueRequired":true,"valueName":"search_term_string"}}],"inLanguage":"fr-FR"},{"@type":"Organization","@id":"https:\/\/tiketi.com\/#organization","name":"Tiketi.com","alternateName":"Tiketi","url":"https:\/\/tiketi.com\/","logo":{"@type":"ImageObject","inLanguage":"fr-FR","@id":"https:\/\/tiketi.com\/#\/schema\/logo\/image\/","url":"https:\/\/tiketi.com\/wp-content\/uploads\/2019\/05\/tiketi-logo-696.png","contentUrl":"https:\/\/tiketi.com\/wp-content\/uploads\/2019\/05\/tiketi-logo-696.png","width":696,"height":696,"caption":"Tiketi.com"},"image":{"@id":"https:\/\/tiketi.com\/#\/schema\/logo\/image\/"},"sameAs":["https:\/\/www.facebook.com\/TiketiCom\/"]}]}},"_links":{"self":[{"href":"https:\/\/tiketi.com\/fr-fr\/wp-json\/wp\/v2\/pages\/11884","targetHints":{"allow":["GET"]}}],"collection":[{"href":"https:\/\/tiketi.com\/fr-fr\/wp-json\/wp\/v2\/pages"}],"about":[{"href":"https:\/\/tiketi.com\/fr-fr\/wp-json\/wp\/v2\/types\/page"}],"author":[{"embeddable":true,"href":"https:\/\/tiketi.com\/fr-fr\/wp-json\/wp\/v2\/users\/1"}],"replies":[{"embeddable":true,"href":"https:\/\/tiketi.com\/fr-fr\/wp-json\/wp\/v2\/comments?post=11884"}],"version-history":[{"count":0,"href":"https:\/\/tiketi.com\/fr-fr\/wp-json\/wp\/v2\/pages\/11884\/revisions"}],"wp:featuredmedia":[{"embeddable":true,"href":"https:\/\/tiketi.com\/fr-fr\/wp-json\/wp\/v2\/media\/14041"}],"wp:attachment":[{"href":"https:\/\/tiketi.com\/fr-fr\/wp-json\/wp\/v2\/media?parent=11884"}],"curies":[{"name":"wp","href":"https:\/\/api.w.org\/{rel}","templated":true}]}}