{"id":11886,"date":"2022-01-19T12:55:19","date_gmt":"2022-01-19T11:55:19","guid":{"rendered":"https:\/\/new.tiketi.com\/cheap-flights-to-new-york\/"},"modified":"2022-02-10T15:31:56","modified_gmt":"2022-02-10T14:31:56","slug":"cheap-flights-to-new-york-jfk","status":"publish","type":"page","link":"https:\/\/tiketi.com\/fr-fr\/cheap-flights-to-new-york-jfk\/","title":{"rendered":"Vols pas chers vers New York"},"content":{"rendered":"<h2>Looking for cheap airline ticket to New York or last minute deals?<\/h2>\n<h3>Search, compare and book cheap New York flights online now.<\/h3>\n<p>Book cheap flights to New York online and save money on airfare. With popular New York landmarks like the Empire State Building, Rockefeller Center or Brooklyn Bridge around every corner, it can be difficult picking the attractions that you want to view on your trip to NYC. Compare prices and get the lowest airfare on airline ticket to New York through great offers on New York flights online ticket booking.<\/p>\n<h2>Here are some of the best attractions of New York<\/h2>\n<p>Below you will find the best attractions of NYC.<\/p>\n<h3>La statue de la Libert\u00e9<\/h3>\n<p>La Statue de la Libert\u00e9 \u00e9tait un cadeau de France \u00e0 l&#039;Am\u00e9rique. Construit en 1886, il reste un symbole mondial populaire de libert\u00e9 et l&#039;une des plus grandes ic\u00f4nes am\u00e9ricaines. C&#039;est l&#039;une des plus grandes statues du monde, mesurant un peu moins de 152 pieds de haut de la base \u00e0 la torche et pesant environ 450 000 livres.<\/p>\n<h3>Parc central<\/h3>\n<p>Une promenade \u00e0 pied, \u00e0 pied ou en cal\u00e8che dans les all\u00e9es qui s&#039;entrecroisent de Central Park est un incontournable de tout itin\u00e9raire \u00e0 New York. Pendant les mois de glace, vous pouvez m\u00eame attacher vos patins et glisser sur la Wollman Rink. Ce grand parc du centre-ville, d&#039;une demi-largeur et d&#039;une longueur de 2,5 miles, est l&#039;une des choses qui font de NYC une ville aussi charmante et dynamique.<\/p>\n<h3>centre Rockefeller<\/h3>\n<p>En ce qui concerne les attractions de New York, le Rockefeller Center est presque tous les itin\u00e9raires des visiteurs. Ce grand complexe de divertissement et de shopping au milieu de Manhattan abrite NBC-TV et d&#039;autres m\u00e9dias, mais la pi\u00e8ce ma\u00eetresse est le Rockefeller Plaza de soixante-dix \u00e9tages, un gratte-ciel Art d\u00e9co qui offre une vue imprenable sur Manhattan depuis le sommet populaire du rocher. pont d&#039;observation.<\/p>\n<h3>L&#039;Empire State Building<\/h3>\n<p>L&#039;Empire State Building est l&#039;un des b\u00e2timents les plus c\u00e9l\u00e8bres de New York et des principales attractions touristiques. Le b\u00e2timent de 381 m\u00e8tres de haut et 102 \u00e9tages \u00e9tait le plus haut de la plan\u00e8te jusqu&#039;\u00e0 ce que le 1 World Trade Center s&#039;\u00e9l\u00e8ve plus haut, quarante et un ans plus tard. Surmont\u00e9 d&#039;un m\u00e2t d&#039;amarrage pour les dirigeables, l&#039;Empire State Building est rapidement devenu un point de rep\u00e8re et un symbole pour New York lors de son ouverture en 1931.<\/p>\n<h3>Mus\u00e9e d&#039;art m\u00e9tropolitain<\/h3>\n<p>Le Met, ou Metropolitan Museum of Art, comme on l&#039;appelle g\u00e9n\u00e9ralement, a \u00e9t\u00e9 fond\u00e9 en 1870 et est l&#039;un des mus\u00e9es les plus populaires d&#039;Am\u00e9rique. La collection permanente du Met contient plus de 2 millions d&#039;\u0153uvres d&#039;art, couvrant une p\u00e9riode de 5 000 ans.<\/p>\n<h2>Cheap flights to New York FAQs<\/h2>\n<h3>What is the cheap time of year to fly to NYC?<\/h3>\n<p>The cheap flights to New York time is between the months of November to March. Definitely, deducting the Holiday weeks and New Year, &nbsp;New work is the affordable during the cold winter months. The most expensive New York flights and hotel are in July and August.<\/p>\n<h3>Quel est le meilleur moment pour visiter New York ?<\/h3>\n<p>Spring and summer seasons are the excellent times to discover the best of this tourism magnet with mostly tourists setting their ways to Manhattan in big numbers. Early fall is also best when chill breeze and moderate temperature predominates. But bear in mind, no issue what time of the year you book cheap airline ticket to New York, the city will forever be alive, kicking and never lacking fun-filled activities.<\/p>\n<h3>What is the cheapest day to fly to New York?<\/h3>\n<p>Thursday is presently, on average, the cheap day to fly to NYC. Flying on Sunday will outcome in higher New York tickets price.<\/p>\n<h3>\u00c0 quelle heure de la journ\u00e9e est-il bon march\u00e9 de voler\u00a0?<\/h3>\n<p>At the moment, cheap flight tickets to New York at midday are likely to provide the top value for money for your NYC trip.<\/p>\n<h3>Which airlines operate cheap airline ticket to New York?<\/h3>\n<p>British Airways, Kenya Airways, Alitalia, South African Airways, KLM, Aer Lingus, and Lufthansa are amongst forty airlines that fly to NYC. The Big Apple is, definitely, one of the most famous places on the world, so, whether you are booking New York flights or stopping on the way, airlines are extremely competitive with their prices for airline ticket to New York.<\/p>\n<h3>Quels sont les choix de transport disponibles pour les touristes \u00e0 New York\u00a0?<\/h3>\n<p>Toute la ville de New York est comme une grille et simplement navigable. Louer un taxi, de toute fa\u00e7on, est l&#039;excellent moyen de voyager \u00e0 New York qui ne co\u00fbterait pas trop cher et qui est \u00e9galement assez facile \u00e0 trouver, peu importe o\u00f9 vous vous trouvez dans la ville. C&#039;est l&#039;un des moyens abordables de voyager \u00e0 New York et aussi l&#039;un des meilleurs moyens d&#039;explorer v\u00e9ritablement l&#039;essence de la vie dans cette ville anim\u00e9e. Le m\u00e9tro fonctionne 24 heures sur 24 et est facilement accessible quelle que soit l&#039;heure de la journ\u00e9e \u00e0 laquelle vous voyagez. L&#039;utilisation du bus est \u00e9galement un meilleur choix \u00e0 condition que vous voyagiez pendant les heures de pointe o\u00f9 vous pourriez \u00eatre coinc\u00e9 dans la circulation.<\/p>\n<h2>Handy tips for New York flights direct<\/h2>\n<p>\u2022 La ville de New York regorge de sites et de choses \u00e0 faire que vous ne voulez pas manquer. Assurez-vous donc de vous procurer un guide qui vous aidera \u00e0 planifier votre voyage de mani\u00e8re \u00e0 vous faire parcourir la ville sans manquer les grandes attractions touristiques.<\/p>\n<p>\u2022 Vous souhaiterez peut-\u00eatre r\u00e9server vos r\u00e9servations pour certaines des principales attractions de New York d\u00e8s votre atterrissage dans la c\u00e9l\u00e8bre ville. Ceux-ci contiennent l&#039;observation du Top of the Rock Sunset, la visite des studios NBC, l&#039;observation de l&#039;Empire State, etc.<\/p>","protected":false},"excerpt":{"rendered":"<p>Looking for cheap airline ticket to New York or last minute deals? Search, compare and book cheap New York flights online now. Book cheap flights to New York online and save money on airfare. With popular New York landmarks like the Empire State Building, Rockefeller Center or Brooklyn Bridge around every corner, it can be [&hellip;]<\/p>\n","protected":false},"author":1,"featured_media":15770,"parent":0,"menu_order":0,"comment_status":"open","ping_status":"closed","template":"template-home-modern.php","meta":{"footnotes":""},"class_list":["post-11886","page","type-page","status-publish","has-post-thumbnail","hentry"],"yoast_head":"<!-- This site is optimized with the Yoast SEO plugin v27.3 - https:\/\/yoast.com\/product\/yoast-seo-wordpress\/ -->\n<title>Cheap Flights to New York<\/title>\n<meta name=\"description\" content=\"Looking for cheap flights to\u00a0New York? Search, compare and book cheap airline ticket from to\u00a0New York online and save time and money\" \/>\n<meta name=\"robots\" content=\"index, follow, max-snippet:-1, max-image-preview:large, max-video-preview:-1\" \/>\n<link rel=\"canonical\" href=\"https:\/\/tiketi.com\/fr-fr\/cheap-flights-to-new-york-jfk\/\" \/>\n<meta property=\"og:locale\" content=\"fr_FR\" \/>\n<meta property=\"og:type\" content=\"article\" \/>\n<meta property=\"og:title\" content=\"Cheap Flights to New York\" \/>\n<meta property=\"og:description\" content=\"Looking for cheap flights to\u00a0New York? Search, compare and book cheap airline ticket from to\u00a0New York online and save time and money\" \/>\n<meta property=\"og:url\" content=\"https:\/\/tiketi.com\/fr-fr\/cheap-flights-to-new-york-jfk\/\" \/>\n<meta property=\"og:site_name\" content=\"Tiketi.com\" \/>\n<meta property=\"article:publisher\" content=\"https:\/\/www.facebook.com\/TiketiCom\/\" \/>\n<meta property=\"article:modified_time\" content=\"2022-02-10T14:31:56+00:00\" \/>\n<meta property=\"og:image\" content=\"https:\/\/tiketi.com\/wp-content\/uploads\/2019\/05\/new-york-4957752_1280.jpg\" \/>\n\t<meta property=\"og:image:width\" content=\"1200\" \/>\n\t<meta property=\"og:image:height\" content=\"204\" \/>\n\t<meta property=\"og:image:type\" content=\"image\/jpeg\" \/>\n<meta name=\"twitter:card\" content=\"summary_large_image\" \/>\n<meta name=\"twitter:label1\" content=\"Dur\u00e9e de lecture estim\u00e9e\" \/>\n\t<meta name=\"twitter:data1\" content=\"5 minutes\" \/>\n<script type=\"application\/ld+json\" class=\"yoast-schema-graph\">{\"@context\":\"https:\\\/\\\/schema.org\",\"@graph\":[{\"@type\":\"WebPage\",\"@id\":\"https:\\\/\\\/tiketi.com\\\/cheap-flights-to-new-york-jfk\\\/\",\"url\":\"https:\\\/\\\/tiketi.com\\\/cheap-flights-to-new-york-jfk\\\/\",\"name\":\"Cheap Flights to New York\",\"isPartOf\":{\"@id\":\"https:\\\/\\\/tiketi.com\\\/#website\"},\"primaryImageOfPage\":{\"@id\":\"https:\\\/\\\/tiketi.com\\\/cheap-flights-to-new-york-jfk\\\/#primaryimage\"},\"image\":{\"@id\":\"https:\\\/\\\/tiketi.com\\\/cheap-flights-to-new-york-jfk\\\/#primaryimage\"},\"thumbnailUrl\":\"https:\\\/\\\/tiketi.com\\\/wp-content\\\/uploads\\\/2019\\\/05\\\/new-york-4957752_1280.jpg\",\"datePublished\":\"2022-01-19T11:55:19+00:00\",\"dateModified\":\"2022-02-10T14:31:56+00:00\",\"description\":\"Looking for cheap flights to\u00a0New York? Search, compare and book cheap airline ticket from to\u00a0New York online and save time and money\",\"breadcrumb\":{\"@id\":\"https:\\\/\\\/tiketi.com\\\/cheap-flights-to-new-york-jfk\\\/#breadcrumb\"},\"inLanguage\":\"fr-FR\",\"potentialAction\":[{\"@type\":\"ReadAction\",\"target\":[\"https:\\\/\\\/tiketi.com\\\/cheap-flights-to-new-york-jfk\\\/\"]}]},{\"@type\":\"ImageObject\",\"inLanguage\":\"fr-FR\",\"@id\":\"https:\\\/\\\/tiketi.com\\\/cheap-flights-to-new-york-jfk\\\/#primaryimage\",\"url\":\"https:\\\/\\\/tiketi.com\\\/wp-content\\\/uploads\\\/2019\\\/05\\\/new-york-4957752_1280.jpg\",\"contentUrl\":\"https:\\\/\\\/tiketi.com\\\/wp-content\\\/uploads\\\/2019\\\/05\\\/new-york-4957752_1280.jpg\",\"width\":1200,\"height\":204,\"caption\":\"Air Taxi in New York\"},{\"@type\":\"BreadcrumbList\",\"@id\":\"https:\\\/\\\/tiketi.com\\\/cheap-flights-to-new-york-jfk\\\/#breadcrumb\",\"itemListElement\":[{\"@type\":\"ListItem\",\"position\":1,\"name\":\"Home\",\"item\":\"https:\\\/\\\/tiketi.com\\\/\"},{\"@type\":\"ListItem\",\"position\":2,\"name\":\"Cheap Flights to New York\"}]},{\"@type\":\"WebSite\",\"@id\":\"https:\\\/\\\/tiketi.com\\\/#website\",\"url\":\"https:\\\/\\\/tiketi.com\\\/\",\"name\":\"Flight & Bus Tickets, Tour Packages & Activitites - Tiketi.com\",\"description\":\"Flight &amp; Bus Tickets, Tours, Activitites\",\"publisher\":{\"@id\":\"https:\\\/\\\/tiketi.com\\\/#organization\"},\"potentialAction\":[{\"@type\":\"SearchAction\",\"target\":{\"@type\":\"EntryPoint\",\"urlTemplate\":\"https:\\\/\\\/tiketi.com\\\/?s={search_term_string}\"},\"query-input\":{\"@type\":\"PropertyValueSpecification\",\"valueRequired\":true,\"valueName\":\"search_term_string\"}}],\"inLanguage\":\"fr-FR\"},{\"@type\":\"Organization\",\"@id\":\"https:\\\/\\\/tiketi.com\\\/#organization\",\"name\":\"Tiketi.com\",\"alternateName\":\"Tiketi\",\"url\":\"https:\\\/\\\/tiketi.com\\\/\",\"logo\":{\"@type\":\"ImageObject\",\"inLanguage\":\"fr-FR\",\"@id\":\"https:\\\/\\\/tiketi.com\\\/#\\\/schema\\\/logo\\\/image\\\/\",\"url\":\"https:\\\/\\\/tiketi.com\\\/wp-content\\\/uploads\\\/2019\\\/05\\\/tiketi-logo-696.png\",\"contentUrl\":\"https:\\\/\\\/tiketi.com\\\/wp-content\\\/uploads\\\/2019\\\/05\\\/tiketi-logo-696.png\",\"width\":696,\"height\":696,\"caption\":\"Tiketi.com\"},\"image\":{\"@id\":\"https:\\\/\\\/tiketi.com\\\/#\\\/schema\\\/logo\\\/image\\\/\"},\"sameAs\":[\"https:\\\/\\\/www.facebook.com\\\/TiketiCom\\\/\"]}]}<\/script>\n<!-- \/ Yoast SEO plugin. -->","yoast_head_json":{"title":"Vols pas chers vers New York","description":"Looking for cheap flights to\u00a0New York? Search, compare and book cheap airline ticket from to\u00a0New York online and save time and money","robots":{"index":"index","follow":"follow","max-snippet":"max-snippet:-1","max-image-preview":"max-image-preview:large","max-video-preview":"max-video-preview:-1"},"canonical":"https:\/\/tiketi.com\/fr-fr\/cheap-flights-to-new-york-jfk\/","og_locale":"fr_FR","og_type":"article","og_title":"Cheap Flights to New York","og_description":"Looking for cheap flights to\u00a0New York? Search, compare and book cheap airline ticket from to\u00a0New York online and save time and money","og_url":"https:\/\/tiketi.com\/fr-fr\/cheap-flights-to-new-york-jfk\/","og_site_name":"Tiketi.com","article_publisher":"https:\/\/www.facebook.com\/TiketiCom\/","article_modified_time":"2022-02-10T14:31:56+00:00","og_image":[{"width":1200,"height":204,"url":"https:\/\/tiketi.com\/wp-content\/uploads\/2019\/05\/new-york-4957752_1280.jpg","type":"image\/jpeg"}],"twitter_card":"summary_large_image","twitter_misc":{"Dur\u00e9e de lecture estim\u00e9e":"5 minutes"},"schema":{"@context":"https:\/\/schema.org","@graph":[{"@type":"WebPage","@id":"https:\/\/tiketi.com\/cheap-flights-to-new-york-jfk\/","url":"https:\/\/tiketi.com\/cheap-flights-to-new-york-jfk\/","name":"Vols pas chers vers New York","isPartOf":{"@id":"https:\/\/tiketi.com\/#website"},"primaryImageOfPage":{"@id":"https:\/\/tiketi.com\/cheap-flights-to-new-york-jfk\/#primaryimage"},"image":{"@id":"https:\/\/tiketi.com\/cheap-flights-to-new-york-jfk\/#primaryimage"},"thumbnailUrl":"https:\/\/tiketi.com\/wp-content\/uploads\/2019\/05\/new-york-4957752_1280.jpg","datePublished":"2022-01-19T11:55:19+00:00","dateModified":"2022-02-10T14:31:56+00:00","description":"Looking for cheap flights to\u00a0New York? Search, compare and book cheap airline ticket from to\u00a0New York online and save time and money","breadcrumb":{"@id":"https:\/\/tiketi.com\/cheap-flights-to-new-york-jfk\/#breadcrumb"},"inLanguage":"fr-FR","potentialAction":[{"@type":"ReadAction","target":["https:\/\/tiketi.com\/cheap-flights-to-new-york-jfk\/"]}]},{"@type":"ImageObject","inLanguage":"fr-FR","@id":"https:\/\/tiketi.com\/cheap-flights-to-new-york-jfk\/#primaryimage","url":"https:\/\/tiketi.com\/wp-content\/uploads\/2019\/05\/new-york-4957752_1280.jpg","contentUrl":"https:\/\/tiketi.com\/wp-content\/uploads\/2019\/05\/new-york-4957752_1280.jpg","width":1200,"height":204,"caption":"Air Taxi in New York"},{"@type":"BreadcrumbList","@id":"https:\/\/tiketi.com\/cheap-flights-to-new-york-jfk\/#breadcrumb","itemListElement":[{"@type":"ListItem","position":1,"name":"Home","item":"https:\/\/tiketi.com\/"},{"@type":"ListItem","position":2,"name":"Cheap Flights to New York"}]},{"@type":"WebSite","@id":"https:\/\/tiketi.com\/#website","url":"https:\/\/tiketi.com\/","name":"Billets d&#039;avion et de bus, forfaits touristiques et activit\u00e9s - Tiketi.com","description":"Billets d&#039;avion et de bus, Tours, Activit\u00e9s","publisher":{"@id":"https:\/\/tiketi.com\/#organization"},"potentialAction":[{"@type":"SearchAction","target":{"@type":"EntryPoint","urlTemplate":"https:\/\/tiketi.com\/?s={search_term_string}"},"query-input":{"@type":"PropertyValueSpecification","valueRequired":true,"valueName":"search_term_string"}}],"inLanguage":"fr-FR"},{"@type":"Organization","@id":"https:\/\/tiketi.com\/#organization","name":"Tiketi.com","alternateName":"Tiketi","url":"https:\/\/tiketi.com\/","logo":{"@type":"ImageObject","inLanguage":"fr-FR","@id":"https:\/\/tiketi.com\/#\/schema\/logo\/image\/","url":"https:\/\/tiketi.com\/wp-content\/uploads\/2019\/05\/tiketi-logo-696.png","contentUrl":"https:\/\/tiketi.com\/wp-content\/uploads\/2019\/05\/tiketi-logo-696.png","width":696,"height":696,"caption":"Tiketi.com"},"image":{"@id":"https:\/\/tiketi.com\/#\/schema\/logo\/image\/"},"sameAs":["https:\/\/www.facebook.com\/TiketiCom\/"]}]}},"_links":{"self":[{"href":"https:\/\/tiketi.com\/fr-fr\/wp-json\/wp\/v2\/pages\/11886","targetHints":{"allow":["GET"]}}],"collection":[{"href":"https:\/\/tiketi.com\/fr-fr\/wp-json\/wp\/v2\/pages"}],"about":[{"href":"https:\/\/tiketi.com\/fr-fr\/wp-json\/wp\/v2\/types\/page"}],"author":[{"embeddable":true,"href":"https:\/\/tiketi.com\/fr-fr\/wp-json\/wp\/v2\/users\/1"}],"replies":[{"embeddable":true,"href":"https:\/\/tiketi.com\/fr-fr\/wp-json\/wp\/v2\/comments?post=11886"}],"version-history":[{"count":0,"href":"https:\/\/tiketi.com\/fr-fr\/wp-json\/wp\/v2\/pages\/11886\/revisions"}],"wp:featuredmedia":[{"embeddable":true,"href":"https:\/\/tiketi.com\/fr-fr\/wp-json\/wp\/v2\/media\/15770"}],"wp:attachment":[{"href":"https:\/\/tiketi.com\/fr-fr\/wp-json\/wp\/v2\/media?parent=11886"}],"curies":[{"name":"wp","href":"https:\/\/api.w.org\/{rel}","templated":true}]}}