{"id":11887,"date":"2022-01-19T12:55:19","date_gmt":"2022-01-19T11:55:19","guid":{"rendered":"https:\/\/new.tiketi.com\/cheap-flights-to-mumbai\/"},"modified":"2022-10-17T08:13:47","modified_gmt":"2022-10-17T07:13:47","slug":"mumbai-bom","status":"publish","type":"page","link":"https:\/\/tiketi.com\/fr-fr\/cheap-flights\/mumbai-bom\/","title":{"rendered":"Vols pas chers vers Bombay"},"content":{"rendered":"<h2>\u00c0 la recherche d&#039;un billet d&#039;avion pas cher pour Bombay ou d&#039;offres de derni\u00e8re minute ?<\/h2>\n<h3>Cherchez, comparez et r\u00e9servez des vols pas chers pour Bombay (BOM) en ligne d\u00e8s maintenant.<\/h3>\n<p>R\u00e9servez en ligne des vols pas chers pour Bombay et \u00e9conomisez de l&#039;argent sur les billets d&#039;avion. Avec de nombreux sites historiques, de merveilleux march\u00e9s et d&#039;innombrables institutions culturelles, c&#039;est une ville remplie d&#039;endroits qui seront gratifiants pour tout visiteur. Pour vous aider \u00e0 naviguer dans le meilleur de ce que cette ville dynamique a \u00e0 offrir, nous avons \u00e9labor\u00e9 un guide des attractions incontournables. Comparez les prix et obtenez le tarif le plus bas sur les billets d&#039;avion pour Bombay gr\u00e2ce \u00e0 des offres exceptionnelles sur la r\u00e9servation de billets en ligne de vols Bombay.<\/p>\n<h2>Voici quelques-unes des meilleures attractions de Mumbai<\/h2>\n<h3>Porte de l&#039;Inde<\/h3>\n<p>La porte de l&#039;Inde, l&#039;un des monuments les plus sp\u00e9ciaux du pays, est situ\u00e9e dans la ville de . La structure colossale a \u00e9t\u00e9 construite en 1924. Plac\u00e9e \u00e0 la pointe d&#039;Apollo Bunder, la porte d&#039;entr\u00e9e surplombe le port, bord\u00e9 par la mer d&#039;Oman dans la r\u00e9gion de Colaba.<\/p>\n<h3>Fontaine Flore<\/h3>\n<p>La fontaine Flora, \u00e9galement appel\u00e9e Hutatwa Chowk depuis les ann\u00e9es 1960, est d\u00e9clar\u00e9e comme l&#039;une des structures du patrimoine de l&#039;Inde. Construit en 1864, ce site touristique abrite la merveilleuse fontaine de l&#039;Inde, situ\u00e9e dans la ville de . Le nom Flora est tir\u00e9 du nom de la d\u00e9esse romaine des fleurs.<\/p>\n<h3>Hadji Ali<\/h3>\n<p>L&#039;imposant Haji Ali est \u00e0 la fois un tombeau et une mosqu\u00e9e. Il a \u00e9t\u00e9 construit en 1432 par un riche marchand musulman et saint soufi Pir Haji Ali Shah Bukhari, qui a \u00e9t\u00e9 choqu\u00e9 de changer le cours de sa vie apr\u00e8s \u00eatre all\u00e9 \u00e0 La Mecque. Il contient \u00e9galement son corps. Plac\u00e9 au centre de l&#039;oc\u00e9an, Haji Ali n&#039;est accessible qu&#039;\u00e0 mar\u00e9e basse depuis une passerelle \u00e9troite de cinq cents m\u00e8tres de long.<\/p>\n<h3>Palais du Taj Mahal<\/h3>\n<p>Aucun voyage n&#039;est complet sans passer un peu de temps \u00e0 l&#039;architecture et \u00e0 la merveille historique qu&#039;est l&#039;h\u00f4tel Taj Mahal Palace. Le magnifique d\u00f4me du b\u00e2timent a \u00e9t\u00e9 le premier marqueur clair du port de Bombay jusqu&#039;\u00e0 ce que la Porte de l&#039;Inde puisse le long de vingt ans plus tard. Construit en 1903 sous Jamshetji Tata, l&#039;h\u00f4tel faisant face \u00e0 la mer d&#039;Oman est l&#039;un des plus c\u00e9l\u00e8bres de l&#039;Inde.<\/p>\n<h3>Ville du cin\u00e9ma<\/h3>\n<p>Film City est un studio de cin\u00e9ma int\u00e9gr\u00e9 situ\u00e9 pr\u00e8s du parc national de Sanjay Gandhi, \u00e0 proximit\u00e9 de la colonie d&#039;Aarey \u00e0 Goregaon, en . Abritant de v\u00e9ritables montagnes, jardins, maisons, lacs, villages et villes r\u00e9alistes. C&#039;est le lieu de pr\u00e9dilection pour les tournages de films de Bollywood. La Film City a \u00e9t\u00e9 construite par le Maharashtra.<\/p>\n<h2>Vols pas chers vers Bombay<\/h2>\n<h3>Quelles compagnies a\u00e9riennes desservent Bombay ?<\/h3>\n<p>L&#039;a\u00e9roport international de Chhatrapati Shivaji dessert un large \u00e9ventail de compagnies a\u00e9riennes nationales, am\u00e9ricaines et mondiales, ce qui simplifie la r\u00e9servation de vols depuis presque n&#039;importe o\u00f9 sur la plan\u00e8te. Les compagnies a\u00e9riennes am\u00e9ricaines desservies comprennent Delta, American Airlines et United Airlines, et les transporteurs internationaux comprennent Air France, Air China, Egypt Air, Air Tanzania, Kenya Airways, RwandAir, South African Airways et British Airways. Les compagnies a\u00e9riennes nationales qui voyagent \u00e0 travers l&#039;Inde incluent Jet Airways, Air India et Spice Jet.<\/p>\n<h3>Quel jour est le moins cher pour r\u00e9server un billet d&#039;avion pour Bombay ?<\/h3>\n<p>Les billets d&#039;avion bon march\u00e9 pour Mumbai se trouvent g\u00e9n\u00e9ralement au d\u00e9part un lundi. Le jour de d\u00e9part avec le co\u00fbt le plus \u00e9lev\u00e9 actuellement est le samedi.<\/p>\n<h3>\u00c0 quelle heure de la journ\u00e9e les vols pour Bombay sont-ils les moins chers ?<\/h3>\n<p>Pour en tirer le meilleur parti, essayez les vols vers le matin. G\u00e9n\u00e9ralement, les prix augmenteront pour les vols de l&#039;apr\u00e8s-midi, car ceux-ci ont tendance \u00e0 \u00eatre tr\u00e8s demand\u00e9s.<\/p>\n<h3>Quel est le meilleur moment pour visiter ?<\/h3>\n<p>L&#039;excellent moment pour visiter est d&#039;octobre \u00e0 d\u00e9but mars, m\u00eame s&#039;il s&#039;agit d&#039;un lieu touristique toute l&#039;ann\u00e9e. Des visiteurs du monde entier peuvent \u00eatre vus dans diff\u00e9rents points chauds touristiques pendant cette p\u00e9riode parfaite car le temps est doux avec une jolie humidit\u00e9. Cela dit, le bon moment pour visiter d\u00e9pend vraiment de vos pr\u00e9f\u00e9rences, cela reste une question ouverte. Si vous pr\u00e9voyez des vacances \u00e9conomiques, alors h\u00e2te de visiter en mai et avril. En raison de la proximit\u00e9 de la ville avec la mer, il peut y avoir un peu d&#039;humidit\u00e9, mais en m\u00eame temps, les prix des vols et des h\u00f4tels \u00e0 Mumbai sont plus bas.<\/p>\n<h3>Quelle est la dur\u00e9e des vols de Mumbai\u00a0?<\/h3>\n<p>Le temps de vol varie de quelques heures \u00e0 18 heures ou plus, selon votre destination de d\u00e9collage. Certaines conditions m\u00e9t\u00e9orologiques et certaines vitesses de vent peuvent \u00e9galement inclure du temps pour votre vol ou r\u00e9duire de quelques minutes votre temps dans les airs. Si vous venez de New York ou de Washington, pr\u00e9voyez un vol pas cher de 16 \u00e0 17 heures vers Mumbai. Les vols directs depuis Nairobi et Dar es Salaam prennent environ 7 heures, et les vols bon march\u00e9 depuis le Royaume-Uni prennent environ 9 heures, par exemple.<\/p>\n<h3>Vers quel a\u00e9roport volez-vous \u00e0 Bombay\u00a0?<\/h3>\n<p>L&#039;a\u00e9roport international de Chhatrapati Shivaji Maharaj dessert toute la r\u00e9gion m\u00e9tropolitaine pour les vols int\u00e9rieurs et internationaux. Son code IATA est BOM. C&#039;est le deuxi\u00e8me plus grand a\u00e9roport de l&#039;Inde et il est id\u00e9alement situ\u00e9 \u00e0 une distance de sept kilom\u00e8tres du centre. L&#039;a\u00e9roport dispose de 3 terminaux dont le Terminal 2, surnomm\u00e9 au niveau national l&#039;a\u00e9roport international de Sahar.<\/p>\n<h2>Se d\u00e9placer<\/h2>\n<p>L&#039;a\u00e9roport international de Chhatrapati Shivaji est \u00e0 environ vingt-huit kilom\u00e8tres au nord de . Il existe diff\u00e9rentes m\u00e9thodes que vous pouvez utiliser pour vous rendre au centre une fois que vos vols ont atterri directement. Le train est le moyen le plus rapide et le moins cher. Il y a 3 lignes diff\u00e9rentes que vous pouvez utiliser : les lignes Central, Western et Harbour, qui relient toutes \u00e0 diff\u00e9rentes parties du , alors d\u00e9terminez laquelle est excellente pour vous une fois que vous \u00eates arriv\u00e9.<\/p>","protected":false},"excerpt":{"rendered":"<p>Looking for cheap airline ticket to Mumbai or last minute deals? Search, compare and book cheap Mumbai flights (BOM) online now. Book cheap flights to Mumbai online and save money on airfare.\u00a0With plentiful historic sites, wonderful markets, and endless cultural institutions, is a city packed with locations that will be rewarding for any visitor. To [&hellip;]<\/p>\n","protected":false},"author":1,"featured_media":16441,"parent":23264,"menu_order":0,"comment_status":"open","ping_status":"closed","template":"template-home-modern.php","meta":{"footnotes":""},"class_list":["post-11887","page","type-page","status-publish","has-post-thumbnail","hentry"],"yoast_head":"<!-- This site is optimized with the Yoast SEO plugin v27.4 - https:\/\/yoast.com\/product\/yoast-seo-wordpress\/ -->\n<title>Cheap Flights to Mumbai<\/title>\n<meta name=\"description\" content=\"Looking for cheap flights to\u00a0Mumbai? Search, compare and book cheap airline ticket from to\u00a0Mumbai online and save money\" \/>\n<meta name=\"robots\" content=\"index, follow, max-snippet:-1, max-image-preview:large, max-video-preview:-1\" \/>\n<link rel=\"canonical\" href=\"https:\/\/tiketi.com\/fr-fr\/cheap-flights\/mumbai-bom\/\" \/>\n<meta property=\"og:locale\" content=\"fr_FR\" \/>\n<meta property=\"og:type\" content=\"article\" \/>\n<meta property=\"og:title\" content=\"Cheap Flights to Mumbai\" \/>\n<meta property=\"og:description\" content=\"Looking for cheap flights to\u00a0Mumbai? Search, compare and book cheap airline ticket from to\u00a0Mumbai online and save money\" \/>\n<meta property=\"og:url\" content=\"https:\/\/tiketi.com\/fr-fr\/cheap-flights\/mumbai-bom\/\" \/>\n<meta property=\"og:site_name\" content=\"Tiketi.com\" \/>\n<meta property=\"article:publisher\" content=\"https:\/\/www.facebook.com\/TiketiCom\/\" \/>\n<meta property=\"article:modified_time\" content=\"2022-10-17T07:13:47+00:00\" \/>\n<meta property=\"og:image\" content=\"https:\/\/tiketi.com\/wp-content\/uploads\/2022\/02\/mumbai-390928_1280.jpg\" \/>\n\t<meta property=\"og:image:width\" content=\"1200\" \/>\n\t<meta property=\"og:image:height\" content=\"224\" \/>\n\t<meta property=\"og:image:type\" content=\"image\/jpeg\" \/>\n<meta name=\"twitter:card\" content=\"summary_large_image\" \/>\n<meta name=\"twitter:label1\" content=\"Dur\u00e9e de lecture estim\u00e9e\" \/>\n\t<meta name=\"twitter:data1\" content=\"4 minutes\" \/>\n<script type=\"application\/ld+json\" class=\"yoast-schema-graph\">{\"@context\":\"https:\\\/\\\/schema.org\",\"@graph\":[{\"@type\":\"WebPage\",\"@id\":\"https:\\\/\\\/tiketi.com\\\/cheap-flights\\\/mumbai-bom\\\/\",\"url\":\"https:\\\/\\\/tiketi.com\\\/cheap-flights\\\/mumbai-bom\\\/\",\"name\":\"Cheap Flights to Mumbai\",\"isPartOf\":{\"@id\":\"https:\\\/\\\/tiketi.com\\\/#website\"},\"primaryImageOfPage\":{\"@id\":\"https:\\\/\\\/tiketi.com\\\/cheap-flights\\\/mumbai-bom\\\/#primaryimage\"},\"image\":{\"@id\":\"https:\\\/\\\/tiketi.com\\\/cheap-flights\\\/mumbai-bom\\\/#primaryimage\"},\"thumbnailUrl\":\"https:\\\/\\\/tiketi.com\\\/wp-content\\\/uploads\\\/2022\\\/02\\\/mumbai-390928_1280.jpg\",\"datePublished\":\"2022-01-19T11:55:19+00:00\",\"dateModified\":\"2022-10-17T07:13:47+00:00\",\"description\":\"Looking for cheap flights to\u00a0Mumbai? Search, compare and book cheap airline ticket from to\u00a0Mumbai online and save money\",\"breadcrumb\":{\"@id\":\"https:\\\/\\\/tiketi.com\\\/cheap-flights\\\/mumbai-bom\\\/#breadcrumb\"},\"inLanguage\":\"fr-FR\",\"potentialAction\":[{\"@type\":\"ReadAction\",\"target\":[\"https:\\\/\\\/tiketi.com\\\/cheap-flights\\\/mumbai-bom\\\/\"]}]},{\"@type\":\"ImageObject\",\"inLanguage\":\"fr-FR\",\"@id\":\"https:\\\/\\\/tiketi.com\\\/cheap-flights\\\/mumbai-bom\\\/#primaryimage\",\"url\":\"https:\\\/\\\/tiketi.com\\\/wp-content\\\/uploads\\\/2022\\\/02\\\/mumbai-390928_1280.jpg\",\"contentUrl\":\"https:\\\/\\\/tiketi.com\\\/wp-content\\\/uploads\\\/2022\\\/02\\\/mumbai-390928_1280.jpg\",\"width\":1200,\"height\":224,\"caption\":\"Air Taxi in Mumbai\"},{\"@type\":\"BreadcrumbList\",\"@id\":\"https:\\\/\\\/tiketi.com\\\/cheap-flights\\\/mumbai-bom\\\/#breadcrumb\",\"itemListElement\":[{\"@type\":\"ListItem\",\"position\":1,\"name\":\"Home\",\"item\":\"https:\\\/\\\/tiketi.com\\\/\"},{\"@type\":\"ListItem\",\"position\":2,\"name\":\"Cheap Flights\",\"item\":\"https:\\\/\\\/tiketi.com\\\/cheap-flights\\\/\"},{\"@type\":\"ListItem\",\"position\":3,\"name\":\"Cheap Flights to Mumbai\"}]},{\"@type\":\"WebSite\",\"@id\":\"https:\\\/\\\/tiketi.com\\\/#website\",\"url\":\"https:\\\/\\\/tiketi.com\\\/\",\"name\":\"Flight & Bus Tickets, Tour Packages & Activitites - Tiketi.com\",\"description\":\"Flight &amp; Bus Tickets, Tours, Activitites\",\"publisher\":{\"@id\":\"https:\\\/\\\/tiketi.com\\\/#organization\"},\"potentialAction\":[{\"@type\":\"SearchAction\",\"target\":{\"@type\":\"EntryPoint\",\"urlTemplate\":\"https:\\\/\\\/tiketi.com\\\/?s={search_term_string}\"},\"query-input\":{\"@type\":\"PropertyValueSpecification\",\"valueRequired\":true,\"valueName\":\"search_term_string\"}}],\"inLanguage\":\"fr-FR\"},{\"@type\":\"Organization\",\"@id\":\"https:\\\/\\\/tiketi.com\\\/#organization\",\"name\":\"Tiketi.com\",\"alternateName\":\"Tiketi\",\"url\":\"https:\\\/\\\/tiketi.com\\\/\",\"logo\":{\"@type\":\"ImageObject\",\"inLanguage\":\"fr-FR\",\"@id\":\"https:\\\/\\\/tiketi.com\\\/#\\\/schema\\\/logo\\\/image\\\/\",\"url\":\"https:\\\/\\\/tiketi.com\\\/wp-content\\\/uploads\\\/2019\\\/05\\\/tiketi-logo-696.png\",\"contentUrl\":\"https:\\\/\\\/tiketi.com\\\/wp-content\\\/uploads\\\/2019\\\/05\\\/tiketi-logo-696.png\",\"width\":696,\"height\":696,\"caption\":\"Tiketi.com\"},\"image\":{\"@id\":\"https:\\\/\\\/tiketi.com\\\/#\\\/schema\\\/logo\\\/image\\\/\"},\"sameAs\":[\"https:\\\/\\\/www.facebook.com\\\/TiketiCom\\\/\"]}]}<\/script>\n<!-- \/ Yoast SEO plugin. -->","yoast_head_json":{"title":"Vols pas chers vers Bombay","description":"Vous cherchez des vols pas chers vers Bombay ? Recherchez, comparez et r\u00e9servez en ligne un billet d&#039;avion pas cher de vers Bombay et \u00e9conomisez de l&#039;argent","robots":{"index":"index","follow":"follow","max-snippet":"max-snippet:-1","max-image-preview":"max-image-preview:large","max-video-preview":"max-video-preview:-1"},"canonical":"https:\/\/tiketi.com\/fr-fr\/cheap-flights\/mumbai-bom\/","og_locale":"fr_FR","og_type":"article","og_title":"Cheap Flights to Mumbai","og_description":"Looking for cheap flights to\u00a0Mumbai? Search, compare and book cheap airline ticket from to\u00a0Mumbai online and save money","og_url":"https:\/\/tiketi.com\/fr-fr\/cheap-flights\/mumbai-bom\/","og_site_name":"Tiketi.com","article_publisher":"https:\/\/www.facebook.com\/TiketiCom\/","article_modified_time":"2022-10-17T07:13:47+00:00","og_image":[{"width":1200,"height":224,"url":"https:\/\/tiketi.com\/wp-content\/uploads\/2022\/02\/mumbai-390928_1280.jpg","type":"image\/jpeg"}],"twitter_card":"summary_large_image","twitter_misc":{"Dur\u00e9e de lecture estim\u00e9e":"4 minutes"},"schema":{"@context":"https:\/\/schema.org","@graph":[{"@type":"WebPage","@id":"https:\/\/tiketi.com\/cheap-flights\/mumbai-bom\/","url":"https:\/\/tiketi.com\/cheap-flights\/mumbai-bom\/","name":"Vols pas chers vers Bombay","isPartOf":{"@id":"https:\/\/tiketi.com\/#website"},"primaryImageOfPage":{"@id":"https:\/\/tiketi.com\/cheap-flights\/mumbai-bom\/#primaryimage"},"image":{"@id":"https:\/\/tiketi.com\/cheap-flights\/mumbai-bom\/#primaryimage"},"thumbnailUrl":"https:\/\/tiketi.com\/wp-content\/uploads\/2022\/02\/mumbai-390928_1280.jpg","datePublished":"2022-01-19T11:55:19+00:00","dateModified":"2022-10-17T07:13:47+00:00","description":"Vous cherchez des vols pas chers vers Bombay ? Recherchez, comparez et r\u00e9servez en ligne un billet d&#039;avion pas cher de vers Bombay et \u00e9conomisez de l&#039;argent","breadcrumb":{"@id":"https:\/\/tiketi.com\/cheap-flights\/mumbai-bom\/#breadcrumb"},"inLanguage":"fr-FR","potentialAction":[{"@type":"ReadAction","target":["https:\/\/tiketi.com\/cheap-flights\/mumbai-bom\/"]}]},{"@type":"ImageObject","inLanguage":"fr-FR","@id":"https:\/\/tiketi.com\/cheap-flights\/mumbai-bom\/#primaryimage","url":"https:\/\/tiketi.com\/wp-content\/uploads\/2022\/02\/mumbai-390928_1280.jpg","contentUrl":"https:\/\/tiketi.com\/wp-content\/uploads\/2022\/02\/mumbai-390928_1280.jpg","width":1200,"height":224,"caption":"Air Taxi in Mumbai"},{"@type":"BreadcrumbList","@id":"https:\/\/tiketi.com\/cheap-flights\/mumbai-bom\/#breadcrumb","itemListElement":[{"@type":"ListItem","position":1,"name":"Home","item":"https:\/\/tiketi.com\/"},{"@type":"ListItem","position":2,"name":"Cheap Flights","item":"https:\/\/tiketi.com\/cheap-flights\/"},{"@type":"ListItem","position":3,"name":"Cheap Flights to Mumbai"}]},{"@type":"WebSite","@id":"https:\/\/tiketi.com\/#website","url":"https:\/\/tiketi.com\/","name":"Billets d&#039;avion et de bus, forfaits touristiques et activit\u00e9s - Tiketi.com","description":"Billets d&#039;avion et de bus, Tours, Activit\u00e9s","publisher":{"@id":"https:\/\/tiketi.com\/#organization"},"potentialAction":[{"@type":"SearchAction","target":{"@type":"EntryPoint","urlTemplate":"https:\/\/tiketi.com\/?s={search_term_string}"},"query-input":{"@type":"PropertyValueSpecification","valueRequired":true,"valueName":"search_term_string"}}],"inLanguage":"fr-FR"},{"@type":"Organization","@id":"https:\/\/tiketi.com\/#organization","name":"Tiketi.com","alternateName":"Tiketi","url":"https:\/\/tiketi.com\/","logo":{"@type":"ImageObject","inLanguage":"fr-FR","@id":"https:\/\/tiketi.com\/#\/schema\/logo\/image\/","url":"https:\/\/tiketi.com\/wp-content\/uploads\/2019\/05\/tiketi-logo-696.png","contentUrl":"https:\/\/tiketi.com\/wp-content\/uploads\/2019\/05\/tiketi-logo-696.png","width":696,"height":696,"caption":"Tiketi.com"},"image":{"@id":"https:\/\/tiketi.com\/#\/schema\/logo\/image\/"},"sameAs":["https:\/\/www.facebook.com\/TiketiCom\/"]}]}},"_links":{"self":[{"href":"https:\/\/tiketi.com\/fr-fr\/wp-json\/wp\/v2\/pages\/11887","targetHints":{"allow":["GET"]}}],"collection":[{"href":"https:\/\/tiketi.com\/fr-fr\/wp-json\/wp\/v2\/pages"}],"about":[{"href":"https:\/\/tiketi.com\/fr-fr\/wp-json\/wp\/v2\/types\/page"}],"author":[{"embeddable":true,"href":"https:\/\/tiketi.com\/fr-fr\/wp-json\/wp\/v2\/users\/1"}],"replies":[{"embeddable":true,"href":"https:\/\/tiketi.com\/fr-fr\/wp-json\/wp\/v2\/comments?post=11887"}],"version-history":[{"count":0,"href":"https:\/\/tiketi.com\/fr-fr\/wp-json\/wp\/v2\/pages\/11887\/revisions"}],"up":[{"embeddable":true,"href":"https:\/\/tiketi.com\/fr-fr\/wp-json\/wp\/v2\/pages\/23264"}],"wp:featuredmedia":[{"embeddable":true,"href":"https:\/\/tiketi.com\/fr-fr\/wp-json\/wp\/v2\/media\/16441"}],"wp:attachment":[{"href":"https:\/\/tiketi.com\/fr-fr\/wp-json\/wp\/v2\/media?parent=11887"}],"curies":[{"name":"wp","href":"https:\/\/api.w.org\/{rel}","templated":true}]}}