{"id":11889,"date":"2022-01-19T12:55:21","date_gmt":"2022-01-19T11:55:21","guid":{"rendered":"https:\/\/new.tiketi.com\/cheap-flights-to-addis-ababa\/"},"modified":"2022-02-10T09:15:30","modified_gmt":"2022-02-10T08:15:30","slug":"cheap-flights-to-addis-ababa-add","status":"publish","type":"page","link":"https:\/\/tiketi.com\/fr-fr\/cheap-flights-to-addis-ababa-add\/","title":{"rendered":"Vols pas chers vers Addis-Abeba"},"content":{"rendered":"<h2>Vous recherchez un billet d&#039;avion pas cher pour Addis-Abeba ou des offres de derni\u00e8re minute ?<\/h2>\n<h3>Recherchez, comparez et r\u00e9servez d\u00e8s maintenant des vols pas chers \u00e0 Addis-Abeba (ADD).<\/h3>\n<p>R\u00e9servez des vols pas chers vers Addis-Abeba en ligne et \u00e9conomisez de l&#039;argent sur les billets d&#039;avion. Addis-Abeba a une histoire relativement courte en tant que capitale, \u00e9tablie seulement en 1886. Mais en peu de temps, elle est devenue une ville merveilleuse de pr\u00e8s de 3,5 millions d&#039;habitants et un symbole de l&#039;importance culturelle et historique de l&#039;\u00c9thiopie. Cette page r\u00e9pertorie certaines des meilleures choses \u00e0 faire \u00e0 Addis-Abeba, couvrant des lieux religieux, culturels et historiques vitaux. Comparez les prix et obtenez le tarif le plus bas sur les billets d&#039;avion pour Addis-Abeba gr\u00e2ce \u00e0 des offres exceptionnelles sur la r\u00e9servation de billets en ligne de vols pour Addis-Abeba.<\/p>\n<h2>Voici quelques-unes des meilleures attractions d&#039;Addis-Abeba<\/h2>\n<h3>March\u00e9<\/h3>\n<p>Le Mercato est l&#039;un des plus grands march\u00e9s en plein air d&#039;Afrique et l&#039;endroit le plus color\u00e9 d&#039;Addis-Abeba. Il y a des tailleurs, des bricoleurs, des marchands de chameaux, des marchands d&#039;\u00e9pices et des fournisseurs de presque toutes les communaut\u00e9s possibles sous le soleil, y compris, sans aucun doute, l&#039;\u00e9tonnant caf\u00e9 \u00e9thiopien. Inutile de dire que le march\u00e9 est un endroit remarquable pour acheter des souvenirs.<\/p>\n<h3>Mus\u00e9e national d&#039;\u00c9thiopie<\/h3>\n<p>Le mus\u00e9e propose une large gamme d&#039;expositions r\u00e9parties sur 3 \u00e9tages et couvrant un large \u00e9ventail de l&#039;histoire \u00e9thiopienne, du contemporain \u00e0 la pr\u00e9histoire. Le mus\u00e9e est de premi\u00e8re classe en termes de zone d&#039;exposition ou d&#039;installations, mais il contient des objets vraiment fascinants et offre aux visiteurs un meilleur aper\u00e7u historique de l&#039;\u00c9thiopie.<\/p>\n<h3>Mont Entoto et \u00e9glise Entoto Maryam<\/h3>\n<p>\u00c0 3 210 m\u00e8tres d&#039;altitude, le mont Entoto est le sommet culminant qui surplombe la ville d&#039;Addis-Abeba. L&#039;empereur Melenik II y a construit son palais au cours de ses campagnes pour cr\u00e9er le dernier \u00c9tat \u00e9thiopien, et c&#039;est \u00e0 partir de l\u00e0 que l&#039;imp\u00e9ratrice Taytu Betul a construit un petit camp qu&#039;elle a appel\u00e9 Addis-Abeba. L&#039;\u00e9glise octogonale Maryam, situ\u00e9e au sommet du mont Entoto, a accueilli le couronnement de Meleink II en 1889.<\/p>\n<h3>Cath\u00e9drale de la Sainte Trinit\u00e9<\/h3>\n<p>La cath\u00e9drale Holy Trinity est la cath\u00e9drale orthodoxe \u00e9thiopienne la mieux class\u00e9e de toute l\u2019\u00c9thiopie et se classe juste derri\u00e8re la vieille \u00e9glise Sainte-Marie de Sion \u00e0 Aksoum en tant que lieu de culte le plus important de tout le pays. La cath\u00e9drale orn\u00e9e, avec ses grandes fl\u00e8ches, son d\u00f4me en cuivre et ses nombreuses statues finement sculpt\u00e9es, est une combinaison de plusieurs styles d&#039;architecture.<\/p>\n<h2>FAQ sur les vols pas chers vers Addis-Abeba<\/h2>\n<h3>Meilleure p\u00e9riode pour voyager \u00e0 Addis-Abeba<\/h3>\n<p>Pour de nombreux visiteurs, les dates auxquelles ils choisissent de se rendre \u00e0 Addis-Abeba d\u00e9pendent de la m\u00e9t\u00e9o. La saison des pluies \u00e0 Addis-Abeba a tendance \u00e0 durer de mars \u00e0 octobre, et les situations humides peuvent ralentir consid\u00e9rablement les transports. Visitez pendant une f\u00eate nationale en \u00c9thiopie et vous pourrez vous m\u00ealer aux habitants d&#039;humeur festive, ainsi que suivre les visiteurs. Gena, le No\u00ebl \u00e9thiopien, tombe le 7 janvier de chaque ann\u00e9e et est traditionnellement une p\u00e9riode de grande f\u00eate.<\/p>\n<h3>Quel est le jour le moins cher pour prendre un vol pour Addis-Abeba ?<\/h3>\n<p>Lundi est actuellement en moyenne le jour du billet d&#039;avion bon march\u00e9 pour Addis-Abeba. Prendre un vol vendredi entra\u00eenera une hausse des prix des vols.<\/p>\n<h3>\u00c0 quelle heure de la journ\u00e9e les vols sont-ils les moins chers pour Addis-Abeba ?<\/h3>\n<p>Le vendredi \u00e0 midi est g\u00e9n\u00e9ralement le moment le moins cher de la journ\u00e9e pour prendre un vol pour Addis-Abeba. Les vols vers Addis-Abeba le soir sont g\u00e9n\u00e9ralement les plus chers.<\/p>\n<h3>Quelle est la meilleure p\u00e9riode pour r\u00e9server un billet d\u2019avion pas cher pour Addis-Abeba ?<\/h3>\n<p>Le meilleur moment pour r\u00e9server un billet d\u2019avion pas cher pour Addis-Abeba est trente jours avant la date de d\u00e9part souhait\u00e9e. Le prix des billets pour Addis-Abeba augmentera probablement consid\u00e9rablement si vous r\u00e9servez 2 semaines avant votre vol.<\/p>\n<h3>Compagnies a\u00e9riennes qui proposent des vols pas chers vers Addis-Abeba :<\/h3>\n<p>\u2022 British Airways<br \/>\n\u2022 Compagnies a\u00e9riennes \u00e9thiopiennes<br \/>\n\u2022 Les compagnies a\u00e9riennes saoudiennes<br \/>\n\u2022 Kenya Airlines<br \/>\n\u2022 Turkish Airlines<br \/>\n\u2022 Egypt Air<\/p>\n<h3>Quels sont les grands a\u00e9roports internationaux d&#039;Addis-Abeba ?<\/h3>\n<p>L&#039;a\u00e9roport international d&#039;Addis-Abeba Bole dessert la c\u00e9l\u00e8bre ville. L&#039;a\u00e9roport est construit dans la ville de Bole, \u00e0 65 kilom\u00e8tres du centre-ville d&#039;Addis-Abeba. L&#039;a\u00e9roport est \u00e9galement la plaque tournante cl\u00e9 d&#039;Ethiopian Airways et accueille actuellement environ 150 vols bon march\u00e9 d&#039;Ethiopian Airlines par jour.<\/p>\n<h3>Voyager de l\u2019a\u00e9roport \u00e0 la ville<\/h3>\n<p>Les vols bon march\u00e9 vers l&#039;\u00c9thiopie Addis-Abeba atterrissent \u00e0 l&#039;a\u00e9roport international d&#039;Addis Bole, situ\u00e9 \u00e0 seulement six kilom\u00e8tres du centre-ville. Il existe des navettes depuis l&#039;a\u00e9roport jusqu&#039;au c\u0153ur de la ville, mais vous pouvez \u00e9galement profiter des taxis locaux que vous pourrez prendre \u00e0 l&#039;ext\u00e9rieur de l&#039;a\u00e9roport. Assurez-vous simplement de n\u00e9gocier le prix avec le chauffeur et de convenir au pr\u00e9alable du montant que vous allez payer pour votre voyage afin de vous assurer d&#039;obtenir une offre parfaite. Ce sera \u00e9galement une bonne pratique si vous envisagez de visiter un march\u00e9 en ville, car le marchandage et la n\u00e9gociation sont \u00e0 l&#039;ordre du jour ici.<\/p>\n<h3>Comment se d\u00e9placer \u00e0 Addis Abeba ?<\/h3>\n<p>Les visiteurs peuvent se d\u00e9placer dans la ville soit dans de petits bus, ce qui est tr\u00e8s co\u00fbteux, soit en louant un taxi local, ce qui est un peu cher par rapport aux bus locaux, mais cela vous fera gagner un temps pr\u00e9cieux. Quoi qu&#039;il en soit, dans les endroits tr\u00e8s fr\u00e9quent\u00e9s comme Sidest Kilo et Meskel Square, il est plus s\u00fbr de faire le trajet \u00e0 pied. Il existe diff\u00e9rentes classifications de taxis, allant des classifications blanches et bleues sp\u00e9cifi\u00e9es pour les vols et le tourisme h\u00f4telier d&#039;Addis-Abeba ainsi que pour les d\u00e9placements locaux, c&#039;est pourquoi les normes des v\u00e9hicules de taxi changent selon la classification.<\/p>","protected":false},"excerpt":{"rendered":"<p>Looking for cheap airline ticket to Addis Ababa or last minute deals? Search, compare and book cheap Addis Ababa flights (ADD) online now. Book cheap flights to Addis Ababa online and save money on airfare. Addis Ababa has a relatively small history as a capital, established only in 1886. But in that little time, it [&hellip;]<\/p>\n","protected":false},"author":1,"featured_media":14381,"parent":0,"menu_order":0,"comment_status":"open","ping_status":"closed","template":"template-home-modern.php","meta":{"footnotes":""},"class_list":["post-11889","page","type-page","status-publish","has-post-thumbnail","hentry"],"yoast_head":"<!-- This site is optimized with the Yoast SEO plugin v27.3 - https:\/\/yoast.com\/product\/yoast-seo-wordpress\/ -->\n<title>Cheap Flights to Addis Ababa<\/title>\n<meta name=\"description\" content=\"Looking for cheap flights to\u00a0Addis Ababa? Search, compare and book cheap airline ticket from to\u00a0Addis Ababa online\" \/>\n<meta name=\"robots\" content=\"index, follow, max-snippet:-1, max-image-preview:large, max-video-preview:-1\" \/>\n<link rel=\"canonical\" href=\"https:\/\/tiketi.com\/fr-fr\/cheap-flights-to-addis-ababa-add\/\" \/>\n<meta property=\"og:locale\" content=\"fr_FR\" \/>\n<meta property=\"og:type\" content=\"article\" \/>\n<meta property=\"og:title\" content=\"Cheap Flights to Addis Ababa\" \/>\n<meta property=\"og:description\" content=\"Looking for cheap flights to\u00a0Addis Ababa? Search, compare and book cheap airline ticket from to\u00a0Addis Ababa online\" \/>\n<meta property=\"og:url\" content=\"https:\/\/tiketi.com\/fr-fr\/cheap-flights-to-addis-ababa-add\/\" \/>\n<meta property=\"og:site_name\" content=\"Tiketi.com\" \/>\n<meta property=\"article:publisher\" content=\"https:\/\/www.facebook.com\/TiketiCom\/\" \/>\n<meta property=\"article:modified_time\" content=\"2022-02-10T08:15:30+00:00\" \/>\n<meta property=\"og:image\" content=\"https:\/\/tiketi.com\/wp-content\/uploads\/2022\/01\/yohannes-minas-YPLosSc3w6A-unsplash.jpg\" \/>\n\t<meta property=\"og:image:width\" content=\"1600\" \/>\n\t<meta property=\"og:image:height\" content=\"1200\" \/>\n\t<meta property=\"og:image:type\" content=\"image\/jpeg\" \/>\n<meta name=\"twitter:card\" content=\"summary_large_image\" \/>\n<meta name=\"twitter:label1\" content=\"Dur\u00e9e de lecture estim\u00e9e\" \/>\n\t<meta name=\"twitter:data1\" content=\"4 minutes\" \/>\n<script type=\"application\/ld+json\" class=\"yoast-schema-graph\">{\"@context\":\"https:\\\/\\\/schema.org\",\"@graph\":[{\"@type\":\"WebPage\",\"@id\":\"https:\\\/\\\/tiketi.com\\\/cheap-flights-to-addis-ababa-add\\\/\",\"url\":\"https:\\\/\\\/tiketi.com\\\/cheap-flights-to-addis-ababa-add\\\/\",\"name\":\"Cheap Flights to Addis Ababa\",\"isPartOf\":{\"@id\":\"https:\\\/\\\/tiketi.com\\\/#website\"},\"primaryImageOfPage\":{\"@id\":\"https:\\\/\\\/tiketi.com\\\/cheap-flights-to-addis-ababa-add\\\/#primaryimage\"},\"image\":{\"@id\":\"https:\\\/\\\/tiketi.com\\\/cheap-flights-to-addis-ababa-add\\\/#primaryimage\"},\"thumbnailUrl\":\"https:\\\/\\\/tiketi.com\\\/wp-content\\\/uploads\\\/2022\\\/01\\\/yohannes-minas-YPLosSc3w6A-unsplash.jpg\",\"datePublished\":\"2022-01-19T11:55:21+00:00\",\"dateModified\":\"2022-02-10T08:15:30+00:00\",\"description\":\"Looking for cheap flights to\u00a0Addis Ababa? Search, compare and book cheap airline ticket from to\u00a0Addis Ababa online\",\"breadcrumb\":{\"@id\":\"https:\\\/\\\/tiketi.com\\\/cheap-flights-to-addis-ababa-add\\\/#breadcrumb\"},\"inLanguage\":\"fr-FR\",\"potentialAction\":[{\"@type\":\"ReadAction\",\"target\":[\"https:\\\/\\\/tiketi.com\\\/cheap-flights-to-addis-ababa-add\\\/\"]}]},{\"@type\":\"ImageObject\",\"inLanguage\":\"fr-FR\",\"@id\":\"https:\\\/\\\/tiketi.com\\\/cheap-flights-to-addis-ababa-add\\\/#primaryimage\",\"url\":\"https:\\\/\\\/tiketi.com\\\/wp-content\\\/uploads\\\/2022\\\/01\\\/yohannes-minas-YPLosSc3w6A-unsplash.jpg\",\"contentUrl\":\"https:\\\/\\\/tiketi.com\\\/wp-content\\\/uploads\\\/2022\\\/01\\\/yohannes-minas-YPLosSc3w6A-unsplash.jpg\",\"width\":1600,\"height\":1200,\"caption\":\"Addis Ababa Air Taxi\"},{\"@type\":\"BreadcrumbList\",\"@id\":\"https:\\\/\\\/tiketi.com\\\/cheap-flights-to-addis-ababa-add\\\/#breadcrumb\",\"itemListElement\":[{\"@type\":\"ListItem\",\"position\":1,\"name\":\"Home\",\"item\":\"https:\\\/\\\/tiketi.com\\\/\"},{\"@type\":\"ListItem\",\"position\":2,\"name\":\"Cheap Flights to Addis Ababa\"}]},{\"@type\":\"WebSite\",\"@id\":\"https:\\\/\\\/tiketi.com\\\/#website\",\"url\":\"https:\\\/\\\/tiketi.com\\\/\",\"name\":\"Flight & Bus Tickets, Tour Packages & Activitites - Tiketi.com\",\"description\":\"Flight &amp; Bus Tickets, Tours, Activitites\",\"publisher\":{\"@id\":\"https:\\\/\\\/tiketi.com\\\/#organization\"},\"potentialAction\":[{\"@type\":\"SearchAction\",\"target\":{\"@type\":\"EntryPoint\",\"urlTemplate\":\"https:\\\/\\\/tiketi.com\\\/?s={search_term_string}\"},\"query-input\":{\"@type\":\"PropertyValueSpecification\",\"valueRequired\":true,\"valueName\":\"search_term_string\"}}],\"inLanguage\":\"fr-FR\"},{\"@type\":\"Organization\",\"@id\":\"https:\\\/\\\/tiketi.com\\\/#organization\",\"name\":\"Tiketi.com\",\"alternateName\":\"Tiketi\",\"url\":\"https:\\\/\\\/tiketi.com\\\/\",\"logo\":{\"@type\":\"ImageObject\",\"inLanguage\":\"fr-FR\",\"@id\":\"https:\\\/\\\/tiketi.com\\\/#\\\/schema\\\/logo\\\/image\\\/\",\"url\":\"https:\\\/\\\/tiketi.com\\\/wp-content\\\/uploads\\\/2019\\\/05\\\/tiketi-logo-696.png\",\"contentUrl\":\"https:\\\/\\\/tiketi.com\\\/wp-content\\\/uploads\\\/2019\\\/05\\\/tiketi-logo-696.png\",\"width\":696,\"height\":696,\"caption\":\"Tiketi.com\"},\"image\":{\"@id\":\"https:\\\/\\\/tiketi.com\\\/#\\\/schema\\\/logo\\\/image\\\/\"},\"sameAs\":[\"https:\\\/\\\/www.facebook.com\\\/TiketiCom\\\/\"]}]}<\/script>\n<!-- \/ Yoast SEO plugin. -->","yoast_head_json":{"title":"Vols pas chers vers Addis-Abeba","description":"Vous recherchez des vols pas chers pour Addis-Abeba ? Recherchez, comparez et r\u00e9servez un billet d&#039;avion pas cher de \u00e0 Addis-Abeba en ligne","robots":{"index":"index","follow":"follow","max-snippet":"max-snippet:-1","max-image-preview":"max-image-preview:large","max-video-preview":"max-video-preview:-1"},"canonical":"https:\/\/tiketi.com\/fr-fr\/cheap-flights-to-addis-ababa-add\/","og_locale":"fr_FR","og_type":"article","og_title":"Cheap Flights to Addis Ababa","og_description":"Looking for cheap flights to\u00a0Addis Ababa? Search, compare and book cheap airline ticket from to\u00a0Addis Ababa online","og_url":"https:\/\/tiketi.com\/fr-fr\/cheap-flights-to-addis-ababa-add\/","og_site_name":"Tiketi.com","article_publisher":"https:\/\/www.facebook.com\/TiketiCom\/","article_modified_time":"2022-02-10T08:15:30+00:00","og_image":[{"width":1600,"height":1200,"url":"https:\/\/tiketi.com\/wp-content\/uploads\/2022\/01\/yohannes-minas-YPLosSc3w6A-unsplash.jpg","type":"image\/jpeg"}],"twitter_card":"summary_large_image","twitter_misc":{"Dur\u00e9e de lecture estim\u00e9e":"4 minutes"},"schema":{"@context":"https:\/\/schema.org","@graph":[{"@type":"WebPage","@id":"https:\/\/tiketi.com\/cheap-flights-to-addis-ababa-add\/","url":"https:\/\/tiketi.com\/cheap-flights-to-addis-ababa-add\/","name":"Vols pas chers vers Addis-Abeba","isPartOf":{"@id":"https:\/\/tiketi.com\/#website"},"primaryImageOfPage":{"@id":"https:\/\/tiketi.com\/cheap-flights-to-addis-ababa-add\/#primaryimage"},"image":{"@id":"https:\/\/tiketi.com\/cheap-flights-to-addis-ababa-add\/#primaryimage"},"thumbnailUrl":"https:\/\/tiketi.com\/wp-content\/uploads\/2022\/01\/yohannes-minas-YPLosSc3w6A-unsplash.jpg","datePublished":"2022-01-19T11:55:21+00:00","dateModified":"2022-02-10T08:15:30+00:00","description":"Vous recherchez des vols pas chers pour Addis-Abeba ? Recherchez, comparez et r\u00e9servez un billet d&#039;avion pas cher de \u00e0 Addis-Abeba en ligne","breadcrumb":{"@id":"https:\/\/tiketi.com\/cheap-flights-to-addis-ababa-add\/#breadcrumb"},"inLanguage":"fr-FR","potentialAction":[{"@type":"ReadAction","target":["https:\/\/tiketi.com\/cheap-flights-to-addis-ababa-add\/"]}]},{"@type":"ImageObject","inLanguage":"fr-FR","@id":"https:\/\/tiketi.com\/cheap-flights-to-addis-ababa-add\/#primaryimage","url":"https:\/\/tiketi.com\/wp-content\/uploads\/2022\/01\/yohannes-minas-YPLosSc3w6A-unsplash.jpg","contentUrl":"https:\/\/tiketi.com\/wp-content\/uploads\/2022\/01\/yohannes-minas-YPLosSc3w6A-unsplash.jpg","width":1600,"height":1200,"caption":"Addis Ababa Air Taxi"},{"@type":"BreadcrumbList","@id":"https:\/\/tiketi.com\/cheap-flights-to-addis-ababa-add\/#breadcrumb","itemListElement":[{"@type":"ListItem","position":1,"name":"Home","item":"https:\/\/tiketi.com\/"},{"@type":"ListItem","position":2,"name":"Cheap Flights to Addis Ababa"}]},{"@type":"WebSite","@id":"https:\/\/tiketi.com\/#website","url":"https:\/\/tiketi.com\/","name":"Billets d&#039;avion et de bus, forfaits touristiques et activit\u00e9s - Tiketi.com","description":"Billets d&#039;avion et de bus, Tours, Activit\u00e9s","publisher":{"@id":"https:\/\/tiketi.com\/#organization"},"potentialAction":[{"@type":"SearchAction","target":{"@type":"EntryPoint","urlTemplate":"https:\/\/tiketi.com\/?s={search_term_string}"},"query-input":{"@type":"PropertyValueSpecification","valueRequired":true,"valueName":"search_term_string"}}],"inLanguage":"fr-FR"},{"@type":"Organization","@id":"https:\/\/tiketi.com\/#organization","name":"Tiketi.com","alternateName":"Tiketi","url":"https:\/\/tiketi.com\/","logo":{"@type":"ImageObject","inLanguage":"fr-FR","@id":"https:\/\/tiketi.com\/#\/schema\/logo\/image\/","url":"https:\/\/tiketi.com\/wp-content\/uploads\/2019\/05\/tiketi-logo-696.png","contentUrl":"https:\/\/tiketi.com\/wp-content\/uploads\/2019\/05\/tiketi-logo-696.png","width":696,"height":696,"caption":"Tiketi.com"},"image":{"@id":"https:\/\/tiketi.com\/#\/schema\/logo\/image\/"},"sameAs":["https:\/\/www.facebook.com\/TiketiCom\/"]}]}},"_links":{"self":[{"href":"https:\/\/tiketi.com\/fr-fr\/wp-json\/wp\/v2\/pages\/11889","targetHints":{"allow":["GET"]}}],"collection":[{"href":"https:\/\/tiketi.com\/fr-fr\/wp-json\/wp\/v2\/pages"}],"about":[{"href":"https:\/\/tiketi.com\/fr-fr\/wp-json\/wp\/v2\/types\/page"}],"author":[{"embeddable":true,"href":"https:\/\/tiketi.com\/fr-fr\/wp-json\/wp\/v2\/users\/1"}],"replies":[{"embeddable":true,"href":"https:\/\/tiketi.com\/fr-fr\/wp-json\/wp\/v2\/comments?post=11889"}],"version-history":[{"count":0,"href":"https:\/\/tiketi.com\/fr-fr\/wp-json\/wp\/v2\/pages\/11889\/revisions"}],"wp:featuredmedia":[{"embeddable":true,"href":"https:\/\/tiketi.com\/fr-fr\/wp-json\/wp\/v2\/media\/14381"}],"wp:attachment":[{"href":"https:\/\/tiketi.com\/fr-fr\/wp-json\/wp\/v2\/media?parent=11889"}],"curies":[{"name":"wp","href":"https:\/\/api.w.org\/{rel}","templated":true}]}}