{"id":11890,"date":"2022-01-19T12:55:21","date_gmt":"2022-01-19T11:55:21","guid":{"rendered":"https:\/\/new.tiketi.com\/cheap-flights-to-ethiopia\/"},"modified":"2022-02-10T11:08:20","modified_gmt":"2022-02-10T10:08:20","slug":"cheap-flights-to-ethiopia","status":"publish","type":"page","link":"https:\/\/tiketi.com\/fr-fr\/cheap-flights-to-ethiopia\/","title":{"rendered":"Vols pas chers vers \u00c9thiopie"},"content":{"rendered":"<h2>\u00c0 la recherche d&#039;un billet d&#039;avion pas cher pour l&#039;\u00c9thiopie ou d&#039;offres de derni\u00e8re minute ?<\/h2>\n<h3>Cherchez, comparez et r\u00e9servez des billets d&#039;avion pas chers \u00c9thiopie en ligne maintenant.<\/h3>\n<p>R\u00e9servez en ligne des vols pas chers pour l&#039;\u00c9thiopie et \u00e9conomisez de l&#039;argent sur les billets d&#039;avion. L&#039;\u00c9thiopie est un pays qui poss\u00e8de une large gamme d&#039;attractions touristiques et pour ce facteur, le tourisme en \u00c9thiopie a continu\u00e9 de cro\u00eetre, enregistrant de bons progr\u00e8s dans les arriv\u00e9es de touristes au cours des derni\u00e8res ann\u00e9es. L&#039;\u00c9thiopie poss\u00e8de un patrimoine culturel particulier, des paysages remarquables et un peuple hospitalier. Comparez les prix et obtenez les tarifs les plus bas sur les billets d&#039;avion pour \u00c9thiopie gr\u00e2ce \u00e0 des offres exceptionnelles sur la r\u00e9servation de billets en ligne de vols \u00c9thiopie.<\/p>\n<h2>Voici quelques-unes des meilleures attractions de l&#039;Ethiopie<\/h2>\n<h2>Voici quelques-unes des meilleures attractions de l&#039;Ethiopie<\/h2>\n<h3>Parc national des montagnes du Simien<\/h3>\n<p>Le parc national des montagnes du Simien est g\u00e9n\u00e9ralement surnomm\u00e9 le Grand Canyon d&#039;Afrique en raison de son plateau vallonn\u00e9 et de ses magnifiques vall\u00e9es. Ce lieu class\u00e9 au patrimoine mondial de l&#039;UNESCO abrite une grande vari\u00e9t\u00e9 d&#039;esp\u00e8ces menac\u00e9es, notamment le bouquetin Walia et le loup \u00e9thiopien.<\/p>\n<h3>Fasil\u00a0Ghebbi<\/h3>\n<p>Fasil Ghebbi est un autre atout majeur pour le tourisme en \u00c9thiopie. La ville-forteresse Fasil Ghebii \u00e9tait la r\u00e9sidence des dirigeants \u00e9thiopiens aux XVIe et XVIIe si\u00e8cles. La ville contient des monast\u00e8res, des \u00e9glises et des b\u00e2timents publics et priv\u00e9s sp\u00e9ciaux marqu\u00e9s par des influences arabes et hindoues.<\/p>\n<h3>D\u00e9pression de Danakil<\/h3>\n<p>Une autre merveilleuse attraction contribuant \u00e0 la croissance du tourisme en \u00c9thiopie est la d\u00e9pression de Danakil, situ\u00e9e dans la r\u00e9gion Afar. C&#039;est l&#039;un des endroits les plus chauds de la plan\u00e8te, enregistrant des temp\u00e9ratures allant jusqu&#039;\u00e0 120 degr\u00e9s Celsius. La d\u00e9pression de Danakil est couverte d&#039;\u00e9tonnantes \u00e9tendues de monticules jaunes de gisements de sel, de soufre et de min\u00e9raux.<\/p>\n<h3>La ville sainte de Harar<\/h3>\n<p>Harar est une ville du nord-est de l&#039;\u00c9thiopie proche de la fronti\u00e8re avec la Somalie et un remarquable si\u00e8ge de la culture islamique. Sa ville fortifi\u00e9e surnomm\u00e9e \u00ab\u00a0La Mecque de l&#039;Afrique\u00a0\u00bb abrite plus d&#039;une centaine de mosqu\u00e9es et est \u00e9galement consid\u00e9r\u00e9e comme la \u00ab\u00a0quatri\u00e8me ville sainte de l&#039;islam\u00a0\u00bb. Harar a \u00e9t\u00e9 construit au XVIe si\u00e8cle pour sauver la ville contre les envahisseurs religieux.<\/p>\n<p>L&#039;Ethiopie est \u00e9galement un meilleur centre pour le tourisme d&#039;aventure et de safari. Tout comme ses homologues d&#039;Afrique de l&#039;Est, les parcs du pays contribuent grandement au secteur du tourisme en \u00c9thiopie. Le pays poss\u00e8de diff\u00e9rents parcs, dont le parc national des montagnes de Bale, le parc national d&#039;Awash, le parc national d&#039;Omo, entre autres, parfaits pour ce type de tourisme unique.<\/p>\n<h2>FAQ sur les vols pas chers vers l&#039;\u00c9thiopie<\/h2>\n<h3>Meilleure p\u00e9riode pour partir en \u00c9thiopie<\/h3>\n<p>R\u00e9servez des vols pas chers pour l&#039;\u00c9thiopie juste apr\u00e8s la saison des pluies pour voir la terre dans toute sa verdure luxuriante.<\/p>\n<p><strong>Haute saison<\/strong><br \/>\nLa plupart des visiteurs r\u00e9servent des vols \u00e9thiopiens entre novembre et mai pour profiter de la saison s\u00e8che et profiter du ciel ensoleill\u00e9.<\/p>\n<p><strong>Hors saison<\/strong><br \/>\nDe mai \u00e0 septembre, c&#039;est lorsque le pays enregistre le plus de pluie, mais vous trouverez probablement des offres sur les billets d&#039;avion pour l&#039;\u00c9thiopie et l&#039;h\u00f4tel au cours de ces mois. Faites vos valises et priez pour le soleil.<\/p>\n<h3>Quel jour est le moins cher pour partir pour \u00c9thiopie ?<\/h3>\n<p>\u00c0 l&#039;heure actuelle, le lundi est le meilleur jour pour prendre un vol pas cher vers l&#039;\u00c9thiopie. Le vendredi sera probablement le plus co\u00fbteux.<\/p>\n<h3>\u00c0 quelle heure de la journ\u00e9e les vols pour \u00c9thiopie sont-ils les moins chers ?<\/h3>\n<p>Les vols \u00e9thiopiens peuvent \u00eatre rendus abordables si vous choisissez un vol \u00e0 midi. La r\u00e9servation d&#039;un billet d&#039;avion pas cher pour l&#039;\u00c9thiopie dans la soir\u00e9e se traduira probablement par des prix \u00e9lev\u00e9s.<\/p>\n<h3>Quel est le meilleur moment pour r\u00e9server un billet d&#039;avion pour l&#039;Ethiopie ?<\/h3>\n<p>R\u00e9server trente jours avant la date de d\u00e9part pr\u00e9vue est, en moyenne, le meilleur moment pour obtenir des vols pas chers vers l&#039;\u00c9thiopie.<\/p>\n<h3>Compagnies a\u00e9riennes qui op\u00e8rent des vols en \u00c9thiopie<\/h3>\n<p>\u2022 British Airways<br \/>\n\u2022 Compagnies a\u00e9riennes \u00e9thiopiennes<br \/>\n\u2022 Turkish Airlines<br \/>\n\u2022 Lufthansa<br \/>\n\u2022 Egypt Air<br \/>\n\u2022 Les compagnies a\u00e9riennes saoudiennes<br \/>\n\u2022 Kenya Airlines<\/p>\n<h3>Quelle compagnie a\u00e9rienne est pr\u00e9f\u00e9r\u00e9e pour les vols \u00c9thiopie ?<\/h3>\n<p>Ethiopian Airlines est le porte-drapeau de l&#039;\u00c9thiopie. La c\u00e9l\u00e8bre compagnie a\u00e9rienne est enti\u00e8rement d\u00e9tenue par le gouvernement. C&#039;est le seul facilitateur de vol direct du Royaume-Uni vers l&#039;Ethiopie.<\/p>\n<h3>Prix pas chers pour les vols vers \u00c9thiopie par mois<\/h3>\n<p>Actuellement, le mois le moins cher pour les vols Ethiopie pas chers au d\u00e9part de Londres est mai avec un prix moyen de 455 \u20ac. Le mois le plus cher pour les vols vers l&#039;Ethiopie est juillet avec un prix moyen de 650 \u20ac.<\/p>\n<h2>Comment se d\u00e9placer en Ethiopie<\/h2>\n<p>La structure de la route est vari\u00e9e au fur et \u00e0 mesure que nous nous d\u00e9pla\u00e7ons d&#039;un endroit \u00e0 un autre. Pourtant les grandes villes de l&#039;\u00c9thiopie g\u00e8rent la structure de transpiration bien d\u00e9velopp\u00e9e. Addis-Abeba a un point principal \u00e0 partir duquel vous pouvez monter \u00e0 bord avec un mini bus local ou un taxi. En fonction des options du client en fonction du lieu de d\u00e9placement et du budget allou\u00e9, il existe une large gamme de v\u00e9hicules de transport accessibles qui rendent votre lieu accessible. Pour des trajets plus relaxants, les vols locaux peuvent toujours \u00eatre r\u00e9serv\u00e9s \u00e0 des tarifs r\u00e9duits en \u00c9thiopie. Pour sauter vers d&#039;autres points de visite \u00e0 des tarifs bon march\u00e9, vous pouvez r\u00e9server \u00e0 l&#039;avance les bus.<\/p>\n<h2>Conseils pratiques pour les vols directs vers l&#039;\u00c9thiopie<\/h2>\n<p>\u2022 Les vols internationaux \u00e0 destination et en provenance de l&#039;\u00c9thiopie sont desservis par l&#039;a\u00e9roport international d&#039;Addis-Abeba Bole.<\/p>\n<p>\u2022 Les compagnies a\u00e9riennes pr\u00e9f\u00e9r\u00e9es pour se rendre en \u00c9thiopie avec escale sont Turkish Airlines, Lufthansa, Egypt Air, Gulf Air et Emirates.<\/p>\n<p>\u2022 Les compagnies a\u00e9riennes turques proposent des vols quotidiens vers l&#039;\u00c9thiopie depuis Londres via Istanbul.<\/p>\n<p>\u2022 R\u00e9servez au moins trois semaines avant le d\u00e9part afin d&#039;obtenir un prix inf\u00e9rieur \u00e0 la moyenne.<\/p>\n<p>\u2022 La haute saison correspond aux mois de juillet, juin et ao\u00fbt. Le mois le moins cher pour partir pour \u00c9thiopie est f\u00e9vrier.<\/p>\n<p>\u2022 Vous recherchez des billets \u00e0 bas prix pour l&#039;\u00c9thiopie\u00a0? 25\u00a0% des utilisateurs ont trouv\u00e9 des billets pour l&#039;\u00c9thiopie aux prix suivants ou moins\u00a0: depuis Washington $959, Johannesburg $291, Nairobi $176, depuis Londres $592.<\/p>","protected":false},"excerpt":{"rendered":"<p>Looking for cheap airline ticket to Ethiopia or last minute deals? Search, compare and book cheap airline ticket Ethiopia online now. Book cheap flights to Ethiopia online and save money on airfare. Ethiopia is a country that has a big range of tourist attractions and for this factor, tourism in Ethiopia has continued to grow [&hellip;]<\/p>\n","protected":false},"author":1,"featured_media":14381,"parent":0,"menu_order":0,"comment_status":"open","ping_status":"closed","template":"template-home-modern.php","meta":{"footnotes":""},"class_list":["post-11890","page","type-page","status-publish","has-post-thumbnail","hentry"],"yoast_head":"<!-- This site is optimized with the Yoast SEO plugin v27.2 - https:\/\/yoast.com\/product\/yoast-seo-wordpress\/ -->\n<title>Cheap Flights to Ethiopia<\/title>\n<meta name=\"description\" content=\"Looking for cheap flights to\u00a0Ethiopia? Search, compare and book cheap airline ticket from to\u00a0Ethiopia online\" \/>\n<meta name=\"robots\" content=\"index, follow, max-snippet:-1, max-image-preview:large, max-video-preview:-1\" \/>\n<link rel=\"canonical\" href=\"https:\/\/tiketi.com\/fr-fr\/cheap-flights-to-ethiopia\/\" \/>\n<meta property=\"og:locale\" content=\"fr_FR\" \/>\n<meta property=\"og:type\" content=\"article\" \/>\n<meta property=\"og:title\" content=\"Cheap Flights to Ethiopia\" \/>\n<meta property=\"og:description\" content=\"Looking for cheap flights to\u00a0Ethiopia? Search, compare and book cheap airline ticket from to\u00a0Ethiopia online\" \/>\n<meta property=\"og:url\" content=\"https:\/\/tiketi.com\/fr-fr\/cheap-flights-to-ethiopia\/\" \/>\n<meta property=\"og:site_name\" content=\"Tiketi.com\" \/>\n<meta property=\"article:publisher\" content=\"https:\/\/www.facebook.com\/TiketiCom\/\" \/>\n<meta property=\"article:modified_time\" content=\"2022-02-10T10:08:20+00:00\" \/>\n<meta property=\"og:image\" content=\"https:\/\/tiketi.com\/wp-content\/uploads\/2022\/01\/yohannes-minas-YPLosSc3w6A-unsplash.jpg\" \/>\n\t<meta property=\"og:image:width\" content=\"1600\" \/>\n\t<meta property=\"og:image:height\" content=\"1200\" \/>\n\t<meta property=\"og:image:type\" content=\"image\/jpeg\" \/>\n<meta name=\"twitter:card\" content=\"summary_large_image\" \/>\n<meta name=\"twitter:label1\" content=\"Dur\u00e9e de lecture estim\u00e9e\" \/>\n\t<meta name=\"twitter:data1\" content=\"4 minutes\" \/>\n<script type=\"application\/ld+json\" class=\"yoast-schema-graph\">{\"@context\":\"https:\/\/schema.org\",\"@graph\":[{\"@type\":\"WebPage\",\"@id\":\"https:\/\/tiketi.com\/cheap-flights-to-ethiopia\/\",\"url\":\"https:\/\/tiketi.com\/cheap-flights-to-ethiopia\/\",\"name\":\"Cheap Flights to Ethiopia\",\"isPartOf\":{\"@id\":\"https:\/\/tiketi.com\/#website\"},\"primaryImageOfPage\":{\"@id\":\"https:\/\/tiketi.com\/cheap-flights-to-ethiopia\/#primaryimage\"},\"image\":{\"@id\":\"https:\/\/tiketi.com\/cheap-flights-to-ethiopia\/#primaryimage\"},\"thumbnailUrl\":\"https:\/\/tiketi.com\/wp-content\/uploads\/2022\/01\/yohannes-minas-YPLosSc3w6A-unsplash.jpg\",\"datePublished\":\"2022-01-19T11:55:21+00:00\",\"dateModified\":\"2022-02-10T10:08:20+00:00\",\"description\":\"Looking for cheap flights to\u00a0Ethiopia? Search, compare and book cheap airline ticket from to\u00a0Ethiopia online\",\"breadcrumb\":{\"@id\":\"https:\/\/tiketi.com\/cheap-flights-to-ethiopia\/#breadcrumb\"},\"inLanguage\":\"fr-FR\",\"potentialAction\":[{\"@type\":\"ReadAction\",\"target\":[\"https:\/\/tiketi.com\/cheap-flights-to-ethiopia\/\"]}]},{\"@type\":\"ImageObject\",\"inLanguage\":\"fr-FR\",\"@id\":\"https:\/\/tiketi.com\/cheap-flights-to-ethiopia\/#primaryimage\",\"url\":\"https:\/\/tiketi.com\/wp-content\/uploads\/2022\/01\/yohannes-minas-YPLosSc3w6A-unsplash.jpg\",\"contentUrl\":\"https:\/\/tiketi.com\/wp-content\/uploads\/2022\/01\/yohannes-minas-YPLosSc3w6A-unsplash.jpg\",\"width\":1600,\"height\":1200,\"caption\":\"Addis Ababa Air Taxi\"},{\"@type\":\"BreadcrumbList\",\"@id\":\"https:\/\/tiketi.com\/cheap-flights-to-ethiopia\/#breadcrumb\",\"itemListElement\":[{\"@type\":\"ListItem\",\"position\":1,\"name\":\"Home\",\"item\":\"https:\/\/tiketi.com\/\"},{\"@type\":\"ListItem\",\"position\":2,\"name\":\"Cheap Flights to Ethiopia\"}]},{\"@type\":\"WebSite\",\"@id\":\"https:\/\/tiketi.com\/#website\",\"url\":\"https:\/\/tiketi.com\/\",\"name\":\"Flight & Bus Tickets, Tour Packages & Activitites - Tiketi.com\",\"description\":\"Flight &amp; Bus Tickets, Tours, Activitites\",\"publisher\":{\"@id\":\"https:\/\/tiketi.com\/#organization\"},\"potentialAction\":[{\"@type\":\"SearchAction\",\"target\":{\"@type\":\"EntryPoint\",\"urlTemplate\":\"https:\/\/tiketi.com\/?s={search_term_string}\"},\"query-input\":{\"@type\":\"PropertyValueSpecification\",\"valueRequired\":true,\"valueName\":\"search_term_string\"}}],\"inLanguage\":\"fr-FR\"},{\"@type\":\"Organization\",\"@id\":\"https:\/\/tiketi.com\/#organization\",\"name\":\"Tiketi.com\",\"alternateName\":\"Tiketi\",\"url\":\"https:\/\/tiketi.com\/\",\"logo\":{\"@type\":\"ImageObject\",\"inLanguage\":\"fr-FR\",\"@id\":\"https:\/\/tiketi.com\/#\/schema\/logo\/image\/\",\"url\":\"https:\/\/tiketi.com\/wp-content\/uploads\/2019\/05\/tiketi-logo-696.png\",\"contentUrl\":\"https:\/\/tiketi.com\/wp-content\/uploads\/2019\/05\/tiketi-logo-696.png\",\"width\":696,\"height\":696,\"caption\":\"Tiketi.com\"},\"image\":{\"@id\":\"https:\/\/tiketi.com\/#\/schema\/logo\/image\/\"},\"sameAs\":[\"https:\/\/www.facebook.com\/TiketiCom\/\"]}]}<\/script>\n<!-- \/ Yoast SEO plugin. -->","yoast_head_json":{"title":"Vols pas chers vers \u00c9thiopie","description":"Vous cherchez des vols pas chers vers \u00c9thiopie ? Recherchez, comparez et r\u00e9servez en ligne un billet d&#039;avion pas cher de vers \u00c9thiopie","robots":{"index":"index","follow":"follow","max-snippet":"max-snippet:-1","max-image-preview":"max-image-preview:large","max-video-preview":"max-video-preview:-1"},"canonical":"https:\/\/tiketi.com\/fr-fr\/cheap-flights-to-ethiopia\/","og_locale":"fr_FR","og_type":"article","og_title":"Cheap Flights to Ethiopia","og_description":"Looking for cheap flights to\u00a0Ethiopia? Search, compare and book cheap airline ticket from to\u00a0Ethiopia online","og_url":"https:\/\/tiketi.com\/fr-fr\/cheap-flights-to-ethiopia\/","og_site_name":"Tiketi.com","article_publisher":"https:\/\/www.facebook.com\/TiketiCom\/","article_modified_time":"2022-02-10T10:08:20+00:00","og_image":[{"width":1600,"height":1200,"url":"https:\/\/tiketi.com\/wp-content\/uploads\/2022\/01\/yohannes-minas-YPLosSc3w6A-unsplash.jpg","type":"image\/jpeg"}],"twitter_card":"summary_large_image","twitter_misc":{"Dur\u00e9e de lecture estim\u00e9e":"4 minutes"},"schema":{"@context":"https:\/\/schema.org","@graph":[{"@type":"WebPage","@id":"https:\/\/tiketi.com\/cheap-flights-to-ethiopia\/","url":"https:\/\/tiketi.com\/cheap-flights-to-ethiopia\/","name":"Vols pas chers vers \u00c9thiopie","isPartOf":{"@id":"https:\/\/tiketi.com\/#website"},"primaryImageOfPage":{"@id":"https:\/\/tiketi.com\/cheap-flights-to-ethiopia\/#primaryimage"},"image":{"@id":"https:\/\/tiketi.com\/cheap-flights-to-ethiopia\/#primaryimage"},"thumbnailUrl":"https:\/\/tiketi.com\/wp-content\/uploads\/2022\/01\/yohannes-minas-YPLosSc3w6A-unsplash.jpg","datePublished":"2022-01-19T11:55:21+00:00","dateModified":"2022-02-10T10:08:20+00:00","description":"Vous cherchez des vols pas chers vers \u00c9thiopie ? Recherchez, comparez et r\u00e9servez en ligne un billet d&#039;avion pas cher de vers \u00c9thiopie","breadcrumb":{"@id":"https:\/\/tiketi.com\/cheap-flights-to-ethiopia\/#breadcrumb"},"inLanguage":"fr-FR","potentialAction":[{"@type":"ReadAction","target":["https:\/\/tiketi.com\/cheap-flights-to-ethiopia\/"]}]},{"@type":"ImageObject","inLanguage":"fr-FR","@id":"https:\/\/tiketi.com\/cheap-flights-to-ethiopia\/#primaryimage","url":"https:\/\/tiketi.com\/wp-content\/uploads\/2022\/01\/yohannes-minas-YPLosSc3w6A-unsplash.jpg","contentUrl":"https:\/\/tiketi.com\/wp-content\/uploads\/2022\/01\/yohannes-minas-YPLosSc3w6A-unsplash.jpg","width":1600,"height":1200,"caption":"Addis Ababa Air Taxi"},{"@type":"BreadcrumbList","@id":"https:\/\/tiketi.com\/cheap-flights-to-ethiopia\/#breadcrumb","itemListElement":[{"@type":"ListItem","position":1,"name":"Home","item":"https:\/\/tiketi.com\/"},{"@type":"ListItem","position":2,"name":"Cheap Flights to Ethiopia"}]},{"@type":"WebSite","@id":"https:\/\/tiketi.com\/#website","url":"https:\/\/tiketi.com\/","name":"Billets d&#039;avion et de bus, forfaits touristiques et activit\u00e9s - Tiketi.com","description":"Billets d&#039;avion et de bus, Tours, Activit\u00e9s","publisher":{"@id":"https:\/\/tiketi.com\/#organization"},"potentialAction":[{"@type":"SearchAction","target":{"@type":"EntryPoint","urlTemplate":"https:\/\/tiketi.com\/?s={search_term_string}"},"query-input":{"@type":"PropertyValueSpecification","valueRequired":true,"valueName":"search_term_string"}}],"inLanguage":"fr-FR"},{"@type":"Organization","@id":"https:\/\/tiketi.com\/#organization","name":"Tiketi.com","alternateName":"Tiketi","url":"https:\/\/tiketi.com\/","logo":{"@type":"ImageObject","inLanguage":"fr-FR","@id":"https:\/\/tiketi.com\/#\/schema\/logo\/image\/","url":"https:\/\/tiketi.com\/wp-content\/uploads\/2019\/05\/tiketi-logo-696.png","contentUrl":"https:\/\/tiketi.com\/wp-content\/uploads\/2019\/05\/tiketi-logo-696.png","width":696,"height":696,"caption":"Tiketi.com"},"image":{"@id":"https:\/\/tiketi.com\/#\/schema\/logo\/image\/"},"sameAs":["https:\/\/www.facebook.com\/TiketiCom\/"]}]}},"_links":{"self":[{"href":"https:\/\/tiketi.com\/fr-fr\/wp-json\/wp\/v2\/pages\/11890","targetHints":{"allow":["GET"]}}],"collection":[{"href":"https:\/\/tiketi.com\/fr-fr\/wp-json\/wp\/v2\/pages"}],"about":[{"href":"https:\/\/tiketi.com\/fr-fr\/wp-json\/wp\/v2\/types\/page"}],"author":[{"embeddable":true,"href":"https:\/\/tiketi.com\/fr-fr\/wp-json\/wp\/v2\/users\/1"}],"replies":[{"embeddable":true,"href":"https:\/\/tiketi.com\/fr-fr\/wp-json\/wp\/v2\/comments?post=11890"}],"version-history":[{"count":0,"href":"https:\/\/tiketi.com\/fr-fr\/wp-json\/wp\/v2\/pages\/11890\/revisions"}],"wp:featuredmedia":[{"embeddable":true,"href":"https:\/\/tiketi.com\/fr-fr\/wp-json\/wp\/v2\/media\/14381"}],"wp:attachment":[{"href":"https:\/\/tiketi.com\/fr-fr\/wp-json\/wp\/v2\/media?parent=11890"}],"curies":[{"name":"wp","href":"https:\/\/api.w.org\/{rel}","templated":true}]}}