{"id":11892,"date":"2022-01-19T12:55:21","date_gmt":"2022-01-19T11:55:21","guid":{"rendered":"https:\/\/new.tiketi.com\/cheap-flights-to-india\/"},"modified":"2022-12-03T13:07:28","modified_gmt":"2022-12-03T12:07:28","slug":"india","status":"publish","type":"page","link":"https:\/\/tiketi.com\/fr-fr\/cheap-flights\/india\/","title":{"rendered":"Vols pas chers vers l&#039;Inde"},"content":{"rendered":"<h2>Vous recherchez un billet d&#039;avion pas cher pour l&#039;Inde ou des offres de derni\u00e8re minute ?<\/h2>\n<h3>Recherchez, comparez et r\u00e9servez en ligne d\u00e8s maintenant vos billets d&#039;avion Inde (AUH).<\/h3>\n<p>R\u00e9servez en ligne des vols pas chers pour l&#039;Inde et \u00e9conomisez de l&#039;argent sur les billets d&#039;avion. Si vous parlez de destinations touristiques, l&#039;Inde se classerait parmi les meilleures. Le pays regorge de lieux touristiques, c\u00e9l\u00e8bres pour leur importance culturelle, leur beaut\u00e9 naturelle, leurs activit\u00e9s d&#039;aventure ou une combinaison de tout. Comparez les prix et obtenez les tarifs les plus bas sur les billets d&#039;avion pour l&#039;Inde gr\u00e2ce \u00e0 des offres exceptionnelles sur la r\u00e9servation de billets en ligne pour les vols vers l&#039;Inde.<\/p>\n<h2>Voici quelques-uns des endroits c\u00e9l\u00e8bres \u00e0 visiter en Inde<\/h2>\n<h3>Agra<\/h3>\n<p>Commen\u00e7ons cette liste par une ville qui capture l&#039;air du temps culturel de l&#039;\u00e2ge moghol en Inde. Agra est plus commun\u00e9ment appel\u00e9e la maison du Taj Mahal, le mausol\u00e9e que la plupart des gens imaginent rapidement lorsqu&#039;ils pensent \u00e0 l&#039;Inde. Et tandis que le Taj Mahal est certainement l&#039;une des principales raisons de faire d&#039;Agra une attraction touristique populaire, ce n&#039;est pas seulement la seule. Agra abrite un certain nombre de vestiges du grand empire moghol, notamment le tombeau d&#039;Akbar et itimad-ud-Daulah.<\/p>\n<h3>Jaipur<\/h3>\n<p>En parlant de la merveille du pass\u00e9, il n&#039;y a qu&#039;une poign\u00e9e de villes en Inde qui l&#039;attirent aussi justement que Jaipur. La ville est la capitale du Rajasthan et une fen\u00eatre sur l&#039;histoire fascinante de l&#039;Inde. Ses rues sont un m\u00e9lange du pr\u00e9sent et du pass\u00e9, et pourtant il y a une certaine sensation de calme et de paix dans l&#039;agitation. Et, il serait difficile de passer \u00e0 c\u00f4t\u00e9 de la couleur de la ville.<\/p>\n<h3>Goa<\/h3>\n<p>Goa est consid\u00e9r\u00e9e par beaucoup comme la capitale du divertissement et de la f\u00eate en Inde. Ses palmiers et ses plages de sable qui se courbent pour toucher l&#039;oc\u00e9an ne sont qu&#039;une partie de l&#039;\u00e9quation qui fait de Goa un tel succ\u00e8s. Malgr\u00e9 son statut, Goa reste une ville lente et endormie avec sa propre culture riche qui vaut la peine d&#039;\u00eatre v\u00e9cue et explor\u00e9e.<\/p>\n<h3>Shimla<\/h3>\n<p>Autrefois capitale d&#039;\u00e9t\u00e9 de l&#039;Empire britannique des Indiens, Shimla est aujourd&#039;hui l&#039;une des stations de montagne les plus c\u00e9l\u00e8bres de l&#039;Inde et \u00e9galement la capitale de l&#039;Himachal Pradesh. Compte tenu de son statut, la ville regorge de visiteurs. Mais la marche est le seul moyen de se d\u00e9placer dans un lieu central, ce qui peut \u00eatre une exp\u00e9rience plut\u00f4t agr\u00e9able et amusante. Comme la plupart des autres stations de montagne, Shimla poss\u00e8de \u00e9galement des ruelles \u00e9troites et sinueuses qui valent la peine d&#039;\u00eatre explor\u00e9es.<\/p>\n<h2>FAQ sur les vols pas chers vers l&#039;Inde<\/h2>\n<h3>Quelle est la p\u00e9riode de l&#039;ann\u00e9e la moins ch\u00e8re pour partir pour Inde ?<\/h3>\n<p>La p\u00e9riode la moins ch\u00e8re pour visiter l&#039;Inde est la chute entre les mois de juillet et octobre. M\u00eame si les temp\u00e9ratures estivales \u00e9lev\u00e9es d\u00e9passent 38 \u00b0 C, les Indiens r\u00e9sidant \u00e0 l&#039;\u00e9tranger reviennent en grand nombre dans leur pays pendant les vacances d&#039;\u00e9t\u00e9. La saison de la mousson commence dans la baie du Bengale lorsque le soleil chauffe l&#039;eau de mer et que la vapeur d&#039;eau souffle vers l&#039;int\u00e9rieur des terres et pousse l&#039;Himalaya dans la stratosph\u00e8re o\u00f9 elle tombe et se condense. Il n&#039;y a aucune chance d&#039;inondation en raison de l&#039;am\u00e9lioration du syst\u00e8me de drainage, il y a de fortes chances que vous profitiez de vos vols pas chers vers l&#039;Inde \u00e0 l&#039;automne.<\/p>\n<h3>Quel jour est le moins cher pour partir en Inde ?<\/h3>\n<p>Le dimanche est actuellement, en moyenne, le jour le moins cher pour prendre l&#039;avion pour l&#039;Inde. Voler mercredi entra\u00eenera une augmentation du prix des billets pour l&#039;Inde.<\/p>\n<h3>\u00c0 quelle heure de la journ\u00e9e est-il le moins cher de prendre l&#039;avion pour Inde\u00a0?<\/h3>\n<p>Pour obtenir l&#039;excellent rapport qualit\u00e9-prix, essayez de r\u00e9server un vol \u00e0 midi lorsque vous visitez l&#039;Inde. G\u00e9n\u00e9ralement, les prix augmenteront pour les vols vers l&#039;Inde le matin, car ceux-ci ont tendance \u00e0 \u00eatre tr\u00e8s demand\u00e9s.<\/p>\n<h3>Quelles compagnies a\u00e9riennes proposent des vols vers l&#039;Inde\u00a0?<\/h3>\n<p>Trouver un vol direct vers l&#039;Inde n&#039;est pas trop difficile, car American Airlines, Delta et Untied desservent toutes le pays. Un autre choix pour des vols directs vers l&#039;Inde \u00e0 bas prix depuis les \u00c9tats-Unis est Air India. Si vous voyagez d&#039;un endroit international, recherchez des vols avec des transporteurs tels que Lufthansa ou Air Canada.<\/p>\n<h3>Quel est le meilleur moment pour r\u00e9server un billet d&#039;avion pour l&#039;Inde ?<\/h3>\n<p>Vous pouvez trouver des billets d&#039;avion bon march\u00e9 pour l&#039;Inde pendant les p\u00e9riodes de mousson et d&#039;hiver. Vous devrez rechercher en fait cela d\u00e9pend de l&#039;endroit o\u00f9 vous allez, par exemple \u00e0 Goa, la saison de la mousson peut durer de juin \u00e0 octobre alors que dans d&#039;autres r\u00e9gions, elle peut durer de novembre \u00e0 octobre, alors planifiez votre voyage en fonction de rejeter cette saison si vous esp\u00e9rez pour un temps ensoleill\u00e9 et sec. V\u00e9rifier quand les festivals ont lieu est \u00e9galement une bonne id\u00e9e car ils augmenteront les vols en Inde et le prix des h\u00f4tels et rendront les billets d&#039;avion bon march\u00e9 en Inde difficiles \u00e0 trouver. Si vous pouvez \u00eatre flexible avec vos dates et votre lieu, vous pouvez trouver les billets d&#039;avion bon march\u00e9 pour l&#039;Inde, assurez-vous simplement de s\u00e9curiser vos billets d&#039;avion au moins trois ou quatre mois \u00e0 l&#039;avance.<\/p>\n<h2>Se d\u00e9placer en Inde<\/h2>\n<p>Le train est le mode de transport le plus utilis\u00e9, notamment pour les longs trajets. Le pays a \u00e9tendu son r\u00e9seau ferroviaire et pr\u00e9tend maintenant avoir les lignes ferroviaires les plus larges du monde. Les trains permettent au passager d&#039;admirer la merveilleuse beaut\u00e9 de l&#039;Inde en cours de route. C&#039;est le moyen le plus s\u00fbr et le plus abordable de voyager \u00e0 travers le pays. En plus des trains conventionnels, il existe des trains de luxe avec salle \u00e0 manger et climatisation.<\/p>","protected":false},"excerpt":{"rendered":"<p>Looking for cheap airline ticket to India or last minute deals? Search, compare and book cheap airline ticket India (AUH) online now. Book cheap flights to India online and save money on airfare. If you talk about visitor destinations, India would rank among the top. The country is chock full of visitors places, famous for [&hellip;]<\/p>\n","protected":false},"author":1,"featured_media":16441,"parent":23264,"menu_order":0,"comment_status":"open","ping_status":"closed","template":"template-home-modern.php","meta":{"footnotes":""},"class_list":["post-11892","page","type-page","status-publish","has-post-thumbnail","hentry"],"yoast_head":"<!-- This site is optimized with the Yoast SEO plugin v27.2 - https:\/\/yoast.com\/product\/yoast-seo-wordpress\/ -->\n<title>Cheap Flights to India<\/title>\n<meta name=\"description\" content=\"Looking for cheap flights to\u00a0India? Search, compare and book cheap airline ticket from to\u00a0 India online and save money\" \/>\n<meta name=\"robots\" content=\"index, follow, max-snippet:-1, max-image-preview:large, max-video-preview:-1\" \/>\n<link rel=\"canonical\" href=\"https:\/\/tiketi.com\/fr-fr\/cheap-flights\/india\/\" \/>\n<meta property=\"og:locale\" content=\"fr_FR\" \/>\n<meta property=\"og:type\" content=\"article\" \/>\n<meta property=\"og:title\" content=\"Cheap Flights to India\" \/>\n<meta property=\"og:description\" content=\"Looking for cheap flights to\u00a0India? Search, compare and book cheap airline ticket from to\u00a0 India online and save money\" \/>\n<meta property=\"og:url\" content=\"https:\/\/tiketi.com\/fr-fr\/cheap-flights\/india\/\" \/>\n<meta property=\"og:site_name\" content=\"Tiketi.com\" \/>\n<meta property=\"article:publisher\" content=\"https:\/\/www.facebook.com\/TiketiCom\/\" \/>\n<meta property=\"article:modified_time\" content=\"2022-12-03T12:07:28+00:00\" \/>\n<meta property=\"og:image\" content=\"https:\/\/tiketi.com\/wp-content\/uploads\/2022\/02\/mumbai-390928_1280.jpg\" \/>\n\t<meta property=\"og:image:width\" content=\"1200\" \/>\n\t<meta property=\"og:image:height\" content=\"224\" \/>\n\t<meta property=\"og:image:type\" content=\"image\/jpeg\" \/>\n<meta name=\"twitter:card\" content=\"summary_large_image\" \/>\n<meta name=\"twitter:label1\" content=\"Dur\u00e9e de lecture estim\u00e9e\" \/>\n\t<meta name=\"twitter:data1\" content=\"4 minutes\" \/>\n<script type=\"application\/ld+json\" class=\"yoast-schema-graph\">{\"@context\":\"https:\/\/schema.org\",\"@graph\":[{\"@type\":\"WebPage\",\"@id\":\"https:\/\/tiketi.com\/fr-fr\/cheap-flights\/india\/\",\"url\":\"https:\/\/tiketi.com\/fr-fr\/cheap-flights\/india\/\",\"name\":\"Cheap Flights to India\",\"isPartOf\":{\"@id\":\"https:\/\/tiketi.com\/#website\"},\"primaryImageOfPage\":{\"@id\":\"https:\/\/tiketi.com\/fr-fr\/cheap-flights\/india\/#primaryimage\"},\"image\":{\"@id\":\"https:\/\/tiketi.com\/fr-fr\/cheap-flights\/india\/#primaryimage\"},\"thumbnailUrl\":\"https:\/\/tiketi.com\/wp-content\/uploads\/2022\/02\/mumbai-390928_1280.jpg\",\"datePublished\":\"2022-01-19T11:55:21+00:00\",\"dateModified\":\"2022-12-03T12:07:28+00:00\",\"description\":\"Looking for cheap flights to\u00a0India? Search, compare and book cheap airline ticket from to\u00a0 India online and save money\",\"breadcrumb\":{\"@id\":\"https:\/\/tiketi.com\/fr-fr\/cheap-flights\/india\/#breadcrumb\"},\"inLanguage\":\"fr-FR\",\"potentialAction\":[{\"@type\":\"ReadAction\",\"target\":[\"https:\/\/tiketi.com\/fr-fr\/cheap-flights\/india\/\"]}]},{\"@type\":\"ImageObject\",\"inLanguage\":\"fr-FR\",\"@id\":\"https:\/\/tiketi.com\/fr-fr\/cheap-flights\/india\/#primaryimage\",\"url\":\"https:\/\/tiketi.com\/wp-content\/uploads\/2022\/02\/mumbai-390928_1280.jpg\",\"contentUrl\":\"https:\/\/tiketi.com\/wp-content\/uploads\/2022\/02\/mumbai-390928_1280.jpg\",\"width\":1200,\"height\":224,\"caption\":\"Air Taxi in Mumbai\"},{\"@type\":\"BreadcrumbList\",\"@id\":\"https:\/\/tiketi.com\/fr-fr\/cheap-flights\/india\/#breadcrumb\",\"itemListElement\":[{\"@type\":\"ListItem\",\"position\":1,\"name\":\"Home\",\"item\":\"https:\/\/tiketi.com\/\"},{\"@type\":\"ListItem\",\"position\":2,\"name\":\"Cheap Flights\",\"item\":\"https:\/\/tiketi.com\/cheap-flights\/\"},{\"@type\":\"ListItem\",\"position\":3,\"name\":\"Cheap Flights to India\"}]},{\"@type\":\"WebSite\",\"@id\":\"https:\/\/tiketi.com\/#website\",\"url\":\"https:\/\/tiketi.com\/\",\"name\":\"Flight & Bus Tickets, Tour Packages & Activitites - Tiketi.com\",\"description\":\"Flight &amp; Bus Tickets, Tours, Activitites\",\"publisher\":{\"@id\":\"https:\/\/tiketi.com\/#organization\"},\"potentialAction\":[{\"@type\":\"SearchAction\",\"target\":{\"@type\":\"EntryPoint\",\"urlTemplate\":\"https:\/\/tiketi.com\/?s={search_term_string}\"},\"query-input\":{\"@type\":\"PropertyValueSpecification\",\"valueRequired\":true,\"valueName\":\"search_term_string\"}}],\"inLanguage\":\"fr-FR\"},{\"@type\":\"Organization\",\"@id\":\"https:\/\/tiketi.com\/#organization\",\"name\":\"Tiketi.com\",\"alternateName\":\"Tiketi\",\"url\":\"https:\/\/tiketi.com\/\",\"logo\":{\"@type\":\"ImageObject\",\"inLanguage\":\"fr-FR\",\"@id\":\"https:\/\/tiketi.com\/#\/schema\/logo\/image\/\",\"url\":\"https:\/\/tiketi.com\/wp-content\/uploads\/2019\/05\/tiketi-logo-696.png\",\"contentUrl\":\"https:\/\/tiketi.com\/wp-content\/uploads\/2019\/05\/tiketi-logo-696.png\",\"width\":696,\"height\":696,\"caption\":\"Tiketi.com\"},\"image\":{\"@id\":\"https:\/\/tiketi.com\/#\/schema\/logo\/image\/\"},\"sameAs\":[\"https:\/\/www.facebook.com\/TiketiCom\/\"]}]}<\/script>\n<!-- \/ Yoast SEO plugin. -->","yoast_head_json":{"title":"Vols pas chers vers l&#039;Inde","description":"Vous cherchez des vols pas chers pour l&#039;Inde ? Recherchez, comparez et r\u00e9servez en ligne un billet d&#039;avion pas cher de vers l&#039;Inde et \u00e9conomisez de l&#039;argent","robots":{"index":"index","follow":"follow","max-snippet":"max-snippet:-1","max-image-preview":"max-image-preview:large","max-video-preview":"max-video-preview:-1"},"canonical":"https:\/\/tiketi.com\/fr-fr\/cheap-flights\/india\/","og_locale":"fr_FR","og_type":"article","og_title":"Cheap Flights to India","og_description":"Looking for cheap flights to\u00a0India? Search, compare and book cheap airline ticket from to\u00a0 India online and save money","og_url":"https:\/\/tiketi.com\/fr-fr\/cheap-flights\/india\/","og_site_name":"Tiketi.com","article_publisher":"https:\/\/www.facebook.com\/TiketiCom\/","article_modified_time":"2022-12-03T12:07:28+00:00","og_image":[{"width":1200,"height":224,"url":"https:\/\/tiketi.com\/wp-content\/uploads\/2022\/02\/mumbai-390928_1280.jpg","type":"image\/jpeg"}],"twitter_card":"summary_large_image","twitter_misc":{"Dur\u00e9e de lecture estim\u00e9e":"4 minutes"},"schema":{"@context":"https:\/\/schema.org","@graph":[{"@type":"WebPage","@id":"https:\/\/tiketi.com\/fr-fr\/cheap-flights\/india\/","url":"https:\/\/tiketi.com\/fr-fr\/cheap-flights\/india\/","name":"Vols pas chers vers l&#039;Inde","isPartOf":{"@id":"https:\/\/tiketi.com\/#website"},"primaryImageOfPage":{"@id":"https:\/\/tiketi.com\/fr-fr\/cheap-flights\/india\/#primaryimage"},"image":{"@id":"https:\/\/tiketi.com\/fr-fr\/cheap-flights\/india\/#primaryimage"},"thumbnailUrl":"https:\/\/tiketi.com\/wp-content\/uploads\/2022\/02\/mumbai-390928_1280.jpg","datePublished":"2022-01-19T11:55:21+00:00","dateModified":"2022-12-03T12:07:28+00:00","description":"Vous cherchez des vols pas chers pour l&#039;Inde ? Recherchez, comparez et r\u00e9servez en ligne un billet d&#039;avion pas cher de vers l&#039;Inde et \u00e9conomisez de l&#039;argent","breadcrumb":{"@id":"https:\/\/tiketi.com\/fr-fr\/cheap-flights\/india\/#breadcrumb"},"inLanguage":"fr-FR","potentialAction":[{"@type":"ReadAction","target":["https:\/\/tiketi.com\/fr-fr\/cheap-flights\/india\/"]}]},{"@type":"ImageObject","inLanguage":"fr-FR","@id":"https:\/\/tiketi.com\/fr-fr\/cheap-flights\/india\/#primaryimage","url":"https:\/\/tiketi.com\/wp-content\/uploads\/2022\/02\/mumbai-390928_1280.jpg","contentUrl":"https:\/\/tiketi.com\/wp-content\/uploads\/2022\/02\/mumbai-390928_1280.jpg","width":1200,"height":224,"caption":"Air Taxi in Mumbai"},{"@type":"BreadcrumbList","@id":"https:\/\/tiketi.com\/fr-fr\/cheap-flights\/india\/#breadcrumb","itemListElement":[{"@type":"ListItem","position":1,"name":"Home","item":"https:\/\/tiketi.com\/"},{"@type":"ListItem","position":2,"name":"Cheap Flights","item":"https:\/\/tiketi.com\/cheap-flights\/"},{"@type":"ListItem","position":3,"name":"Cheap Flights to India"}]},{"@type":"WebSite","@id":"https:\/\/tiketi.com\/#website","url":"https:\/\/tiketi.com\/","name":"Billets d&#039;avion et de bus, forfaits touristiques et activit\u00e9s - Tiketi.com","description":"Billets d&#039;avion et de bus, Tours, Activit\u00e9s","publisher":{"@id":"https:\/\/tiketi.com\/#organization"},"potentialAction":[{"@type":"SearchAction","target":{"@type":"EntryPoint","urlTemplate":"https:\/\/tiketi.com\/?s={search_term_string}"},"query-input":{"@type":"PropertyValueSpecification","valueRequired":true,"valueName":"search_term_string"}}],"inLanguage":"fr-FR"},{"@type":"Organization","@id":"https:\/\/tiketi.com\/#organization","name":"Tiketi.com","alternateName":"Tiketi","url":"https:\/\/tiketi.com\/","logo":{"@type":"ImageObject","inLanguage":"fr-FR","@id":"https:\/\/tiketi.com\/#\/schema\/logo\/image\/","url":"https:\/\/tiketi.com\/wp-content\/uploads\/2019\/05\/tiketi-logo-696.png","contentUrl":"https:\/\/tiketi.com\/wp-content\/uploads\/2019\/05\/tiketi-logo-696.png","width":696,"height":696,"caption":"Tiketi.com"},"image":{"@id":"https:\/\/tiketi.com\/#\/schema\/logo\/image\/"},"sameAs":["https:\/\/www.facebook.com\/TiketiCom\/"]}]}},"_links":{"self":[{"href":"https:\/\/tiketi.com\/fr-fr\/wp-json\/wp\/v2\/pages\/11892","targetHints":{"allow":["GET"]}}],"collection":[{"href":"https:\/\/tiketi.com\/fr-fr\/wp-json\/wp\/v2\/pages"}],"about":[{"href":"https:\/\/tiketi.com\/fr-fr\/wp-json\/wp\/v2\/types\/page"}],"author":[{"embeddable":true,"href":"https:\/\/tiketi.com\/fr-fr\/wp-json\/wp\/v2\/users\/1"}],"replies":[{"embeddable":true,"href":"https:\/\/tiketi.com\/fr-fr\/wp-json\/wp\/v2\/comments?post=11892"}],"version-history":[{"count":0,"href":"https:\/\/tiketi.com\/fr-fr\/wp-json\/wp\/v2\/pages\/11892\/revisions"}],"up":[{"embeddable":true,"href":"https:\/\/tiketi.com\/fr-fr\/wp-json\/wp\/v2\/pages\/23264"}],"wp:featuredmedia":[{"embeddable":true,"href":"https:\/\/tiketi.com\/fr-fr\/wp-json\/wp\/v2\/media\/16441"}],"wp:attachment":[{"href":"https:\/\/tiketi.com\/fr-fr\/wp-json\/wp\/v2\/media?parent=11892"}],"curies":[{"name":"wp","href":"https:\/\/api.w.org\/{rel}","templated":true}]}}