{"id":11893,"date":"2022-01-19T12:55:21","date_gmt":"2022-01-19T11:55:21","guid":{"rendered":"https:\/\/new.tiketi.com\/cheap-flights-from-london-to-mauritius\/"},"modified":"2022-02-09T10:18:53","modified_gmt":"2022-02-09T09:18:53","slug":"flights-london-mauritius-lcy-mru","status":"publish","type":"page","link":"https:\/\/tiketi.com\/fr-fr\/flights-london-mauritius-lcy-mru\/","title":{"rendered":"Vols \u00e0 bas prix de Londres \u00e0 \u00cele Maurice"},"content":{"rendered":"<h2>Vous recherchez un billet d&#039;avion pas cher de Londres \u00e0 Maurice ou des offres de derni\u00e8re minute ?<\/h2>\n<h3>Recherchez, comparez et r\u00e9servez un billet d&#039;avion pas cher entre Londres (LCY) et Maurice (MRU)<span style=\"font-size: 16px;\">\u00a0<\/span>maintenant en ligne.<\/h3>\n<p>R\u00e9servez en ligne des vols \u00e0 bas prix de Londres pour Maurice et \u00e9conomisez de l&#039;argent sur les billets d&#039;avion. Si vous n&#039;avez jamais entendu parler de l&#039;\u00eele Maurice, voici une petite br\u00e8ve description de ce pays exotique. Maurice est une \u00eele dynamique situ\u00e9e dans l&#039;oc\u00e9an Indien. Il a une place d&#039;environ 2040 km. Comparez les prix et obtenez les tarifs les plus bas sur les billets d&#039;avion de Londres \u00e0 Maurice gr\u00e2ce \u00e0 des offres exceptionnelles sur la r\u00e9servation de billets en ligne de vols de Londres \u00e0 Maurice.<\/p>\n<h2>Voici quelques-unes des meilleures attractions de l&#039;\u00eele Maurice<\/h2>\n<h3>Jardin Botanique National de Maurice<\/h3>\n<p>Le jardin est ind\u00e9niablement l&#039;une des attractions les plus visit\u00e9es de l&#039;\u00eele Maurice. Il abrite des centaines de plantes tropicales, dont la plupart sont indig\u00e8nes. C&#039;est l&#039;un des endroits les plus c\u00e9l\u00e8bres et les plus visit\u00e9s de l&#039;\u00eele Maurice. Le jardin a \u00e9t\u00e9 ouvert pour la premi\u00e8re fois en tant que jardin priv\u00e9 il y a plus de trois cents ans. Il s&#039;\u00e9tend sur plus de 1000 acres et cela peut vous prendre plus d&#039;une semaine pour couvrir tout le jardin.<\/p>\n<h3>Port-Louise<\/h3>\n<p>Port Louise est la capitale de l&#039;\u00eele Maurice, et ici, vous d\u00e9couvrirez le patrimoine et l&#039;histoire de l&#039;\u00eele Maurice, et comment il a \u00e9t\u00e9 int\u00e9gr\u00e9 de mani\u00e8re transparente dans cette ville. La ville est aujourd&#039;hui la plus grande de Maurice et sert de centre \u00e9conomique et administratif de l&#039;\u00eele.<\/p>\n<h3>Front de mer du Caudan<\/h3>\n<p>Le front de mer du Caudan vous offre un aper\u00e7u du c\u00f4t\u00e9 commercial et \u00e9conomique de l&#039;\u00eele Maurice. Le Waterfront a un espace pour les visiteurs, les artistes nationaux et m\u00eame les gastronomes. Vous pouvez m\u00eame vous essayer aux casinos. L&#039;ambiance merveilleuse et pittoresque ici vous laissera choqu\u00e9. La plupart des visiteurs sont enthousiasm\u00e9s par cet endroit et le conseillent vivement.<\/p>\n<h2>FAQ sur les vols pas chers de Londres \u00e0 \u00cele Maurice<\/h2>\n<h3>Quels sont les itin\u00e9raires les plus c\u00e9l\u00e8bres de Londres \u00e0 Maurice ?<\/h3>\n<p>Les itin\u00e9raires de vol les plus c\u00e9l\u00e8bres de Londres \u00e0 Maurice sont Londres Heathrow \u2013 Londres Standsted, Port Louis Sir Seewoosagur Ram et Londres Londres Gatwick \u2013 Port Louis Sir SeeWoosagur Ram.<\/p>\n<h3>Quelles sont les compagnies a\u00e9riennes les plus c\u00e9l\u00e8bres qui proposent des vols pas chers de Londres \u00e0 Maurice ?<\/h3>\n<p>Avant de r\u00e9server votre vol Londres Maurice, renseignez-vous aupr\u00e8s des compagnies a\u00e9riennes les plus connues pour ce trajet : TUI Airways, Alitalia ou Kenya Airways.<\/p>\n<h3>Combien co\u00fbte un billet d&#039;avion pas cher de Londres \u00e0 Maurice ?<\/h3>\n<p>Le prix du billet d&#039;avion pas cher de Londres \u00e0 Maurice est de 416 \u20ac. En moyenne, vous pouvez deviner de payer 704 \u20ac. L&#039;itin\u00e9raire le plus c\u00e9l\u00e8bre, peut g\u00e9n\u00e9ralement \u00eatre r\u00e9serv\u00e9 pour 532 \u20ac.<\/p>\n<h3>Quelles sont les compagnies a\u00e9riennes les plus fiables entre Londres et Maurice ?<\/h3>\n<p>Lors de la r\u00e9servation d&#039;un vol de Londres \u00e0 Maurice, pensez \u00e0 choisir (Iberia 80%), British Airways (80%) ou TUI Airways (12%), car ils sont les plus fiables pour vous amener \u00e0 votre destination \u00e0 temps.<\/p>\n<h3>Combien de vols Londres-\u00cele Maurice volent-ils en moyenne ?<\/h3>\n<p>Il y a pr\u00e8s de dix vols par semaine en moyenne de Londres \u00e0 Maurice.<\/p>\n<p>&nbsp;<\/p>","protected":false},"excerpt":{"rendered":"<p>Looking for cheap airline ticket from London to Mauritius\u00a0or last minute deals? Search, compare and book cheap airline ticket from London (LCY) to Mauritius (MRU)\u00a0online now. Book cheap flights from London to Mauritius online and save money on airfare. If you have never heard of Mauritius, here is a little brief description of this exotic [&hellip;]<\/p>\n","protected":false},"author":1,"featured_media":14041,"parent":0,"menu_order":0,"comment_status":"open","ping_status":"closed","template":"template-home-modern.php","meta":{"footnotes":""},"class_list":["post-11893","page","type-page","status-publish","has-post-thumbnail","hentry"],"yoast_head":"<!-- This site is optimized with the Yoast SEO plugin v27.2 - https:\/\/yoast.com\/product\/yoast-seo-wordpress\/ -->\n<title>Cheap Flights from\u00a0London to Mauritius<\/title>\n<meta name=\"description\" content=\"Looking for cheap flights from\u00a0London to Mauritius? Search, compare and book cheap airline ticket from London to Mauritius online\" \/>\n<meta name=\"robots\" content=\"index, follow, max-snippet:-1, max-image-preview:large, max-video-preview:-1\" \/>\n<link rel=\"canonical\" href=\"https:\/\/tiketi.com\/fr-fr\/flights-london-mauritius-lcy-mru\/\" \/>\n<meta property=\"og:locale\" content=\"fr_FR\" \/>\n<meta property=\"og:type\" content=\"article\" \/>\n<meta property=\"og:title\" content=\"Cheap Flights from\u00a0London to Mauritius\" \/>\n<meta property=\"og:description\" content=\"Looking for cheap flights from\u00a0London to Mauritius? Search, compare and book cheap airline ticket from London to Mauritius online\" \/>\n<meta property=\"og:url\" content=\"https:\/\/tiketi.com\/fr-fr\/flights-london-mauritius-lcy-mru\/\" \/>\n<meta property=\"og:site_name\" content=\"Tiketi.com\" \/>\n<meta property=\"article:publisher\" content=\"https:\/\/www.facebook.com\/TiketiCom\/\" \/>\n<meta property=\"article:modified_time\" content=\"2022-02-09T09:18:53+00:00\" \/>\n<meta property=\"og:image\" content=\"https:\/\/tiketi.com\/wp-content\/uploads\/2022\/01\/flight-ticket-booking-sorasak-KxCJXXGsv9I-unsplas.jpg\" \/>\n\t<meta property=\"og:image:width\" content=\"1200\" \/>\n\t<meta property=\"og:image:height\" content=\"240\" \/>\n\t<meta property=\"og:image:type\" content=\"image\/jpeg\" \/>\n<meta name=\"twitter:card\" content=\"summary_large_image\" \/>\n<meta name=\"twitter:label1\" content=\"Dur\u00e9e de lecture estim\u00e9e\" \/>\n\t<meta name=\"twitter:data1\" content=\"3 minutes\" \/>\n<script type=\"application\/ld+json\" class=\"yoast-schema-graph\">{\"@context\":\"https:\/\/schema.org\",\"@graph\":[{\"@type\":\"WebPage\",\"@id\":\"https:\/\/tiketi.com\/flights-london-mauritius-lcy-mru\/\",\"url\":\"https:\/\/tiketi.com\/flights-london-mauritius-lcy-mru\/\",\"name\":\"Cheap Flights from\u00a0London to Mauritius\",\"isPartOf\":{\"@id\":\"https:\/\/tiketi.com\/#website\"},\"primaryImageOfPage\":{\"@id\":\"https:\/\/tiketi.com\/flights-london-mauritius-lcy-mru\/#primaryimage\"},\"image\":{\"@id\":\"https:\/\/tiketi.com\/flights-london-mauritius-lcy-mru\/#primaryimage\"},\"thumbnailUrl\":\"https:\/\/tiketi.com\/wp-content\/uploads\/2022\/01\/flight-ticket-booking-sorasak-KxCJXXGsv9I-unsplas.jpg\",\"datePublished\":\"2022-01-19T11:55:21+00:00\",\"dateModified\":\"2022-02-09T09:18:53+00:00\",\"description\":\"Looking for cheap flights from\u00a0London to Mauritius? Search, compare and book cheap airline ticket from London to Mauritius online\",\"breadcrumb\":{\"@id\":\"https:\/\/tiketi.com\/flights-london-mauritius-lcy-mru\/#breadcrumb\"},\"inLanguage\":\"fr-FR\",\"potentialAction\":[{\"@type\":\"ReadAction\",\"target\":[\"https:\/\/tiketi.com\/flights-london-mauritius-lcy-mru\/\"]}]},{\"@type\":\"ImageObject\",\"inLanguage\":\"fr-FR\",\"@id\":\"https:\/\/tiketi.com\/flights-london-mauritius-lcy-mru\/#primaryimage\",\"url\":\"https:\/\/tiketi.com\/wp-content\/uploads\/2022\/01\/flight-ticket-booking-sorasak-KxCJXXGsv9I-unsplas.jpg\",\"contentUrl\":\"https:\/\/tiketi.com\/wp-content\/uploads\/2022\/01\/flight-ticket-booking-sorasak-KxCJXXGsv9I-unsplas.jpg\",\"width\":1200,\"height\":240,\"caption\":\"Online flight ticket booking\"},{\"@type\":\"BreadcrumbList\",\"@id\":\"https:\/\/tiketi.com\/flights-london-mauritius-lcy-mru\/#breadcrumb\",\"itemListElement\":[{\"@type\":\"ListItem\",\"position\":1,\"name\":\"Home\",\"item\":\"https:\/\/tiketi.com\/\"},{\"@type\":\"ListItem\",\"position\":2,\"name\":\"Cheap Flights from\u00a0London to Mauritius\"}]},{\"@type\":\"WebSite\",\"@id\":\"https:\/\/tiketi.com\/#website\",\"url\":\"https:\/\/tiketi.com\/\",\"name\":\"Flight & Bus Tickets, Tour Packages & Activitites - Tiketi.com\",\"description\":\"Flight &amp; Bus Tickets, Tours, Activitites\",\"publisher\":{\"@id\":\"https:\/\/tiketi.com\/#organization\"},\"potentialAction\":[{\"@type\":\"SearchAction\",\"target\":{\"@type\":\"EntryPoint\",\"urlTemplate\":\"https:\/\/tiketi.com\/?s={search_term_string}\"},\"query-input\":{\"@type\":\"PropertyValueSpecification\",\"valueRequired\":true,\"valueName\":\"search_term_string\"}}],\"inLanguage\":\"fr-FR\"},{\"@type\":\"Organization\",\"@id\":\"https:\/\/tiketi.com\/#organization\",\"name\":\"Tiketi.com\",\"alternateName\":\"Tiketi\",\"url\":\"https:\/\/tiketi.com\/\",\"logo\":{\"@type\":\"ImageObject\",\"inLanguage\":\"fr-FR\",\"@id\":\"https:\/\/tiketi.com\/#\/schema\/logo\/image\/\",\"url\":\"https:\/\/tiketi.com\/wp-content\/uploads\/2019\/05\/tiketi-logo-696.png\",\"contentUrl\":\"https:\/\/tiketi.com\/wp-content\/uploads\/2019\/05\/tiketi-logo-696.png\",\"width\":696,\"height\":696,\"caption\":\"Tiketi.com\"},\"image\":{\"@id\":\"https:\/\/tiketi.com\/#\/schema\/logo\/image\/\"},\"sameAs\":[\"https:\/\/www.facebook.com\/TiketiCom\/\"]}]}<\/script>\n<!-- \/ Yoast SEO plugin. -->","yoast_head_json":{"title":"Vols \u00e0 bas prix de Londres \u00e0 \u00cele Maurice","description":"Vous recherchez des vols \u00e0 bas prix de Londres vers \u00cele Maurice ? Recherchez, comparez et r\u00e9servez en ligne un billet d&#039;avion pas cher de Londres \u00e0 Maurice","robots":{"index":"index","follow":"follow","max-snippet":"max-snippet:-1","max-image-preview":"max-image-preview:large","max-video-preview":"max-video-preview:-1"},"canonical":"https:\/\/tiketi.com\/fr-fr\/flights-london-mauritius-lcy-mru\/","og_locale":"fr_FR","og_type":"article","og_title":"Cheap Flights from\u00a0London to Mauritius","og_description":"Looking for cheap flights from\u00a0London to Mauritius? Search, compare and book cheap airline ticket from London to Mauritius online","og_url":"https:\/\/tiketi.com\/fr-fr\/flights-london-mauritius-lcy-mru\/","og_site_name":"Tiketi.com","article_publisher":"https:\/\/www.facebook.com\/TiketiCom\/","article_modified_time":"2022-02-09T09:18:53+00:00","og_image":[{"width":1200,"height":240,"url":"https:\/\/tiketi.com\/wp-content\/uploads\/2022\/01\/flight-ticket-booking-sorasak-KxCJXXGsv9I-unsplas.jpg","type":"image\/jpeg"}],"twitter_card":"summary_large_image","twitter_misc":{"Dur\u00e9e de lecture estim\u00e9e":"3 minutes"},"schema":{"@context":"https:\/\/schema.org","@graph":[{"@type":"WebPage","@id":"https:\/\/tiketi.com\/flights-london-mauritius-lcy-mru\/","url":"https:\/\/tiketi.com\/flights-london-mauritius-lcy-mru\/","name":"Vols \u00e0 bas prix de Londres \u00e0 \u00cele Maurice","isPartOf":{"@id":"https:\/\/tiketi.com\/#website"},"primaryImageOfPage":{"@id":"https:\/\/tiketi.com\/flights-london-mauritius-lcy-mru\/#primaryimage"},"image":{"@id":"https:\/\/tiketi.com\/flights-london-mauritius-lcy-mru\/#primaryimage"},"thumbnailUrl":"https:\/\/tiketi.com\/wp-content\/uploads\/2022\/01\/flight-ticket-booking-sorasak-KxCJXXGsv9I-unsplas.jpg","datePublished":"2022-01-19T11:55:21+00:00","dateModified":"2022-02-09T09:18:53+00:00","description":"Vous recherchez des vols \u00e0 bas prix de Londres vers \u00cele Maurice ? Recherchez, comparez et r\u00e9servez en ligne un billet d&#039;avion pas cher de Londres \u00e0 Maurice","breadcrumb":{"@id":"https:\/\/tiketi.com\/flights-london-mauritius-lcy-mru\/#breadcrumb"},"inLanguage":"fr-FR","potentialAction":[{"@type":"ReadAction","target":["https:\/\/tiketi.com\/flights-london-mauritius-lcy-mru\/"]}]},{"@type":"ImageObject","inLanguage":"fr-FR","@id":"https:\/\/tiketi.com\/flights-london-mauritius-lcy-mru\/#primaryimage","url":"https:\/\/tiketi.com\/wp-content\/uploads\/2022\/01\/flight-ticket-booking-sorasak-KxCJXXGsv9I-unsplas.jpg","contentUrl":"https:\/\/tiketi.com\/wp-content\/uploads\/2022\/01\/flight-ticket-booking-sorasak-KxCJXXGsv9I-unsplas.jpg","width":1200,"height":240,"caption":"Online flight ticket booking"},{"@type":"BreadcrumbList","@id":"https:\/\/tiketi.com\/flights-london-mauritius-lcy-mru\/#breadcrumb","itemListElement":[{"@type":"ListItem","position":1,"name":"Home","item":"https:\/\/tiketi.com\/"},{"@type":"ListItem","position":2,"name":"Cheap Flights from\u00a0London to Mauritius"}]},{"@type":"WebSite","@id":"https:\/\/tiketi.com\/#website","url":"https:\/\/tiketi.com\/","name":"Billets d&#039;avion et de bus, forfaits touristiques et activit\u00e9s - Tiketi.com","description":"Billets d&#039;avion et de bus, Tours, Activit\u00e9s","publisher":{"@id":"https:\/\/tiketi.com\/#organization"},"potentialAction":[{"@type":"SearchAction","target":{"@type":"EntryPoint","urlTemplate":"https:\/\/tiketi.com\/?s={search_term_string}"},"query-input":{"@type":"PropertyValueSpecification","valueRequired":true,"valueName":"search_term_string"}}],"inLanguage":"fr-FR"},{"@type":"Organization","@id":"https:\/\/tiketi.com\/#organization","name":"Tiketi.com","alternateName":"Tiketi","url":"https:\/\/tiketi.com\/","logo":{"@type":"ImageObject","inLanguage":"fr-FR","@id":"https:\/\/tiketi.com\/#\/schema\/logo\/image\/","url":"https:\/\/tiketi.com\/wp-content\/uploads\/2019\/05\/tiketi-logo-696.png","contentUrl":"https:\/\/tiketi.com\/wp-content\/uploads\/2019\/05\/tiketi-logo-696.png","width":696,"height":696,"caption":"Tiketi.com"},"image":{"@id":"https:\/\/tiketi.com\/#\/schema\/logo\/image\/"},"sameAs":["https:\/\/www.facebook.com\/TiketiCom\/"]}]}},"_links":{"self":[{"href":"https:\/\/tiketi.com\/fr-fr\/wp-json\/wp\/v2\/pages\/11893","targetHints":{"allow":["GET"]}}],"collection":[{"href":"https:\/\/tiketi.com\/fr-fr\/wp-json\/wp\/v2\/pages"}],"about":[{"href":"https:\/\/tiketi.com\/fr-fr\/wp-json\/wp\/v2\/types\/page"}],"author":[{"embeddable":true,"href":"https:\/\/tiketi.com\/fr-fr\/wp-json\/wp\/v2\/users\/1"}],"replies":[{"embeddable":true,"href":"https:\/\/tiketi.com\/fr-fr\/wp-json\/wp\/v2\/comments?post=11893"}],"version-history":[{"count":0,"href":"https:\/\/tiketi.com\/fr-fr\/wp-json\/wp\/v2\/pages\/11893\/revisions"}],"wp:featuredmedia":[{"embeddable":true,"href":"https:\/\/tiketi.com\/fr-fr\/wp-json\/wp\/v2\/media\/14041"}],"wp:attachment":[{"href":"https:\/\/tiketi.com\/fr-fr\/wp-json\/wp\/v2\/media?parent=11893"}],"curies":[{"name":"wp","href":"https:\/\/api.w.org\/{rel}","templated":true}]}}