{"id":11894,"date":"2022-01-19T12:55:21","date_gmt":"2022-01-19T11:55:21","guid":{"rendered":"https:\/\/new.tiketi.com\/cheap-flights-from-harare-to-johannesburg\/"},"modified":"2022-02-08T11:59:56","modified_gmt":"2022-02-08T10:59:56","slug":"flights-harare-johannesburg-hre-jnb","status":"publish","type":"page","link":"https:\/\/tiketi.com\/fr-fr\/flights-harare-johannesburg-hre-jnb\/","title":{"rendered":"Vols pas chers Harare - Johannesbourg"},"content":{"rendered":"<h2>Looking for cheap airline ticket from Harare to Johannesburg\u00a0or last minute deals?<\/h2>\n<h3>Search, compare and book cheap airline ticket from Harare (HRE) to Johannesburg (JNB) online now.<\/h3>\n<p>Book cheap flights from Harare to Johannesburg online with Tiketi.com for the best deals. Johannesburg is a happening and booming city in South Africa. Visitors never miss a chance to visit this city during their South Africa holidays, Johannesburg specs lots of visitors attractions including many safari parks, tours, ranches, museums, nightclubs, and other charms that make every person look for cheap tickets to Johannesburg. Visit Johannesburg through great offers on airline ticket from Harare to Johannesburg and fly Harare to Johannesburg flights cheap.<\/p>\n<h2>Voici quelques-unes des meilleures attractions de Johannesburg<\/h2>\n<h3>Sightseeing in Johannesburg<\/h3>\n<p>For whatever reason one visits this city, the attractions of this wonderful city have something to fulfill every person taste. For the wildlife lovers, the city has Lion Park, Johannesburg Zoo, and Herman Eckstein Park that are home to many endangered species. The history lovers must visit Apartheid Museum that portray the sweet past of South Africa and the rise and fall of the Apartheid. Additional, Sun City, Carlton Center, and the Gold Reef City have also been amazing draws for visitors booking tickets to Johannesburg.<\/p>\n<h3>Johannesburg shopping<\/h3>\n<p>When it comes to shopping, Johannesburg offers a great blend of varying opportunities for the visitors to explore. City&#8217;s world class shopping malls include \u00a0retail stores, charming cinema halls and best restaurants, \u00a0Some of the city favourite shopping malls, including the Sandton City, Rosebank, and Sandton Square, Eastegate and Fourways malls, provide amazing deals at affordable prices. The fashion lovers must explore stores like Craig Native, Sun Goddess, Stoned Cherrie, Black Coffee, Lindie and Marion that show high-labelled branded stuff.<\/p>\n<h2>Cheap Flights from\u00a0Harare to Johannesburg\u00a0FAQs<\/h2>\n<h3>Which airlines operate cheap flights from Harare to Johannesburg?<\/h3>\n<p>There are lots of direct flights Harare to Johannesburg flying each day, providing you a big range of choices in departure times and airlines. Fastjet, Air Zimbabwe, British Airways and South African Airways all operate flights on this route.<\/p>\n<h3>How long is the Harare to Johannesburg flight?<\/h3>\n<p>The flight takes about one hour forty minutes. Johannesburg and Harare are in the same time zone, so your body clock has no changes to take.<\/p>\n<h3>Which airports serve Harare to Johannesburg flights?<\/h3>\n<p>Harare has 2 airports, Charles Prince Airport and Harare International Airport. Harare International Airport also called as Robert Mugabe International Airport. There is a vehicle parking accessible at both airports, and there are also taxis and a mini services from the city to the airports.<\/p>\n<h3>How many direct Harare to Johannesburg flights?<\/h3>\n<p>There are sixty direct Harare to Johannesburg flights.<\/p>\n<h3>What is the most famous airline for nonstop cheap airline ticket from Harare to Johannesburg?<\/h3>\n<p>South African Airways provides fifty of the non-stop cheap airline ticket from Harare to Johannesburg.<\/p>\n<h3>How many flights depart Between Johannesburg and Harare on average per day?<\/h3>\n<p>On average, you can guess to view 32 flights on average per day.<\/p>","protected":false},"excerpt":{"rendered":"<p>Looking for cheap airline ticket from Harare to Johannesburg\u00a0or last minute deals? Search, compare and book cheap airline ticket from Harare (HRE) to Johannesburg (JNB) online now. Book cheap flights from Harare to Johannesburg online with Tiketi.com for the best deals. Johannesburg is a happening and booming city in South Africa. Visitors never miss a [&hellip;]<\/p>\n","protected":false},"author":1,"featured_media":17849,"parent":0,"menu_order":0,"comment_status":"open","ping_status":"closed","template":"template-home-modern.php","meta":{"footnotes":""},"class_list":["post-11894","page","type-page","status-publish","has-post-thumbnail","hentry"],"yoast_head":"<!-- This site is optimized with the Yoast SEO plugin v27.4 - https:\/\/yoast.com\/product\/yoast-seo-wordpress\/ -->\n<title>Cheap Flights from\u00a0Harare to Johannesburg<\/title>\n<meta name=\"description\" content=\"Looking for cheap flights from\u00a0Harare to Johannesburg? Search, compare and book cheap airline ticket from Harare to Johannesburg online\" \/>\n<meta name=\"robots\" content=\"index, follow, max-snippet:-1, max-image-preview:large, max-video-preview:-1\" \/>\n<link rel=\"canonical\" href=\"https:\/\/tiketi.com\/fr-fr\/flights-harare-johannesburg-hre-jnb\/\" \/>\n<meta property=\"og:locale\" content=\"fr_FR\" \/>\n<meta property=\"og:type\" content=\"article\" \/>\n<meta property=\"og:title\" content=\"Cheap Flights from\u00a0Harare to Johannesburg\" \/>\n<meta property=\"og:description\" content=\"Looking for cheap flights from\u00a0Harare to Johannesburg? Search, compare and book cheap airline ticket from Harare to Johannesburg online\" \/>\n<meta property=\"og:url\" content=\"https:\/\/tiketi.com\/fr-fr\/flights-harare-johannesburg-hre-jnb\/\" \/>\n<meta property=\"og:site_name\" content=\"Tiketi.com\" \/>\n<meta property=\"article:publisher\" content=\"https:\/\/www.facebook.com\/TiketiCom\/\" \/>\n<meta property=\"article:modified_time\" content=\"2022-02-08T10:59:56+00:00\" \/>\n<meta property=\"og:image\" content=\"https:\/\/tiketi.com\/wp-content\/uploads\/2019\/05\/johannesburg-4322256_1280.jpg\" \/>\n\t<meta property=\"og:image:width\" content=\"1200\" \/>\n\t<meta property=\"og:image:height\" content=\"206\" \/>\n\t<meta property=\"og:image:type\" content=\"image\/jpeg\" \/>\n<meta name=\"twitter:card\" content=\"summary_large_image\" \/>\n<meta name=\"twitter:label1\" content=\"Dur\u00e9e de lecture estim\u00e9e\" \/>\n\t<meta name=\"twitter:data1\" content=\"3 minutes\" \/>\n<script type=\"application\/ld+json\" class=\"yoast-schema-graph\">{\"@context\":\"https:\\\/\\\/schema.org\",\"@graph\":[{\"@type\":\"WebPage\",\"@id\":\"https:\\\/\\\/tiketi.com\\\/flights-harare-johannesburg-hre-jnb\\\/\",\"url\":\"https:\\\/\\\/tiketi.com\\\/flights-harare-johannesburg-hre-jnb\\\/\",\"name\":\"Cheap Flights from\u00a0Harare to Johannesburg\",\"isPartOf\":{\"@id\":\"https:\\\/\\\/tiketi.com\\\/#website\"},\"primaryImageOfPage\":{\"@id\":\"https:\\\/\\\/tiketi.com\\\/flights-harare-johannesburg-hre-jnb\\\/#primaryimage\"},\"image\":{\"@id\":\"https:\\\/\\\/tiketi.com\\\/flights-harare-johannesburg-hre-jnb\\\/#primaryimage\"},\"thumbnailUrl\":\"https:\\\/\\\/tiketi.com\\\/wp-content\\\/uploads\\\/2019\\\/05\\\/johannesburg-4322256_1280.jpg\",\"datePublished\":\"2022-01-19T11:55:21+00:00\",\"dateModified\":\"2022-02-08T10:59:56+00:00\",\"description\":\"Looking for cheap flights from\u00a0Harare to Johannesburg? Search, compare and book cheap airline ticket from Harare to Johannesburg online\",\"breadcrumb\":{\"@id\":\"https:\\\/\\\/tiketi.com\\\/flights-harare-johannesburg-hre-jnb\\\/#breadcrumb\"},\"inLanguage\":\"fr-FR\",\"potentialAction\":[{\"@type\":\"ReadAction\",\"target\":[\"https:\\\/\\\/tiketi.com\\\/flights-harare-johannesburg-hre-jnb\\\/\"]}]},{\"@type\":\"ImageObject\",\"inLanguage\":\"fr-FR\",\"@id\":\"https:\\\/\\\/tiketi.com\\\/flights-harare-johannesburg-hre-jnb\\\/#primaryimage\",\"url\":\"https:\\\/\\\/tiketi.com\\\/wp-content\\\/uploads\\\/2019\\\/05\\\/johannesburg-4322256_1280.jpg\",\"contentUrl\":\"https:\\\/\\\/tiketi.com\\\/wp-content\\\/uploads\\\/2019\\\/05\\\/johannesburg-4322256_1280.jpg\",\"width\":1200,\"height\":206,\"caption\":\"Cheap Flights from Cape Town to Johannesburg\"},{\"@type\":\"BreadcrumbList\",\"@id\":\"https:\\\/\\\/tiketi.com\\\/flights-harare-johannesburg-hre-jnb\\\/#breadcrumb\",\"itemListElement\":[{\"@type\":\"ListItem\",\"position\":1,\"name\":\"Home\",\"item\":\"https:\\\/\\\/tiketi.com\\\/\"},{\"@type\":\"ListItem\",\"position\":2,\"name\":\"Cheap Flights from\u00a0Harare to Johannesburg\"}]},{\"@type\":\"WebSite\",\"@id\":\"https:\\\/\\\/tiketi.com\\\/#website\",\"url\":\"https:\\\/\\\/tiketi.com\\\/\",\"name\":\"Flight & Bus Tickets, Tour Packages & Activitites - Tiketi.com\",\"description\":\"Flight &amp; Bus Tickets, Tours, Activitites\",\"publisher\":{\"@id\":\"https:\\\/\\\/tiketi.com\\\/#organization\"},\"potentialAction\":[{\"@type\":\"SearchAction\",\"target\":{\"@type\":\"EntryPoint\",\"urlTemplate\":\"https:\\\/\\\/tiketi.com\\\/?s={search_term_string}\"},\"query-input\":{\"@type\":\"PropertyValueSpecification\",\"valueRequired\":true,\"valueName\":\"search_term_string\"}}],\"inLanguage\":\"fr-FR\"},{\"@type\":\"Organization\",\"@id\":\"https:\\\/\\\/tiketi.com\\\/#organization\",\"name\":\"Tiketi.com\",\"alternateName\":\"Tiketi\",\"url\":\"https:\\\/\\\/tiketi.com\\\/\",\"logo\":{\"@type\":\"ImageObject\",\"inLanguage\":\"fr-FR\",\"@id\":\"https:\\\/\\\/tiketi.com\\\/#\\\/schema\\\/logo\\\/image\\\/\",\"url\":\"https:\\\/\\\/tiketi.com\\\/wp-content\\\/uploads\\\/2019\\\/05\\\/tiketi-logo-696.png\",\"contentUrl\":\"https:\\\/\\\/tiketi.com\\\/wp-content\\\/uploads\\\/2019\\\/05\\\/tiketi-logo-696.png\",\"width\":696,\"height\":696,\"caption\":\"Tiketi.com\"},\"image\":{\"@id\":\"https:\\\/\\\/tiketi.com\\\/#\\\/schema\\\/logo\\\/image\\\/\"},\"sameAs\":[\"https:\\\/\\\/www.facebook.com\\\/TiketiCom\\\/\"]}]}<\/script>\n<!-- \/ Yoast SEO plugin. -->","yoast_head_json":{"title":"Vols pas chers Harare - Johannesbourg","description":"Vous recherchez des vols \u00e0 bas prix au Harare vers Johannesbourg? Recherchez, comparez et r\u00e9servez un billet d&#039;avion pas cher de Harare \u00e0 Johannesbourg en ligne","robots":{"index":"index","follow":"follow","max-snippet":"max-snippet:-1","max-image-preview":"max-image-preview:large","max-video-preview":"max-video-preview:-1"},"canonical":"https:\/\/tiketi.com\/fr-fr\/flights-harare-johannesburg-hre-jnb\/","og_locale":"fr_FR","og_type":"article","og_title":"Cheap Flights from\u00a0Harare to Johannesburg","og_description":"Looking for cheap flights from\u00a0Harare to Johannesburg? Search, compare and book cheap airline ticket from Harare to Johannesburg online","og_url":"https:\/\/tiketi.com\/fr-fr\/flights-harare-johannesburg-hre-jnb\/","og_site_name":"Tiketi.com","article_publisher":"https:\/\/www.facebook.com\/TiketiCom\/","article_modified_time":"2022-02-08T10:59:56+00:00","og_image":[{"width":1200,"height":206,"url":"https:\/\/tiketi.com\/wp-content\/uploads\/2019\/05\/johannesburg-4322256_1280.jpg","type":"image\/jpeg"}],"twitter_card":"summary_large_image","twitter_misc":{"Dur\u00e9e de lecture estim\u00e9e":"3 minutes"},"schema":{"@context":"https:\/\/schema.org","@graph":[{"@type":"WebPage","@id":"https:\/\/tiketi.com\/flights-harare-johannesburg-hre-jnb\/","url":"https:\/\/tiketi.com\/flights-harare-johannesburg-hre-jnb\/","name":"Vols pas chers Harare - Johannesbourg","isPartOf":{"@id":"https:\/\/tiketi.com\/#website"},"primaryImageOfPage":{"@id":"https:\/\/tiketi.com\/flights-harare-johannesburg-hre-jnb\/#primaryimage"},"image":{"@id":"https:\/\/tiketi.com\/flights-harare-johannesburg-hre-jnb\/#primaryimage"},"thumbnailUrl":"https:\/\/tiketi.com\/wp-content\/uploads\/2019\/05\/johannesburg-4322256_1280.jpg","datePublished":"2022-01-19T11:55:21+00:00","dateModified":"2022-02-08T10:59:56+00:00","description":"Vous recherchez des vols \u00e0 bas prix au Harare vers Johannesbourg? Recherchez, comparez et r\u00e9servez un billet d&#039;avion pas cher de Harare \u00e0 Johannesbourg en ligne","breadcrumb":{"@id":"https:\/\/tiketi.com\/flights-harare-johannesburg-hre-jnb\/#breadcrumb"},"inLanguage":"fr-FR","potentialAction":[{"@type":"ReadAction","target":["https:\/\/tiketi.com\/flights-harare-johannesburg-hre-jnb\/"]}]},{"@type":"ImageObject","inLanguage":"fr-FR","@id":"https:\/\/tiketi.com\/flights-harare-johannesburg-hre-jnb\/#primaryimage","url":"https:\/\/tiketi.com\/wp-content\/uploads\/2019\/05\/johannesburg-4322256_1280.jpg","contentUrl":"https:\/\/tiketi.com\/wp-content\/uploads\/2019\/05\/johannesburg-4322256_1280.jpg","width":1200,"height":206,"caption":"Cheap Flights from Cape Town to Johannesburg"},{"@type":"BreadcrumbList","@id":"https:\/\/tiketi.com\/flights-harare-johannesburg-hre-jnb\/#breadcrumb","itemListElement":[{"@type":"ListItem","position":1,"name":"Home","item":"https:\/\/tiketi.com\/"},{"@type":"ListItem","position":2,"name":"Cheap Flights from\u00a0Harare to Johannesburg"}]},{"@type":"WebSite","@id":"https:\/\/tiketi.com\/#website","url":"https:\/\/tiketi.com\/","name":"Billets d&#039;avion et de bus, forfaits touristiques et activit\u00e9s - Tiketi.com","description":"Billets d&#039;avion et de bus, Tours, Activit\u00e9s","publisher":{"@id":"https:\/\/tiketi.com\/#organization"},"potentialAction":[{"@type":"SearchAction","target":{"@type":"EntryPoint","urlTemplate":"https:\/\/tiketi.com\/?s={search_term_string}"},"query-input":{"@type":"PropertyValueSpecification","valueRequired":true,"valueName":"search_term_string"}}],"inLanguage":"fr-FR"},{"@type":"Organization","@id":"https:\/\/tiketi.com\/#organization","name":"Tiketi.com","alternateName":"Tiketi","url":"https:\/\/tiketi.com\/","logo":{"@type":"ImageObject","inLanguage":"fr-FR","@id":"https:\/\/tiketi.com\/#\/schema\/logo\/image\/","url":"https:\/\/tiketi.com\/wp-content\/uploads\/2019\/05\/tiketi-logo-696.png","contentUrl":"https:\/\/tiketi.com\/wp-content\/uploads\/2019\/05\/tiketi-logo-696.png","width":696,"height":696,"caption":"Tiketi.com"},"image":{"@id":"https:\/\/tiketi.com\/#\/schema\/logo\/image\/"},"sameAs":["https:\/\/www.facebook.com\/TiketiCom\/"]}]}},"_links":{"self":[{"href":"https:\/\/tiketi.com\/fr-fr\/wp-json\/wp\/v2\/pages\/11894","targetHints":{"allow":["GET"]}}],"collection":[{"href":"https:\/\/tiketi.com\/fr-fr\/wp-json\/wp\/v2\/pages"}],"about":[{"href":"https:\/\/tiketi.com\/fr-fr\/wp-json\/wp\/v2\/types\/page"}],"author":[{"embeddable":true,"href":"https:\/\/tiketi.com\/fr-fr\/wp-json\/wp\/v2\/users\/1"}],"replies":[{"embeddable":true,"href":"https:\/\/tiketi.com\/fr-fr\/wp-json\/wp\/v2\/comments?post=11894"}],"version-history":[{"count":0,"href":"https:\/\/tiketi.com\/fr-fr\/wp-json\/wp\/v2\/pages\/11894\/revisions"}],"wp:featuredmedia":[{"embeddable":true,"href":"https:\/\/tiketi.com\/fr-fr\/wp-json\/wp\/v2\/media\/17849"}],"wp:attachment":[{"href":"https:\/\/tiketi.com\/fr-fr\/wp-json\/wp\/v2\/media?parent=11894"}],"curies":[{"name":"wp","href":"https:\/\/api.w.org\/{rel}","templated":true}]}}