{"id":11895,"date":"2022-01-19T12:55:21","date_gmt":"2022-01-19T11:55:21","guid":{"rendered":"https:\/\/new.tiketi.com\/cheap-flights-from-london-to-seychelles\/"},"modified":"2022-02-09T10:54:34","modified_gmt":"2022-02-09T09:54:34","slug":"flights-london-seychelles","status":"publish","type":"page","link":"https:\/\/tiketi.com\/fr-fr\/flights-london-seychelles\/","title":{"rendered":"Vols \u00e0 bas prix de Londres \u00e0 Seychelles"},"content":{"rendered":"<h2>Vous recherchez un billet d&#039;avion pas cher de Londres vers les Seychelles ou des offres de derni\u00e8re minute ?<\/h2>\n<h3>Recherchez, comparez et r\u00e9servez un billet d&#039;avion pas cher entre Londres (LHR) et Seychelles (SEZ)<span style=\"font-size: 16px;\">\u00a0<\/span>maintenant en ligne.<\/h3>\n<p>R\u00e9servez en ligne des vols \u00e0 bas prix de Londres pour les Seychelles et \u00e9conomisez de l&#039;argent sur les billets d&#039;avion. Il y a beaucoup plus \u00e0 faire aux Seychelles que simplement s&#039;asseoir sur l&#039;une de ses nombreuses plages c\u00e9l\u00e8bres. Si vous planifiez votre voyage aux Seychelles, voici les meilleures attractions que vous voudrez inclure dans votre itin\u00e9raire. Comparez les prix et obtenez les meilleurs tarifs sur les billets d&#039;avion de Londres \u00e0 Seychelles gr\u00e2ce \u00e0 des offres exceptionnelles sur la r\u00e9servation de billets en ligne de vols de Londres \u00e0 Seychelles.<\/p>\n<h2>Voici quelques-unes des meilleures attractions d&#039;Arusha<\/h2>\n<h3>P\u00eache sur l&#039;\u00eele des Allophones<\/h3>\n<p>Alphonse Fishing Company offre l&#039;exp\u00e9rience de p\u00eache ultime sur l&#039;\u00eele Alphonse. Il y a de la p\u00eache remarquable \u00e0 faire aux Seychelles, mais c&#039;est le meilleur endroit.<\/p>\n<h3>Faire du v\u00e9lo sur La Digue<\/h3>\n<p>Louez un v\u00e9lo dans l&#039;un des nombreux magasins de location de v\u00e9los pr\u00e8s de la jet\u00e9e lorsque vous visitez La Digue, puis partez \u00e0 la d\u00e9couverte de cette charmante \u00eele.<\/p>\n<h3>March\u00e9 Sir Selwyn Selwyn-Clarke<\/h3>\n<p>Bien qu&#039;il soit ind\u00e9niablement poissonneux et anim\u00e9, ce march\u00e9 est un endroit merveilleux pour go\u00fbter \u00e0 la vraie vie seychelloise. Les commer\u00e7ants viennent ici pour vendre leurs l\u00e9gumes, poissons et divers autres produits domestiques.<\/p>\n<h3>Ferme de la perle noire<\/h3>\n<p>La Black Pearl Farm est une merveilleuse petite attraction aux Seychelles. Dans cette forme d&#039;oc\u00e9an et cet atelier, vous pouvez apprendre comment les perles sont cultiv\u00e9es et vous pouvez acheter les bijoux en perles noires les plus charmants, cultiv\u00e9s ici m\u00eame aux Seychelles, dans leur boutique.<\/p>\n<h3>Ile Curieuse<\/h3>\n<p>R\u00e9servez une location de bateau et profitez de la remarquable \u00eele Cureuse, en vous assurant de v\u00e9rifier qu&#039;ils proposent un barbecue dans le cadre de la visite. Le grand barbecue couvert est le meilleur et vous d\u00e9couvrirez une vraie cuisine cr\u00e9ole.<\/p>\n<h2>FAQ sur les vols pas chers de Londres \u00e0 Seychelles<\/h2>\n<h3>Quelle est la dur\u00e9e du vol Londres-Seychelles ?<\/h3>\n<p>Une dizaine d&#039;heures environ. Vous volerez de l&#039;a\u00e9roport de Londres Heathrow \u00e0 l&#039;a\u00e9roport international des Seychelles. L&#039;a\u00e9roport britannique offre les seuls vols directs de Londres aux Seychelles. Choisissez parmi 2 d\u00e9parts par semaine, avec des vols de nuit le samedi et le mercredi.<\/p>\n<h3>Quelles compagnies a\u00e9riennes proposent des vols pas chers de Londres \u00e0 Seychelles ?<\/h3>\n<p>Les vols vers les Seychelles depuis le Royaume-Uni partent d&#039;un certain nombre d&#039;a\u00e9roports britanniques tels que Londres Heathrow, Londres Gatwick, Manchester et Glasgow. Les compagnies a\u00e9riennes qui assurent les vols Londres-Seychelles incluent Qatar Airways, Emirates et Ethihad Airways.<\/p>\n<h3>Quel est le meilleur moment pour r\u00e9server un billet d&#039;avion de Londres vers les Seychelles ?<\/h3>\n<p>Avec une temp\u00e9rature moyenne de 28\u00b0C, ces \u00eeles chaudes sont un lieu accueillant toute l&#039;ann\u00e9e. Le meilleur moment pour r\u00e9server un billet d&#039;avion de Londres aux Seychelles et visiter les Seychelles est pendant les mois interm\u00e9diaires de mai et avril et novembre et octobre.<\/p>\n<h2>Conseils pour les vols Londres - Seychelles<\/h2>\n<p>\u2022 Le temps de vol le plus rapide pour un vol direct entre Londres et les Seychelles est de dix heures quinze minutes. Le temps de vol moyen est de dix heures.<\/p>\n<p>\u2022 Le temps de vol le plus rapide de Londres aux Seychelles avec escale est de 13 heures quinze minutes.<\/p>\n<p>\u2022 Le premier vol de la journ\u00e9e part \u00e0 10h15. Le dernier vol de la journ\u00e9e part \u00e0 21h50.<\/p>","protected":false},"excerpt":{"rendered":"<p>Looking for cheap airline ticket from London to Seychelles\u00a0or last minute deals? Search, compare and book cheap airline ticket from London (LHR) to Seychelles (SEZ)\u00a0online now. Book cheap flights from London to Seychelles online and save money on airfare. There is a lot more to do in Seychelles than simply sit on one of its [&hellip;]<\/p>\n","protected":false},"author":1,"featured_media":14041,"parent":0,"menu_order":0,"comment_status":"open","ping_status":"closed","template":"template-home-modern.php","meta":{"footnotes":""},"class_list":["post-11895","page","type-page","status-publish","has-post-thumbnail","hentry"],"yoast_head":"<!-- This site is optimized with the Yoast SEO plugin v27.3 - https:\/\/yoast.com\/product\/yoast-seo-wordpress\/ -->\n<title>Cheap Flights from\u00a0London to Seychelles<\/title>\n<meta name=\"description\" content=\"Looking for cheap flights from\u00a0London to Seychelles? Search, compare and book cheap airline ticket from London to Seychelles online\" \/>\n<meta name=\"robots\" content=\"index, follow, max-snippet:-1, max-image-preview:large, max-video-preview:-1\" \/>\n<link rel=\"canonical\" href=\"https:\/\/tiketi.com\/fr-fr\/flights-london-seychelles\/\" \/>\n<meta property=\"og:locale\" content=\"fr_FR\" \/>\n<meta property=\"og:type\" content=\"article\" \/>\n<meta property=\"og:title\" content=\"Cheap Flights from\u00a0London to Seychelles\" \/>\n<meta property=\"og:description\" content=\"Looking for cheap flights from\u00a0London to Seychelles? Search, compare and book cheap airline ticket from London to Seychelles online\" \/>\n<meta property=\"og:url\" content=\"https:\/\/tiketi.com\/fr-fr\/flights-london-seychelles\/\" \/>\n<meta property=\"og:site_name\" content=\"Tiketi.com\" \/>\n<meta property=\"article:publisher\" content=\"https:\/\/www.facebook.com\/TiketiCom\/\" \/>\n<meta property=\"article:modified_time\" content=\"2022-02-09T09:54:34+00:00\" \/>\n<meta property=\"og:image\" content=\"https:\/\/tiketi.com\/wp-content\/uploads\/2022\/01\/flight-ticket-booking-sorasak-KxCJXXGsv9I-unsplas.jpg\" \/>\n\t<meta property=\"og:image:width\" content=\"1200\" \/>\n\t<meta property=\"og:image:height\" content=\"240\" \/>\n\t<meta property=\"og:image:type\" content=\"image\/jpeg\" \/>\n<meta name=\"twitter:card\" content=\"summary_large_image\" \/>\n<meta name=\"twitter:label1\" content=\"Dur\u00e9e de lecture estim\u00e9e\" \/>\n\t<meta name=\"twitter:data1\" content=\"3 minutes\" \/>\n<script type=\"application\/ld+json\" class=\"yoast-schema-graph\">{\"@context\":\"https:\\\/\\\/schema.org\",\"@graph\":[{\"@type\":\"WebPage\",\"@id\":\"https:\\\/\\\/tiketi.com\\\/flights-london-seychelles\\\/\",\"url\":\"https:\\\/\\\/tiketi.com\\\/flights-london-seychelles\\\/\",\"name\":\"Cheap Flights from\u00a0London to Seychelles\",\"isPartOf\":{\"@id\":\"https:\\\/\\\/tiketi.com\\\/#website\"},\"primaryImageOfPage\":{\"@id\":\"https:\\\/\\\/tiketi.com\\\/flights-london-seychelles\\\/#primaryimage\"},\"image\":{\"@id\":\"https:\\\/\\\/tiketi.com\\\/flights-london-seychelles\\\/#primaryimage\"},\"thumbnailUrl\":\"https:\\\/\\\/tiketi.com\\\/wp-content\\\/uploads\\\/2022\\\/01\\\/flight-ticket-booking-sorasak-KxCJXXGsv9I-unsplas.jpg\",\"datePublished\":\"2022-01-19T11:55:21+00:00\",\"dateModified\":\"2022-02-09T09:54:34+00:00\",\"description\":\"Looking for cheap flights from\u00a0London to Seychelles? Search, compare and book cheap airline ticket from London to Seychelles online\",\"breadcrumb\":{\"@id\":\"https:\\\/\\\/tiketi.com\\\/flights-london-seychelles\\\/#breadcrumb\"},\"inLanguage\":\"fr-FR\",\"potentialAction\":[{\"@type\":\"ReadAction\",\"target\":[\"https:\\\/\\\/tiketi.com\\\/flights-london-seychelles\\\/\"]}]},{\"@type\":\"ImageObject\",\"inLanguage\":\"fr-FR\",\"@id\":\"https:\\\/\\\/tiketi.com\\\/flights-london-seychelles\\\/#primaryimage\",\"url\":\"https:\\\/\\\/tiketi.com\\\/wp-content\\\/uploads\\\/2022\\\/01\\\/flight-ticket-booking-sorasak-KxCJXXGsv9I-unsplas.jpg\",\"contentUrl\":\"https:\\\/\\\/tiketi.com\\\/wp-content\\\/uploads\\\/2022\\\/01\\\/flight-ticket-booking-sorasak-KxCJXXGsv9I-unsplas.jpg\",\"width\":1200,\"height\":240,\"caption\":\"Online flight ticket booking\"},{\"@type\":\"BreadcrumbList\",\"@id\":\"https:\\\/\\\/tiketi.com\\\/flights-london-seychelles\\\/#breadcrumb\",\"itemListElement\":[{\"@type\":\"ListItem\",\"position\":1,\"name\":\"Home\",\"item\":\"https:\\\/\\\/tiketi.com\\\/\"},{\"@type\":\"ListItem\",\"position\":2,\"name\":\"Cheap Flights from\u00a0London to Seychelles\"}]},{\"@type\":\"WebSite\",\"@id\":\"https:\\\/\\\/tiketi.com\\\/#website\",\"url\":\"https:\\\/\\\/tiketi.com\\\/\",\"name\":\"Flight & Bus Tickets, Tour Packages & Activitites - Tiketi.com\",\"description\":\"Flight &amp; Bus Tickets, Tours, Activitites\",\"publisher\":{\"@id\":\"https:\\\/\\\/tiketi.com\\\/#organization\"},\"potentialAction\":[{\"@type\":\"SearchAction\",\"target\":{\"@type\":\"EntryPoint\",\"urlTemplate\":\"https:\\\/\\\/tiketi.com\\\/?s={search_term_string}\"},\"query-input\":{\"@type\":\"PropertyValueSpecification\",\"valueRequired\":true,\"valueName\":\"search_term_string\"}}],\"inLanguage\":\"fr-FR\"},{\"@type\":\"Organization\",\"@id\":\"https:\\\/\\\/tiketi.com\\\/#organization\",\"name\":\"Tiketi.com\",\"alternateName\":\"Tiketi\",\"url\":\"https:\\\/\\\/tiketi.com\\\/\",\"logo\":{\"@type\":\"ImageObject\",\"inLanguage\":\"fr-FR\",\"@id\":\"https:\\\/\\\/tiketi.com\\\/#\\\/schema\\\/logo\\\/image\\\/\",\"url\":\"https:\\\/\\\/tiketi.com\\\/wp-content\\\/uploads\\\/2019\\\/05\\\/tiketi-logo-696.png\",\"contentUrl\":\"https:\\\/\\\/tiketi.com\\\/wp-content\\\/uploads\\\/2019\\\/05\\\/tiketi-logo-696.png\",\"width\":696,\"height\":696,\"caption\":\"Tiketi.com\"},\"image\":{\"@id\":\"https:\\\/\\\/tiketi.com\\\/#\\\/schema\\\/logo\\\/image\\\/\"},\"sameAs\":[\"https:\\\/\\\/www.facebook.com\\\/TiketiCom\\\/\"]}]}<\/script>\n<!-- \/ Yoast SEO plugin. -->","yoast_head_json":{"title":"Vols \u00e0 bas prix de Londres \u00e0 Seychelles","description":"Vous cherchez des vols \u00e0 bas prix de Londres vers les Seychelles ? Recherchez, comparez et r\u00e9servez en ligne un billet d&#039;avion pas cher de Londres \u00e0 Seychelles","robots":{"index":"index","follow":"follow","max-snippet":"max-snippet:-1","max-image-preview":"max-image-preview:large","max-video-preview":"max-video-preview:-1"},"canonical":"https:\/\/tiketi.com\/fr-fr\/flights-london-seychelles\/","og_locale":"fr_FR","og_type":"article","og_title":"Cheap Flights from\u00a0London to Seychelles","og_description":"Looking for cheap flights from\u00a0London to Seychelles? Search, compare and book cheap airline ticket from London to Seychelles online","og_url":"https:\/\/tiketi.com\/fr-fr\/flights-london-seychelles\/","og_site_name":"Tiketi.com","article_publisher":"https:\/\/www.facebook.com\/TiketiCom\/","article_modified_time":"2022-02-09T09:54:34+00:00","og_image":[{"width":1200,"height":240,"url":"https:\/\/tiketi.com\/wp-content\/uploads\/2022\/01\/flight-ticket-booking-sorasak-KxCJXXGsv9I-unsplas.jpg","type":"image\/jpeg"}],"twitter_card":"summary_large_image","twitter_misc":{"Dur\u00e9e de lecture estim\u00e9e":"3 minutes"},"schema":{"@context":"https:\/\/schema.org","@graph":[{"@type":"WebPage","@id":"https:\/\/tiketi.com\/flights-london-seychelles\/","url":"https:\/\/tiketi.com\/flights-london-seychelles\/","name":"Vols \u00e0 bas prix de Londres \u00e0 Seychelles","isPartOf":{"@id":"https:\/\/tiketi.com\/#website"},"primaryImageOfPage":{"@id":"https:\/\/tiketi.com\/flights-london-seychelles\/#primaryimage"},"image":{"@id":"https:\/\/tiketi.com\/flights-london-seychelles\/#primaryimage"},"thumbnailUrl":"https:\/\/tiketi.com\/wp-content\/uploads\/2022\/01\/flight-ticket-booking-sorasak-KxCJXXGsv9I-unsplas.jpg","datePublished":"2022-01-19T11:55:21+00:00","dateModified":"2022-02-09T09:54:34+00:00","description":"Vous cherchez des vols \u00e0 bas prix de Londres vers les Seychelles ? Recherchez, comparez et r\u00e9servez en ligne un billet d&#039;avion pas cher de Londres \u00e0 Seychelles","breadcrumb":{"@id":"https:\/\/tiketi.com\/flights-london-seychelles\/#breadcrumb"},"inLanguage":"fr-FR","potentialAction":[{"@type":"ReadAction","target":["https:\/\/tiketi.com\/flights-london-seychelles\/"]}]},{"@type":"ImageObject","inLanguage":"fr-FR","@id":"https:\/\/tiketi.com\/flights-london-seychelles\/#primaryimage","url":"https:\/\/tiketi.com\/wp-content\/uploads\/2022\/01\/flight-ticket-booking-sorasak-KxCJXXGsv9I-unsplas.jpg","contentUrl":"https:\/\/tiketi.com\/wp-content\/uploads\/2022\/01\/flight-ticket-booking-sorasak-KxCJXXGsv9I-unsplas.jpg","width":1200,"height":240,"caption":"Online flight ticket booking"},{"@type":"BreadcrumbList","@id":"https:\/\/tiketi.com\/flights-london-seychelles\/#breadcrumb","itemListElement":[{"@type":"ListItem","position":1,"name":"Home","item":"https:\/\/tiketi.com\/"},{"@type":"ListItem","position":2,"name":"Cheap Flights from\u00a0London to Seychelles"}]},{"@type":"WebSite","@id":"https:\/\/tiketi.com\/#website","url":"https:\/\/tiketi.com\/","name":"Billets d&#039;avion et de bus, forfaits touristiques et activit\u00e9s - Tiketi.com","description":"Billets d&#039;avion et de bus, Tours, Activit\u00e9s","publisher":{"@id":"https:\/\/tiketi.com\/#organization"},"potentialAction":[{"@type":"SearchAction","target":{"@type":"EntryPoint","urlTemplate":"https:\/\/tiketi.com\/?s={search_term_string}"},"query-input":{"@type":"PropertyValueSpecification","valueRequired":true,"valueName":"search_term_string"}}],"inLanguage":"fr-FR"},{"@type":"Organization","@id":"https:\/\/tiketi.com\/#organization","name":"Tiketi.com","alternateName":"Tiketi","url":"https:\/\/tiketi.com\/","logo":{"@type":"ImageObject","inLanguage":"fr-FR","@id":"https:\/\/tiketi.com\/#\/schema\/logo\/image\/","url":"https:\/\/tiketi.com\/wp-content\/uploads\/2019\/05\/tiketi-logo-696.png","contentUrl":"https:\/\/tiketi.com\/wp-content\/uploads\/2019\/05\/tiketi-logo-696.png","width":696,"height":696,"caption":"Tiketi.com"},"image":{"@id":"https:\/\/tiketi.com\/#\/schema\/logo\/image\/"},"sameAs":["https:\/\/www.facebook.com\/TiketiCom\/"]}]}},"_links":{"self":[{"href":"https:\/\/tiketi.com\/fr-fr\/wp-json\/wp\/v2\/pages\/11895","targetHints":{"allow":["GET"]}}],"collection":[{"href":"https:\/\/tiketi.com\/fr-fr\/wp-json\/wp\/v2\/pages"}],"about":[{"href":"https:\/\/tiketi.com\/fr-fr\/wp-json\/wp\/v2\/types\/page"}],"author":[{"embeddable":true,"href":"https:\/\/tiketi.com\/fr-fr\/wp-json\/wp\/v2\/users\/1"}],"replies":[{"embeddable":true,"href":"https:\/\/tiketi.com\/fr-fr\/wp-json\/wp\/v2\/comments?post=11895"}],"version-history":[{"count":0,"href":"https:\/\/tiketi.com\/fr-fr\/wp-json\/wp\/v2\/pages\/11895\/revisions"}],"wp:featuredmedia":[{"embeddable":true,"href":"https:\/\/tiketi.com\/fr-fr\/wp-json\/wp\/v2\/media\/14041"}],"wp:attachment":[{"href":"https:\/\/tiketi.com\/fr-fr\/wp-json\/wp\/v2\/media?parent=11895"}],"curies":[{"name":"wp","href":"https:\/\/api.w.org\/{rel}","templated":true}]}}