{"id":11896,"date":"2022-01-19T12:55:21","date_gmt":"2022-01-19T11:55:21","guid":{"rendered":"https:\/\/new.tiketi.com\/cheap-flights-from-johannesburg-to-durban\/"},"modified":"2022-02-08T13:36:14","modified_gmt":"2022-02-08T12:36:14","slug":"flights-johannesburg-durban-jnb-dur","status":"publish","type":"page","link":"https:\/\/tiketi.com\/fr-fr\/flights-johannesburg-durban-jnb-dur\/","title":{"rendered":"Vols pas chers de Johannesbourg \u00e0 Durban"},"content":{"rendered":"<h2>Vous cherchez un billet d&#039;avion pas cher \u00e0 partir de Johannesbourg pour Durban ou des offres de derni\u00e8re minute ?<\/h2>\n<h3>Recherchez, comparez et r\u00e9servez d\u00e8s maintenant un billet d&#039;avion pas cher de Johannesbourg (JNB) \u00e0 Durban (DUR) en ligne.<\/h3>\n<p>R\u00e9servez des vols pas chers de Johannesbourg \u00e0 Durban en ligne avec Tiketi.com pour b\u00e9n\u00e9ficier des meilleures offres. Durban est la plus grande ville portuaire de la province du KwaZulu-Natal et l&#039;une des zones urbaines \u00e0 la croissance la plus rapide de la plan\u00e8te. Son port est le plus fr\u00e9quent\u00e9 d&#039;Afrique du Sud et \u00e9galement l&#039;un des dix plus grands au monde. Durban b\u00e9n\u00e9ficie d&#039;un temps frais toute l&#039;ann\u00e9e, ce qui en fait le meilleur paradis pour les vacances. Beaucoup de gens croient que Durban est avant tout une affaire de plages et qu\u2019il n\u2019y a pas de grande attraction touristique l\u00e0-bas. Durban n&#039;est pas seulement une ville contemporaine avec de nombreux sites, mais elle d\u00e9tient \u00e9galement la cl\u00e9 de l&#039;histoire de l&#039;Afrique. Visitez Durban gr\u00e2ce \u00e0 des offres exceptionnelles sur les billets d&#039;avion de Johannesburg \u00e0 Durban et volez des vols de Johannesburg \u00e0 Durban pas chers.<\/p>\n<h2>Voici quelques-unes des meilleures attractions de Durban<\/h2>\n<h3>Stade Mo\u00efse Mabhida<\/h3>\n<p>Merveilleux syst\u00e8me de modernit\u00e9 africaine, le stade est un lieu sportif de premier ordre, accueillant certains des \u00e9v\u00e9nements les plus importants au monde. C&#039;est un meilleur spectacle \u00e0 voir.<\/p>\n<h3>Mille d&#039;or<\/h3>\n<p>S&#039;\u00e9tendant le long de la c\u00f4te entre le Suncoast Casino et uShaka Marine World, c&#039;est l&#039;une des attractions touristiques les plus c\u00e9l\u00e8bres de Durban avec une multitude d&#039;activit\u00e9s.<\/p>\n<h3>Jardin botanique de Durban<\/h3>\n<p>Le plus ancien jardin botanique d&#039;Afrique encore existant, le jardin offre un aper\u00e7u captivant de la flore et de la faune de la r\u00e9gion.<\/p>\n<h3>Casino SunCoast<\/h3>\n<p>Le meilleur endroit de divertissement de Durban, SunCoast est un magnifique complexe de b\u00e2timents sur le Garden Mile, avec une multitude de choix amusants.<\/p>\n<h3>Temple de la compr\u00e9hension<\/h3>\n<p>Le Temple de la Compr\u00e9hension est l&#039;une des principales attractions touristiques de Durban, et pour plusieurs raisons tr\u00e8s claires. Le temple Hare Krishna, appel\u00e9 Temple de la Compr\u00e9hension Sri Sri Radhanath, se trouve dans la r\u00e9gion majoritairement indienne de Chatsworth, \u00e0 environ vingt kilom\u00e8tres au sud de la ville de Durban.<\/p>\n<h4>C\u00f4te d&#039;Umhlanga<\/h4>\n<p>\u00c0 quelques minutes en voiture de Durba, la c\u00f4te d&#039;Umhlanga commence plus ou moins au phare embl\u00e9matique qui domine la plage d&#039;Umhlanga.<br \/>\nDe l\u00e0, les longues plages de sable forment un ensemble cosmopolite de b\u00e2timents h\u00f4teliers et de blocs d&#039;appartements en multipropri\u00e9t\u00e9 qui symbolisent simplement le style de vie recherch\u00e9 par beaucoup sur cette magnifique partie de la c\u00f4te, qui est \u00e0 la fois la Mecque des visiteurs et un village baln\u00e9aire qui a refus\u00e9 de perdre. son attrait de petite ville.<\/p>\n<h3>Site du patrimoine naturel de Bayhead<\/h3>\n<p>Il s&#039;agit d&#039;une r\u00e9serve naturelle de 20 hectares de for\u00eats de mangroves et de prairies c\u00f4ti\u00e8res situ\u00e9e dans la r\u00e9gion industrielle de la baie de Durban, en Afrique du Sud. La r\u00e9serve est connue comme l&#039;une des plus grandes mangroves de la province.<\/p>\n<h3>Parcours de golf de Beachwood<\/h3>\n<p>Ce c\u00e9l\u00e8bre club a \u00e9t\u00e9 repris et remis aux normes des grandes comp\u00e9titions par le Durban Country Club au d\u00e9but des ann\u00e9es 90. Beachwood, comme on l&#039;appelle dans le pays, occupe un domaine c\u00f4tier de premier ordre au bord de l&#039;eau et se trouve au nord du Durban Country Club, s\u00e9par\u00e9 juste par la rivi\u00e8re Umgeni.<\/p>\n<h3>Parc Mitchell<\/h3>\n<p>Lieu de pr\u00e9dilection des familles, le parc Mitchell est aujourd&#039;hui un zoo de petits animaux et plusieurs jardins, aires de jeux pour les enfants et aires de pique-nique.<\/p>\n<h2>FAQ sur les vols pas chers de Johannesbourg \u00e0 Durban<\/h2>\n<h3>Combien de temps dure le vol de Johannesbourg \u00e0 Durban ?<\/h3>\n<p>Les vols de Johannesburg \u00e0 Durban durent environ une heure cinq minutes, bien que cela puisse changer en fonction de votre a\u00e9roport de d\u00e9part.<\/p>\n<h3>Quelle est la fr\u00e9quence des vols entre Durban et Johannesbourg ?<\/h3>\n<p>Il existe plus de vingt vols de Johannesburg \u00e0 Durban, op\u00e9rant sur la route la plus c\u00e9l\u00e8bre, de l&#039;a\u00e9roport international de Tambo \u00e0 l&#039;a\u00e9roport international King Shaka.<\/p>\n<h3>En moyenne, combien de vols pas chers de Johannesbourg \u00e0 Durban d\u00e9collent chaque jour ?<\/h3>\n<p>En moyenne, 193 d\u00e9parts de vols sont effectu\u00e9s chaque jour entre Johannesbourg et l&#039;a\u00e9roport de Durban.<\/p>\n<p>\u2022 T\u00f4t le matin\u00a0: neuf pour cent des d\u00e9parts de vols<br \/>\n\u2022 Matin \u2013 vingt-six pour cent des d\u00e9parts de vols<br \/>\n\u2022 Apr\u00e8s-midi\u00a0:\u00a044\u00a0% des d\u00e9parts de vols<br \/>\n\u2022 Soir - vingt et un pour cent des d\u00e9parts de vol<\/p>\n<h3>Combien de temps dure un vol pas cher de Johannesbourg \u00e0 Durban ?<\/h3>\n<p>Un vol direct prend jusqu&#039;\u00e0 deux heures et couvre une superficie de 298 kilom\u00e8tres.<\/p>\n<h3>Quelles compagnies a\u00e9riennes proposent des billets d&#039;avion de Johannesbourg \u00e0 Durban ?<\/h3>\n<p>Des compagnies a\u00e9riennes nationales comme British Airways et South African Airways op\u00e8rent sur cette route, ainsi que des compagnies a\u00e9riennes \u00e0 bas prix comme Mango Airlines, Safair et Kulula.<\/p>\n<h3>Quelle est la distance entre Durban et Johannesbourg ?<\/h3>\n<p>La distance des vols de Durban au d\u00e9part de Johannesburg est de 477 kilom\u00e8tres.<\/p>\n<h3>Combien de temps dure le vol Johannesbourg - Durban les moins chers ?<\/h3>\n<p>La dur\u00e9e moyenne d&#039;un vol de Johannesburg \u00e0 Durban est d&#039;une heure et sept minutes.<\/p>\n<h3>Quelle est la fr\u00e9quence des vols directs Johannesbourg - Durban ?<\/h3>\n<p>Il y a 305 vols directs de Johannesbourg \u00e0 Durban.<\/p>\n<h3>Quelles sont les compagnies a\u00e9riennes les plus connues de Johannesburg pour des billets d&#039;avion directs de Johannesburg \u00e0 Durban ?<\/h3>\n<p>Mango assure trente et un pour cent des vols sans escale entre Durban et Johannesburg.<\/p>\n<h3>Combien de compagnies a\u00e9riennes op\u00e8rent des vols entre Durban et Johannesbourg ?<\/h3>\n<p>Cinq compagnies a\u00e9riennes proposent des vols directs de Johannesburg \u00e0 l\u2019a\u00e9roport international de Durban King Shaka.<\/p>\n<h2>Conseils pour les vols de Johannesbourg \u00e0 Durban<\/h2>\n<p>\u2022 Johannesburg est \u00e0 298 miles de Durban.<\/p>\n<p>\u2022 Il y a 118 vols hebdomadaires de Johannesburg \u00e0 Durban.<\/p>\n<p>\u2022 80 vols directs Johannesburg-Durban.<\/p>\n<p>\u2022 South African Airways propose le plus de vols sans escale entre Durban et Johannesburg.<\/p>\n<p>\u2022 Cape Town, Afrique du Sud \u2013 Cape Town Intl est la liaison la plus c\u00e9l\u00e8bre pour les vols \u00e0 escale entre Durban et Johannesburg.<\/p>\n<p>\u2022 La dur\u00e9e moyenne d&#039;un vol pas cher de Johannesburg \u00e0 Durban est d&#039;une heure sept minutes.<\/p>","protected":false},"excerpt":{"rendered":"<p>Looking for cheap airline ticket from Johannesburg to Durban\u00a0or last minute deals? Search, compare and book cheap airline ticket from Johannesburg (JNB) to Durban (DUR) online now. Book cheap flights from Johannesburg to Durban online with Tiketi.com for the best deals. Durban is the largest port city of KwaZulu-Natal province and one of the quickest-growing [&hellip;]<\/p>\n","protected":false},"author":1,"featured_media":18135,"parent":0,"menu_order":0,"comment_status":"open","ping_status":"closed","template":"template-home-modern.php","meta":{"footnotes":""},"class_list":["post-11896","page","type-page","status-publish","has-post-thumbnail","hentry"],"yoast_head":"<!-- This site is optimized with the Yoast SEO plugin v27.3 - https:\/\/yoast.com\/product\/yoast-seo-wordpress\/ -->\n<title>Cheap Flights from\u00a0Johannesburg to Durban<\/title>\n<meta name=\"description\" content=\"Looking for cheap flights from\u00a0Johannesburg to Durban? Search, compare and book cheap airline ticket from Johannesburg to Durban online\" \/>\n<meta name=\"robots\" content=\"index, follow, max-snippet:-1, max-image-preview:large, max-video-preview:-1\" \/>\n<link rel=\"canonical\" href=\"https:\/\/tiketi.com\/fr-fr\/flights-johannesburg-durban-jnb-dur\/\" \/>\n<meta property=\"og:locale\" content=\"fr_FR\" \/>\n<meta property=\"og:type\" content=\"article\" \/>\n<meta property=\"og:title\" content=\"Cheap Flights from\u00a0Johannesburg to Durban\" \/>\n<meta property=\"og:description\" content=\"Looking for cheap flights from\u00a0Johannesburg to Durban? Search, compare and book cheap airline ticket from Johannesburg to Durban online\" \/>\n<meta property=\"og:url\" content=\"https:\/\/tiketi.com\/fr-fr\/flights-johannesburg-durban-jnb-dur\/\" \/>\n<meta property=\"og:site_name\" content=\"Tiketi.com\" \/>\n<meta property=\"article:publisher\" content=\"https:\/\/www.facebook.com\/TiketiCom\/\" \/>\n<meta property=\"article:modified_time\" content=\"2022-02-08T12:36:14+00:00\" \/>\n<meta property=\"og:image\" content=\"https:\/\/tiketi.com\/wp-content\/uploads\/2019\/05\/durban-captureson-photography-YYWr.jpg\" \/>\n\t<meta property=\"og:image:width\" content=\"1200\" \/>\n\t<meta property=\"og:image:height\" content=\"202\" \/>\n\t<meta property=\"og:image:type\" content=\"image\/jpeg\" \/>\n<meta name=\"twitter:card\" content=\"summary_large_image\" \/>\n<meta name=\"twitter:label1\" content=\"Dur\u00e9e de lecture estim\u00e9e\" \/>\n\t<meta name=\"twitter:data1\" content=\"4 minutes\" \/>\n<script type=\"application\/ld+json\" class=\"yoast-schema-graph\">{\"@context\":\"https:\\\/\\\/schema.org\",\"@graph\":[{\"@type\":\"WebPage\",\"@id\":\"https:\\\/\\\/tiketi.com\\\/flights-johannesburg-durban-jnb-dur\\\/\",\"url\":\"https:\\\/\\\/tiketi.com\\\/flights-johannesburg-durban-jnb-dur\\\/\",\"name\":\"Cheap Flights from\u00a0Johannesburg to Durban\",\"isPartOf\":{\"@id\":\"https:\\\/\\\/tiketi.com\\\/#website\"},\"primaryImageOfPage\":{\"@id\":\"https:\\\/\\\/tiketi.com\\\/flights-johannesburg-durban-jnb-dur\\\/#primaryimage\"},\"image\":{\"@id\":\"https:\\\/\\\/tiketi.com\\\/flights-johannesburg-durban-jnb-dur\\\/#primaryimage\"},\"thumbnailUrl\":\"https:\\\/\\\/tiketi.com\\\/wp-content\\\/uploads\\\/2019\\\/05\\\/durban-captureson-photography-YYWr.jpg\",\"datePublished\":\"2022-01-19T11:55:21+00:00\",\"dateModified\":\"2022-02-08T12:36:14+00:00\",\"description\":\"Looking for cheap flights from\u00a0Johannesburg to Durban? Search, compare and book cheap airline ticket from Johannesburg to Durban online\",\"breadcrumb\":{\"@id\":\"https:\\\/\\\/tiketi.com\\\/flights-johannesburg-durban-jnb-dur\\\/#breadcrumb\"},\"inLanguage\":\"fr-FR\",\"potentialAction\":[{\"@type\":\"ReadAction\",\"target\":[\"https:\\\/\\\/tiketi.com\\\/flights-johannesburg-durban-jnb-dur\\\/\"]}]},{\"@type\":\"ImageObject\",\"inLanguage\":\"fr-FR\",\"@id\":\"https:\\\/\\\/tiketi.com\\\/flights-johannesburg-durban-jnb-dur\\\/#primaryimage\",\"url\":\"https:\\\/\\\/tiketi.com\\\/wp-content\\\/uploads\\\/2019\\\/05\\\/durban-captureson-photography-YYWr.jpg\",\"contentUrl\":\"https:\\\/\\\/tiketi.com\\\/wp-content\\\/uploads\\\/2019\\\/05\\\/durban-captureson-photography-YYWr.jpg\",\"width\":1200,\"height\":202,\"caption\":\"Durban air taxi\"},{\"@type\":\"BreadcrumbList\",\"@id\":\"https:\\\/\\\/tiketi.com\\\/flights-johannesburg-durban-jnb-dur\\\/#breadcrumb\",\"itemListElement\":[{\"@type\":\"ListItem\",\"position\":1,\"name\":\"Home\",\"item\":\"https:\\\/\\\/tiketi.com\\\/\"},{\"@type\":\"ListItem\",\"position\":2,\"name\":\"Cheap Flights from\u00a0Johannesburg to Durban\"}]},{\"@type\":\"WebSite\",\"@id\":\"https:\\\/\\\/tiketi.com\\\/#website\",\"url\":\"https:\\\/\\\/tiketi.com\\\/\",\"name\":\"Flight & Bus Tickets, Tour Packages & Activitites - Tiketi.com\",\"description\":\"Flight &amp; Bus Tickets, Tours, Activitites\",\"publisher\":{\"@id\":\"https:\\\/\\\/tiketi.com\\\/#organization\"},\"potentialAction\":[{\"@type\":\"SearchAction\",\"target\":{\"@type\":\"EntryPoint\",\"urlTemplate\":\"https:\\\/\\\/tiketi.com\\\/?s={search_term_string}\"},\"query-input\":{\"@type\":\"PropertyValueSpecification\",\"valueRequired\":true,\"valueName\":\"search_term_string\"}}],\"inLanguage\":\"fr-FR\"},{\"@type\":\"Organization\",\"@id\":\"https:\\\/\\\/tiketi.com\\\/#organization\",\"name\":\"Tiketi.com\",\"alternateName\":\"Tiketi\",\"url\":\"https:\\\/\\\/tiketi.com\\\/\",\"logo\":{\"@type\":\"ImageObject\",\"inLanguage\":\"fr-FR\",\"@id\":\"https:\\\/\\\/tiketi.com\\\/#\\\/schema\\\/logo\\\/image\\\/\",\"url\":\"https:\\\/\\\/tiketi.com\\\/wp-content\\\/uploads\\\/2019\\\/05\\\/tiketi-logo-696.png\",\"contentUrl\":\"https:\\\/\\\/tiketi.com\\\/wp-content\\\/uploads\\\/2019\\\/05\\\/tiketi-logo-696.png\",\"width\":696,\"height\":696,\"caption\":\"Tiketi.com\"},\"image\":{\"@id\":\"https:\\\/\\\/tiketi.com\\\/#\\\/schema\\\/logo\\\/image\\\/\"},\"sameAs\":[\"https:\\\/\\\/www.facebook.com\\\/TiketiCom\\\/\"]}]}<\/script>\n<!-- \/ Yoast SEO plugin. -->","yoast_head_json":{"title":"Vols pas chers de Johannesbourg \u00e0 Durban","description":"Vous recherchez des vols \u00e0 bas prix au Johannesbourg vers Durban? Recherchez, comparez et r\u00e9servez un billet d&#039;avion pas cher de Johannesbourg \u00e0 Durban en ligne","robots":{"index":"index","follow":"follow","max-snippet":"max-snippet:-1","max-image-preview":"max-image-preview:large","max-video-preview":"max-video-preview:-1"},"canonical":"https:\/\/tiketi.com\/fr-fr\/flights-johannesburg-durban-jnb-dur\/","og_locale":"fr_FR","og_type":"article","og_title":"Cheap Flights from\u00a0Johannesburg to Durban","og_description":"Looking for cheap flights from\u00a0Johannesburg to Durban? Search, compare and book cheap airline ticket from Johannesburg to Durban online","og_url":"https:\/\/tiketi.com\/fr-fr\/flights-johannesburg-durban-jnb-dur\/","og_site_name":"Tiketi.com","article_publisher":"https:\/\/www.facebook.com\/TiketiCom\/","article_modified_time":"2022-02-08T12:36:14+00:00","og_image":[{"width":1200,"height":202,"url":"https:\/\/tiketi.com\/wp-content\/uploads\/2019\/05\/durban-captureson-photography-YYWr.jpg","type":"image\/jpeg"}],"twitter_card":"summary_large_image","twitter_misc":{"Dur\u00e9e de lecture estim\u00e9e":"4 minutes"},"schema":{"@context":"https:\/\/schema.org","@graph":[{"@type":"WebPage","@id":"https:\/\/tiketi.com\/flights-johannesburg-durban-jnb-dur\/","url":"https:\/\/tiketi.com\/flights-johannesburg-durban-jnb-dur\/","name":"Vols pas chers de Johannesbourg \u00e0 Durban","isPartOf":{"@id":"https:\/\/tiketi.com\/#website"},"primaryImageOfPage":{"@id":"https:\/\/tiketi.com\/flights-johannesburg-durban-jnb-dur\/#primaryimage"},"image":{"@id":"https:\/\/tiketi.com\/flights-johannesburg-durban-jnb-dur\/#primaryimage"},"thumbnailUrl":"https:\/\/tiketi.com\/wp-content\/uploads\/2019\/05\/durban-captureson-photography-YYWr.jpg","datePublished":"2022-01-19T11:55:21+00:00","dateModified":"2022-02-08T12:36:14+00:00","description":"Vous recherchez des vols \u00e0 bas prix au Johannesbourg vers Durban? Recherchez, comparez et r\u00e9servez un billet d&#039;avion pas cher de Johannesbourg \u00e0 Durban en ligne","breadcrumb":{"@id":"https:\/\/tiketi.com\/flights-johannesburg-durban-jnb-dur\/#breadcrumb"},"inLanguage":"fr-FR","potentialAction":[{"@type":"ReadAction","target":["https:\/\/tiketi.com\/flights-johannesburg-durban-jnb-dur\/"]}]},{"@type":"ImageObject","inLanguage":"fr-FR","@id":"https:\/\/tiketi.com\/flights-johannesburg-durban-jnb-dur\/#primaryimage","url":"https:\/\/tiketi.com\/wp-content\/uploads\/2019\/05\/durban-captureson-photography-YYWr.jpg","contentUrl":"https:\/\/tiketi.com\/wp-content\/uploads\/2019\/05\/durban-captureson-photography-YYWr.jpg","width":1200,"height":202,"caption":"Durban air taxi"},{"@type":"BreadcrumbList","@id":"https:\/\/tiketi.com\/flights-johannesburg-durban-jnb-dur\/#breadcrumb","itemListElement":[{"@type":"ListItem","position":1,"name":"Home","item":"https:\/\/tiketi.com\/"},{"@type":"ListItem","position":2,"name":"Cheap Flights from\u00a0Johannesburg to Durban"}]},{"@type":"WebSite","@id":"https:\/\/tiketi.com\/#website","url":"https:\/\/tiketi.com\/","name":"Billets d&#039;avion et de bus, forfaits touristiques et activit\u00e9s - Tiketi.com","description":"Billets d&#039;avion et de bus, Tours, Activit\u00e9s","publisher":{"@id":"https:\/\/tiketi.com\/#organization"},"potentialAction":[{"@type":"SearchAction","target":{"@type":"EntryPoint","urlTemplate":"https:\/\/tiketi.com\/?s={search_term_string}"},"query-input":{"@type":"PropertyValueSpecification","valueRequired":true,"valueName":"search_term_string"}}],"inLanguage":"fr-FR"},{"@type":"Organization","@id":"https:\/\/tiketi.com\/#organization","name":"Tiketi.com","alternateName":"Tiketi","url":"https:\/\/tiketi.com\/","logo":{"@type":"ImageObject","inLanguage":"fr-FR","@id":"https:\/\/tiketi.com\/#\/schema\/logo\/image\/","url":"https:\/\/tiketi.com\/wp-content\/uploads\/2019\/05\/tiketi-logo-696.png","contentUrl":"https:\/\/tiketi.com\/wp-content\/uploads\/2019\/05\/tiketi-logo-696.png","width":696,"height":696,"caption":"Tiketi.com"},"image":{"@id":"https:\/\/tiketi.com\/#\/schema\/logo\/image\/"},"sameAs":["https:\/\/www.facebook.com\/TiketiCom\/"]}]}},"_links":{"self":[{"href":"https:\/\/tiketi.com\/fr-fr\/wp-json\/wp\/v2\/pages\/11896","targetHints":{"allow":["GET"]}}],"collection":[{"href":"https:\/\/tiketi.com\/fr-fr\/wp-json\/wp\/v2\/pages"}],"about":[{"href":"https:\/\/tiketi.com\/fr-fr\/wp-json\/wp\/v2\/types\/page"}],"author":[{"embeddable":true,"href":"https:\/\/tiketi.com\/fr-fr\/wp-json\/wp\/v2\/users\/1"}],"replies":[{"embeddable":true,"href":"https:\/\/tiketi.com\/fr-fr\/wp-json\/wp\/v2\/comments?post=11896"}],"version-history":[{"count":0,"href":"https:\/\/tiketi.com\/fr-fr\/wp-json\/wp\/v2\/pages\/11896\/revisions"}],"wp:featuredmedia":[{"embeddable":true,"href":"https:\/\/tiketi.com\/fr-fr\/wp-json\/wp\/v2\/media\/18135"}],"wp:attachment":[{"href":"https:\/\/tiketi.com\/fr-fr\/wp-json\/wp\/v2\/media?parent=11896"}],"curies":[{"name":"wp","href":"https:\/\/api.w.org\/{rel}","templated":true}]}}