{"id":11898,"date":"2022-01-19T12:55:21","date_gmt":"2022-01-19T11:55:21","guid":{"rendered":"https:\/\/new.tiketi.com\/cheap-flights-from-durban-to-cape-town-best-air-taxi\/"},"modified":"2022-02-08T11:16:35","modified_gmt":"2022-02-08T10:16:35","slug":"flights-durban-cape-town-dur-cpt","status":"publish","type":"page","link":"https:\/\/tiketi.com\/fr-fr\/flights-durban-cape-town-dur-cpt\/","title":{"rendered":"Vols pas chers de Durban \u00e0 Cape Town \u2013 Meilleur taxi a\u00e9rien"},"content":{"rendered":"<h2>Vous recherchez un billet d&#039;avion pas cher de Durban \u00e0 Le Cap ou des offres de derni\u00e8re minute ?<\/h2>\n<h3>Recherchez, comparez et r\u00e9servez en ligne maintenant un billet d&#039;avion pas cher entre Durban (DUR) et Le Cap (CPT).<\/h3>\n<p>R\u00e9servez en ligne des vols pas chers de Durban \u00e0 Le Cap avec Tiketi.com pour les meilleures offres. Le Cap est une ville charmante et dynamique \u00e0 l&#039;extr\u00e9mit\u00e9 du continent africain en Afrique du Sud, avec des attractions du Cap pour toute la famille. Cette ville est un lieu r\u00e9put\u00e9 pour les vacanciers depuis de nombreuses ann\u00e9es, et est le centre de l&#039;activit\u00e9 et des plaisirs baln\u00e9aires. Toutes les banlieues sont incroyables et ont un certain type d&#039;histoire que vous pouvez explorer lors de diverses visites. Trouvez et comparez donc des billets d&#039;avion de Durban \u00e0 Cape Town et r\u00e9servez d\u00e8s maintenant en ligne des offres exceptionnelles sur des taxis a\u00e9riens pas chers de Durban \u00e0 Cape Town.<\/p>\n<h2>Voici quelques-unes des meilleures attractions de Cape Town<\/h2>\n<h3>Table montagne<\/h3>\n<p>Le monument le plus merveilleux d&#039;Afrique du Sud, Table Mountain est une montagne au sommet plat surplombant la grande ville. Avec plus de 24 millions de touristes chaque ann\u00e9e, ce paysage vous \u00e9poustouflera \u00e0 coup s\u00fbr.<\/p>\n<h3>Jardins botaniques nationaux de Kirstenbosch<\/h3>\n<p>Juste \u00e0 l&#039;est de la montagne de la Table, aime les jardins botaniques merveilleusement verts. Egalement class\u00e9s au patrimoine mondial de l&#039;UNESCO, ces jardins botaniques sont visit\u00e9s assez fr\u00e9quemment tout au long de l&#039;ann\u00e9e.<\/p>\n<h3>Plages de Clifton et de Camps Bay<\/h3>\n<p>Pr\u00e8s de six kilom\u00e8tres du centre-ville anim\u00e9, Clifton et les plages de Camps Bay attirent de nombreux visiteurs. C&#039;est cher avec certains des biens immobiliers les plus luxueux construits le long des magnifiques plages de sable blanc, attirant les \u00e9trangers et les locaux.<\/p>\n<h3>Signal Hill<\/h3>\n<p>Signal Hill est \u00e0 quelques pas du centre-ville. Montez au z\u00e9nith et d\u00e9couvrez la vue magnifique sur toute la capitale avec son magnifique oc\u00e9an Atlantique bleu et sa baie de table.<\/p>\n<h2>FAQ sur les taxis a\u00e9riens pas chers de Durban \u00e0 Le Cap<\/h2>\n<h3>Quelle est la dur\u00e9e du vol Durban-Le Cap ?<\/h3>\n<p>Les vols de Durban \u00e0 Cape Town durent 2 heures 16 minutes. Les vols indirects peuvent prendre jusqu&#039;\u00e0 douze heures.<\/p>\n<h3>Combien de vols partent de Durban vers Le Cap par jour ?<\/h3>\n<p>\u2022 Trente-trois vols pas chers de Durban \u00e0 Cape Town d\u00e9parts par jour en moyenne.<\/p>\n<p>\u2022 T\u00f4t le matin - 12\u00a0% de d\u00e9parts de vol<\/p>\n<p>\u2022 Matin - trente-neuf pour cent des d\u00e9parts de vol<\/p>\n<p>\u2022 Apr\u00e8s-midi\u00a0: 45\u00a0% des d\u00e9parts de vols<\/p>\n<p>\u2022 Soir - trois pour cent des d\u00e9parts de vol<\/p>\n<h3>Combien de temps dure un vol pas cher entre Durban et Le Cap ?<\/h3>\n<p>En vol direct, pensez \u00e0 voler pendant environ trois heures. La distance de trajet en taxi a\u00e9rien de Durban \u00e0 Cape Town est d&#039;environ 795 kilom\u00e8tres.<\/p>\n<h3>Quelles compagnies a\u00e9riennes proposent des billets d&#039;avion pas chers entre Durban et Le Cap ?<\/h3>\n<p>Mango Airlines offre le vol le plus direct de Durban \u00e0 Cape Town, suivi par Safair, British Airway et Kulula.<\/p>\n<h3>Quels a\u00e9roports desservent les taxis a\u00e9riens de Durban \u00e0 Le Cap ?<\/h3>\n<p>Les avions volent de l&#039;a\u00e9roport international de Durban \u00e0 l&#039;a\u00e9roport du Cap.<\/p>\n<h3>Quel itin\u00e9raire de vol entre Le Cap et Durban est abordable ?<\/h3>\n<p>British Airways et Mango Airlines proposent g\u00e9n\u00e9ralement les vols les moins chers entre Durban et Le Cap.<\/p>","protected":false},"excerpt":{"rendered":"<p>Looking for cheap airline ticket from Durban to Cape Town&nbsp;or last minute deals? Search, compare and book cheap airline ticket from Durban (DUR) to Cape Town (CPT) online now. Book cheap flights from Durban to Cape Town online with Tiketi.com for the best deals. Cape Town is a charming, vibrant city at the very end [&hellip;]<\/p>\n","protected":false},"author":1,"featured_media":16150,"parent":0,"menu_order":0,"comment_status":"open","ping_status":"closed","template":"template-home-modern.php","meta":{"footnotes":""},"class_list":["post-11898","page","type-page","status-publish","has-post-thumbnail","hentry"],"yoast_head":"<!-- This site is optimized with the Yoast SEO plugin v27.2 - https:\/\/yoast.com\/product\/yoast-seo-wordpress\/ -->\n<title>Cheap Flights from\u00a0Durban to Cape Town - Best Air Taxi<\/title>\n<meta name=\"description\" content=\"Looking for cheap flights from\u00a0Durban to Cape Town? Search, compare and book cheap airline ticket from Durban to Cape Town online\" \/>\n<meta name=\"robots\" content=\"index, follow, max-snippet:-1, max-image-preview:large, max-video-preview:-1\" \/>\n<link rel=\"canonical\" href=\"https:\/\/tiketi.com\/fr-fr\/flights-durban-cape-town-dur-cpt\/\" \/>\n<meta property=\"og:locale\" content=\"fr_FR\" \/>\n<meta property=\"og:type\" content=\"article\" \/>\n<meta property=\"og:title\" content=\"Cheap Flights from\u00a0Durban to Cape Town - Best Air Taxi\" \/>\n<meta property=\"og:description\" content=\"Looking for cheap flights from\u00a0Durban to Cape Town? Search, compare and book cheap airline ticket from Durban to Cape Town online\" \/>\n<meta property=\"og:url\" content=\"https:\/\/tiketi.com\/fr-fr\/flights-durban-cape-town-dur-cpt\/\" \/>\n<meta property=\"og:site_name\" content=\"Tiketi.com\" \/>\n<meta property=\"article:publisher\" content=\"https:\/\/www.facebook.com\/TiketiCom\/\" \/>\n<meta property=\"article:modified_time\" content=\"2022-02-08T10:16:35+00:00\" \/>\n<meta property=\"og:image\" content=\"https:\/\/tiketi.com\/wp-content\/uploads\/2022\/02\/cape-town-5293565_1200.jpg\" \/>\n\t<meta property=\"og:image:width\" content=\"1280\" \/>\n\t<meta property=\"og:image:height\" content=\"222\" \/>\n\t<meta property=\"og:image:type\" content=\"image\/jpeg\" \/>\n<meta name=\"twitter:card\" content=\"summary_large_image\" \/>\n<meta name=\"twitter:label1\" content=\"Dur\u00e9e de lecture estim\u00e9e\" \/>\n\t<meta name=\"twitter:data1\" content=\"3 minutes\" \/>\n<script type=\"application\/ld+json\" class=\"yoast-schema-graph\">{\"@context\":\"https:\/\/schema.org\",\"@graph\":[{\"@type\":\"WebPage\",\"@id\":\"https:\/\/tiketi.com\/flights-durban-cape-town-dur-cpt\/\",\"url\":\"https:\/\/tiketi.com\/flights-durban-cape-town-dur-cpt\/\",\"name\":\"Cheap Flights from\u00a0Durban to Cape Town - Best Air Taxi\",\"isPartOf\":{\"@id\":\"https:\/\/tiketi.com\/#website\"},\"primaryImageOfPage\":{\"@id\":\"https:\/\/tiketi.com\/flights-durban-cape-town-dur-cpt\/#primaryimage\"},\"image\":{\"@id\":\"https:\/\/tiketi.com\/flights-durban-cape-town-dur-cpt\/#primaryimage\"},\"thumbnailUrl\":\"https:\/\/tiketi.com\/wp-content\/uploads\/2022\/02\/cape-town-5293565_1200.jpg\",\"datePublished\":\"2022-01-19T11:55:21+00:00\",\"dateModified\":\"2022-02-08T10:16:35+00:00\",\"description\":\"Looking for cheap flights from\u00a0Durban to Cape Town? Search, compare and book cheap airline ticket from Durban to Cape Town online\",\"breadcrumb\":{\"@id\":\"https:\/\/tiketi.com\/flights-durban-cape-town-dur-cpt\/#breadcrumb\"},\"inLanguage\":\"fr-FR\",\"potentialAction\":[{\"@type\":\"ReadAction\",\"target\":[\"https:\/\/tiketi.com\/flights-durban-cape-town-dur-cpt\/\"]}]},{\"@type\":\"ImageObject\",\"inLanguage\":\"fr-FR\",\"@id\":\"https:\/\/tiketi.com\/flights-durban-cape-town-dur-cpt\/#primaryimage\",\"url\":\"https:\/\/tiketi.com\/wp-content\/uploads\/2022\/02\/cape-town-5293565_1200.jpg\",\"contentUrl\":\"https:\/\/tiketi.com\/wp-content\/uploads\/2022\/02\/cape-town-5293565_1200.jpg\",\"width\":1280,\"height\":222,\"caption\":\"Air Taxi in Cape Town\"},{\"@type\":\"BreadcrumbList\",\"@id\":\"https:\/\/tiketi.com\/flights-durban-cape-town-dur-cpt\/#breadcrumb\",\"itemListElement\":[{\"@type\":\"ListItem\",\"position\":1,\"name\":\"Home\",\"item\":\"https:\/\/tiketi.com\/\"},{\"@type\":\"ListItem\",\"position\":2,\"name\":\"Cheap Flights from\u00a0Durban to Cape Town &#8211; Best Air Taxi\"}]},{\"@type\":\"WebSite\",\"@id\":\"https:\/\/tiketi.com\/#website\",\"url\":\"https:\/\/tiketi.com\/\",\"name\":\"Flight & Bus Tickets, Tour Packages & Activitites - Tiketi.com\",\"description\":\"Flight &amp; Bus Tickets, Tours, Activitites\",\"publisher\":{\"@id\":\"https:\/\/tiketi.com\/#organization\"},\"potentialAction\":[{\"@type\":\"SearchAction\",\"target\":{\"@type\":\"EntryPoint\",\"urlTemplate\":\"https:\/\/tiketi.com\/?s={search_term_string}\"},\"query-input\":{\"@type\":\"PropertyValueSpecification\",\"valueRequired\":true,\"valueName\":\"search_term_string\"}}],\"inLanguage\":\"fr-FR\"},{\"@type\":\"Organization\",\"@id\":\"https:\/\/tiketi.com\/#organization\",\"name\":\"Tiketi.com\",\"alternateName\":\"Tiketi\",\"url\":\"https:\/\/tiketi.com\/\",\"logo\":{\"@type\":\"ImageObject\",\"inLanguage\":\"fr-FR\",\"@id\":\"https:\/\/tiketi.com\/#\/schema\/logo\/image\/\",\"url\":\"https:\/\/tiketi.com\/wp-content\/uploads\/2019\/05\/tiketi-logo-696.png\",\"contentUrl\":\"https:\/\/tiketi.com\/wp-content\/uploads\/2019\/05\/tiketi-logo-696.png\",\"width\":696,\"height\":696,\"caption\":\"Tiketi.com\"},\"image\":{\"@id\":\"https:\/\/tiketi.com\/#\/schema\/logo\/image\/\"},\"sameAs\":[\"https:\/\/www.facebook.com\/TiketiCom\/\"]}]}<\/script>\n<!-- \/ Yoast SEO plugin. -->","yoast_head_json":{"title":"Vols pas chers de Durban \u00e0 Le Cap - Meilleurs taxis a\u00e9riens","description":"Vous recherchez des vols \u00e0 bas prix de Durban \u00e0 Le Cap ? Recherchez, comparez et r\u00e9servez en ligne un billet d&#039;avion pas cher de Durban \u00e0 Le Cap","robots":{"index":"index","follow":"follow","max-snippet":"max-snippet:-1","max-image-preview":"max-image-preview:large","max-video-preview":"max-video-preview:-1"},"canonical":"https:\/\/tiketi.com\/fr-fr\/flights-durban-cape-town-dur-cpt\/","og_locale":"fr_FR","og_type":"article","og_title":"Cheap Flights from\u00a0Durban to Cape Town - Best Air Taxi","og_description":"Looking for cheap flights from\u00a0Durban to Cape Town? Search, compare and book cheap airline ticket from Durban to Cape Town online","og_url":"https:\/\/tiketi.com\/fr-fr\/flights-durban-cape-town-dur-cpt\/","og_site_name":"Tiketi.com","article_publisher":"https:\/\/www.facebook.com\/TiketiCom\/","article_modified_time":"2022-02-08T10:16:35+00:00","og_image":[{"width":1280,"height":222,"url":"https:\/\/tiketi.com\/wp-content\/uploads\/2022\/02\/cape-town-5293565_1200.jpg","type":"image\/jpeg"}],"twitter_card":"summary_large_image","twitter_misc":{"Dur\u00e9e de lecture estim\u00e9e":"3 minutes"},"schema":{"@context":"https:\/\/schema.org","@graph":[{"@type":"WebPage","@id":"https:\/\/tiketi.com\/flights-durban-cape-town-dur-cpt\/","url":"https:\/\/tiketi.com\/flights-durban-cape-town-dur-cpt\/","name":"Vols pas chers de Durban \u00e0 Le Cap - Meilleurs taxis a\u00e9riens","isPartOf":{"@id":"https:\/\/tiketi.com\/#website"},"primaryImageOfPage":{"@id":"https:\/\/tiketi.com\/flights-durban-cape-town-dur-cpt\/#primaryimage"},"image":{"@id":"https:\/\/tiketi.com\/flights-durban-cape-town-dur-cpt\/#primaryimage"},"thumbnailUrl":"https:\/\/tiketi.com\/wp-content\/uploads\/2022\/02\/cape-town-5293565_1200.jpg","datePublished":"2022-01-19T11:55:21+00:00","dateModified":"2022-02-08T10:16:35+00:00","description":"Vous recherchez des vols \u00e0 bas prix de Durban \u00e0 Le Cap ? Recherchez, comparez et r\u00e9servez en ligne un billet d&#039;avion pas cher de Durban \u00e0 Le Cap","breadcrumb":{"@id":"https:\/\/tiketi.com\/flights-durban-cape-town-dur-cpt\/#breadcrumb"},"inLanguage":"fr-FR","potentialAction":[{"@type":"ReadAction","target":["https:\/\/tiketi.com\/flights-durban-cape-town-dur-cpt\/"]}]},{"@type":"ImageObject","inLanguage":"fr-FR","@id":"https:\/\/tiketi.com\/flights-durban-cape-town-dur-cpt\/#primaryimage","url":"https:\/\/tiketi.com\/wp-content\/uploads\/2022\/02\/cape-town-5293565_1200.jpg","contentUrl":"https:\/\/tiketi.com\/wp-content\/uploads\/2022\/02\/cape-town-5293565_1200.jpg","width":1280,"height":222,"caption":"Air Taxi in Cape Town"},{"@type":"BreadcrumbList","@id":"https:\/\/tiketi.com\/flights-durban-cape-town-dur-cpt\/#breadcrumb","itemListElement":[{"@type":"ListItem","position":1,"name":"Home","item":"https:\/\/tiketi.com\/"},{"@type":"ListItem","position":2,"name":"Cheap Flights from\u00a0Durban to Cape Town &#8211; Best Air Taxi"}]},{"@type":"WebSite","@id":"https:\/\/tiketi.com\/#website","url":"https:\/\/tiketi.com\/","name":"Billets d&#039;avion et de bus, forfaits touristiques et activit\u00e9s - Tiketi.com","description":"Billets d&#039;avion et de bus, Tours, Activit\u00e9s","publisher":{"@id":"https:\/\/tiketi.com\/#organization"},"potentialAction":[{"@type":"SearchAction","target":{"@type":"EntryPoint","urlTemplate":"https:\/\/tiketi.com\/?s={search_term_string}"},"query-input":{"@type":"PropertyValueSpecification","valueRequired":true,"valueName":"search_term_string"}}],"inLanguage":"fr-FR"},{"@type":"Organization","@id":"https:\/\/tiketi.com\/#organization","name":"Tiketi.com","alternateName":"Tiketi","url":"https:\/\/tiketi.com\/","logo":{"@type":"ImageObject","inLanguage":"fr-FR","@id":"https:\/\/tiketi.com\/#\/schema\/logo\/image\/","url":"https:\/\/tiketi.com\/wp-content\/uploads\/2019\/05\/tiketi-logo-696.png","contentUrl":"https:\/\/tiketi.com\/wp-content\/uploads\/2019\/05\/tiketi-logo-696.png","width":696,"height":696,"caption":"Tiketi.com"},"image":{"@id":"https:\/\/tiketi.com\/#\/schema\/logo\/image\/"},"sameAs":["https:\/\/www.facebook.com\/TiketiCom\/"]}]}},"_links":{"self":[{"href":"https:\/\/tiketi.com\/fr-fr\/wp-json\/wp\/v2\/pages\/11898","targetHints":{"allow":["GET"]}}],"collection":[{"href":"https:\/\/tiketi.com\/fr-fr\/wp-json\/wp\/v2\/pages"}],"about":[{"href":"https:\/\/tiketi.com\/fr-fr\/wp-json\/wp\/v2\/types\/page"}],"author":[{"embeddable":true,"href":"https:\/\/tiketi.com\/fr-fr\/wp-json\/wp\/v2\/users\/1"}],"replies":[{"embeddable":true,"href":"https:\/\/tiketi.com\/fr-fr\/wp-json\/wp\/v2\/comments?post=11898"}],"version-history":[{"count":0,"href":"https:\/\/tiketi.com\/fr-fr\/wp-json\/wp\/v2\/pages\/11898\/revisions"}],"wp:featuredmedia":[{"embeddable":true,"href":"https:\/\/tiketi.com\/fr-fr\/wp-json\/wp\/v2\/media\/16150"}],"wp:attachment":[{"href":"https:\/\/tiketi.com\/fr-fr\/wp-json\/wp\/v2\/media?parent=11898"}],"curies":[{"name":"wp","href":"https:\/\/api.w.org\/{rel}","templated":true}]}}