{"id":11900,"date":"2022-01-19T12:55:21","date_gmt":"2022-01-19T11:55:21","guid":{"rendered":"https:\/\/new.tiketi.com\/cheap-flights-from-abuja-to-lagos\/"},"modified":"2022-02-07T11:01:46","modified_gmt":"2022-02-07T10:01:46","slug":"flights-abuja-lagos-abv-los","status":"publish","type":"page","link":"https:\/\/tiketi.com\/fr-fr\/flights-abuja-lagos-abv-los\/","title":{"rendered":"Vols \u00e0 bas prix de Abuja \u00e0 Lagos"},"content":{"rendered":"<h2>Vous \u00eates \u00e0 la recherche de billets d&#039;avion pas chers Abuja vers Lagos ou d&#039;offres de derni\u00e8re minute ?<\/h2>\n<h3>Recherchez, comparez et r\u00e9servez en ligne maintenant un billet d&#039;avion pas cher de Abuja (ABV) \u00e0 Lagos (LOS).<\/h3>\n<p>Trouvez des vols pas chers entre Abuja et Lagos et \u00e9conomisez de l&#039;argent sur vos billets d&#039;avion. Lagos est la ville la plus anim\u00e9e et la plus peupl\u00e9e du Nigeria. La ville m\u00e9tropolitaine compte de nombreux endroits incroyables et des endroits charmants que vous devriez visiter ou lors de votre s\u00e9jour dans cette superbe ville. Voici quelques-uns des endroits amusants et charmants \u00e0 visiter \u00e0 Lagos. R\u00e9servez des vols de Abuja \u00e0 Lagos au prix le plus bas \u2013 obtenez des offres avantageuses sur votre billet d&#039;avion de Abuja \u00e0 Lagos en ligne. N&#039;h\u00e9sitez plus et profitez d\u00e8s maintenant d&#039;offres incroyables sur les billets d&#039;avion depuis Abuja vers Lagos.<\/p>\n<h2>Voici quelques-unes des meilleures attractions de Lagos, au Nigeria\u00a0:<\/h2>\n<h3>Th\u00e9\u00e2tre national<\/h3>\n<p>Le Th\u00e9\u00e2tre National est l&#039;une des attractions touristiques de Lagos. C&#039;est une architecture culturelle et un point de rep\u00e8re qui a r\u00e9sist\u00e9 \u00e0 l&#039;\u00e9preuve du temps. Le Th\u00e9\u00e2tre national a \u00e9t\u00e9 construit en 1976 par l&#039;ancien g\u00e9n\u00e9ral Yakubu Gowon. Mais le dernier ach\u00e8vement de l&#039;\u00e9difice actuel debout aujourd&#039;hui a \u00e9t\u00e9 fait sous le r\u00e8gne du g\u00e9n\u00e9ral Olusegun Obasanjo.<\/p>\n<h3>Mus\u00e9e national nig\u00e9rian<\/h3>\n<p>Le mus\u00e9e est la meilleure exposition de l&#039;histoire du Nigeria et de son grand patrimoine culturel. Le mus\u00e9e a \u00e9t\u00e9 contract\u00e9 en 1975. Il pr\u00e9sente les \u0153uvres d&#039;art de l&#039;\u00e9poque pr\u00e9c\u00e9dant la libert\u00e9 du Nigeria.<\/p>\n<h3>Nouvel Afrika Sanctuaire<\/h3>\n<p>Le New Afrika Shrine si vous voulez passer un bon moment le week-end \u00e0 Lagos au Nigeria. Le New Afrika Shrine est l&#039;un de ces endroits o\u00f9 vous l&#039;obtiendrez. C&#039;est l&#039;un des lieux de rencontre pr\u00e9f\u00e9r\u00e9s \u00e0 Lagos. C&#039;est un centre de loisirs en plein air. Il est \u00e9galement appel\u00e9 sanctuaire de Fela.<\/p>\n<h3>Salut Impact Planet<\/h3>\n<p>La plan\u00e8te Hi Impact est le parc \u00e0 th\u00e8me et d&#039;attractions et le centre de vill\u00e9giature o\u00f9 tout le monde peut s&#039;amuser comme il le souhaite.<\/p>\n<h2>FAQ sur les vols pas chers Abuja-Lagos<\/h2>\n<h3>Le meilleur moment pour r\u00e9server des vols Abuja-Lagos.<\/h3>\n<p>G\u00e9n\u00e9ralement, le meilleur moment pour r\u00e9server un vol Abuja \u00e0 Lagos est de 2 mois \u00e0 l&#039;avance. Et le jour le moins cher pour voler est le mercredi, le mardi et le samedi. Le dimanche est le plus cher.<\/p>\n<h3>Quel est l\u2019itin\u00e9raire Abuja - Lagos le moins cher ?<\/h3>\n<p>Ethiopian Airlines propose les vols Abuja - Lagos les moins chers.<\/p>\n<h3>Quels sont les codes et les noms des a\u00e9roports d&#039;Abuja et de Lagos\u00a0?<\/h3>\n<p>Le nom de l&#039;a\u00e9roport de Lagos est Murtala Muhammaed International Airport, son code est LOS et Nnamdi Azikiwe International Airport et son code est ABV.<\/p>\n<h3>Quelle est la compagnie a\u00e9rienne la plus c\u00e9l\u00e8bre pour les billets d&#039;avion sans escale d&#039;Abuja \u00e0 Lagos ?<\/h3>\n<p>Arik Air propose 38 des vols sans escale Abuja Lagos.<\/p>\n<h3>Quelle compagnie a\u00e9rienne op\u00e8re des vols entre Lagos et Abuja ?<\/h3>\n<p>Il existe une poign\u00e9e de choix desservant cet itin\u00e9raire, notamment Dana Air, Lufthansa et Air Via Bulgarian. La plupart proposent des d\u00e9parts de vols quotidiens, ce qui facilite la planification de votre horaire.<\/p>\n<h2>Conseils pour trouver un billet d&#039;avion pas cher de Abuja \u00e0 Lagos<\/h2>\n<p>\u2022 Il y a quarante vols hebdomadaires entre Abuja et Lagos.<\/p>\n<p>\u2022 AirSpace propose le plus de vols sans escale entre Abuja et Lagos.<\/p>\n<p>\u2022 Port Harcourt, Nig\u00e9ria \u2013 Port Harcourt est la liaison la plus c\u00e9l\u00e8bre pour les vols sans escale entre Abuja et Lagos.<\/p>","protected":false},"excerpt":{"rendered":"<p>Looking for cheap airline ticket from Abuja to Lagos or last minute deals? Search, compare and book cheap airline ticket from Abuja (ABV) to Lagos (LOS) online now. Find cheap flights from Abuja to Lagos and save money on airline tickets. Lagos is the most lively and populous city in Nigeria. The metropolitan city has [&hellip;]<\/p>\n","protected":false},"author":1,"featured_media":14041,"parent":0,"menu_order":0,"comment_status":"open","ping_status":"closed","template":"template-home-modern.php","meta":{"footnotes":""},"class_list":["post-11900","page","type-page","status-publish","has-post-thumbnail","hentry"],"yoast_head":"<!-- This site is optimized with the Yoast SEO plugin v27.3 - https:\/\/yoast.com\/product\/yoast-seo-wordpress\/ -->\n<title>Cheap Flights from Abuja to Lagos<\/title>\n<meta name=\"description\" content=\"Looking for cheap flights from\u00a0Abuja to Lagos? Search, compare and book cheap airline ticket from Abuja to Lagos online now\" \/>\n<meta name=\"robots\" content=\"index, follow, max-snippet:-1, max-image-preview:large, max-video-preview:-1\" \/>\n<link rel=\"canonical\" href=\"https:\/\/tiketi.com\/fr-fr\/flights-abuja-lagos-abv-los\/\" \/>\n<meta property=\"og:locale\" content=\"fr_FR\" \/>\n<meta property=\"og:type\" content=\"article\" \/>\n<meta property=\"og:title\" content=\"Cheap Flights from Abuja to Lagos\" \/>\n<meta property=\"og:description\" content=\"Looking for cheap flights from\u00a0Abuja to Lagos? Search, compare and book cheap airline ticket from Abuja to Lagos online now\" \/>\n<meta property=\"og:url\" content=\"https:\/\/tiketi.com\/fr-fr\/flights-abuja-lagos-abv-los\/\" \/>\n<meta property=\"og:site_name\" content=\"Tiketi.com\" \/>\n<meta property=\"article:publisher\" content=\"https:\/\/www.facebook.com\/TiketiCom\/\" \/>\n<meta property=\"article:modified_time\" content=\"2022-02-07T10:01:46+00:00\" \/>\n<meta property=\"og:image\" content=\"https:\/\/tiketi.com\/wp-content\/uploads\/2022\/01\/flight-ticket-booking-sorasak-KxCJXXGsv9I-unsplas.jpg\" \/>\n\t<meta property=\"og:image:width\" content=\"1200\" \/>\n\t<meta property=\"og:image:height\" content=\"240\" \/>\n\t<meta property=\"og:image:type\" content=\"image\/jpeg\" \/>\n<meta name=\"twitter:card\" content=\"summary_large_image\" \/>\n<meta name=\"twitter:label1\" content=\"Dur\u00e9e de lecture estim\u00e9e\" \/>\n\t<meta name=\"twitter:data1\" content=\"3 minutes\" \/>\n<script type=\"application\/ld+json\" class=\"yoast-schema-graph\">{\"@context\":\"https:\\\/\\\/schema.org\",\"@graph\":[{\"@type\":\"WebPage\",\"@id\":\"https:\\\/\\\/tiketi.com\\\/flights-abuja-lagos-abv-los\\\/\",\"url\":\"https:\\\/\\\/tiketi.com\\\/flights-abuja-lagos-abv-los\\\/\",\"name\":\"Cheap Flights from Abuja to Lagos\",\"isPartOf\":{\"@id\":\"https:\\\/\\\/tiketi.com\\\/#website\"},\"primaryImageOfPage\":{\"@id\":\"https:\\\/\\\/tiketi.com\\\/flights-abuja-lagos-abv-los\\\/#primaryimage\"},\"image\":{\"@id\":\"https:\\\/\\\/tiketi.com\\\/flights-abuja-lagos-abv-los\\\/#primaryimage\"},\"thumbnailUrl\":\"https:\\\/\\\/tiketi.com\\\/wp-content\\\/uploads\\\/2022\\\/01\\\/flight-ticket-booking-sorasak-KxCJXXGsv9I-unsplas.jpg\",\"datePublished\":\"2022-01-19T11:55:21+00:00\",\"dateModified\":\"2022-02-07T10:01:46+00:00\",\"description\":\"Looking for cheap flights from\u00a0Abuja to Lagos? Search, compare and book cheap airline ticket from Abuja to Lagos online now\",\"breadcrumb\":{\"@id\":\"https:\\\/\\\/tiketi.com\\\/flights-abuja-lagos-abv-los\\\/#breadcrumb\"},\"inLanguage\":\"fr-FR\",\"potentialAction\":[{\"@type\":\"ReadAction\",\"target\":[\"https:\\\/\\\/tiketi.com\\\/flights-abuja-lagos-abv-los\\\/\"]}]},{\"@type\":\"ImageObject\",\"inLanguage\":\"fr-FR\",\"@id\":\"https:\\\/\\\/tiketi.com\\\/flights-abuja-lagos-abv-los\\\/#primaryimage\",\"url\":\"https:\\\/\\\/tiketi.com\\\/wp-content\\\/uploads\\\/2022\\\/01\\\/flight-ticket-booking-sorasak-KxCJXXGsv9I-unsplas.jpg\",\"contentUrl\":\"https:\\\/\\\/tiketi.com\\\/wp-content\\\/uploads\\\/2022\\\/01\\\/flight-ticket-booking-sorasak-KxCJXXGsv9I-unsplas.jpg\",\"width\":1200,\"height\":240,\"caption\":\"Online flight ticket booking\"},{\"@type\":\"BreadcrumbList\",\"@id\":\"https:\\\/\\\/tiketi.com\\\/flights-abuja-lagos-abv-los\\\/#breadcrumb\",\"itemListElement\":[{\"@type\":\"ListItem\",\"position\":1,\"name\":\"Home\",\"item\":\"https:\\\/\\\/tiketi.com\\\/\"},{\"@type\":\"ListItem\",\"position\":2,\"name\":\"Cheap Flights from Abuja to Lagos\"}]},{\"@type\":\"WebSite\",\"@id\":\"https:\\\/\\\/tiketi.com\\\/#website\",\"url\":\"https:\\\/\\\/tiketi.com\\\/\",\"name\":\"Flight & Bus Tickets, Tour Packages & Activitites - Tiketi.com\",\"description\":\"Flight &amp; Bus Tickets, Tours, Activitites\",\"publisher\":{\"@id\":\"https:\\\/\\\/tiketi.com\\\/#organization\"},\"potentialAction\":[{\"@type\":\"SearchAction\",\"target\":{\"@type\":\"EntryPoint\",\"urlTemplate\":\"https:\\\/\\\/tiketi.com\\\/?s={search_term_string}\"},\"query-input\":{\"@type\":\"PropertyValueSpecification\",\"valueRequired\":true,\"valueName\":\"search_term_string\"}}],\"inLanguage\":\"fr-FR\"},{\"@type\":\"Organization\",\"@id\":\"https:\\\/\\\/tiketi.com\\\/#organization\",\"name\":\"Tiketi.com\",\"alternateName\":\"Tiketi\",\"url\":\"https:\\\/\\\/tiketi.com\\\/\",\"logo\":{\"@type\":\"ImageObject\",\"inLanguage\":\"fr-FR\",\"@id\":\"https:\\\/\\\/tiketi.com\\\/#\\\/schema\\\/logo\\\/image\\\/\",\"url\":\"https:\\\/\\\/tiketi.com\\\/wp-content\\\/uploads\\\/2019\\\/05\\\/tiketi-logo-696.png\",\"contentUrl\":\"https:\\\/\\\/tiketi.com\\\/wp-content\\\/uploads\\\/2019\\\/05\\\/tiketi-logo-696.png\",\"width\":696,\"height\":696,\"caption\":\"Tiketi.com\"},\"image\":{\"@id\":\"https:\\\/\\\/tiketi.com\\\/#\\\/schema\\\/logo\\\/image\\\/\"},\"sameAs\":[\"https:\\\/\\\/www.facebook.com\\\/TiketiCom\\\/\"]}]}<\/script>\n<!-- \/ Yoast SEO plugin. -->","yoast_head_json":{"title":"Vols \u00e0 bas prix de Abuja \u00e0 Lagos","description":"Vous recherchez des vols \u00e0 bas prix de Abuja \u00e0 Lagos ? Recherchez, comparez et r\u00e9servez en ligne maintenant un billet d&#039;avion pas cher de Abuja \u00e0 Lagos","robots":{"index":"index","follow":"follow","max-snippet":"max-snippet:-1","max-image-preview":"max-image-preview:large","max-video-preview":"max-video-preview:-1"},"canonical":"https:\/\/tiketi.com\/fr-fr\/flights-abuja-lagos-abv-los\/","og_locale":"fr_FR","og_type":"article","og_title":"Cheap Flights from Abuja to Lagos","og_description":"Looking for cheap flights from\u00a0Abuja to Lagos? Search, compare and book cheap airline ticket from Abuja to Lagos online now","og_url":"https:\/\/tiketi.com\/fr-fr\/flights-abuja-lagos-abv-los\/","og_site_name":"Tiketi.com","article_publisher":"https:\/\/www.facebook.com\/TiketiCom\/","article_modified_time":"2022-02-07T10:01:46+00:00","og_image":[{"width":1200,"height":240,"url":"https:\/\/tiketi.com\/wp-content\/uploads\/2022\/01\/flight-ticket-booking-sorasak-KxCJXXGsv9I-unsplas.jpg","type":"image\/jpeg"}],"twitter_card":"summary_large_image","twitter_misc":{"Dur\u00e9e de lecture estim\u00e9e":"3 minutes"},"schema":{"@context":"https:\/\/schema.org","@graph":[{"@type":"WebPage","@id":"https:\/\/tiketi.com\/flights-abuja-lagos-abv-los\/","url":"https:\/\/tiketi.com\/flights-abuja-lagos-abv-los\/","name":"Vols \u00e0 bas prix de Abuja \u00e0 Lagos","isPartOf":{"@id":"https:\/\/tiketi.com\/#website"},"primaryImageOfPage":{"@id":"https:\/\/tiketi.com\/flights-abuja-lagos-abv-los\/#primaryimage"},"image":{"@id":"https:\/\/tiketi.com\/flights-abuja-lagos-abv-los\/#primaryimage"},"thumbnailUrl":"https:\/\/tiketi.com\/wp-content\/uploads\/2022\/01\/flight-ticket-booking-sorasak-KxCJXXGsv9I-unsplas.jpg","datePublished":"2022-01-19T11:55:21+00:00","dateModified":"2022-02-07T10:01:46+00:00","description":"Vous recherchez des vols \u00e0 bas prix de Abuja \u00e0 Lagos ? Recherchez, comparez et r\u00e9servez en ligne maintenant un billet d&#039;avion pas cher de Abuja \u00e0 Lagos","breadcrumb":{"@id":"https:\/\/tiketi.com\/flights-abuja-lagos-abv-los\/#breadcrumb"},"inLanguage":"fr-FR","potentialAction":[{"@type":"ReadAction","target":["https:\/\/tiketi.com\/flights-abuja-lagos-abv-los\/"]}]},{"@type":"ImageObject","inLanguage":"fr-FR","@id":"https:\/\/tiketi.com\/flights-abuja-lagos-abv-los\/#primaryimage","url":"https:\/\/tiketi.com\/wp-content\/uploads\/2022\/01\/flight-ticket-booking-sorasak-KxCJXXGsv9I-unsplas.jpg","contentUrl":"https:\/\/tiketi.com\/wp-content\/uploads\/2022\/01\/flight-ticket-booking-sorasak-KxCJXXGsv9I-unsplas.jpg","width":1200,"height":240,"caption":"Online flight ticket booking"},{"@type":"BreadcrumbList","@id":"https:\/\/tiketi.com\/flights-abuja-lagos-abv-los\/#breadcrumb","itemListElement":[{"@type":"ListItem","position":1,"name":"Home","item":"https:\/\/tiketi.com\/"},{"@type":"ListItem","position":2,"name":"Cheap Flights from Abuja to Lagos"}]},{"@type":"WebSite","@id":"https:\/\/tiketi.com\/#website","url":"https:\/\/tiketi.com\/","name":"Billets d&#039;avion et de bus, forfaits touristiques et activit\u00e9s - Tiketi.com","description":"Billets d&#039;avion et de bus, Tours, Activit\u00e9s","publisher":{"@id":"https:\/\/tiketi.com\/#organization"},"potentialAction":[{"@type":"SearchAction","target":{"@type":"EntryPoint","urlTemplate":"https:\/\/tiketi.com\/?s={search_term_string}"},"query-input":{"@type":"PropertyValueSpecification","valueRequired":true,"valueName":"search_term_string"}}],"inLanguage":"fr-FR"},{"@type":"Organization","@id":"https:\/\/tiketi.com\/#organization","name":"Tiketi.com","alternateName":"Tiketi","url":"https:\/\/tiketi.com\/","logo":{"@type":"ImageObject","inLanguage":"fr-FR","@id":"https:\/\/tiketi.com\/#\/schema\/logo\/image\/","url":"https:\/\/tiketi.com\/wp-content\/uploads\/2019\/05\/tiketi-logo-696.png","contentUrl":"https:\/\/tiketi.com\/wp-content\/uploads\/2019\/05\/tiketi-logo-696.png","width":696,"height":696,"caption":"Tiketi.com"},"image":{"@id":"https:\/\/tiketi.com\/#\/schema\/logo\/image\/"},"sameAs":["https:\/\/www.facebook.com\/TiketiCom\/"]}]}},"_links":{"self":[{"href":"https:\/\/tiketi.com\/fr-fr\/wp-json\/wp\/v2\/pages\/11900","targetHints":{"allow":["GET"]}}],"collection":[{"href":"https:\/\/tiketi.com\/fr-fr\/wp-json\/wp\/v2\/pages"}],"about":[{"href":"https:\/\/tiketi.com\/fr-fr\/wp-json\/wp\/v2\/types\/page"}],"author":[{"embeddable":true,"href":"https:\/\/tiketi.com\/fr-fr\/wp-json\/wp\/v2\/users\/1"}],"replies":[{"embeddable":true,"href":"https:\/\/tiketi.com\/fr-fr\/wp-json\/wp\/v2\/comments?post=11900"}],"version-history":[{"count":0,"href":"https:\/\/tiketi.com\/fr-fr\/wp-json\/wp\/v2\/pages\/11900\/revisions"}],"wp:featuredmedia":[{"embeddable":true,"href":"https:\/\/tiketi.com\/fr-fr\/wp-json\/wp\/v2\/media\/14041"}],"wp:attachment":[{"href":"https:\/\/tiketi.com\/fr-fr\/wp-json\/wp\/v2\/media?parent=11900"}],"curies":[{"name":"wp","href":"https:\/\/api.w.org\/{rel}","templated":true}]}}