{"id":11901,"date":"2022-01-19T12:55:21","date_gmt":"2022-01-19T11:55:21","guid":{"rendered":"https:\/\/new.tiketi.com\/how-to-travel-from-marrakech-to-casablanca-by-plane-train-car-bus\/"},"modified":"2022-07-14T11:27:17","modified_gmt":"2022-07-14T10:27:17","slug":"how-to-travel-from-marrakech-to-casablanca","status":"publish","type":"page","link":"https:\/\/tiketi.com\/fr-fr\/how-to-travel-from-marrakech-to-casablanca\/","title":{"rendered":"Comment voyager de Marrakech \u00e0 Casablanca en avion, train, voiture et bus"},"content":{"rendered":"<h2>Le meilleur moyen de voyager de Marrakech \u00e0 Casablanca<\/h2>\n<h3>D\u00e9couvrez votre itin\u00e9raire de voyage sur le web, le mobile ou l&#039;application et trouvez comment vous rendre de Marrakech \u00e0 Casablanca en avion, train ou bus<\/h3>\n<p>Voyager de Marrakech \u00e0 Casablanca en avion, en train, en voiture ou en bus devient un jeu d&#039;enfant. Casablanca est la plus grande ville du Maroc. C&#039;est aussi le c\u0153ur financier du pays. Bien qu&#039;elle n&#039;attire pas autant de visiteurs que des villes comme F\u00e8s, Marrakech et Tanger, Casablanca offre toujours de nombreuses attractions incroyables \u00e0 voir et \u00e0 faire. Voici comment voyager de Marrakech \u00e0 Casablanca :<\/p>\n<h2>Les meilleurs endroits \u00e0 visiter \u00e0 Casablanca<\/h2>\n<h3>Mosqu\u00e9e Hassan II<\/h3>\n<p>Peut-\u00eatre le site le plus c\u00e9l\u00e8bre de Casablanca, la mosqu\u00e9e Hassan II est un joyau architectural remarquable qui met en valeur le meilleur de l&#039;artisanat marocain. La grande mosqu\u00e9e, avec un minaret imposant, est l&#039;une des plus grandes mosqu\u00e9es de la plan\u00e8te.<\/p>\n<h3>M\u00e9dine<\/h3>\n<p>L&#039;ancienne m\u00e9dina de Casablanca du XIXe\u00a0si\u00e8cle est aujourd&#039;hui en grande partie une zone r\u00e9sidentielle. Quoi qu&#039;il en soit, se promener dans les rues \u00e9troites et se reposer un moment dans l&#039;un des nombreux restaurants et caf\u00e9s agr\u00e9ables est une fa\u00e7on amusante de comprendre un peu plus ce qui fait vibrer la ville.<\/p>\n<h3>Bab Marrakech<\/h3>\n<p>Bab Marrakech est l&#039;une des grandes portes d&#039;entr\u00e9e de la m\u00e9dina. Bien que l&#039;espace vo\u00fbt\u00e9 dans le haut mur puisse difficilement \u00eatre qualifi\u00e9 d&#039;exceptionnel, la tour de l&#039;horloge adjacente pr\u00e9sente un certain attrait pour cette section de mur.<\/p>\n<h3>Palais Royal<\/h3>\n<p>C&#039;est un endroit remarquable pour faire un arr\u00eat photo rapide. L&#039;architecture d\u00e9taill\u00e9e de la grande porte est remarquable, et vous pouvez voir des policiers arm\u00e9s qui arpentent la cour avant carrel\u00e9e, pr\u00eats \u00e0 prot\u00e9ger le palais si n\u00e9cessaire.<\/p>\n<h2>Le meilleur moyen de voyager de Marrakech \u00e0 Casablanca en avion, train, voiture ou bus<\/h2>\n<h3>Combien de temps dure un vol entre Marrakech et Casablanca ?<\/h3>\n<p>Si vous r\u00e9servez un vol depuis Royal Air Maroc, vos vols pas chers de Marrakech \u00e0 Casablanca dureront environ cinquante minutes.<\/p>\n<h3>Combien de vols directs pas chers de Marrakech \u00e0 Casablanca ?<\/h3>\n<p>Il y a vingt-huit vols pas chers de Marrakech \u00e0 Casablanca.<\/p>\n<h3>Excellent moment pour r\u00e9server des vols Marrakech-Casablanca<\/h3>\n<p>G\u00e9n\u00e9ralement, le meilleur horaire de vol de Marrakech \u00e0 Casablanca est de 2 mois \u00e0 l&#039;avance. Et les jours abordables pour voler sont le mercredi, le mardi et le samedi. Le dimanche est le plus cher.<\/p>\n<h3>Quelle est la compagnie a\u00e9rienne la plus c\u00e9l\u00e8bre pour les vols pas chers sans escale de Marrakech \u00e0 Casablanca ?<\/h3>\n<p>Royal Air Maroc propose une centaine de vols Marrakech-Casablanca.<\/p>\n<h3>Quelle est la dur\u00e9e de vol moyenne entre Marrakech et Casablanca ?<\/h3>\n<p>La dur\u00e9e de vol moyenne pour un vol direct de Marrakech \u00e0 Casablanca est de seulement quarante-huit minutes.<\/p>\n<h2>Conseils pour des vols pas chers de Marrakech \u00e0 Casablanca<\/h2>\n<p>\u2022 Marrakech, Maroc est \u00e0 228 km de Casablanca.<br \/>\n\u2022 Douze vols quotidiens relient Marrakech \u00e0 Casablanca.<br \/>\n\u2022 Quatorze vols sans escale op\u00e8rent de Marrakech \u00e0 Casablanca.<br \/>\n\u2022 Paris, France \u2013 Orly Field est la liaison la plus c\u00e9l\u00e8bre pour les vols \u00e0 escale entre Marrakech et Casablanca.<\/p>\n<h2>Comment voyager de Marrakech \u00e0 Casablanca en train, voiture ou bus<\/h2>\n<h3>Voyager de Marrakech \u00e0 Casablanca en train<\/h3>\n<p>\u2022 Comment voyager de Marrakech \u00e0 Casablanca en <a href=\"https:\/\/tiketi.com\/fr-fr\/morocco-train-tickets-oncf-ticket-booking\/\" target=\"_blank\" rel=\"noopener\">train &gt;&gt;<\/a><\/p>\n<h3>Voyager de Marrakech \u00e0 Casablanca en voiture<\/h3>\n<p>\u2022 Comment aller de Marrakech \u00e0 Casablanca en <a href=\"https:\/\/tiketi.com\/fr-fr\/cheap-bus-tickets-from-marrakech-to-casablanca\/\" target=\"_blank\" rel=\"noopener\">voiture &gt;&gt;<\/a><\/p>\n<h3>Voyager de Marrakech \u00e0 Casablanca en bus<\/h3>\n<p>\u2022 Comment se rendre de Marrakech \u00e0 Casablanca en <a href=\"https:\/\/tiketi.com\/fr-fr\/cheap-bus-tickets-from-marrakech-to-casablanca\/\" target=\"_blank\" rel=\"noopener\">autobus &gt;&gt;<\/a><\/p>","protected":false},"excerpt":{"rendered":"<p>Best way to travel from Marrakech to Casablanca Discover your travel route on web, mobile or app and find how to get from Marrakech to Casablanca by plane, train or bus Travelling from Marrakech to Casablanca by plane, train, car or bus made easy. Casablanca is the biggest city in Morocco. It is also financial [&hellip;]<\/p>\n","protected":false},"author":1,"featured_media":18053,"parent":0,"menu_order":0,"comment_status":"open","ping_status":"closed","template":"template-home-modern.php","meta":{"footnotes":""},"class_list":["post-11901","page","type-page","status-publish","has-post-thumbnail","hentry"],"yoast_head":"<!-- This site is optimized with the Yoast SEO plugin v27.2 - https:\/\/yoast.com\/product\/yoast-seo-wordpress\/ -->\n<title>How to Travel from Marrakech to Casablanca By Plane, Train, Car &amp; Bus<\/title>\n<meta name=\"description\" content=\"Travelling from Marrakech to Casablanca? Discover your travel route on web, mobile or app and find how to get from Marrakech to Casablanca by plane, train or bus\" \/>\n<meta name=\"robots\" content=\"index, follow, max-snippet:-1, max-image-preview:large, max-video-preview:-1\" \/>\n<link rel=\"canonical\" href=\"https:\/\/tiketi.com\/fr-fr\/how-to-travel-from-marrakech-to-casablanca\/\" \/>\n<meta property=\"og:locale\" content=\"fr_FR\" \/>\n<meta property=\"og:type\" content=\"article\" \/>\n<meta property=\"og:title\" content=\"How to Travel from Marrakech to Casablanca By Plane, Train, Car &amp; Bus\" \/>\n<meta property=\"og:description\" content=\"Travelling from Marrakech to Casablanca? Discover your travel route on web, mobile or app and find how to get from Marrakech to Casablanca by plane, train or bus\" \/>\n<meta property=\"og:url\" content=\"https:\/\/tiketi.com\/fr-fr\/how-to-travel-from-marrakech-to-casablanca\/\" \/>\n<meta property=\"og:site_name\" content=\"Tiketi.com\" \/>\n<meta property=\"article:publisher\" content=\"https:\/\/www.facebook.com\/TiketiCom\/\" \/>\n<meta property=\"article:modified_time\" content=\"2022-07-14T10:27:17+00:00\" \/>\n<meta property=\"og:image\" content=\"https:\/\/tiketi.com\/wp-content\/uploads\/2022\/02\/marrakech-jemaa-el-fna-squa.jpg\" \/>\n\t<meta property=\"og:image:width\" content=\"1200\" \/>\n\t<meta property=\"og:image:height\" content=\"202\" \/>\n\t<meta property=\"og:image:type\" content=\"image\/jpeg\" \/>\n<meta name=\"twitter:card\" content=\"summary_large_image\" \/>\n<meta name=\"twitter:label1\" content=\"Dur\u00e9e de lecture estim\u00e9e\" \/>\n\t<meta name=\"twitter:data1\" content=\"3 minutes\" \/>\n<script type=\"application\/ld+json\" class=\"yoast-schema-graph\">{\"@context\":\"https:\/\/schema.org\",\"@graph\":[{\"@type\":\"WebPage\",\"@id\":\"https:\/\/tiketi.com\/how-to-travel-from-marrakech-to-casablanca\/\",\"url\":\"https:\/\/tiketi.com\/how-to-travel-from-marrakech-to-casablanca\/\",\"name\":\"How to Travel from Marrakech to Casablanca By Plane, Train, Car & Bus\",\"isPartOf\":{\"@id\":\"https:\/\/tiketi.com\/#website\"},\"primaryImageOfPage\":{\"@id\":\"https:\/\/tiketi.com\/how-to-travel-from-marrakech-to-casablanca\/#primaryimage\"},\"image\":{\"@id\":\"https:\/\/tiketi.com\/how-to-travel-from-marrakech-to-casablanca\/#primaryimage\"},\"thumbnailUrl\":\"https:\/\/tiketi.com\/wp-content\/uploads\/2022\/02\/marrakech-jemaa-el-fna-squa.jpg\",\"datePublished\":\"2022-01-19T11:55:21+00:00\",\"dateModified\":\"2022-07-14T10:27:17+00:00\",\"description\":\"Travelling from Marrakech to Casablanca? Discover your travel route on web, mobile or app and find how to get from Marrakech to Casablanca by plane, train or bus\",\"breadcrumb\":{\"@id\":\"https:\/\/tiketi.com\/how-to-travel-from-marrakech-to-casablanca\/#breadcrumb\"},\"inLanguage\":\"fr-FR\",\"potentialAction\":[{\"@type\":\"ReadAction\",\"target\":[\"https:\/\/tiketi.com\/how-to-travel-from-marrakech-to-casablanca\/\"]}]},{\"@type\":\"ImageObject\",\"inLanguage\":\"fr-FR\",\"@id\":\"https:\/\/tiketi.com\/how-to-travel-from-marrakech-to-casablanca\/#primaryimage\",\"url\":\"https:\/\/tiketi.com\/wp-content\/uploads\/2022\/02\/marrakech-jemaa-el-fna-squa.jpg\",\"contentUrl\":\"https:\/\/tiketi.com\/wp-content\/uploads\/2022\/02\/marrakech-jemaa-el-fna-squa.jpg\",\"width\":1200,\"height\":202,\"caption\":\"air taxi in Marrakech\"},{\"@type\":\"BreadcrumbList\",\"@id\":\"https:\/\/tiketi.com\/how-to-travel-from-marrakech-to-casablanca\/#breadcrumb\",\"itemListElement\":[{\"@type\":\"ListItem\",\"position\":1,\"name\":\"Home\",\"item\":\"https:\/\/tiketi.com\/\"},{\"@type\":\"ListItem\",\"position\":2,\"name\":\"How to Travel from Marrakech to Casablanca By Plane, Train, Car &#038; Bus\"}]},{\"@type\":\"WebSite\",\"@id\":\"https:\/\/tiketi.com\/#website\",\"url\":\"https:\/\/tiketi.com\/\",\"name\":\"Flight & Bus Tickets, Tour Packages & Activitites - Tiketi.com\",\"description\":\"Flight &amp; Bus Tickets, Tours, Activitites\",\"publisher\":{\"@id\":\"https:\/\/tiketi.com\/#organization\"},\"potentialAction\":[{\"@type\":\"SearchAction\",\"target\":{\"@type\":\"EntryPoint\",\"urlTemplate\":\"https:\/\/tiketi.com\/?s={search_term_string}\"},\"query-input\":{\"@type\":\"PropertyValueSpecification\",\"valueRequired\":true,\"valueName\":\"search_term_string\"}}],\"inLanguage\":\"fr-FR\"},{\"@type\":\"Organization\",\"@id\":\"https:\/\/tiketi.com\/#organization\",\"name\":\"Tiketi.com\",\"alternateName\":\"Tiketi\",\"url\":\"https:\/\/tiketi.com\/\",\"logo\":{\"@type\":\"ImageObject\",\"inLanguage\":\"fr-FR\",\"@id\":\"https:\/\/tiketi.com\/#\/schema\/logo\/image\/\",\"url\":\"https:\/\/tiketi.com\/wp-content\/uploads\/2019\/05\/tiketi-logo-696.png\",\"contentUrl\":\"https:\/\/tiketi.com\/wp-content\/uploads\/2019\/05\/tiketi-logo-696.png\",\"width\":696,\"height\":696,\"caption\":\"Tiketi.com\"},\"image\":{\"@id\":\"https:\/\/tiketi.com\/#\/schema\/logo\/image\/\"},\"sameAs\":[\"https:\/\/www.facebook.com\/TiketiCom\/\"]}]}<\/script>\n<!-- \/ Yoast SEO plugin. -->","yoast_head_json":{"title":"Comment voyager de Marrakech \u00e0 Casablanca en avion, train, voiture et bus","description":"Vous voyagez de Marrakech \u00e0 Casablanca ? D\u00e9couvrez votre itin\u00e9raire de voyage sur le web, le mobile ou l&#039;application et trouvez comment vous rendre de Marrakech \u00e0 Casablanca en avion, train ou bus","robots":{"index":"index","follow":"follow","max-snippet":"max-snippet:-1","max-image-preview":"max-image-preview:large","max-video-preview":"max-video-preview:-1"},"canonical":"https:\/\/tiketi.com\/fr-fr\/how-to-travel-from-marrakech-to-casablanca\/","og_locale":"fr_FR","og_type":"article","og_title":"How to Travel from Marrakech to Casablanca By Plane, Train, Car & Bus","og_description":"Travelling from Marrakech to Casablanca? Discover your travel route on web, mobile or app and find how to get from Marrakech to Casablanca by plane, train or bus","og_url":"https:\/\/tiketi.com\/fr-fr\/how-to-travel-from-marrakech-to-casablanca\/","og_site_name":"Tiketi.com","article_publisher":"https:\/\/www.facebook.com\/TiketiCom\/","article_modified_time":"2022-07-14T10:27:17+00:00","og_image":[{"width":1200,"height":202,"url":"https:\/\/tiketi.com\/wp-content\/uploads\/2022\/02\/marrakech-jemaa-el-fna-squa.jpg","type":"image\/jpeg"}],"twitter_card":"summary_large_image","twitter_misc":{"Dur\u00e9e de lecture estim\u00e9e":"3 minutes"},"schema":{"@context":"https:\/\/schema.org","@graph":[{"@type":"WebPage","@id":"https:\/\/tiketi.com\/how-to-travel-from-marrakech-to-casablanca\/","url":"https:\/\/tiketi.com\/how-to-travel-from-marrakech-to-casablanca\/","name":"Comment voyager de Marrakech \u00e0 Casablanca en avion, train, voiture et bus","isPartOf":{"@id":"https:\/\/tiketi.com\/#website"},"primaryImageOfPage":{"@id":"https:\/\/tiketi.com\/how-to-travel-from-marrakech-to-casablanca\/#primaryimage"},"image":{"@id":"https:\/\/tiketi.com\/how-to-travel-from-marrakech-to-casablanca\/#primaryimage"},"thumbnailUrl":"https:\/\/tiketi.com\/wp-content\/uploads\/2022\/02\/marrakech-jemaa-el-fna-squa.jpg","datePublished":"2022-01-19T11:55:21+00:00","dateModified":"2022-07-14T10:27:17+00:00","description":"Vous voyagez de Marrakech \u00e0 Casablanca ? D\u00e9couvrez votre itin\u00e9raire de voyage sur le web, le mobile ou l&#039;application et trouvez comment vous rendre de Marrakech \u00e0 Casablanca en avion, train ou bus","breadcrumb":{"@id":"https:\/\/tiketi.com\/how-to-travel-from-marrakech-to-casablanca\/#breadcrumb"},"inLanguage":"fr-FR","potentialAction":[{"@type":"ReadAction","target":["https:\/\/tiketi.com\/how-to-travel-from-marrakech-to-casablanca\/"]}]},{"@type":"ImageObject","inLanguage":"fr-FR","@id":"https:\/\/tiketi.com\/how-to-travel-from-marrakech-to-casablanca\/#primaryimage","url":"https:\/\/tiketi.com\/wp-content\/uploads\/2022\/02\/marrakech-jemaa-el-fna-squa.jpg","contentUrl":"https:\/\/tiketi.com\/wp-content\/uploads\/2022\/02\/marrakech-jemaa-el-fna-squa.jpg","width":1200,"height":202,"caption":"air taxi in Marrakech"},{"@type":"BreadcrumbList","@id":"https:\/\/tiketi.com\/how-to-travel-from-marrakech-to-casablanca\/#breadcrumb","itemListElement":[{"@type":"ListItem","position":1,"name":"Home","item":"https:\/\/tiketi.com\/"},{"@type":"ListItem","position":2,"name":"How to Travel from Marrakech to Casablanca By Plane, Train, Car &#038; Bus"}]},{"@type":"WebSite","@id":"https:\/\/tiketi.com\/#website","url":"https:\/\/tiketi.com\/","name":"Billets d&#039;avion et de bus, forfaits touristiques et activit\u00e9s - Tiketi.com","description":"Billets d&#039;avion et de bus, Tours, Activit\u00e9s","publisher":{"@id":"https:\/\/tiketi.com\/#organization"},"potentialAction":[{"@type":"SearchAction","target":{"@type":"EntryPoint","urlTemplate":"https:\/\/tiketi.com\/?s={search_term_string}"},"query-input":{"@type":"PropertyValueSpecification","valueRequired":true,"valueName":"search_term_string"}}],"inLanguage":"fr-FR"},{"@type":"Organization","@id":"https:\/\/tiketi.com\/#organization","name":"Tiketi.com","alternateName":"Tiketi","url":"https:\/\/tiketi.com\/","logo":{"@type":"ImageObject","inLanguage":"fr-FR","@id":"https:\/\/tiketi.com\/#\/schema\/logo\/image\/","url":"https:\/\/tiketi.com\/wp-content\/uploads\/2019\/05\/tiketi-logo-696.png","contentUrl":"https:\/\/tiketi.com\/wp-content\/uploads\/2019\/05\/tiketi-logo-696.png","width":696,"height":696,"caption":"Tiketi.com"},"image":{"@id":"https:\/\/tiketi.com\/#\/schema\/logo\/image\/"},"sameAs":["https:\/\/www.facebook.com\/TiketiCom\/"]}]}},"_links":{"self":[{"href":"https:\/\/tiketi.com\/fr-fr\/wp-json\/wp\/v2\/pages\/11901","targetHints":{"allow":["GET"]}}],"collection":[{"href":"https:\/\/tiketi.com\/fr-fr\/wp-json\/wp\/v2\/pages"}],"about":[{"href":"https:\/\/tiketi.com\/fr-fr\/wp-json\/wp\/v2\/types\/page"}],"author":[{"embeddable":true,"href":"https:\/\/tiketi.com\/fr-fr\/wp-json\/wp\/v2\/users\/1"}],"replies":[{"embeddable":true,"href":"https:\/\/tiketi.com\/fr-fr\/wp-json\/wp\/v2\/comments?post=11901"}],"version-history":[{"count":0,"href":"https:\/\/tiketi.com\/fr-fr\/wp-json\/wp\/v2\/pages\/11901\/revisions"}],"wp:featuredmedia":[{"embeddable":true,"href":"https:\/\/tiketi.com\/fr-fr\/wp-json\/wp\/v2\/media\/18053"}],"wp:attachment":[{"href":"https:\/\/tiketi.com\/fr-fr\/wp-json\/wp\/v2\/media?parent=11901"}],"curies":[{"name":"wp","href":"https:\/\/api.w.org\/{rel}","templated":true}]}}