{"id":11902,"date":"2022-01-19T12:55:21","date_gmt":"2022-01-19T11:55:21","guid":{"rendered":"https:\/\/new.tiketi.com\/cheap-flights-from-marrakech-to-rabat-best-air-taxi\/"},"modified":"2022-02-09T11:26:40","modified_gmt":"2022-02-09T10:26:40","slug":"flights-marrakech-rabat-rak-rba","status":"publish","type":"page","link":"https:\/\/tiketi.com\/fr-fr\/flights-marrakech-rabat-rak-rba\/","title":{"rendered":"Vols pas chers de Marrakech \u00e0 Rabat \u2013 Meilleur taxi a\u00e9rien"},"content":{"rendered":"<h2>Vous cherchez un billet d&#039;avion pas cher de Marrakech \u00e0 Rabat ou des offres de derni\u00e8re minute ?<\/h2>\n<h3>Cherchez, comparez et r\u00e9servez un billet d&#039;avion pas cher de Marrakech (RAK) \u00e0 Rabat (RBA)<span style=\"font-size: 16px;\">\u00a0<\/span>maintenant en ligne.<\/h3>\n<p>R\u00e9servez des vols pas chers de Marrakech \u00e0 Rabat en ligne et \u00e9conomisez de l&#039;argent sur les billets d&#039;avion. Rabat est une ville riche en culture et en histoire et regorge de tr\u00e9sors cach\u00e9s. Ville grande et cosmopolite, elle abrite diff\u00e9rentes attractions datant des ann\u00e9es 1800 et extr\u00eamement bien conserv\u00e9es, ce qui rend l&#039;exp\u00e9rience encore plus authentique. Comparez les prix et obtenez le tarif le plus bas sur les billets d&#039;avion de Marrakech \u00e0 Rabat gr\u00e2ce \u00e0 des offres exceptionnelles sur la r\u00e9servation de billets en ligne de vols de Marrakech \u00e0 Rabat.<\/p>\n<h2>Voici quelques-unes des meilleures attractions de Rabat<\/h2>\n<h3>Kasbah des Oudayas<\/h3>\n<p>Cette Kasbah est un ancien camp militaire et a \u00e9t\u00e9 construite au XIIe si\u00e8cle. Ici vous pouvez trouver quelques-uns des principaux palais jamais construits par la dynastie Alaouite qui r\u00e8gne encore.<\/p>\n<h3>Mausol\u00e9e de Mohamed V<\/h3>\n<p>Le Mausol\u00e9e de Mohammed V, qui est l&#039;un des plus remarquables qu&#039;on puisse imaginer. Il est construit sur un lieu historique, o\u00f9 le roi revenait de Madagascar suite \u00e0 l&#039;ind\u00e9pendance du Maroc. L&#039;int\u00e9rieur est connu comme un exemple haut de gamme de design traditionnel dans le style marocain, et les titres en zellige et les \u00e9tonnants travaux de marbre sont une vue incontournable parmi les attractions de Rabat.<\/p>\n<h3>Mus\u00e9e Arch\u00e9ologique de Rabat<\/h3>\n<p>Les amateurs d&#039;histoire \u00e0 la recherche d&#039;attractions parfaites \u00e0 Rabat voudront visiter le mus\u00e9e arch\u00e9ologique de Rabat. Consid\u00e9r\u00e9 comme le meilleur du pays, il contient des artefacts et des expositions allant de la pr\u00e9histoire aux temps modernes. Les expositions hell\u00e9nistiques et romaines sont l&#039;une des attractions les plus c\u00e9l\u00e8bres de Rabat en raison de leur statut dans le monde entier, mais le mus\u00e9e lui-m\u00eame m\u00e9rite de figurer en bonne place sur n&#039;importe quelle liste d&#039;attractions de Rabat.<\/p>\n<h2>FAQ sur les vols pas chers de Marrakech \u00e0 Rabat<\/h2>\n<h3>Combien y a-t-il de vols directs de Marrakech \u00e0 Rabat ?<\/h3>\n<p>Il n\u2019existe qu\u2019un seul vol direct Marrakech-Rabat.<\/p>\n<h3>Excellent moment pour r\u00e9server un billet d\u2019avion pas cher de Marrakech \u00e0 Rabat.<\/h3>\n<p>G\u00e9n\u00e9ralement, le meilleur billet d&#039;avion de Marrakech \u00e0 Rabat est disponible avec 2 mois \u00e0 l&#039;avance. Et le jour abordable pour voler le mercredi, mardi et lundi. Le dimanche est le plus cher.<\/p>\n<h3>Quelle est la distance entre Marrakech et Rabat?<\/h3>\n<p>L\u2019a\u00e9roport le plus proche de Rabat est l\u2019a\u00e9roport de Sal\u00e9 et l\u2019a\u00e9roport le plus proche de Marrakech est l\u2019a\u00e9roport de Menara.<br \/>\nLa distance du vol en taxi a\u00e9rien de Marrakech \u00e0 Rabat est d\u2019environ 300 kilom\u00e8tres.<\/p>\n<h3>Quelle est la dur\u00e9e moyenne d&#039;un vol entre Marrakech et Rabat ?<\/h3>\n<p>La dur\u00e9e moyenne du vol d\u2019un taxi a\u00e9rien de Marrakech \u00e0 Rabat est d\u2019une heure deux minutes.<\/p>\n<h2>Conseils pour un taxi a\u00e9rien pas cher de Marrakech \u00e0 Rabat<\/h2>\n<p>\u2022 Marrakech, au Maroc, est \u00e0 300\u00a0km de Rabat.<\/p>\n<p>\u2022 Il y a deux vols hebdomadaires de Marrakech \u00e0 Rabat.<\/p>\n<p>\u2022 Paris, France, l&#039;a\u00e9roport Charles De Gaulle est l&#039;une des liaisons les plus c\u00e9l\u00e8bres pour les vols \u00e0 1 escale entre Marrakech et Rabat.<\/p>\n<p>\u2022 Qatar Airways propose le plus grand nombre de vols directs et bon march\u00e9 de Marrakech \u00e0 Rabat.<\/p>","protected":false},"excerpt":{"rendered":"<p>Looking for cheap airline ticket from Marrakech to Rabat\u00a0or last minute deals? Search, compare and book cheap airline ticket from Marrakech (RAK) to Rabat (RBA)\u00a0online now. Book cheap flights from Marrakech to Rabat online and save money on airfare. Rabat is a city rich in culture and history and full of hidden treasures. A big [&hellip;]<\/p>\n","protected":false},"author":1,"featured_media":14041,"parent":0,"menu_order":0,"comment_status":"open","ping_status":"closed","template":"template-home-modern.php","meta":{"footnotes":""},"class_list":["post-11902","page","type-page","status-publish","has-post-thumbnail","hentry"],"yoast_head":"<!-- This site is optimized with the Yoast SEO plugin v27.4 - https:\/\/yoast.com\/product\/yoast-seo-wordpress\/ -->\n<title>Cheap Flights from Marrakech to Rabat - Best Air Taxi<\/title>\n<meta name=\"description\" content=\"Looking for cheap flights from Marrakech to Rabat? Search, compare and book cheap airline ticket from Marrakech to Rabat online\" \/>\n<meta name=\"robots\" content=\"index, follow, max-snippet:-1, max-image-preview:large, max-video-preview:-1\" \/>\n<link rel=\"canonical\" href=\"https:\/\/tiketi.com\/fr-fr\/flights-marrakech-rabat-rak-rba\/\" \/>\n<meta property=\"og:locale\" content=\"fr_FR\" \/>\n<meta property=\"og:type\" content=\"article\" \/>\n<meta property=\"og:title\" content=\"Cheap Flights from Marrakech to Rabat - Best Air Taxi\" \/>\n<meta property=\"og:description\" content=\"Looking for cheap flights from Marrakech to Rabat? Search, compare and book cheap airline ticket from Marrakech to Rabat online\" \/>\n<meta property=\"og:url\" content=\"https:\/\/tiketi.com\/fr-fr\/flights-marrakech-rabat-rak-rba\/\" \/>\n<meta property=\"og:site_name\" content=\"Tiketi.com\" \/>\n<meta property=\"article:publisher\" content=\"https:\/\/www.facebook.com\/TiketiCom\/\" \/>\n<meta property=\"article:modified_time\" content=\"2022-02-09T10:26:40+00:00\" \/>\n<meta property=\"og:image\" content=\"https:\/\/tiketi.com\/wp-content\/uploads\/2022\/01\/flight-ticket-booking-sorasak-KxCJXXGsv9I-unsplas.jpg\" \/>\n\t<meta property=\"og:image:width\" content=\"1200\" \/>\n\t<meta property=\"og:image:height\" content=\"240\" \/>\n\t<meta property=\"og:image:type\" content=\"image\/jpeg\" \/>\n<meta name=\"twitter:card\" content=\"summary_large_image\" \/>\n<meta name=\"twitter:label1\" content=\"Dur\u00e9e de lecture estim\u00e9e\" \/>\n\t<meta name=\"twitter:data1\" content=\"3 minutes\" \/>\n<script type=\"application\/ld+json\" class=\"yoast-schema-graph\">{\"@context\":\"https:\\\/\\\/schema.org\",\"@graph\":[{\"@type\":\"WebPage\",\"@id\":\"https:\\\/\\\/tiketi.com\\\/flights-marrakech-rabat-rak-rba\\\/\",\"url\":\"https:\\\/\\\/tiketi.com\\\/flights-marrakech-rabat-rak-rba\\\/\",\"name\":\"Cheap Flights from Marrakech to Rabat - Best Air Taxi\",\"isPartOf\":{\"@id\":\"https:\\\/\\\/tiketi.com\\\/#website\"},\"primaryImageOfPage\":{\"@id\":\"https:\\\/\\\/tiketi.com\\\/flights-marrakech-rabat-rak-rba\\\/#primaryimage\"},\"image\":{\"@id\":\"https:\\\/\\\/tiketi.com\\\/flights-marrakech-rabat-rak-rba\\\/#primaryimage\"},\"thumbnailUrl\":\"https:\\\/\\\/tiketi.com\\\/wp-content\\\/uploads\\\/2022\\\/01\\\/flight-ticket-booking-sorasak-KxCJXXGsv9I-unsplas.jpg\",\"datePublished\":\"2022-01-19T11:55:21+00:00\",\"dateModified\":\"2022-02-09T10:26:40+00:00\",\"description\":\"Looking for cheap flights from Marrakech to Rabat? Search, compare and book cheap airline ticket from Marrakech to Rabat online\",\"breadcrumb\":{\"@id\":\"https:\\\/\\\/tiketi.com\\\/flights-marrakech-rabat-rak-rba\\\/#breadcrumb\"},\"inLanguage\":\"fr-FR\",\"potentialAction\":[{\"@type\":\"ReadAction\",\"target\":[\"https:\\\/\\\/tiketi.com\\\/flights-marrakech-rabat-rak-rba\\\/\"]}]},{\"@type\":\"ImageObject\",\"inLanguage\":\"fr-FR\",\"@id\":\"https:\\\/\\\/tiketi.com\\\/flights-marrakech-rabat-rak-rba\\\/#primaryimage\",\"url\":\"https:\\\/\\\/tiketi.com\\\/wp-content\\\/uploads\\\/2022\\\/01\\\/flight-ticket-booking-sorasak-KxCJXXGsv9I-unsplas.jpg\",\"contentUrl\":\"https:\\\/\\\/tiketi.com\\\/wp-content\\\/uploads\\\/2022\\\/01\\\/flight-ticket-booking-sorasak-KxCJXXGsv9I-unsplas.jpg\",\"width\":1200,\"height\":240,\"caption\":\"Online flight ticket booking\"},{\"@type\":\"BreadcrumbList\",\"@id\":\"https:\\\/\\\/tiketi.com\\\/flights-marrakech-rabat-rak-rba\\\/#breadcrumb\",\"itemListElement\":[{\"@type\":\"ListItem\",\"position\":1,\"name\":\"Home\",\"item\":\"https:\\\/\\\/tiketi.com\\\/\"},{\"@type\":\"ListItem\",\"position\":2,\"name\":\"Cheap Flights from Marrakech to Rabat &#8211; Best Air Taxi\"}]},{\"@type\":\"WebSite\",\"@id\":\"https:\\\/\\\/tiketi.com\\\/#website\",\"url\":\"https:\\\/\\\/tiketi.com\\\/\",\"name\":\"Flight & Bus Tickets, Tour Packages & Activitites - Tiketi.com\",\"description\":\"Flight &amp; Bus Tickets, Tours, Activitites\",\"publisher\":{\"@id\":\"https:\\\/\\\/tiketi.com\\\/#organization\"},\"potentialAction\":[{\"@type\":\"SearchAction\",\"target\":{\"@type\":\"EntryPoint\",\"urlTemplate\":\"https:\\\/\\\/tiketi.com\\\/?s={search_term_string}\"},\"query-input\":{\"@type\":\"PropertyValueSpecification\",\"valueRequired\":true,\"valueName\":\"search_term_string\"}}],\"inLanguage\":\"fr-FR\"},{\"@type\":\"Organization\",\"@id\":\"https:\\\/\\\/tiketi.com\\\/#organization\",\"name\":\"Tiketi.com\",\"alternateName\":\"Tiketi\",\"url\":\"https:\\\/\\\/tiketi.com\\\/\",\"logo\":{\"@type\":\"ImageObject\",\"inLanguage\":\"fr-FR\",\"@id\":\"https:\\\/\\\/tiketi.com\\\/#\\\/schema\\\/logo\\\/image\\\/\",\"url\":\"https:\\\/\\\/tiketi.com\\\/wp-content\\\/uploads\\\/2019\\\/05\\\/tiketi-logo-696.png\",\"contentUrl\":\"https:\\\/\\\/tiketi.com\\\/wp-content\\\/uploads\\\/2019\\\/05\\\/tiketi-logo-696.png\",\"width\":696,\"height\":696,\"caption\":\"Tiketi.com\"},\"image\":{\"@id\":\"https:\\\/\\\/tiketi.com\\\/#\\\/schema\\\/logo\\\/image\\\/\"},\"sameAs\":[\"https:\\\/\\\/www.facebook.com\\\/TiketiCom\\\/\"]}]}<\/script>\n<!-- \/ Yoast SEO plugin. -->","yoast_head_json":{"title":"Vols pas chers de Marrakech \u00e0 Rabat - Meilleur taxi a\u00e9rien","description":"Vous recherchez des vols \u00e0 bas prix au Marrakech vers Rabat? Recherchez, comparez et r\u00e9servez un billet d&#039;avion pas cher de Marrakech \u00e0 Rabat en ligne","robots":{"index":"index","follow":"follow","max-snippet":"max-snippet:-1","max-image-preview":"max-image-preview:large","max-video-preview":"max-video-preview:-1"},"canonical":"https:\/\/tiketi.com\/fr-fr\/flights-marrakech-rabat-rak-rba\/","og_locale":"fr_FR","og_type":"article","og_title":"Cheap Flights from Marrakech to Rabat - Best Air Taxi","og_description":"Looking for cheap flights from Marrakech to Rabat? Search, compare and book cheap airline ticket from Marrakech to Rabat online","og_url":"https:\/\/tiketi.com\/fr-fr\/flights-marrakech-rabat-rak-rba\/","og_site_name":"Tiketi.com","article_publisher":"https:\/\/www.facebook.com\/TiketiCom\/","article_modified_time":"2022-02-09T10:26:40+00:00","og_image":[{"width":1200,"height":240,"url":"https:\/\/tiketi.com\/wp-content\/uploads\/2022\/01\/flight-ticket-booking-sorasak-KxCJXXGsv9I-unsplas.jpg","type":"image\/jpeg"}],"twitter_card":"summary_large_image","twitter_misc":{"Dur\u00e9e de lecture estim\u00e9e":"3 minutes"},"schema":{"@context":"https:\/\/schema.org","@graph":[{"@type":"WebPage","@id":"https:\/\/tiketi.com\/flights-marrakech-rabat-rak-rba\/","url":"https:\/\/tiketi.com\/flights-marrakech-rabat-rak-rba\/","name":"Vols pas chers de Marrakech \u00e0 Rabat - Meilleur taxi a\u00e9rien","isPartOf":{"@id":"https:\/\/tiketi.com\/#website"},"primaryImageOfPage":{"@id":"https:\/\/tiketi.com\/flights-marrakech-rabat-rak-rba\/#primaryimage"},"image":{"@id":"https:\/\/tiketi.com\/flights-marrakech-rabat-rak-rba\/#primaryimage"},"thumbnailUrl":"https:\/\/tiketi.com\/wp-content\/uploads\/2022\/01\/flight-ticket-booking-sorasak-KxCJXXGsv9I-unsplas.jpg","datePublished":"2022-01-19T11:55:21+00:00","dateModified":"2022-02-09T10:26:40+00:00","description":"Vous recherchez des vols \u00e0 bas prix au Marrakech vers Rabat? Recherchez, comparez et r\u00e9servez un billet d&#039;avion pas cher de Marrakech \u00e0 Rabat en ligne","breadcrumb":{"@id":"https:\/\/tiketi.com\/flights-marrakech-rabat-rak-rba\/#breadcrumb"},"inLanguage":"fr-FR","potentialAction":[{"@type":"ReadAction","target":["https:\/\/tiketi.com\/flights-marrakech-rabat-rak-rba\/"]}]},{"@type":"ImageObject","inLanguage":"fr-FR","@id":"https:\/\/tiketi.com\/flights-marrakech-rabat-rak-rba\/#primaryimage","url":"https:\/\/tiketi.com\/wp-content\/uploads\/2022\/01\/flight-ticket-booking-sorasak-KxCJXXGsv9I-unsplas.jpg","contentUrl":"https:\/\/tiketi.com\/wp-content\/uploads\/2022\/01\/flight-ticket-booking-sorasak-KxCJXXGsv9I-unsplas.jpg","width":1200,"height":240,"caption":"Online flight ticket booking"},{"@type":"BreadcrumbList","@id":"https:\/\/tiketi.com\/flights-marrakech-rabat-rak-rba\/#breadcrumb","itemListElement":[{"@type":"ListItem","position":1,"name":"Home","item":"https:\/\/tiketi.com\/"},{"@type":"ListItem","position":2,"name":"Cheap Flights from Marrakech to Rabat &#8211; Best Air Taxi"}]},{"@type":"WebSite","@id":"https:\/\/tiketi.com\/#website","url":"https:\/\/tiketi.com\/","name":"Billets d&#039;avion et de bus, forfaits touristiques et activit\u00e9s - Tiketi.com","description":"Billets d&#039;avion et de bus, Tours, Activit\u00e9s","publisher":{"@id":"https:\/\/tiketi.com\/#organization"},"potentialAction":[{"@type":"SearchAction","target":{"@type":"EntryPoint","urlTemplate":"https:\/\/tiketi.com\/?s={search_term_string}"},"query-input":{"@type":"PropertyValueSpecification","valueRequired":true,"valueName":"search_term_string"}}],"inLanguage":"fr-FR"},{"@type":"Organization","@id":"https:\/\/tiketi.com\/#organization","name":"Tiketi.com","alternateName":"Tiketi","url":"https:\/\/tiketi.com\/","logo":{"@type":"ImageObject","inLanguage":"fr-FR","@id":"https:\/\/tiketi.com\/#\/schema\/logo\/image\/","url":"https:\/\/tiketi.com\/wp-content\/uploads\/2019\/05\/tiketi-logo-696.png","contentUrl":"https:\/\/tiketi.com\/wp-content\/uploads\/2019\/05\/tiketi-logo-696.png","width":696,"height":696,"caption":"Tiketi.com"},"image":{"@id":"https:\/\/tiketi.com\/#\/schema\/logo\/image\/"},"sameAs":["https:\/\/www.facebook.com\/TiketiCom\/"]}]}},"_links":{"self":[{"href":"https:\/\/tiketi.com\/fr-fr\/wp-json\/wp\/v2\/pages\/11902","targetHints":{"allow":["GET"]}}],"collection":[{"href":"https:\/\/tiketi.com\/fr-fr\/wp-json\/wp\/v2\/pages"}],"about":[{"href":"https:\/\/tiketi.com\/fr-fr\/wp-json\/wp\/v2\/types\/page"}],"author":[{"embeddable":true,"href":"https:\/\/tiketi.com\/fr-fr\/wp-json\/wp\/v2\/users\/1"}],"replies":[{"embeddable":true,"href":"https:\/\/tiketi.com\/fr-fr\/wp-json\/wp\/v2\/comments?post=11902"}],"version-history":[{"count":0,"href":"https:\/\/tiketi.com\/fr-fr\/wp-json\/wp\/v2\/pages\/11902\/revisions"}],"wp:featuredmedia":[{"embeddable":true,"href":"https:\/\/tiketi.com\/fr-fr\/wp-json\/wp\/v2\/media\/14041"}],"wp:attachment":[{"href":"https:\/\/tiketi.com\/fr-fr\/wp-json\/wp\/v2\/media?parent=11902"}],"curies":[{"name":"wp","href":"https:\/\/api.w.org\/{rel}","templated":true}]}}