{"id":11903,"date":"2022-01-19T12:55:21","date_gmt":"2022-01-19T11:55:21","guid":{"rendered":"https:\/\/new.tiketi.com\/cheap-flights-from-marrakech-to-agadir-best-air-taxi\/"},"modified":"2022-02-09T11:19:32","modified_gmt":"2022-02-09T10:19:32","slug":"flights-marrakech-agadir-rak-aga","status":"publish","type":"page","link":"https:\/\/tiketi.com\/fr-fr\/flights-marrakech-agadir-rak-aga\/","title":{"rendered":"Vols pas chers de Marrakech \u00e0 Agadir \u2013 Meilleur taxi a\u00e9rien"},"content":{"rendered":"<h2>Vous cherchez un billet d&#039;avion pas cher de Marrakech \u00e0 Agadir ou des offres de derni\u00e8re minute ?<\/h2>\n<h3>Cherchez, comparez et r\u00e9servez un billet d&#039;avion pas cher de Marrakech (RAK) \u00e0 Agadir (AGA)<span style=\"font-size: 16px;\">\u00a0<\/span>maintenant en ligne.<\/h3>\n<p>R\u00e9servez des vols pas chers de Marrakech \u00e0 Agadir en ligne et \u00e9conomisez de l&#039;argent sur les billets d&#039;avion. Agadir est une ville du Maroc situ\u00e9e dans la r\u00e9gion de Souss-Massa, au pied des montagnes de l&#039;Atlas. La population d&#039;Agadir en 2013 est de 600 000 habitants, ce qui la classe au 8\u00e8me rang des villes les plus peupl\u00e9es du Maroc. Alors trouvez et comparez les billets d&#039;avion de Marrakech \u00e0 Agadir et r\u00e9servez en ligne d\u00e8s maintenant des offres exceptionnelles sur les taxis a\u00e9riens bon march\u00e9 de Marrakech \u00e0 Agadir.<\/p>\n<h2>Voici quelques-unes des meilleures attractions d\u2019Agadir<\/h2>\n<h3>Plage d&#039;Agadir<\/h3>\n<p>Une excellente fa\u00e7on de profiter d\u2019Agadir est de visiter les plus belles plages des environs, dont la plage d\u2019Agadir. La plage est \u00e9galement id\u00e9ale pour le surf. \u00c9loignez-vous de la ville et profitez de l\u2019atmosph\u00e8re relaxante de cette plage.<\/p>\n<h3>Plage de Taghazout<\/h3>\n<p>L&#039;une des plus belles plages d&#039;Agadir est la plage de Taghazout. Cette plage a un sable extr\u00eamement fin et constitue \u00e9galement le meilleur endroit pour bronzer. C&#039;est aussi un endroit remarquable pour se promener en admirant les arganiers sur les montagnes et d\u00e9jeuner au terrain de golf car il n&#039;est pas trop loin de la plage.<\/p>\n<h3>Marina D&#039;Agadir<\/h3>\n<p>Explorez les environs de Marina Agadir pour trouver des boulangeries et des caf\u00e9s aux alentours. On y trouve des vantardises extr\u00eamement modestes avec une vue parfaite sur la colline d&#039;Agadir. C&#039;est certainement le meilleur endroit pour faire une randonn\u00e9e tout en explorant les merveilles d&#039;Agadir. C&#039;est un endroit merveilleux pour un repas l\u00e9ger ou quelque chose de sucr\u00e9.<\/p>\n<h3>La Grande Roue Agadir<\/h3>\n<p>Il s&#039;agit d&#039;une grande roue plac\u00e9e pr\u00e8s de la plage. Monter sur la grande roue vous permettra d&#039;avoir une meilleure vue sur la plage et les lieux environnants.<\/p>\n<h2>FAQ sur les vols pas chers de Marrakech \u00e0 Agadir<\/h2>\n<h3>Combien de vols directs Marrakech-Agadir sont propos\u00e9s ?<\/h3>\n<p>Il n\u2019y a aucun vol direct de Marrakech \u00e0 Agadir.<\/p>\n<h3>Meilleur moment pour r\u00e9server un billet d&#039;avion de Marrakech \u00e0 Agadir<\/h3>\n<p>En g\u00e9n\u00e9ral, le meilleur moment pour r\u00e9server un billet d&#039;avion de Marrakech \u00e0 Agadir est de 2 mois \u00e0 l&#039;avance. Et les jours abordables pour voler sont le mercredi, le mardi et le samedi. Le dimanche est le plus cher.<\/p>\n<h3>Quelles sont les compagnies a\u00e9riennes les plus connues qui proposent des vols de Marrakech \u00e0 Agadir ?<\/h3>\n<p>Transavia Airlines, Luxair et Thomas Cook Airlines sont les compagnies a\u00e9riennes les plus connues \u00e0 r\u00e9server.<\/p>\n<h3>Quelle est la dur\u00e9e moyenne d&#039;un vol Marrakech - Agadir ?<\/h3>\n<p>Quarante minutes est la dur\u00e9e moyenne d\u2019un vol entre Marrakech et Agadir.<\/p>\n<h2>Conseils pour un taxi a\u00e9rien pas cher de Marrakech \u00e0 Agadir<\/h2>\n<p>\u2022 Taxi a\u00e9rien de Marrakech \u00e0 Agadir : 124 miles.<\/p>\n<p>\u2022 Il y a trois vols hebdomadaires de Marrakech \u00e0 Agadir.<\/p>\n<p>\u2022 TUI fly propose le plus de vols sans escale entre Marrakech et Agadir.<\/p>\n<p>\u2022 Casablanca, Maroc \u2013 Mohammad V est la liaison la plus c\u00e9l\u00e8bre pour les vols \u00e0 escale entre Agadir, Maroc et Marrakech.<\/p>\n<p>\u2022 La plupart des vols directs les moins chers de Marrakech \u00e0 Agadir partent vers 18h40 WET.<\/p>","protected":false},"excerpt":{"rendered":"<p>Looking for cheap airline ticket from Marrakech to Agadir\u00a0or last minute deals? Search, compare and book cheap airline ticket from Marrakech (RAK) to Agadir (AGA)\u00a0online now. Book cheap flights from Marrakech to Agadir online and save money on airfare. Agadir is a city in Morocco in the area of Souss-Massa near the foot of the [&hellip;]<\/p>\n","protected":false},"author":1,"featured_media":14041,"parent":0,"menu_order":0,"comment_status":"open","ping_status":"closed","template":"template-home-modern.php","meta":{"footnotes":""},"class_list":["post-11903","page","type-page","status-publish","has-post-thumbnail","hentry"],"yoast_head":"<!-- This site is optimized with the Yoast SEO plugin v27.4 - https:\/\/yoast.com\/product\/yoast-seo-wordpress\/ -->\n<title>Cheap Flights from Marrakech to Agadir - Best Air Taxi<\/title>\n<meta name=\"description\" content=\"Looking for cheap flights from Kilimanjaro to Arusha? Search, compare and book cheap airline ticket from Kilimanjaro to Arusha online\" \/>\n<meta name=\"robots\" content=\"index, follow, max-snippet:-1, max-image-preview:large, max-video-preview:-1\" \/>\n<link rel=\"canonical\" href=\"https:\/\/tiketi.com\/fr-fr\/flights-marrakech-agadir-rak-aga\/\" \/>\n<meta property=\"og:locale\" content=\"fr_FR\" \/>\n<meta property=\"og:type\" content=\"article\" \/>\n<meta property=\"og:title\" content=\"Cheap Flights from Marrakech to Agadir - Best Air Taxi\" \/>\n<meta property=\"og:description\" content=\"Looking for cheap flights from Kilimanjaro to Arusha? Search, compare and book cheap airline ticket from Kilimanjaro to Arusha online\" \/>\n<meta property=\"og:url\" content=\"https:\/\/tiketi.com\/fr-fr\/flights-marrakech-agadir-rak-aga\/\" \/>\n<meta property=\"og:site_name\" content=\"Tiketi.com\" \/>\n<meta property=\"article:publisher\" content=\"https:\/\/www.facebook.com\/TiketiCom\/\" \/>\n<meta property=\"article:modified_time\" content=\"2022-02-09T10:19:32+00:00\" \/>\n<meta property=\"og:image\" content=\"https:\/\/tiketi.com\/wp-content\/uploads\/2022\/01\/flight-ticket-booking-sorasak-KxCJXXGsv9I-unsplas.jpg\" \/>\n\t<meta property=\"og:image:width\" content=\"1200\" \/>\n\t<meta property=\"og:image:height\" content=\"240\" \/>\n\t<meta property=\"og:image:type\" content=\"image\/jpeg\" \/>\n<meta name=\"twitter:card\" content=\"summary_large_image\" \/>\n<meta name=\"twitter:label1\" content=\"Dur\u00e9e de lecture estim\u00e9e\" \/>\n\t<meta name=\"twitter:data1\" content=\"3 minutes\" \/>\n<script type=\"application\/ld+json\" class=\"yoast-schema-graph\">{\"@context\":\"https:\\\/\\\/schema.org\",\"@graph\":[{\"@type\":\"WebPage\",\"@id\":\"https:\\\/\\\/tiketi.com\\\/flights-marrakech-agadir-rak-aga\\\/\",\"url\":\"https:\\\/\\\/tiketi.com\\\/flights-marrakech-agadir-rak-aga\\\/\",\"name\":\"Cheap Flights from Marrakech to Agadir - Best Air Taxi\",\"isPartOf\":{\"@id\":\"https:\\\/\\\/tiketi.com\\\/#website\"},\"primaryImageOfPage\":{\"@id\":\"https:\\\/\\\/tiketi.com\\\/flights-marrakech-agadir-rak-aga\\\/#primaryimage\"},\"image\":{\"@id\":\"https:\\\/\\\/tiketi.com\\\/flights-marrakech-agadir-rak-aga\\\/#primaryimage\"},\"thumbnailUrl\":\"https:\\\/\\\/tiketi.com\\\/wp-content\\\/uploads\\\/2022\\\/01\\\/flight-ticket-booking-sorasak-KxCJXXGsv9I-unsplas.jpg\",\"datePublished\":\"2022-01-19T11:55:21+00:00\",\"dateModified\":\"2022-02-09T10:19:32+00:00\",\"description\":\"Looking for cheap flights from Kilimanjaro to Arusha? Search, compare and book cheap airline ticket from Kilimanjaro to Arusha online\",\"breadcrumb\":{\"@id\":\"https:\\\/\\\/tiketi.com\\\/flights-marrakech-agadir-rak-aga\\\/#breadcrumb\"},\"inLanguage\":\"fr-FR\",\"potentialAction\":[{\"@type\":\"ReadAction\",\"target\":[\"https:\\\/\\\/tiketi.com\\\/flights-marrakech-agadir-rak-aga\\\/\"]}]},{\"@type\":\"ImageObject\",\"inLanguage\":\"fr-FR\",\"@id\":\"https:\\\/\\\/tiketi.com\\\/flights-marrakech-agadir-rak-aga\\\/#primaryimage\",\"url\":\"https:\\\/\\\/tiketi.com\\\/wp-content\\\/uploads\\\/2022\\\/01\\\/flight-ticket-booking-sorasak-KxCJXXGsv9I-unsplas.jpg\",\"contentUrl\":\"https:\\\/\\\/tiketi.com\\\/wp-content\\\/uploads\\\/2022\\\/01\\\/flight-ticket-booking-sorasak-KxCJXXGsv9I-unsplas.jpg\",\"width\":1200,\"height\":240,\"caption\":\"Online flight ticket booking\"},{\"@type\":\"BreadcrumbList\",\"@id\":\"https:\\\/\\\/tiketi.com\\\/flights-marrakech-agadir-rak-aga\\\/#breadcrumb\",\"itemListElement\":[{\"@type\":\"ListItem\",\"position\":1,\"name\":\"Home\",\"item\":\"https:\\\/\\\/tiketi.com\\\/\"},{\"@type\":\"ListItem\",\"position\":2,\"name\":\"Cheap Flights from Marrakech to Agadir &#8211; Best Air Taxi\"}]},{\"@type\":\"WebSite\",\"@id\":\"https:\\\/\\\/tiketi.com\\\/#website\",\"url\":\"https:\\\/\\\/tiketi.com\\\/\",\"name\":\"Flight & Bus Tickets, Tour Packages & Activitites - Tiketi.com\",\"description\":\"Flight &amp; Bus Tickets, Tours, Activitites\",\"publisher\":{\"@id\":\"https:\\\/\\\/tiketi.com\\\/#organization\"},\"potentialAction\":[{\"@type\":\"SearchAction\",\"target\":{\"@type\":\"EntryPoint\",\"urlTemplate\":\"https:\\\/\\\/tiketi.com\\\/?s={search_term_string}\"},\"query-input\":{\"@type\":\"PropertyValueSpecification\",\"valueRequired\":true,\"valueName\":\"search_term_string\"}}],\"inLanguage\":\"fr-FR\"},{\"@type\":\"Organization\",\"@id\":\"https:\\\/\\\/tiketi.com\\\/#organization\",\"name\":\"Tiketi.com\",\"alternateName\":\"Tiketi\",\"url\":\"https:\\\/\\\/tiketi.com\\\/\",\"logo\":{\"@type\":\"ImageObject\",\"inLanguage\":\"fr-FR\",\"@id\":\"https:\\\/\\\/tiketi.com\\\/#\\\/schema\\\/logo\\\/image\\\/\",\"url\":\"https:\\\/\\\/tiketi.com\\\/wp-content\\\/uploads\\\/2019\\\/05\\\/tiketi-logo-696.png\",\"contentUrl\":\"https:\\\/\\\/tiketi.com\\\/wp-content\\\/uploads\\\/2019\\\/05\\\/tiketi-logo-696.png\",\"width\":696,\"height\":696,\"caption\":\"Tiketi.com\"},\"image\":{\"@id\":\"https:\\\/\\\/tiketi.com\\\/#\\\/schema\\\/logo\\\/image\\\/\"},\"sameAs\":[\"https:\\\/\\\/www.facebook.com\\\/TiketiCom\\\/\"]}]}<\/script>\n<!-- \/ Yoast SEO plugin. -->","yoast_head_json":{"title":"Vols pas chers de Marrakech \u00e0 Agadir - Meilleur taxi a\u00e9rien","description":"Vous recherchez des vols \u00e0 bas prix au Kilimandjaro vers Arusha? Recherchez, comparez et r\u00e9servez un billet d&#039;avion pas cher de Kilimandjaro \u00e0 Arusha en ligne","robots":{"index":"index","follow":"follow","max-snippet":"max-snippet:-1","max-image-preview":"max-image-preview:large","max-video-preview":"max-video-preview:-1"},"canonical":"https:\/\/tiketi.com\/fr-fr\/flights-marrakech-agadir-rak-aga\/","og_locale":"fr_FR","og_type":"article","og_title":"Cheap Flights from Marrakech to Agadir - Best Air Taxi","og_description":"Looking for cheap flights from Kilimanjaro to Arusha? Search, compare and book cheap airline ticket from Kilimanjaro to Arusha online","og_url":"https:\/\/tiketi.com\/fr-fr\/flights-marrakech-agadir-rak-aga\/","og_site_name":"Tiketi.com","article_publisher":"https:\/\/www.facebook.com\/TiketiCom\/","article_modified_time":"2022-02-09T10:19:32+00:00","og_image":[{"width":1200,"height":240,"url":"https:\/\/tiketi.com\/wp-content\/uploads\/2022\/01\/flight-ticket-booking-sorasak-KxCJXXGsv9I-unsplas.jpg","type":"image\/jpeg"}],"twitter_card":"summary_large_image","twitter_misc":{"Dur\u00e9e de lecture estim\u00e9e":"3 minutes"},"schema":{"@context":"https:\/\/schema.org","@graph":[{"@type":"WebPage","@id":"https:\/\/tiketi.com\/flights-marrakech-agadir-rak-aga\/","url":"https:\/\/tiketi.com\/flights-marrakech-agadir-rak-aga\/","name":"Vols pas chers de Marrakech \u00e0 Agadir - Meilleur taxi a\u00e9rien","isPartOf":{"@id":"https:\/\/tiketi.com\/#website"},"primaryImageOfPage":{"@id":"https:\/\/tiketi.com\/flights-marrakech-agadir-rak-aga\/#primaryimage"},"image":{"@id":"https:\/\/tiketi.com\/flights-marrakech-agadir-rak-aga\/#primaryimage"},"thumbnailUrl":"https:\/\/tiketi.com\/wp-content\/uploads\/2022\/01\/flight-ticket-booking-sorasak-KxCJXXGsv9I-unsplas.jpg","datePublished":"2022-01-19T11:55:21+00:00","dateModified":"2022-02-09T10:19:32+00:00","description":"Vous recherchez des vols \u00e0 bas prix au Kilimandjaro vers Arusha? Recherchez, comparez et r\u00e9servez un billet d&#039;avion pas cher de Kilimandjaro \u00e0 Arusha en ligne","breadcrumb":{"@id":"https:\/\/tiketi.com\/flights-marrakech-agadir-rak-aga\/#breadcrumb"},"inLanguage":"fr-FR","potentialAction":[{"@type":"ReadAction","target":["https:\/\/tiketi.com\/flights-marrakech-agadir-rak-aga\/"]}]},{"@type":"ImageObject","inLanguage":"fr-FR","@id":"https:\/\/tiketi.com\/flights-marrakech-agadir-rak-aga\/#primaryimage","url":"https:\/\/tiketi.com\/wp-content\/uploads\/2022\/01\/flight-ticket-booking-sorasak-KxCJXXGsv9I-unsplas.jpg","contentUrl":"https:\/\/tiketi.com\/wp-content\/uploads\/2022\/01\/flight-ticket-booking-sorasak-KxCJXXGsv9I-unsplas.jpg","width":1200,"height":240,"caption":"Online flight ticket booking"},{"@type":"BreadcrumbList","@id":"https:\/\/tiketi.com\/flights-marrakech-agadir-rak-aga\/#breadcrumb","itemListElement":[{"@type":"ListItem","position":1,"name":"Home","item":"https:\/\/tiketi.com\/"},{"@type":"ListItem","position":2,"name":"Cheap Flights from Marrakech to Agadir &#8211; Best Air Taxi"}]},{"@type":"WebSite","@id":"https:\/\/tiketi.com\/#website","url":"https:\/\/tiketi.com\/","name":"Billets d&#039;avion et de bus, forfaits touristiques et activit\u00e9s - Tiketi.com","description":"Billets d&#039;avion et de bus, Tours, Activit\u00e9s","publisher":{"@id":"https:\/\/tiketi.com\/#organization"},"potentialAction":[{"@type":"SearchAction","target":{"@type":"EntryPoint","urlTemplate":"https:\/\/tiketi.com\/?s={search_term_string}"},"query-input":{"@type":"PropertyValueSpecification","valueRequired":true,"valueName":"search_term_string"}}],"inLanguage":"fr-FR"},{"@type":"Organization","@id":"https:\/\/tiketi.com\/#organization","name":"Tiketi.com","alternateName":"Tiketi","url":"https:\/\/tiketi.com\/","logo":{"@type":"ImageObject","inLanguage":"fr-FR","@id":"https:\/\/tiketi.com\/#\/schema\/logo\/image\/","url":"https:\/\/tiketi.com\/wp-content\/uploads\/2019\/05\/tiketi-logo-696.png","contentUrl":"https:\/\/tiketi.com\/wp-content\/uploads\/2019\/05\/tiketi-logo-696.png","width":696,"height":696,"caption":"Tiketi.com"},"image":{"@id":"https:\/\/tiketi.com\/#\/schema\/logo\/image\/"},"sameAs":["https:\/\/www.facebook.com\/TiketiCom\/"]}]}},"_links":{"self":[{"href":"https:\/\/tiketi.com\/fr-fr\/wp-json\/wp\/v2\/pages\/11903","targetHints":{"allow":["GET"]}}],"collection":[{"href":"https:\/\/tiketi.com\/fr-fr\/wp-json\/wp\/v2\/pages"}],"about":[{"href":"https:\/\/tiketi.com\/fr-fr\/wp-json\/wp\/v2\/types\/page"}],"author":[{"embeddable":true,"href":"https:\/\/tiketi.com\/fr-fr\/wp-json\/wp\/v2\/users\/1"}],"replies":[{"embeddable":true,"href":"https:\/\/tiketi.com\/fr-fr\/wp-json\/wp\/v2\/comments?post=11903"}],"version-history":[{"count":0,"href":"https:\/\/tiketi.com\/fr-fr\/wp-json\/wp\/v2\/pages\/11903\/revisions"}],"wp:featuredmedia":[{"embeddable":true,"href":"https:\/\/tiketi.com\/fr-fr\/wp-json\/wp\/v2\/media\/14041"}],"wp:attachment":[{"href":"https:\/\/tiketi.com\/fr-fr\/wp-json\/wp\/v2\/media?parent=11903"}],"curies":[{"name":"wp","href":"https:\/\/api.w.org\/{rel}","templated":true}]}}