{"id":11904,"date":"2022-01-19T12:55:21","date_gmt":"2022-01-19T11:55:21","guid":{"rendered":"https:\/\/new.tiketi.com\/cheap-flights-from-lagos-to-ibadan\/"},"modified":"2022-02-08T18:02:27","modified_gmt":"2022-02-08T17:02:27","slug":"flights-lagos-ibadan-los-iba","status":"publish","type":"page","link":"https:\/\/tiketi.com\/fr-fr\/flights-lagos-ibadan-los-iba\/","title":{"rendered":"Vols pas chers de Lagos \u00e0 Ibadan"},"content":{"rendered":"<h2>Vous cherchez un billet d&#039;avion pas cher \u00e0 partir de Lagos \u00e0 Ibadan ou des offres de derni\u00e8re minute ?<\/h2>\n<h3>Recherchez, comparez et r\u00e9servez d\u00e8s maintenant un billet d&#039;avion pas cher de Lagos (LOS) \u00e0 Ibadan (IBA).<\/h3>\n<p>R\u00e9servez des vols pas chers de Lagos \u00e0 Ibadan en ligne et \u00e9conomisez de l&#039;argent sur les billets d&#039;avion. Ville du sud-ouest du Nigeria, lbadan est la capitale de l&#039;\u00c9tat d&#039;Oyo et la troisi\u00e8me plus grande zone m\u00e9tropolitaine, en termes de population, du Nigeria, apr\u00e8s Kano et Lagos. C&#039;est \u00e9galement la ville la plus grande et la plus peupl\u00e9e du pays et la 3\u00e8me d&#039;Afrique apr\u00e8s Johannesburg et Le Caire. Visitez Londres gr\u00e2ce \u00e0 des offres exceptionnelles sur les billets d&#039;avion de Lagos \u00e0 Ibadan et volez des vols de Lagos \u00e0 Ibadan \u00e0 bas prix.<\/p>\n<h2>Voici quelques-unes des meilleures attractions de Lbadan<\/h2>\n<h3>Salle comm\u00e9morative Bowers<\/h3>\n<p>Tour de plus de soixante pieds de haut situ\u00e9e au sommet de la colline d&#039;Oke Are dans la r\u00e9gion de Lgbo Agala \u00e0 Lbadan, la tour Bowers est le plus haut sommet de la ville et compte environ quarante-sept escaliers en colima\u00e7on. Ce n&#039;est pas seulement ancien mais sp\u00e9cial car il offre une vue magnifique sur toute la ville depuis le sommet.<\/p>\n<h3>Jardins d&#039;Agodi<\/h3>\n<p>Le plus c\u00e9l\u00e8bre des 6 parcs de la ville, Agodi Garden est un magnifique parc qui s&#039;\u00e9tend sur treize acres de terrain. C&#039;est un joli parc en plein c\u0153ur de la ville d&#039;Ibadan. La plupart des visiteurs inondent l&#039;endroit pour diff\u00e9rentes formes de loisirs et de divertissement.<\/p>\n<h3>Maison de cacao<\/h3>\n<p>Il \u00e9tait autrefois connu comme le plus haut b\u00e2timent d\u2019Afrique tropicale. La Maison du cacao a \u00e9t\u00e9 cr\u00e9\u00e9e gr\u00e2ce aux recettes de l&#039;exportation et du commerce du cacao.<\/p>\n<h3>Zoo de l&#039;Universit\u00e9 de Lbadan<\/h3>\n<p>Le jardin zoologique et l&#039;universit\u00e9 du parc naturel d&#039;Ibadan font partie du d\u00e9partement de zoologie de l&#039;universit\u00e9 d&#039;Ibadan. Il existe une large gamme d&#039;animaux allant des mammif\u00e8res aux amphibiens, en passant par les reptiles et les oiseaux, accessibles au zoo.<\/p>\n<h2>FAQ sur les vols pas chers de Lagos \u00e0 Ibadan<\/h2>\n<h3>Quelle est la meilleure p\u00e9riode pour r\u00e9server un billet d&#039;avion de Lagos \u00e0 Ibadan ?<\/h3>\n<p>Les meilleurs moments pour r\u00e9server un billet d&#039;avion de Lagos \u00e0 Ibadan sont g\u00e9n\u00e9ralement le mercredi ou le mardi. \u00c9vitez de r\u00e9server des vols bon march\u00e9 de Lagos \u00e0 Ibadan le samedi et le vendredi, car les prix des vols ont tendance \u00e0 changer pendant ces jours-l\u00e0.<\/p>\n<h3>Comment trouver des vols de Lagos \u00e0 Ibadan ?<\/h3>\n<p>Soyez ouvert et flexible pour voyager pendant les heures creuses, comme en milieu de semaine et plus tard le soir ou t\u00f4t le matin. Les vols entre Lagos et Ibadan sont probablement abordables pendant ces p\u00e9riodes, car les vols les moins chers de Lagos \u00e0 Ibadan sont g\u00e9n\u00e9ralement en dehors des heures de pointe.<\/p>\n<h3>Combien de temps \u00e0 l&#039;avance dois-je r\u00e9server un vol de Lagos \u00e0 Ibadan ?<\/h3>\n<p>Nous vous conseillons de r\u00e9server vos vols de Lagos \u00e0 Ibadan environ 7 \u00e0 12 semaines \u00e0 l&#039;avance pour \u00e9conomiser le plus d&#039;argent.<\/p>\n<h2>Conseils de vol de Lagos \u00e0 Ibadan<\/h2>\n<p>\u2022 L&#039;a\u00e9roport le plus proche de Lagos est l&#039;a\u00e9roport Murtala Muhammed et l&#039;a\u00e9roport le plus proche d&#039;Ibadan est l&#039;a\u00e9roport d&#039;Ibadan.<\/p>\n<p>\u2022 La distance entre Lagos et Ibadan est d&#039;environ 120 kilom\u00e8tres.<\/p>","protected":false},"excerpt":{"rendered":"<p>Looking for cheap airline ticket from Lagos to Ibadan\u00a0or last minute deals? Search, compare and book cheap airline ticket from Lagos (LOS) to Ibadan (IBA) online now. Book cheap flights from Lagos to Ibadan online and save money on airfare. A city in the south-western part of Nigeria, lbadan is the Oyo state capital city [&hellip;]<\/p>\n","protected":false},"author":1,"featured_media":14041,"parent":0,"menu_order":0,"comment_status":"open","ping_status":"closed","template":"template-home-modern.php","meta":{"footnotes":""},"class_list":["post-11904","page","type-page","status-publish","has-post-thumbnail","hentry"],"yoast_head":"<!-- This site is optimized with the Yoast SEO plugin v27.3 - https:\/\/yoast.com\/product\/yoast-seo-wordpress\/ -->\n<title>Cheap Flights From Lagos to Ibadan<\/title>\n<meta name=\"description\" content=\"Looking for cheap flights from\u00a0Lagos to Ibadan? Search, compare and book cheap airline ticket from Lagos to Ibadan online\" \/>\n<meta name=\"robots\" content=\"index, follow, max-snippet:-1, max-image-preview:large, max-video-preview:-1\" \/>\n<link rel=\"canonical\" href=\"https:\/\/tiketi.com\/fr-fr\/flights-lagos-ibadan-los-iba\/\" \/>\n<meta property=\"og:locale\" content=\"fr_FR\" \/>\n<meta property=\"og:type\" content=\"article\" \/>\n<meta property=\"og:title\" content=\"Cheap Flights From Lagos to Ibadan\" \/>\n<meta property=\"og:description\" content=\"Looking for cheap flights from\u00a0Lagos to Ibadan? Search, compare and book cheap airline ticket from Lagos to Ibadan online\" \/>\n<meta property=\"og:url\" content=\"https:\/\/tiketi.com\/fr-fr\/flights-lagos-ibadan-los-iba\/\" \/>\n<meta property=\"og:site_name\" content=\"Tiketi.com\" \/>\n<meta property=\"article:publisher\" content=\"https:\/\/www.facebook.com\/TiketiCom\/\" \/>\n<meta property=\"article:modified_time\" content=\"2022-02-08T17:02:27+00:00\" \/>\n<meta property=\"og:image\" content=\"https:\/\/tiketi.com\/wp-content\/uploads\/2022\/01\/flight-ticket-booking-sorasak-KxCJXXGsv9I-unsplas.jpg\" \/>\n\t<meta property=\"og:image:width\" content=\"1200\" \/>\n\t<meta property=\"og:image:height\" content=\"240\" \/>\n\t<meta property=\"og:image:type\" content=\"image\/jpeg\" \/>\n<meta name=\"twitter:card\" content=\"summary_large_image\" \/>\n<meta name=\"twitter:label1\" content=\"Dur\u00e9e de lecture estim\u00e9e\" \/>\n\t<meta name=\"twitter:data1\" content=\"3 minutes\" \/>\n<script type=\"application\/ld+json\" class=\"yoast-schema-graph\">{\"@context\":\"https:\\\/\\\/schema.org\",\"@graph\":[{\"@type\":\"WebPage\",\"@id\":\"https:\\\/\\\/tiketi.com\\\/flights-lagos-ibadan-los-iba\\\/\",\"url\":\"https:\\\/\\\/tiketi.com\\\/flights-lagos-ibadan-los-iba\\\/\",\"name\":\"Cheap Flights From Lagos to Ibadan\",\"isPartOf\":{\"@id\":\"https:\\\/\\\/tiketi.com\\\/#website\"},\"primaryImageOfPage\":{\"@id\":\"https:\\\/\\\/tiketi.com\\\/flights-lagos-ibadan-los-iba\\\/#primaryimage\"},\"image\":{\"@id\":\"https:\\\/\\\/tiketi.com\\\/flights-lagos-ibadan-los-iba\\\/#primaryimage\"},\"thumbnailUrl\":\"https:\\\/\\\/tiketi.com\\\/wp-content\\\/uploads\\\/2022\\\/01\\\/flight-ticket-booking-sorasak-KxCJXXGsv9I-unsplas.jpg\",\"datePublished\":\"2022-01-19T11:55:21+00:00\",\"dateModified\":\"2022-02-08T17:02:27+00:00\",\"description\":\"Looking for cheap flights from\u00a0Lagos to Ibadan? Search, compare and book cheap airline ticket from Lagos to Ibadan online\",\"breadcrumb\":{\"@id\":\"https:\\\/\\\/tiketi.com\\\/flights-lagos-ibadan-los-iba\\\/#breadcrumb\"},\"inLanguage\":\"fr-FR\",\"potentialAction\":[{\"@type\":\"ReadAction\",\"target\":[\"https:\\\/\\\/tiketi.com\\\/flights-lagos-ibadan-los-iba\\\/\"]}]},{\"@type\":\"ImageObject\",\"inLanguage\":\"fr-FR\",\"@id\":\"https:\\\/\\\/tiketi.com\\\/flights-lagos-ibadan-los-iba\\\/#primaryimage\",\"url\":\"https:\\\/\\\/tiketi.com\\\/wp-content\\\/uploads\\\/2022\\\/01\\\/flight-ticket-booking-sorasak-KxCJXXGsv9I-unsplas.jpg\",\"contentUrl\":\"https:\\\/\\\/tiketi.com\\\/wp-content\\\/uploads\\\/2022\\\/01\\\/flight-ticket-booking-sorasak-KxCJXXGsv9I-unsplas.jpg\",\"width\":1200,\"height\":240,\"caption\":\"Online flight ticket booking\"},{\"@type\":\"BreadcrumbList\",\"@id\":\"https:\\\/\\\/tiketi.com\\\/flights-lagos-ibadan-los-iba\\\/#breadcrumb\",\"itemListElement\":[{\"@type\":\"ListItem\",\"position\":1,\"name\":\"Home\",\"item\":\"https:\\\/\\\/tiketi.com\\\/\"},{\"@type\":\"ListItem\",\"position\":2,\"name\":\"Cheap Flights From Lagos to Ibadan\"}]},{\"@type\":\"WebSite\",\"@id\":\"https:\\\/\\\/tiketi.com\\\/#website\",\"url\":\"https:\\\/\\\/tiketi.com\\\/\",\"name\":\"Flight & Bus Tickets, Tour Packages & Activitites - Tiketi.com\",\"description\":\"Flight &amp; Bus Tickets, Tours, Activitites\",\"publisher\":{\"@id\":\"https:\\\/\\\/tiketi.com\\\/#organization\"},\"potentialAction\":[{\"@type\":\"SearchAction\",\"target\":{\"@type\":\"EntryPoint\",\"urlTemplate\":\"https:\\\/\\\/tiketi.com\\\/?s={search_term_string}\"},\"query-input\":{\"@type\":\"PropertyValueSpecification\",\"valueRequired\":true,\"valueName\":\"search_term_string\"}}],\"inLanguage\":\"fr-FR\"},{\"@type\":\"Organization\",\"@id\":\"https:\\\/\\\/tiketi.com\\\/#organization\",\"name\":\"Tiketi.com\",\"alternateName\":\"Tiketi\",\"url\":\"https:\\\/\\\/tiketi.com\\\/\",\"logo\":{\"@type\":\"ImageObject\",\"inLanguage\":\"fr-FR\",\"@id\":\"https:\\\/\\\/tiketi.com\\\/#\\\/schema\\\/logo\\\/image\\\/\",\"url\":\"https:\\\/\\\/tiketi.com\\\/wp-content\\\/uploads\\\/2019\\\/05\\\/tiketi-logo-696.png\",\"contentUrl\":\"https:\\\/\\\/tiketi.com\\\/wp-content\\\/uploads\\\/2019\\\/05\\\/tiketi-logo-696.png\",\"width\":696,\"height\":696,\"caption\":\"Tiketi.com\"},\"image\":{\"@id\":\"https:\\\/\\\/tiketi.com\\\/#\\\/schema\\\/logo\\\/image\\\/\"},\"sameAs\":[\"https:\\\/\\\/www.facebook.com\\\/TiketiCom\\\/\"]}]}<\/script>\n<!-- \/ Yoast SEO plugin. -->","yoast_head_json":{"title":"Vols pas chers de Lagos \u00e0 Ibadan","description":"Vous recherchez des vols \u00e0 bas prix au Lagos vers Ibadan? Recherchez, comparez et r\u00e9servez un billet d&#039;avion pas cher de Lagos \u00e0 Ibadan en ligne","robots":{"index":"index","follow":"follow","max-snippet":"max-snippet:-1","max-image-preview":"max-image-preview:large","max-video-preview":"max-video-preview:-1"},"canonical":"https:\/\/tiketi.com\/fr-fr\/flights-lagos-ibadan-los-iba\/","og_locale":"fr_FR","og_type":"article","og_title":"Cheap Flights From Lagos to Ibadan","og_description":"Looking for cheap flights from\u00a0Lagos to Ibadan? Search, compare and book cheap airline ticket from Lagos to Ibadan online","og_url":"https:\/\/tiketi.com\/fr-fr\/flights-lagos-ibadan-los-iba\/","og_site_name":"Tiketi.com","article_publisher":"https:\/\/www.facebook.com\/TiketiCom\/","article_modified_time":"2022-02-08T17:02:27+00:00","og_image":[{"width":1200,"height":240,"url":"https:\/\/tiketi.com\/wp-content\/uploads\/2022\/01\/flight-ticket-booking-sorasak-KxCJXXGsv9I-unsplas.jpg","type":"image\/jpeg"}],"twitter_card":"summary_large_image","twitter_misc":{"Dur\u00e9e de lecture estim\u00e9e":"3 minutes"},"schema":{"@context":"https:\/\/schema.org","@graph":[{"@type":"WebPage","@id":"https:\/\/tiketi.com\/flights-lagos-ibadan-los-iba\/","url":"https:\/\/tiketi.com\/flights-lagos-ibadan-los-iba\/","name":"Vols pas chers de Lagos \u00e0 Ibadan","isPartOf":{"@id":"https:\/\/tiketi.com\/#website"},"primaryImageOfPage":{"@id":"https:\/\/tiketi.com\/flights-lagos-ibadan-los-iba\/#primaryimage"},"image":{"@id":"https:\/\/tiketi.com\/flights-lagos-ibadan-los-iba\/#primaryimage"},"thumbnailUrl":"https:\/\/tiketi.com\/wp-content\/uploads\/2022\/01\/flight-ticket-booking-sorasak-KxCJXXGsv9I-unsplas.jpg","datePublished":"2022-01-19T11:55:21+00:00","dateModified":"2022-02-08T17:02:27+00:00","description":"Vous recherchez des vols \u00e0 bas prix au Lagos vers Ibadan? Recherchez, comparez et r\u00e9servez un billet d&#039;avion pas cher de Lagos \u00e0 Ibadan en ligne","breadcrumb":{"@id":"https:\/\/tiketi.com\/flights-lagos-ibadan-los-iba\/#breadcrumb"},"inLanguage":"fr-FR","potentialAction":[{"@type":"ReadAction","target":["https:\/\/tiketi.com\/flights-lagos-ibadan-los-iba\/"]}]},{"@type":"ImageObject","inLanguage":"fr-FR","@id":"https:\/\/tiketi.com\/flights-lagos-ibadan-los-iba\/#primaryimage","url":"https:\/\/tiketi.com\/wp-content\/uploads\/2022\/01\/flight-ticket-booking-sorasak-KxCJXXGsv9I-unsplas.jpg","contentUrl":"https:\/\/tiketi.com\/wp-content\/uploads\/2022\/01\/flight-ticket-booking-sorasak-KxCJXXGsv9I-unsplas.jpg","width":1200,"height":240,"caption":"Online flight ticket booking"},{"@type":"BreadcrumbList","@id":"https:\/\/tiketi.com\/flights-lagos-ibadan-los-iba\/#breadcrumb","itemListElement":[{"@type":"ListItem","position":1,"name":"Home","item":"https:\/\/tiketi.com\/"},{"@type":"ListItem","position":2,"name":"Cheap Flights From Lagos to Ibadan"}]},{"@type":"WebSite","@id":"https:\/\/tiketi.com\/#website","url":"https:\/\/tiketi.com\/","name":"Billets d&#039;avion et de bus, forfaits touristiques et activit\u00e9s - Tiketi.com","description":"Billets d&#039;avion et de bus, Tours, Activit\u00e9s","publisher":{"@id":"https:\/\/tiketi.com\/#organization"},"potentialAction":[{"@type":"SearchAction","target":{"@type":"EntryPoint","urlTemplate":"https:\/\/tiketi.com\/?s={search_term_string}"},"query-input":{"@type":"PropertyValueSpecification","valueRequired":true,"valueName":"search_term_string"}}],"inLanguage":"fr-FR"},{"@type":"Organization","@id":"https:\/\/tiketi.com\/#organization","name":"Tiketi.com","alternateName":"Tiketi","url":"https:\/\/tiketi.com\/","logo":{"@type":"ImageObject","inLanguage":"fr-FR","@id":"https:\/\/tiketi.com\/#\/schema\/logo\/image\/","url":"https:\/\/tiketi.com\/wp-content\/uploads\/2019\/05\/tiketi-logo-696.png","contentUrl":"https:\/\/tiketi.com\/wp-content\/uploads\/2019\/05\/tiketi-logo-696.png","width":696,"height":696,"caption":"Tiketi.com"},"image":{"@id":"https:\/\/tiketi.com\/#\/schema\/logo\/image\/"},"sameAs":["https:\/\/www.facebook.com\/TiketiCom\/"]}]}},"_links":{"self":[{"href":"https:\/\/tiketi.com\/fr-fr\/wp-json\/wp\/v2\/pages\/11904","targetHints":{"allow":["GET"]}}],"collection":[{"href":"https:\/\/tiketi.com\/fr-fr\/wp-json\/wp\/v2\/pages"}],"about":[{"href":"https:\/\/tiketi.com\/fr-fr\/wp-json\/wp\/v2\/types\/page"}],"author":[{"embeddable":true,"href":"https:\/\/tiketi.com\/fr-fr\/wp-json\/wp\/v2\/users\/1"}],"replies":[{"embeddable":true,"href":"https:\/\/tiketi.com\/fr-fr\/wp-json\/wp\/v2\/comments?post=11904"}],"version-history":[{"count":0,"href":"https:\/\/tiketi.com\/fr-fr\/wp-json\/wp\/v2\/pages\/11904\/revisions"}],"wp:featuredmedia":[{"embeddable":true,"href":"https:\/\/tiketi.com\/fr-fr\/wp-json\/wp\/v2\/media\/14041"}],"wp:attachment":[{"href":"https:\/\/tiketi.com\/fr-fr\/wp-json\/wp\/v2\/media?parent=11904"}],"curies":[{"name":"wp","href":"https:\/\/api.w.org\/{rel}","templated":true}]}}