{"id":11905,"date":"2022-01-19T12:55:21","date_gmt":"2022-01-19T11:55:21","guid":{"rendered":"https:\/\/new.tiketi.com\/cheap-flights-from-lagos-nigeria-to-kano\/"},"modified":"2022-02-08T17:55:25","modified_gmt":"2022-02-08T16:55:25","slug":"flights-lagos-kano-los-kan","status":"publish","type":"page","link":"https:\/\/tiketi.com\/fr-fr\/flights-lagos-kano-los-kan\/","title":{"rendered":"Vols pas chers de Lagos Nig\u00e9ria \u00e0 Kano"},"content":{"rendered":"<h2>Vous cherchez un billet d&#039;avion pas cher \u00e0 partir de Lagos Nig\u00e9ria pour Kano ou des offres de derni\u00e8re minute ?<\/h2>\n<h3>Recherchez, comparez et r\u00e9servez d\u00e8s maintenant un billet d&#039;avion pas cher de Lagos (LOS) \u00e0 Kano (KAN).<\/h3>\n<p>R\u00e9servez des vols pas chers de Lagos Nigeria \u00e0 Kano en ligne et \u00e9conomisez de l&#039;argent sur les billets d&#039;avion. Kano est dot\u00e9 de riches ressources touristiques qui contiennent des sites et monuments historiques, ainsi que des lieux sp\u00e9ciaux d&#039;un int\u00e9r\u00eat \u00e9tonnant, tels que le march\u00e9 Kurmi \u00e9tabli au XVe si\u00e8cle au c\u0153ur de la ville de Kano, les remparts vieux de plusieurs si\u00e8cles avec certains de ses portes toujours debout. Visitez Kano gr\u00e2ce \u00e0 des offres exceptionnelles sur les billets d&#039;avion de Lagos Nigeria \u00e0 Kano et volez des vols de Lagos Nigeria \u00e0 Kano pas chers.<\/p>\n<h2>Voici quelques-unes des meilleures attractions de Londres<\/h2>\n<h3>Mosqu\u00e9e centrale de Kano<\/h3>\n<p>Celui-ci est situ\u00e9 dans le palais des \u00e9mirs \u2013 une architecture remarquable construite au XVe si\u00e8cle. Bien qu&#039;elle ait subi une s\u00e9rie de modifications, sa superbe conception architecturale porte toujours la marque de la culture et de l&#039;influence arabes.<\/p>\n<h3>March\u00e9 Kurmi<\/h3>\n<p>Il s&#039;agit du plus ancien march\u00e9 public du nord du Nig\u00e9ria et est r\u00e9put\u00e9 pour ses produits tr\u00e8s anciens tels que les calebasses, les sculptures, les dinanderies, les bijoux anciens, les articles en cuir et les poteries, entre autres.<\/p>\n<h3>Barrage de Tiga\/Ch\u00e2teau de Roche<\/h3>\n<p>Le barrage de Tiga fait partie des principales attractions de Kano, o\u00f9 se d\u00e9roulent des activit\u00e9s de p\u00eache et de navigation de plaisance. \u00c0 l&#039;extr\u00e9mit\u00e9 du barrage se trouve le Rock Castle Hotel, construit sp\u00e9cialement pour faciliter la visite de la reine Elizabeth et de son entourage lors de sa visite au Nigeria en 1960.<\/p>\n<h3>Collines de Dala<\/h3>\n<p>Les collines de Dala sont l&#039;endroit o\u00f9 les premiers colons de Kano ont habit\u00e9 lorsqu&#039;ils sont arriv\u00e9s dans la ville il y a des milliers d&#039;ann\u00e9es, et les premiers habitants ont utilis\u00e9 les collines pour modeler leurs villages et leurs logements. Les collines conservent encore des valeurs touristiques que les clients trouveront \u00e9tonnantes \u00e0 chaque fois qu&#039;ils visiteront les collines de Kano.<\/p>\n<h2>FAQ sur les vols pas chers de Lagos Nig\u00e9ria \u00e0 Kano<\/h2>\n<h3>Combien y a-t-il de vols directs de Lagos \u00e0 Kano ?<\/h3>\n<p>Il existe quatorze vols directs de Lagos \u00e0 Kano.<\/p>\n<h3>Meilleur moment pour r\u00e9server un billet d&#039;avion pas cher de Lagos Nig\u00e9ria \u00e0 Kano.<\/h3>\n<p>En r\u00e8gle g\u00e9n\u00e9rale, le meilleur moment pour r\u00e9server un billet d&#039;avion de Lagos Nig\u00e9ria \u00e0 Kano est de 2 mois \u00e0 l&#039;avance. Et les jours abordables pour voler sont le mercredi, le mardi et le samedi. Le dimanche est le plus cher.<\/p>\n<h3>Quelle est la distance de vol entre Lagos et Kano ?<\/h3>\n<p>La distance a\u00e9rienne entre Lagos et Kano est 836km .<\/p>\n<h2>Conseils de vol de Lagos \u00e0 Kano<\/h2>\n<p>\u2022 Lagos, au Nigeria, est \u00e0 519 miles de Kano.<\/p>\n<p>\u2022 Il y a quatre vols quotidiens de Lagos, au Nig\u00e9ria, \u00e0 Kano.<\/p>\n<p>\u2022 Cinq vols sans escale sont assur\u00e9s de Lagos \u00e0 Kano.<\/p>\n<p>\u2022 Il y a six vols hebdomadaires entre Lagos, au Nig\u00e9ria, et Kano.<\/p>\n<p>\u2022 Azman Air propose des vols bon march\u00e9 sans escale de Lagos \u00e0 Kano.<\/p>\n<p>\u2022 Abuja Nigeria \u2013 Abuja International est la liaison la plus c\u00e9l\u00e8bre pour les vols \u00e0 escale entre Lagos et Kano.<\/p>\n<p>\u2022 La compagnie a\u00e9rienne la plus c\u00e9l\u00e8bre qui vole de Lagos \u00e0 Kano est Air Peace.<\/p>\n<p>\u2022 Les premiers vols bon march\u00e9 de Lagos \u00e0 Kano du jour partent \u00e0 6h30. Le dernier vol de la journ\u00e9e part \u00e0 19h00.<\/p>","protected":false},"excerpt":{"rendered":"<p>Looking for cheap airline ticket from Lagos Nigeria to Kano\u00a0or last minute deals? Search, compare and book cheap airline ticket from Lagos (LOS) to Kano (KAN) online now. Book cheap flights from Lagos Nigeria to Kano online and save money on airfare. Kano is blessed with rich tourism resources which contain historical sites and monuments, [&hellip;]<\/p>\n","protected":false},"author":1,"featured_media":14041,"parent":0,"menu_order":0,"comment_status":"open","ping_status":"closed","template":"template-home-modern.php","meta":{"footnotes":""},"class_list":["post-11905","page","type-page","status-publish","has-post-thumbnail","hentry"],"yoast_head":"<!-- This site is optimized with the Yoast SEO plugin v27.3 - https:\/\/yoast.com\/product\/yoast-seo-wordpress\/ -->\n<title>Cheap Flights from\u00a0Lagos Nigeria to Kano<\/title>\n<meta name=\"description\" content=\"Looking for cheap flights from\u00a0Lagos Nigeria to Kano? Search, compare and book cheap airline ticket from Lagos Nigeria to Kano online\" \/>\n<meta name=\"robots\" content=\"index, follow, max-snippet:-1, max-image-preview:large, max-video-preview:-1\" \/>\n<link rel=\"canonical\" href=\"https:\/\/tiketi.com\/fr-fr\/flights-lagos-kano-los-kan\/\" \/>\n<meta property=\"og:locale\" content=\"fr_FR\" \/>\n<meta property=\"og:type\" content=\"article\" \/>\n<meta property=\"og:title\" content=\"Cheap Flights from\u00a0Lagos Nigeria to Kano\" \/>\n<meta property=\"og:description\" content=\"Looking for cheap flights from\u00a0Lagos Nigeria to Kano? Search, compare and book cheap airline ticket from Lagos Nigeria to Kano online\" \/>\n<meta property=\"og:url\" content=\"https:\/\/tiketi.com\/fr-fr\/flights-lagos-kano-los-kan\/\" \/>\n<meta property=\"og:site_name\" content=\"Tiketi.com\" \/>\n<meta property=\"article:publisher\" content=\"https:\/\/www.facebook.com\/TiketiCom\/\" \/>\n<meta property=\"article:modified_time\" content=\"2022-02-08T16:55:25+00:00\" \/>\n<meta property=\"og:image\" content=\"https:\/\/tiketi.com\/wp-content\/uploads\/2022\/01\/flight-ticket-booking-sorasak-KxCJXXGsv9I-unsplas.jpg\" \/>\n\t<meta property=\"og:image:width\" content=\"1200\" \/>\n\t<meta property=\"og:image:height\" content=\"240\" \/>\n\t<meta property=\"og:image:type\" content=\"image\/jpeg\" \/>\n<meta name=\"twitter:card\" content=\"summary_large_image\" \/>\n<meta name=\"twitter:label1\" content=\"Dur\u00e9e de lecture estim\u00e9e\" \/>\n\t<meta name=\"twitter:data1\" content=\"3 minutes\" \/>\n<script type=\"application\/ld+json\" class=\"yoast-schema-graph\">{\"@context\":\"https:\\\/\\\/schema.org\",\"@graph\":[{\"@type\":\"WebPage\",\"@id\":\"https:\\\/\\\/tiketi.com\\\/flights-lagos-kano-los-kan\\\/\",\"url\":\"https:\\\/\\\/tiketi.com\\\/flights-lagos-kano-los-kan\\\/\",\"name\":\"Cheap Flights from\u00a0Lagos Nigeria to Kano\",\"isPartOf\":{\"@id\":\"https:\\\/\\\/tiketi.com\\\/#website\"},\"primaryImageOfPage\":{\"@id\":\"https:\\\/\\\/tiketi.com\\\/flights-lagos-kano-los-kan\\\/#primaryimage\"},\"image\":{\"@id\":\"https:\\\/\\\/tiketi.com\\\/flights-lagos-kano-los-kan\\\/#primaryimage\"},\"thumbnailUrl\":\"https:\\\/\\\/tiketi.com\\\/wp-content\\\/uploads\\\/2022\\\/01\\\/flight-ticket-booking-sorasak-KxCJXXGsv9I-unsplas.jpg\",\"datePublished\":\"2022-01-19T11:55:21+00:00\",\"dateModified\":\"2022-02-08T16:55:25+00:00\",\"description\":\"Looking for cheap flights from\u00a0Lagos Nigeria to Kano? Search, compare and book cheap airline ticket from Lagos Nigeria to Kano online\",\"breadcrumb\":{\"@id\":\"https:\\\/\\\/tiketi.com\\\/flights-lagos-kano-los-kan\\\/#breadcrumb\"},\"inLanguage\":\"fr-FR\",\"potentialAction\":[{\"@type\":\"ReadAction\",\"target\":[\"https:\\\/\\\/tiketi.com\\\/flights-lagos-kano-los-kan\\\/\"]}]},{\"@type\":\"ImageObject\",\"inLanguage\":\"fr-FR\",\"@id\":\"https:\\\/\\\/tiketi.com\\\/flights-lagos-kano-los-kan\\\/#primaryimage\",\"url\":\"https:\\\/\\\/tiketi.com\\\/wp-content\\\/uploads\\\/2022\\\/01\\\/flight-ticket-booking-sorasak-KxCJXXGsv9I-unsplas.jpg\",\"contentUrl\":\"https:\\\/\\\/tiketi.com\\\/wp-content\\\/uploads\\\/2022\\\/01\\\/flight-ticket-booking-sorasak-KxCJXXGsv9I-unsplas.jpg\",\"width\":1200,\"height\":240,\"caption\":\"Online flight ticket booking\"},{\"@type\":\"BreadcrumbList\",\"@id\":\"https:\\\/\\\/tiketi.com\\\/flights-lagos-kano-los-kan\\\/#breadcrumb\",\"itemListElement\":[{\"@type\":\"ListItem\",\"position\":1,\"name\":\"Home\",\"item\":\"https:\\\/\\\/tiketi.com\\\/\"},{\"@type\":\"ListItem\",\"position\":2,\"name\":\"Cheap Flights from\u00a0Lagos Nigeria to Kano\"}]},{\"@type\":\"WebSite\",\"@id\":\"https:\\\/\\\/tiketi.com\\\/#website\",\"url\":\"https:\\\/\\\/tiketi.com\\\/\",\"name\":\"Flight & Bus Tickets, Tour Packages & Activitites - Tiketi.com\",\"description\":\"Flight &amp; Bus Tickets, Tours, Activitites\",\"publisher\":{\"@id\":\"https:\\\/\\\/tiketi.com\\\/#organization\"},\"potentialAction\":[{\"@type\":\"SearchAction\",\"target\":{\"@type\":\"EntryPoint\",\"urlTemplate\":\"https:\\\/\\\/tiketi.com\\\/?s={search_term_string}\"},\"query-input\":{\"@type\":\"PropertyValueSpecification\",\"valueRequired\":true,\"valueName\":\"search_term_string\"}}],\"inLanguage\":\"fr-FR\"},{\"@type\":\"Organization\",\"@id\":\"https:\\\/\\\/tiketi.com\\\/#organization\",\"name\":\"Tiketi.com\",\"alternateName\":\"Tiketi\",\"url\":\"https:\\\/\\\/tiketi.com\\\/\",\"logo\":{\"@type\":\"ImageObject\",\"inLanguage\":\"fr-FR\",\"@id\":\"https:\\\/\\\/tiketi.com\\\/#\\\/schema\\\/logo\\\/image\\\/\",\"url\":\"https:\\\/\\\/tiketi.com\\\/wp-content\\\/uploads\\\/2019\\\/05\\\/tiketi-logo-696.png\",\"contentUrl\":\"https:\\\/\\\/tiketi.com\\\/wp-content\\\/uploads\\\/2019\\\/05\\\/tiketi-logo-696.png\",\"width\":696,\"height\":696,\"caption\":\"Tiketi.com\"},\"image\":{\"@id\":\"https:\\\/\\\/tiketi.com\\\/#\\\/schema\\\/logo\\\/image\\\/\"},\"sameAs\":[\"https:\\\/\\\/www.facebook.com\\\/TiketiCom\\\/\"]}]}<\/script>\n<!-- \/ Yoast SEO plugin. -->","yoast_head_json":{"title":"Vols pas chers de Lagos Nig\u00e9ria \u00e0 Kano","description":"Vous recherchez des vols \u00e0 bas prix au Lagos Nig\u00e9ria vers Kano? Recherchez, comparez et r\u00e9servez un billet d&#039;avion pas cher de Lagos Nig\u00e9ria \u00e0 Kano en ligne","robots":{"index":"index","follow":"follow","max-snippet":"max-snippet:-1","max-image-preview":"max-image-preview:large","max-video-preview":"max-video-preview:-1"},"canonical":"https:\/\/tiketi.com\/fr-fr\/flights-lagos-kano-los-kan\/","og_locale":"fr_FR","og_type":"article","og_title":"Cheap Flights from\u00a0Lagos Nigeria to Kano","og_description":"Looking for cheap flights from\u00a0Lagos Nigeria to Kano? Search, compare and book cheap airline ticket from Lagos Nigeria to Kano online","og_url":"https:\/\/tiketi.com\/fr-fr\/flights-lagos-kano-los-kan\/","og_site_name":"Tiketi.com","article_publisher":"https:\/\/www.facebook.com\/TiketiCom\/","article_modified_time":"2022-02-08T16:55:25+00:00","og_image":[{"width":1200,"height":240,"url":"https:\/\/tiketi.com\/wp-content\/uploads\/2022\/01\/flight-ticket-booking-sorasak-KxCJXXGsv9I-unsplas.jpg","type":"image\/jpeg"}],"twitter_card":"summary_large_image","twitter_misc":{"Dur\u00e9e de lecture estim\u00e9e":"3 minutes"},"schema":{"@context":"https:\/\/schema.org","@graph":[{"@type":"WebPage","@id":"https:\/\/tiketi.com\/flights-lagos-kano-los-kan\/","url":"https:\/\/tiketi.com\/flights-lagos-kano-los-kan\/","name":"Vols pas chers de Lagos Nig\u00e9ria \u00e0 Kano","isPartOf":{"@id":"https:\/\/tiketi.com\/#website"},"primaryImageOfPage":{"@id":"https:\/\/tiketi.com\/flights-lagos-kano-los-kan\/#primaryimage"},"image":{"@id":"https:\/\/tiketi.com\/flights-lagos-kano-los-kan\/#primaryimage"},"thumbnailUrl":"https:\/\/tiketi.com\/wp-content\/uploads\/2022\/01\/flight-ticket-booking-sorasak-KxCJXXGsv9I-unsplas.jpg","datePublished":"2022-01-19T11:55:21+00:00","dateModified":"2022-02-08T16:55:25+00:00","description":"Vous recherchez des vols \u00e0 bas prix au Lagos Nig\u00e9ria vers Kano? Recherchez, comparez et r\u00e9servez un billet d&#039;avion pas cher de Lagos Nig\u00e9ria \u00e0 Kano en ligne","breadcrumb":{"@id":"https:\/\/tiketi.com\/flights-lagos-kano-los-kan\/#breadcrumb"},"inLanguage":"fr-FR","potentialAction":[{"@type":"ReadAction","target":["https:\/\/tiketi.com\/flights-lagos-kano-los-kan\/"]}]},{"@type":"ImageObject","inLanguage":"fr-FR","@id":"https:\/\/tiketi.com\/flights-lagos-kano-los-kan\/#primaryimage","url":"https:\/\/tiketi.com\/wp-content\/uploads\/2022\/01\/flight-ticket-booking-sorasak-KxCJXXGsv9I-unsplas.jpg","contentUrl":"https:\/\/tiketi.com\/wp-content\/uploads\/2022\/01\/flight-ticket-booking-sorasak-KxCJXXGsv9I-unsplas.jpg","width":1200,"height":240,"caption":"Online flight ticket booking"},{"@type":"BreadcrumbList","@id":"https:\/\/tiketi.com\/flights-lagos-kano-los-kan\/#breadcrumb","itemListElement":[{"@type":"ListItem","position":1,"name":"Home","item":"https:\/\/tiketi.com\/"},{"@type":"ListItem","position":2,"name":"Cheap Flights from\u00a0Lagos Nigeria to Kano"}]},{"@type":"WebSite","@id":"https:\/\/tiketi.com\/#website","url":"https:\/\/tiketi.com\/","name":"Billets d&#039;avion et de bus, forfaits touristiques et activit\u00e9s - Tiketi.com","description":"Billets d&#039;avion et de bus, Tours, Activit\u00e9s","publisher":{"@id":"https:\/\/tiketi.com\/#organization"},"potentialAction":[{"@type":"SearchAction","target":{"@type":"EntryPoint","urlTemplate":"https:\/\/tiketi.com\/?s={search_term_string}"},"query-input":{"@type":"PropertyValueSpecification","valueRequired":true,"valueName":"search_term_string"}}],"inLanguage":"fr-FR"},{"@type":"Organization","@id":"https:\/\/tiketi.com\/#organization","name":"Tiketi.com","alternateName":"Tiketi","url":"https:\/\/tiketi.com\/","logo":{"@type":"ImageObject","inLanguage":"fr-FR","@id":"https:\/\/tiketi.com\/#\/schema\/logo\/image\/","url":"https:\/\/tiketi.com\/wp-content\/uploads\/2019\/05\/tiketi-logo-696.png","contentUrl":"https:\/\/tiketi.com\/wp-content\/uploads\/2019\/05\/tiketi-logo-696.png","width":696,"height":696,"caption":"Tiketi.com"},"image":{"@id":"https:\/\/tiketi.com\/#\/schema\/logo\/image\/"},"sameAs":["https:\/\/www.facebook.com\/TiketiCom\/"]}]}},"_links":{"self":[{"href":"https:\/\/tiketi.com\/fr-fr\/wp-json\/wp\/v2\/pages\/11905","targetHints":{"allow":["GET"]}}],"collection":[{"href":"https:\/\/tiketi.com\/fr-fr\/wp-json\/wp\/v2\/pages"}],"about":[{"href":"https:\/\/tiketi.com\/fr-fr\/wp-json\/wp\/v2\/types\/page"}],"author":[{"embeddable":true,"href":"https:\/\/tiketi.com\/fr-fr\/wp-json\/wp\/v2\/users\/1"}],"replies":[{"embeddable":true,"href":"https:\/\/tiketi.com\/fr-fr\/wp-json\/wp\/v2\/comments?post=11905"}],"version-history":[{"count":0,"href":"https:\/\/tiketi.com\/fr-fr\/wp-json\/wp\/v2\/pages\/11905\/revisions"}],"wp:featuredmedia":[{"embeddable":true,"href":"https:\/\/tiketi.com\/fr-fr\/wp-json\/wp\/v2\/media\/14041"}],"wp:attachment":[{"href":"https:\/\/tiketi.com\/fr-fr\/wp-json\/wp\/v2\/media?parent=11905"}],"curies":[{"name":"wp","href":"https:\/\/api.w.org\/{rel}","templated":true}]}}