{"id":11906,"date":"2022-01-19T12:55:21","date_gmt":"2022-01-19T11:55:21","guid":{"rendered":"https:\/\/new.tiketi.com\/cheap-flights-from-lagos-nigeria-to-benin-city\/"},"modified":"2022-02-08T17:41:11","modified_gmt":"2022-02-08T16:41:11","slug":"flights-lagos-benin-city-los-bni","status":"publish","type":"page","link":"https:\/\/tiketi.com\/fr-fr\/flights-lagos-benin-city-los-bni\/","title":{"rendered":"Vols pas chers de Lagos \u00e0 destination de Benin City"},"content":{"rendered":"<h2>Vous cherchez un billet d&#039;avion pas cher \u00e0 partir de Lagos pour Benin City ou des offres de derni\u00e8re minute ?<\/h2>\n<h3>Recherchez, comparez et r\u00e9servez d\u00e8s maintenant un billet d&#039;avion pas cher de Lagos (LOS) \u00e0 Benin City (BNI).<\/h3>\n<p>R\u00e9servez des vols pas chers de Lagos \u00e0 Benin City en ligne et \u00e9conomisez de l&#039;argent sur les billets d&#039;avion. Benin City est la capitale de l&#039;\u00c9tat d&#039;Edo, dans le sud du Nigeria. C&#039;est \u00e0 environ 40 km au nord du fleuve B\u00e9nin. Anciennement appel\u00e9e Royaume du B\u00e9nin, la ville est l&#039;une des plus anciennes de toute l&#039;Afrique, constituant en partie les vestiges de ce qui \u00e9tait autrefois un empire africain fort et populaire aux XVe et XVIe si\u00e8cles. Visitez Benin City gr\u00e2ce \u00e0 des offres exceptionnelles sur les billets d&#039;avion de Lagos \u00e0 Benin City et volez des vols de Lagos \u00e0 Benin City \u00e0 bas prix.<\/p>\n<h2>Voici quelques-unes des meilleures attractions de Benin City<\/h2>\n<h3>Mus\u00e9e national de la ville de B\u00e9nin<\/h3>\n<p>Ce mus\u00e9e abrite un grand nombre d&#039;objets en terre cuite, en fonte et en bronze du Nigeria. Dans les ann\u00e9es 1940, ce qui \u00e9tait alors le mus\u00e9e \u00e9tait install\u00e9 \u00e0 titre priv\u00e9 dans le palais Obas. Il fut d\u00e9plac\u00e9 dans les ann\u00e9es 1970 et devint un lieu public. Le mus\u00e9e poss\u00e8de 3 galeries et est l&#039;un des plus grands mus\u00e9es en termes d&#039;objets originaux au Nigeria.<\/p>\n<h3>Le Palais Royal de l&#039;Oba du B\u00e9nin<\/h3>\n<p>Le Palais Royal, qui a \u00e9t\u00e9 d\u00e9clar\u00e9 site du patrimoine mondial de l&#039;UNESCO au Nigeria en 1999, est une surprise architecturale. Le palais, situ\u00e9 au c\u0153ur du B\u00e9nin, a \u00e9t\u00e9 \u00e9rig\u00e9 par Oba Ewedo. Il fut ensuite reconstruit par Oba Eweka II apr\u00e8s la guerre de 1897.<\/p>\n<h3>Parc national d&#039;Okomu<\/h3>\n<p>Il s&#039;agit de la plus petite r\u00e9serve foresti\u00e8re du Nigeria et d&#039;un bloc forestier qui couvre 1 083 km\u00b2. abrite des potamoch\u00e8res rouges, des buffles, des l\u00e9opards, des chimpanz\u00e9s, des guenon au nez mastic, des b\u00e9b\u00e9s de brousse, des c\u00e9phalophes, des antilopes, des porcs-\u00e9pics et des pangolins. Les amoureux des papillons et les ornithologues amateurs trouveront \u00e9galement cet endroit merveilleux.<\/p>\n<h2>FAQ sur les vols pas chers de Lagos \u00e0 Benin City<\/h2>\n<h3>Combien de vols directs Lagos - Benin City ?<\/h3>\n<p>Il existe vingt-sept vols directs de Lagos \u00e0 Benin City.<\/p>\n<h3>Quelle est la fr\u00e9quence des vols directs Lagos - Benin City ?<\/h3>\n<p>Il existe vingt et un vols directs de Lagos \u00e0 Benin City.<\/p>\n<h3>Quelle est la compagnie a\u00e9rienne la plus c\u00e9l\u00e8bre proposant des billets d&#039;avion pas chers directs de Lagos \u00e0 Benin City ?<\/h3>\n<p>Air Piece propose 66 billets d&#039;avion sans escale de Lagos \u00e0 Benin City.<\/p>\n<h3>Combien d&#039;a\u00e9roports y a-t-il \u00e0 Benin City ?<\/h3>\n<p>Benin City ne poss\u00e8de qu&#039;un seul a\u00e9roport : Benin City.<\/p>\n<h3>Combien de temps dure un vol entre Lagos et Benin City ?<\/h3>\n<p>La dur\u00e9e moyenne d&#039;un vol Lagos-Lagos-Benin City est de 1 heure 10 min.<\/p>\n<h3>Combien de vols sont op\u00e9r\u00e9s en une semaine entre Lagos et Benin City ?<\/h3>\n<p>Il y a sept vols par semaine entre Lagos et Benin City.<\/p>\n<h2>Conseils de vol de Lagos \u00e0 Benin City<\/h2>\n<p>\u2022 La distance de vol entre Lagos et Benin City est de 248 km.<\/p>\n<p>\u2022 La compagnie a\u00e9rienne la plus c\u00e9l\u00e8bre reliant Lagos \u00e0 Benin City est Air Peace.<\/p>\n<p>\u2022 Il existe deux compagnies a\u00e9riennes qui proposent des vols directs de Lagos \u00e0 Lagos et \u00e0 Benin City.<\/p>","protected":false},"excerpt":{"rendered":"<p>Looking for cheap airline ticket from Lagos to Benin City\u00a0or last minute deals? Search, compare and book cheap airline ticket from Lagos (LOS) to Benin City (BNI) online now. Book cheap flights from Lagos to Benin City online and save money on airfare. Benin City is the Edo State capital in southern Nigeria. It is [&hellip;]<\/p>\n","protected":false},"author":1,"featured_media":14041,"parent":0,"menu_order":0,"comment_status":"open","ping_status":"closed","template":"template-home-modern.php","meta":{"footnotes":""},"class_list":["post-11906","page","type-page","status-publish","has-post-thumbnail","hentry"],"yoast_head":"<!-- This site is optimized with the Yoast SEO plugin v27.3 - https:\/\/yoast.com\/product\/yoast-seo-wordpress\/ -->\n<title>Cheap Flights From Lagos Nigeria to Benin City<\/title>\n<meta name=\"description\" content=\"Looking for cheap flights from\u00a0Lagos Nigeria to Benin City? Compare and book cheap airline ticket from Lagos Nigeria to Benin City online\" \/>\n<meta name=\"robots\" content=\"index, follow, max-snippet:-1, max-image-preview:large, max-video-preview:-1\" \/>\n<link rel=\"canonical\" href=\"https:\/\/tiketi.com\/fr-fr\/flights-lagos-benin-city-los-bni\/\" \/>\n<meta property=\"og:locale\" content=\"fr_FR\" \/>\n<meta property=\"og:type\" content=\"article\" \/>\n<meta property=\"og:title\" content=\"Cheap Flights From Lagos Nigeria to Benin City\" \/>\n<meta property=\"og:description\" content=\"Looking for cheap flights from\u00a0Lagos Nigeria to Benin City? Compare and book cheap airline ticket from Lagos Nigeria to Benin City online\" \/>\n<meta property=\"og:url\" content=\"https:\/\/tiketi.com\/fr-fr\/flights-lagos-benin-city-los-bni\/\" \/>\n<meta property=\"og:site_name\" content=\"Tiketi.com\" \/>\n<meta property=\"article:publisher\" content=\"https:\/\/www.facebook.com\/TiketiCom\/\" \/>\n<meta property=\"article:modified_time\" content=\"2022-02-08T16:41:11+00:00\" \/>\n<meta property=\"og:image\" content=\"https:\/\/tiketi.com\/wp-content\/uploads\/2022\/01\/flight-ticket-booking-sorasak-KxCJXXGsv9I-unsplas.jpg\" \/>\n\t<meta property=\"og:image:width\" content=\"1200\" \/>\n\t<meta property=\"og:image:height\" content=\"240\" \/>\n\t<meta property=\"og:image:type\" content=\"image\/jpeg\" \/>\n<meta name=\"twitter:card\" content=\"summary_large_image\" \/>\n<meta name=\"twitter:label1\" content=\"Dur\u00e9e de lecture estim\u00e9e\" \/>\n\t<meta name=\"twitter:data1\" content=\"3 minutes\" \/>\n<script type=\"application\/ld+json\" class=\"yoast-schema-graph\">{\"@context\":\"https:\\\/\\\/schema.org\",\"@graph\":[{\"@type\":\"WebPage\",\"@id\":\"https:\\\/\\\/tiketi.com\\\/en-gb\\\/flights-lagos-benin-city-los-bni\\\/\",\"url\":\"https:\\\/\\\/tiketi.com\\\/en-gb\\\/flights-lagos-benin-city-los-bni\\\/\",\"name\":\"Cheap Flights From Lagos Nigeria to Benin City\",\"isPartOf\":{\"@id\":\"https:\\\/\\\/tiketi.com\\\/#website\"},\"primaryImageOfPage\":{\"@id\":\"https:\\\/\\\/tiketi.com\\\/en-gb\\\/flights-lagos-benin-city-los-bni\\\/#primaryimage\"},\"image\":{\"@id\":\"https:\\\/\\\/tiketi.com\\\/en-gb\\\/flights-lagos-benin-city-los-bni\\\/#primaryimage\"},\"thumbnailUrl\":\"https:\\\/\\\/tiketi.com\\\/wp-content\\\/uploads\\\/2022\\\/01\\\/flight-ticket-booking-sorasak-KxCJXXGsv9I-unsplas.jpg\",\"datePublished\":\"2022-01-19T11:55:21+00:00\",\"dateModified\":\"2022-02-08T16:41:11+00:00\",\"description\":\"Looking for cheap flights from\u00a0Lagos Nigeria to Benin City? Compare and book cheap airline ticket from Lagos Nigeria to Benin City online\",\"breadcrumb\":{\"@id\":\"https:\\\/\\\/tiketi.com\\\/en-gb\\\/flights-lagos-benin-city-los-bni\\\/#breadcrumb\"},\"inLanguage\":\"fr-FR\",\"potentialAction\":[{\"@type\":\"ReadAction\",\"target\":[\"https:\\\/\\\/tiketi.com\\\/en-gb\\\/flights-lagos-benin-city-los-bni\\\/\"]}]},{\"@type\":\"ImageObject\",\"inLanguage\":\"fr-FR\",\"@id\":\"https:\\\/\\\/tiketi.com\\\/en-gb\\\/flights-lagos-benin-city-los-bni\\\/#primaryimage\",\"url\":\"https:\\\/\\\/tiketi.com\\\/wp-content\\\/uploads\\\/2022\\\/01\\\/flight-ticket-booking-sorasak-KxCJXXGsv9I-unsplas.jpg\",\"contentUrl\":\"https:\\\/\\\/tiketi.com\\\/wp-content\\\/uploads\\\/2022\\\/01\\\/flight-ticket-booking-sorasak-KxCJXXGsv9I-unsplas.jpg\",\"width\":1200,\"height\":240,\"caption\":\"Online flight ticket booking\"},{\"@type\":\"BreadcrumbList\",\"@id\":\"https:\\\/\\\/tiketi.com\\\/en-gb\\\/flights-lagos-benin-city-los-bni\\\/#breadcrumb\",\"itemListElement\":[{\"@type\":\"ListItem\",\"position\":1,\"name\":\"Home\",\"item\":\"https:\\\/\\\/tiketi.com\\\/\"},{\"@type\":\"ListItem\",\"position\":2,\"name\":\"Cheap Flights From Lagos to Benin City\"}]},{\"@type\":\"WebSite\",\"@id\":\"https:\\\/\\\/tiketi.com\\\/#website\",\"url\":\"https:\\\/\\\/tiketi.com\\\/\",\"name\":\"Flight & Bus Tickets, Tour Packages & Activitites - Tiketi.com\",\"description\":\"Flight &amp; Bus Tickets, Tours, Activitites\",\"publisher\":{\"@id\":\"https:\\\/\\\/tiketi.com\\\/#organization\"},\"potentialAction\":[{\"@type\":\"SearchAction\",\"target\":{\"@type\":\"EntryPoint\",\"urlTemplate\":\"https:\\\/\\\/tiketi.com\\\/?s={search_term_string}\"},\"query-input\":{\"@type\":\"PropertyValueSpecification\",\"valueRequired\":true,\"valueName\":\"search_term_string\"}}],\"inLanguage\":\"fr-FR\"},{\"@type\":\"Organization\",\"@id\":\"https:\\\/\\\/tiketi.com\\\/#organization\",\"name\":\"Tiketi.com\",\"alternateName\":\"Tiketi\",\"url\":\"https:\\\/\\\/tiketi.com\\\/\",\"logo\":{\"@type\":\"ImageObject\",\"inLanguage\":\"fr-FR\",\"@id\":\"https:\\\/\\\/tiketi.com\\\/#\\\/schema\\\/logo\\\/image\\\/\",\"url\":\"https:\\\/\\\/tiketi.com\\\/wp-content\\\/uploads\\\/2019\\\/05\\\/tiketi-logo-696.png\",\"contentUrl\":\"https:\\\/\\\/tiketi.com\\\/wp-content\\\/uploads\\\/2019\\\/05\\\/tiketi-logo-696.png\",\"width\":696,\"height\":696,\"caption\":\"Tiketi.com\"},\"image\":{\"@id\":\"https:\\\/\\\/tiketi.com\\\/#\\\/schema\\\/logo\\\/image\\\/\"},\"sameAs\":[\"https:\\\/\\\/www.facebook.com\\\/TiketiCom\\\/\"]}]}<\/script>\n<!-- \/ Yoast SEO plugin. -->","yoast_head_json":{"title":"Vols pas chers de Lagos Nig\u00e9ria \u00e0 destination de Benin City","description":"Vous recherchez des vols \u00e0 bas prix au Lagos Nig\u00e9ria vers Benin City? Comparez et r\u00e9servez en ligne un billet d&#039;avion pas cher de Lagos Nigeria \u00e0 Benin City","robots":{"index":"index","follow":"follow","max-snippet":"max-snippet:-1","max-image-preview":"max-image-preview:large","max-video-preview":"max-video-preview:-1"},"canonical":"https:\/\/tiketi.com\/fr-fr\/flights-lagos-benin-city-los-bni\/","og_locale":"fr_FR","og_type":"article","og_title":"Cheap Flights From Lagos Nigeria to Benin City","og_description":"Looking for cheap flights from\u00a0Lagos Nigeria to Benin City? Compare and book cheap airline ticket from Lagos Nigeria to Benin City online","og_url":"https:\/\/tiketi.com\/fr-fr\/flights-lagos-benin-city-los-bni\/","og_site_name":"Tiketi.com","article_publisher":"https:\/\/www.facebook.com\/TiketiCom\/","article_modified_time":"2022-02-08T16:41:11+00:00","og_image":[{"width":1200,"height":240,"url":"https:\/\/tiketi.com\/wp-content\/uploads\/2022\/01\/flight-ticket-booking-sorasak-KxCJXXGsv9I-unsplas.jpg","type":"image\/jpeg"}],"twitter_card":"summary_large_image","twitter_misc":{"Dur\u00e9e de lecture estim\u00e9e":"3 minutes"},"schema":{"@context":"https:\/\/schema.org","@graph":[{"@type":"WebPage","@id":"https:\/\/tiketi.com\/en-gb\/flights-lagos-benin-city-los-bni\/","url":"https:\/\/tiketi.com\/en-gb\/flights-lagos-benin-city-los-bni\/","name":"Vols pas chers de Lagos Nig\u00e9ria \u00e0 destination de Benin City","isPartOf":{"@id":"https:\/\/tiketi.com\/#website"},"primaryImageOfPage":{"@id":"https:\/\/tiketi.com\/en-gb\/flights-lagos-benin-city-los-bni\/#primaryimage"},"image":{"@id":"https:\/\/tiketi.com\/en-gb\/flights-lagos-benin-city-los-bni\/#primaryimage"},"thumbnailUrl":"https:\/\/tiketi.com\/wp-content\/uploads\/2022\/01\/flight-ticket-booking-sorasak-KxCJXXGsv9I-unsplas.jpg","datePublished":"2022-01-19T11:55:21+00:00","dateModified":"2022-02-08T16:41:11+00:00","description":"Vous recherchez des vols \u00e0 bas prix au Lagos Nig\u00e9ria vers Benin City? Comparez et r\u00e9servez en ligne un billet d&#039;avion pas cher de Lagos Nigeria \u00e0 Benin City","breadcrumb":{"@id":"https:\/\/tiketi.com\/en-gb\/flights-lagos-benin-city-los-bni\/#breadcrumb"},"inLanguage":"fr-FR","potentialAction":[{"@type":"ReadAction","target":["https:\/\/tiketi.com\/en-gb\/flights-lagos-benin-city-los-bni\/"]}]},{"@type":"ImageObject","inLanguage":"fr-FR","@id":"https:\/\/tiketi.com\/en-gb\/flights-lagos-benin-city-los-bni\/#primaryimage","url":"https:\/\/tiketi.com\/wp-content\/uploads\/2022\/01\/flight-ticket-booking-sorasak-KxCJXXGsv9I-unsplas.jpg","contentUrl":"https:\/\/tiketi.com\/wp-content\/uploads\/2022\/01\/flight-ticket-booking-sorasak-KxCJXXGsv9I-unsplas.jpg","width":1200,"height":240,"caption":"Online flight ticket booking"},{"@type":"BreadcrumbList","@id":"https:\/\/tiketi.com\/en-gb\/flights-lagos-benin-city-los-bni\/#breadcrumb","itemListElement":[{"@type":"ListItem","position":1,"name":"Home","item":"https:\/\/tiketi.com\/"},{"@type":"ListItem","position":2,"name":"Cheap Flights From Lagos to Benin City"}]},{"@type":"WebSite","@id":"https:\/\/tiketi.com\/#website","url":"https:\/\/tiketi.com\/","name":"Billets d&#039;avion et de bus, forfaits touristiques et activit\u00e9s - Tiketi.com","description":"Billets d&#039;avion et de bus, Tours, Activit\u00e9s","publisher":{"@id":"https:\/\/tiketi.com\/#organization"},"potentialAction":[{"@type":"SearchAction","target":{"@type":"EntryPoint","urlTemplate":"https:\/\/tiketi.com\/?s={search_term_string}"},"query-input":{"@type":"PropertyValueSpecification","valueRequired":true,"valueName":"search_term_string"}}],"inLanguage":"fr-FR"},{"@type":"Organization","@id":"https:\/\/tiketi.com\/#organization","name":"Tiketi.com","alternateName":"Tiketi","url":"https:\/\/tiketi.com\/","logo":{"@type":"ImageObject","inLanguage":"fr-FR","@id":"https:\/\/tiketi.com\/#\/schema\/logo\/image\/","url":"https:\/\/tiketi.com\/wp-content\/uploads\/2019\/05\/tiketi-logo-696.png","contentUrl":"https:\/\/tiketi.com\/wp-content\/uploads\/2019\/05\/tiketi-logo-696.png","width":696,"height":696,"caption":"Tiketi.com"},"image":{"@id":"https:\/\/tiketi.com\/#\/schema\/logo\/image\/"},"sameAs":["https:\/\/www.facebook.com\/TiketiCom\/"]}]}},"_links":{"self":[{"href":"https:\/\/tiketi.com\/fr-fr\/wp-json\/wp\/v2\/pages\/11906","targetHints":{"allow":["GET"]}}],"collection":[{"href":"https:\/\/tiketi.com\/fr-fr\/wp-json\/wp\/v2\/pages"}],"about":[{"href":"https:\/\/tiketi.com\/fr-fr\/wp-json\/wp\/v2\/types\/page"}],"author":[{"embeddable":true,"href":"https:\/\/tiketi.com\/fr-fr\/wp-json\/wp\/v2\/users\/1"}],"replies":[{"embeddable":true,"href":"https:\/\/tiketi.com\/fr-fr\/wp-json\/wp\/v2\/comments?post=11906"}],"version-history":[{"count":0,"href":"https:\/\/tiketi.com\/fr-fr\/wp-json\/wp\/v2\/pages\/11906\/revisions"}],"wp:featuredmedia":[{"embeddable":true,"href":"https:\/\/tiketi.com\/fr-fr\/wp-json\/wp\/v2\/media\/14041"}],"wp:attachment":[{"href":"https:\/\/tiketi.com\/fr-fr\/wp-json\/wp\/v2\/media?parent=11906"}],"curies":[{"name":"wp","href":"https:\/\/api.w.org\/{rel}","templated":true}]}}