{"id":11907,"date":"2022-01-19T12:55:21","date_gmt":"2022-01-19T11:55:21","guid":{"rendered":"https:\/\/new.tiketi.com\/cheap-flights-from-lagos-nigeria-to-abuja\/"},"modified":"2023-03-03T18:33:30","modified_gmt":"2023-03-03T17:33:30","slug":"tickets-lagos-to-abuja-los-abv","status":"publish","type":"page","link":"https:\/\/tiketi.com\/fr-fr\/cheap-flights\/airline\/tickets-lagos-to-abuja-los-abv\/","title":{"rendered":"Billets d&#039;avion pas chers de Lagos \u00e0 Abuja"},"content":{"rendered":"<h2>Vous recherchez des vols pas chers Lagos \u00e0 Abuja ou des offres de derni\u00e8re minute?<\/h2>\n<h3>Recherchez, comparez et r\u00e9servez en ligne d\u00e8s maintenant les billets d&#039;avion les moins chers de Lagos \u00e0 Abuja.<\/h3>\n<p>R\u00e9servez des billets d&#039;avion pas chers de Lagos \u00e0 Abuja en ligne et \u00e9conomisez de l&#039;argent sur les tarifs a\u00e9riens. Abuja, la capitale du Nigeria, abrite de nombreuses ambassades d&#039;autres pays et les si\u00e8ges d&#039;agences gouvernementales. Riche en culture, explorer la diversit\u00e9 de la ville au milieu du rocher Aso et de l&#039;architecture nig\u00e9riane la plus r\u00e9cente n&#039;est que l&#039;une des nombreuses choses \u00e0 faire \u00e0 Abuja. De la nourriture aux marchandises, les march\u00e9s quotidiens sont le meilleur endroit pour faire du shopping comme un local. Visitez Abuja gr\u00e2ce \u00e0 des offres exceptionnelles sur les vols pas chers de Lagos \u00e0 Abuja et volez des vols de Lagos \u00e0 Abuja pas chers.<\/p>\n<h2>Voici quelques-unes des meilleures attractions d\u2019Abuja<\/h2>\n<h3>Gurara tombe<\/h3>\n<p>Il est situ\u00e9 dans l\u2019\u00c9tat du Niger, \u00e0 seulement trente minutes en voiture d\u2019Abuja. Les chutes de Gurara sont un endroit remarquable \u00e0 visiter, avec un paysage \u00e0 feuilles persistantes, de l&#039;eau et des \u00e9tangs dans lesquels vous pouvez nager, des formations rocheuses, les chutes de Gurara sont certainement un endroit \u00e0 visiter chaque fois que vous \u00eates \u00e0 Abuja.<\/p>\n<h3>Le parc du mill\u00e9naire<\/h3>\n<p>Ce parc est le plus grand parc public d&#039;Abuja, la capitale du Nigeria. Il est situ\u00e9 dans le quartier Maitama de la ville. Le parc, qui est le plus grand d&#039;Abuja, comprend une piscine, une promenade merveilleusement structur\u00e9e et des jeux pour les enfants. Le parc Millennium est \u00e9galement parfait pour les pique-niques entre amis.<\/p>\n<h3>Parc d&#039;attractions du pays des merveilles<\/h3>\n<p>L&#039;emplacement est parfait pour les activit\u00e9s r\u00e9cr\u00e9atives et de loisirs avec des man\u00e8ges et des jeux principalement pour les enfants. Un autre avantage de cet endroit est le fait que vous pouvez vous arr\u00eater au Stade National qui se trouve sur la m\u00eame route.<\/p>\n<h2>FAQ sur les billets d&#039;avion pas chers de Lagos \u00e0 Abuja<\/h2>\n<h3>Meilleur temps de vol de Lagos \u00e0 Abuja<\/h3>\n<p>G\u00e9n\u00e9ralement, le meilleur moment pour r\u00e9server un vol de Lagos \u00e0 Abuja est de 2 mois \u00e0 l\u2019avance. Et les jours les moins chers pour voler sont le mercredi, le mardi et le samedi. Le dimanche est le plus cher.<\/p>\n<h3>Combien y a-t-il de vols directs de Lagos \u00e0 Abuja ?<\/h3>\n<p>Il y a 1 vol direct de Lagos (LOS) \u00e0 Abuja (ABV).<\/p>\n<h3>Combien de temps dure un vol Lagos-Abuja ?<\/h3>\n<p>La dur\u00e9e moyenne d&#039;un vol Lagos-Abuja est de 1 h 5 min.<\/p>\n<h3>Combien de compagnies a\u00e9riennes op\u00e8rent des vols directs Lagos-Abuja ?<\/h3>\n<p>Trois compagnies a\u00e9riennes proposent des vols bon march\u00e9 de Lagos \u00e0 Abuja.<\/p>\n<h3>Quelle compagnie a\u00e9rienne propose des vols pas chers entre Lagos et Abuja ?<\/h3>\n<p>Il existe une poign\u00e9e de choix proposant des billets d&#039;avion bon march\u00e9 de Lagos \u00e0 Abuja, notamment Dana Air, Lufthansa et Air Via Bulgarie. La plupart proposent des d\u00e9parts quotidiens, ce qui facilite la planification en fonction de votre emploi du temps.<\/p>\n<h3>Quels a\u00e9roports desservent les vols de Lagos \u00e0 Abuja ?<\/h3>\n<p>Il s\u2019agit d\u2019un moyen de transport reliant Lagos \u00e0 Abuja, \u00e0 savoir de l\u2019a\u00e9roport international Murtala Muhammad de Lagos \u00e0 l\u2019a\u00e9roport international Nnamdi Azikiwe.<\/p>\n<h3>Combien de vols sont op\u00e9r\u00e9s par semaine entre Lagos et Abuja ?<\/h3>\n<p>Il y a 112 vols les moins chers de Lagos \u00e0 Abuja par semaine.<\/p>","protected":false},"excerpt":{"rendered":"<p>Looking for cheap flights from Lagos to Abuja or last minute deals? Search, compare and book cheapest airfare from lagos to abuja online now. Book cheap airline tickets from Lagos to Abuja online and save money on airfare. The capital city of Nigeria, Abuja is home to many embassies from other countries and headquarters of [&hellip;]<\/p>\n","protected":false},"author":1,"featured_media":14041,"parent":25754,"menu_order":0,"comment_status":"open","ping_status":"closed","template":"template-home-modern.php","meta":{"footnotes":""},"class_list":["post-11907","page","type-page","status-publish","has-post-thumbnail","hentry"],"yoast_head":"<!-- This site is optimized with the Yoast SEO plugin v27.3 - https:\/\/yoast.com\/product\/yoast-seo-wordpress\/ -->\n<title>Cheap Flights From Lagos Nigeria to Abuja<\/title>\n<meta name=\"description\" content=\"Looking for cheap flights from\u00a0Lagos Nigeria to Abuja? Search, compare and book cheap airline ticket from Lagos Nigeria to Abuja online\" \/>\n<meta name=\"robots\" content=\"index, follow, max-snippet:-1, max-image-preview:large, max-video-preview:-1\" \/>\n<link rel=\"canonical\" href=\"https:\/\/tiketi.com\/fr-fr\/cheap-flights\/airline\/tickets-lagos-to-abuja-los-abv\/\" \/>\n<meta property=\"og:locale\" content=\"fr_FR\" \/>\n<meta property=\"og:type\" content=\"article\" \/>\n<meta property=\"og:title\" content=\"Cheap Flights From Lagos Nigeria to Abuja\" \/>\n<meta property=\"og:description\" content=\"Looking for cheap flights from\u00a0Lagos Nigeria to Abuja? Search, compare and book cheap airline ticket from Lagos Nigeria to Abuja online\" \/>\n<meta property=\"og:url\" content=\"https:\/\/tiketi.com\/fr-fr\/cheap-flights\/airline\/tickets-lagos-to-abuja-los-abv\/\" \/>\n<meta property=\"og:site_name\" content=\"Tiketi.com\" \/>\n<meta property=\"article:publisher\" content=\"https:\/\/www.facebook.com\/TiketiCom\/\" \/>\n<meta property=\"article:modified_time\" content=\"2023-03-03T17:33:30+00:00\" \/>\n<meta property=\"og:image\" content=\"https:\/\/tiketi.com\/wp-content\/uploads\/2022\/01\/flight-ticket-booking-sorasak-KxCJXXGsv9I-unsplas.jpg\" \/>\n\t<meta property=\"og:image:width\" content=\"1200\" \/>\n\t<meta property=\"og:image:height\" content=\"240\" \/>\n\t<meta property=\"og:image:type\" content=\"image\/jpeg\" \/>\n<meta name=\"twitter:card\" content=\"summary_large_image\" \/>\n<meta name=\"twitter:label1\" content=\"Dur\u00e9e de lecture estim\u00e9e\" \/>\n\t<meta name=\"twitter:data1\" content=\"3 minutes\" \/>\n<script type=\"application\/ld+json\" class=\"yoast-schema-graph\">{\"@context\":\"https:\\\/\\\/schema.org\",\"@graph\":[{\"@type\":\"WebPage\",\"@id\":\"https:\\\/\\\/tiketi.com\\\/cheap-flights\\\/airline\\\/tickets-lagos-to-abuja-los-abv\\\/\",\"url\":\"https:\\\/\\\/tiketi.com\\\/cheap-flights\\\/airline\\\/tickets-lagos-to-abuja-los-abv\\\/\",\"name\":\"Cheap Flights From Lagos Nigeria to Abuja\",\"isPartOf\":{\"@id\":\"https:\\\/\\\/tiketi.com\\\/#website\"},\"primaryImageOfPage\":{\"@id\":\"https:\\\/\\\/tiketi.com\\\/cheap-flights\\\/airline\\\/tickets-lagos-to-abuja-los-abv\\\/#primaryimage\"},\"image\":{\"@id\":\"https:\\\/\\\/tiketi.com\\\/cheap-flights\\\/airline\\\/tickets-lagos-to-abuja-los-abv\\\/#primaryimage\"},\"thumbnailUrl\":\"https:\\\/\\\/tiketi.com\\\/wp-content\\\/uploads\\\/2022\\\/01\\\/flight-ticket-booking-sorasak-KxCJXXGsv9I-unsplas.jpg\",\"datePublished\":\"2022-01-19T11:55:21+00:00\",\"dateModified\":\"2023-03-03T17:33:30+00:00\",\"description\":\"Looking for cheap flights from\u00a0Lagos Nigeria to Abuja? Search, compare and book cheap airline ticket from Lagos Nigeria to Abuja online\",\"breadcrumb\":{\"@id\":\"https:\\\/\\\/tiketi.com\\\/cheap-flights\\\/airline\\\/tickets-lagos-to-abuja-los-abv\\\/#breadcrumb\"},\"inLanguage\":\"fr-FR\",\"potentialAction\":[{\"@type\":\"ReadAction\",\"target\":[\"https:\\\/\\\/tiketi.com\\\/cheap-flights\\\/airline\\\/tickets-lagos-to-abuja-los-abv\\\/\"]}]},{\"@type\":\"ImageObject\",\"inLanguage\":\"fr-FR\",\"@id\":\"https:\\\/\\\/tiketi.com\\\/cheap-flights\\\/airline\\\/tickets-lagos-to-abuja-los-abv\\\/#primaryimage\",\"url\":\"https:\\\/\\\/tiketi.com\\\/wp-content\\\/uploads\\\/2022\\\/01\\\/flight-ticket-booking-sorasak-KxCJXXGsv9I-unsplas.jpg\",\"contentUrl\":\"https:\\\/\\\/tiketi.com\\\/wp-content\\\/uploads\\\/2022\\\/01\\\/flight-ticket-booking-sorasak-KxCJXXGsv9I-unsplas.jpg\",\"width\":1200,\"height\":240,\"caption\":\"Online flight ticket booking\"},{\"@type\":\"BreadcrumbList\",\"@id\":\"https:\\\/\\\/tiketi.com\\\/cheap-flights\\\/airline\\\/tickets-lagos-to-abuja-los-abv\\\/#breadcrumb\",\"itemListElement\":[{\"@type\":\"ListItem\",\"position\":1,\"name\":\"Home\",\"item\":\"https:\\\/\\\/tiketi.com\\\/\"},{\"@type\":\"ListItem\",\"position\":2,\"name\":\"Cheap Flights\",\"item\":\"https:\\\/\\\/tiketi.com\\\/cheap-flights\\\/\"},{\"@type\":\"ListItem\",\"position\":3,\"name\":\"Airlines\",\"item\":\"https:\\\/\\\/tiketi.com\\\/sw\\\/nauli-ndege\\\/airline\\\/\"},{\"@type\":\"ListItem\",\"position\":4,\"name\":\"Cheap Airline Tickets from Lagos to Abuja\"}]},{\"@type\":\"WebSite\",\"@id\":\"https:\\\/\\\/tiketi.com\\\/#website\",\"url\":\"https:\\\/\\\/tiketi.com\\\/\",\"name\":\"Flight & Bus Tickets, Tour Packages & Activitites - Tiketi.com\",\"description\":\"Flight &amp; Bus Tickets, Tours, Activitites\",\"publisher\":{\"@id\":\"https:\\\/\\\/tiketi.com\\\/#organization\"},\"potentialAction\":[{\"@type\":\"SearchAction\",\"target\":{\"@type\":\"EntryPoint\",\"urlTemplate\":\"https:\\\/\\\/tiketi.com\\\/?s={search_term_string}\"},\"query-input\":{\"@type\":\"PropertyValueSpecification\",\"valueRequired\":true,\"valueName\":\"search_term_string\"}}],\"inLanguage\":\"fr-FR\"},{\"@type\":\"Organization\",\"@id\":\"https:\\\/\\\/tiketi.com\\\/#organization\",\"name\":\"Tiketi.com\",\"alternateName\":\"Tiketi\",\"url\":\"https:\\\/\\\/tiketi.com\\\/\",\"logo\":{\"@type\":\"ImageObject\",\"inLanguage\":\"fr-FR\",\"@id\":\"https:\\\/\\\/tiketi.com\\\/#\\\/schema\\\/logo\\\/image\\\/\",\"url\":\"https:\\\/\\\/tiketi.com\\\/wp-content\\\/uploads\\\/2019\\\/05\\\/tiketi-logo-696.png\",\"contentUrl\":\"https:\\\/\\\/tiketi.com\\\/wp-content\\\/uploads\\\/2019\\\/05\\\/tiketi-logo-696.png\",\"width\":696,\"height\":696,\"caption\":\"Tiketi.com\"},\"image\":{\"@id\":\"https:\\\/\\\/tiketi.com\\\/#\\\/schema\\\/logo\\\/image\\\/\"},\"sameAs\":[\"https:\\\/\\\/www.facebook.com\\\/TiketiCom\\\/\"]}]}<\/script>\n<!-- \/ Yoast SEO plugin. -->","yoast_head_json":{"title":"Vols pas chers de Lagos Nig\u00e9ria \u00e0 destination de Abuja","description":"Vous recherchez des vols \u00e0 bas prix au Lagos Nigeria vers Abuja? Recherchez, comparez et r\u00e9servez un billet d&#039;avion pas cher de Lagos Nig\u00e9ria \u00e0 Abuja en ligne","robots":{"index":"index","follow":"follow","max-snippet":"max-snippet:-1","max-image-preview":"max-image-preview:large","max-video-preview":"max-video-preview:-1"},"canonical":"https:\/\/tiketi.com\/fr-fr\/cheap-flights\/airline\/tickets-lagos-to-abuja-los-abv\/","og_locale":"fr_FR","og_type":"article","og_title":"Cheap Flights From Lagos Nigeria to Abuja","og_description":"Looking for cheap flights from\u00a0Lagos Nigeria to Abuja? Search, compare and book cheap airline ticket from Lagos Nigeria to Abuja online","og_url":"https:\/\/tiketi.com\/fr-fr\/cheap-flights\/airline\/tickets-lagos-to-abuja-los-abv\/","og_site_name":"Tiketi.com","article_publisher":"https:\/\/www.facebook.com\/TiketiCom\/","article_modified_time":"2023-03-03T17:33:30+00:00","og_image":[{"width":1200,"height":240,"url":"https:\/\/tiketi.com\/wp-content\/uploads\/2022\/01\/flight-ticket-booking-sorasak-KxCJXXGsv9I-unsplas.jpg","type":"image\/jpeg"}],"twitter_card":"summary_large_image","twitter_misc":{"Dur\u00e9e de lecture estim\u00e9e":"3 minutes"},"schema":{"@context":"https:\/\/schema.org","@graph":[{"@type":"WebPage","@id":"https:\/\/tiketi.com\/cheap-flights\/airline\/tickets-lagos-to-abuja-los-abv\/","url":"https:\/\/tiketi.com\/cheap-flights\/airline\/tickets-lagos-to-abuja-los-abv\/","name":"Vols pas chers de Lagos Nig\u00e9ria \u00e0 destination de Abuja","isPartOf":{"@id":"https:\/\/tiketi.com\/#website"},"primaryImageOfPage":{"@id":"https:\/\/tiketi.com\/cheap-flights\/airline\/tickets-lagos-to-abuja-los-abv\/#primaryimage"},"image":{"@id":"https:\/\/tiketi.com\/cheap-flights\/airline\/tickets-lagos-to-abuja-los-abv\/#primaryimage"},"thumbnailUrl":"https:\/\/tiketi.com\/wp-content\/uploads\/2022\/01\/flight-ticket-booking-sorasak-KxCJXXGsv9I-unsplas.jpg","datePublished":"2022-01-19T11:55:21+00:00","dateModified":"2023-03-03T17:33:30+00:00","description":"Vous recherchez des vols \u00e0 bas prix au Lagos Nigeria vers Abuja? Recherchez, comparez et r\u00e9servez un billet d&#039;avion pas cher de Lagos Nig\u00e9ria \u00e0 Abuja en ligne","breadcrumb":{"@id":"https:\/\/tiketi.com\/cheap-flights\/airline\/tickets-lagos-to-abuja-los-abv\/#breadcrumb"},"inLanguage":"fr-FR","potentialAction":[{"@type":"ReadAction","target":["https:\/\/tiketi.com\/cheap-flights\/airline\/tickets-lagos-to-abuja-los-abv\/"]}]},{"@type":"ImageObject","inLanguage":"fr-FR","@id":"https:\/\/tiketi.com\/cheap-flights\/airline\/tickets-lagos-to-abuja-los-abv\/#primaryimage","url":"https:\/\/tiketi.com\/wp-content\/uploads\/2022\/01\/flight-ticket-booking-sorasak-KxCJXXGsv9I-unsplas.jpg","contentUrl":"https:\/\/tiketi.com\/wp-content\/uploads\/2022\/01\/flight-ticket-booking-sorasak-KxCJXXGsv9I-unsplas.jpg","width":1200,"height":240,"caption":"Online flight ticket booking"},{"@type":"BreadcrumbList","@id":"https:\/\/tiketi.com\/cheap-flights\/airline\/tickets-lagos-to-abuja-los-abv\/#breadcrumb","itemListElement":[{"@type":"ListItem","position":1,"name":"Home","item":"https:\/\/tiketi.com\/"},{"@type":"ListItem","position":2,"name":"Cheap Flights","item":"https:\/\/tiketi.com\/cheap-flights\/"},{"@type":"ListItem","position":3,"name":"Airlines","item":"https:\/\/tiketi.com\/sw\/nauli-ndege\/airline\/"},{"@type":"ListItem","position":4,"name":"Cheap Airline Tickets from Lagos to Abuja"}]},{"@type":"WebSite","@id":"https:\/\/tiketi.com\/#website","url":"https:\/\/tiketi.com\/","name":"Billets d&#039;avion et de bus, forfaits touristiques et activit\u00e9s - Tiketi.com","description":"Billets d&#039;avion et de bus, Tours, Activit\u00e9s","publisher":{"@id":"https:\/\/tiketi.com\/#organization"},"potentialAction":[{"@type":"SearchAction","target":{"@type":"EntryPoint","urlTemplate":"https:\/\/tiketi.com\/?s={search_term_string}"},"query-input":{"@type":"PropertyValueSpecification","valueRequired":true,"valueName":"search_term_string"}}],"inLanguage":"fr-FR"},{"@type":"Organization","@id":"https:\/\/tiketi.com\/#organization","name":"Tiketi.com","alternateName":"Tiketi","url":"https:\/\/tiketi.com\/","logo":{"@type":"ImageObject","inLanguage":"fr-FR","@id":"https:\/\/tiketi.com\/#\/schema\/logo\/image\/","url":"https:\/\/tiketi.com\/wp-content\/uploads\/2019\/05\/tiketi-logo-696.png","contentUrl":"https:\/\/tiketi.com\/wp-content\/uploads\/2019\/05\/tiketi-logo-696.png","width":696,"height":696,"caption":"Tiketi.com"},"image":{"@id":"https:\/\/tiketi.com\/#\/schema\/logo\/image\/"},"sameAs":["https:\/\/www.facebook.com\/TiketiCom\/"]}]}},"_links":{"self":[{"href":"https:\/\/tiketi.com\/fr-fr\/wp-json\/wp\/v2\/pages\/11907","targetHints":{"allow":["GET"]}}],"collection":[{"href":"https:\/\/tiketi.com\/fr-fr\/wp-json\/wp\/v2\/pages"}],"about":[{"href":"https:\/\/tiketi.com\/fr-fr\/wp-json\/wp\/v2\/types\/page"}],"author":[{"embeddable":true,"href":"https:\/\/tiketi.com\/fr-fr\/wp-json\/wp\/v2\/users\/1"}],"replies":[{"embeddable":true,"href":"https:\/\/tiketi.com\/fr-fr\/wp-json\/wp\/v2\/comments?post=11907"}],"version-history":[{"count":0,"href":"https:\/\/tiketi.com\/fr-fr\/wp-json\/wp\/v2\/pages\/11907\/revisions"}],"up":[{"embeddable":true,"href":"https:\/\/tiketi.com\/fr-fr\/wp-json\/wp\/v2\/pages\/25754"}],"wp:featuredmedia":[{"embeddable":true,"href":"https:\/\/tiketi.com\/fr-fr\/wp-json\/wp\/v2\/media\/14041"}],"wp:attachment":[{"href":"https:\/\/tiketi.com\/fr-fr\/wp-json\/wp\/v2\/media?parent=11907"}],"curies":[{"name":"wp","href":"https:\/\/api.w.org\/{rel}","templated":true}]}}