{"id":11909,"date":"2022-01-19T12:55:23","date_gmt":"2022-01-19T11:55:23","guid":{"rendered":"https:\/\/new.tiketi.com\/cheap-flights-to-madagascar\/"},"modified":"2022-02-10T13:55:43","modified_gmt":"2022-02-10T12:55:43","slug":"cheap-flights-to-madagascar","status":"publish","type":"page","link":"https:\/\/tiketi.com\/fr-fr\/cheap-flights-to-madagascar\/","title":{"rendered":"Vols pas chers vers Madagascar"},"content":{"rendered":"<h2>Vous recherchez un billet d&#039;avion pas cher pour Madagascar ou des offres de derni\u00e8re minute ?<\/h2>\n<h3>Cherchez, comparez et r\u00e9servez des vols pas chers Madagascar (AUH) en ligne maintenant.<\/h3>\n<p>R\u00e9servez en ligne des vols pas chers pour Madagascar et \u00e9conomisez de l&#039;argent sur les billets d&#039;avion. Madagascar est un pays insulaire situ\u00e9 dans l&#039;oc\u00e9an Indien et s&#039;appelait auparavant la \u00ab\u00a0R\u00e9publique malgache\u00a0\u00bb. C&#039;est la 4\u00e8me plus grande \u00eele de la plan\u00e8te et c&#039;est un grand habitat pour une majorit\u00e9 d&#039;esp\u00e8ces sauvages que l&#039;on ne trouve nulle part ailleurs sur la plan\u00e8te. La capitale et la plus grande ville de Madagascar est Antananari. Comparez les prix et obtenez les tarifs les plus bas sur les billets d&#039;avion pour Madagascar gr\u00e2ce \u00e0 des offres exceptionnelles sur la r\u00e9servation de billets en ligne de vols Madagascar.<\/p>\n<h2>Voici quelques-unes des meilleures attractions de Madagascar<\/h2>\n<h3>Parc national de Ranomafana<\/h3>\n<p>Ce parc est l&#039;un des parcs les plus c\u00e9l\u00e8bres du pays connu pour son habitat naturel et attire un grand nombre de visiteurs chaque ann\u00e9e. Situ\u00e9 en face du village de Ronamafana, le parc abrite des \u00eeles dens\u00e9ment bois\u00e9es accompagn\u00e9es de cours d&#039;eau min\u00e9raux naturels parsem\u00e9s de l\u00e9muriens et de l\u00e9zards dor\u00e9s. Les visiteurs apportent g\u00e9n\u00e9ralement des paires de chaussures solides et des sacs \u00e0 dos pour faire de la randonn\u00e9e le long de la longue \u00e9tendue de sentiers de randonn\u00e9e qui serpentent \u00e0 travers d&#039;\u00e9normes cascades.<\/p>\n<h3>Nosy Be<\/h3>\n<p>Situ\u00e9 au large des c\u00f4tes \u00e0 proximit\u00e9 des eaux de l&#039;oc\u00e9an Indien, Nosy Be est l&#039;un des sites touristiques les plus pris\u00e9s de Madagascar et poss\u00e8de des plages embl\u00e9matiques du pays. Les petits villages de p\u00eacheurs, les eaux turquoises et les fouillis de palmiers qui se balancent le long des charmantes baies offrent un lieu de vacances merveilleux. Nosy Be est acclam\u00e9e pour son excellent standard de fruits de mer et ses f\u00eates de plage tropicales harmonieuses qui explosent chaque week-end dans les villages indig\u00e8nes voisins.<\/p>\n<h3>Parc National des Tsingy de Bemaraha<\/h3>\n<p>Situ\u00e9 dans la partie sud de la plus grande r\u00e9serve naturelle de Madagascar, l&#039;endroit est un site du patrimoine mondial et comprend une \u00e9tendue dense de for\u00eats de mangroves. A c\u00f4t\u00e9 de cette ceinture verte de bois naturels, il y a un plateau calcaire et des hauteurs sur les collines verdoyantes. Le parc est habit\u00e9 par diverses esp\u00e8ces de babouins qui se prom\u00e8nent librement et se r\u00e9unissent \u00e9galement avec les groupes de visiteurs.<\/p>\n<h3>Parc national d&#039;Andasibe-Mantadia<\/h3>\n<p>Ce parc est une c\u00e9l\u00e8bre excursion d&#039;une journ\u00e9e loin de la capitale et est l&#039;un des parcs les plus accessibles de Madagascar. Il abrite les plus grandes esp\u00e8ces de l\u00e9muriens et d\u00e9peint la superbe biodiversit\u00e9 en g\u00e9n\u00e9ral. Le parc est divis\u00e9 en 2 subdivisions, chacune d&#039;entre elles pr\u00e9sentant des r\u00e9gions de r\u00e9serve sp\u00e9ciales pour diverses races d&#039;animaux sauvages forestiers.<\/p>\n<h2>FAQ sur les vols pas chers vers Madagascar<\/h2>\n<h3>Quel est le moment le moins cher pour visiter Madagascar ?<\/h3>\n<p>Les vacances bon march\u00e9 sont les meilleures pendant la saison humide et chaude \u00e0 Madagascar. De fin novembre \u00e0 fin mars, l&#039;industrie de l&#039;h\u00f4tellerie et du voyage \u00e0 Madagascar conna\u00eet une baisse progressive des prix des vols et des h\u00f4tels \u00e0 Madagascar.<\/p>\n<h3>Quelle compagnie a\u00e9rienne propose des vols Madagascar pas chers ?<\/h3>\n<p>De toutes les compagnies a\u00e9riennes desservant Madagascar, Kenya Airways est l&#039;une des compagnies a\u00e9riennes les moins ch\u00e8res. Il offre des tarifs a\u00e9riens abordables aux voyageurs qui ach\u00e8tent des billets aupr\u00e8s de leur compagnie a\u00e9rienne. Pour son prix comp\u00e9titif des billets \u00e0 Madagascar, Kenya Airways offre des \u00e9quipements standard et la meilleure exp\u00e9rience \u00e0 \u00e9galit\u00e9 avec les grandes compagnies a\u00e9riennes internationales.<\/p>\n<h3>Quel jour est le moins cher pour partir \u00e0 Madagascar ?<\/h3>\n<p>Le jour le moins cher pour s&#039;envoler vers Madagascar est g\u00e9n\u00e9ralement le mercredi. Pour le moment, le samedi est le plus cher.<\/p>\n<h3>\u00c0 quelle heure de la journ\u00e9e est-il bon march\u00e9 de voler\u00a0?<\/h3>\n<p>Les vols vers Madagascar peuvent \u00eatre rendus abordables si vous choisissez un vol dans l&#039;apr\u00e8s-midi. R\u00e9server des vols bon march\u00e9 vers Madagascar \u00e0 midi signifiera probablement des prix plus \u00e9lev\u00e9s.<\/p>\n<h3>Quel est le meilleur moment pour r\u00e9server un billet d&#039;avion pas cher pour Madagascar ?<\/h3>\n<p>Le prix que vous payez pour votre billet d&#039;avion pas cher \u00e0 destination de Madagascar peut varier en fonction de la date de r\u00e9servation. Pour avoir les meilleures chances de trouver un vol \u00e0 Madagascar, pensez \u00e0 r\u00e9server cinquante jours avant votre voyage. Les tarifs sont susceptibles d&#039;augmenter une quinzaine de jours donc avant votre date de d\u00e9part.<\/p>\n<h3>Quels sont les grands a\u00e9roports de Madagascar ?<\/h3>\n<p>\u2022 A\u00e9roport Fascene \u2013 Nosy Be<br \/>\n\u2022 A\u00e9roport international d&#039;Ivato \u2013 Antananarivo<br \/>\n\u2022 A\u00e9roport de Morondava \u2013 Morondava<br \/>\n\u2022 A\u00e9roport de Toliara \u2013 Toliara<br \/>\n\u2022 A\u00e9roport de Sainte Marie \u2013 Sainte Marie<\/p>\n<h3>Quelles compagnies a\u00e9riennes desservent Madagascar ?<\/h3>\n<p>\u2022 Compagnies a\u00e9riennes \u00e9thiopiennes<br \/>\n\u2022 Air Maurice<br \/>\n\u2022 Kenya Airways<br \/>\n\u2022 Turkish Airlines<br \/>\n\u2022 KLM\/Air France<br \/>\n\u2022 Air Madagascar<br \/>\n\u2022 Liaison a\u00e9rienne<\/p>\n<h3>Quelle compagnie a\u00e9rienne op\u00e8re des vols directs avec Madagascar ?<\/h3>\n<p>Comme il n&#039;y a actuellement aucune compagnie a\u00e9rienne op\u00e9rant des vols directs vers Madagascar, il reste parmi l&#039;un de ces endroits qui ne peuvent \u00eatre atteints que par des vols relatifs. Des itin\u00e9raires indirects relient Madagascar \u00e0 Nairobi, \u00e0 l&#039;\u00eele Maurice et \u00e0 Johannesburg.<\/p>\n<h2>Se d\u00e9placer \u00e0 Madagascar<\/h2>\n<p>Passer d&#039;une \u00eele \u00e0 l&#039;autre est simple avec la compagnie a\u00e9rienne nationale du pays, Air Madagascar. Vous pouvez \u00e9galement r\u00e9server un avion priv\u00e9 et avoir l&#039;avion pour vous tout seul.<\/p>\n<p>Louer une voiture est facile et disponible \u00e0 un prix abordable. A Madagascar, la plupart des visiteurs louent une voiture avec chauffeur ou un taxi. Pour louer un v\u00e9hicule, vous devez obtenir un permis de conduire international.<\/p>\n<p>Les voyageurs aventureux peuvent louer un cyclomoteur, un v\u00e9lo ou une moto et explorer les for\u00eats tropicales des \u00eeles, les plages de sable blanc et les collines.<br \/>\nL&#039;industrie h\u00f4teli\u00e8re nationale utilise une main-d&#039;\u0153uvre professionnelle pour faciliter les visiteurs avec des services de transport \u00e0 longue et courte distance et des voyages guid\u00e9s. La gestion efficace des visiteurs souligne l&#039;exp\u00e9rience des h\u00f4tels employ\u00e9s dans l&#039;entreprise. Malgr\u00e9 de nouvelles infrastructures, l&#039;effet romantique et naturel est maintenu. Une augmentation constante du nombre d&#039;arriv\u00e9es de visiteurs et une fr\u00e9quentation totale ont obtenu les r\u00e9sultats les plus attrayants.<\/p>","protected":false},"excerpt":{"rendered":"<p>Looking for cheap airline ticket to Madagascar or last minute deals? Search, compare and book cheap Madagascar flights (AUH) online now. Book cheap flights to Madagascar online and save money on airfare. Madagascar is an Island country placed in the Indian Ocean and was previously named as the &#8220;Republic of Malagasy&#8221;. It is the 4th [&hellip;]<\/p>\n","protected":false},"author":1,"featured_media":14041,"parent":0,"menu_order":0,"comment_status":"open","ping_status":"closed","template":"template-home-modern.php","meta":{"footnotes":""},"class_list":["post-11909","page","type-page","status-publish","has-post-thumbnail","hentry"],"yoast_head":"<!-- This site is optimized with the Yoast SEO plugin v27.2 - https:\/\/yoast.com\/product\/yoast-seo-wordpress\/ -->\n<title>Cheap Flights to Madagascar<\/title>\n<meta name=\"description\" content=\"Looking for cheap flights to\u00a0Madagascar? Search, compare and book cheap airline ticket from to\u00a0Madagascar online\" \/>\n<meta name=\"robots\" content=\"index, follow, max-snippet:-1, max-image-preview:large, max-video-preview:-1\" \/>\n<link rel=\"canonical\" href=\"https:\/\/tiketi.com\/fr-fr\/cheap-flights-to-madagascar\/\" \/>\n<meta property=\"og:locale\" content=\"fr_FR\" \/>\n<meta property=\"og:type\" content=\"article\" \/>\n<meta property=\"og:title\" content=\"Cheap Flights to Madagascar\" \/>\n<meta property=\"og:description\" content=\"Looking for cheap flights to\u00a0Madagascar? Search, compare and book cheap airline ticket from to\u00a0Madagascar online\" \/>\n<meta property=\"og:url\" content=\"https:\/\/tiketi.com\/fr-fr\/cheap-flights-to-madagascar\/\" \/>\n<meta property=\"og:site_name\" content=\"Tiketi.com\" \/>\n<meta property=\"article:publisher\" content=\"https:\/\/www.facebook.com\/TiketiCom\/\" \/>\n<meta property=\"article:modified_time\" content=\"2022-02-10T12:55:43+00:00\" \/>\n<meta property=\"og:image\" content=\"https:\/\/tiketi.com\/wp-content\/uploads\/2022\/01\/flight-ticket-booking-sorasak-KxCJXXGsv9I-unsplas.jpg\" \/>\n\t<meta property=\"og:image:width\" content=\"1200\" \/>\n\t<meta property=\"og:image:height\" content=\"240\" \/>\n\t<meta property=\"og:image:type\" content=\"image\/jpeg\" \/>\n<meta name=\"twitter:card\" content=\"summary_large_image\" \/>\n<meta name=\"twitter:label1\" content=\"Dur\u00e9e de lecture estim\u00e9e\" \/>\n\t<meta name=\"twitter:data1\" content=\"4 minutes\" \/>\n<script type=\"application\/ld+json\" class=\"yoast-schema-graph\">{\"@context\":\"https:\/\/schema.org\",\"@graph\":[{\"@type\":\"WebPage\",\"@id\":\"https:\/\/tiketi.com\/fr-fr\/cheap-flights-to-madagascar\/\",\"url\":\"https:\/\/tiketi.com\/fr-fr\/cheap-flights-to-madagascar\/\",\"name\":\"Cheap Flights to Madagascar\",\"isPartOf\":{\"@id\":\"https:\/\/tiketi.com\/#website\"},\"primaryImageOfPage\":{\"@id\":\"https:\/\/tiketi.com\/fr-fr\/cheap-flights-to-madagascar\/#primaryimage\"},\"image\":{\"@id\":\"https:\/\/tiketi.com\/fr-fr\/cheap-flights-to-madagascar\/#primaryimage\"},\"thumbnailUrl\":\"https:\/\/tiketi.com\/wp-content\/uploads\/2022\/01\/flight-ticket-booking-sorasak-KxCJXXGsv9I-unsplas.jpg\",\"datePublished\":\"2022-01-19T11:55:23+00:00\",\"dateModified\":\"2022-02-10T12:55:43+00:00\",\"description\":\"Looking for cheap flights to\u00a0Madagascar? Search, compare and book cheap airline ticket from to\u00a0Madagascar online\",\"breadcrumb\":{\"@id\":\"https:\/\/tiketi.com\/fr-fr\/cheap-flights-to-madagascar\/#breadcrumb\"},\"inLanguage\":\"fr-FR\",\"potentialAction\":[{\"@type\":\"ReadAction\",\"target\":[\"https:\/\/tiketi.com\/fr-fr\/cheap-flights-to-madagascar\/\"]}]},{\"@type\":\"ImageObject\",\"inLanguage\":\"fr-FR\",\"@id\":\"https:\/\/tiketi.com\/fr-fr\/cheap-flights-to-madagascar\/#primaryimage\",\"url\":\"https:\/\/tiketi.com\/wp-content\/uploads\/2022\/01\/flight-ticket-booking-sorasak-KxCJXXGsv9I-unsplas.jpg\",\"contentUrl\":\"https:\/\/tiketi.com\/wp-content\/uploads\/2022\/01\/flight-ticket-booking-sorasak-KxCJXXGsv9I-unsplas.jpg\",\"width\":1200,\"height\":240,\"caption\":\"Online flight ticket booking\"},{\"@type\":\"BreadcrumbList\",\"@id\":\"https:\/\/tiketi.com\/fr-fr\/cheap-flights-to-madagascar\/#breadcrumb\",\"itemListElement\":[{\"@type\":\"ListItem\",\"position\":1,\"name\":\"Home\",\"item\":\"https:\/\/tiketi.com\/\"},{\"@type\":\"ListItem\",\"position\":2,\"name\":\"Cheap Flights to Madagascar\"}]},{\"@type\":\"WebSite\",\"@id\":\"https:\/\/tiketi.com\/#website\",\"url\":\"https:\/\/tiketi.com\/\",\"name\":\"Flight & Bus Tickets, Tour Packages & Activitites - Tiketi.com\",\"description\":\"Flight &amp; Bus Tickets, Tours, Activitites\",\"publisher\":{\"@id\":\"https:\/\/tiketi.com\/#organization\"},\"potentialAction\":[{\"@type\":\"SearchAction\",\"target\":{\"@type\":\"EntryPoint\",\"urlTemplate\":\"https:\/\/tiketi.com\/?s={search_term_string}\"},\"query-input\":{\"@type\":\"PropertyValueSpecification\",\"valueRequired\":true,\"valueName\":\"search_term_string\"}}],\"inLanguage\":\"fr-FR\"},{\"@type\":\"Organization\",\"@id\":\"https:\/\/tiketi.com\/#organization\",\"name\":\"Tiketi.com\",\"alternateName\":\"Tiketi\",\"url\":\"https:\/\/tiketi.com\/\",\"logo\":{\"@type\":\"ImageObject\",\"inLanguage\":\"fr-FR\",\"@id\":\"https:\/\/tiketi.com\/#\/schema\/logo\/image\/\",\"url\":\"https:\/\/tiketi.com\/wp-content\/uploads\/2019\/05\/tiketi-logo-696.png\",\"contentUrl\":\"https:\/\/tiketi.com\/wp-content\/uploads\/2019\/05\/tiketi-logo-696.png\",\"width\":696,\"height\":696,\"caption\":\"Tiketi.com\"},\"image\":{\"@id\":\"https:\/\/tiketi.com\/#\/schema\/logo\/image\/\"},\"sameAs\":[\"https:\/\/www.facebook.com\/TiketiCom\/\"]}]}<\/script>\n<!-- \/ Yoast SEO plugin. -->","yoast_head_json":{"title":"Vols pas chers vers Madagascar","description":"Vous cherchez des vols pas chers pour Madagascar ? Recherchez, comparez et r\u00e9servez en ligne un billet d&#039;avion pas cher de vers Madagascar","robots":{"index":"index","follow":"follow","max-snippet":"max-snippet:-1","max-image-preview":"max-image-preview:large","max-video-preview":"max-video-preview:-1"},"canonical":"https:\/\/tiketi.com\/fr-fr\/cheap-flights-to-madagascar\/","og_locale":"fr_FR","og_type":"article","og_title":"Cheap Flights to Madagascar","og_description":"Looking for cheap flights to\u00a0Madagascar? Search, compare and book cheap airline ticket from to\u00a0Madagascar online","og_url":"https:\/\/tiketi.com\/fr-fr\/cheap-flights-to-madagascar\/","og_site_name":"Tiketi.com","article_publisher":"https:\/\/www.facebook.com\/TiketiCom\/","article_modified_time":"2022-02-10T12:55:43+00:00","og_image":[{"width":1200,"height":240,"url":"https:\/\/tiketi.com\/wp-content\/uploads\/2022\/01\/flight-ticket-booking-sorasak-KxCJXXGsv9I-unsplas.jpg","type":"image\/jpeg"}],"twitter_card":"summary_large_image","twitter_misc":{"Dur\u00e9e de lecture estim\u00e9e":"4 minutes"},"schema":{"@context":"https:\/\/schema.org","@graph":[{"@type":"WebPage","@id":"https:\/\/tiketi.com\/fr-fr\/cheap-flights-to-madagascar\/","url":"https:\/\/tiketi.com\/fr-fr\/cheap-flights-to-madagascar\/","name":"Vols pas chers vers Madagascar","isPartOf":{"@id":"https:\/\/tiketi.com\/#website"},"primaryImageOfPage":{"@id":"https:\/\/tiketi.com\/fr-fr\/cheap-flights-to-madagascar\/#primaryimage"},"image":{"@id":"https:\/\/tiketi.com\/fr-fr\/cheap-flights-to-madagascar\/#primaryimage"},"thumbnailUrl":"https:\/\/tiketi.com\/wp-content\/uploads\/2022\/01\/flight-ticket-booking-sorasak-KxCJXXGsv9I-unsplas.jpg","datePublished":"2022-01-19T11:55:23+00:00","dateModified":"2022-02-10T12:55:43+00:00","description":"Vous cherchez des vols pas chers pour Madagascar ? Recherchez, comparez et r\u00e9servez en ligne un billet d&#039;avion pas cher de vers Madagascar","breadcrumb":{"@id":"https:\/\/tiketi.com\/fr-fr\/cheap-flights-to-madagascar\/#breadcrumb"},"inLanguage":"fr-FR","potentialAction":[{"@type":"ReadAction","target":["https:\/\/tiketi.com\/fr-fr\/cheap-flights-to-madagascar\/"]}]},{"@type":"ImageObject","inLanguage":"fr-FR","@id":"https:\/\/tiketi.com\/fr-fr\/cheap-flights-to-madagascar\/#primaryimage","url":"https:\/\/tiketi.com\/wp-content\/uploads\/2022\/01\/flight-ticket-booking-sorasak-KxCJXXGsv9I-unsplas.jpg","contentUrl":"https:\/\/tiketi.com\/wp-content\/uploads\/2022\/01\/flight-ticket-booking-sorasak-KxCJXXGsv9I-unsplas.jpg","width":1200,"height":240,"caption":"Online flight ticket booking"},{"@type":"BreadcrumbList","@id":"https:\/\/tiketi.com\/fr-fr\/cheap-flights-to-madagascar\/#breadcrumb","itemListElement":[{"@type":"ListItem","position":1,"name":"Home","item":"https:\/\/tiketi.com\/"},{"@type":"ListItem","position":2,"name":"Cheap Flights to Madagascar"}]},{"@type":"WebSite","@id":"https:\/\/tiketi.com\/#website","url":"https:\/\/tiketi.com\/","name":"Billets d&#039;avion et de bus, forfaits touristiques et activit\u00e9s - Tiketi.com","description":"Billets d&#039;avion et de bus, Tours, Activit\u00e9s","publisher":{"@id":"https:\/\/tiketi.com\/#organization"},"potentialAction":[{"@type":"SearchAction","target":{"@type":"EntryPoint","urlTemplate":"https:\/\/tiketi.com\/?s={search_term_string}"},"query-input":{"@type":"PropertyValueSpecification","valueRequired":true,"valueName":"search_term_string"}}],"inLanguage":"fr-FR"},{"@type":"Organization","@id":"https:\/\/tiketi.com\/#organization","name":"Tiketi.com","alternateName":"Tiketi","url":"https:\/\/tiketi.com\/","logo":{"@type":"ImageObject","inLanguage":"fr-FR","@id":"https:\/\/tiketi.com\/#\/schema\/logo\/image\/","url":"https:\/\/tiketi.com\/wp-content\/uploads\/2019\/05\/tiketi-logo-696.png","contentUrl":"https:\/\/tiketi.com\/wp-content\/uploads\/2019\/05\/tiketi-logo-696.png","width":696,"height":696,"caption":"Tiketi.com"},"image":{"@id":"https:\/\/tiketi.com\/#\/schema\/logo\/image\/"},"sameAs":["https:\/\/www.facebook.com\/TiketiCom\/"]}]}},"_links":{"self":[{"href":"https:\/\/tiketi.com\/fr-fr\/wp-json\/wp\/v2\/pages\/11909","targetHints":{"allow":["GET"]}}],"collection":[{"href":"https:\/\/tiketi.com\/fr-fr\/wp-json\/wp\/v2\/pages"}],"about":[{"href":"https:\/\/tiketi.com\/fr-fr\/wp-json\/wp\/v2\/types\/page"}],"author":[{"embeddable":true,"href":"https:\/\/tiketi.com\/fr-fr\/wp-json\/wp\/v2\/users\/1"}],"replies":[{"embeddable":true,"href":"https:\/\/tiketi.com\/fr-fr\/wp-json\/wp\/v2\/comments?post=11909"}],"version-history":[{"count":0,"href":"https:\/\/tiketi.com\/fr-fr\/wp-json\/wp\/v2\/pages\/11909\/revisions"}],"wp:featuredmedia":[{"embeddable":true,"href":"https:\/\/tiketi.com\/fr-fr\/wp-json\/wp\/v2\/media\/14041"}],"wp:attachment":[{"href":"https:\/\/tiketi.com\/fr-fr\/wp-json\/wp\/v2\/media?parent=11909"}],"curies":[{"name":"wp","href":"https:\/\/api.w.org\/{rel}","templated":true}]}}