{"id":11910,"date":"2022-01-19T12:55:23","date_gmt":"2022-01-19T11:55:23","guid":{"rendered":"https:\/\/new.tiketi.com\/cheap-flights-to-senegal\/"},"modified":"2022-02-10T16:46:06","modified_gmt":"2022-02-10T15:46:06","slug":"cheap-flights-to-senegal","status":"publish","type":"page","link":"https:\/\/tiketi.com\/fr-fr\/cheap-flights-to-senegal\/","title":{"rendered":"Vols pas chers vers le S\u00e9n\u00e9gal"},"content":{"rendered":"<h2>\u00c0 la recherche d&#039;un billet d&#039;avion pas cher pour le S\u00e9n\u00e9gal ou d&#039;offres de derni\u00e8re minute ?<\/h2>\n<h3>Recherchez, comparez et r\u00e9servez des vols \u00e0 bas prix pour le S\u00e9n\u00e9gal en ligne d\u00e8s maintenant.<\/h3>\n<p>R\u00e9servez en ligne des vols pas chers pour le S\u00e9n\u00e9gal et \u00e9conomisez de l&#039;argent sur les billets d&#039;avion. Le S\u00e9n\u00e9gal est un d\u00e9lice touristique situ\u00e9 sur la c\u00f4te ouest du continent africain. Cet \u00e9tonnant pays africain poss\u00e8de plusieurs lieux de visite \u00e0 valeur naturelle et un remarquable h\u00e9ritage colonial fran\u00e7ais. Dakar est connue comme la capitale du S\u00e9n\u00e9gal. L&#039;am\u00e9lioration des plages, la faune merveilleuse, la culture riche et les \u00eeles envo\u00fbtantes attirent de nombreux visiteurs pour explorer le S\u00e9n\u00e9gal. Et, si vous pr\u00e9voyez de visiter le S\u00e9n\u00e9gal, vous devez conna\u00eetre certaines des attractions touristiques les plus c\u00e9l\u00e8bres \u00e0 explorer. Alors, jetons un coup d&#039;\u0153il \u00e0 eux. Comparez les prix et obtenez les tarifs les plus bas sur les billets d&#039;avion de S\u00e9n\u00e9gal gr\u00e2ce \u00e0 des offres exceptionnelles sur la r\u00e9servation de billets en ligne de vols S\u00e9n\u00e9gal.<\/p>\n<h2>Voici quelques-unes des meilleures attractions du S\u00e9n\u00e9gal<\/h2>\n<h3>Dakar<\/h3>\n<p>Assurez-vous de visiter le mus\u00e9e IFAN de Dakar pour admirer une incroyable collection de masques ouest-africains et s\u00e9n\u00e9galais, des statues remarquables et de superbes instruments de musique. Vous pouvez trouver ce magnifique mus\u00e9e \u00e0 Dakar, la capitale du S\u00e9n\u00e9gal.<\/p>\n<p>Dans Dark, vous pouvez \u00e9galement trouver certains des march\u00e9s les plus int\u00e9ressants, tels que de nombreux grands march\u00e9s et le March\u00e9 de Tilene. Ne manquez pas de visiter certaines des belles plages c\u00f4ti\u00e8res pour profiter de la baignade que vous pouvez trouver sur l&#039;\u00eele de Madeleine dans les environs de cette capitale.<\/p>\n<h3>Lac Rose<\/h3>\n<p>Le lac rose, \u00e9galement connu sous le nom de lac Rebta, est un magnifique lac plein de couleur rose-violet. Il est connu pour traiter une grande quantit\u00e9 de sel et des esp\u00e8ces sp\u00e9ciales de bact\u00e9ries. Regardez ce lac envo\u00fbtant dans le reflet de la lumi\u00e8re du soleil vous offre une meilleure vue. Conduisez pendant une heure au nord de la capitale Dakar pour assister \u00e0 une superbe r\u00e9colte de sel.<\/p>\n<h3>Saint Louis<\/h3>\n<p>Saint-Louis, \u00e9galement c\u00e9l\u00e8bre sous le nom de Ndar, est l&#039;une des plus anciennes villes coloniales fran\u00e7aises o\u00f9 r\u00e9sidaient la plupart des \u00e9cuyers occidentaux. Cette ville de p\u00eacheurs comprend une partie importante du continent et s&#039;\u00e9tend sur une petite \u00eele.<\/p>\n<h3>\u00cele de Gor\u00e9e<\/h3>\n<p>L&#039;\u00eele de Gor\u00e9e est l&#039;un des lieux de visite les plus c\u00e9l\u00e8bres pr\u00e8s de la c\u00f4te de la capitale Dakar. Il a une histoire de centre de commerce d&#039;esclaves bien connu. C&#039;est un endroit important pour les Afro-Am\u00e9ricains qui le visitent pour rendre hommage au pass\u00e9 de leurs anc\u00eatres.<\/p>\n<h2>FAQ sur les vols pas chers vers le S\u00e9n\u00e9gal<\/h2>\n<h3>Quel est le meilleur moment pour visiter le S\u00e9n\u00e9gal ?<\/h3>\n<p>Novembre \u00e0 avril est le moment id\u00e9al pour visiter le S\u00e9n\u00e9gal. Le S\u00e9n\u00e9gal conna\u00eet une forte saison des pluies de mai \u00e0 septembre, ce qui peut peser sur vos vacances. Les vols bon march\u00e9 vers le S\u00e9n\u00e9gal pendant les mois d&#039;hiver peuvent vous apporter plus de plaisir. Il y aurait moins de jours de pluie et vous pourriez prendre votre temps pour visiter le pays. Les temp\u00e9ratures moyennes restent dans cette plage de boucle d&#039;or : de 25\u00b0C \u00e0 32\u00b0C. La chaleur devient assez excessive apr\u00e8s la mi-avril avec des maximums d\u00e9passant 36\u00b0C. L&#039;humidit\u00e9 au S\u00e9n\u00e9gal, en g\u00e9n\u00e9ral, reste \u00e9galement faible pendant ces p\u00e9riodes, donc \u00e0 partir de novembre. \u00e0 avril, les visiteurs peuvent respirer un air plus frais.<\/p>\n<h3>Quel est le meilleur moment pour r\u00e9server un billet d&#039;avion pas cher pour le S\u00e9n\u00e9gal ?<\/h3>\n<p>Le prix que vous payez pour votre billet d&#039;avion pas cher \u00e0 destination du S\u00e9n\u00e9gal peut varier en fonction de la date de r\u00e9servation. Pour avoir la meilleure chance d&#039;obtenir un tarif inf\u00e9rieur, pensez \u00e0 r\u00e9server soixante jours avant votre voyage. Les prix des vols et des h\u00f4tels au S\u00e9n\u00e9gal sont susceptibles d&#039;augmenter d&#039;une quinzaine de jours, alors r\u00e9servez votre billet \u00e0 l&#039;avance.<\/p>\n<h3>Y a-t-il un grand a\u00e9roport international au S\u00e9n\u00e9gal ?<\/h3>\n<p>Le S\u00e9n\u00e9gal n&#039;a qu&#039;un seul a\u00e9roport international. L&#039;a\u00e9roport international Blaise Diagne a remplac\u00e9 il y a quelques ann\u00e9es l&#039;a\u00e9roport L\u00e9opold Sedar Senghor et dessert d\u00e9sormais la ville de Dakar. Le nouvel a\u00e9roport de Dakar est \u00e0 cinquante-trois kilom\u00e8tres plus \u00e0 l&#039;int\u00e9rieur du centre-ville. S&#039;y rendre prend une heure en v\u00e9hicule via l&#039;autoroute A1 \u00e0 travers la for\u00eat de Sabikotane. L&#039;a\u00e9roport international Blaise Diagne a \u00e9t\u00e9 con\u00e7u pour g\u00e9rer environ trois millions de passagers chaque ann\u00e9e.<\/p>\n<h3>Quelle est la p\u00e9riode de l&#039;ann\u00e9e la moins ch\u00e8re pour se rendre au S\u00e9n\u00e9gal ?<\/h3>\n<p>Le S\u00e9n\u00e9gal c\u00e9l\u00e8bre des f\u00eates dynamiques dans tout leur esprit. Parmi les autres festivals de l&#039;ann\u00e9e, le Festival de danse traditionnelle et le Festival international d&#039;art sont les plus c\u00e9l\u00e8bres. Goree Diaspora Festival, St. Louis Jazz Festival, Dark Art Biennale, du Sahel pr\u00e9sentent \u00e0 merveille la culture s\u00e9n\u00e9galaise. Alors r\u00e9servez d\u00e8s maintenant votre billet d&#039;avion pas cher pour le S\u00e9n\u00e9gal pour profiter de ces merveilleuses f\u00eates.<\/p>\n<h2>Se d\u00e9placer au S\u00e9n\u00e9gal<\/h2>\n<p>Une fois vos vols directs vers le S\u00e9n\u00e9gal arriv\u00e9s, vous serez rapidement tent\u00e9 par de merveilleuses villes comme Saint-Louis et Dakar. Bien que la transpiration publique soit limit\u00e9e, il est facile de se rendre d&#039;une r\u00e9gion \u00e0 l&#039;autre en train, en bus, en voiture et par des vols locaux bon march\u00e9 au S\u00e9n\u00e9gal.<\/p>\n<p>A Dakar, de petits bus appel\u00e9s car rapides sillonnent les routes, d\u00e9posent et r\u00e9cup\u00e8rent des passagers sur ce qui semble \u00eatre tous les c\u00f4t\u00e9s de la ville. Dans les autres villes et cit\u00e9s, les bus Mercedes connus sous le nom de Ndiaga Ndiaye peuvent accueillir jusqu&#039;\u00e0 trente passagers, et circulent sur des trajets r\u00e9guliers. Un autre choix est le bus Car Mouride, qui assure des liaisons vers les villes de l&#039;int\u00e9rieur.<\/p>\n<p>Si vous souhaitez prolonger vos vacances au S\u00e9n\u00e9gal, un ferry navigue entre l&#039;\u00eele de Gor\u00e9e et Dakar qui constitue la meilleure excursion d&#039;une journ\u00e9e au large. Enfin, une location de voiture est possible et disponible \u00e0 des tarifs pas chers. La plupart des routes sont au meilleur niveau. On parle fran\u00e7ais au S\u00e9n\u00e9gal, alors am\u00e9liorez vos cours de fran\u00e7ais pour au moins \u00eatre capable de vous d\u00e9placer \u00e0 Dakar et demander votre chemin si besoin.<\/p>\n<p>&nbsp;<\/p>","protected":false},"excerpt":{"rendered":"<p>Looking for cheap airline ticket to Senegal or last minute deals? Search, compare and book cheap Senegal flights online now. Book cheap flights to Senegal online and save money on airfare. Senegal is a tourist delight placed on the west coast of the continent of Africa. This amazing African country specs several natural value-visiting places [&hellip;]<\/p>\n","protected":false},"author":1,"featured_media":14041,"parent":0,"menu_order":0,"comment_status":"open","ping_status":"closed","template":"template-home-modern.php","meta":{"footnotes":""},"class_list":["post-11910","page","type-page","status-publish","has-post-thumbnail","hentry"],"yoast_head":"<!-- This site is optimized with the Yoast SEO plugin v27.2 - https:\/\/yoast.com\/product\/yoast-seo-wordpress\/ -->\n<title>Cheap Flights to Senegal<\/title>\n<meta name=\"description\" content=\"Looking for cheap flights to\u00a0Senegal? Search, compare and book cheap airline ticket from to\u00a0Senegal online and save money\" \/>\n<meta name=\"robots\" content=\"index, follow, max-snippet:-1, max-image-preview:large, max-video-preview:-1\" \/>\n<link rel=\"canonical\" href=\"https:\/\/tiketi.com\/fr-fr\/cheap-flights-to-senegal\/\" \/>\n<meta property=\"og:locale\" content=\"fr_FR\" \/>\n<meta property=\"og:type\" content=\"article\" \/>\n<meta property=\"og:title\" content=\"Cheap Flights to Senegal\" \/>\n<meta property=\"og:description\" content=\"Looking for cheap flights to\u00a0Senegal? Search, compare and book cheap airline ticket from to\u00a0Senegal online and save money\" \/>\n<meta property=\"og:url\" content=\"https:\/\/tiketi.com\/fr-fr\/cheap-flights-to-senegal\/\" \/>\n<meta property=\"og:site_name\" content=\"Tiketi.com\" \/>\n<meta property=\"article:publisher\" content=\"https:\/\/www.facebook.com\/TiketiCom\/\" \/>\n<meta property=\"article:modified_time\" content=\"2022-02-10T15:46:06+00:00\" \/>\n<meta property=\"og:image\" content=\"https:\/\/tiketi.com\/wp-content\/uploads\/2022\/01\/flight-ticket-booking-sorasak-KxCJXXGsv9I-unsplas.jpg\" \/>\n\t<meta property=\"og:image:width\" content=\"1200\" \/>\n\t<meta property=\"og:image:height\" content=\"240\" \/>\n\t<meta property=\"og:image:type\" content=\"image\/jpeg\" \/>\n<meta name=\"twitter:card\" content=\"summary_large_image\" \/>\n<meta name=\"twitter:label1\" content=\"Dur\u00e9e de lecture estim\u00e9e\" \/>\n\t<meta name=\"twitter:data1\" content=\"4 minutes\" \/>\n<script type=\"application\/ld+json\" class=\"yoast-schema-graph\">{\"@context\":\"https:\/\/schema.org\",\"@graph\":[{\"@type\":\"WebPage\",\"@id\":\"https:\/\/tiketi.com\/fr-fr\/cheap-flights-to-senegal\/\",\"url\":\"https:\/\/tiketi.com\/fr-fr\/cheap-flights-to-senegal\/\",\"name\":\"Cheap Flights to Senegal\",\"isPartOf\":{\"@id\":\"https:\/\/tiketi.com\/#website\"},\"primaryImageOfPage\":{\"@id\":\"https:\/\/tiketi.com\/fr-fr\/cheap-flights-to-senegal\/#primaryimage\"},\"image\":{\"@id\":\"https:\/\/tiketi.com\/fr-fr\/cheap-flights-to-senegal\/#primaryimage\"},\"thumbnailUrl\":\"https:\/\/tiketi.com\/wp-content\/uploads\/2022\/01\/flight-ticket-booking-sorasak-KxCJXXGsv9I-unsplas.jpg\",\"datePublished\":\"2022-01-19T11:55:23+00:00\",\"dateModified\":\"2022-02-10T15:46:06+00:00\",\"description\":\"Looking for cheap flights to\u00a0Senegal? Search, compare and book cheap airline ticket from to\u00a0Senegal online and save money\",\"breadcrumb\":{\"@id\":\"https:\/\/tiketi.com\/fr-fr\/cheap-flights-to-senegal\/#breadcrumb\"},\"inLanguage\":\"fr-FR\",\"potentialAction\":[{\"@type\":\"ReadAction\",\"target\":[\"https:\/\/tiketi.com\/fr-fr\/cheap-flights-to-senegal\/\"]}]},{\"@type\":\"ImageObject\",\"inLanguage\":\"fr-FR\",\"@id\":\"https:\/\/tiketi.com\/fr-fr\/cheap-flights-to-senegal\/#primaryimage\",\"url\":\"https:\/\/tiketi.com\/wp-content\/uploads\/2022\/01\/flight-ticket-booking-sorasak-KxCJXXGsv9I-unsplas.jpg\",\"contentUrl\":\"https:\/\/tiketi.com\/wp-content\/uploads\/2022\/01\/flight-ticket-booking-sorasak-KxCJXXGsv9I-unsplas.jpg\",\"width\":1200,\"height\":240,\"caption\":\"Online flight ticket booking\"},{\"@type\":\"BreadcrumbList\",\"@id\":\"https:\/\/tiketi.com\/fr-fr\/cheap-flights-to-senegal\/#breadcrumb\",\"itemListElement\":[{\"@type\":\"ListItem\",\"position\":1,\"name\":\"Home\",\"item\":\"https:\/\/tiketi.com\/\"},{\"@type\":\"ListItem\",\"position\":2,\"name\":\"Cheap Flights to Senegal\"}]},{\"@type\":\"WebSite\",\"@id\":\"https:\/\/tiketi.com\/#website\",\"url\":\"https:\/\/tiketi.com\/\",\"name\":\"Flight & Bus Tickets, Tour Packages & Activitites - Tiketi.com\",\"description\":\"Flight &amp; Bus Tickets, Tours, Activitites\",\"publisher\":{\"@id\":\"https:\/\/tiketi.com\/#organization\"},\"potentialAction\":[{\"@type\":\"SearchAction\",\"target\":{\"@type\":\"EntryPoint\",\"urlTemplate\":\"https:\/\/tiketi.com\/?s={search_term_string}\"},\"query-input\":{\"@type\":\"PropertyValueSpecification\",\"valueRequired\":true,\"valueName\":\"search_term_string\"}}],\"inLanguage\":\"fr-FR\"},{\"@type\":\"Organization\",\"@id\":\"https:\/\/tiketi.com\/#organization\",\"name\":\"Tiketi.com\",\"alternateName\":\"Tiketi\",\"url\":\"https:\/\/tiketi.com\/\",\"logo\":{\"@type\":\"ImageObject\",\"inLanguage\":\"fr-FR\",\"@id\":\"https:\/\/tiketi.com\/#\/schema\/logo\/image\/\",\"url\":\"https:\/\/tiketi.com\/wp-content\/uploads\/2019\/05\/tiketi-logo-696.png\",\"contentUrl\":\"https:\/\/tiketi.com\/wp-content\/uploads\/2019\/05\/tiketi-logo-696.png\",\"width\":696,\"height\":696,\"caption\":\"Tiketi.com\"},\"image\":{\"@id\":\"https:\/\/tiketi.com\/#\/schema\/logo\/image\/\"},\"sameAs\":[\"https:\/\/www.facebook.com\/TiketiCom\/\"]}]}<\/script>\n<!-- \/ Yoast SEO plugin. -->","yoast_head_json":{"title":"Vols pas chers vers le S\u00e9n\u00e9gal","description":"Vous cherchez des vols pas chers pour le S\u00e9n\u00e9gal ? Recherchez, comparez et r\u00e9servez en ligne un billet d&#039;avion pas cher de vers S\u00e9n\u00e9gal et \u00e9conomisez de l&#039;argent","robots":{"index":"index","follow":"follow","max-snippet":"max-snippet:-1","max-image-preview":"max-image-preview:large","max-video-preview":"max-video-preview:-1"},"canonical":"https:\/\/tiketi.com\/fr-fr\/cheap-flights-to-senegal\/","og_locale":"fr_FR","og_type":"article","og_title":"Cheap Flights to Senegal","og_description":"Looking for cheap flights to\u00a0Senegal? Search, compare and book cheap airline ticket from to\u00a0Senegal online and save money","og_url":"https:\/\/tiketi.com\/fr-fr\/cheap-flights-to-senegal\/","og_site_name":"Tiketi.com","article_publisher":"https:\/\/www.facebook.com\/TiketiCom\/","article_modified_time":"2022-02-10T15:46:06+00:00","og_image":[{"width":1200,"height":240,"url":"https:\/\/tiketi.com\/wp-content\/uploads\/2022\/01\/flight-ticket-booking-sorasak-KxCJXXGsv9I-unsplas.jpg","type":"image\/jpeg"}],"twitter_card":"summary_large_image","twitter_misc":{"Dur\u00e9e de lecture estim\u00e9e":"4 minutes"},"schema":{"@context":"https:\/\/schema.org","@graph":[{"@type":"WebPage","@id":"https:\/\/tiketi.com\/fr-fr\/cheap-flights-to-senegal\/","url":"https:\/\/tiketi.com\/fr-fr\/cheap-flights-to-senegal\/","name":"Vols pas chers vers le S\u00e9n\u00e9gal","isPartOf":{"@id":"https:\/\/tiketi.com\/#website"},"primaryImageOfPage":{"@id":"https:\/\/tiketi.com\/fr-fr\/cheap-flights-to-senegal\/#primaryimage"},"image":{"@id":"https:\/\/tiketi.com\/fr-fr\/cheap-flights-to-senegal\/#primaryimage"},"thumbnailUrl":"https:\/\/tiketi.com\/wp-content\/uploads\/2022\/01\/flight-ticket-booking-sorasak-KxCJXXGsv9I-unsplas.jpg","datePublished":"2022-01-19T11:55:23+00:00","dateModified":"2022-02-10T15:46:06+00:00","description":"Vous cherchez des vols pas chers pour le S\u00e9n\u00e9gal ? Recherchez, comparez et r\u00e9servez en ligne un billet d&#039;avion pas cher de vers S\u00e9n\u00e9gal et \u00e9conomisez de l&#039;argent","breadcrumb":{"@id":"https:\/\/tiketi.com\/fr-fr\/cheap-flights-to-senegal\/#breadcrumb"},"inLanguage":"fr-FR","potentialAction":[{"@type":"ReadAction","target":["https:\/\/tiketi.com\/fr-fr\/cheap-flights-to-senegal\/"]}]},{"@type":"ImageObject","inLanguage":"fr-FR","@id":"https:\/\/tiketi.com\/fr-fr\/cheap-flights-to-senegal\/#primaryimage","url":"https:\/\/tiketi.com\/wp-content\/uploads\/2022\/01\/flight-ticket-booking-sorasak-KxCJXXGsv9I-unsplas.jpg","contentUrl":"https:\/\/tiketi.com\/wp-content\/uploads\/2022\/01\/flight-ticket-booking-sorasak-KxCJXXGsv9I-unsplas.jpg","width":1200,"height":240,"caption":"Online flight ticket booking"},{"@type":"BreadcrumbList","@id":"https:\/\/tiketi.com\/fr-fr\/cheap-flights-to-senegal\/#breadcrumb","itemListElement":[{"@type":"ListItem","position":1,"name":"Home","item":"https:\/\/tiketi.com\/"},{"@type":"ListItem","position":2,"name":"Cheap Flights to Senegal"}]},{"@type":"WebSite","@id":"https:\/\/tiketi.com\/#website","url":"https:\/\/tiketi.com\/","name":"Billets d&#039;avion et de bus, forfaits touristiques et activit\u00e9s - Tiketi.com","description":"Billets d&#039;avion et de bus, Tours, Activit\u00e9s","publisher":{"@id":"https:\/\/tiketi.com\/#organization"},"potentialAction":[{"@type":"SearchAction","target":{"@type":"EntryPoint","urlTemplate":"https:\/\/tiketi.com\/?s={search_term_string}"},"query-input":{"@type":"PropertyValueSpecification","valueRequired":true,"valueName":"search_term_string"}}],"inLanguage":"fr-FR"},{"@type":"Organization","@id":"https:\/\/tiketi.com\/#organization","name":"Tiketi.com","alternateName":"Tiketi","url":"https:\/\/tiketi.com\/","logo":{"@type":"ImageObject","inLanguage":"fr-FR","@id":"https:\/\/tiketi.com\/#\/schema\/logo\/image\/","url":"https:\/\/tiketi.com\/wp-content\/uploads\/2019\/05\/tiketi-logo-696.png","contentUrl":"https:\/\/tiketi.com\/wp-content\/uploads\/2019\/05\/tiketi-logo-696.png","width":696,"height":696,"caption":"Tiketi.com"},"image":{"@id":"https:\/\/tiketi.com\/#\/schema\/logo\/image\/"},"sameAs":["https:\/\/www.facebook.com\/TiketiCom\/"]}]}},"_links":{"self":[{"href":"https:\/\/tiketi.com\/fr-fr\/wp-json\/wp\/v2\/pages\/11910","targetHints":{"allow":["GET"]}}],"collection":[{"href":"https:\/\/tiketi.com\/fr-fr\/wp-json\/wp\/v2\/pages"}],"about":[{"href":"https:\/\/tiketi.com\/fr-fr\/wp-json\/wp\/v2\/types\/page"}],"author":[{"embeddable":true,"href":"https:\/\/tiketi.com\/fr-fr\/wp-json\/wp\/v2\/users\/1"}],"replies":[{"embeddable":true,"href":"https:\/\/tiketi.com\/fr-fr\/wp-json\/wp\/v2\/comments?post=11910"}],"version-history":[{"count":0,"href":"https:\/\/tiketi.com\/fr-fr\/wp-json\/wp\/v2\/pages\/11910\/revisions"}],"wp:featuredmedia":[{"embeddable":true,"href":"https:\/\/tiketi.com\/fr-fr\/wp-json\/wp\/v2\/media\/14041"}],"wp:attachment":[{"href":"https:\/\/tiketi.com\/fr-fr\/wp-json\/wp\/v2\/media?parent=11910"}],"curies":[{"name":"wp","href":"https:\/\/api.w.org\/{rel}","templated":true}]}}