{"id":11911,"date":"2022-01-19T12:55:23","date_gmt":"2022-01-19T11:55:23","guid":{"rendered":"https:\/\/new.tiketi.com\/cheap-flights-to-malawi\/"},"modified":"2022-02-10T13:55:30","modified_gmt":"2022-02-10T12:55:30","slug":"cheap-flights-to-malawi","status":"publish","type":"page","link":"https:\/\/tiketi.com\/fr-fr\/cheap-flights-to-malawi\/","title":{"rendered":"Vols pas chers vers Mali"},"content":{"rendered":"<h2>\u00c0 la recherche d&#039;un billet d&#039;avion pas cher pour le Malawi ou d&#039;offres de derni\u00e8re minute ?<\/h2>\n<h3>Recherchez, comparez et r\u00e9servez des vols pas chers Malawi en ligne d\u00e8s maintenant.<\/h3>\n<p>R\u00e9servez en ligne des vols pas chers pour le Malawi et \u00e9conomisez de l&#039;argent sur les billets d&#039;avion. Le Malawi est l&#039;un des endroits les plus \u00e9tonnants de la plan\u00e8te. De ses charmants lacs bleus \u00e0 ses habitants toujours souriants et accueillants, le Malawi devrait certainement figurer sur votre liste d&#039;endroits \u00e0 visiter, et lorsque vous le ferez, voici les meilleures choses que nous vous conseillons de faire pendant votre s\u00e9jour. Comparez les prix et obtenez les tarifs les plus bas sur les billets d&#039;avion de Malawi gr\u00e2ce \u00e0 des offres exceptionnelles sur la r\u00e9servation de billets en ligne de vols Malawi.<\/p>\n<h2>Voici quelques-unes des meilleures attractions du Malawi<\/h2>\n<h3>Baie de Nkhata<\/h3>\n<p>La baie de Nkhata est une plaque tournante naturelle et un port pour l&#039;industrie de la p\u00eache locale. Situ\u00e9 \u00e0 une quarantaine de kilom\u00e8tres au sud-est de Mzuzu, il abrite \u00e9galement un march\u00e9 artisanal anim\u00e9. Ici, l&#039;esprit d&#039;entreprise et de cr\u00e9ativit\u00e9 des artisans locaux est fi\u00e8rement expos\u00e9. Parcourez les nombreuses tendances le long de la route jusqu&#039;\u00e0 ce que quelque chose attire votre attention. Masques, bols d\u00e9coratifs, porte-cl\u00e9s personnalis\u00e9s, cr\u00e8ches et colliers ne sont que quelques-uns des articles accessibles.<\/p>\n<h3>Lilongwe<\/h3>\n<p>Depuis 1975, Lilongwe est la capitale du Malawi. comme Blantyre dans le sud, Lilongwe est un centre d&#039;affaires qui a connu une forte croissance de l&#039;infrastructure ces derni\u00e8res ann\u00e9es. Lilongwe est divis\u00e9e en la nouvelle ville (nord) et la vieille ville (sud), ce qui peut rendre les d\u00e9placements difficiles car il y a une distance importante entre les deux. Les taxis sont accessibles dans presque tous les h\u00f4tels.<\/p>\n<h3>Chintheche<\/h3>\n<p>Connue comme l&#039;une des meilleures plages du Malawi, Chintheche poss\u00e8de un sable blanc parfait et un environnement tropical luxuriant qui peut vous faire croire que vous \u00eates sur une \u00eele des Cara\u00efbes. La r\u00e9gion de Chintheche est une destination de week-end r\u00e9put\u00e9e pour les touristes comme pour les locaux. Une promenade le long de la plage de Chintheche montrera une eau cristalline et diff\u00e9rentes formations rocheuses regroup\u00e9es. La r\u00e9gion de Chintheche propose des h\u00e9bergements incroyables pour les familles et les couples, ainsi que des activit\u00e9s de loisirs et culturelles. Plus au sud, la plage de Kande est une autre charmante \u00e9tendue de bord de lac avec camping, h\u00e9bergement et sports nautiques.<\/p>\n<h3>R\u00e9serve faunique de Majete<\/h3>\n<p>Comme le parc national de Liwonde, ce c\u00e9l\u00e8bre parc a fait d&#039;importants progr\u00e8s vers la durabilit\u00e9 et la conservation. Depuis 2003, de nombreuses esp\u00e8ces telles que le rhinoc\u00e9ros noir, l&#039;\u00e9l\u00e9phant et le l\u00e9opard ont \u00e9t\u00e9 r\u00e9introduites pour aider \u00e0 faire de Majete une r\u00e9serve &quot;Big Five&quot;. La r\u00e9serve faunique de Majete est situ\u00e9e dans la basse vall\u00e9e du Shire. Il a une superficie de sept cents kilom\u00e8tres carr\u00e9s et une grande vari\u00e9t\u00e9 de paysages de savane s\u00e8che, de for\u00eats de miombo et de marais.<\/p>\n<h2>FAQ sur les vols pas chers vers le Malawi<\/h2>\n<h3>Meilleur moment pour visiter le Malawi<\/h3>\n<p><strong>Haute saison<\/strong><br \/>\nAlors que le Malawi a 2 saisons principales, humide et s\u00e8che. Au sein de cette saison s\u00e8che commence en mai et dure jusqu&#039;en ao\u00fbt. La saison s\u00e8che au Malawi se caract\u00e9rise par des temp\u00e9ratures plus fra\u00eeches et de magnifiques v\u00e9g\u00e9tations vertes. Des soir\u00e9es fra\u00eeches et croustillantes appellent les visiteurs ainsi que les habitants \u00e0 explorer les merveilleux joyaux du Malawi. De plus, la saison froide et s\u00e8che est le moment id\u00e9al pour observer le gibier et faire de la randonn\u00e9e. pour des paysages vus bien plus superbes \u00e0 cette \u00e9poque.<\/p>\n<p><strong>Hors saison<\/strong><br \/>\nBien que l&#039;avertissement global ait rendu le temps sur toute la plan\u00e8te si impr\u00e9visible, les tendances r\u00e9centes montrent les sch\u00e9mas de la saison des pluies suivie d&#039;une saison s\u00e8che et fra\u00eeche en ao\u00fbt. La temp\u00e9rature commence \u00e0 monter en septembre avec de fortes averses qui provoquent un niveau d&#039;humidit\u00e9 diff\u00e9rent. Ainsi, apparemment, le moment est moins propice pour visiter le Malawi.<\/p>\n<h3>Quel jour est le moins cher pour partir pour Malawi ?<\/h3>\n<p>Le jour le moins cher pour voyager au Malawi est g\u00e9n\u00e9ralement le mardi. Pour le moment, le dimanche est le plus co\u00fbteux.<\/p>\n<h3>\u00c0 quelle heure de la journ\u00e9e est-il bon march\u00e9 de voler\u00a0?<\/h3>\n<p>Pour le moment, les vols au Malawi dans l&#039;apr\u00e8s-midi sont susceptibles d&#039;offrir le meilleur rapport qualit\u00e9-prix pour votre voyage au Malawi. Un vol vers le Malawi le matin sera le plus souvent plus cher.<\/p>\n<h3>Quel est le meilleur moment pour r\u00e9server un billet d&#039;avion pas cher pour le Malawi ?<\/h3>\n<p>Le prix que vous payez pour votre billet d&#039;avion pas cher \u00e0 destination du Malawi peut varier en fonction de la date de r\u00e9servation. Pour avoir les meilleures chances d&#039;obtenir des offres de vols abordables au Malawi, pensez \u00e0 r\u00e9server vingt et un jours avant votre voyage.<\/p>\n<h3>Quelles compagnies a\u00e9riennes op\u00e8rent des vols au Malawi ?<\/h3>\n<p>Il existe de nombreuses compagnies a\u00e9riennes qui proposent des vols pas chers au Malawi, Kenya Airways, Ethiopian, KLM et Air France pour ne citer que les plus grandes. Lorsque vous d\u00e9cidez quelle compagnie a\u00e9rienne garantir le prix de vos billets au Malawi, il est important de tenir compte de votre budget et de vos pr\u00e9f\u00e9rences. Une fois que vous avez planifi\u00e9 la p\u00e9riode approximative de dates, vous pouvez commencer \u00e0 associer quelques compagnies a\u00e9riennes pour voir qui offre le meilleur rapport qualit\u00e9-prix sur vos vols pas chers vers Malawi et votre r\u00e9servation d&#039;h\u00f4tel.<\/p>\n<h2>Se d\u00e9placer au Malawi<\/h2>\n<p>Lorsqu&#039;il s&#039;agit de voyager au Malawi, le moyen le plus remarquable et le plus remarquable de se d\u00e9placer est l&#039;autocar. Les lignes Shire Coach offrent un voyage continu entre Lilongwe et d&#039;autres villes du Malawi.<\/p>\n<p>Vous n&#039;\u00eates pas oblig\u00e9 de r\u00e9server directement des billets d&#039;avion pour le Malawi si vous voyagez depuis d&#039;autres points en Afrique : le passage des fronti\u00e8res n&#039;est pas un probl\u00e8me et des bureaux de change sont accessibles sur place. Les billets d&#039;avion bon march\u00e9 du Mozambique, de la Tanzanie et de l&#039;Afrique du Sud sont facilement accessibles tout au long de l&#039;ann\u00e9e, mais les 3 pays sont accessibles en autocar et le voyage vers le Mozambique et la Tanzanie en ferry peut \u00eatre simplement organis\u00e9.<\/p>\n<p>Les taxis sont toujours un meilleur choix. Mais assurez-vous d&#039;en avoir un apr\u00e8s avoir eu d&#039;importantes n\u00e9gociations sur les tarifs. Les v\u00e9hicules de location sont accessibles \u00e0 la location dans les villes : Lilongwe et Blantyre. Vous pouvez r\u00e9server un v\u00e9hicule bien conditionn\u00e9 \u00e0 l&#039;avance.<\/p>","protected":false},"excerpt":{"rendered":"<p>Looking for cheap airline ticket to Malawi or last minute deals? Search, compare and book cheap Malawi flights online now. Book cheap flights to Malawi online and save money on airfare. Malawi is one of the most amazing places on earth. From her charming blue lakes, to her ever-smiling, welcoming people, Malawi should definitely be [&hellip;]<\/p>\n","protected":false},"author":1,"featured_media":14041,"parent":0,"menu_order":0,"comment_status":"open","ping_status":"closed","template":"template-home-modern.php","meta":{"footnotes":""},"class_list":["post-11911","page","type-page","status-publish","has-post-thumbnail","hentry"],"yoast_head":"<!-- This site is optimized with the Yoast SEO plugin v27.2 - https:\/\/yoast.com\/product\/yoast-seo-wordpress\/ -->\n<title>Cheap Flights to Malawi<\/title>\n<meta name=\"description\" content=\"Looking for cheap flights to Malawi? Search, compare and book cheap airline ticket from to\u00a0Malawi online and save money\" \/>\n<meta name=\"robots\" content=\"index, follow, max-snippet:-1, max-image-preview:large, max-video-preview:-1\" \/>\n<link rel=\"canonical\" href=\"https:\/\/tiketi.com\/fr-fr\/cheap-flights-to-malawi\/\" \/>\n<meta property=\"og:locale\" content=\"fr_FR\" \/>\n<meta property=\"og:type\" content=\"article\" \/>\n<meta property=\"og:title\" content=\"Cheap Flights to Malawi\" \/>\n<meta property=\"og:description\" content=\"Looking for cheap flights to Malawi? Search, compare and book cheap airline ticket from to\u00a0Malawi online and save money\" \/>\n<meta property=\"og:url\" content=\"https:\/\/tiketi.com\/fr-fr\/cheap-flights-to-malawi\/\" \/>\n<meta property=\"og:site_name\" content=\"Tiketi.com\" \/>\n<meta property=\"article:publisher\" content=\"https:\/\/www.facebook.com\/TiketiCom\/\" \/>\n<meta property=\"article:modified_time\" content=\"2022-02-10T12:55:30+00:00\" \/>\n<meta property=\"og:image\" content=\"https:\/\/tiketi.com\/wp-content\/uploads\/2022\/01\/flight-ticket-booking-sorasak-KxCJXXGsv9I-unsplas.jpg\" \/>\n\t<meta property=\"og:image:width\" content=\"1200\" \/>\n\t<meta property=\"og:image:height\" content=\"240\" \/>\n\t<meta property=\"og:image:type\" content=\"image\/jpeg\" \/>\n<meta name=\"twitter:card\" content=\"summary_large_image\" \/>\n<meta name=\"twitter:label1\" content=\"Dur\u00e9e de lecture estim\u00e9e\" \/>\n\t<meta name=\"twitter:data1\" content=\"4 minutes\" \/>\n<script type=\"application\/ld+json\" class=\"yoast-schema-graph\">{\"@context\":\"https:\/\/schema.org\",\"@graph\":[{\"@type\":\"WebPage\",\"@id\":\"https:\/\/tiketi.com\/fr-fr\/cheap-flights-to-malawi\/\",\"url\":\"https:\/\/tiketi.com\/fr-fr\/cheap-flights-to-malawi\/\",\"name\":\"Cheap Flights to Malawi\",\"isPartOf\":{\"@id\":\"https:\/\/tiketi.com\/#website\"},\"primaryImageOfPage\":{\"@id\":\"https:\/\/tiketi.com\/fr-fr\/cheap-flights-to-malawi\/#primaryimage\"},\"image\":{\"@id\":\"https:\/\/tiketi.com\/fr-fr\/cheap-flights-to-malawi\/#primaryimage\"},\"thumbnailUrl\":\"https:\/\/tiketi.com\/wp-content\/uploads\/2022\/01\/flight-ticket-booking-sorasak-KxCJXXGsv9I-unsplas.jpg\",\"datePublished\":\"2022-01-19T11:55:23+00:00\",\"dateModified\":\"2022-02-10T12:55:30+00:00\",\"description\":\"Looking for cheap flights to Malawi? Search, compare and book cheap airline ticket from to\u00a0Malawi online and save money\",\"breadcrumb\":{\"@id\":\"https:\/\/tiketi.com\/fr-fr\/cheap-flights-to-malawi\/#breadcrumb\"},\"inLanguage\":\"fr-FR\",\"potentialAction\":[{\"@type\":\"ReadAction\",\"target\":[\"https:\/\/tiketi.com\/fr-fr\/cheap-flights-to-malawi\/\"]}]},{\"@type\":\"ImageObject\",\"inLanguage\":\"fr-FR\",\"@id\":\"https:\/\/tiketi.com\/fr-fr\/cheap-flights-to-malawi\/#primaryimage\",\"url\":\"https:\/\/tiketi.com\/wp-content\/uploads\/2022\/01\/flight-ticket-booking-sorasak-KxCJXXGsv9I-unsplas.jpg\",\"contentUrl\":\"https:\/\/tiketi.com\/wp-content\/uploads\/2022\/01\/flight-ticket-booking-sorasak-KxCJXXGsv9I-unsplas.jpg\",\"width\":1200,\"height\":240,\"caption\":\"Online flight ticket booking\"},{\"@type\":\"BreadcrumbList\",\"@id\":\"https:\/\/tiketi.com\/fr-fr\/cheap-flights-to-malawi\/#breadcrumb\",\"itemListElement\":[{\"@type\":\"ListItem\",\"position\":1,\"name\":\"Home\",\"item\":\"https:\/\/tiketi.com\/\"},{\"@type\":\"ListItem\",\"position\":2,\"name\":\"Cheap Flights to Malawi\"}]},{\"@type\":\"WebSite\",\"@id\":\"https:\/\/tiketi.com\/#website\",\"url\":\"https:\/\/tiketi.com\/\",\"name\":\"Flight & Bus Tickets, Tour Packages & Activitites - Tiketi.com\",\"description\":\"Flight &amp; Bus Tickets, Tours, Activitites\",\"publisher\":{\"@id\":\"https:\/\/tiketi.com\/#organization\"},\"potentialAction\":[{\"@type\":\"SearchAction\",\"target\":{\"@type\":\"EntryPoint\",\"urlTemplate\":\"https:\/\/tiketi.com\/?s={search_term_string}\"},\"query-input\":{\"@type\":\"PropertyValueSpecification\",\"valueRequired\":true,\"valueName\":\"search_term_string\"}}],\"inLanguage\":\"fr-FR\"},{\"@type\":\"Organization\",\"@id\":\"https:\/\/tiketi.com\/#organization\",\"name\":\"Tiketi.com\",\"alternateName\":\"Tiketi\",\"url\":\"https:\/\/tiketi.com\/\",\"logo\":{\"@type\":\"ImageObject\",\"inLanguage\":\"fr-FR\",\"@id\":\"https:\/\/tiketi.com\/#\/schema\/logo\/image\/\",\"url\":\"https:\/\/tiketi.com\/wp-content\/uploads\/2019\/05\/tiketi-logo-696.png\",\"contentUrl\":\"https:\/\/tiketi.com\/wp-content\/uploads\/2019\/05\/tiketi-logo-696.png\",\"width\":696,\"height\":696,\"caption\":\"Tiketi.com\"},\"image\":{\"@id\":\"https:\/\/tiketi.com\/#\/schema\/logo\/image\/\"},\"sameAs\":[\"https:\/\/www.facebook.com\/TiketiCom\/\"]}]}<\/script>\n<!-- \/ Yoast SEO plugin. -->","yoast_head_json":{"title":"Vols pas chers vers Mali","description":"Vous cherchez des vols pas chers vers Malawi ? Recherchez, comparez et r\u00e9servez en ligne un billet d&#039;avion pas cher de vers Malawi et \u00e9conomisez de l&#039;argent","robots":{"index":"index","follow":"follow","max-snippet":"max-snippet:-1","max-image-preview":"max-image-preview:large","max-video-preview":"max-video-preview:-1"},"canonical":"https:\/\/tiketi.com\/fr-fr\/cheap-flights-to-malawi\/","og_locale":"fr_FR","og_type":"article","og_title":"Cheap Flights to Malawi","og_description":"Looking for cheap flights to Malawi? Search, compare and book cheap airline ticket from to\u00a0Malawi online and save money","og_url":"https:\/\/tiketi.com\/fr-fr\/cheap-flights-to-malawi\/","og_site_name":"Tiketi.com","article_publisher":"https:\/\/www.facebook.com\/TiketiCom\/","article_modified_time":"2022-02-10T12:55:30+00:00","og_image":[{"width":1200,"height":240,"url":"https:\/\/tiketi.com\/wp-content\/uploads\/2022\/01\/flight-ticket-booking-sorasak-KxCJXXGsv9I-unsplas.jpg","type":"image\/jpeg"}],"twitter_card":"summary_large_image","twitter_misc":{"Dur\u00e9e de lecture estim\u00e9e":"4 minutes"},"schema":{"@context":"https:\/\/schema.org","@graph":[{"@type":"WebPage","@id":"https:\/\/tiketi.com\/fr-fr\/cheap-flights-to-malawi\/","url":"https:\/\/tiketi.com\/fr-fr\/cheap-flights-to-malawi\/","name":"Vols pas chers vers Mali","isPartOf":{"@id":"https:\/\/tiketi.com\/#website"},"primaryImageOfPage":{"@id":"https:\/\/tiketi.com\/fr-fr\/cheap-flights-to-malawi\/#primaryimage"},"image":{"@id":"https:\/\/tiketi.com\/fr-fr\/cheap-flights-to-malawi\/#primaryimage"},"thumbnailUrl":"https:\/\/tiketi.com\/wp-content\/uploads\/2022\/01\/flight-ticket-booking-sorasak-KxCJXXGsv9I-unsplas.jpg","datePublished":"2022-01-19T11:55:23+00:00","dateModified":"2022-02-10T12:55:30+00:00","description":"Vous cherchez des vols pas chers vers Malawi ? Recherchez, comparez et r\u00e9servez en ligne un billet d&#039;avion pas cher de vers Malawi et \u00e9conomisez de l&#039;argent","breadcrumb":{"@id":"https:\/\/tiketi.com\/fr-fr\/cheap-flights-to-malawi\/#breadcrumb"},"inLanguage":"fr-FR","potentialAction":[{"@type":"ReadAction","target":["https:\/\/tiketi.com\/fr-fr\/cheap-flights-to-malawi\/"]}]},{"@type":"ImageObject","inLanguage":"fr-FR","@id":"https:\/\/tiketi.com\/fr-fr\/cheap-flights-to-malawi\/#primaryimage","url":"https:\/\/tiketi.com\/wp-content\/uploads\/2022\/01\/flight-ticket-booking-sorasak-KxCJXXGsv9I-unsplas.jpg","contentUrl":"https:\/\/tiketi.com\/wp-content\/uploads\/2022\/01\/flight-ticket-booking-sorasak-KxCJXXGsv9I-unsplas.jpg","width":1200,"height":240,"caption":"Online flight ticket booking"},{"@type":"BreadcrumbList","@id":"https:\/\/tiketi.com\/fr-fr\/cheap-flights-to-malawi\/#breadcrumb","itemListElement":[{"@type":"ListItem","position":1,"name":"Home","item":"https:\/\/tiketi.com\/"},{"@type":"ListItem","position":2,"name":"Cheap Flights to Malawi"}]},{"@type":"WebSite","@id":"https:\/\/tiketi.com\/#website","url":"https:\/\/tiketi.com\/","name":"Billets d&#039;avion et de bus, forfaits touristiques et activit\u00e9s - Tiketi.com","description":"Billets d&#039;avion et de bus, Tours, Activit\u00e9s","publisher":{"@id":"https:\/\/tiketi.com\/#organization"},"potentialAction":[{"@type":"SearchAction","target":{"@type":"EntryPoint","urlTemplate":"https:\/\/tiketi.com\/?s={search_term_string}"},"query-input":{"@type":"PropertyValueSpecification","valueRequired":true,"valueName":"search_term_string"}}],"inLanguage":"fr-FR"},{"@type":"Organization","@id":"https:\/\/tiketi.com\/#organization","name":"Tiketi.com","alternateName":"Tiketi","url":"https:\/\/tiketi.com\/","logo":{"@type":"ImageObject","inLanguage":"fr-FR","@id":"https:\/\/tiketi.com\/#\/schema\/logo\/image\/","url":"https:\/\/tiketi.com\/wp-content\/uploads\/2019\/05\/tiketi-logo-696.png","contentUrl":"https:\/\/tiketi.com\/wp-content\/uploads\/2019\/05\/tiketi-logo-696.png","width":696,"height":696,"caption":"Tiketi.com"},"image":{"@id":"https:\/\/tiketi.com\/#\/schema\/logo\/image\/"},"sameAs":["https:\/\/www.facebook.com\/TiketiCom\/"]}]}},"_links":{"self":[{"href":"https:\/\/tiketi.com\/fr-fr\/wp-json\/wp\/v2\/pages\/11911","targetHints":{"allow":["GET"]}}],"collection":[{"href":"https:\/\/tiketi.com\/fr-fr\/wp-json\/wp\/v2\/pages"}],"about":[{"href":"https:\/\/tiketi.com\/fr-fr\/wp-json\/wp\/v2\/types\/page"}],"author":[{"embeddable":true,"href":"https:\/\/tiketi.com\/fr-fr\/wp-json\/wp\/v2\/users\/1"}],"replies":[{"embeddable":true,"href":"https:\/\/tiketi.com\/fr-fr\/wp-json\/wp\/v2\/comments?post=11911"}],"version-history":[{"count":0,"href":"https:\/\/tiketi.com\/fr-fr\/wp-json\/wp\/v2\/pages\/11911\/revisions"}],"wp:featuredmedia":[{"embeddable":true,"href":"https:\/\/tiketi.com\/fr-fr\/wp-json\/wp\/v2\/media\/14041"}],"wp:attachment":[{"href":"https:\/\/tiketi.com\/fr-fr\/wp-json\/wp\/v2\/media?parent=11911"}],"curies":[{"name":"wp","href":"https:\/\/api.w.org\/{rel}","templated":true}]}}