{"id":11912,"date":"2022-01-19T12:55:23","date_gmt":"2022-01-19T11:55:23","guid":{"rendered":"https:\/\/new.tiketi.com\/cheap-flights-to-mozambique\/"},"modified":"2022-02-10T15:34:06","modified_gmt":"2022-02-10T14:34:06","slug":"cheap-flights-to-mozambique","status":"publish","type":"page","link":"https:\/\/tiketi.com\/fr-fr\/cheap-flights-to-mozambique\/","title":{"rendered":"Vols pas chers vers Mozambique"},"content":{"rendered":"<h2>\u00c0 la recherche d&#039;un billet d&#039;avion pas cher pour le Mozambique ou d&#039;offres de derni\u00e8re minute ?<\/h2>\n<h3>Cherchez, comparez et r\u00e9servez des vols pas chers pour Mozambique en ligne d\u00e8s maintenant.<\/h3>\n<p>R\u00e9servez en ligne des vols pas chers pour le Mozambique et \u00e9conomisez de l&#039;argent sur les billets d&#039;avion. Le Mozambique est l&#039;un des pays les plus merveilleux d&#039;Afrique le long de la c\u00f4te de l&#039;oc\u00e9an Indien. Nous mettons en \u00e9vidence certaines des principales attractions du Mozambique qui font de ce pays un lieu africain remarquable. Comparez les prix et obtenez les tarifs les plus bas sur les billets d&#039;avion de Mozambique gr\u00e2ce \u00e0 des offres exceptionnelles sur la r\u00e9servation de billets en ligne de vols Mozambique.<\/p>\n<h2>Voici quelques-unes des meilleures attractions du Mozambique<\/h2>\n<h3>L&#039;\u00eele de Mozambique<\/h3>\n<p>L&#039;\u00eele de Mozambique est l&#039;une des grandes attractions du pays et la plupart des visiteurs aiment l&#039;explorer. Nomm\u00e9e comme l&#039;un des sites du patrimoine mondial de l&#039;UNESCO dans le pays, cette \u00eele abrite une grande partie de la culture et de l&#039;histoire du Mozambique qui remonte aux 17e et 18e si\u00e8cles.<\/p>\n<h3>Ville de Maputo<\/h3>\n<p>Maputo est la capitale du Mozambique. Il est plac\u00e9 vers la partie sud du pays. Maputo est la plus grande ville du Mozambique, et le port le plus vital du pays se trouve \u00e9galement ici.<br \/>\nIl y a diff\u00e9rentes attractions touristiques \u00e0 visiter \u00e0 Maputo et elles contiennent la Maison Eiffel, les Jardins Botaniques de Tunduru, le Mus\u00e9e National d&#039;Art ou la Cath\u00e9drale Notre Dame.<\/p>\n<h3>Bazaruto<\/h3>\n<p>Bazaruto est un archipel compos\u00e9 de 6 \u00eeles : Santa Carolina, Magaruque, Benguerra, Bazaruto et Bangue. Abritant diff\u00e9rentes esp\u00e8ces sauvages, des plages d\u00e9sertes et des r\u00e9cifs vierges avec une grande vari\u00e9t\u00e9 de poissons aux couleurs vives, l&#039;archipel est \u00e9galement un paradis \u00e0 l&#039;abri du grand tourisme. En fait, Bazaruto offre une exp\u00e9rience unique avec tout ce que vous pourriez deviner d&#039;un paradis tropical.<\/p>\n<h3>Parc national de Gorongosa<\/h3>\n<p>Ce parc est situ\u00e9 dans le centre du Mozambique, \u00e0 l&#039;extr\u00e9mit\u00e9 sud de la vall\u00e9e du Grand Rift. Avec environ 4 000 kilom\u00e8tres carr\u00e9s, les parcs b\u00e9n\u00e9ficient d&#039;une biodiversit\u00e9 \u00e9tonnante dans le contexte du continent africain. La r\u00e9gion poss\u00e8de de nombreux \u00e9cosyst\u00e8mes divers, tels que des for\u00eats, des savanes, des prairies, qui constituent des situations particuli\u00e8res pour la faune. Les visiteurs des parcs peuvent apercevoir des troupeaux d&#039;\u00e9l\u00e9phants et d&#039;antilopes, des hippopotames, des crocodiles, des lions et plus de trois cents esp\u00e8ces d&#039;oiseaux diff\u00e9rentes.<\/p>\n<h3>Inhaca<\/h3>\n<p>Situ\u00e9e \u00e0 seulement trente kilom\u00e8tres de Maputo, l&#039;\u00eele d&#039;Inhaca est id\u00e9ale pour une excursion d&#039;une journ\u00e9e depuis la capitale mozambicaine. Avec des plages charmantes et sereines, c&#039;est un meilleur endroit pour plonger avec une abondance de r\u00e9cifs color\u00e9s et de poissons, et pour la p\u00eache en haute mer. Vous pouvez \u00e9galement visiter l&#039;ancien phare, ainsi que le mus\u00e9e de la biologie marine et l&#039;\u00eele de Santa Maria.<\/p>\n<h2>FAQ sur les vols pas chers vers le Mozambique<\/h2>\n<h3>Meilleure p\u00e9riode pour partir au Mozambique<\/h3>\n<p><strong>Haute saison<\/strong><br \/>\nMai \u00e0 fin octobre est la saison s\u00e8che et lorsque la plupart des visiteurs r\u00e9servent des billets d&#039;avion bon march\u00e9 pour le Mozambique. Le temps est plus sec et plus frais. Les mois d&#039;\u00e9t\u00e9 - juin, juillet et ao\u00fbt sont les mois les plus frais du Mozambique. C&#039;est le moment le plus c\u00e9l\u00e8bre pour s&#039;envoler vers le Mozambique pour des safaris.<\/p>\n<p><strong>Hors saison<\/strong><br \/>\nLa saison des pluies dure de novembre \u00e0 mai. Le temps pendant cette p\u00e9riode est chaud et humide, mais des vols bon march\u00e9 vers le Mozambique et des r\u00e9ductions sur les h\u00f4tels peuvent \u00eatre trouv\u00e9s.<\/p>\n<h3>Quel jour est le moins cher pour voler au Mozambique<\/h3>\n<p>Le jour le moins cher pour prendre l&#039;avion pour le Mozambique est g\u00e9n\u00e9ralement le mardi. Pour le moment, le samedi est le plus cher.<\/p>\n<h3>\u00c0 quelle heure de la journ\u00e9e est-il bon march\u00e9 de voler\u00a0?<\/h3>\n<p>En ce moment, les billets d&#039;avion pas chers au Mozambique \u00e0 midi sont susceptibles d&#039;offrir le meilleur rapport qualit\u00e9-prix pour votre voyage au Mozambique. Les vols au Mozambique dans l&#039;apr\u00e8s-midi seront le plus souvent les plus chers.<\/p>\n<h3>Quel est le meilleur moment pour r\u00e9server un billet d&#039;avion pas cher pour le Mozambique ?<\/h3>\n<p>Pour vous assurer d&#039;obtenir le meilleur prix possible pour un billet d&#039;avion direct vers le Mozambique, vous devez r\u00e9server au moins 55 jours \u00e0 l&#039;avance de la date pr\u00e9vue de votre voyage. Le prix des billets pour le Mozambique peut augmenter si vous retardez et laissez la r\u00e9servation jusqu&#039;\u00e0 une semaine environ avant le d\u00e9part.<\/p>\n<h3>Quelles compagnies a\u00e9riennes proposent des vols au Mozambique ?<\/h3>\n<p>\u2022 Compagnies a\u00e9riennes \u00e9thiopiennes<br \/>\n\u2022 Appuyez sur Portugal<br \/>\n\u2022 Turkish Airlines<br \/>\n\u2022 KLM<br \/>\n\u2022 Kenya Airways<\/p>\n<h3>Quelle est la p\u00e9riode de l&#039;ann\u00e9e la moins ch\u00e8re pour partir pour Mozambique ?<\/h3>\n<p>La p\u00e9riode la moins ch\u00e8re pour venir au Mozambique se situe entre juin et septembre. Pendant ce temps, le Mozambique traverse la p\u00e9riode hivernale avec des temp\u00e9ratures moyennes inf\u00e9rieures \u00e0 22 \u00b0 C. La nuit, la temp\u00e9rature descend en dessous de 15 \u00b0 C, ce qui rend les couvertures et les vestes essentielles pour une exp\u00e9rience parfaite. M\u00eame si le ciel reste g\u00e9n\u00e9ralement d\u00e9gag\u00e9 pendant cette p\u00e9riode, il y a peu de chance qu&#039;une temp\u00eate tropicale ou cyclonique frappe les zones c\u00f4ti\u00e8res au d\u00e9but de cette saison hivernale. Alternativement, la p\u00e9riode de d\u00e9cembre \u00e0 mars est \u00e9galement conviviale pour la poche, mais les visiteurs devront peut-\u00eatre tol\u00e9rer la saison de la mousson en se promenant dans les rues du Mozambique.<\/p>\n<h2>Se d\u00e9placer au Mozambique<\/h2>\n<p>Les vols au Mozambique ne sont pas seulement des moyens d&#039;entrer dans le pays\u00a0: il existe un certain nombre de fronti\u00e8res entre le Mozambique et les pays voisins que sont l&#039;Afrique du Sud, le Malawi, la Tanzanie, le Swaziland, le Zimbabwe et la Zambie.<\/p>\n<p>Les ferries entre le Malawi et le Mozambique font diff\u00e9rentes escales le long des rives du lac Nyasa sur une base hebdomadaire. Les itin\u00e9raires en autocar et les voyages en train sont \u00e9galement r\u00e9put\u00e9s pour les voyages locaux au Mozambique. Les lignes de bus internationales sont le moyen le plus \u00e9conomique de voyager dans toute l&#039;Afrique australe sans r\u00e9server de billets d&#039;avion locaux bon march\u00e9 pour le Mozambique vers divers points en Tanzanie, en Afrique du Sud et en Zambie.<\/p>\n<p>Une fois arriv\u00e9 au Mozambique, les d\u00e9placements dans les grandes villes en chapas (minibus) ou en machibombo (bus) sont courants, mais ces services ne sont disponibles que pour les petites villes.<\/p>","protected":false},"excerpt":{"rendered":"<p>Looking for cheap airline ticket to Mozambique or last minute deals? Search, compare and book cheap Mozambique flights online now. Book cheap flights to Mozambique online and save money on airfare. Mozambique is one of Africa&#8217;s most wonderful countries along the coast of Africa&#8217;s Indian Ocean. We highlight some of the top attractions in Mozambique [&hellip;]<\/p>\n","protected":false},"author":1,"featured_media":14041,"parent":0,"menu_order":0,"comment_status":"open","ping_status":"closed","template":"template-home-modern.php","meta":{"footnotes":""},"class_list":["post-11912","page","type-page","status-publish","has-post-thumbnail","hentry"],"yoast_head":"<!-- This site is optimized with the Yoast SEO plugin v27.2 - https:\/\/yoast.com\/product\/yoast-seo-wordpress\/ -->\n<title>Cheap Flights to\u00a0Mozambique<\/title>\n<meta name=\"description\" content=\"Looking for cheap flights to\u00a0Mozambique? Search, compare and book cheap airline ticket from to\u00a0Mozambique online and save money\" \/>\n<meta name=\"robots\" content=\"index, follow, max-snippet:-1, max-image-preview:large, max-video-preview:-1\" \/>\n<link rel=\"canonical\" href=\"https:\/\/tiketi.com\/fr-fr\/cheap-flights-to-mozambique\/\" \/>\n<meta property=\"og:locale\" content=\"fr_FR\" \/>\n<meta property=\"og:type\" content=\"article\" \/>\n<meta property=\"og:title\" content=\"Cheap Flights to\u00a0Mozambique\" \/>\n<meta property=\"og:description\" content=\"Looking for cheap flights to\u00a0Mozambique? Search, compare and book cheap airline ticket from to\u00a0Mozambique online and save money\" \/>\n<meta property=\"og:url\" content=\"https:\/\/tiketi.com\/fr-fr\/cheap-flights-to-mozambique\/\" \/>\n<meta property=\"og:site_name\" content=\"Tiketi.com\" \/>\n<meta property=\"article:publisher\" content=\"https:\/\/www.facebook.com\/TiketiCom\/\" \/>\n<meta property=\"article:modified_time\" content=\"2022-02-10T14:34:06+00:00\" \/>\n<meta property=\"og:image\" content=\"https:\/\/tiketi.com\/wp-content\/uploads\/2022\/01\/flight-ticket-booking-sorasak-KxCJXXGsv9I-unsplas.jpg\" \/>\n\t<meta property=\"og:image:width\" content=\"1200\" \/>\n\t<meta property=\"og:image:height\" content=\"240\" \/>\n\t<meta property=\"og:image:type\" content=\"image\/jpeg\" \/>\n<meta name=\"twitter:card\" content=\"summary_large_image\" \/>\n<meta name=\"twitter:label1\" content=\"Dur\u00e9e de lecture estim\u00e9e\" \/>\n\t<meta name=\"twitter:data1\" content=\"4 minutes\" \/>\n<script type=\"application\/ld+json\" class=\"yoast-schema-graph\">{\"@context\":\"https:\/\/schema.org\",\"@graph\":[{\"@type\":\"WebPage\",\"@id\":\"https:\/\/tiketi.com\/en-gb\/cheap-flights-to-mozambique\/\",\"url\":\"https:\/\/tiketi.com\/en-gb\/cheap-flights-to-mozambique\/\",\"name\":\"Cheap Flights to\u00a0Mozambique\",\"isPartOf\":{\"@id\":\"https:\/\/tiketi.com\/#website\"},\"primaryImageOfPage\":{\"@id\":\"https:\/\/tiketi.com\/en-gb\/cheap-flights-to-mozambique\/#primaryimage\"},\"image\":{\"@id\":\"https:\/\/tiketi.com\/en-gb\/cheap-flights-to-mozambique\/#primaryimage\"},\"thumbnailUrl\":\"https:\/\/tiketi.com\/wp-content\/uploads\/2022\/01\/flight-ticket-booking-sorasak-KxCJXXGsv9I-unsplas.jpg\",\"datePublished\":\"2022-01-19T11:55:23+00:00\",\"dateModified\":\"2022-02-10T14:34:06+00:00\",\"description\":\"Looking for cheap flights to\u00a0Mozambique? Search, compare and book cheap airline ticket from to\u00a0Mozambique online and save money\",\"breadcrumb\":{\"@id\":\"https:\/\/tiketi.com\/en-gb\/cheap-flights-to-mozambique\/#breadcrumb\"},\"inLanguage\":\"fr-FR\",\"potentialAction\":[{\"@type\":\"ReadAction\",\"target\":[\"https:\/\/tiketi.com\/en-gb\/cheap-flights-to-mozambique\/\"]}]},{\"@type\":\"ImageObject\",\"inLanguage\":\"fr-FR\",\"@id\":\"https:\/\/tiketi.com\/en-gb\/cheap-flights-to-mozambique\/#primaryimage\",\"url\":\"https:\/\/tiketi.com\/wp-content\/uploads\/2022\/01\/flight-ticket-booking-sorasak-KxCJXXGsv9I-unsplas.jpg\",\"contentUrl\":\"https:\/\/tiketi.com\/wp-content\/uploads\/2022\/01\/flight-ticket-booking-sorasak-KxCJXXGsv9I-unsplas.jpg\",\"width\":1200,\"height\":240,\"caption\":\"Online flight ticket booking\"},{\"@type\":\"BreadcrumbList\",\"@id\":\"https:\/\/tiketi.com\/en-gb\/cheap-flights-to-mozambique\/#breadcrumb\",\"itemListElement\":[{\"@type\":\"ListItem\",\"position\":1,\"name\":\"Home\",\"item\":\"https:\/\/tiketi.com\/\"},{\"@type\":\"ListItem\",\"position\":2,\"name\":\"Cheap Flights to\u00a0Mozambique\"}]},{\"@type\":\"WebSite\",\"@id\":\"https:\/\/tiketi.com\/#website\",\"url\":\"https:\/\/tiketi.com\/\",\"name\":\"Flight & Bus Tickets, Tour Packages & Activitites - Tiketi.com\",\"description\":\"Flight &amp; Bus Tickets, Tours, Activitites\",\"publisher\":{\"@id\":\"https:\/\/tiketi.com\/#organization\"},\"potentialAction\":[{\"@type\":\"SearchAction\",\"target\":{\"@type\":\"EntryPoint\",\"urlTemplate\":\"https:\/\/tiketi.com\/?s={search_term_string}\"},\"query-input\":{\"@type\":\"PropertyValueSpecification\",\"valueRequired\":true,\"valueName\":\"search_term_string\"}}],\"inLanguage\":\"fr-FR\"},{\"@type\":\"Organization\",\"@id\":\"https:\/\/tiketi.com\/#organization\",\"name\":\"Tiketi.com\",\"alternateName\":\"Tiketi\",\"url\":\"https:\/\/tiketi.com\/\",\"logo\":{\"@type\":\"ImageObject\",\"inLanguage\":\"fr-FR\",\"@id\":\"https:\/\/tiketi.com\/#\/schema\/logo\/image\/\",\"url\":\"https:\/\/tiketi.com\/wp-content\/uploads\/2019\/05\/tiketi-logo-696.png\",\"contentUrl\":\"https:\/\/tiketi.com\/wp-content\/uploads\/2019\/05\/tiketi-logo-696.png\",\"width\":696,\"height\":696,\"caption\":\"Tiketi.com\"},\"image\":{\"@id\":\"https:\/\/tiketi.com\/#\/schema\/logo\/image\/\"},\"sameAs\":[\"https:\/\/www.facebook.com\/TiketiCom\/\"]}]}<\/script>\n<!-- \/ Yoast SEO plugin. -->","yoast_head_json":{"title":"Vols pas chers vers Mozambique","description":"Vous cherchez des vols pas chers vers le Mozambique ? Recherchez, comparez et r\u00e9servez en ligne un billet d&#039;avion pas cher de vers Mozambique et \u00e9conomisez de l&#039;argent","robots":{"index":"index","follow":"follow","max-snippet":"max-snippet:-1","max-image-preview":"max-image-preview:large","max-video-preview":"max-video-preview:-1"},"canonical":"https:\/\/tiketi.com\/fr-fr\/cheap-flights-to-mozambique\/","og_locale":"fr_FR","og_type":"article","og_title":"Cheap Flights to\u00a0Mozambique","og_description":"Looking for cheap flights to\u00a0Mozambique? Search, compare and book cheap airline ticket from to\u00a0Mozambique online and save money","og_url":"https:\/\/tiketi.com\/fr-fr\/cheap-flights-to-mozambique\/","og_site_name":"Tiketi.com","article_publisher":"https:\/\/www.facebook.com\/TiketiCom\/","article_modified_time":"2022-02-10T14:34:06+00:00","og_image":[{"width":1200,"height":240,"url":"https:\/\/tiketi.com\/wp-content\/uploads\/2022\/01\/flight-ticket-booking-sorasak-KxCJXXGsv9I-unsplas.jpg","type":"image\/jpeg"}],"twitter_card":"summary_large_image","twitter_misc":{"Dur\u00e9e de lecture estim\u00e9e":"4 minutes"},"schema":{"@context":"https:\/\/schema.org","@graph":[{"@type":"WebPage","@id":"https:\/\/tiketi.com\/en-gb\/cheap-flights-to-mozambique\/","url":"https:\/\/tiketi.com\/en-gb\/cheap-flights-to-mozambique\/","name":"Vols pas chers vers Mozambique","isPartOf":{"@id":"https:\/\/tiketi.com\/#website"},"primaryImageOfPage":{"@id":"https:\/\/tiketi.com\/en-gb\/cheap-flights-to-mozambique\/#primaryimage"},"image":{"@id":"https:\/\/tiketi.com\/en-gb\/cheap-flights-to-mozambique\/#primaryimage"},"thumbnailUrl":"https:\/\/tiketi.com\/wp-content\/uploads\/2022\/01\/flight-ticket-booking-sorasak-KxCJXXGsv9I-unsplas.jpg","datePublished":"2022-01-19T11:55:23+00:00","dateModified":"2022-02-10T14:34:06+00:00","description":"Vous cherchez des vols pas chers vers le Mozambique ? Recherchez, comparez et r\u00e9servez en ligne un billet d&#039;avion pas cher de vers Mozambique et \u00e9conomisez de l&#039;argent","breadcrumb":{"@id":"https:\/\/tiketi.com\/en-gb\/cheap-flights-to-mozambique\/#breadcrumb"},"inLanguage":"fr-FR","potentialAction":[{"@type":"ReadAction","target":["https:\/\/tiketi.com\/en-gb\/cheap-flights-to-mozambique\/"]}]},{"@type":"ImageObject","inLanguage":"fr-FR","@id":"https:\/\/tiketi.com\/en-gb\/cheap-flights-to-mozambique\/#primaryimage","url":"https:\/\/tiketi.com\/wp-content\/uploads\/2022\/01\/flight-ticket-booking-sorasak-KxCJXXGsv9I-unsplas.jpg","contentUrl":"https:\/\/tiketi.com\/wp-content\/uploads\/2022\/01\/flight-ticket-booking-sorasak-KxCJXXGsv9I-unsplas.jpg","width":1200,"height":240,"caption":"Online flight ticket booking"},{"@type":"BreadcrumbList","@id":"https:\/\/tiketi.com\/en-gb\/cheap-flights-to-mozambique\/#breadcrumb","itemListElement":[{"@type":"ListItem","position":1,"name":"Home","item":"https:\/\/tiketi.com\/"},{"@type":"ListItem","position":2,"name":"Cheap Flights to\u00a0Mozambique"}]},{"@type":"WebSite","@id":"https:\/\/tiketi.com\/#website","url":"https:\/\/tiketi.com\/","name":"Billets d&#039;avion et de bus, forfaits touristiques et activit\u00e9s - Tiketi.com","description":"Billets d&#039;avion et de bus, Tours, Activit\u00e9s","publisher":{"@id":"https:\/\/tiketi.com\/#organization"},"potentialAction":[{"@type":"SearchAction","target":{"@type":"EntryPoint","urlTemplate":"https:\/\/tiketi.com\/?s={search_term_string}"},"query-input":{"@type":"PropertyValueSpecification","valueRequired":true,"valueName":"search_term_string"}}],"inLanguage":"fr-FR"},{"@type":"Organization","@id":"https:\/\/tiketi.com\/#organization","name":"Tiketi.com","alternateName":"Tiketi","url":"https:\/\/tiketi.com\/","logo":{"@type":"ImageObject","inLanguage":"fr-FR","@id":"https:\/\/tiketi.com\/#\/schema\/logo\/image\/","url":"https:\/\/tiketi.com\/wp-content\/uploads\/2019\/05\/tiketi-logo-696.png","contentUrl":"https:\/\/tiketi.com\/wp-content\/uploads\/2019\/05\/tiketi-logo-696.png","width":696,"height":696,"caption":"Tiketi.com"},"image":{"@id":"https:\/\/tiketi.com\/#\/schema\/logo\/image\/"},"sameAs":["https:\/\/www.facebook.com\/TiketiCom\/"]}]}},"_links":{"self":[{"href":"https:\/\/tiketi.com\/fr-fr\/wp-json\/wp\/v2\/pages\/11912","targetHints":{"allow":["GET"]}}],"collection":[{"href":"https:\/\/tiketi.com\/fr-fr\/wp-json\/wp\/v2\/pages"}],"about":[{"href":"https:\/\/tiketi.com\/fr-fr\/wp-json\/wp\/v2\/types\/page"}],"author":[{"embeddable":true,"href":"https:\/\/tiketi.com\/fr-fr\/wp-json\/wp\/v2\/users\/1"}],"replies":[{"embeddable":true,"href":"https:\/\/tiketi.com\/fr-fr\/wp-json\/wp\/v2\/comments?post=11912"}],"version-history":[{"count":0,"href":"https:\/\/tiketi.com\/fr-fr\/wp-json\/wp\/v2\/pages\/11912\/revisions"}],"wp:featuredmedia":[{"embeddable":true,"href":"https:\/\/tiketi.com\/fr-fr\/wp-json\/wp\/v2\/media\/14041"}],"wp:attachment":[{"href":"https:\/\/tiketi.com\/fr-fr\/wp-json\/wp\/v2\/media?parent=11912"}],"curies":[{"name":"wp","href":"https:\/\/api.w.org\/{rel}","templated":true}]}}