{"id":11914,"date":"2022-01-19T12:55:23","date_gmt":"2022-01-19T11:55:23","guid":{"rendered":"https:\/\/new.tiketi.com\/cheap-flights-to-angola\/"},"modified":"2022-02-10T09:25:18","modified_gmt":"2022-02-10T08:25:18","slug":"cheap-flights-to-angola","status":"publish","type":"page","link":"https:\/\/tiketi.com\/fr-fr\/cheap-flights-to-angola\/","title":{"rendered":"Vols pas chers vers l&#039;Angola"},"content":{"rendered":"<h2>Vous recherchez un billet d&#039;avion pas cher pour l&#039;Angola ou des offres de derni\u00e8re minute ?<\/h2>\n<h3>Recherchez, comparez et r\u00e9servez d\u00e8s maintenant un billet d&#039;avion pas cher Angola en ligne.<\/h3>\n<p>R\u00e9servez des vols pas chers vers l&#039;Angola en ligne et \u00e9conomisez de l&#039;argent sur les billets d&#039;avion. Lorsque vous voyagez en Angola, vous adorerez visiter des lieux touristiques c\u00e9l\u00e8bres et profiter de la culture locale. Le pays est d\u00e9limit\u00e9 par la Namibie au sud, la R\u00e9publique du Congo au nord et la Zambie \u00e0 l&#039;est. La partie ouest de l&#039;Angola est d\u00e9limit\u00e9e par l&#039;oc\u00e9an Atlantique. Comparez les prix et obtenez le tarif le plus bas sur les billets d&#039;avion pour l&#039;Angola gr\u00e2ce \u00e0 des offres exceptionnelles sur la r\u00e9servation de billets en ligne pour les vols en Angola.<\/p>\n<h2>Voici quelques-unes des destinations touristiques les plus charmantes du pays<\/h2>\n<h3>\u00cele de Luanda<\/h3>\n<p>L&#039;\u00eele de Luanda ou llha do Cabo ou llha de Luanda est un lieu de visite charmant en Angola. Cette \u00eele est situ\u00e9e au large de Luanda. Il existe plusieurs stations baln\u00e9aires dans l&#039;int\u00e9rieur des terres et il est connu comme le lieu de collecte des Zimbo, les coquillages qui constituaient la monnaie du roi Kongo avant l&#039;arriv\u00e9e des Portugais.<\/p>\n<h3>Lac Dilolo<\/h3>\n<p>Le lac Dilolo est un lac mythique situ\u00e9 dans la province orientale de Moxico, en R\u00e9publique d&#039;Angola. Le lac Dilolo est le plus grand lac du pays et il se pla\u00eet en dehors des limites du parc Cameia et pr\u00e9sente de vastes roseli\u00e8res et des mar\u00e9cages herbeux riches en esp\u00e8ces d&#039;oiseaux et de vie aquatique.<\/p>\n<h3>La fissure de Tunda Vala<\/h3>\n<p>La fissure de Tunda Vala est l&#039;un des sites les plus remarquables d&#039;Angola. La Fissure est plac\u00e9e en hauteur entre Namibe et Lubango. L&#039;endroit est id\u00e9al pour la randonn\u00e9e et de nombreuses personnes peuvent \u00eatre vues faire du tourisme dans les zones proches. Les paysages de savane, de for\u00eat et d&#039;herbe sont nombreux dans la fissure de Tunda Vala. Si vous ne visitez pas cet endroit, lorsque vous \u00eates en Angola, alors il vous manque un endroit superbe, qui peut vous offrir un moment inoubliable de votre vie.<\/p>\n<h3>Lagon de l&#039;Arche<\/h3>\n<p>L&#039;Arch Lagoon est une superbe oasis situ\u00e9e dans le d\u00e9sert du Namib, \u00e0 proximit\u00e9 de la ville de Tombwa, dans la province m\u00e9ridionale de Namibe, en R\u00e9publique d&#039;Angola. La lagune appel\u00e9e localement \u00ab\u00a0Lagoa do Arco do Carvalhao\u00a0\u00bb est une superbe formation rocheuse naturelle, un lieu sp\u00e9cial et une \u0153uvre d&#039;art sculpt\u00e9e par la nature.<\/p>\n<h3>Vall\u00e9e de la Lune<\/h3>\n<p>L&#039;un des paysages les plus sp\u00e9ciaux de l&#039;Angola est la Vall\u00e9e de la Lune. Il est \u00e9galement c\u00e9l\u00e8bre sous le nom de Wwatchpoint ou Miradouro da Lua. Cette attraction touristique particuli\u00e8re est situ\u00e9e sur la c\u00f4te \u00e0 quarante kilom\u00e8tres au sud de Luanda, en Angola.<\/p>\n<h2>FAQ sur les vols pas chers vers l\u2019Angola<\/h2>\n<h3>Quelle est la p\u00e9riode la moins ch\u00e8re pour visiter l&#039;Angola ?<\/h3>\n<p>La haute saison des vols vers l&#039;Angola va de pair avec l&#039;afflux de visiteurs. Si vous recherchez des vols pas chers et souhaitez \u00e9conomiser sur le prix des billets pour l&#039;Angola. Nous vous conseillons de r\u00e9server vos vols hors haute saison, c&#039;est-\u00e0-dire pendant les mois autres que juin \u00e0 octobre.<br \/>\nAu contraire, les vols bon march\u00e9 vers l&#039;Angola ne peuvent \u00eatre r\u00e9serv\u00e9s pendant la haute saison que si vous r\u00e9servez \u00e0 l&#039;avance.<\/p>\n<h3>Quel est le jour le moins cher pour prendre un vol vers l&#039;Angola ?<\/h3>\n<p>Le mardi est actuellement en moyenne le jour abordable pour prendre un vol vers l&#039;Angola. Prendre l&#039;avion samedi entra\u00eenera une augmentation des offres de billets d&#039;avion vers l&#039;Angola.<\/p>\n<h3>Quelle est la meilleure p\u00e9riode pour visiter l\u2019Angola ?<\/h3>\n<p>Poss\u00e9dant toutes les conditions m\u00e9t\u00e9orologiques, la saison hivernale qui arrive dans le pays en juin et dure jusqu&#039;au d\u00e9but octobre multiplie le nombre de visiteurs dans la ville par rapport \u00e0 toute autre p\u00e9riode de l&#039;ann\u00e9e. Il est \u00e9galement connu comme le meilleur vol vers l\u2019heure de l\u2019Angola. Temp\u00e9r\u00e9 par les altitudes, l&#039;Angola se distingue par un temps orageux de novembre \u00e0 mai, qui n&#039;est pas consid\u00e9r\u00e9 comme le moment le plus appropri\u00e9 pour les vols et les h\u00f4tels en Angola.<\/p>\n<h3>Quelle est la meilleure p\u00e9riode pour r\u00e9server un billet d\u2019avion pas cher pour l\u2019Angola ?<\/h3>\n<p>Le meilleur moment pour r\u00e9server un billet d\u2019avion pour l\u2019Angola est 33 jours avant la date de d\u00e9part pr\u00e9vue. Le co\u00fbt de votre vol augmentera probablement consid\u00e9rablement si vous r\u00e9servez 2 semaines \u00e0 l\u2019avance votre vol vers l\u2019Angola.<\/p>\n<h3>\u00c0 quelle heure de la journ\u00e9e les vols pour l&#039;Angola sont-ils les moins chers ?<\/h3>\n<p>Les vols de l\u2019apr\u00e8s-midi sont g\u00e9n\u00e9ralement le moment le plus abordable de la journ\u00e9e pour se rendre en Angola. Les vols vers l&#039;Angola \u00e0 midi sont g\u00e9n\u00e9ralement les plus chers.<\/p>\n<h3>Combien d&#039;a\u00e9roports y a-t-il en Angola ?<\/h3>\n<p>Tous les vols internationaux atterrissent \u00e0 l&#039;a\u00e9roport international Quatro de Fevereiro, situ\u00e9 \u00e0 environ quatre kilom\u00e8tres de la ville principale de Launda. En raison des besoins plus importants en capacit\u00e9 de vol, un autre a\u00e9roport international est \u00e9galement en construction pour faciliter les vols de la plupart des compagnies a\u00e9riennes vers l&#039;Angola dans un avenir proche.<\/p>\n<h3>Quelles compagnies a\u00e9riennes op\u00e8rent des vols vers l&#039;Angola ?<\/h3>\n<p>\u2022 Compagnies a\u00e9riennes Lufthansa<br \/>\n\u2022 British Airways<br \/>\n\u2022 KLM<br \/>\n\u2022 Air France<br \/>\n\u2022 Compagnies a\u00e9riennes \u00e9thiopiennes<br \/>\n\u2022 Brussels Airlines<br \/>\n\u2022 Appuyez sur Portugal<br \/>\n\u2022 Compagnies a\u00e9riennes \u00e9thiopiennes<\/p>\n<h2>Se d\u00e9placer en Angola<\/h2>\n<p><strong>Voler<\/strong><br \/>\nIl existe un r\u00e9seau d&#039;a\u00e9rodromes et d&#039;a\u00e9roports r\u00e9partis dans tout le pays. Il permet d&#039;acc\u00e9der \u00e0 la plupart des r\u00e9gions depuis Luanda, qui poss\u00e8de l&#039;un des trafics a\u00e9riens les plus denses d&#039;Afrique. La compagnie a\u00e9rienne nationale est TAAG. Angolan Airlines dispose d&#039;un vaste r\u00e9seau local.<\/p>\n<p><strong>Rail<\/strong><br \/>\nLe pays dispose \u00e9galement d&#039;un r\u00e9seau ferroviaire de 2 752 kilom\u00e8tres, vous pouvez visiter n&#039;importe quel endroit du pays gr\u00e2ce au r\u00e9seau ferroviaire.<\/p>\n<p><strong>Route<\/strong><br \/>\nLe r\u00e9seau routier couvre environ 75 000 kilom\u00e8tres du pays et les bus locaux sont facilement disponibles d&#039;un endroit \u00e0 un autre.<\/p>","protected":false},"excerpt":{"rendered":"<p>Looking for cheap airline ticket to Angola or last minute deals? Search, compare and book cheap airline ticket Angola\u00a0online now. Book cheap flights to Angola online and save money on airfare. When you travel to Angola, you will love to visit famous tourist places and enjoy the local culture. \u00a0The country is bounded by Namibia [&hellip;]<\/p>\n","protected":false},"author":1,"featured_media":14041,"parent":0,"menu_order":0,"comment_status":"open","ping_status":"closed","template":"template-home-modern.php","meta":{"footnotes":""},"class_list":["post-11914","page","type-page","status-publish","has-post-thumbnail","hentry"],"yoast_head":"<!-- This site is optimized with the Yoast SEO plugin v27.2 - https:\/\/yoast.com\/product\/yoast-seo-wordpress\/ -->\n<title>Cheap Flights to Angola<\/title>\n<meta name=\"description\" content=\"Looking for cheap flights to\u00a0Angola? Search, compare and book cheap airline ticket from to\u00a0Accra Angola online\" \/>\n<meta name=\"robots\" content=\"index, follow, max-snippet:-1, max-image-preview:large, max-video-preview:-1\" \/>\n<link rel=\"canonical\" href=\"https:\/\/tiketi.com\/fr-fr\/cheap-flights-to-angola\/\" \/>\n<meta property=\"og:locale\" content=\"fr_FR\" \/>\n<meta property=\"og:type\" content=\"article\" \/>\n<meta property=\"og:title\" content=\"Cheap Flights to Angola\" \/>\n<meta property=\"og:description\" content=\"Looking for cheap flights to\u00a0Angola? Search, compare and book cheap airline ticket from to\u00a0Accra Angola online\" \/>\n<meta property=\"og:url\" content=\"https:\/\/tiketi.com\/fr-fr\/cheap-flights-to-angola\/\" \/>\n<meta property=\"og:site_name\" content=\"Tiketi.com\" \/>\n<meta property=\"article:publisher\" content=\"https:\/\/www.facebook.com\/TiketiCom\/\" \/>\n<meta property=\"article:modified_time\" content=\"2022-02-10T08:25:18+00:00\" \/>\n<meta property=\"og:image\" content=\"https:\/\/tiketi.com\/wp-content\/uploads\/2022\/01\/flight-ticket-booking-sorasak-KxCJXXGsv9I-unsplas.jpg\" \/>\n\t<meta property=\"og:image:width\" content=\"1200\" \/>\n\t<meta property=\"og:image:height\" content=\"240\" \/>\n\t<meta property=\"og:image:type\" content=\"image\/jpeg\" \/>\n<meta name=\"twitter:card\" content=\"summary_large_image\" \/>\n<meta name=\"twitter:label1\" content=\"Dur\u00e9e de lecture estim\u00e9e\" \/>\n\t<meta name=\"twitter:data1\" content=\"4 minutes\" \/>\n<script type=\"application\/ld+json\" class=\"yoast-schema-graph\">{\"@context\":\"https:\/\/schema.org\",\"@graph\":[{\"@type\":\"WebPage\",\"@id\":\"https:\/\/tiketi.com\/sw\/cheap-flights-to-angola\/\",\"url\":\"https:\/\/tiketi.com\/sw\/cheap-flights-to-angola\/\",\"name\":\"Cheap Flights to Angola\",\"isPartOf\":{\"@id\":\"https:\/\/tiketi.com\/#website\"},\"primaryImageOfPage\":{\"@id\":\"https:\/\/tiketi.com\/sw\/cheap-flights-to-angola\/#primaryimage\"},\"image\":{\"@id\":\"https:\/\/tiketi.com\/sw\/cheap-flights-to-angola\/#primaryimage\"},\"thumbnailUrl\":\"https:\/\/tiketi.com\/wp-content\/uploads\/2022\/01\/flight-ticket-booking-sorasak-KxCJXXGsv9I-unsplas.jpg\",\"datePublished\":\"2022-01-19T11:55:23+00:00\",\"dateModified\":\"2022-02-10T08:25:18+00:00\",\"description\":\"Looking for cheap flights to\u00a0Angola? Search, compare and book cheap airline ticket from to\u00a0Accra Angola online\",\"breadcrumb\":{\"@id\":\"https:\/\/tiketi.com\/sw\/cheap-flights-to-angola\/#breadcrumb\"},\"inLanguage\":\"fr-FR\",\"potentialAction\":[{\"@type\":\"ReadAction\",\"target\":[\"https:\/\/tiketi.com\/sw\/cheap-flights-to-angola\/\"]}]},{\"@type\":\"ImageObject\",\"inLanguage\":\"fr-FR\",\"@id\":\"https:\/\/tiketi.com\/sw\/cheap-flights-to-angola\/#primaryimage\",\"url\":\"https:\/\/tiketi.com\/wp-content\/uploads\/2022\/01\/flight-ticket-booking-sorasak-KxCJXXGsv9I-unsplas.jpg\",\"contentUrl\":\"https:\/\/tiketi.com\/wp-content\/uploads\/2022\/01\/flight-ticket-booking-sorasak-KxCJXXGsv9I-unsplas.jpg\",\"width\":1200,\"height\":240,\"caption\":\"Online flight ticket booking\"},{\"@type\":\"BreadcrumbList\",\"@id\":\"https:\/\/tiketi.com\/sw\/cheap-flights-to-angola\/#breadcrumb\",\"itemListElement\":[{\"@type\":\"ListItem\",\"position\":1,\"name\":\"Home\",\"item\":\"https:\/\/tiketi.com\/\"},{\"@type\":\"ListItem\",\"position\":2,\"name\":\"Cheap Flights to Angola\"}]},{\"@type\":\"WebSite\",\"@id\":\"https:\/\/tiketi.com\/#website\",\"url\":\"https:\/\/tiketi.com\/\",\"name\":\"Flight & Bus Tickets, Tour Packages & Activitites - Tiketi.com\",\"description\":\"Flight &amp; Bus Tickets, Tours, Activitites\",\"publisher\":{\"@id\":\"https:\/\/tiketi.com\/#organization\"},\"potentialAction\":[{\"@type\":\"SearchAction\",\"target\":{\"@type\":\"EntryPoint\",\"urlTemplate\":\"https:\/\/tiketi.com\/?s={search_term_string}\"},\"query-input\":{\"@type\":\"PropertyValueSpecification\",\"valueRequired\":true,\"valueName\":\"search_term_string\"}}],\"inLanguage\":\"fr-FR\"},{\"@type\":\"Organization\",\"@id\":\"https:\/\/tiketi.com\/#organization\",\"name\":\"Tiketi.com\",\"alternateName\":\"Tiketi\",\"url\":\"https:\/\/tiketi.com\/\",\"logo\":{\"@type\":\"ImageObject\",\"inLanguage\":\"fr-FR\",\"@id\":\"https:\/\/tiketi.com\/#\/schema\/logo\/image\/\",\"url\":\"https:\/\/tiketi.com\/wp-content\/uploads\/2019\/05\/tiketi-logo-696.png\",\"contentUrl\":\"https:\/\/tiketi.com\/wp-content\/uploads\/2019\/05\/tiketi-logo-696.png\",\"width\":696,\"height\":696,\"caption\":\"Tiketi.com\"},\"image\":{\"@id\":\"https:\/\/tiketi.com\/#\/schema\/logo\/image\/\"},\"sameAs\":[\"https:\/\/www.facebook.com\/TiketiCom\/\"]}]}<\/script>\n<!-- \/ Yoast SEO plugin. -->","yoast_head_json":{"title":"Vols pas chers vers l&#039;Angola","description":"Vous recherchez des vols pas chers pour l\u2019Angola ? Recherchez, comparez et r\u00e9servez un billet d&#039;avion pas cher de \u00e0 Accra Angola en ligne","robots":{"index":"index","follow":"follow","max-snippet":"max-snippet:-1","max-image-preview":"max-image-preview:large","max-video-preview":"max-video-preview:-1"},"canonical":"https:\/\/tiketi.com\/fr-fr\/cheap-flights-to-angola\/","og_locale":"fr_FR","og_type":"article","og_title":"Cheap Flights to Angola","og_description":"Looking for cheap flights to\u00a0Angola? Search, compare and book cheap airline ticket from to\u00a0Accra Angola online","og_url":"https:\/\/tiketi.com\/fr-fr\/cheap-flights-to-angola\/","og_site_name":"Tiketi.com","article_publisher":"https:\/\/www.facebook.com\/TiketiCom\/","article_modified_time":"2022-02-10T08:25:18+00:00","og_image":[{"width":1200,"height":240,"url":"https:\/\/tiketi.com\/wp-content\/uploads\/2022\/01\/flight-ticket-booking-sorasak-KxCJXXGsv9I-unsplas.jpg","type":"image\/jpeg"}],"twitter_card":"summary_large_image","twitter_misc":{"Dur\u00e9e de lecture estim\u00e9e":"4 minutes"},"schema":{"@context":"https:\/\/schema.org","@graph":[{"@type":"WebPage","@id":"https:\/\/tiketi.com\/sw\/cheap-flights-to-angola\/","url":"https:\/\/tiketi.com\/sw\/cheap-flights-to-angola\/","name":"Vols pas chers vers l&#039;Angola","isPartOf":{"@id":"https:\/\/tiketi.com\/#website"},"primaryImageOfPage":{"@id":"https:\/\/tiketi.com\/sw\/cheap-flights-to-angola\/#primaryimage"},"image":{"@id":"https:\/\/tiketi.com\/sw\/cheap-flights-to-angola\/#primaryimage"},"thumbnailUrl":"https:\/\/tiketi.com\/wp-content\/uploads\/2022\/01\/flight-ticket-booking-sorasak-KxCJXXGsv9I-unsplas.jpg","datePublished":"2022-01-19T11:55:23+00:00","dateModified":"2022-02-10T08:25:18+00:00","description":"Vous recherchez des vols pas chers pour l\u2019Angola ? Recherchez, comparez et r\u00e9servez un billet d&#039;avion pas cher de \u00e0 Accra Angola en ligne","breadcrumb":{"@id":"https:\/\/tiketi.com\/sw\/cheap-flights-to-angola\/#breadcrumb"},"inLanguage":"fr-FR","potentialAction":[{"@type":"ReadAction","target":["https:\/\/tiketi.com\/sw\/cheap-flights-to-angola\/"]}]},{"@type":"ImageObject","inLanguage":"fr-FR","@id":"https:\/\/tiketi.com\/sw\/cheap-flights-to-angola\/#primaryimage","url":"https:\/\/tiketi.com\/wp-content\/uploads\/2022\/01\/flight-ticket-booking-sorasak-KxCJXXGsv9I-unsplas.jpg","contentUrl":"https:\/\/tiketi.com\/wp-content\/uploads\/2022\/01\/flight-ticket-booking-sorasak-KxCJXXGsv9I-unsplas.jpg","width":1200,"height":240,"caption":"Online flight ticket booking"},{"@type":"BreadcrumbList","@id":"https:\/\/tiketi.com\/sw\/cheap-flights-to-angola\/#breadcrumb","itemListElement":[{"@type":"ListItem","position":1,"name":"Home","item":"https:\/\/tiketi.com\/"},{"@type":"ListItem","position":2,"name":"Cheap Flights to Angola"}]},{"@type":"WebSite","@id":"https:\/\/tiketi.com\/#website","url":"https:\/\/tiketi.com\/","name":"Billets d&#039;avion et de bus, forfaits touristiques et activit\u00e9s - Tiketi.com","description":"Billets d&#039;avion et de bus, Tours, Activit\u00e9s","publisher":{"@id":"https:\/\/tiketi.com\/#organization"},"potentialAction":[{"@type":"SearchAction","target":{"@type":"EntryPoint","urlTemplate":"https:\/\/tiketi.com\/?s={search_term_string}"},"query-input":{"@type":"PropertyValueSpecification","valueRequired":true,"valueName":"search_term_string"}}],"inLanguage":"fr-FR"},{"@type":"Organization","@id":"https:\/\/tiketi.com\/#organization","name":"Tiketi.com","alternateName":"Tiketi","url":"https:\/\/tiketi.com\/","logo":{"@type":"ImageObject","inLanguage":"fr-FR","@id":"https:\/\/tiketi.com\/#\/schema\/logo\/image\/","url":"https:\/\/tiketi.com\/wp-content\/uploads\/2019\/05\/tiketi-logo-696.png","contentUrl":"https:\/\/tiketi.com\/wp-content\/uploads\/2019\/05\/tiketi-logo-696.png","width":696,"height":696,"caption":"Tiketi.com"},"image":{"@id":"https:\/\/tiketi.com\/#\/schema\/logo\/image\/"},"sameAs":["https:\/\/www.facebook.com\/TiketiCom\/"]}]}},"_links":{"self":[{"href":"https:\/\/tiketi.com\/fr-fr\/wp-json\/wp\/v2\/pages\/11914","targetHints":{"allow":["GET"]}}],"collection":[{"href":"https:\/\/tiketi.com\/fr-fr\/wp-json\/wp\/v2\/pages"}],"about":[{"href":"https:\/\/tiketi.com\/fr-fr\/wp-json\/wp\/v2\/types\/page"}],"author":[{"embeddable":true,"href":"https:\/\/tiketi.com\/fr-fr\/wp-json\/wp\/v2\/users\/1"}],"replies":[{"embeddable":true,"href":"https:\/\/tiketi.com\/fr-fr\/wp-json\/wp\/v2\/comments?post=11914"}],"version-history":[{"count":0,"href":"https:\/\/tiketi.com\/fr-fr\/wp-json\/wp\/v2\/pages\/11914\/revisions"}],"wp:featuredmedia":[{"embeddable":true,"href":"https:\/\/tiketi.com\/fr-fr\/wp-json\/wp\/v2\/media\/14041"}],"wp:attachment":[{"href":"https:\/\/tiketi.com\/fr-fr\/wp-json\/wp\/v2\/media?parent=11914"}],"curies":[{"name":"wp","href":"https:\/\/api.w.org\/{rel}","templated":true}]}}