{"id":11915,"date":"2022-01-19T12:55:23","date_gmt":"2022-01-19T11:55:23","guid":{"rendered":"https:\/\/new.tiketi.com\/cheap-flights-to-zambia\/"},"modified":"2022-02-10T18:08:43","modified_gmt":"2022-02-10T17:08:43","slug":"cheap-flights-to-zambia","status":"publish","type":"page","link":"https:\/\/tiketi.com\/fr-fr\/cheap-flights-to-zambia\/","title":{"rendered":"Vols pas chers vers la Zambie"},"content":{"rendered":"<h2>Vous recherchez un billet d&#039;avion pas cher pour la Zambie ou des offres de derni\u00e8re minute ?<\/h2>\n<h3>Recherchez, comparez et r\u00e9servez en ligne d\u00e8s maintenant des vols pas chers pour Zambie.<\/h3>\n<p>R\u00e9servez des vols pas chers vers la Zambie en ligne et \u00e9conomisez de l&#039;argent sur les billets d&#039;avion. La Zambie est g\u00e9n\u00e9ralement consid\u00e9r\u00e9e comme l\u2019un des pays les plus charmants, les plus diversifi\u00e9s, les plus conviviaux et les plus pr\u00e9serv\u00e9s de tout le continent africain. Outre les impressionnantes chutes Victoria, la Zambie poss\u00e8de plus de ressources naturelles en eau que tout autre pays d&#039;Afrique australe, le populaire fleuve Zamb\u00e8ze est \u00e9galement le c\u00e9l\u00e8bre lieu de visite o\u00f9 vous pourrez pratiquer la chasse au poisson et la plong\u00e9e. Voici les meilleures attractions de Zambie qui promettent cette exp\u00e9rience de safari remarquable pour laquelle l&#039;Afrique est populaire. Comparez les prix et obtenez le tarif le plus bas sur les billets d&#039;avion pour la Zambie gr\u00e2ce \u00e0 des offres exceptionnelles sur la r\u00e9servation de billets en ligne de vols pour la Zambie.<\/p>\n<h2>Voici quelques-unes des meilleures attractions de la Zambie<\/h2>\n<h3>Les chutes Victoria<\/h3>\n<p>Les chutes Victoria, \u00e9galement appel\u00e9es Mosi-oa-Tunya par les Zambiens, sont situ\u00e9es sur le fleuve Zamb\u00e8ze, \u00e0 la fronti\u00e8re du Zimbabwe et de la Zambie. Cette magnifique cascade est la plus grande du monde et se trouve sur le quatri\u00e8me plus grand fleuve d\u2019Afrique. Les choses \u00e9tonnantes \u00e0 faire aux chutes Victoria sont les excursions de p\u00eache, le saut \u00e0 l&#039;\u00e9lastique, les safaris \u00e0 dos d&#039;\u00e9l\u00e9phant et les excursions \u00e0 pied.<\/p>\n<h3>Lac Kariba<\/h3>\n<p>Lorsque vous visitez la Zambie, vous devez visiter le lac Kariba, qui est le plus grand lac artificiel de la plan\u00e8te. Elle est situ\u00e9e \u00e0 la fronti\u00e8re du Zimbabwe, dans la province du sud. Faites une promenade en bateau et d\u00e9couvrez le barrage du lac Kariba et mangez leurs savoureuses \u00e9crevisses locales.<\/p>\n<h3>Parc national du sud de Luangwa<\/h3>\n<p>Ce parc est l&#039;un des parcs nationaux les plus populaires de Zambie. Il s&#039;agit d&#039;une r\u00e9serve faunique remarquable, car de nombreux animaux se rassemblent autour de la rivi\u00e8re Luangwa et sur ses lagons morts-vivants. Ce parc abrite une grande vari\u00e9t\u00e9 d&#039;esp\u00e8ces sauvages, v\u00e9g\u00e9tales et d&#039;oiseaux.<\/p>\n<h3>Parc national de Kafue<\/h3>\n<p>Explorez le c\u00e9l\u00e8bre parc qui est le plus grand parc de Zambie et le deuxi\u00e8me d&#039;Afrique. Ce parc national abrite des animaux comme les lions, le gnou bleu, le l\u00e9opard, l&#039;\u00e9l\u00e9phant et le gu\u00e9pard, entre autres.<\/p>\n<h3>Parc environnemental de Munda Wanga<\/h3>\n<p>Ce parc est une r\u00e9serve faunique avec un village r\u00e9cr\u00e9atif. Certains animaux observ\u00e9s dans les parcs sont les chacals, les lions, les phacoch\u00e8res, les gu\u00e9pards et les babouins. Vous pouvez \u00e9galement organiser un pique-nique dans l\u2019un des parcs environnementaux de Munda Wanga.<\/p>\n<h3>\u00cele de Sindabezi<\/h3>\n<p>Alors que la plupart des gens se rendent \u00e0 Livingstone pour admirer les chutes Victoria, la petite \u00eele priv\u00e9e de Sindabezi vaut \u00e9galement le d\u00e9tour. Profitez de la vue sur les plaines inondables du Zamb\u00e8ze et sur le parc national Mosi O Tunya, et prenez vos repas sur une plate-forme flottante sur\u00e9lev\u00e9e au centre de la rivi\u00e8re.<\/p>\n<h2>FAQ sur les vols pas chers vers la Zambie<\/h2>\n<h3>Meilleure p\u00e9riode pour voyager en Zambie<\/h3>\n<p><strong>Haute saison<\/strong><br \/>\nLa plupart des visiteurs r\u00e9servent des vols bon march\u00e9 vers la Zambie entre mai et d\u00e9cembre, lorsque les climats chauds et secs conviennent aux meilleures excursions d&#039;une journ\u00e9e et que les situations d&#039;apr\u00e8s-pluie offrent \u00e0 la faune les meilleures places assises.<\/p>\n<p><strong>Hors saison<\/strong><br \/>\nBien que le nombre de visiteurs diminue pendant la saison des pluies (d\u00e9cembre \u00e0 mars), c&#039;est aussi une p\u00e9riode remarquable pour trouver des vols et des offres d&#039;h\u00f4tels en Zambie. Certains parcs nationaux sont ferm\u00e9s et les animaux sont plus difficiles \u00e0 rep\u00e9rer, mais si vous recherchez un voyage de solitude et de paix, c&#039;est la saison pour voyager en Zambie.<\/p>\n<h3>Quel est le jour le moins cher pour prendre un vol pour la Zambie ?<\/h3>\n<p>Le jour abordable pour prendre un vol vers la Zambie est g\u00e9n\u00e9ralement le mardi. Pour le moment, c&#039;est le samedi qui co\u00fbte le plus cher.<\/p>\n<h3>Quelle est la meilleure p\u00e9riode pour r\u00e9server un billet d\u2019avion pas cher pour la Zambie ?<\/h3>\n<p>Le prix que vous payez pour votre billet d&#039;avion pas cher pour la Zambie peut varier en fonction du moment o\u00f9 vous r\u00e9servez. Pour avoir la meilleure chance d&#039;obtenir un tarif inf\u00e9rieur, pensez \u00e0 r\u00e9server 45 jours avant votre voyage. Le prix des billets pour la Zambie est susceptible d&#039;augmenter une quinzaine de jours avant votre date de d\u00e9part.<\/p>\n<h3>\u00c0 quelle heure de la journ\u00e9e est-il bon march\u00e9 de voler\u00a0?<\/h3>\n<p>Pour obtenir le meilleur rapport qualit\u00e9-prix, essayez de r\u00e9server un vol l\u2019apr\u00e8s-midi lorsque vous visitez la Zambie. En g\u00e9n\u00e9ral, les prix augmenteront pour les vols vers la Zambie \u00e0 midi, car ceux-ci ont tendance \u00e0 \u00eatre tr\u00e8s demand\u00e9s.<\/p>\n<h2>Compagnies a\u00e9riennes qui op\u00e8rent des vols avec la Zambie<\/h2>\n<p>\u2022 Air France<br \/>\n\u2022 \u00c9mirats<br \/>\n\u2022 Compagnies a\u00e9riennes \u00e9thiopiennes<br \/>\n\u2022 KLM<br \/>\n\u2022\u00a0Voies a\u00e9riennes \u00e9thiques<br \/>\n\u2022 Kenya Airways<br \/>\n\u2022 Compagnies a\u00e9riennes sud-africaines<br \/>\n\u2022 Egypt Air<\/p>\n<h3>Quelle est la p\u00e9riode de l\u2019ann\u00e9e la moins ch\u00e8re pour voyager vers la Zambie<\/h3>\n<p>La Zambie conna\u00eet un environnement thermique enti\u00e8rement subtropical avec des microclimats qui se chevauchent tout au long de sa g\u00e9ographie et au-del\u00e0.<br \/>\nPeut-\u00eatre que les meilleurs vols vers la Zambie en tant qu&#039;amateur de safari se situeraient entre d\u00e9but mai et fin septembre, en partie parce que c&#039;est la saison s\u00e8che, mais surtout parce que c&#039;est en fait la saison qui soutient le mieux la faune africaine.<\/p>\n<p>La p\u00e9riode de s\u00e9cheresse est un changement bienvenu pour les autochtones ainsi que pour les visiteurs originaires des r\u00e9gions c\u00f4ti\u00e8res humides ou de mousson. Les zones d&#039;\u00e9t\u00e9 pour la faune, le parc national de South Luangwa par exemple, sont assez chaudes pendant cette p\u00e9riode mais l\u00e0 encore, la temp\u00e9rature est parfaite pour les safaris.<\/p>\n<p>Pendant ces p\u00e9riodes, la saison des moussons en Zambie donne une nouvelle vie \u00e0 son atmosph\u00e8re et \u00e0 sa r\u00e9gion. M\u00eame si la nature profite de ce plaisir aquatique, les visiteurs ordinaires restent \u00e0 l&#039;\u00e9cart de la Zambie pendant cette p\u00e9riode. Les visiteurs opportunistes, de toute fa\u00e7on, peuvent profiter de ce laps de temps et faire un voyage en Zambie de mani\u00e8re \u00e9conomique, accueillis par des chambres vides dans des h\u00f4tels d\u00e9sireux d&#039;accepter de nouveaux clients.<\/p>\n<p>&nbsp;<\/p>","protected":false},"excerpt":{"rendered":"<p>Looking for cheap airline ticket to Zambia or last minute deals? Search, compare and book cheap Zambia flights online now. Book cheap flights to Zambia online and save money on airfare. Zambia is generally regarded as one of the most charming, diverse, friendly and unspoit countries on the full African continent. Aside from the impressive [&hellip;]<\/p>\n","protected":false},"author":1,"featured_media":14041,"parent":0,"menu_order":0,"comment_status":"open","ping_status":"closed","template":"template-home-modern.php","meta":{"footnotes":""},"class_list":["post-11915","page","type-page","status-publish","has-post-thumbnail","hentry"],"yoast_head":"<!-- This site is optimized with the Yoast SEO plugin v27.2 - https:\/\/yoast.com\/product\/yoast-seo-wordpress\/ -->\n<title>Cheap Flights to Zambia<\/title>\n<meta name=\"description\" content=\"Looking for cheap flights to\u00a0Zambia? Search, compare and book cheap airline ticket from to\u00a0Zambia online and save money\" \/>\n<meta name=\"robots\" content=\"index, follow, max-snippet:-1, max-image-preview:large, max-video-preview:-1\" \/>\n<link rel=\"canonical\" href=\"https:\/\/tiketi.com\/fr-fr\/cheap-flights-to-zambia\/\" \/>\n<meta property=\"og:locale\" content=\"fr_FR\" \/>\n<meta property=\"og:type\" content=\"article\" \/>\n<meta property=\"og:title\" content=\"Cheap Flights to Zambia\" \/>\n<meta property=\"og:description\" content=\"Looking for cheap flights to\u00a0Zambia? Search, compare and book cheap airline ticket from to\u00a0Zambia online and save money\" \/>\n<meta property=\"og:url\" content=\"https:\/\/tiketi.com\/fr-fr\/cheap-flights-to-zambia\/\" \/>\n<meta property=\"og:site_name\" content=\"Tiketi.com\" \/>\n<meta property=\"article:publisher\" content=\"https:\/\/www.facebook.com\/TiketiCom\/\" \/>\n<meta property=\"article:modified_time\" content=\"2022-02-10T17:08:43+00:00\" \/>\n<meta property=\"og:image\" content=\"https:\/\/tiketi.com\/wp-content\/uploads\/2022\/01\/flight-ticket-booking-sorasak-KxCJXXGsv9I-unsplas.jpg\" \/>\n\t<meta property=\"og:image:width\" content=\"1200\" \/>\n\t<meta property=\"og:image:height\" content=\"240\" \/>\n\t<meta property=\"og:image:type\" content=\"image\/jpeg\" \/>\n<meta name=\"twitter:card\" content=\"summary_large_image\" \/>\n<meta name=\"twitter:label1\" content=\"Dur\u00e9e de lecture estim\u00e9e\" \/>\n\t<meta name=\"twitter:data1\" content=\"4 minutes\" \/>\n<script type=\"application\/ld+json\" class=\"yoast-schema-graph\">{\"@context\":\"https:\/\/schema.org\",\"@graph\":[{\"@type\":\"WebPage\",\"@id\":\"https:\/\/tiketi.com\/cheap-flights-to-zambia\/\",\"url\":\"https:\/\/tiketi.com\/cheap-flights-to-zambia\/\",\"name\":\"Cheap Flights to Zambia\",\"isPartOf\":{\"@id\":\"https:\/\/tiketi.com\/#website\"},\"primaryImageOfPage\":{\"@id\":\"https:\/\/tiketi.com\/cheap-flights-to-zambia\/#primaryimage\"},\"image\":{\"@id\":\"https:\/\/tiketi.com\/cheap-flights-to-zambia\/#primaryimage\"},\"thumbnailUrl\":\"https:\/\/tiketi.com\/wp-content\/uploads\/2022\/01\/flight-ticket-booking-sorasak-KxCJXXGsv9I-unsplas.jpg\",\"datePublished\":\"2022-01-19T11:55:23+00:00\",\"dateModified\":\"2022-02-10T17:08:43+00:00\",\"description\":\"Looking for cheap flights to\u00a0Zambia? Search, compare and book cheap airline ticket from to\u00a0Zambia online and save money\",\"breadcrumb\":{\"@id\":\"https:\/\/tiketi.com\/cheap-flights-to-zambia\/#breadcrumb\"},\"inLanguage\":\"fr-FR\",\"potentialAction\":[{\"@type\":\"ReadAction\",\"target\":[\"https:\/\/tiketi.com\/cheap-flights-to-zambia\/\"]}]},{\"@type\":\"ImageObject\",\"inLanguage\":\"fr-FR\",\"@id\":\"https:\/\/tiketi.com\/cheap-flights-to-zambia\/#primaryimage\",\"url\":\"https:\/\/tiketi.com\/wp-content\/uploads\/2022\/01\/flight-ticket-booking-sorasak-KxCJXXGsv9I-unsplas.jpg\",\"contentUrl\":\"https:\/\/tiketi.com\/wp-content\/uploads\/2022\/01\/flight-ticket-booking-sorasak-KxCJXXGsv9I-unsplas.jpg\",\"width\":1200,\"height\":240,\"caption\":\"Online flight ticket booking\"},{\"@type\":\"BreadcrumbList\",\"@id\":\"https:\/\/tiketi.com\/cheap-flights-to-zambia\/#breadcrumb\",\"itemListElement\":[{\"@type\":\"ListItem\",\"position\":1,\"name\":\"Home\",\"item\":\"https:\/\/tiketi.com\/\"},{\"@type\":\"ListItem\",\"position\":2,\"name\":\"Cheap Flights to Zambia\"}]},{\"@type\":\"WebSite\",\"@id\":\"https:\/\/tiketi.com\/#website\",\"url\":\"https:\/\/tiketi.com\/\",\"name\":\"Flight & Bus Tickets, Tour Packages & Activitites - Tiketi.com\",\"description\":\"Flight &amp; Bus Tickets, Tours, Activitites\",\"publisher\":{\"@id\":\"https:\/\/tiketi.com\/#organization\"},\"potentialAction\":[{\"@type\":\"SearchAction\",\"target\":{\"@type\":\"EntryPoint\",\"urlTemplate\":\"https:\/\/tiketi.com\/?s={search_term_string}\"},\"query-input\":{\"@type\":\"PropertyValueSpecification\",\"valueRequired\":true,\"valueName\":\"search_term_string\"}}],\"inLanguage\":\"fr-FR\"},{\"@type\":\"Organization\",\"@id\":\"https:\/\/tiketi.com\/#organization\",\"name\":\"Tiketi.com\",\"alternateName\":\"Tiketi\",\"url\":\"https:\/\/tiketi.com\/\",\"logo\":{\"@type\":\"ImageObject\",\"inLanguage\":\"fr-FR\",\"@id\":\"https:\/\/tiketi.com\/#\/schema\/logo\/image\/\",\"url\":\"https:\/\/tiketi.com\/wp-content\/uploads\/2019\/05\/tiketi-logo-696.png\",\"contentUrl\":\"https:\/\/tiketi.com\/wp-content\/uploads\/2019\/05\/tiketi-logo-696.png\",\"width\":696,\"height\":696,\"caption\":\"Tiketi.com\"},\"image\":{\"@id\":\"https:\/\/tiketi.com\/#\/schema\/logo\/image\/\"},\"sameAs\":[\"https:\/\/www.facebook.com\/TiketiCom\/\"]}]}<\/script>\n<!-- \/ Yoast SEO plugin. -->","yoast_head_json":{"title":"Vols pas chers vers la Zambie","description":"Vous recherchez des vols pas chers pour la Zambie ? Recherchez, comparez et r\u00e9servez un billet d&#039;avion pas cher de la Zambie en ligne et \u00e9conomisez de l&#039;argent","robots":{"index":"index","follow":"follow","max-snippet":"max-snippet:-1","max-image-preview":"max-image-preview:large","max-video-preview":"max-video-preview:-1"},"canonical":"https:\/\/tiketi.com\/fr-fr\/cheap-flights-to-zambia\/","og_locale":"fr_FR","og_type":"article","og_title":"Cheap Flights to Zambia","og_description":"Looking for cheap flights to\u00a0Zambia? Search, compare and book cheap airline ticket from to\u00a0Zambia online and save money","og_url":"https:\/\/tiketi.com\/fr-fr\/cheap-flights-to-zambia\/","og_site_name":"Tiketi.com","article_publisher":"https:\/\/www.facebook.com\/TiketiCom\/","article_modified_time":"2022-02-10T17:08:43+00:00","og_image":[{"width":1200,"height":240,"url":"https:\/\/tiketi.com\/wp-content\/uploads\/2022\/01\/flight-ticket-booking-sorasak-KxCJXXGsv9I-unsplas.jpg","type":"image\/jpeg"}],"twitter_card":"summary_large_image","twitter_misc":{"Dur\u00e9e de lecture estim\u00e9e":"4 minutes"},"schema":{"@context":"https:\/\/schema.org","@graph":[{"@type":"WebPage","@id":"https:\/\/tiketi.com\/cheap-flights-to-zambia\/","url":"https:\/\/tiketi.com\/cheap-flights-to-zambia\/","name":"Vols pas chers vers la Zambie","isPartOf":{"@id":"https:\/\/tiketi.com\/#website"},"primaryImageOfPage":{"@id":"https:\/\/tiketi.com\/cheap-flights-to-zambia\/#primaryimage"},"image":{"@id":"https:\/\/tiketi.com\/cheap-flights-to-zambia\/#primaryimage"},"thumbnailUrl":"https:\/\/tiketi.com\/wp-content\/uploads\/2022\/01\/flight-ticket-booking-sorasak-KxCJXXGsv9I-unsplas.jpg","datePublished":"2022-01-19T11:55:23+00:00","dateModified":"2022-02-10T17:08:43+00:00","description":"Vous recherchez des vols pas chers pour la Zambie ? Recherchez, comparez et r\u00e9servez un billet d&#039;avion pas cher de la Zambie en ligne et \u00e9conomisez de l&#039;argent","breadcrumb":{"@id":"https:\/\/tiketi.com\/cheap-flights-to-zambia\/#breadcrumb"},"inLanguage":"fr-FR","potentialAction":[{"@type":"ReadAction","target":["https:\/\/tiketi.com\/cheap-flights-to-zambia\/"]}]},{"@type":"ImageObject","inLanguage":"fr-FR","@id":"https:\/\/tiketi.com\/cheap-flights-to-zambia\/#primaryimage","url":"https:\/\/tiketi.com\/wp-content\/uploads\/2022\/01\/flight-ticket-booking-sorasak-KxCJXXGsv9I-unsplas.jpg","contentUrl":"https:\/\/tiketi.com\/wp-content\/uploads\/2022\/01\/flight-ticket-booking-sorasak-KxCJXXGsv9I-unsplas.jpg","width":1200,"height":240,"caption":"Online flight ticket booking"},{"@type":"BreadcrumbList","@id":"https:\/\/tiketi.com\/cheap-flights-to-zambia\/#breadcrumb","itemListElement":[{"@type":"ListItem","position":1,"name":"Home","item":"https:\/\/tiketi.com\/"},{"@type":"ListItem","position":2,"name":"Cheap Flights to Zambia"}]},{"@type":"WebSite","@id":"https:\/\/tiketi.com\/#website","url":"https:\/\/tiketi.com\/","name":"Billets d&#039;avion et de bus, forfaits touristiques et activit\u00e9s - Tiketi.com","description":"Billets d&#039;avion et de bus, Tours, Activit\u00e9s","publisher":{"@id":"https:\/\/tiketi.com\/#organization"},"potentialAction":[{"@type":"SearchAction","target":{"@type":"EntryPoint","urlTemplate":"https:\/\/tiketi.com\/?s={search_term_string}"},"query-input":{"@type":"PropertyValueSpecification","valueRequired":true,"valueName":"search_term_string"}}],"inLanguage":"fr-FR"},{"@type":"Organization","@id":"https:\/\/tiketi.com\/#organization","name":"Tiketi.com","alternateName":"Tiketi","url":"https:\/\/tiketi.com\/","logo":{"@type":"ImageObject","inLanguage":"fr-FR","@id":"https:\/\/tiketi.com\/#\/schema\/logo\/image\/","url":"https:\/\/tiketi.com\/wp-content\/uploads\/2019\/05\/tiketi-logo-696.png","contentUrl":"https:\/\/tiketi.com\/wp-content\/uploads\/2019\/05\/tiketi-logo-696.png","width":696,"height":696,"caption":"Tiketi.com"},"image":{"@id":"https:\/\/tiketi.com\/#\/schema\/logo\/image\/"},"sameAs":["https:\/\/www.facebook.com\/TiketiCom\/"]}]}},"_links":{"self":[{"href":"https:\/\/tiketi.com\/fr-fr\/wp-json\/wp\/v2\/pages\/11915","targetHints":{"allow":["GET"]}}],"collection":[{"href":"https:\/\/tiketi.com\/fr-fr\/wp-json\/wp\/v2\/pages"}],"about":[{"href":"https:\/\/tiketi.com\/fr-fr\/wp-json\/wp\/v2\/types\/page"}],"author":[{"embeddable":true,"href":"https:\/\/tiketi.com\/fr-fr\/wp-json\/wp\/v2\/users\/1"}],"replies":[{"embeddable":true,"href":"https:\/\/tiketi.com\/fr-fr\/wp-json\/wp\/v2\/comments?post=11915"}],"version-history":[{"count":0,"href":"https:\/\/tiketi.com\/fr-fr\/wp-json\/wp\/v2\/pages\/11915\/revisions"}],"wp:featuredmedia":[{"embeddable":true,"href":"https:\/\/tiketi.com\/fr-fr\/wp-json\/wp\/v2\/media\/14041"}],"wp:attachment":[{"href":"https:\/\/tiketi.com\/fr-fr\/wp-json\/wp\/v2\/media?parent=11915"}],"curies":[{"name":"wp","href":"https:\/\/api.w.org\/{rel}","templated":true}]}}