{"id":11916,"date":"2022-01-19T12:55:23","date_gmt":"2022-01-19T11:55:23","guid":{"rendered":"https:\/\/new.tiketi.com\/cheap-flights-to-saudi-arabia\/"},"modified":"2022-08-21T20:31:39","modified_gmt":"2022-08-21T19:31:39","slug":"cheap-flights-to-saudi-arabia","status":"publish","type":"page","link":"https:\/\/tiketi.com\/fr-fr\/cheap-flights-to-saudi-arabia\/","title":{"rendered":"Vols pas chers vers Arabie Saoudite"},"content":{"rendered":"<h2>Vous recherchez un billet d&#039;avion pas cher pour l&#039;Arabie saoudite ou des offres de derni\u00e8re minute ?<\/h2>\n<h3>Recherchez, comparez et r\u00e9servez en ligne d\u00e8s maintenant des vols \u00e0 bas prix vers Arabie Saoudite.<\/h3>\n<p>R\u00e9servez en ligne des vols pas chers pour l&#039;Arabie saoudite et \u00e9conomisez de l&#039;argent sur les billets d&#039;avion. L&#039;Arabie saoudite regorge peut-\u00eatre d\u00e9sormais de boutiques de jeux vid\u00e9o modernes, de cha\u00eenes de restauration rapide am\u00e9ricaines, de parcs d&#039;attractions, mais plusieurs ruines tr\u00e8s anciennes et sites religieux sacr\u00e9s sont toujours pr\u00e9sents dans cet ancien royaume. Le sommet c\u00e9l\u00e8bre pour les sites religieux d&#039;Arabie saoudite, La Mecque et M\u00e9dine, peut-\u00eatre interdits aux non-musulmans, mais les touristes de toutes les religions peuvent admirer la mine de sel d&#039;Abqaiq vieille de 5 000 ans et la poterie fabriqu\u00e9e par 8 g\u00e9n\u00e9rations d&#039;habitants de Jebel-al-Qara . Comparez les prix et obtenez les tarifs les plus bas sur les billets d&#039;avion pour Arabie Saoudite gr\u00e2ce \u00e0 des offres exceptionnelles sur la r\u00e9servation de billets en ligne de vols Arabie Saoudite.<\/p>\n<h2>Voici quelques-unes des meilleures attractions de l&#039;Arabie saoudite<\/h2>\n<h3>Masjid Al Haram<\/h3>\n<p>Situ\u00e9 dans la ville de La Mecque, ce magnifique Masjid Al Haram, \u00e9galement connu sous le nom de Maison de Dieu, est l&#039;un des lieux les plus saints de la plan\u00e8te. \u00c9tant la plus grande mosqu\u00e9e du monde, cette mosqu\u00e9e sacr\u00e9e \u00e9galement connue sous le nom de Kaaba est le lieu important d&#039;Arabie saoudite o\u00f9 les musulmans viennent du monde entier pour le p\u00e8lerinage.<\/p>\n<h3>Al Masjid al Nabaw<strong>je<\/strong><\/h3>\n<p>L&#039;un des symboles les plus vitaux de la religion islamique d&#039;Arabie saoudite, Al Masjid al-Nabawi situ\u00e9 \u00e0 M\u00e9dine est consid\u00e9r\u00e9e comme la deuxi\u00e8me mosqu\u00e9e la plus sacr\u00e9e du monde. Cette mosqu\u00e9e en Arabie Sadui a \u00e9t\u00e9 construite par le Proph\u00e8te Muhammad (PSL) lui-m\u00eame et \u00e9lev\u00e9e \u00e0 sa stature actuelle par les dirigeants islamiques ult\u00e9rieurs.<\/p>\n<h3>Tour de Djeddah<\/h3>\n<p>Cette tour \u00e9tait auparavant connue sous le nom de Kingdom Tower et est en construction \u00e0 Djeddah en Arabie Saoudite qui, une fois achev\u00e9e, sera le plus haut b\u00e2timent du monde. Si la construction se d\u00e9roule comme pr\u00e9vu, la tour de Jeddah deviendra la premi\u00e8re structure \u00e0 atteindre la barre des 1 kilom\u00e8tre de hauteur.<\/p>\n<h3>Cit\u00e9 internationale d&#039;Al Tayebat<\/h3>\n<p>La ville internationale d&#039;Al Tayebat, situ\u00e9e dans la ville de Djeddah, est le centre d&#039;attraction en Arabie saoudite pour de nombreux visiteurs, fascin\u00e9s par son artisanat et son architecture. Il s&#039;agit essentiellement d&#039;un mus\u00e9e o\u00f9 sont expos\u00e9s de merveilleux objets illustrant la culture pass\u00e9e de l&#039;Arabie saoudite. Avec trois cents salles r\u00e9parties dans douze b\u00e2timents diff\u00e9rents, ce mus\u00e9e compos\u00e9 de blocs de corail et de calcaire, \u00e9tait le palais d&#039;un roi Cheikh Abdul Rauf Khalil qui \u00e9tait un marchand extr\u00eamement riche.<\/p>\n<h2>FAQ sur les vols pas chers vers l&#039;Arabie saoudite<\/h2>\n<h3>Quelles compagnies a\u00e9riennes proposent des billets d&#039;avion pour l&#039;Arabie Saoudite ?<\/h3>\n<p>British Airways et Saudia sont les 2 grandes compagnies a\u00e9riennes qui proposent des billets d&#039;avion directs pour l&#039;Arabie saoudite, bien que vous ayez du mal \u00e0 trouver des vols directs depuis Londres. Il existe diff\u00e9rentes compagnies a\u00e9riennes telles que Qatar Airways, Etihad et Lufthansa. D\u00e9cider avec quelle compagnie a\u00e9rienne voler d\u00e9pendra en fin de compte du prix des billets pour l&#039;Arabie saoudite, puis de vos propres pr\u00e9f\u00e9rences. British Airways offre un service gratuit o\u00f9 vous obtenez des boissons et des collations tout au long des vols pas chers vers l&#039;Arabie saoudite. Le Qatar et Etihad sont d&#039;autre part r\u00e9put\u00e9s pour \u00eatre des compagnies a\u00e9riennes haut de gamme et leurs avions sont d&#039;un niveau tr\u00e8s \u00e9lev\u00e9.<\/p>\n<h3>Quelle est la p\u00e9riode de l&#039;ann\u00e9e la moins ch\u00e8re pour partir pour Arabie Saoudite ?<\/h3>\n<p>La p\u00e9riode de mai \u00e0 ao\u00fbt est la p\u00e9riode abordable pour \u00eatre en Arabie saoudite. Le rapport m\u00e9t\u00e9orologique du pays d\u00e9sertique chaud fait attendre les visiteurs trop pensifs pendant des mois froids. \u00c0 leur grande surprise, l&#039;Arabie saoudite est un pays tr\u00e8s avanc\u00e9 et moderne. \u00c0 part entrer et sortir de votre voiture, vous ne sentirez pas la chaleur du mois chaud en Arabie saoudite. Les climatiseurs soufflent sans arr\u00eat dans les centres commerciaux, les voitures, les h\u00f4tels et restaurants, les motels et m\u00eame certains march\u00e9s en Arabie saoudite, gardant les visiteurs et les habitants au frais. Les bas prix des vols et des h\u00f4tels en Arabie saoudite pendant les mois chauds font de cette p\u00e9riode un r\u00e9gal pour ceux qui souhaitent conserver leurs paiements par carte de cr\u00e9dit en ligne.<\/p>\n<h3>Quel jour est le moins cher pour partir pour Arabie Saoudite ?<\/h3>\n<p>Le samedi est actuellement, en moyenne, le jour le moins cher pour s&#039;envoler vers l&#039;Arabie saoudite. Les vols en Arabie saoudite mercredi entra\u00eeneront une hausse des prix des vols.<\/p>\n<h3>\u00c0 quelle heure de la journ\u00e9e est-il bon march\u00e9 de voler\u00a0?<\/h3>\n<p>Les vols en Arabie saoudite \u00e0 midi sont g\u00e9n\u00e9ralement l&#039;heure la plus abordable pour voyager en Arabie saoudite. Les vols vers l&#039;Arabie Saoudite le matin sont g\u00e9n\u00e9ralement les plus chers.<\/p>\n<h3>Quelle est la dur\u00e9e des vols en Arabie Saoudite\u00a0?<\/h3>\n<p>Les vols directs vers l&#039;Arabie saoudite offrent des liaisons fluides qui prennent environ 15 heures depuis Atlanta, en G\u00e9orgie, et environ 14 heures depuis New York. En partant de la c\u00f4te ouest, il faut environ 15 heures de vol depuis Seattle et 17 heures depuis Los Angeles.<\/p>\n<h3>Quel est le meilleur moment pour visiter l&#039;Arabie Saoudite ?<\/h3>\n<p>Le meilleur moment pour visiter l&#039;Arabie saoudite se situe entre les mois d&#039;octobre et de mars. L&#039;Arabie Saoudite est c\u00e9l\u00e8bre pour son climat sec et chaud. Heureusement, si les visiteurs arrivent dans le pays pendant l&#039;hiver, le climat de l&#039;Arabie saoudite imite le climat tropical de juin. Le pays peut \u00eatre une \u00e9vasion remarquable des hivers glaciaux europ\u00e9ens. Pendant la p\u00e9riode d&#039;octobre \u00e0 mars, les temp\u00e9ratures moyennes restent inf\u00e9rieures \u00e0 30 \u00b0 C avec peu ou pas de pluie, ce qui en fait l&#039;endroit id\u00e9al pour les vols vers l&#039;heure de l&#039;Arabie saoudite. Alors pourquoi vous voulez perdre votre temps, r\u00e9servez d\u00e8s maintenant votre billet d&#039;avion pas cher pour l&#039;Arabie Saoudite.<\/p>\n<h2>Vols int\u00e9rieurs en Arabie saoudite<\/h2>\n<table border=\"0\" cellspacing=\"1\" cellpadding=\"1\">\n<tbody>\n<tr>\n<td>Vols pas chers vers <a href=\"https:\/\/tiketi.com\/fr-fr\/cheap-flights-to-riyadh-ruh\/\" target=\"_blank\" rel=\"noopener\">Riyad (RUH)<\/a><\/td>\n<td style=\"width: 30px;\"><\/td>\n<td>Vols pas chers vers\u00a0<a href=\"https:\/\/tiketi.com\/fr-fr\/cheap-flights-to-jeddah-jed\/\" target=\"_blank\" rel=\"noopener\">Djeddah (JED)<\/a><\/td>\n<\/tr>\n<\/tbody>\n<\/table>\n<h2>Vols depuis Riyad et Djeddah<\/h2>\n<h3>Vols int\u00e9rieurs et billets d&#039;avion pas chers au d\u00e9part de Riyad et Djeddah<\/h3>\n<table border=\"0\" cellspacing=\"2\" cellpadding=\"2\">\n<tbody>\n<tr>\n<td>Vols pas chers \u00e0 partir de <a href=\"https:\/\/tiketi.com\/fr-fr\/flights-riyadh-jeddah-ruh-jed\/\" target=\"_blank\" rel=\"noopener\">Riyad \u00e0 Djeddah<\/a><\/td>\n<td style=\"width: 30px;\"><\/td>\n<td>Vols pas chers \u00e0 partir de <a href=\"https:\/\/tiketi.com\/fr-fr\/cheap-flights-from-jeddah-to-riyadh\/\" target=\"_blank\" rel=\"noopener\">Djeddah \u00e0 Riyad<\/a><\/td>\n<\/tr>\n<\/tbody>\n<\/table>\n<p>&nbsp;<\/p>","protected":false},"excerpt":{"rendered":"<p>Looking for cheap airline ticket to Saudi Arabia or last minute deals? Search, compare and book cheap Saudi Arabia flights online now. Book cheap flights to Saudi Arabia online and save money on airfare. Saudi Arabia may now be packed with modern video game shops, American fast food chains, amusement parks, but several very old [&hellip;]<\/p>\n","protected":false},"author":1,"featured_media":17189,"parent":0,"menu_order":0,"comment_status":"open","ping_status":"closed","template":"template-home-modern.php","meta":{"footnotes":""},"class_list":["post-11916","page","type-page","status-publish","has-post-thumbnail","hentry"],"yoast_head":"<!-- This site is optimized with the Yoast SEO plugin v27.2 - https:\/\/yoast.com\/product\/yoast-seo-wordpress\/ -->\n<title>Cheap Flights to Saudi Arabia<\/title>\n<meta name=\"description\" content=\"Looking for cheap flights to\u00a0Saudi Arabia? Search, compare and book cheap airline ticket from to\u00a0Saudi Arabia online\" \/>\n<meta name=\"robots\" content=\"index, follow, max-snippet:-1, max-image-preview:large, max-video-preview:-1\" \/>\n<link rel=\"canonical\" href=\"https:\/\/tiketi.com\/fr-fr\/cheap-flights-to-saudi-arabia\/\" \/>\n<meta property=\"og:locale\" content=\"fr_FR\" \/>\n<meta property=\"og:type\" content=\"article\" \/>\n<meta property=\"og:title\" content=\"Cheap Flights to Saudi Arabia\" \/>\n<meta property=\"og:description\" content=\"Looking for cheap flights to\u00a0Saudi Arabia? Search, compare and book cheap airline ticket from to\u00a0Saudi Arabia online\" \/>\n<meta property=\"og:url\" content=\"https:\/\/tiketi.com\/fr-fr\/cheap-flights-to-saudi-arabia\/\" \/>\n<meta property=\"og:site_name\" content=\"Tiketi.com\" \/>\n<meta property=\"article:publisher\" content=\"https:\/\/www.facebook.com\/TiketiCom\/\" \/>\n<meta property=\"article:modified_time\" content=\"2022-08-21T19:31:39+00:00\" \/>\n<meta property=\"og:image\" content=\"https:\/\/tiketi.com\/wp-content\/uploads\/2022\/02\/riyadh-2197496_1280.jpg\" \/>\n\t<meta property=\"og:image:width\" content=\"1200\" \/>\n\t<meta property=\"og:image:height\" content=\"203\" \/>\n\t<meta property=\"og:image:type\" content=\"image\/jpeg\" \/>\n<meta name=\"twitter:card\" content=\"summary_large_image\" \/>\n<meta name=\"twitter:label1\" content=\"Dur\u00e9e de lecture estim\u00e9e\" \/>\n\t<meta name=\"twitter:data1\" content=\"5 minutes\" \/>\n<script type=\"application\/ld+json\" class=\"yoast-schema-graph\">{\"@context\":\"https:\/\/schema.org\",\"@graph\":[{\"@type\":\"WebPage\",\"@id\":\"https:\/\/tiketi.com\/fr-fr\/cheap-flights-to-saudi-arabia\/\",\"url\":\"https:\/\/tiketi.com\/fr-fr\/cheap-flights-to-saudi-arabia\/\",\"name\":\"Cheap Flights to Saudi Arabia\",\"isPartOf\":{\"@id\":\"https:\/\/tiketi.com\/#website\"},\"primaryImageOfPage\":{\"@id\":\"https:\/\/tiketi.com\/fr-fr\/cheap-flights-to-saudi-arabia\/#primaryimage\"},\"image\":{\"@id\":\"https:\/\/tiketi.com\/fr-fr\/cheap-flights-to-saudi-arabia\/#primaryimage\"},\"thumbnailUrl\":\"https:\/\/tiketi.com\/wp-content\/uploads\/2022\/02\/riyadh-2197496_1280.jpg\",\"datePublished\":\"2022-01-19T11:55:23+00:00\",\"dateModified\":\"2022-08-21T19:31:39+00:00\",\"description\":\"Looking for cheap flights to\u00a0Saudi Arabia? Search, compare and book cheap airline ticket from to\u00a0Saudi Arabia online\",\"breadcrumb\":{\"@id\":\"https:\/\/tiketi.com\/fr-fr\/cheap-flights-to-saudi-arabia\/#breadcrumb\"},\"inLanguage\":\"fr-FR\",\"potentialAction\":[{\"@type\":\"ReadAction\",\"target\":[\"https:\/\/tiketi.com\/fr-fr\/cheap-flights-to-saudi-arabia\/\"]}]},{\"@type\":\"ImageObject\",\"inLanguage\":\"fr-FR\",\"@id\":\"https:\/\/tiketi.com\/fr-fr\/cheap-flights-to-saudi-arabia\/#primaryimage\",\"url\":\"https:\/\/tiketi.com\/wp-content\/uploads\/2022\/02\/riyadh-2197496_1280.jpg\",\"contentUrl\":\"https:\/\/tiketi.com\/wp-content\/uploads\/2022\/02\/riyadh-2197496_1280.jpg\",\"width\":1200,\"height\":203,\"caption\":\"Air Taxi in Riyadh Booking\"},{\"@type\":\"BreadcrumbList\",\"@id\":\"https:\/\/tiketi.com\/fr-fr\/cheap-flights-to-saudi-arabia\/#breadcrumb\",\"itemListElement\":[{\"@type\":\"ListItem\",\"position\":1,\"name\":\"Home\",\"item\":\"https:\/\/tiketi.com\/\"},{\"@type\":\"ListItem\",\"position\":2,\"name\":\"Cheap Flights to Saudi Arabia\"}]},{\"@type\":\"WebSite\",\"@id\":\"https:\/\/tiketi.com\/#website\",\"url\":\"https:\/\/tiketi.com\/\",\"name\":\"Flight & Bus Tickets, Tour Packages & Activitites - Tiketi.com\",\"description\":\"Flight &amp; Bus Tickets, Tours, Activitites\",\"publisher\":{\"@id\":\"https:\/\/tiketi.com\/#organization\"},\"potentialAction\":[{\"@type\":\"SearchAction\",\"target\":{\"@type\":\"EntryPoint\",\"urlTemplate\":\"https:\/\/tiketi.com\/?s={search_term_string}\"},\"query-input\":{\"@type\":\"PropertyValueSpecification\",\"valueRequired\":true,\"valueName\":\"search_term_string\"}}],\"inLanguage\":\"fr-FR\"},{\"@type\":\"Organization\",\"@id\":\"https:\/\/tiketi.com\/#organization\",\"name\":\"Tiketi.com\",\"alternateName\":\"Tiketi\",\"url\":\"https:\/\/tiketi.com\/\",\"logo\":{\"@type\":\"ImageObject\",\"inLanguage\":\"fr-FR\",\"@id\":\"https:\/\/tiketi.com\/#\/schema\/logo\/image\/\",\"url\":\"https:\/\/tiketi.com\/wp-content\/uploads\/2019\/05\/tiketi-logo-696.png\",\"contentUrl\":\"https:\/\/tiketi.com\/wp-content\/uploads\/2019\/05\/tiketi-logo-696.png\",\"width\":696,\"height\":696,\"caption\":\"Tiketi.com\"},\"image\":{\"@id\":\"https:\/\/tiketi.com\/#\/schema\/logo\/image\/\"},\"sameAs\":[\"https:\/\/www.facebook.com\/TiketiCom\/\"]}]}<\/script>\n<!-- \/ Yoast SEO plugin. -->","yoast_head_json":{"title":"Vols pas chers vers Arabie Saoudite","description":"Vous cherchez des vols pas chers pour l&#039;Arabie Saoudite ? Recherchez, comparez et r\u00e9servez en ligne un billet d&#039;avion pas cher de vers l&#039;Arabie Saoudite","robots":{"index":"index","follow":"follow","max-snippet":"max-snippet:-1","max-image-preview":"max-image-preview:large","max-video-preview":"max-video-preview:-1"},"canonical":"https:\/\/tiketi.com\/fr-fr\/cheap-flights-to-saudi-arabia\/","og_locale":"fr_FR","og_type":"article","og_title":"Cheap Flights to Saudi Arabia","og_description":"Looking for cheap flights to\u00a0Saudi Arabia? Search, compare and book cheap airline ticket from to\u00a0Saudi Arabia online","og_url":"https:\/\/tiketi.com\/fr-fr\/cheap-flights-to-saudi-arabia\/","og_site_name":"Tiketi.com","article_publisher":"https:\/\/www.facebook.com\/TiketiCom\/","article_modified_time":"2022-08-21T19:31:39+00:00","og_image":[{"width":1200,"height":203,"url":"https:\/\/tiketi.com\/wp-content\/uploads\/2022\/02\/riyadh-2197496_1280.jpg","type":"image\/jpeg"}],"twitter_card":"summary_large_image","twitter_misc":{"Dur\u00e9e de lecture estim\u00e9e":"5 minutes"},"schema":{"@context":"https:\/\/schema.org","@graph":[{"@type":"WebPage","@id":"https:\/\/tiketi.com\/fr-fr\/cheap-flights-to-saudi-arabia\/","url":"https:\/\/tiketi.com\/fr-fr\/cheap-flights-to-saudi-arabia\/","name":"Vols pas chers vers Arabie Saoudite","isPartOf":{"@id":"https:\/\/tiketi.com\/#website"},"primaryImageOfPage":{"@id":"https:\/\/tiketi.com\/fr-fr\/cheap-flights-to-saudi-arabia\/#primaryimage"},"image":{"@id":"https:\/\/tiketi.com\/fr-fr\/cheap-flights-to-saudi-arabia\/#primaryimage"},"thumbnailUrl":"https:\/\/tiketi.com\/wp-content\/uploads\/2022\/02\/riyadh-2197496_1280.jpg","datePublished":"2022-01-19T11:55:23+00:00","dateModified":"2022-08-21T19:31:39+00:00","description":"Vous cherchez des vols pas chers pour l&#039;Arabie Saoudite ? Recherchez, comparez et r\u00e9servez en ligne un billet d&#039;avion pas cher de vers l&#039;Arabie Saoudite","breadcrumb":{"@id":"https:\/\/tiketi.com\/fr-fr\/cheap-flights-to-saudi-arabia\/#breadcrumb"},"inLanguage":"fr-FR","potentialAction":[{"@type":"ReadAction","target":["https:\/\/tiketi.com\/fr-fr\/cheap-flights-to-saudi-arabia\/"]}]},{"@type":"ImageObject","inLanguage":"fr-FR","@id":"https:\/\/tiketi.com\/fr-fr\/cheap-flights-to-saudi-arabia\/#primaryimage","url":"https:\/\/tiketi.com\/wp-content\/uploads\/2022\/02\/riyadh-2197496_1280.jpg","contentUrl":"https:\/\/tiketi.com\/wp-content\/uploads\/2022\/02\/riyadh-2197496_1280.jpg","width":1200,"height":203,"caption":"Air Taxi in Riyadh Booking"},{"@type":"BreadcrumbList","@id":"https:\/\/tiketi.com\/fr-fr\/cheap-flights-to-saudi-arabia\/#breadcrumb","itemListElement":[{"@type":"ListItem","position":1,"name":"Home","item":"https:\/\/tiketi.com\/"},{"@type":"ListItem","position":2,"name":"Cheap Flights to Saudi Arabia"}]},{"@type":"WebSite","@id":"https:\/\/tiketi.com\/#website","url":"https:\/\/tiketi.com\/","name":"Billets d&#039;avion et de bus, forfaits touristiques et activit\u00e9s - Tiketi.com","description":"Billets d&#039;avion et de bus, Tours, Activit\u00e9s","publisher":{"@id":"https:\/\/tiketi.com\/#organization"},"potentialAction":[{"@type":"SearchAction","target":{"@type":"EntryPoint","urlTemplate":"https:\/\/tiketi.com\/?s={search_term_string}"},"query-input":{"@type":"PropertyValueSpecification","valueRequired":true,"valueName":"search_term_string"}}],"inLanguage":"fr-FR"},{"@type":"Organization","@id":"https:\/\/tiketi.com\/#organization","name":"Tiketi.com","alternateName":"Tiketi","url":"https:\/\/tiketi.com\/","logo":{"@type":"ImageObject","inLanguage":"fr-FR","@id":"https:\/\/tiketi.com\/#\/schema\/logo\/image\/","url":"https:\/\/tiketi.com\/wp-content\/uploads\/2019\/05\/tiketi-logo-696.png","contentUrl":"https:\/\/tiketi.com\/wp-content\/uploads\/2019\/05\/tiketi-logo-696.png","width":696,"height":696,"caption":"Tiketi.com"},"image":{"@id":"https:\/\/tiketi.com\/#\/schema\/logo\/image\/"},"sameAs":["https:\/\/www.facebook.com\/TiketiCom\/"]}]}},"_links":{"self":[{"href":"https:\/\/tiketi.com\/fr-fr\/wp-json\/wp\/v2\/pages\/11916","targetHints":{"allow":["GET"]}}],"collection":[{"href":"https:\/\/tiketi.com\/fr-fr\/wp-json\/wp\/v2\/pages"}],"about":[{"href":"https:\/\/tiketi.com\/fr-fr\/wp-json\/wp\/v2\/types\/page"}],"author":[{"embeddable":true,"href":"https:\/\/tiketi.com\/fr-fr\/wp-json\/wp\/v2\/users\/1"}],"replies":[{"embeddable":true,"href":"https:\/\/tiketi.com\/fr-fr\/wp-json\/wp\/v2\/comments?post=11916"}],"version-history":[{"count":0,"href":"https:\/\/tiketi.com\/fr-fr\/wp-json\/wp\/v2\/pages\/11916\/revisions"}],"wp:featuredmedia":[{"embeddable":true,"href":"https:\/\/tiketi.com\/fr-fr\/wp-json\/wp\/v2\/media\/17189"}],"wp:attachment":[{"href":"https:\/\/tiketi.com\/fr-fr\/wp-json\/wp\/v2\/media?parent=11916"}],"curies":[{"name":"wp","href":"https:\/\/api.w.org\/{rel}","templated":true}]}}