{"id":11917,"date":"2022-01-19T12:55:23","date_gmt":"2022-01-19T11:55:23","guid":{"rendered":"https:\/\/new.tiketi.com\/cheap-flights-to-qatar\/"},"modified":"2022-02-10T15:30:57","modified_gmt":"2022-02-10T14:30:57","slug":"cheap-flights-to-qatar","status":"publish","type":"page","link":"https:\/\/tiketi.com\/fr-fr\/cheap-flights-to-qatar\/","title":{"rendered":"Vols pas chers vers Qatar"},"content":{"rendered":"<h2>Vous recherchez un billet d&#039;avion pas cher pour le Qatar ou des offres de derni\u00e8re minute ?<\/h2>\n<h3>Recherchez, comparez et r\u00e9servez en ligne d\u00e8s maintenant des vols bon march\u00e9 pour Qatar.<\/h3>\n<p>R\u00e9servez en ligne des vols pas chers pour le Qatar et \u00e9conomisez de l&#039;argent sur les billets d&#039;avion. Le Qatar a une richesse de culture et de beaut\u00e9 \u00e0 offrir aux visiteurs de toute la plan\u00e8te. Voici notre liste des meilleurs endroits au Qatar afin que vous puissiez passer votre temps \u00e0 bon escient. Comparez les prix et obtenez les tarifs les plus bas sur les billets d&#039;avion pour Qatar gr\u00e2ce \u00e0 des offres exceptionnelles sur la r\u00e9servation de billets en ligne de vols Qatar.<\/p>\n<h2>Voici quelques-unes des meilleures attractions du Qatar<\/h2>\n<h3>Mosqu\u00e9e Katara<\/h3>\n<p>La mosqu\u00e9e Katara est situ\u00e9e au centre de la place du village culturel de Katara, o\u00f9 certaines des architectures les plus charmantes du Moyen-Orient n&#039;attendent que d&#039;\u00eatre vues. La conception de la mosqu\u00e9e Katara est diff\u00e9rente des mosqu\u00e9es typiques du pays. Le b\u00e2timent est une mosa\u00efque de tuiles principalement bleues, avec des notes de jaune et de rouge. Vous serez \u00e9poustoufl\u00e9 par les conceptions complexes et l&#039;int\u00e9rieur tout aussi complexe. Accompagnant la mosqu\u00e9e se trouvent 3 piliers \u00e0 pointes atteignant le ciel. Le contraste entre ces structures impressionnantes et la beaut\u00e9 des murs en mosa\u00efque est vraiment incroyable.<\/p>\n<h3>Le d\u00e9sert de Doha<\/h3>\n<p>Le d\u00e9sert de Doha aime la plupart du temps intact et devrait faire partie de votre voyage au Qatar. Extr\u00eamement peu est aussi \u00e9tonnant que des kilom\u00e8tres de kilom\u00e8tres de sable immacul\u00e9 et parfait. La beaut\u00e9 des vues sur le d\u00e9sert vous laissera vous sentir petit et \u00e9merveill\u00e9 par l&#039;immensit\u00e9 de ce paysage inconnu. Le sable est parfait, les dunes roulent et ce doux paysage d\u00e9sertique peut \u00eatre appr\u00e9ci\u00e9 le jour du safari dans le d\u00e9sert.<\/p>\n<h3>La mosqu\u00e9e d&#039;or<\/h3>\n<p>La Mosqu\u00e9e d&#039;Or n&#039;est pas seulement tr\u00e8s choquante pour les \u00e9trangers mais aussi pour le peuple arabe lui-m\u00eame car elle ressemble \u00e0 une surprise de la beaut\u00e9 dans son propre type. Les visiteurs sont encourag\u00e9s \u00e0 visiter cette mosqu\u00e9e dor\u00e9e pour regarder cette tr\u00e8s ancienne mosqu\u00e9e minaret. C&#039;est une mosqu\u00e9e aux tuiles dor\u00e9es avec un int\u00e9rieur charmant.<\/p>\n<h3>Le mus\u00e9e d&#039;art islamique<\/h3>\n<p>Le Mus\u00e9e d&#039;art islamique est le meilleur exemple du charme de l&#039;art islamique. Il est structur\u00e9 comme la toute derni\u00e8re architecture. L&#039;architecte est venu de Chine et d&#039;Am\u00e9rique pour achever la construction du mus\u00e9e. Il \u00e9tait tout \u00e0 fait pr\u00eat \u00e0 divertir les visiteurs. Il y a une grande collection d&#039;art du monde musulman, en ajoutant le persan, l&#039;arabe et l&#039;Afrique.<\/p>\n<h2>Meilleure p\u00e9riode pour partir au Qatar<\/h2>\n<p>Alors que les mois chauds peuvent apporter des temp\u00eates de sable et de l&#039;humidit\u00e9, l&#039;hiver et l&#039;automne sont les meilleurs moments pour r\u00e9server des vols pas chers vers le Qatar.<\/p>\n<p><strong>Haute saison<\/strong><br \/>\nLa plupart des visiteurs pr\u00e9voient des vols bon march\u00e9 vers le Qatar entre octobre et avril, lorsque les temp\u00e9ratures douces et les situations de froid sont constantes. M\u00e9fiez-vous des plongeurs et des snookers - l&#039;oc\u00e9an est \u00e0 son frisson entre d\u00e9cembre et janvier.<\/p>\n<p><strong>Hors saison<\/strong><br \/>\nBien que les gens ne la consid\u00e8rent presque jamais comme une saison morte, peu de voyageurs r\u00e9servent des billets d&#039;avion directs pour le Qatar entre mai et septembre en raison de l&#039;augmentation de l&#039;humidit\u00e9. Un autre temps de trajet faible se situe entre novembre et janvier, lorsque les quelques gouttes de pluie annuelles font leur apparition. Si le temps humide ne vous d\u00e9range pas, les mois d&#039;hiver sont les meilleurs moments pour trouver des vols vers des vols au Qatar.<\/p>\n<h3>Quel jour est le moins cher pour partir pour Qatar ?<\/h3>\n<p>Pour le moment, le mardi est le jour le plus id\u00e9al pour prendre des vols au Qatar. Le samedi est probablement le plus cher.<\/p>\n<h3>Quel est le meilleur moment pour r\u00e9server un billet d&#039;avion pas cher pour le Qatar ?<\/h3>\n<p>Pour vous assurer d&#039;obtenir le prix abordable possible pour un billet d&#039;avion pour le Qatar, vous devez r\u00e9server au moins 55 jours avant la date de voyage pr\u00e9vue. Le prix de votre vol peut augmenter si vous retardez et laissez la r\u00e9servation jusqu&#039;\u00e0 une semaine environ avant le d\u00e9part.<\/p>\n<h3>\u00c0 quelle heure de la journ\u00e9e les vols pour Qatar sont-ils les moins chers ?<\/h3>\n<p>Pour obtenir le meilleur rapport qualit\u00e9-prix, essayez de r\u00e9server un vol \u00e0 midi lorsque vous visitez ce merveilleux pays. G\u00e9n\u00e9ralement, les prix augmenteront pour les billets d&#039;avion le soir, car ceux-ci ont tendance \u00e0 \u00eatre plus demand\u00e9s.<\/p>\n<h3>Quel est le principal a\u00e9roport international du Qatar ?<\/h3>\n<p>L&#039;a\u00e9roport international de Hamad est le principal a\u00e9roport international pour les vols du Qatar \u00e0 Doha. Il est plac\u00e9 \u00e0 une distance de quinze kilom\u00e8tres de la capitale, Doha. Il y a un terminal \u00e0 grande \u00e9chelle avec cinq halls class\u00e9s par ordre alphab\u00e9tique de A \u00e0 E. Cet a\u00e9roport est le centre de Qatar Airways.<\/p>\n<h3>Quel est le mois de l&#039;ann\u00e9e le moins cher pour partir au Qatar ?<\/h3>\n<p>La saison des mois chauds (d&#039;avril \u00e0 octobre) est tr\u00e8s longue et extr\u00eamement chaude. Plus pr\u00e9cis\u00e9ment entre fin juin et d\u00e9but ao\u00fbt. \u00c9tant donn\u00e9 que Doha est situ\u00e9e \u00e0 l&#039;ouest dans la p\u00e9ninsule du golfe Persique, peu de gens osent visiter l&#039;endroit pendant cette p\u00e9riode. C&#039;est la raison pour laquelle les vols bon march\u00e9 \u00e0 prix r\u00e9duit vers le Qatar et les promotions h\u00f4teli\u00e8res sont g\u00e9n\u00e9ralis\u00e9s. Des h\u00e9bergements de premier ordre peuvent \u00eatre utilis\u00e9s \u00e0 des tarifs tr\u00e8s abordables pendant la basse saison.<\/p>\n<h2>Se d\u00e9placer au Qatar<\/h2>\n<p>Il n&#039;y a qu&#039;un seul a\u00e9roport, l&#039;a\u00e9roport international de Doha, pour les visiteurs prenant des vols avec Qatar Airways.<\/p>\n<p>La Qatar Transport Company exploite des taxis, appel\u00e9s Karwa, dans tout Doha, la capitale. Les taxis peuvent \u00eatre r\u00e9serv\u00e9s \u00e0 l&#039;avance ou vous pouvez louer des routes.<\/p>\n<p>Le meilleur moyen de se d\u00e9placer au Qatar est en voiture, soit en 4X4, soit avec chauffeur et voiture. Les v\u00e9hicules peuvent \u00eatre lou\u00e9s facilement \u00e0 l&#039;a\u00e9roport et les taxis sont \u00e9galement une option bon march\u00e9.<\/p>","protected":false},"excerpt":{"rendered":"<p>Looking for cheap airline ticket to Qatar or last minute deals? Search, compare and book cheap Qatar flights online now. Book cheap flights to Qatar online and save money on airfare. Qatar has a wealth of culture and beauty to offer people visiting from all over the planet. Here is our list of the best [&hellip;]<\/p>\n","protected":false},"author":1,"featured_media":14041,"parent":0,"menu_order":0,"comment_status":"open","ping_status":"closed","template":"template-home-modern.php","meta":{"footnotes":""},"class_list":["post-11917","page","type-page","status-publish","has-post-thumbnail","hentry"],"yoast_head":"<!-- This site is optimized with the Yoast SEO plugin v27.2 - https:\/\/yoast.com\/product\/yoast-seo-wordpress\/ -->\n<title>Cheap Flights to\u00a0Qatar<\/title>\n<meta name=\"description\" content=\"Looking for cheap flights to\u00a0Qatar? Search, compare and book cheap airline ticket from to\u00a0Qatar online\" \/>\n<meta name=\"robots\" content=\"index, follow, max-snippet:-1, max-image-preview:large, max-video-preview:-1\" \/>\n<link rel=\"canonical\" href=\"https:\/\/tiketi.com\/fr-fr\/cheap-flights-to-qatar\/\" \/>\n<meta property=\"og:locale\" content=\"fr_FR\" \/>\n<meta property=\"og:type\" content=\"article\" \/>\n<meta property=\"og:title\" content=\"Cheap Flights to\u00a0Qatar\" \/>\n<meta property=\"og:description\" content=\"Looking for cheap flights to\u00a0Qatar? Search, compare and book cheap airline ticket from to\u00a0Qatar online\" \/>\n<meta property=\"og:url\" content=\"https:\/\/tiketi.com\/fr-fr\/cheap-flights-to-qatar\/\" \/>\n<meta property=\"og:site_name\" content=\"Tiketi.com\" \/>\n<meta property=\"article:publisher\" content=\"https:\/\/www.facebook.com\/TiketiCom\/\" \/>\n<meta property=\"article:modified_time\" content=\"2022-02-10T14:30:57+00:00\" \/>\n<meta property=\"og:image\" content=\"https:\/\/tiketi.com\/wp-content\/uploads\/2022\/01\/flight-ticket-booking-sorasak-KxCJXXGsv9I-unsplas.jpg\" \/>\n\t<meta property=\"og:image:width\" content=\"1200\" \/>\n\t<meta property=\"og:image:height\" content=\"240\" \/>\n\t<meta property=\"og:image:type\" content=\"image\/jpeg\" \/>\n<meta name=\"twitter:card\" content=\"summary_large_image\" \/>\n<meta name=\"twitter:label1\" content=\"Dur\u00e9e de lecture estim\u00e9e\" \/>\n\t<meta name=\"twitter:data1\" content=\"4 minutes\" \/>\n<script type=\"application\/ld+json\" class=\"yoast-schema-graph\">{\"@context\":\"https:\/\/schema.org\",\"@graph\":[{\"@type\":\"WebPage\",\"@id\":\"https:\/\/tiketi.com\/fr-fr\/cheap-flights-to-qatar\/\",\"url\":\"https:\/\/tiketi.com\/fr-fr\/cheap-flights-to-qatar\/\",\"name\":\"Cheap Flights to\u00a0Qatar\",\"isPartOf\":{\"@id\":\"https:\/\/tiketi.com\/#website\"},\"primaryImageOfPage\":{\"@id\":\"https:\/\/tiketi.com\/fr-fr\/cheap-flights-to-qatar\/#primaryimage\"},\"image\":{\"@id\":\"https:\/\/tiketi.com\/fr-fr\/cheap-flights-to-qatar\/#primaryimage\"},\"thumbnailUrl\":\"https:\/\/tiketi.com\/wp-content\/uploads\/2022\/01\/flight-ticket-booking-sorasak-KxCJXXGsv9I-unsplas.jpg\",\"datePublished\":\"2022-01-19T11:55:23+00:00\",\"dateModified\":\"2022-02-10T14:30:57+00:00\",\"description\":\"Looking for cheap flights to\u00a0Qatar? Search, compare and book cheap airline ticket from to\u00a0Qatar online\",\"breadcrumb\":{\"@id\":\"https:\/\/tiketi.com\/fr-fr\/cheap-flights-to-qatar\/#breadcrumb\"},\"inLanguage\":\"fr-FR\",\"potentialAction\":[{\"@type\":\"ReadAction\",\"target\":[\"https:\/\/tiketi.com\/fr-fr\/cheap-flights-to-qatar\/\"]}]},{\"@type\":\"ImageObject\",\"inLanguage\":\"fr-FR\",\"@id\":\"https:\/\/tiketi.com\/fr-fr\/cheap-flights-to-qatar\/#primaryimage\",\"url\":\"https:\/\/tiketi.com\/wp-content\/uploads\/2022\/01\/flight-ticket-booking-sorasak-KxCJXXGsv9I-unsplas.jpg\",\"contentUrl\":\"https:\/\/tiketi.com\/wp-content\/uploads\/2022\/01\/flight-ticket-booking-sorasak-KxCJXXGsv9I-unsplas.jpg\",\"width\":1200,\"height\":240,\"caption\":\"Online flight ticket booking\"},{\"@type\":\"BreadcrumbList\",\"@id\":\"https:\/\/tiketi.com\/fr-fr\/cheap-flights-to-qatar\/#breadcrumb\",\"itemListElement\":[{\"@type\":\"ListItem\",\"position\":1,\"name\":\"Home\",\"item\":\"https:\/\/tiketi.com\/\"},{\"@type\":\"ListItem\",\"position\":2,\"name\":\"Cheap Flights to\u00a0Qatar\"}]},{\"@type\":\"WebSite\",\"@id\":\"https:\/\/tiketi.com\/#website\",\"url\":\"https:\/\/tiketi.com\/\",\"name\":\"Flight & Bus Tickets, Tour Packages & Activitites - Tiketi.com\",\"description\":\"Flight &amp; Bus Tickets, Tours, Activitites\",\"publisher\":{\"@id\":\"https:\/\/tiketi.com\/#organization\"},\"potentialAction\":[{\"@type\":\"SearchAction\",\"target\":{\"@type\":\"EntryPoint\",\"urlTemplate\":\"https:\/\/tiketi.com\/?s={search_term_string}\"},\"query-input\":{\"@type\":\"PropertyValueSpecification\",\"valueRequired\":true,\"valueName\":\"search_term_string\"}}],\"inLanguage\":\"fr-FR\"},{\"@type\":\"Organization\",\"@id\":\"https:\/\/tiketi.com\/#organization\",\"name\":\"Tiketi.com\",\"alternateName\":\"Tiketi\",\"url\":\"https:\/\/tiketi.com\/\",\"logo\":{\"@type\":\"ImageObject\",\"inLanguage\":\"fr-FR\",\"@id\":\"https:\/\/tiketi.com\/#\/schema\/logo\/image\/\",\"url\":\"https:\/\/tiketi.com\/wp-content\/uploads\/2019\/05\/tiketi-logo-696.png\",\"contentUrl\":\"https:\/\/tiketi.com\/wp-content\/uploads\/2019\/05\/tiketi-logo-696.png\",\"width\":696,\"height\":696,\"caption\":\"Tiketi.com\"},\"image\":{\"@id\":\"https:\/\/tiketi.com\/#\/schema\/logo\/image\/\"},\"sameAs\":[\"https:\/\/www.facebook.com\/TiketiCom\/\"]}]}<\/script>\n<!-- \/ Yoast SEO plugin. -->","yoast_head_json":{"title":"Vols pas chers vers Qatar","description":"Vous cherchez des vols pas chers vers le Qatar ? Recherchez, comparez et r\u00e9servez en ligne un billet d&#039;avion pas cher du vers Qatar","robots":{"index":"index","follow":"follow","max-snippet":"max-snippet:-1","max-image-preview":"max-image-preview:large","max-video-preview":"max-video-preview:-1"},"canonical":"https:\/\/tiketi.com\/fr-fr\/cheap-flights-to-qatar\/","og_locale":"fr_FR","og_type":"article","og_title":"Cheap Flights to\u00a0Qatar","og_description":"Looking for cheap flights to\u00a0Qatar? Search, compare and book cheap airline ticket from to\u00a0Qatar online","og_url":"https:\/\/tiketi.com\/fr-fr\/cheap-flights-to-qatar\/","og_site_name":"Tiketi.com","article_publisher":"https:\/\/www.facebook.com\/TiketiCom\/","article_modified_time":"2022-02-10T14:30:57+00:00","og_image":[{"width":1200,"height":240,"url":"https:\/\/tiketi.com\/wp-content\/uploads\/2022\/01\/flight-ticket-booking-sorasak-KxCJXXGsv9I-unsplas.jpg","type":"image\/jpeg"}],"twitter_card":"summary_large_image","twitter_misc":{"Dur\u00e9e de lecture estim\u00e9e":"4 minutes"},"schema":{"@context":"https:\/\/schema.org","@graph":[{"@type":"WebPage","@id":"https:\/\/tiketi.com\/fr-fr\/cheap-flights-to-qatar\/","url":"https:\/\/tiketi.com\/fr-fr\/cheap-flights-to-qatar\/","name":"Vols pas chers vers Qatar","isPartOf":{"@id":"https:\/\/tiketi.com\/#website"},"primaryImageOfPage":{"@id":"https:\/\/tiketi.com\/fr-fr\/cheap-flights-to-qatar\/#primaryimage"},"image":{"@id":"https:\/\/tiketi.com\/fr-fr\/cheap-flights-to-qatar\/#primaryimage"},"thumbnailUrl":"https:\/\/tiketi.com\/wp-content\/uploads\/2022\/01\/flight-ticket-booking-sorasak-KxCJXXGsv9I-unsplas.jpg","datePublished":"2022-01-19T11:55:23+00:00","dateModified":"2022-02-10T14:30:57+00:00","description":"Vous cherchez des vols pas chers vers le Qatar ? Recherchez, comparez et r\u00e9servez en ligne un billet d&#039;avion pas cher du vers Qatar","breadcrumb":{"@id":"https:\/\/tiketi.com\/fr-fr\/cheap-flights-to-qatar\/#breadcrumb"},"inLanguage":"fr-FR","potentialAction":[{"@type":"ReadAction","target":["https:\/\/tiketi.com\/fr-fr\/cheap-flights-to-qatar\/"]}]},{"@type":"ImageObject","inLanguage":"fr-FR","@id":"https:\/\/tiketi.com\/fr-fr\/cheap-flights-to-qatar\/#primaryimage","url":"https:\/\/tiketi.com\/wp-content\/uploads\/2022\/01\/flight-ticket-booking-sorasak-KxCJXXGsv9I-unsplas.jpg","contentUrl":"https:\/\/tiketi.com\/wp-content\/uploads\/2022\/01\/flight-ticket-booking-sorasak-KxCJXXGsv9I-unsplas.jpg","width":1200,"height":240,"caption":"Online flight ticket booking"},{"@type":"BreadcrumbList","@id":"https:\/\/tiketi.com\/fr-fr\/cheap-flights-to-qatar\/#breadcrumb","itemListElement":[{"@type":"ListItem","position":1,"name":"Home","item":"https:\/\/tiketi.com\/"},{"@type":"ListItem","position":2,"name":"Cheap Flights to\u00a0Qatar"}]},{"@type":"WebSite","@id":"https:\/\/tiketi.com\/#website","url":"https:\/\/tiketi.com\/","name":"Billets d&#039;avion et de bus, forfaits touristiques et activit\u00e9s - Tiketi.com","description":"Billets d&#039;avion et de bus, Tours, Activit\u00e9s","publisher":{"@id":"https:\/\/tiketi.com\/#organization"},"potentialAction":[{"@type":"SearchAction","target":{"@type":"EntryPoint","urlTemplate":"https:\/\/tiketi.com\/?s={search_term_string}"},"query-input":{"@type":"PropertyValueSpecification","valueRequired":true,"valueName":"search_term_string"}}],"inLanguage":"fr-FR"},{"@type":"Organization","@id":"https:\/\/tiketi.com\/#organization","name":"Tiketi.com","alternateName":"Tiketi","url":"https:\/\/tiketi.com\/","logo":{"@type":"ImageObject","inLanguage":"fr-FR","@id":"https:\/\/tiketi.com\/#\/schema\/logo\/image\/","url":"https:\/\/tiketi.com\/wp-content\/uploads\/2019\/05\/tiketi-logo-696.png","contentUrl":"https:\/\/tiketi.com\/wp-content\/uploads\/2019\/05\/tiketi-logo-696.png","width":696,"height":696,"caption":"Tiketi.com"},"image":{"@id":"https:\/\/tiketi.com\/#\/schema\/logo\/image\/"},"sameAs":["https:\/\/www.facebook.com\/TiketiCom\/"]}]}},"_links":{"self":[{"href":"https:\/\/tiketi.com\/fr-fr\/wp-json\/wp\/v2\/pages\/11917","targetHints":{"allow":["GET"]}}],"collection":[{"href":"https:\/\/tiketi.com\/fr-fr\/wp-json\/wp\/v2\/pages"}],"about":[{"href":"https:\/\/tiketi.com\/fr-fr\/wp-json\/wp\/v2\/types\/page"}],"author":[{"embeddable":true,"href":"https:\/\/tiketi.com\/fr-fr\/wp-json\/wp\/v2\/users\/1"}],"replies":[{"embeddable":true,"href":"https:\/\/tiketi.com\/fr-fr\/wp-json\/wp\/v2\/comments?post=11917"}],"version-history":[{"count":0,"href":"https:\/\/tiketi.com\/fr-fr\/wp-json\/wp\/v2\/pages\/11917\/revisions"}],"wp:featuredmedia":[{"embeddable":true,"href":"https:\/\/tiketi.com\/fr-fr\/wp-json\/wp\/v2\/media\/14041"}],"wp:attachment":[{"href":"https:\/\/tiketi.com\/fr-fr\/wp-json\/wp\/v2\/media?parent=11917"}],"curies":[{"name":"wp","href":"https:\/\/api.w.org\/{rel}","templated":true}]}}