{"id":11918,"date":"2022-01-19T12:55:23","date_gmt":"2022-01-19T11:55:23","guid":{"rendered":"https:\/\/new.tiketi.com\/cheap-flights-to-abu-dhabi\/"},"modified":"2022-02-10T09:21:07","modified_gmt":"2022-02-10T08:21:07","slug":"cheap-flights-to-abu-dhabi-auh","status":"publish","type":"page","link":"https:\/\/tiketi.com\/fr-fr\/cheap-flights-to-abu-dhabi-auh\/","title":{"rendered":"Vols pas chers vers Abou Dhabi"},"content":{"rendered":"<h2>Vous recherchez un billet d&#039;avion pas cher pour Abou Dhabi ou des offres de derni\u00e8re minute ?<\/h2>\n<h3>Recherchez, comparez et r\u00e9servez en ligne d\u00e8s maintenant un billet d&#039;avion pas cher Abou Dhabi (AUH).<\/h3>\n<p>R\u00e9servez des vols pas chers vers Abu Dhabi en ligne et \u00e9conomisez de l&#039;argent sur les billets d&#039;avion. Lorsque vous visitez les \u00c9mirats arabes unis, n\u2019oubliez pas qu\u2019il y a bien plus \u00e0 voir que Duba\u00ef. La capitale du pays, Abu Dhabi, regorge d&#039;attractions \u00e9tonnantes qui choqueront tous les visiteurs. Avec tout, des exp\u00e9riences culturelles aux centres commerciaux remarquables, Abu Dhabi est la meilleure ville pour les visiteurs, leur donnant l&#039;occasion de bien comprendre les \u00c9mirats arabes unis, tout en s&#039;amusant. Comparez les prix et obtenez le tarif le plus bas sur les billets d&#039;avion pour Abou Dhabi gr\u00e2ce \u00e0 des offres exceptionnelles sur la r\u00e9servation de billets en ligne pour les vols \u00e0 Abou Dhabi.<\/p>\n<h2>Voici quelques-unes des meilleures attractions d\u2019Abu Dhabi<\/h2>\n<h3>Grande Mosqu\u00e9e Cheikh Zayad<\/h3>\n<p>C&#039;est sans aucun doute la mosqu\u00e9e la plus charmante des \u00c9mirats arabes unis. La Grande Mosqu\u00e9e Cheikh Zayed est ouverte aux visiteurs et leur offre la chance de se familiariser parfaitement avec l&#039;Islam, ainsi que d&#039;admirer cette merveille architecturale. Chaque centim\u00e8tre carr\u00e9 de la structure est une vue magnifique. Les murs de la mosqu\u00e9e sont en marbre v\u00e9ritable et d\u00e9cor\u00e9s de pierres color\u00e9es, tout comme les sols.<\/p>\n<h3>\u00cele de Saadiyat<\/h3>\n<p>La plage publique de Saadiyat offre loisirs et divertissement dans un seul forfait. L&#039;une des attractions touristiques les plus anim\u00e9es d&#039;Abu Dhabi, cette plage propose des boutiques, des sports nautiques et de d\u00e9licieux bistros.<\/p>\n<h3>D\u00e9sert marin de mangroves<\/h3>\n<p>Les \u00c9mirats arabes unis sont connus dans le monde entier pour leurs desserts, avec des dunes infinies et magnifiques pr\u00e9sentes dans la plupart des villes du pays. Quoi qu&#039;il en soit, Abu Dhabi a une g\u00e9ographie singuli\u00e8re par rapport aux autres \u00c9mirats, puisque la capitale, en plus du d\u00e9sert, poss\u00e8de \u00e9galement des mangroves. Dans ces mangroves, les clients peuvent louer des paddles et des kayaks dans le charmant d\u00e9cor d&#039;eau et de flore et avoir la chance d&#039;explorer quelque chose de sp\u00e9cial.<\/p>\n<h3>\u00cele de Sir Bani Yas<\/h3>\n<p>Abu Dhabi est peupl\u00e9e de nombreuses \u00eeles situ\u00e9es juste au large de ses c\u00f4tes et la plus \u00e9tonnante d&#039;entre elles est peut-\u00eatre l&#039;\u00eele de Sir Bani Yas. Sur cette \u00eele, les visiteurs peuvent choisir de s\u00e9journer dans ses complexes h\u00f4teliers de luxe, l&#039;Anantara Sir Bani Yas Island Resort, et se livrer \u00e0 diff\u00e9rentes activit\u00e9s merveilleuses, allant de l&#039;\u00e9quitation au tir \u00e0 l&#039;arc. Le plus c\u00e9l\u00e8bre d&#039;entre eux est le safari dans le parc animalier arabe, o\u00f9 des milliers d&#039;animaux courent en libert\u00e9 et \u00e9blouissent les visiteurs.<\/p>\n<h2>FAQ sur les vols pas chers vers Abou Dhabi<\/h2>\n<h3>Quelles compagnies a\u00e9riennes op\u00e8rent des vols \u00e0 Abou Dhabi ?<\/h3>\n<p>Peu de compagnies a\u00e9riennes proposent des vols directs \u00e0 Abu Dhabi, les trois principales \u00e9tant British Airways, Qatar Airways et Etihad. British Airways propose des collations et de la nourriture gratuites \u00e0 bord dont vous pouvez profiter pendant les vols long-courriers, mais Ethihad et Qatar offrent un tr\u00e8s haut niveau de d\u00e9tente et de service tout au long de leurs vols \u00e0 Abu Dhabi. D\u00e9cider quelle compagnie a\u00e9rienne utiliser d\u00e9pendra soit du confort, soit du prix, selon celui que vous privil\u00e9giez.<\/p>\n<h3>Quel est le jour le moins cher pour prendre un vol pour Abou Dhabi ?<\/h3>\n<p>Le lundi est actuellement, en moyenne, le jour le moins cher pour prendre un vol vers Abu Dhabi. Prendre un vol vendredi entra\u00eenera une hausse du prix des billets pour Abu Dhabi.<\/p>\n<h3>\u00c0 quelle heure de la journ\u00e9e les vols pour Abou Dhabi sont-ils les moins chers ?<\/h3>\n<p>Vols pas chers vers Abu Dhabi le matin, le moment abordable de la journ\u00e9e pour se rendre \u00e0 Abu Dhabi. Les vols du soir sont g\u00e9n\u00e9ralement les plus chers.<\/p>\n<h3>Quelle est la meilleure p\u00e9riode pour r\u00e9server un billet d\u2019avion pas cher pour Abou Dhabi ?<\/h3>\n<p>R\u00e9server 39 jours avant la date de d\u00e9part pr\u00e9vue est, en moyenne, le meilleur moment pour obtenir des offres de billets d&#039;avion pour Abou Dhabi. La tendance g\u00e9n\u00e9rale est que plus vous r\u00e9servez pr\u00e8s de la date de d\u00e9part, plus vos vols \u00e0 Abu Dhabi seront chers.<\/p>\n<h3>Quel est le principal a\u00e9roport international d&#039;Abou Dhabi ?<\/h3>\n<p>L&#039;a\u00e9roport international d&#039;Abu Dhabi se trouve \u00e0 vingt-cinq minutes en voiture du centre-ville et son code IATA est AUH. L&#039;a\u00e9roport dispose de trois terminaux au total. Eithad Airways utilise le terminal 3 de l&#039;a\u00e9roport, qui est une extension r\u00e9cente et importante du terminal 1. De grandes aires de restauration et des boutiques hors taxes sont l\u00e0 pour faciliter l&#039;attente des passagers.<\/p>\n<h3>Quelle est la meilleure p\u00e9riode pour voler \u00e0 Abu Dhabi<\/h3>\n<p><strong>Haute saison<\/strong><br \/>\nDe novembre \u00e0 mars est la p\u00e9riode des affaires de l&#039;ann\u00e9e, le temps n&#039;est pas trop chaud pour \u00eatre inconfortable mais suffisamment chaud pour attirer les foules. Il peut \u00eatre difficile de trouver un billet d&#039;avion bon march\u00e9 pour Abu Dhabi ces mois-ci et il est pr\u00e9f\u00e9rable de r\u00e9server longtemps \u00e0 l&#039;avance pour \u00e9conomiser sur votre billet d&#039;avion et votre h\u00f4tel \u00e0 Abu Dhabi. Il y a un \u00e9v\u00e9nement annuel en janvier qui augmentera les prix des vols vers Abu-Dhabi et de l&#039;h\u00e9bergement, mais attirera \u00e9galement davantage de visiteurs, rendant la ville extr\u00eamement peupl\u00e9e.<\/p>\n<p><strong>Hors saison<\/strong><br \/>\nDe mars \u00e0 octobre, les temp\u00e9ratures sont tr\u00e8s \u00e9lev\u00e9es, auxquelles m\u00eame les locaux ont du mal \u00e0 faire face. De toute fa\u00e7on, c&#039;est \u00e9galement l&#039;endroit o\u00f9 les vols les moins chers \u00e0 Abu Dhabi sont propos\u00e9s.<\/p>\n<h2>Se d\u00e9placer \u00e0 Abou Dhabi<\/h2>\n<p>Le service de bus public est un choix fiable et \u00e9conomique pour vous rendre au centre-ville. Vous voudrez prendre le bus AI depuis l&#039;a\u00e9roport, puis descendre \u00e0 l&#039;endroit souhait\u00e9 ou arriver au centre. Vous pouvez de toute fa\u00e7on choisir de louer un v\u00e9hicule si vous comptez uniquement vous rendre \u00e0 votre h\u00f4tel en voiture et, \u00e0 ce moment-l\u00e0, cela n&#039;en vaut pas vraiment la peine. Lorsque vous d\u00e9terminez votre h\u00e9bergement, vous devriez demander s&#039;ils proposent des transferts a\u00e9roport, car cela rendra votre transition parfaite apr\u00e8s vos vols bon march\u00e9 vers les \u00c9mirats arabes unis, Abu Dhabi. Enfin, vous pouvez choisir de prendre un taxi, ils sont beaucoup plus chers que le bus, si vous \u00eates plusieurs \u00e0 partager le prix, cela peut s&#039;av\u00e9rer assez raisonnable.<\/p>","protected":false},"excerpt":{"rendered":"<p>Looking for cheap airline ticket to Abu Dhabi or last minute deals? Search, compare and book cheap airline ticket Abu Dhabi (AUH) online now. Book cheap flights to\u00a0Abu Dhabi online and save money on airfare. When visiting the United Arab Emirates, remember that there is much to view than Dubai. The country&#8217;s capital, Abu Dhabi, [&hellip;]<\/p>\n","protected":false},"author":1,"featured_media":14683,"parent":0,"menu_order":0,"comment_status":"open","ping_status":"closed","template":"template-home-modern.php","meta":{"footnotes":""},"class_list":["post-11918","page","type-page","status-publish","has-post-thumbnail","hentry"],"yoast_head":"<!-- This site is optimized with the Yoast SEO plugin v27.3 - https:\/\/yoast.com\/product\/yoast-seo-wordpress\/ -->\n<title>Cheap Flights to\u00a0Abu Dhabi<\/title>\n<meta name=\"description\" content=\"Looking for cheap flights to\u00a0Abu Dhabi? Search, compare and book cheap airline ticket from to\u00a0Abu Dhabi online\" \/>\n<meta name=\"robots\" content=\"index, follow, max-snippet:-1, max-image-preview:large, max-video-preview:-1\" \/>\n<link rel=\"canonical\" href=\"https:\/\/tiketi.com\/fr-fr\/cheap-flights-to-abu-dhabi-auh\/\" \/>\n<meta property=\"og:locale\" content=\"fr_FR\" \/>\n<meta property=\"og:type\" content=\"article\" \/>\n<meta property=\"og:title\" content=\"Cheap Flights to\u00a0Abu Dhabi\" \/>\n<meta property=\"og:description\" content=\"Looking for cheap flights to\u00a0Abu Dhabi? Search, compare and book cheap airline ticket from to\u00a0Abu Dhabi online\" \/>\n<meta property=\"og:url\" content=\"https:\/\/tiketi.com\/fr-fr\/cheap-flights-to-abu-dhabi-auh\/\" \/>\n<meta property=\"og:site_name\" content=\"Tiketi.com\" \/>\n<meta property=\"article:publisher\" content=\"https:\/\/www.facebook.com\/TiketiCom\/\" \/>\n<meta property=\"article:modified_time\" content=\"2022-02-10T08:21:07+00:00\" \/>\n<meta property=\"og:image\" content=\"https:\/\/tiketi.com\/wp-content\/uploads\/2022\/01\/abu-dhabi-catamaran-4220063_1280.jpg\" \/>\n\t<meta property=\"og:image:width\" content=\"1200\" \/>\n\t<meta property=\"og:image:height\" content=\"219\" \/>\n\t<meta property=\"og:image:type\" content=\"image\/jpeg\" \/>\n<meta name=\"twitter:card\" content=\"summary_large_image\" \/>\n<meta name=\"twitter:label1\" content=\"Dur\u00e9e de lecture estim\u00e9e\" \/>\n\t<meta name=\"twitter:data1\" content=\"5 minutes\" \/>\n<script type=\"application\/ld+json\" class=\"yoast-schema-graph\">{\"@context\":\"https:\\\/\\\/schema.org\",\"@graph\":[{\"@type\":\"WebPage\",\"@id\":\"https:\\\/\\\/tiketi.com\\\/cheap-flights-to-abu-dhabi-auh\\\/\",\"url\":\"https:\\\/\\\/tiketi.com\\\/cheap-flights-to-abu-dhabi-auh\\\/\",\"name\":\"Cheap Flights to\u00a0Abu Dhabi\",\"isPartOf\":{\"@id\":\"https:\\\/\\\/tiketi.com\\\/#website\"},\"primaryImageOfPage\":{\"@id\":\"https:\\\/\\\/tiketi.com\\\/cheap-flights-to-abu-dhabi-auh\\\/#primaryimage\"},\"image\":{\"@id\":\"https:\\\/\\\/tiketi.com\\\/cheap-flights-to-abu-dhabi-auh\\\/#primaryimage\"},\"thumbnailUrl\":\"https:\\\/\\\/tiketi.com\\\/wp-content\\\/uploads\\\/2022\\\/01\\\/abu-dhabi-catamaran-4220063_1280.jpg\",\"datePublished\":\"2022-01-19T11:55:23+00:00\",\"dateModified\":\"2022-02-10T08:21:07+00:00\",\"description\":\"Looking for cheap flights to\u00a0Abu Dhabi? Search, compare and book cheap airline ticket from to\u00a0Abu Dhabi online\",\"breadcrumb\":{\"@id\":\"https:\\\/\\\/tiketi.com\\\/cheap-flights-to-abu-dhabi-auh\\\/#breadcrumb\"},\"inLanguage\":\"fr-FR\",\"potentialAction\":[{\"@type\":\"ReadAction\",\"target\":[\"https:\\\/\\\/tiketi.com\\\/cheap-flights-to-abu-dhabi-auh\\\/\"]}]},{\"@type\":\"ImageObject\",\"inLanguage\":\"fr-FR\",\"@id\":\"https:\\\/\\\/tiketi.com\\\/cheap-flights-to-abu-dhabi-auh\\\/#primaryimage\",\"url\":\"https:\\\/\\\/tiketi.com\\\/wp-content\\\/uploads\\\/2022\\\/01\\\/abu-dhabi-catamaran-4220063_1280.jpg\",\"contentUrl\":\"https:\\\/\\\/tiketi.com\\\/wp-content\\\/uploads\\\/2022\\\/01\\\/abu-dhabi-catamaran-4220063_1280.jpg\",\"width\":1200,\"height\":219,\"caption\":\"Air Taxi in Abu Dhabi\"},{\"@type\":\"BreadcrumbList\",\"@id\":\"https:\\\/\\\/tiketi.com\\\/cheap-flights-to-abu-dhabi-auh\\\/#breadcrumb\",\"itemListElement\":[{\"@type\":\"ListItem\",\"position\":1,\"name\":\"Home\",\"item\":\"https:\\\/\\\/tiketi.com\\\/\"},{\"@type\":\"ListItem\",\"position\":2,\"name\":\"Cheap Flights to\u00a0Abu Dhabi\"}]},{\"@type\":\"WebSite\",\"@id\":\"https:\\\/\\\/tiketi.com\\\/#website\",\"url\":\"https:\\\/\\\/tiketi.com\\\/\",\"name\":\"Flight & Bus Tickets, Tour Packages & Activitites - Tiketi.com\",\"description\":\"Flight &amp; Bus Tickets, Tours, Activitites\",\"publisher\":{\"@id\":\"https:\\\/\\\/tiketi.com\\\/#organization\"},\"potentialAction\":[{\"@type\":\"SearchAction\",\"target\":{\"@type\":\"EntryPoint\",\"urlTemplate\":\"https:\\\/\\\/tiketi.com\\\/?s={search_term_string}\"},\"query-input\":{\"@type\":\"PropertyValueSpecification\",\"valueRequired\":true,\"valueName\":\"search_term_string\"}}],\"inLanguage\":\"fr-FR\"},{\"@type\":\"Organization\",\"@id\":\"https:\\\/\\\/tiketi.com\\\/#organization\",\"name\":\"Tiketi.com\",\"alternateName\":\"Tiketi\",\"url\":\"https:\\\/\\\/tiketi.com\\\/\",\"logo\":{\"@type\":\"ImageObject\",\"inLanguage\":\"fr-FR\",\"@id\":\"https:\\\/\\\/tiketi.com\\\/#\\\/schema\\\/logo\\\/image\\\/\",\"url\":\"https:\\\/\\\/tiketi.com\\\/wp-content\\\/uploads\\\/2019\\\/05\\\/tiketi-logo-696.png\",\"contentUrl\":\"https:\\\/\\\/tiketi.com\\\/wp-content\\\/uploads\\\/2019\\\/05\\\/tiketi-logo-696.png\",\"width\":696,\"height\":696,\"caption\":\"Tiketi.com\"},\"image\":{\"@id\":\"https:\\\/\\\/tiketi.com\\\/#\\\/schema\\\/logo\\\/image\\\/\"},\"sameAs\":[\"https:\\\/\\\/www.facebook.com\\\/TiketiCom\\\/\"]}]}<\/script>\n<!-- \/ Yoast SEO plugin. -->","yoast_head_json":{"title":"Vols pas chers vers Abou Dhabi","description":"Vous recherchez des vols pas chers pour Abou Dhabi ? Recherchez, comparez et r\u00e9servez un billet d&#039;avion pas cher de \u00e0 Abu Dhabi en ligne","robots":{"index":"index","follow":"follow","max-snippet":"max-snippet:-1","max-image-preview":"max-image-preview:large","max-video-preview":"max-video-preview:-1"},"canonical":"https:\/\/tiketi.com\/fr-fr\/cheap-flights-to-abu-dhabi-auh\/","og_locale":"fr_FR","og_type":"article","og_title":"Cheap Flights to\u00a0Abu Dhabi","og_description":"Looking for cheap flights to\u00a0Abu Dhabi? Search, compare and book cheap airline ticket from to\u00a0Abu Dhabi online","og_url":"https:\/\/tiketi.com\/fr-fr\/cheap-flights-to-abu-dhabi-auh\/","og_site_name":"Tiketi.com","article_publisher":"https:\/\/www.facebook.com\/TiketiCom\/","article_modified_time":"2022-02-10T08:21:07+00:00","og_image":[{"width":1200,"height":219,"url":"https:\/\/tiketi.com\/wp-content\/uploads\/2022\/01\/abu-dhabi-catamaran-4220063_1280.jpg","type":"image\/jpeg"}],"twitter_card":"summary_large_image","twitter_misc":{"Dur\u00e9e de lecture estim\u00e9e":"5 minutes"},"schema":{"@context":"https:\/\/schema.org","@graph":[{"@type":"WebPage","@id":"https:\/\/tiketi.com\/cheap-flights-to-abu-dhabi-auh\/","url":"https:\/\/tiketi.com\/cheap-flights-to-abu-dhabi-auh\/","name":"Vols pas chers vers Abou Dhabi","isPartOf":{"@id":"https:\/\/tiketi.com\/#website"},"primaryImageOfPage":{"@id":"https:\/\/tiketi.com\/cheap-flights-to-abu-dhabi-auh\/#primaryimage"},"image":{"@id":"https:\/\/tiketi.com\/cheap-flights-to-abu-dhabi-auh\/#primaryimage"},"thumbnailUrl":"https:\/\/tiketi.com\/wp-content\/uploads\/2022\/01\/abu-dhabi-catamaran-4220063_1280.jpg","datePublished":"2022-01-19T11:55:23+00:00","dateModified":"2022-02-10T08:21:07+00:00","description":"Vous recherchez des vols pas chers pour Abou Dhabi ? Recherchez, comparez et r\u00e9servez un billet d&#039;avion pas cher de \u00e0 Abu Dhabi en ligne","breadcrumb":{"@id":"https:\/\/tiketi.com\/cheap-flights-to-abu-dhabi-auh\/#breadcrumb"},"inLanguage":"fr-FR","potentialAction":[{"@type":"ReadAction","target":["https:\/\/tiketi.com\/cheap-flights-to-abu-dhabi-auh\/"]}]},{"@type":"ImageObject","inLanguage":"fr-FR","@id":"https:\/\/tiketi.com\/cheap-flights-to-abu-dhabi-auh\/#primaryimage","url":"https:\/\/tiketi.com\/wp-content\/uploads\/2022\/01\/abu-dhabi-catamaran-4220063_1280.jpg","contentUrl":"https:\/\/tiketi.com\/wp-content\/uploads\/2022\/01\/abu-dhabi-catamaran-4220063_1280.jpg","width":1200,"height":219,"caption":"Air Taxi in Abu Dhabi"},{"@type":"BreadcrumbList","@id":"https:\/\/tiketi.com\/cheap-flights-to-abu-dhabi-auh\/#breadcrumb","itemListElement":[{"@type":"ListItem","position":1,"name":"Home","item":"https:\/\/tiketi.com\/"},{"@type":"ListItem","position":2,"name":"Cheap Flights to\u00a0Abu Dhabi"}]},{"@type":"WebSite","@id":"https:\/\/tiketi.com\/#website","url":"https:\/\/tiketi.com\/","name":"Billets d&#039;avion et de bus, forfaits touristiques et activit\u00e9s - Tiketi.com","description":"Billets d&#039;avion et de bus, Tours, Activit\u00e9s","publisher":{"@id":"https:\/\/tiketi.com\/#organization"},"potentialAction":[{"@type":"SearchAction","target":{"@type":"EntryPoint","urlTemplate":"https:\/\/tiketi.com\/?s={search_term_string}"},"query-input":{"@type":"PropertyValueSpecification","valueRequired":true,"valueName":"search_term_string"}}],"inLanguage":"fr-FR"},{"@type":"Organization","@id":"https:\/\/tiketi.com\/#organization","name":"Tiketi.com","alternateName":"Tiketi","url":"https:\/\/tiketi.com\/","logo":{"@type":"ImageObject","inLanguage":"fr-FR","@id":"https:\/\/tiketi.com\/#\/schema\/logo\/image\/","url":"https:\/\/tiketi.com\/wp-content\/uploads\/2019\/05\/tiketi-logo-696.png","contentUrl":"https:\/\/tiketi.com\/wp-content\/uploads\/2019\/05\/tiketi-logo-696.png","width":696,"height":696,"caption":"Tiketi.com"},"image":{"@id":"https:\/\/tiketi.com\/#\/schema\/logo\/image\/"},"sameAs":["https:\/\/www.facebook.com\/TiketiCom\/"]}]}},"_links":{"self":[{"href":"https:\/\/tiketi.com\/fr-fr\/wp-json\/wp\/v2\/pages\/11918","targetHints":{"allow":["GET"]}}],"collection":[{"href":"https:\/\/tiketi.com\/fr-fr\/wp-json\/wp\/v2\/pages"}],"about":[{"href":"https:\/\/tiketi.com\/fr-fr\/wp-json\/wp\/v2\/types\/page"}],"author":[{"embeddable":true,"href":"https:\/\/tiketi.com\/fr-fr\/wp-json\/wp\/v2\/users\/1"}],"replies":[{"embeddable":true,"href":"https:\/\/tiketi.com\/fr-fr\/wp-json\/wp\/v2\/comments?post=11918"}],"version-history":[{"count":0,"href":"https:\/\/tiketi.com\/fr-fr\/wp-json\/wp\/v2\/pages\/11918\/revisions"}],"wp:featuredmedia":[{"embeddable":true,"href":"https:\/\/tiketi.com\/fr-fr\/wp-json\/wp\/v2\/media\/14683"}],"wp:attachment":[{"href":"https:\/\/tiketi.com\/fr-fr\/wp-json\/wp\/v2\/media?parent=11918"}],"curies":[{"name":"wp","href":"https:\/\/api.w.org\/{rel}","templated":true}]}}