{"id":11919,"date":"2022-01-19T12:55:23","date_gmt":"2022-01-19T11:55:23","guid":{"rendered":"https:\/\/new.tiketi.com\/cheap-flights-to-dubai\/"},"modified":"2022-11-09T12:22:24","modified_gmt":"2022-11-09T11:22:24","slug":"dubai-dxb","status":"publish","type":"page","link":"https:\/\/tiketi.com\/fr-fr\/cheap-flights\/dubai-dxb\/","title":{"rendered":"Vols pas chers vers Duba\u00ef"},"content":{"rendered":"<h2>Vous recherchez un billet d&#039;avion pas cher pour Duba\u00ef ou des offres de derni\u00e8re minute ?<\/h2>\n<h3>Cherchez, comparez et r\u00e9servez des vols pas chers Duba\u00ef (DXB) en ligne d\u00e8s maintenant.<\/h3>\n<p>R\u00e9servez en ligne des vols pas chers pour Duba\u00ef et \u00e9conomisez de l&#039;argent sur les billets d&#039;avion. Duba\u00ef est l&#039;un des endroits les plus chauds du moment. Alors que la plupart des gens pensent d&#039;abord au luxe, Duba\u00ef a bien plus \u00e0 offrir que des centres commerciaux et des b\u00e2timents luxueux. Et m\u00eame s&#039;il n&#039;est pas faux que le c\u00e9l\u00e8bre endroit soit et ait tout cela, il y a des meilleurs endroits \u00e0 visiter \u00e0 Duba\u00ef. Comparez les prix et obtenez les tarifs les plus bas sur les billets d&#039;avion pour Duba\u00ef gr\u00e2ce \u00e0 des offres exceptionnelles sur la r\u00e9servation de billets en ligne de vols Duba\u00ef.<\/p>\n<h2>Voici quelques-unes des meilleures attractions de Duba\u00ef<\/h2>\n<h3>Burj Khalifa<\/h3>\n<p>Visiter le magnifique Burj Khalifa \u00e0 Duba\u00ef est en fait l&#039;une des meilleures choses \u00e0 faire. Le plus haut b\u00e2timent du monde, une surprise architecturale, est une \u0153uvre d&#039;art exceptionnelle et poss\u00e8de un exploit d&#039;ing\u00e9nierie incomparable. Burj Khalifa est l&#039;une des attractions les plus visit\u00e9es de Duba\u00ef et conna\u00eet g\u00e9n\u00e9ralement de grandes files d&#039;attente. Il est sugg\u00e9r\u00e9 que vous achetiez vos billets en ligne et que vous gardiez environ une heure de votre temps.<\/p>\n<h3>Crique de Duba\u00ef<\/h3>\n<p>Nichant au centre de Duba\u00ef se trouve une crique d&#039;eau sal\u00e9e connue sous le nom de Dubai Creek. \u00c9tant l&#039;un des meilleurs endroits \u00e0 visiter \u00e0 Duba\u00ef, il accueille chaque jour des milliers de spectateurs. Aujourd&#039;hui, Dubai Creek fait l&#039;objet d&#039;un grand projet d&#039;expansion qui bouclera son eau pour traverser la ville et se diriger vers le golfe de Jumeirah. La place principale de Dubai Creeks et toutes ses attractions subordonn\u00e9es sont toujours prot\u00e9g\u00e9es dans leur \u00e9tat naturel.<\/p>\n<h3>Les parcs publics de Duba\u00ef<\/h3>\n<p>Les parcs ne sont peut-\u00eatre pas la principale chose que vous connectez \u00e0 Duba\u00ef, mais la ville poss\u00e8de certains des parcs calmes, charmants, verts et propres. Payez 5 dhs pour entrer dans un endroit assez diff\u00e9rent des autres zones publiques de la ville et voir des familles pakistanaises, philippines, \u00e9miraties, indiennes, europ\u00e9ennes et arabes faire des barbecues et jouer \u00e0 des jeux de ballon. Essayez le parc Safa sur Sheikh Zayed Road pour un superbe 150 acres de cascades, de pelouses et de collines pour les sports et le jogging.<\/p>\n<h3>Centre Sheikh Mohammed pour la compr\u00e9hension culturelle<\/h3>\n<p>Obtenez des informations plus approfondies sur les coutumes, la culture et les religions des \u00c9mirats arabes unis lorsque vous visitez le SMCCU. Profitez du centre dans son objectif d&#039;ouvrir les esprits et d&#039;ouvrir les portes. Il s&#039;agit d&#039;une organisation \u00e0 but non lucratif qui accueille un large \u00e9ventail d&#039;activit\u00e9s pour une meilleure compr\u00e9hension et communication entre les \u00e9trangers et les r\u00e9sidents locaux.<\/p>\n<h2>FAQ sur les vols pas chers vers Duba\u00ef<\/h2>\n<h3>Quelles compagnies a\u00e9riennes desservent Duba\u00ef ?<\/h3>\n<p>Vous pouvez voler directement de l&#039;Am\u00e9rique \u00e0 Duba\u00ef avec Emirates, car l&#039;a\u00e9roport international de Duba\u00ef est l&#039;un de ses hubs. United Airlines et Delta sont \u00e9galement des choix. Si vous faites un voyage \u00e0 Duba\u00ef depuis un endroit international, v\u00e9rifiez les vols pas chers vers Duba\u00ef avec des transporteurs tels que British Airways, Air France, etc.<\/p>\n<h3>Quel jour est abordable pour prendre l&#039;avion pour Duba\u00ef\u00a0?<\/h3>\n<p>En ce moment, le mardi est le jour le plus \u00e9conomique pour prendre un vol vers Duba\u00ef. Le samedi est probablement le plus co\u00fbteux.<\/p>\n<h3>Quel est le meilleur moment pour r\u00e9server un billet d&#039;avion pas cher pour Duba\u00ef ?<\/h3>\n<p>Pour vous assurer d&#039;obtenir le prix le moins cher possible pour un billet d&#039;avion pour Duba\u00ef, vous devez r\u00e9server au moins soixante jours avant la date de votre voyage pr\u00e9vu. Le prix de vos vols \u00e0 Duba\u00ef peut augmenter si vous retardez et laissez les r\u00e9servations jusqu&#039;\u00e0 une semaine environ avant le d\u00e9part.<\/p>\n<h3>Quelle heure de la journ\u00e9e est la moins ch\u00e8re pour voler ?<\/h3>\n<p>Vols de Duba\u00ef le matin \u00e0 g\u00e9n\u00e9ralement l&#039;heure abordable de la journ\u00e9e pour se rendre \u00e0 Duba\u00ef. Les vols \u00e0 midi sont g\u00e9n\u00e9ralement les plus chers.<\/p>\n<h3>Quel est le meilleur moment pour prendre l&#039;avion pour Duba\u00ef ?<\/h3>\n<p><strong>Haute saison<\/strong><br \/>\nLes amateurs de soleil qui ont besoin de vitamine D devraient r\u00e9server des billets pas chers \u00e0 Duba\u00ef pour une petite pause ou une escale en route vers leur destination finale. En termes de m\u00e9t\u00e9o sur la plage, cette ville du d\u00e9sert a 2 saisons, chaude et plus chaude. Le ciel bleu et le soleil r\u00e8gnent toute l&#039;ann\u00e9e, et la temp\u00e9rature moyenne au milieu des ann\u00e9es 60 et 70 pendant la haute saison touristique de novembre \u00e0 mars. Attendez-vous quand m\u00eame \u00e0 vous cogner les coudes, car le temps plus frais de Duba\u00ef pendant cette p\u00e9riode attire des visiteurs du monde entier pour une jolie retraite dans l&#039;une des stations baln\u00e9aires de luxe des \u00eeles. La p\u00e9riode des f\u00eates de No\u00ebl et le peu de temps qui suit sont les p\u00e9riodes o\u00f9 les prix sont les plus \u00e9lev\u00e9s.<\/p>\n<p><strong>Hors saison<\/strong><br \/>\nLes mois de juin \u00e0 septembre, en particulier juillet et ao\u00fbt, sont inconfortablement chauds et humides \u00e0 Duba\u00ef, comme on pourrait le deviner dans le d\u00e9sert. Si cela ne vous d\u00e9range pas de tra\u00eener dans des h\u00f4tels climatis\u00e9s, vous \u00eates le plus susceptible de trouver des vols pas chers pour les \u00c9mirats arabes unis \u00e0 Duba\u00ef pendant ces mois chauds, et vous \u00e9chapperez aux grandes foules. Le temps n&#039;est pas id\u00e9al pour faire du tourisme \u00e0 moins que vous ne sortiez tr\u00e8s t\u00f4t le matin ou au cr\u00e9puscule de toute fa\u00e7on. Assurez-vous de porter un \u00e9cran solaire et de boire beaucoup d&#039;eau.<br \/>\nEn outre, Ramada est un mois de je\u00fbne musulman et est fortement suivi dans tous les \u00c9mirats arabes unis. Pendant cette p\u00e9riode, il est interdit de boire, de manger ou de fumer en public du lever au coucher du soleil.<\/p>\n<h2>Vols en classe affaires \u00e0 Duba\u00ef<\/h2>\n<p>Comme nous le savons, la facilit\u00e9 et la d\u00e9tente sont vos premi\u00e8res pr\u00e9occupations sur les vols long-courriers. R\u00e9servez un billet d&#039;avion pas cher pour Duba\u00ef directement aupr\u00e8s de vos compagnies a\u00e9riennes pr\u00e9f\u00e9r\u00e9es. Turkish Airlines, Ethical Airways, Emirates et British Airways sont principalement pr\u00e9f\u00e9r\u00e9es pour les vols en classe affaires vers Duba\u00ef. Profitez de services haut de gamme, notamment les meilleurs choix de repas, des si\u00e8ges relaxants, un exc\u00e9dent de bagages et bien d&#039;autres commodit\u00e9s, qui incluront pour votre confort.<\/p>\n<h2>vols Duba\u00ef<\/h2>\n<h3>Vols int\u00e9rieurs pas chers au d\u00e9part de Duba\u00ef<\/h3>\n<table border=\"0\" cellspacing=\"2\" cellpadding=\"2\">\n<tbody>\n<tr>\n<td>Vols pas chers de Duba\u00ef \u00e0 <a href=\"https:\/\/tiketi.com\/fr-fr\/cheap-flights-to-abu-dhabi-auh\/\" target=\"_blank\" rel=\"noopener\">Abou Dabi<\/a><\/td>\n<td style=\"width: 30px;\"><\/td>\n<td>Vols pas chers de Duba\u00ef \u00e0 <a href=\"https:\/\/tiketi.com\/fr-fr\/flights-dubai-ras-al-khaimah-dxb-rkt\/\" target=\"_blank\" rel=\"noopener\">Ras Al Khaimah<\/a><\/td>\n<\/tr>\n<\/tbody>\n<\/table>\n<h3>Vols internationaux et tarifs a\u00e9riens pas chers au d\u00e9part de Duba\u00ef<\/h3>\n<table border=\"0\" cellspacing=\"2\" cellpadding=\"2\">\n<tbody>\n<tr>\n<td>Vols pas chers de Duba\u00ef \u00e0 <a href=\"https:\/\/tiketi.com\/fr-fr\/flights-dubai-marrakech-dxb-rak\/\" target=\"_blank\" rel=\"noopener\">Marrakech<\/a><\/td>\n<td style=\"width: 30px;\"><\/td>\n<td>Vols pas chers de Duba\u00ef \u00e0 <a href=\"https:\/\/tiketi.com\/fr-fr\/flights-dubai-bahrain-dxb-bah\/\" target=\"_blank\" rel=\"noopener\">Bahre\u00efn\u200b<\/a><\/td>\n<\/tr>\n<tr>\n<td>Vols pas chers de Duba\u00ef \u00e0 <a href=\"https:\/\/tiketi.com\/fr-fr\/flights-dubai-muscat-dxb-mct\/\" target=\"_blank\" rel=\"noopener\">Mascate<\/a><\/td>\n<td><\/td>\n<td>Vols pas chers de Duba\u00ef \u00e0 <a href=\"https:\/\/tiketi.com\/fr-fr\/flights-dubai-kuwait-dxb-kwi\/\" target=\"_blank\" rel=\"noopener\">Kowe\u00eft\u200b<\/a><\/td>\n<\/tr>\n<tr>\n<td>Vols pas chers de Duba\u00ef \u00e0 <a href=\"https:\/\/tiketi.com\/fr-fr\/flights-dubai-delhi-dxb-del\/\" target=\"_blank\" rel=\"noopener\">Delhi<\/a><\/td>\n<td><\/td>\n<td>Vols pas chers de Duba\u00ef \u00e0 <a href=\"https:\/\/tiketi.com\/fr-fr\/flights-dubai-london-dxb-lhr\/\" target=\"_blank\" rel=\"noopener\">Londres<\/a><\/td>\n<\/tr>\n<tr>\n<td>Vols pas chers de Duba\u00ef \u00e0 <a href=\"https:\/\/tiketi.com\/fr-fr\/flights-dubai-zanzibar-dxb-znz\/\" target=\"_blank\" rel=\"noopener\">Zanzibar\u200b<\/a><\/td>\n<td><\/td>\n<td>Vols pas chers de Duba\u00ef \u00e0 <a href=\"https:\/\/tiketi.com\/fr-fr\/flights-dubai-riyadh-dxb-ruh\/\" target=\"_blank\" rel=\"noopener\">Riyad<\/a><\/td>\n<\/tr>\n<\/tbody>\n<\/table>","protected":false},"excerpt":{"rendered":"<p>Looking for cheap airline ticket to Dubai or last minute deals? Search, compare and book cheap Dubai flights (DXB) online now. Book cheap flights to Dubai online and save money on airfare. Dubai is one of the warmest places at the moment. While most people think about luxury first, Dubai has way more to provide [&hellip;]<\/p>\n","protected":false},"author":1,"featured_media":16474,"parent":23264,"menu_order":0,"comment_status":"open","ping_status":"closed","template":"template-home-modern.php","meta":{"footnotes":""},"class_list":["post-11919","page","type-page","status-publish","has-post-thumbnail","hentry"],"yoast_head":"<!-- This site is optimized with the Yoast SEO plugin v27.3 - https:\/\/yoast.com\/product\/yoast-seo-wordpress\/ -->\n<title>Cheap Flights to Dubai<\/title>\n<meta name=\"description\" content=\"Looking for cheap flights to\u00a0Dubai? Search, compare and book cheap airline ticket to\u00a0Dubai online and save money\" \/>\n<meta name=\"robots\" content=\"index, follow, max-snippet:-1, max-image-preview:large, max-video-preview:-1\" \/>\n<link rel=\"canonical\" href=\"https:\/\/tiketi.com\/fr-fr\/nauli-ndege\/dubai-dxb\/\" \/>\n<meta property=\"og:locale\" content=\"fr_FR\" \/>\n<meta property=\"og:type\" content=\"article\" \/>\n<meta property=\"og:title\" content=\"Cheap Flights to Dubai\" \/>\n<meta property=\"og:description\" content=\"Looking for cheap flights to\u00a0Dubai? Search, compare and book cheap airline ticket to\u00a0Dubai online and save money\" \/>\n<meta property=\"og:url\" content=\"https:\/\/tiketi.com\/fr-fr\/nauli-ndege\/dubai-dxb\/\" \/>\n<meta property=\"og:site_name\" content=\"Tiketi.com\" \/>\n<meta property=\"article:publisher\" content=\"https:\/\/www.facebook.com\/TiketiCom\/\" \/>\n<meta property=\"article:modified_time\" content=\"2022-11-09T11:22:24+00:00\" \/>\n<meta property=\"og:image\" content=\"https:\/\/tiketi.com\/wp-content\/uploads\/2022\/02\/dubai-skyline-buildings-183.jpg\" \/>\n\t<meta property=\"og:image:width\" content=\"1200\" \/>\n\t<meta property=\"og:image:height\" content=\"202\" \/>\n\t<meta property=\"og:image:type\" content=\"image\/jpeg\" \/>\n<meta name=\"twitter:card\" content=\"summary_large_image\" \/>\n<meta name=\"twitter:label1\" content=\"Dur\u00e9e de lecture estim\u00e9e\" \/>\n\t<meta name=\"twitter:data1\" content=\"5 minutes\" \/>\n<script type=\"application\/ld+json\" class=\"yoast-schema-graph\">{\"@context\":\"https:\\\/\\\/schema.org\",\"@graph\":[{\"@type\":\"WebPage\",\"@id\":\"https:\\\/\\\/tiketi.com\\\/sw\\\/nauli-ndege\\\/dubai-dxb\\\/\",\"url\":\"https:\\\/\\\/tiketi.com\\\/sw\\\/nauli-ndege\\\/dubai-dxb\\\/\",\"name\":\"Cheap Flights to Dubai\",\"isPartOf\":{\"@id\":\"https:\\\/\\\/tiketi.com\\\/#website\"},\"primaryImageOfPage\":{\"@id\":\"https:\\\/\\\/tiketi.com\\\/sw\\\/nauli-ndege\\\/dubai-dxb\\\/#primaryimage\"},\"image\":{\"@id\":\"https:\\\/\\\/tiketi.com\\\/sw\\\/nauli-ndege\\\/dubai-dxb\\\/#primaryimage\"},\"thumbnailUrl\":\"https:\\\/\\\/tiketi.com\\\/wp-content\\\/uploads\\\/2022\\\/02\\\/dubai-skyline-buildings-183.jpg\",\"datePublished\":\"2022-01-19T11:55:23+00:00\",\"dateModified\":\"2022-11-09T11:22:24+00:00\",\"description\":\"Looking for cheap flights to\u00a0Dubai? Search, compare and book cheap airline ticket to\u00a0Dubai online and save money\",\"breadcrumb\":{\"@id\":\"https:\\\/\\\/tiketi.com\\\/sw\\\/nauli-ndege\\\/dubai-dxb\\\/#breadcrumb\"},\"inLanguage\":\"fr-FR\",\"potentialAction\":[{\"@type\":\"ReadAction\",\"target\":[\"https:\\\/\\\/tiketi.com\\\/sw\\\/nauli-ndege\\\/dubai-dxb\\\/\"]}]},{\"@type\":\"ImageObject\",\"inLanguage\":\"fr-FR\",\"@id\":\"https:\\\/\\\/tiketi.com\\\/sw\\\/nauli-ndege\\\/dubai-dxb\\\/#primaryimage\",\"url\":\"https:\\\/\\\/tiketi.com\\\/wp-content\\\/uploads\\\/2022\\\/02\\\/dubai-skyline-buildings-183.jpg\",\"contentUrl\":\"https:\\\/\\\/tiketi.com\\\/wp-content\\\/uploads\\\/2022\\\/02\\\/dubai-skyline-buildings-183.jpg\",\"width\":1200,\"height\":202,\"caption\":\"Air Taxi in Dubai\"},{\"@type\":\"BreadcrumbList\",\"@id\":\"https:\\\/\\\/tiketi.com\\\/sw\\\/nauli-ndege\\\/dubai-dxb\\\/#breadcrumb\",\"itemListElement\":[{\"@type\":\"ListItem\",\"position\":1,\"name\":\"Home\",\"item\":\"https:\\\/\\\/tiketi.com\\\/\"},{\"@type\":\"ListItem\",\"position\":2,\"name\":\"Cheap Flights\",\"item\":\"https:\\\/\\\/tiketi.com\\\/cheap-flights\\\/\"},{\"@type\":\"ListItem\",\"position\":3,\"name\":\"Cheap Flights to Dubai\"}]},{\"@type\":\"WebSite\",\"@id\":\"https:\\\/\\\/tiketi.com\\\/#website\",\"url\":\"https:\\\/\\\/tiketi.com\\\/\",\"name\":\"Flight & Bus Tickets, Tour Packages & Activitites - Tiketi.com\",\"description\":\"Flight &amp; Bus Tickets, Tours, Activitites\",\"publisher\":{\"@id\":\"https:\\\/\\\/tiketi.com\\\/#organization\"},\"potentialAction\":[{\"@type\":\"SearchAction\",\"target\":{\"@type\":\"EntryPoint\",\"urlTemplate\":\"https:\\\/\\\/tiketi.com\\\/?s={search_term_string}\"},\"query-input\":{\"@type\":\"PropertyValueSpecification\",\"valueRequired\":true,\"valueName\":\"search_term_string\"}}],\"inLanguage\":\"fr-FR\"},{\"@type\":\"Organization\",\"@id\":\"https:\\\/\\\/tiketi.com\\\/#organization\",\"name\":\"Tiketi.com\",\"alternateName\":\"Tiketi\",\"url\":\"https:\\\/\\\/tiketi.com\\\/\",\"logo\":{\"@type\":\"ImageObject\",\"inLanguage\":\"fr-FR\",\"@id\":\"https:\\\/\\\/tiketi.com\\\/#\\\/schema\\\/logo\\\/image\\\/\",\"url\":\"https:\\\/\\\/tiketi.com\\\/wp-content\\\/uploads\\\/2019\\\/05\\\/tiketi-logo-696.png\",\"contentUrl\":\"https:\\\/\\\/tiketi.com\\\/wp-content\\\/uploads\\\/2019\\\/05\\\/tiketi-logo-696.png\",\"width\":696,\"height\":696,\"caption\":\"Tiketi.com\"},\"image\":{\"@id\":\"https:\\\/\\\/tiketi.com\\\/#\\\/schema\\\/logo\\\/image\\\/\"},\"sameAs\":[\"https:\\\/\\\/www.facebook.com\\\/TiketiCom\\\/\"]}]}<\/script>\n<!-- \/ Yoast SEO plugin. -->","yoast_head_json":{"title":"Vols pas chers vers Duba\u00ef","description":"Vous cherchez des vols pas chers vers Duba\u00ef ? Recherchez, comparez et r\u00e9servez en ligne un billet d&#039;avion pas cher pour Duba\u00ef et \u00e9conomisez de l&#039;argent","robots":{"index":"index","follow":"follow","max-snippet":"max-snippet:-1","max-image-preview":"max-image-preview:large","max-video-preview":"max-video-preview:-1"},"canonical":"https:\/\/tiketi.com\/fr-fr\/nauli-ndege\/dubai-dxb\/","og_locale":"fr_FR","og_type":"article","og_title":"Cheap Flights to Dubai","og_description":"Looking for cheap flights to\u00a0Dubai? Search, compare and book cheap airline ticket to\u00a0Dubai online and save money","og_url":"https:\/\/tiketi.com\/fr-fr\/nauli-ndege\/dubai-dxb\/","og_site_name":"Tiketi.com","article_publisher":"https:\/\/www.facebook.com\/TiketiCom\/","article_modified_time":"2022-11-09T11:22:24+00:00","og_image":[{"width":1200,"height":202,"url":"https:\/\/tiketi.com\/wp-content\/uploads\/2022\/02\/dubai-skyline-buildings-183.jpg","type":"image\/jpeg"}],"twitter_card":"summary_large_image","twitter_misc":{"Dur\u00e9e de lecture estim\u00e9e":"5 minutes"},"schema":{"@context":"https:\/\/schema.org","@graph":[{"@type":"WebPage","@id":"https:\/\/tiketi.com\/sw\/nauli-ndege\/dubai-dxb\/","url":"https:\/\/tiketi.com\/sw\/nauli-ndege\/dubai-dxb\/","name":"Vols pas chers vers Duba\u00ef","isPartOf":{"@id":"https:\/\/tiketi.com\/#website"},"primaryImageOfPage":{"@id":"https:\/\/tiketi.com\/sw\/nauli-ndege\/dubai-dxb\/#primaryimage"},"image":{"@id":"https:\/\/tiketi.com\/sw\/nauli-ndege\/dubai-dxb\/#primaryimage"},"thumbnailUrl":"https:\/\/tiketi.com\/wp-content\/uploads\/2022\/02\/dubai-skyline-buildings-183.jpg","datePublished":"2022-01-19T11:55:23+00:00","dateModified":"2022-11-09T11:22:24+00:00","description":"Vous cherchez des vols pas chers vers Duba\u00ef ? Recherchez, comparez et r\u00e9servez en ligne un billet d&#039;avion pas cher pour Duba\u00ef et \u00e9conomisez de l&#039;argent","breadcrumb":{"@id":"https:\/\/tiketi.com\/sw\/nauli-ndege\/dubai-dxb\/#breadcrumb"},"inLanguage":"fr-FR","potentialAction":[{"@type":"ReadAction","target":["https:\/\/tiketi.com\/sw\/nauli-ndege\/dubai-dxb\/"]}]},{"@type":"ImageObject","inLanguage":"fr-FR","@id":"https:\/\/tiketi.com\/sw\/nauli-ndege\/dubai-dxb\/#primaryimage","url":"https:\/\/tiketi.com\/wp-content\/uploads\/2022\/02\/dubai-skyline-buildings-183.jpg","contentUrl":"https:\/\/tiketi.com\/wp-content\/uploads\/2022\/02\/dubai-skyline-buildings-183.jpg","width":1200,"height":202,"caption":"Air Taxi in Dubai"},{"@type":"BreadcrumbList","@id":"https:\/\/tiketi.com\/sw\/nauli-ndege\/dubai-dxb\/#breadcrumb","itemListElement":[{"@type":"ListItem","position":1,"name":"Home","item":"https:\/\/tiketi.com\/"},{"@type":"ListItem","position":2,"name":"Cheap Flights","item":"https:\/\/tiketi.com\/cheap-flights\/"},{"@type":"ListItem","position":3,"name":"Cheap Flights to Dubai"}]},{"@type":"WebSite","@id":"https:\/\/tiketi.com\/#website","url":"https:\/\/tiketi.com\/","name":"Billets d&#039;avion et de bus, forfaits touristiques et activit\u00e9s - Tiketi.com","description":"Billets d&#039;avion et de bus, Tours, Activit\u00e9s","publisher":{"@id":"https:\/\/tiketi.com\/#organization"},"potentialAction":[{"@type":"SearchAction","target":{"@type":"EntryPoint","urlTemplate":"https:\/\/tiketi.com\/?s={search_term_string}"},"query-input":{"@type":"PropertyValueSpecification","valueRequired":true,"valueName":"search_term_string"}}],"inLanguage":"fr-FR"},{"@type":"Organization","@id":"https:\/\/tiketi.com\/#organization","name":"Tiketi.com","alternateName":"Tiketi","url":"https:\/\/tiketi.com\/","logo":{"@type":"ImageObject","inLanguage":"fr-FR","@id":"https:\/\/tiketi.com\/#\/schema\/logo\/image\/","url":"https:\/\/tiketi.com\/wp-content\/uploads\/2019\/05\/tiketi-logo-696.png","contentUrl":"https:\/\/tiketi.com\/wp-content\/uploads\/2019\/05\/tiketi-logo-696.png","width":696,"height":696,"caption":"Tiketi.com"},"image":{"@id":"https:\/\/tiketi.com\/#\/schema\/logo\/image\/"},"sameAs":["https:\/\/www.facebook.com\/TiketiCom\/"]}]}},"_links":{"self":[{"href":"https:\/\/tiketi.com\/fr-fr\/wp-json\/wp\/v2\/pages\/11919","targetHints":{"allow":["GET"]}}],"collection":[{"href":"https:\/\/tiketi.com\/fr-fr\/wp-json\/wp\/v2\/pages"}],"about":[{"href":"https:\/\/tiketi.com\/fr-fr\/wp-json\/wp\/v2\/types\/page"}],"author":[{"embeddable":true,"href":"https:\/\/tiketi.com\/fr-fr\/wp-json\/wp\/v2\/users\/1"}],"replies":[{"embeddable":true,"href":"https:\/\/tiketi.com\/fr-fr\/wp-json\/wp\/v2\/comments?post=11919"}],"version-history":[{"count":0,"href":"https:\/\/tiketi.com\/fr-fr\/wp-json\/wp\/v2\/pages\/11919\/revisions"}],"up":[{"embeddable":true,"href":"https:\/\/tiketi.com\/fr-fr\/wp-json\/wp\/v2\/pages\/23264"}],"wp:featuredmedia":[{"embeddable":true,"href":"https:\/\/tiketi.com\/fr-fr\/wp-json\/wp\/v2\/media\/16474"}],"wp:attachment":[{"href":"https:\/\/tiketi.com\/fr-fr\/wp-json\/wp\/v2\/media?parent=11919"}],"curies":[{"name":"wp","href":"https:\/\/api.w.org\/{rel}","templated":true}]}}