{"id":11920,"date":"2022-01-19T12:55:23","date_gmt":"2022-01-19T11:55:23","guid":{"rendered":"https:\/\/new.tiketi.com\/cheap-flights-to-united-arab-emirates\/"},"modified":"2022-02-10T18:20:19","modified_gmt":"2022-02-10T17:20:19","slug":"cheap-flights-to-united-arab-emirates","status":"publish","type":"page","link":"https:\/\/tiketi.com\/fr-fr\/cheap-flights-to-united-arab-emirates\/","title":{"rendered":"Vols pas chers vers \u00c9mirats arabes unis"},"content":{"rendered":"<h2>\u00c0 la recherche d&#039;un billet d&#039;avion pas cher pour les \u00c9mirats Arabes Unis ou d&#039;offres de derni\u00e8re minute ?<\/h2>\n<h3>Recherchez, comparez et r\u00e9servez en ligne d\u00e8s maintenant des vols \u00e0 bas prix vers \u00c9mirats Arabes Unis.<\/h3>\n<p>R\u00e9servez en ligne des vols pas chers pour les \u00c9mirats arabes unis et \u00e9conomisez de l&#039;argent sur les billets d&#039;avion. C\u00e9l\u00e8bres pour leur incroyable ligne d&#039;horizon de gratte-ciel, de dunes rouges et de sites \u00e9poustouflants pour tous les go\u00fbts et tous les \u00e2ges, les \u00c9mirats arabes unis ont acquis le statut de monde avec leurs diff\u00e9rents d\u00e9veloppements. Le meilleur endroit aux \u00c9mirats arabes unis compte parmi les lieux de luxe et d&#039;avance les plus c\u00e9l\u00e8bres au monde pour votre famille. Comparez les prix et obtenez les tarifs les plus bas sur les billets d&#039;avion pour \u00c9mirats Arabes Unis gr\u00e2ce \u00e0 des offres exceptionnelles sur la r\u00e9servation de billets en ligne de vols \u00c9mirats Arabes Unis.<\/p>\n<h2>Voici quelques-unes des meilleures attractions des \u00c9mirats arabes unis<\/h2>\n<h3>Burj Khalifa<\/h3>\n<p>Burj Khalifa est la merveille techno la plus dynamique de la ville de Duba\u00ef. C&#039;est le plus haut gratte-ciel du monde, avec une hauteur de 828 m\u00e8tres. Burj Khalifa construit pour un usage mixte, contient trois cents maisons, bureaux et neuf h\u00f4tels. Le gratte-ciel contient 163 \u00e9tages et il est \u00e9galement devenu un b\u00e2timent avec le dernier \u00e9tage occup\u00e9 \u00e0 584 m\u00e8tres.<\/p>\n<h3>Grande Mosqu\u00e9e Cheikh Zayed<\/h3>\n<p>Cette mosqu\u00e9e situ\u00e9e dans la ville d&#039;Abu Dhabi, la plus grande mosqu\u00e9e des \u00c9mirats arabes unis. La mosqu\u00e9e couvre une place de trente acres et a la capacit\u00e9 d&#039;accueillir 40 000 fid\u00e8les. La tombe de Sheikh Zayed Bin Al Nahyan, pr\u00e9sent visionnaire tardif des \u00c9mirats arabes unis, est \u00e9galement enterr\u00e9e dans la cour de cette mosqu\u00e9e.<\/p>\n<h3>Monts Hajar<\/h3>\n<p>Les montagnes Hajar se situent sur le d\u00e9sert, cr\u00e9ant le c\u0153ur d\u00e9chiquet\u00e9 et palpitant des \u00c9mirats arabes unis. Des routes de montagnes russes sinueuses avec des paysages \u00e9poustouflants relient les petits villages de la r\u00e9gion, faisant de cette r\u00e9gion un paradis pour les voyages en voiture. Les amoureux de la nature trouveront de nombreuses possibilit\u00e9s de trekking, de randonn\u00e9e et d&#039;observation des oiseaux, tandis que la grande quantit\u00e9 d&#039;oueds pittoresques de l&#039;endroit est \u00e9galement amusante \u00e0 explorer.<\/p>\n<h3>Burj Al-Arab<\/h3>\n<p>Burj Al Arab est un h\u00f4tel de luxe 7 \u00e9toiles situ\u00e9 sur une \u00eele artificielle \u00e0 c\u00f4t\u00e9 de la plage de Duba\u00ef Jumeirah. Le Burj Al Arab est mondialement connu pour ses superbes services h\u00f4teliers et sa conception de voile de navire. De 1999 \u00e0 2008, il est rest\u00e9 le seul h\u00f4tel 7 \u00e9toiles au monde. Cet h\u00f4tel de luxe a une hauteur de 322 m\u00e8tres et un pont courbe priv\u00e9 relie l&#039;h\u00f4tel \u00e0 la terre.<\/p>\n<h3>Mus\u00e9e de Duba\u00ef<\/h3>\n<p>Le mus\u00e9e de Duba\u00ef est le plus ancien b\u00e2timent existant de la ville. Il fait partie du port d&#039;Al Fhaidi qui fut construit en 1787. Le mus\u00e9e pr\u00e9sente diff\u00e9rentes maquettes historiques repr\u00e9sentant le mode de vie aux Emirats avant la d\u00e9couverte du p\u00e9trole. La galerie de ce mus\u00e9e contient \u00e9galement des artefacts de temps tr\u00e8s anciens, dont certains remontent \u00e0 3000 av.<\/p>\n<h2>FAQ sur les vols pas chers vers les \u00c9mirats arabes unis<\/h2>\n<h3>Excellent moment pour r\u00e9server<\/h3>\n<p>Pour augmenter le temps pour les activit\u00e9s en plein air, r\u00e9server des vols pour les Emirats Arabes Unis lorsque le temps est beau et doux entre les mois de Mai et Octobre.<\/p>\n<p><strong>Haute saison<\/strong><br \/>\nLes journ\u00e9es chaudes et les soir\u00e9es \u00e9touffantes atteignant 94 degr\u00e9s F font des mois d&#039;automne le meilleur moment pour planifier des vols vers les \u00c9mirats arabes unis. Si vous pr\u00e9f\u00e9rez y aller plus tard, le temps est encore chaud entre novembre et f\u00e9vrier, lorsque la temp\u00e9rature oscille entre 50F et 75F.<\/p>\n<p><strong>Hors saison<\/strong><br \/>\nVous ne verriez pas beaucoup de monde de juin \u00e0 septembre en raison des journ\u00e9es chaudes et \u00e9touffantes, mais c&#039;est le moment id\u00e9al pour trouver des offres de vols aux \u00c9mirats arabes unis sur l&#039;h\u00e9bergement et des vols pas chers vers les \u00c9mirats arabes unis \u00e0 Duba\u00ef.<\/p>\n<h3>Quelle est la p\u00e9riode de l&#039;ann\u00e9e la moins ch\u00e8re pour partir aux EAU ?<\/h3>\n<p>Les \u00e9t\u00e9s (juin \u00e0 septembre) sont tr\u00e8s chauds dans la p\u00e9ninsule arabique, c&#039;est pourquoi il faut rester sous climatisation continue. Bien que la temp\u00e9rature \u00e9lev\u00e9e soit quelque peu un inconv\u00e9nient lors de la visite des \u00c9mirats arabes unis pendant la saison des mois chauds, la majorit\u00e9 des attractions touristiques sont climatis\u00e9es. Cela fait des \u00c9mirats arabes unis un lieu de tourisme toute l&#039;ann\u00e9e. Pourtant, on peut deviner une l\u00e9g\u00e8re baisse des prix des vols et des h\u00f4tels aux \u00c9mirats arabes unis \u00e0 cette p\u00e9riode de l&#039;ann\u00e9e.<\/p>\n<h3>Quel est le meilleur moment pour r\u00e9server un billet d&#039;avion pas cher pour les \u00c9mirats Arabes Unis ?<\/h3>\n<p>Les meilleurs vols vers les \u00c9mirats arabes unis sont soixante jours avant la date de d\u00e9part souhait\u00e9e. Le co\u00fbt de vos vols directs vers les \u00c9mirats arabes unis augmentera probablement consid\u00e9rablement si vous r\u00e9servez 2 semaines avant votre vol.<\/p>\n<h3>Quel jour est le moins cher pour partir aux \u00c9mirats Arabes Unis ?<\/h3>\n<p>Le mardi est actuellement, en moyenne, le jour le moins cher pour s&#039;envoler vers les EAU. Voler le samedi entra\u00eenera des prix plus \u00e9lev\u00e9s.<\/p>\n<h3>Quelle heure de la journ\u00e9e est la moins ch\u00e8re pour voler ?<\/h3>\n<p>Les vols vers les \u00c9mirats arabes unis le matin sont g\u00e9n\u00e9ralement les moins chers pour se rendre aux \u00c9mirats arabes unis. Les vols \u00e0 midi sont g\u00e9n\u00e9ralement les plus chers.<\/p>\n<h2>Se d\u00e9placer aux EAU<\/h2>\n<p>Une fois que votre vol le moins cher pour les \u00c9mirats arabes unis aura atterri, vous aurez h\u00e2te de d\u00e9couvrir le reste du pays. Quelques choix vous m\u00e8neront l\u00e0 o\u00f9 vous devez aller. Si vous pr\u00e9f\u00e9rez conduire, les soci\u00e9t\u00e9s de location de voitures comme Budget, Avis et Thirdly offrent les meilleurs choix pour les voyages ind\u00e9pendants aux EAU. Comme il s&#039;agit d&#039;un pays producteur de p\u00e9trole, il n&#039;est pas surprenant que le p\u00e9trole soit tr\u00e8s abordable et accessible. Conduisez \u00e0 droite et surveillez attentivement la circulation automobile.<\/p>\n<p>Le bus interurbain est \u00e9galement un meilleur moyen de parcourir de plus longues distances. Les taxis sont nombreux et tr\u00e8s abordables, et les bateaux-taxis vous permettront d&#039;acc\u00e9der facilement \u00e0 l&#039;eau.<br \/>\nPour se rendre au centre-ville depuis l&#039;a\u00e9roport international de Duba\u00ef, les passagers prennent la ligne rouge depuis la station Rashidiya (il n&#039;y a que 2 lignes). Le m\u00e9tro est op\u00e9rationnel de 5h50 \u00e0 minuit et sauf le vendredi o\u00f9 le service d\u00e9marre \u00e0 partir de 13h. Les billets sont accessibles dans les a\u00e9roports.<\/p>\n<h2>Vols int\u00e9rieurs aux \u00c9mirats arabes unis<\/h2>\n<table border=\"0\" cellspacing=\"1\" cellpadding=\"1\">\n<tbody>\n<tr>\n<td>Vols pas chers vers&nbsp;<a href=\"https:\/\/tiketi.com\/fr-fr\/cheap-flights-to-dubai-dxb\/\" target=\"_blank\" rel=\"noopener\">Duba\u00ef DXB<\/a><\/td>\n<td style=\"width: 30px;\"><\/td>\n<td>Vols pas chers vers&nbsp;<a href=\"https:\/\/tiketi.com\/fr-fr\/cheap-flights-to-abu-dhabi-auh\/\" target=\"_blank\" rel=\"noopener\">Abou Dhabi AUH<\/a><\/td>\n<\/tr>\n<\/tbody>\n<\/table>\n<h2>Vols au d\u00e9part de Duba\u00ef<\/h2>\n<h3>Vols int\u00e9rieurs pas chers au d\u00e9part de Duba\u00ef<\/h3>\n<table border=\"0\" cellspacing=\"2\" cellpadding=\"2\">\n<tbody>\n<tr>\n<td>Vols pas chers <a href=\"https:\/\/tiketi.com\/fr-fr\/cheap-flights-to-abu-dhabi-auh\/\" target=\"_blank\" rel=\"noopener\">Duba\u00ef \u00e0 Abou Dabi<\/a><\/td>\n<td style=\"width: 30px;\"><\/td>\n<td>Vols pas chers <a href=\"https:\/\/tiketi.com\/fr-fr\/flights-dubai-ras-al-khaimah-dxb-rkt\/\" target=\"_blank\" rel=\"noopener\">Duba\u00ef \u00e0 Ras Al Khaimah<\/a><\/td>\n<\/tr>\n<\/tbody>\n<\/table>\n<h3>Vols internationaux et tarifs a\u00e9riens pas chers au d\u00e9part de Duba\u00ef<\/h3>\n<table border=\"0\" cellspacing=\"2\" cellpadding=\"2\">\n<tbody>\n<tr>\n<td>Vols pas chers \u00e0 partir de&nbsp;<a href=\"https:\/\/tiketi.com\/fr-fr\/flights-dubai-marrakech-dxb-rak\/\" target=\"_blank\" rel=\"noopener\">Duba\u00ef \u00e0 Marrakech<\/a><\/td>\n<td><\/td>\n<td>Vols pas chers \u00e0 partir de&nbsp;<a href=\"https:\/\/tiketi.com\/fr-fr\/flights-dubai-bahrain-dxb-bah\/\" target=\"_blank\" rel=\"noopener\">Duba\u00ef \u00e0 Bahre\u00efn\u200b<\/a><\/td>\n<\/tr>\n<tr>\n<td>Vols pas chers \u00e0 partir de <a href=\"https:\/\/tiketi.com\/fr-fr\/flights-dubai-muscat-dxb-mct\/\" target=\"_blank\" rel=\"noopener\">Duba\u00ef \u00e0 Mascate<\/a><\/td>\n<td style=\"width: 30px;\"><\/td>\n<td>Vols pas chers \u00e0 partir de&nbsp;<a href=\"https:\/\/tiketi.com\/fr-fr\/flights-dubai-kuwait-dxb-kwi\/\" target=\"_blank\" rel=\"noopener\">Duba\u00ef \u00e0 Kowe\u00eft<\/a><\/td>\n<\/tr>\n<tr>\n<td>Vols pas chers \u00e0 partir de&nbsp;<a href=\"https:\/\/tiketi.com\/fr-fr\/flights-dubai-delhi-dxb-del\/\" target=\"_blank\" rel=\"noopener\">Duba\u00ef \u00e0 Delhi<\/a><\/td>\n<td><\/td>\n<td>Vols pas chers \u00e0 partir de&nbsp;<a href=\"https:\/\/tiketi.com\/fr-fr\/flights-dubai-london-dxb-lhr\/\" target=\"_blank\" rel=\"noopener\">Duba\u00ef \u00e0 Londres<\/a><\/td>\n<\/tr>\n<tr>\n<td>Vols pas chers \u00e0 partir de&nbsp;<a href=\"https:\/\/tiketi.com\/fr-fr\/flights-dubai-zanzibar-dxb-znz\/\" target=\"_blank\" rel=\"noopener\">Duba\u00ef \u00e0 Zanzibar\u200b<\/a><\/td>\n<td><\/td>\n<td>Vols pas chers \u00e0 partir de&nbsp;<a href=\"https:\/\/tiketi.com\/fr-fr\/flights-dubai-riyadh-dxb-ruh\/\" target=\"_blank\" rel=\"noopener\">Duba\u00ef \u00e0 Riyad<\/a><\/td>\n<\/tr>\n<\/tbody>\n<\/table>\n<h2><\/h2>","protected":false},"excerpt":{"rendered":"<p>Looking for cheap airline ticket to United Arab Emirates or last minute deals? Search, compare and book cheap United Arab Emirates flights online now. Book cheap flights to United Arab Emirates online and save money on airfare.&nbsp;Famous for its amazing skyline of high-rise buildings, red dunes, and stunning spots for all interests and ages, the [&hellip;]<\/p>\n","protected":false},"author":1,"featured_media":16474,"parent":0,"menu_order":0,"comment_status":"open","ping_status":"closed","template":"template-home-modern.php","meta":{"footnotes":""},"class_list":["post-11920","page","type-page","status-publish","has-post-thumbnail","hentry"],"yoast_head":"<!-- This site is optimized with the Yoast SEO plugin v27.2 - https:\/\/yoast.com\/product\/yoast-seo-wordpress\/ -->\n<title>Cheap Flights to United Arab Emirates<\/title>\n<meta name=\"description\" content=\"Looking for cheap flights to\u00a0United Arab Emirates? Search, compare and book cheap airline ticket from to\u00a0United Arab Emirates online\" \/>\n<meta name=\"robots\" content=\"index, follow, max-snippet:-1, max-image-preview:large, max-video-preview:-1\" \/>\n<link rel=\"canonical\" href=\"https:\/\/tiketi.com\/fr-fr\/cheap-flights-to-united-arab-emirates\/\" \/>\n<meta property=\"og:locale\" content=\"fr_FR\" \/>\n<meta property=\"og:type\" content=\"article\" \/>\n<meta property=\"og:title\" content=\"Cheap Flights to United Arab Emirates\" \/>\n<meta property=\"og:description\" content=\"Looking for cheap flights to\u00a0United Arab Emirates? Search, compare and book cheap airline ticket from to\u00a0United Arab Emirates online\" \/>\n<meta property=\"og:url\" content=\"https:\/\/tiketi.com\/fr-fr\/cheap-flights-to-united-arab-emirates\/\" \/>\n<meta property=\"og:site_name\" content=\"Tiketi.com\" \/>\n<meta property=\"article:publisher\" content=\"https:\/\/www.facebook.com\/TiketiCom\/\" \/>\n<meta property=\"article:modified_time\" content=\"2022-02-10T17:20:19+00:00\" \/>\n<meta property=\"og:image\" content=\"https:\/\/tiketi.com\/wp-content\/uploads\/2022\/02\/dubai-skyline-buildings-183.jpg\" \/>\n\t<meta property=\"og:image:width\" content=\"1200\" \/>\n\t<meta property=\"og:image:height\" content=\"202\" \/>\n\t<meta property=\"og:image:type\" content=\"image\/jpeg\" \/>\n<meta name=\"twitter:card\" content=\"summary_large_image\" \/>\n<meta name=\"twitter:label1\" content=\"Dur\u00e9e de lecture estim\u00e9e\" \/>\n\t<meta name=\"twitter:data1\" content=\"5 minutes\" \/>\n<script type=\"application\/ld+json\" class=\"yoast-schema-graph\">{\"@context\":\"https:\/\/schema.org\",\"@graph\":[{\"@type\":\"WebPage\",\"@id\":\"https:\/\/tiketi.com\/cheap-flights-to-united-arab-emirates\/\",\"url\":\"https:\/\/tiketi.com\/cheap-flights-to-united-arab-emirates\/\",\"name\":\"Cheap Flights to United Arab Emirates\",\"isPartOf\":{\"@id\":\"https:\/\/tiketi.com\/#website\"},\"primaryImageOfPage\":{\"@id\":\"https:\/\/tiketi.com\/cheap-flights-to-united-arab-emirates\/#primaryimage\"},\"image\":{\"@id\":\"https:\/\/tiketi.com\/cheap-flights-to-united-arab-emirates\/#primaryimage\"},\"thumbnailUrl\":\"https:\/\/tiketi.com\/wp-content\/uploads\/2022\/02\/dubai-skyline-buildings-183.jpg\",\"datePublished\":\"2022-01-19T11:55:23+00:00\",\"dateModified\":\"2022-02-10T17:20:19+00:00\",\"description\":\"Looking for cheap flights to\u00a0United Arab Emirates? Search, compare and book cheap airline ticket from to\u00a0United Arab Emirates online\",\"breadcrumb\":{\"@id\":\"https:\/\/tiketi.com\/cheap-flights-to-united-arab-emirates\/#breadcrumb\"},\"inLanguage\":\"fr-FR\",\"potentialAction\":[{\"@type\":\"ReadAction\",\"target\":[\"https:\/\/tiketi.com\/cheap-flights-to-united-arab-emirates\/\"]}]},{\"@type\":\"ImageObject\",\"inLanguage\":\"fr-FR\",\"@id\":\"https:\/\/tiketi.com\/cheap-flights-to-united-arab-emirates\/#primaryimage\",\"url\":\"https:\/\/tiketi.com\/wp-content\/uploads\/2022\/02\/dubai-skyline-buildings-183.jpg\",\"contentUrl\":\"https:\/\/tiketi.com\/wp-content\/uploads\/2022\/02\/dubai-skyline-buildings-183.jpg\",\"width\":1200,\"height\":202,\"caption\":\"Air Taxi in Dubai\"},{\"@type\":\"BreadcrumbList\",\"@id\":\"https:\/\/tiketi.com\/cheap-flights-to-united-arab-emirates\/#breadcrumb\",\"itemListElement\":[{\"@type\":\"ListItem\",\"position\":1,\"name\":\"Home\",\"item\":\"https:\/\/tiketi.com\/\"},{\"@type\":\"ListItem\",\"position\":2,\"name\":\"Cheap Flights to United Arab Emirates\"}]},{\"@type\":\"WebSite\",\"@id\":\"https:\/\/tiketi.com\/#website\",\"url\":\"https:\/\/tiketi.com\/\",\"name\":\"Flight & Bus Tickets, Tour Packages & Activitites - Tiketi.com\",\"description\":\"Flight &amp; Bus Tickets, Tours, Activitites\",\"publisher\":{\"@id\":\"https:\/\/tiketi.com\/#organization\"},\"potentialAction\":[{\"@type\":\"SearchAction\",\"target\":{\"@type\":\"EntryPoint\",\"urlTemplate\":\"https:\/\/tiketi.com\/?s={search_term_string}\"},\"query-input\":{\"@type\":\"PropertyValueSpecification\",\"valueRequired\":true,\"valueName\":\"search_term_string\"}}],\"inLanguage\":\"fr-FR\"},{\"@type\":\"Organization\",\"@id\":\"https:\/\/tiketi.com\/#organization\",\"name\":\"Tiketi.com\",\"alternateName\":\"Tiketi\",\"url\":\"https:\/\/tiketi.com\/\",\"logo\":{\"@type\":\"ImageObject\",\"inLanguage\":\"fr-FR\",\"@id\":\"https:\/\/tiketi.com\/#\/schema\/logo\/image\/\",\"url\":\"https:\/\/tiketi.com\/wp-content\/uploads\/2019\/05\/tiketi-logo-696.png\",\"contentUrl\":\"https:\/\/tiketi.com\/wp-content\/uploads\/2019\/05\/tiketi-logo-696.png\",\"width\":696,\"height\":696,\"caption\":\"Tiketi.com\"},\"image\":{\"@id\":\"https:\/\/tiketi.com\/#\/schema\/logo\/image\/\"},\"sameAs\":[\"https:\/\/www.facebook.com\/TiketiCom\/\"]}]}<\/script>\n<!-- \/ Yoast SEO plugin. -->","yoast_head_json":{"title":"Vols pas chers vers \u00c9mirats arabes unis","description":"Vous cherchez des vols pas chers vers \u00c9mirats Arabes Unis ? Recherchez, comparez et r\u00e9servez en ligne un billet d&#039;avion pas cher de vers \u00c9mirats Arabes Unis","robots":{"index":"index","follow":"follow","max-snippet":"max-snippet:-1","max-image-preview":"max-image-preview:large","max-video-preview":"max-video-preview:-1"},"canonical":"https:\/\/tiketi.com\/fr-fr\/cheap-flights-to-united-arab-emirates\/","og_locale":"fr_FR","og_type":"article","og_title":"Cheap Flights to United Arab Emirates","og_description":"Looking for cheap flights to\u00a0United Arab Emirates? Search, compare and book cheap airline ticket from to\u00a0United Arab Emirates online","og_url":"https:\/\/tiketi.com\/fr-fr\/cheap-flights-to-united-arab-emirates\/","og_site_name":"Tiketi.com","article_publisher":"https:\/\/www.facebook.com\/TiketiCom\/","article_modified_time":"2022-02-10T17:20:19+00:00","og_image":[{"width":1200,"height":202,"url":"https:\/\/tiketi.com\/wp-content\/uploads\/2022\/02\/dubai-skyline-buildings-183.jpg","type":"image\/jpeg"}],"twitter_card":"summary_large_image","twitter_misc":{"Dur\u00e9e de lecture estim\u00e9e":"5 minutes"},"schema":{"@context":"https:\/\/schema.org","@graph":[{"@type":"WebPage","@id":"https:\/\/tiketi.com\/cheap-flights-to-united-arab-emirates\/","url":"https:\/\/tiketi.com\/cheap-flights-to-united-arab-emirates\/","name":"Vols pas chers vers \u00c9mirats arabes unis","isPartOf":{"@id":"https:\/\/tiketi.com\/#website"},"primaryImageOfPage":{"@id":"https:\/\/tiketi.com\/cheap-flights-to-united-arab-emirates\/#primaryimage"},"image":{"@id":"https:\/\/tiketi.com\/cheap-flights-to-united-arab-emirates\/#primaryimage"},"thumbnailUrl":"https:\/\/tiketi.com\/wp-content\/uploads\/2022\/02\/dubai-skyline-buildings-183.jpg","datePublished":"2022-01-19T11:55:23+00:00","dateModified":"2022-02-10T17:20:19+00:00","description":"Vous cherchez des vols pas chers vers \u00c9mirats Arabes Unis ? Recherchez, comparez et r\u00e9servez en ligne un billet d&#039;avion pas cher de vers \u00c9mirats Arabes Unis","breadcrumb":{"@id":"https:\/\/tiketi.com\/cheap-flights-to-united-arab-emirates\/#breadcrumb"},"inLanguage":"fr-FR","potentialAction":[{"@type":"ReadAction","target":["https:\/\/tiketi.com\/cheap-flights-to-united-arab-emirates\/"]}]},{"@type":"ImageObject","inLanguage":"fr-FR","@id":"https:\/\/tiketi.com\/cheap-flights-to-united-arab-emirates\/#primaryimage","url":"https:\/\/tiketi.com\/wp-content\/uploads\/2022\/02\/dubai-skyline-buildings-183.jpg","contentUrl":"https:\/\/tiketi.com\/wp-content\/uploads\/2022\/02\/dubai-skyline-buildings-183.jpg","width":1200,"height":202,"caption":"Air Taxi in Dubai"},{"@type":"BreadcrumbList","@id":"https:\/\/tiketi.com\/cheap-flights-to-united-arab-emirates\/#breadcrumb","itemListElement":[{"@type":"ListItem","position":1,"name":"Home","item":"https:\/\/tiketi.com\/"},{"@type":"ListItem","position":2,"name":"Cheap Flights to United Arab Emirates"}]},{"@type":"WebSite","@id":"https:\/\/tiketi.com\/#website","url":"https:\/\/tiketi.com\/","name":"Billets d&#039;avion et de bus, forfaits touristiques et activit\u00e9s - Tiketi.com","description":"Billets d&#039;avion et de bus, Tours, Activit\u00e9s","publisher":{"@id":"https:\/\/tiketi.com\/#organization"},"potentialAction":[{"@type":"SearchAction","target":{"@type":"EntryPoint","urlTemplate":"https:\/\/tiketi.com\/?s={search_term_string}"},"query-input":{"@type":"PropertyValueSpecification","valueRequired":true,"valueName":"search_term_string"}}],"inLanguage":"fr-FR"},{"@type":"Organization","@id":"https:\/\/tiketi.com\/#organization","name":"Tiketi.com","alternateName":"Tiketi","url":"https:\/\/tiketi.com\/","logo":{"@type":"ImageObject","inLanguage":"fr-FR","@id":"https:\/\/tiketi.com\/#\/schema\/logo\/image\/","url":"https:\/\/tiketi.com\/wp-content\/uploads\/2019\/05\/tiketi-logo-696.png","contentUrl":"https:\/\/tiketi.com\/wp-content\/uploads\/2019\/05\/tiketi-logo-696.png","width":696,"height":696,"caption":"Tiketi.com"},"image":{"@id":"https:\/\/tiketi.com\/#\/schema\/logo\/image\/"},"sameAs":["https:\/\/www.facebook.com\/TiketiCom\/"]}]}},"_links":{"self":[{"href":"https:\/\/tiketi.com\/fr-fr\/wp-json\/wp\/v2\/pages\/11920","targetHints":{"allow":["GET"]}}],"collection":[{"href":"https:\/\/tiketi.com\/fr-fr\/wp-json\/wp\/v2\/pages"}],"about":[{"href":"https:\/\/tiketi.com\/fr-fr\/wp-json\/wp\/v2\/types\/page"}],"author":[{"embeddable":true,"href":"https:\/\/tiketi.com\/fr-fr\/wp-json\/wp\/v2\/users\/1"}],"replies":[{"embeddable":true,"href":"https:\/\/tiketi.com\/fr-fr\/wp-json\/wp\/v2\/comments?post=11920"}],"version-history":[{"count":0,"href":"https:\/\/tiketi.com\/fr-fr\/wp-json\/wp\/v2\/pages\/11920\/revisions"}],"wp:featuredmedia":[{"embeddable":true,"href":"https:\/\/tiketi.com\/fr-fr\/wp-json\/wp\/v2\/media\/16474"}],"wp:attachment":[{"href":"https:\/\/tiketi.com\/fr-fr\/wp-json\/wp\/v2\/media?parent=11920"}],"curies":[{"name":"wp","href":"https:\/\/api.w.org\/{rel}","templated":true}]}}