{"id":11921,"date":"2022-01-19T12:55:23","date_gmt":"2022-01-19T11:55:23","guid":{"rendered":"https:\/\/new.tiketi.com\/cheap-flights-to-uganda\/"},"modified":"2022-02-10T18:19:59","modified_gmt":"2022-02-10T17:19:59","slug":"cheap-flights-to-uganda","status":"publish","type":"page","link":"https:\/\/tiketi.com\/fr-fr\/cheap-flights-to-uganda\/","title":{"rendered":"Vols pas chers vers l&#039;Ouganda"},"content":{"rendered":"<h2>\u00c0 la recherche d&#039;un billet d&#039;avion pas cher pour l&#039;Ouganda ou d&#039;offres de derni\u00e8re minute ?<\/h2>\n<h3>Recherchez, comparez et r\u00e9servez en ligne d\u00e8s maintenant les vols Ouganda \u00e0 bas prix.<\/h3>\n<p>R\u00e9servez en ligne des vols pas chers pour l&#039;Ouganda et \u00e9conomisez de l&#039;argent sur les billets d&#039;avion. Des parcs nationaux aux montagnes, en passant par les lacs de ravitaillement, les sources chaudes et tout le reste, nous avons rassembl\u00e9 les meilleures attractions que vous devriez r\u00e9ellement visiter en Ouganda. Comparez les prix et obtenez les tarifs les plus bas sur les billets d&#039;avion pour Ouganda gr\u00e2ce \u00e0 des offres exceptionnelles sur la r\u00e9servation de billets en ligne de vols Ouganda.<\/p>\n<h2>Voici quelques-unes des meilleures attractions de l&#039;Ouganda<\/h2>\n<h3>Parc national des for\u00eats imp\u00e9n\u00e9trables de Bwindi<\/h3>\n<p>Ce parc national se situe dans le sud-ouest de l&#039;Ouganda, au bord de la vall\u00e9e du Rift. Ses collines couvertes de brume sont couvertes par l&#039;une des for\u00eats tropicales les plus anciennes et les plus biologiquement diversifi\u00e9es du pays, qui remonte \u00e0 plus de 25 000 ans. La for\u00eat est l&#039;un des meilleurs \u00e9cosyst\u00e8mes d&#039;Afrique, contient pr\u00e8s de quatre cents esp\u00e8ces de plantes.<\/p>\n<h3>Parc national du mont Rwenzori<\/h3>\n<p>La montagne Rwenzori, \u00e9galement appel\u00e9e &quot;Montagnes de la Lune&quot;, un site class\u00e9 au patrimoine mondial de l&#039;UNESCO, se trouve dans l&#039;ouest de l&#039;Ouganda, le long de la fronti\u00e8re entre l&#039;Ouganda et le Congo. Les sommets enneig\u00e9s \u00e9quatoriaux contiennent le 3e point le plus \u00e9lev\u00e9 d&#039;Afrique, tandis que les pentes inf\u00e9rieures sont recouvertes de bambous, de landes et de for\u00eats de montagne riches et humides. Le parc national abrite soixante-dix mammif\u00e8res et 217 esp\u00e8ces d&#039;oiseaux.<\/p>\n<h3>Parc national de la reine Elizabeth<\/h3>\n<p>Ce parc est situ\u00e9 dans l&#039;ouest de l&#039;Ouganda et est le parc national le plus visit\u00e9 d&#039;Ouganda. Nomm\u00e9 d&#039;apr\u00e8s la reine Elizabeth 2 et a \u00e9t\u00e9 cr\u00e9\u00e9 en 1954. L&#039;\u00e9cosyst\u00e8me diversifi\u00e9 du parc, qui contient de magnifiques lacs ombrag\u00e9s, de la savane, des lacs \u00e9tincelants, des for\u00eats humides et des zones humides fertiles, en fait la meilleure habitude pour les grands jeux classiques, les esp\u00e8ces de primates, y compris les chimpanz\u00e9s et plus de six -cent esp\u00e8ces d&#039;oiseaux.<\/p>\n<h3>Parc national de la vall\u00e9e de Kidepo<\/h3>\n<p>Ce c\u00e9l\u00e8bre parc national se trouve dans les vall\u00e9es rocheuses semi-arides entre les fronti\u00e8res du pays avec le Kenya et le Soudan, \u00e0 environ sept cents kilom\u00e8tres de Kampala. Class\u00e9 parc national en 1962, il abrite une profusion d&#039;\u00e9normes gibiers et abrite plus de soixante-dix-sept esp\u00e8ces de mammif\u00e8res ainsi qu&#039;environ 475 esp\u00e8ces d&#039;oiseaux.<\/p>\n<h3>Parc national du lac Muburo<\/h3>\n<p>Le parc national du lac Mburo est un joyau compact, id\u00e9alement situ\u00e9 \u00e0 proximit\u00e9 de l&#039;autoroute qui relie Kampala aux parcs de l&#039;ouest de l&#039;Ouganda. C&#039;est le petit des parcs nationaux de savane de l&#039;Ouganda et repose sur de tr\u00e8s anciennes roches m\u00e9tamorphiques pr\u00e9cambriennes qui datent de plus de cinq cents millions d&#039;ann\u00e9es.<\/p>\n<h2>FAQ sur les vols pas chers vers l&#039;Ouganda<\/h2>\n<h3>Quelles compagnies a\u00e9riennes proposent des billets d&#039;avion pas chers pour l&#039;Ouganda ?<\/h3>\n<p>Il existe peu de compagnies a\u00e9riennes diff\u00e9rentes qui proposent des billets d&#039;avion bon march\u00e9 pour l&#039;Ouganda. Qatar Airways, Ethiopian, Brussels Airlines et Ethihad sont les 4 grands qui contr\u00f4lent l&#039;itin\u00e9raire, alors devinez voler avec l&#039;un d&#039;eux. Lorsqu&#039;il s&#039;agit de choisir la compagnie a\u00e9rienne qui vous convient le mieux, vous devez tenir compte de votre budget, puis penser \u00e0 la d\u00e9tente. Le Qatar et Etihad excellent en mati\u00e8re de d\u00e9tente, bien que vous paierez plus pour le prix de vos billets en Ouganda si vous partez avec eux.<\/p>\n<h3>Quel jour est abordable pour prendre l&#039;avion pour l&#039;Ouganda\u00a0?<\/h3>\n<p>Le jour le moins cher pour prendre l&#039;avion pour Ouganda est g\u00e9n\u00e9ralement mardi. En ce moment, le vendredi est le plus cher pour les vols vers l&#039;Ouganda.<\/p>\n<h3>\u00c0 quelle heure de la journ\u00e9e est-il abordable de voler\u00a0?<\/h3>\n<p>\u00c0 l&#039;heure actuelle, les vols bon march\u00e9 vers l&#039;Ouganda dans l&#039;apr\u00e8s-midi sont susceptibles d&#039;offrir le meilleur rapport qualit\u00e9-prix pour votre circuit en Ouganda. Un vol en Ouganda \u00e0 midi sera plus g\u00e9n\u00e9ralement qu&#039;autrement plus co\u00fbteux.<\/p>\n<h3>Quel est le mois le moins cher pour visiter Ouganda ?<\/h3>\n<p>Le mois le moins cher pour visiter l&#039;Ouganda est janvier et vous \u00eates plus susceptible de trouver les billets d&#039;avion les moins chers pour l&#039;Ouganda ainsi qu&#039;un h\u00e9bergement standard \u00e0 bas prix. Pendant ce temps, les autres d\u00e9penses ne sont pas affect\u00e9es par la basse saison des visiteurs.<\/p>\n<h3>Quelle est la meilleure p\u00e9riode pour les vols en Ouganda\u00a0?<\/h3>\n<p><strong>Haute saison<\/strong><br \/>\nLe mois le plus charg\u00e9 de l&#039;ann\u00e9e a tendance \u00e0 \u00eatre juillet pour les billets d&#039;avion bon march\u00e9 vers l&#039;heure de l&#039;Ouganda. Pour cette raison, il est tr\u00e8s difficile de trouver des vols abordables vers l&#039;Ouganda, car de plus en plus de visiteurs affluent pour profiter du temps chaud et profiter au maximum des activit\u00e9s propos\u00e9es. La haute saison commence en juin et dure de septembre \u00e0 fin octobre. Le 9 octobre est le jour de l&#039;ind\u00e9pendance en Ouganda, un jour f\u00e9ri\u00e9 qui voit le pays prendre vie pour c\u00e9l\u00e9brer. Gardez \u00e0 l&#039;esprit que les vols et les h\u00f4tels en Ouganda autour de cet \u00e9v\u00e9nement seront beaucoup plus chers que le prix des billets en Ouganda. Il est \u00e9galement tr\u00e8s important de s&#039;assurer que vous avez obtenu tous les permis bien \u00e0 l&#039;avance, par exemple les permis de gorille, etc.<\/p>\n<p><strong>Hors saison<\/strong><br \/>\nL&#039;Ouganda n&#039;a pas n\u00e9cessairement une saison morte en raison du temps chaud pratiquement toute l&#039;ann\u00e9e, bien que de janvier \u00e0 fin mars, le tourisme soit le plus bas.<\/p>\n<h2>Se d\u00e9placer en Ouganda<\/h2>\n<p>Pour g\u00e9rer les d\u00e9placements entre les villes proches, il existe des minibus et des autocars. Le service postal du gouvernement f\u00e9d\u00e9ral g\u00e8re un service de bus officiel sur de longues grandes routes. Le transport int\u00e9rieur dans les grandes villes ainsi que dans les villes repose sur des motos et des taxis-scooters appel\u00e9s boda bodas, c\u00e9l\u00e8bres, abordables et tr\u00e8s demand\u00e9s en raison de leur grand nombre ainsi que des moyens de transport rapides. Les op\u00e9rateurs de voyages priv\u00e9s sont pr\u00e9sents pour faciliter les transports de luxe avec des fourgonnettes VIP ainsi que des VUS, car diff\u00e9rentes zones de la campagne ont des itin\u00e9raires sur de mauvaises routes. Pour le lac Victoria, il existe r\u00e9guli\u00e8rement des services terrestres pour les ferries, reliant les \u00eeles Ssese aux quais d&#039;Entebbe ainsi qu&#039;\u00e0 la ville de Masaka.<\/p>\n<h2>Vols au d\u00e9part de l&#039;Ouganda<\/h2>\n<h3>Vols int\u00e9rieurs pas chers au d\u00e9part d&#039;Entebbe<\/h3>\n<table border=\"0\" cellspacing=\"2\" cellpadding=\"2\">\n<tbody>\n<tr>\n<td>Vols pas chers \u00e0 partir de <a href=\"https:\/\/tiketi.com\/fr-fr\/flights-entebbe-nairobi-ebb-nbo\/\" target=\"_blank\" rel=\"noopener\">Entebbe \u00e0 Nairobi<\/a><\/td>\n<td style=\"width: 30px;\"><\/td>\n<td>Vols pas chers \u00e0 partir de <a href=\"https:\/\/tiketi.com\/fr-fr\/flights-entebbe-kigali-ebb-kgl\/\" target=\"_blank\" rel=\"noopener\">Entebbe \u00e0 Kigali<\/a><\/td>\n<\/tr>\n<\/tbody>\n<\/table>\n<h3>Vols internationaux et tarifs a\u00e9riens pas chers au d\u00e9part d&#039;Entebbe\/Kampala<\/h3>\n<table border=\"0\" cellspacing=\"2\" cellpadding=\"2\">\n<tbody>\n<tr>\n<td>Vols pas chers \u00e0 partir de <a href=\"https:\/\/tiketi.com\/fr-fr\/cheap-flights-from-kampala-to-nairobi\/\" target=\"_blank\" rel=\"noopener\">Kampala \u00e0 Nairobi<\/a><\/td>\n<td style=\"width: 30px;\"><\/td>\n<td>Vols pas chers \u00e0 partir de\u00a0<a href=\"https:\/\/tiketi.com\/fr-fr\/cheap-flights-from-kampala-to-kigali-kla-kgl\/\" target=\"_blank\" rel=\"noopener\">Kampala \u00e0 Kigali<\/a><a href=\"https:\/\/tiketi.com\/fr-fr\/flights-dubai-bahrain-dxb-bah\/\" target=\"_blank\" rel=\"noopener\">\u200b<\/a><\/td>\n<\/tr>\n<tr>\n<td>Vols pas chers \u00e0 partir de\u00a0<a href=\"https:\/\/tiketi.com\/fr-fr\/cheap-flights-from-kampala-to-dar-es-salaam\/\" target=\"_blank\" rel=\"noopener\">Kampala \u00e0 Dar es Salam<\/a><\/td>\n<td><\/td>\n<td><\/td>\n<\/tr>\n<\/tbody>\n<\/table>","protected":false},"excerpt":{"rendered":"<p>Looking for cheap airline ticket to Uganda or last minute deals? Search, compare and book cheap Uganda flights online now. Book cheap flights to Uganda online and save money on airfare.\u00a0From national parks to mountains, cater lakes, warm springs, and everything in between, we have rounded up best attractions you should actually check out while [&hellip;]<\/p>\n","protected":false},"author":1,"featured_media":14041,"parent":0,"menu_order":0,"comment_status":"open","ping_status":"closed","template":"template-home-modern.php","meta":{"footnotes":""},"class_list":["post-11921","page","type-page","status-publish","has-post-thumbnail","hentry"],"yoast_head":"<!-- This site is optimized with the Yoast SEO plugin v27.2 - https:\/\/yoast.com\/product\/yoast-seo-wordpress\/ -->\n<title>Cheap Flights to Uganda<\/title>\n<meta name=\"description\" content=\"Looking for cheap flights to\u00a0Mozambique? Search, compare and book cheap airline ticket from to\u00a0Mozambique online and save money\" \/>\n<meta name=\"robots\" content=\"index, follow, max-snippet:-1, max-image-preview:large, max-video-preview:-1\" \/>\n<link rel=\"canonical\" href=\"https:\/\/tiketi.com\/fr-fr\/cheap-flights-to-uganda\/\" \/>\n<meta property=\"og:locale\" content=\"fr_FR\" \/>\n<meta property=\"og:type\" content=\"article\" \/>\n<meta property=\"og:title\" content=\"Cheap Flights to Uganda\" \/>\n<meta property=\"og:description\" content=\"Looking for cheap flights to\u00a0Mozambique? Search, compare and book cheap airline ticket from to\u00a0Mozambique online and save money\" \/>\n<meta property=\"og:url\" content=\"https:\/\/tiketi.com\/fr-fr\/cheap-flights-to-uganda\/\" \/>\n<meta property=\"og:site_name\" content=\"Tiketi.com\" \/>\n<meta property=\"article:publisher\" content=\"https:\/\/www.facebook.com\/TiketiCom\/\" \/>\n<meta property=\"article:modified_time\" content=\"2022-02-10T17:19:59+00:00\" \/>\n<meta property=\"og:image\" content=\"https:\/\/tiketi.com\/wp-content\/uploads\/2022\/01\/flight-ticket-booking-sorasak-KxCJXXGsv9I-unsplas.jpg\" \/>\n\t<meta property=\"og:image:width\" content=\"1200\" \/>\n\t<meta property=\"og:image:height\" content=\"240\" \/>\n\t<meta property=\"og:image:type\" content=\"image\/jpeg\" \/>\n<meta name=\"twitter:card\" content=\"summary_large_image\" \/>\n<meta name=\"twitter:label1\" content=\"Dur\u00e9e de lecture estim\u00e9e\" \/>\n\t<meta name=\"twitter:data1\" content=\"5 minutes\" \/>\n<script type=\"application\/ld+json\" class=\"yoast-schema-graph\">{\"@context\":\"https:\/\/schema.org\",\"@graph\":[{\"@type\":\"WebPage\",\"@id\":\"https:\/\/tiketi.com\/cheap-flights-to-uganda\/\",\"url\":\"https:\/\/tiketi.com\/cheap-flights-to-uganda\/\",\"name\":\"Cheap Flights to Uganda\",\"isPartOf\":{\"@id\":\"https:\/\/tiketi.com\/#website\"},\"primaryImageOfPage\":{\"@id\":\"https:\/\/tiketi.com\/cheap-flights-to-uganda\/#primaryimage\"},\"image\":{\"@id\":\"https:\/\/tiketi.com\/cheap-flights-to-uganda\/#primaryimage\"},\"thumbnailUrl\":\"https:\/\/tiketi.com\/wp-content\/uploads\/2022\/01\/flight-ticket-booking-sorasak-KxCJXXGsv9I-unsplas.jpg\",\"datePublished\":\"2022-01-19T11:55:23+00:00\",\"dateModified\":\"2022-02-10T17:19:59+00:00\",\"description\":\"Looking for cheap flights to\u00a0Mozambique? Search, compare and book cheap airline ticket from to\u00a0Mozambique online and save money\",\"breadcrumb\":{\"@id\":\"https:\/\/tiketi.com\/cheap-flights-to-uganda\/#breadcrumb\"},\"inLanguage\":\"fr-FR\",\"potentialAction\":[{\"@type\":\"ReadAction\",\"target\":[\"https:\/\/tiketi.com\/cheap-flights-to-uganda\/\"]}]},{\"@type\":\"ImageObject\",\"inLanguage\":\"fr-FR\",\"@id\":\"https:\/\/tiketi.com\/cheap-flights-to-uganda\/#primaryimage\",\"url\":\"https:\/\/tiketi.com\/wp-content\/uploads\/2022\/01\/flight-ticket-booking-sorasak-KxCJXXGsv9I-unsplas.jpg\",\"contentUrl\":\"https:\/\/tiketi.com\/wp-content\/uploads\/2022\/01\/flight-ticket-booking-sorasak-KxCJXXGsv9I-unsplas.jpg\",\"width\":1200,\"height\":240,\"caption\":\"Online flight ticket booking\"},{\"@type\":\"BreadcrumbList\",\"@id\":\"https:\/\/tiketi.com\/cheap-flights-to-uganda\/#breadcrumb\",\"itemListElement\":[{\"@type\":\"ListItem\",\"position\":1,\"name\":\"Home\",\"item\":\"https:\/\/tiketi.com\/\"},{\"@type\":\"ListItem\",\"position\":2,\"name\":\"Cheap Flights to Uganda\"}]},{\"@type\":\"WebSite\",\"@id\":\"https:\/\/tiketi.com\/#website\",\"url\":\"https:\/\/tiketi.com\/\",\"name\":\"Flight & Bus Tickets, Tour Packages & Activitites - Tiketi.com\",\"description\":\"Flight &amp; Bus Tickets, Tours, Activitites\",\"publisher\":{\"@id\":\"https:\/\/tiketi.com\/#organization\"},\"potentialAction\":[{\"@type\":\"SearchAction\",\"target\":{\"@type\":\"EntryPoint\",\"urlTemplate\":\"https:\/\/tiketi.com\/?s={search_term_string}\"},\"query-input\":{\"@type\":\"PropertyValueSpecification\",\"valueRequired\":true,\"valueName\":\"search_term_string\"}}],\"inLanguage\":\"fr-FR\"},{\"@type\":\"Organization\",\"@id\":\"https:\/\/tiketi.com\/#organization\",\"name\":\"Tiketi.com\",\"alternateName\":\"Tiketi\",\"url\":\"https:\/\/tiketi.com\/\",\"logo\":{\"@type\":\"ImageObject\",\"inLanguage\":\"fr-FR\",\"@id\":\"https:\/\/tiketi.com\/#\/schema\/logo\/image\/\",\"url\":\"https:\/\/tiketi.com\/wp-content\/uploads\/2019\/05\/tiketi-logo-696.png\",\"contentUrl\":\"https:\/\/tiketi.com\/wp-content\/uploads\/2019\/05\/tiketi-logo-696.png\",\"width\":696,\"height\":696,\"caption\":\"Tiketi.com\"},\"image\":{\"@id\":\"https:\/\/tiketi.com\/#\/schema\/logo\/image\/\"},\"sameAs\":[\"https:\/\/www.facebook.com\/TiketiCom\/\"]}]}<\/script>\n<!-- \/ Yoast SEO plugin. -->","yoast_head_json":{"title":"Vols pas chers vers l&#039;Ouganda","description":"Vous cherchez des vols pas chers vers le Mozambique ? Recherchez, comparez et r\u00e9servez en ligne un billet d&#039;avion pas cher de vers Mozambique et \u00e9conomisez de l&#039;argent","robots":{"index":"index","follow":"follow","max-snippet":"max-snippet:-1","max-image-preview":"max-image-preview:large","max-video-preview":"max-video-preview:-1"},"canonical":"https:\/\/tiketi.com\/fr-fr\/cheap-flights-to-uganda\/","og_locale":"fr_FR","og_type":"article","og_title":"Cheap Flights to Uganda","og_description":"Looking for cheap flights to\u00a0Mozambique? Search, compare and book cheap airline ticket from to\u00a0Mozambique online and save money","og_url":"https:\/\/tiketi.com\/fr-fr\/cheap-flights-to-uganda\/","og_site_name":"Tiketi.com","article_publisher":"https:\/\/www.facebook.com\/TiketiCom\/","article_modified_time":"2022-02-10T17:19:59+00:00","og_image":[{"width":1200,"height":240,"url":"https:\/\/tiketi.com\/wp-content\/uploads\/2022\/01\/flight-ticket-booking-sorasak-KxCJXXGsv9I-unsplas.jpg","type":"image\/jpeg"}],"twitter_card":"summary_large_image","twitter_misc":{"Dur\u00e9e de lecture estim\u00e9e":"5 minutes"},"schema":{"@context":"https:\/\/schema.org","@graph":[{"@type":"WebPage","@id":"https:\/\/tiketi.com\/cheap-flights-to-uganda\/","url":"https:\/\/tiketi.com\/cheap-flights-to-uganda\/","name":"Vols pas chers vers l&#039;Ouganda","isPartOf":{"@id":"https:\/\/tiketi.com\/#website"},"primaryImageOfPage":{"@id":"https:\/\/tiketi.com\/cheap-flights-to-uganda\/#primaryimage"},"image":{"@id":"https:\/\/tiketi.com\/cheap-flights-to-uganda\/#primaryimage"},"thumbnailUrl":"https:\/\/tiketi.com\/wp-content\/uploads\/2022\/01\/flight-ticket-booking-sorasak-KxCJXXGsv9I-unsplas.jpg","datePublished":"2022-01-19T11:55:23+00:00","dateModified":"2022-02-10T17:19:59+00:00","description":"Vous cherchez des vols pas chers vers le Mozambique ? Recherchez, comparez et r\u00e9servez en ligne un billet d&#039;avion pas cher de vers Mozambique et \u00e9conomisez de l&#039;argent","breadcrumb":{"@id":"https:\/\/tiketi.com\/cheap-flights-to-uganda\/#breadcrumb"},"inLanguage":"fr-FR","potentialAction":[{"@type":"ReadAction","target":["https:\/\/tiketi.com\/cheap-flights-to-uganda\/"]}]},{"@type":"ImageObject","inLanguage":"fr-FR","@id":"https:\/\/tiketi.com\/cheap-flights-to-uganda\/#primaryimage","url":"https:\/\/tiketi.com\/wp-content\/uploads\/2022\/01\/flight-ticket-booking-sorasak-KxCJXXGsv9I-unsplas.jpg","contentUrl":"https:\/\/tiketi.com\/wp-content\/uploads\/2022\/01\/flight-ticket-booking-sorasak-KxCJXXGsv9I-unsplas.jpg","width":1200,"height":240,"caption":"Online flight ticket booking"},{"@type":"BreadcrumbList","@id":"https:\/\/tiketi.com\/cheap-flights-to-uganda\/#breadcrumb","itemListElement":[{"@type":"ListItem","position":1,"name":"Home","item":"https:\/\/tiketi.com\/"},{"@type":"ListItem","position":2,"name":"Cheap Flights to Uganda"}]},{"@type":"WebSite","@id":"https:\/\/tiketi.com\/#website","url":"https:\/\/tiketi.com\/","name":"Billets d&#039;avion et de bus, forfaits touristiques et activit\u00e9s - Tiketi.com","description":"Billets d&#039;avion et de bus, Tours, Activit\u00e9s","publisher":{"@id":"https:\/\/tiketi.com\/#organization"},"potentialAction":[{"@type":"SearchAction","target":{"@type":"EntryPoint","urlTemplate":"https:\/\/tiketi.com\/?s={search_term_string}"},"query-input":{"@type":"PropertyValueSpecification","valueRequired":true,"valueName":"search_term_string"}}],"inLanguage":"fr-FR"},{"@type":"Organization","@id":"https:\/\/tiketi.com\/#organization","name":"Tiketi.com","alternateName":"Tiketi","url":"https:\/\/tiketi.com\/","logo":{"@type":"ImageObject","inLanguage":"fr-FR","@id":"https:\/\/tiketi.com\/#\/schema\/logo\/image\/","url":"https:\/\/tiketi.com\/wp-content\/uploads\/2019\/05\/tiketi-logo-696.png","contentUrl":"https:\/\/tiketi.com\/wp-content\/uploads\/2019\/05\/tiketi-logo-696.png","width":696,"height":696,"caption":"Tiketi.com"},"image":{"@id":"https:\/\/tiketi.com\/#\/schema\/logo\/image\/"},"sameAs":["https:\/\/www.facebook.com\/TiketiCom\/"]}]}},"_links":{"self":[{"href":"https:\/\/tiketi.com\/fr-fr\/wp-json\/wp\/v2\/pages\/11921","targetHints":{"allow":["GET"]}}],"collection":[{"href":"https:\/\/tiketi.com\/fr-fr\/wp-json\/wp\/v2\/pages"}],"about":[{"href":"https:\/\/tiketi.com\/fr-fr\/wp-json\/wp\/v2\/types\/page"}],"author":[{"embeddable":true,"href":"https:\/\/tiketi.com\/fr-fr\/wp-json\/wp\/v2\/users\/1"}],"replies":[{"embeddable":true,"href":"https:\/\/tiketi.com\/fr-fr\/wp-json\/wp\/v2\/comments?post=11921"}],"version-history":[{"count":0,"href":"https:\/\/tiketi.com\/fr-fr\/wp-json\/wp\/v2\/pages\/11921\/revisions"}],"wp:featuredmedia":[{"embeddable":true,"href":"https:\/\/tiketi.com\/fr-fr\/wp-json\/wp\/v2\/media\/14041"}],"wp:attachment":[{"href":"https:\/\/tiketi.com\/fr-fr\/wp-json\/wp\/v2\/media?parent=11921"}],"curies":[{"name":"wp","href":"https:\/\/api.w.org\/{rel}","templated":true}]}}