{"id":11925,"date":"2022-01-19T12:55:23","date_gmt":"2022-01-19T11:55:23","guid":{"rendered":"https:\/\/new.tiketi.com\/cheap-flights-to-seychelles\/"},"modified":"2022-02-10T16:46:48","modified_gmt":"2022-02-10T15:46:48","slug":"cheap-flights-to-seychelles","status":"publish","type":"page","link":"https:\/\/tiketi.com\/fr-fr\/cheap-flights-to-seychelles\/","title":{"rendered":"Vols pas chers vers les Seychelles"},"content":{"rendered":"<h2>Vous recherchez un billet d&#039;avion pas cher pour les Seychelles ou des offres de derni\u00e8re minute ?<\/h2>\n<h3>Recherchez, comparez et r\u00e9servez d\u00e8s maintenant des vols bon march\u00e9 pour les Seychelles en ligne.<\/h3>\n<p>R\u00e9servez des vols pas chers vers les Seychelles en ligne et \u00e9conomisez de l&#039;argent sur les billets d&#039;avion. Les Seychelles sont une \u00eele paradisiaque situ\u00e9e au large de la c\u00f4te est de l\u2019Afrique, dans l\u2019oc\u00e9an Indien. Avec 115 \u00eeles parmi lesquelles choisir, il y a beaucoup de choses \u00e0 faire aux Seychelles pour les amoureux de l&#039;eau et de la plage. John partage ses choix de son temps pass\u00e9 sur l&#039;\u00eele de Praslin et de ses excursions d&#039;une journ\u00e9e vers d&#039;autres \u00eeles environnantes. Comparez les prix et obtenez le tarif le plus bas sur les billets d&#039;avion au d\u00e9part des Seychelles gr\u00e2ce \u00e0 des offres exceptionnelles sur la r\u00e9servation de billets en ligne pour les vols aux Seychelles.<\/p>\n<h2>Voici quelques-unes des meilleures attractions des Seychelles<\/h2>\n<h3>Anse Intendance<\/h3>\n<p>L&#039;une des plages les plus charmantes de Mahes, ce petit croissant de sable isol\u00e9 sur la c\u00f4te sud de l&#039;\u00eele est un lieu de surf privil\u00e9gi\u00e9 gr\u00e2ce \u00e0 ses fr\u00e9quentes vagues \u00e9normes et sauvages. L&#039;absence d&#039;un r\u00e9cif d\u00e9fensif rend la baignade assez difficile lorsque les aliz\u00e9s soufflent du sud-est, mais les baigneurs, les amoureux de la plage et les photographes appr\u00e9cieront ce charmant rivage entour\u00e9 de palmiers \u00e0 tout moment de l&#039;ann\u00e9e.<\/p>\n<h3>Anse Latium<\/h3>\n<p>Consid\u00e9r\u00e9e comme l&#039;une des plages les plus charmantes du monde, elle est situ\u00e9e au nord-ouest de l&#039;\u00eele de Praslin. Anse Lazio est un paysage impeccable et ne manque pas du mot remarquable ! La longue plage est orn\u00e9e de sable blanc et fin, d&#039;une frange de palmiers, d&#039;eaux de lapis-lazuli et d&#039;arbres takamaka, et adoss\u00e9e \u00e0 de remarquables rochers de granit. Envie de vivre une exp\u00e9rience magique et magnifique au pays des r\u00eaves ? Anse Lazio est le meilleur endroit pour vivre le bon r\u00eave d&#039;\u00e9t\u00e9.<\/p>\n<h3>L&#039;\u00eele de la Digue<\/h3>\n<p>L&#039;\u00eele boutique est c\u00e9l\u00e8bre pour les rochers de granit qui ornent les magnifiques plages, comme Anse Source D Argent. L&#039;\u00eele propose des h\u00e9bergements authentiques de style insulaire et des moyens de transport traditionnels, tels que des v\u00e9los et des chars \u00e0 b\u0153ufs.<\/p>\n<h3>\u00cele Curieuse<\/h3>\n<p>L&#039;\u00eele est c\u00e9l\u00e8bre pour \u00eatre le lieu de nidification de plusieurs esp\u00e8ces d&#039;animaux et d&#039;oiseaux exotiques et menac\u00e9es. Ceux-ci contiennent la paruline des broussailles des Seychelles, la tortue imbriqu\u00e9e, le puffin \u00e0 queue cun\u00e9iforme et la tourterelle des Seychelles. Il s&#039;agit d&#039;une \u00eele de granit intacte et cet endroit est \u00e9galement particuli\u00e8rement \u00e9cologiquement priv\u00e9 \u00e0 cet endroit. Si vous recherchez un niveau \u00e9lev\u00e9 de confidentialit\u00e9 ici, vous obtiendrez la m\u00eame chose.<\/p>\n<h2>FAQ sur les vols pas chers vers les Seychelles<\/h2>\n<h3>Meilleure p\u00e9riode pour voyager aux Seychelles<\/h3>\n<p><strong>Haute saison<\/strong><br \/>\nSi vous aimez les sports sous-marins, r\u00e9servez des vols pas chers vers les Seychelles entre mai et octobre pour augmenter votre temps de plong\u00e9e et de snorkeling. La temp\u00e9rature de l&#039;eau atteint 85 degr\u00e9s F et vous pouvez simplement voir une centaine de pieds dans l&#039;eau claire et bleue. Une c\u00e9l\u00e9bration d&#039;une semaine connue sous le nom de Festival Kreol des traditions cr\u00e9oles et ouverte \u00e0 toute personne r\u00e9servant des vols pas chers vers S\u00e9chelles en mars.<\/p>\n<p><strong>Hors saison<\/strong><br \/>\nLe mois d&#039;hiver est connu comme la saison creuse, mais ceux qui r\u00e9servent directement des billets d&#039;avion bon march\u00e9 vers les Seychelles peuvent participer \u00e0 la Seychelles Sailing Cup en janvier, avec de charmantes embarcations maritimes prenant la sc\u00e8ne maritime et naviguant sur les eaux.<\/p>\n<h3>Quel est le jour le moins cher pour prendre un vol pour les Seychelles ?<\/h3>\n<p>Le mercredi est le jour le moins cher pour prendre un vol vers les Seychelles. Vendredi sera probablement le plus cher.<\/p>\n<h3>\u00c0 quelle heure de la journ\u00e9e est-il abordable de prendre un vol pour les Seychelles ?<\/h3>\n<p>\u00c0 l&#039;heure actuelle, les billets d&#039;avion bon march\u00e9 pour les Seychelles dans la matin\u00e9e sont susceptibles d&#039;offrir le meilleur rapport qualit\u00e9-prix pour votre voyage aux Seychelles.<\/p>\n<h3>Quelles compagnies a\u00e9riennes proposent des billets d&#039;avion pas chers pour les Seychelles ?<\/h3>\n<p>De nombreuses compagnies a\u00e9riennes proposent des offres de vols pour S\u00e9chelles, les plus importantes \u00e9tant Ethiopian, Sir Lankan, Kenya Airlines et Etihad. Le choix de la compagnie a\u00e9rienne avec laquelle voyager d\u00e9pend g\u00e9n\u00e9ralement soit de vos propres pr\u00e9f\u00e9rences, soit de la personne qui propose le billet d&#039;avion pas cher pour Seychelles Mah\u00e9. Etihad proposera g\u00e9n\u00e9ralement des billets pour S\u00e9ville \u00e0 un prix plus \u00e9lev\u00e9, mais vous b\u00e9n\u00e9ficierez \u00e9galement d&#039;un service et d&#039;un confort de premier ordre \u00e0 bord de leurs avions. Il est utile de v\u00e9rifier s&#039;il existe des programmes de miles a\u00e9riens gratuits auxquels vous pouvez adh\u00e9rer pour la compagnie a\u00e9rienne avec laquelle vous envisagez de voyager, afin que vous puissiez gagner des points pour les vols et les h\u00f4tels de S\u00e9chelles \u00e0 l&#039;avenir.<\/p>\n<h2>Se d\u00e9placer aux Seychelles<\/h2>\n<p>Sur les 115 \u00eeles des Seychelles, seules 9 attirent le plus de visiteurs. Jusqu&#039;\u00e0 vingt vols int\u00e9rieurs aux Seychelles \u00e0 Praslin, La Dingue et Mah\u00e9 peuvent \u00eatre r\u00e9serv\u00e9s via les vols bon march\u00e9 de Seychelles Air Sechelles. Un service d&#039;h\u00e9licopt\u00e8re circule \u00e9galement entre Silhouette et Mah\u00e9, ainsi qu&#039;entre l&#039;\u00cele du Nord et Fr\u00e9gate.<\/p>\n<p>Pour un voyage nautique aux Seychelles, sautez \u00e0 l&#039;\u00e9tranger Cat Coco, qui relie Praslin \u00e0 Mah\u00e9 en catamaran deux fois par jour. Les ferries inter-\u00eeles assurent un service fr\u00e9quent entre La Digue et Praslin et la travers\u00e9e prend g\u00e9n\u00e9ralement environ une heure.<\/p>\n<p>La Soci\u00e9t\u00e9 des transports publics des Seychelles propose un service de bus sur Paraslin et Mah\u00e9 entre 6h00 et 18h00, y compris un service de nuit. La location de v\u00e9hicules est \u00e9galement possible et les grandes agences de location de voitures comme Six Rent A Car et Hertaz sont accessibles pour obtenir de l&#039;aide.<\/p>\n<p>En dehors de la location de moyens de transport, le v\u00e9lo et la marche sont tr\u00e8s populaires aupr\u00e8s des visiteurs et des locaux. Les taxis sont accessibles aux stands des h\u00f4tels et en h\u00e9lant un dans la rue.<\/p>\n<h2>Conseils pour des vols pas chers aux Seychelles<\/h2>\n<p>\u2022 Le restaurant Veuve offre une exp\u00e9rience compl\u00e8te car il vous offre une vue magnifique sur le coucher de soleil et des d\u00e9lices savoureux, notamment du thon saupoudr\u00e9 de safran.<\/p>\n<p>\u2022 Le restaurant North Island est un restaurant qui propose une exp\u00e9rience gastronomique raffin\u00e9e ainsi que certains des plats c\u00e9l\u00e8bres. Ne manquez pas la gamme de diff\u00e9rentes salades de fruits et Kat KatBananae.<\/p>","protected":false},"excerpt":{"rendered":"<p>Looking for cheap airline ticket to Seychelles or last minute deals? Search, compare and book cheap Seychelles flights online now. Book cheap flights to Seychelles online and save money on airfare. Seychelles is an Island paradise placed off the east coast of Africa in the Indian Ocean. With 115 islands to pick from, there are [&hellip;]<\/p>\n","protected":false},"author":1,"featured_media":14041,"parent":0,"menu_order":0,"comment_status":"open","ping_status":"closed","template":"template-home-modern.php","meta":{"footnotes":""},"class_list":["post-11925","page","type-page","status-publish","has-post-thumbnail","hentry"],"yoast_head":"<!-- This site is optimized with the Yoast SEO plugin v27.3 - https:\/\/yoast.com\/product\/yoast-seo-wordpress\/ -->\n<title>Cheap Flights to Seychelles<\/title>\n<meta name=\"description\" content=\"Looking for cheap flights to\u00a0Seychelles? Search, compare and book cheap airline ticket from to\u00a0Seychelles online and save money\" \/>\n<meta name=\"robots\" content=\"index, follow, max-snippet:-1, max-image-preview:large, max-video-preview:-1\" \/>\n<link rel=\"canonical\" href=\"https:\/\/tiketi.com\/fr-fr\/cheap-flights-to-seychelles\/\" \/>\n<meta property=\"og:locale\" content=\"fr_FR\" \/>\n<meta property=\"og:type\" content=\"article\" \/>\n<meta property=\"og:title\" content=\"Cheap Flights to Seychelles\" \/>\n<meta property=\"og:description\" content=\"Looking for cheap flights to\u00a0Seychelles? Search, compare and book cheap airline ticket from to\u00a0Seychelles online and save money\" \/>\n<meta property=\"og:url\" content=\"https:\/\/tiketi.com\/fr-fr\/cheap-flights-to-seychelles\/\" \/>\n<meta property=\"og:site_name\" content=\"Tiketi.com\" \/>\n<meta property=\"article:publisher\" content=\"https:\/\/www.facebook.com\/TiketiCom\/\" \/>\n<meta property=\"article:modified_time\" content=\"2022-02-10T15:46:48+00:00\" \/>\n<meta property=\"og:image\" content=\"https:\/\/tiketi.com\/wp-content\/uploads\/2022\/01\/flight-ticket-booking-sorasak-KxCJXXGsv9I-unsplas.jpg\" \/>\n\t<meta property=\"og:image:width\" content=\"1200\" \/>\n\t<meta property=\"og:image:height\" content=\"240\" \/>\n\t<meta property=\"og:image:type\" content=\"image\/jpeg\" \/>\n<meta name=\"twitter:card\" content=\"summary_large_image\" \/>\n<meta name=\"twitter:label1\" content=\"Dur\u00e9e de lecture estim\u00e9e\" \/>\n\t<meta name=\"twitter:data1\" content=\"4 minutes\" \/>\n<script type=\"application\/ld+json\" class=\"yoast-schema-graph\">{\"@context\":\"https:\\\/\\\/schema.org\",\"@graph\":[{\"@type\":\"WebPage\",\"@id\":\"https:\\\/\\\/tiketi.com\\\/cheap-flights-to-seychelles\\\/\",\"url\":\"https:\\\/\\\/tiketi.com\\\/cheap-flights-to-seychelles\\\/\",\"name\":\"Cheap Flights to Seychelles\",\"isPartOf\":{\"@id\":\"https:\\\/\\\/tiketi.com\\\/#website\"},\"primaryImageOfPage\":{\"@id\":\"https:\\\/\\\/tiketi.com\\\/cheap-flights-to-seychelles\\\/#primaryimage\"},\"image\":{\"@id\":\"https:\\\/\\\/tiketi.com\\\/cheap-flights-to-seychelles\\\/#primaryimage\"},\"thumbnailUrl\":\"https:\\\/\\\/tiketi.com\\\/wp-content\\\/uploads\\\/2022\\\/01\\\/flight-ticket-booking-sorasak-KxCJXXGsv9I-unsplas.jpg\",\"datePublished\":\"2022-01-19T11:55:23+00:00\",\"dateModified\":\"2022-02-10T15:46:48+00:00\",\"description\":\"Looking for cheap flights to\u00a0Seychelles? Search, compare and book cheap airline ticket from to\u00a0Seychelles online and save money\",\"breadcrumb\":{\"@id\":\"https:\\\/\\\/tiketi.com\\\/cheap-flights-to-seychelles\\\/#breadcrumb\"},\"inLanguage\":\"fr-FR\",\"potentialAction\":[{\"@type\":\"ReadAction\",\"target\":[\"https:\\\/\\\/tiketi.com\\\/cheap-flights-to-seychelles\\\/\"]}]},{\"@type\":\"ImageObject\",\"inLanguage\":\"fr-FR\",\"@id\":\"https:\\\/\\\/tiketi.com\\\/cheap-flights-to-seychelles\\\/#primaryimage\",\"url\":\"https:\\\/\\\/tiketi.com\\\/wp-content\\\/uploads\\\/2022\\\/01\\\/flight-ticket-booking-sorasak-KxCJXXGsv9I-unsplas.jpg\",\"contentUrl\":\"https:\\\/\\\/tiketi.com\\\/wp-content\\\/uploads\\\/2022\\\/01\\\/flight-ticket-booking-sorasak-KxCJXXGsv9I-unsplas.jpg\",\"width\":1200,\"height\":240,\"caption\":\"Online flight ticket booking\"},{\"@type\":\"BreadcrumbList\",\"@id\":\"https:\\\/\\\/tiketi.com\\\/cheap-flights-to-seychelles\\\/#breadcrumb\",\"itemListElement\":[{\"@type\":\"ListItem\",\"position\":1,\"name\":\"Home\",\"item\":\"https:\\\/\\\/tiketi.com\\\/\"},{\"@type\":\"ListItem\",\"position\":2,\"name\":\"Cheap Flights to Seychelles\"}]},{\"@type\":\"WebSite\",\"@id\":\"https:\\\/\\\/tiketi.com\\\/#website\",\"url\":\"https:\\\/\\\/tiketi.com\\\/\",\"name\":\"Flight & Bus Tickets, Tour Packages & Activitites - Tiketi.com\",\"description\":\"Flight &amp; Bus Tickets, Tours, Activitites\",\"publisher\":{\"@id\":\"https:\\\/\\\/tiketi.com\\\/#organization\"},\"potentialAction\":[{\"@type\":\"SearchAction\",\"target\":{\"@type\":\"EntryPoint\",\"urlTemplate\":\"https:\\\/\\\/tiketi.com\\\/?s={search_term_string}\"},\"query-input\":{\"@type\":\"PropertyValueSpecification\",\"valueRequired\":true,\"valueName\":\"search_term_string\"}}],\"inLanguage\":\"fr-FR\"},{\"@type\":\"Organization\",\"@id\":\"https:\\\/\\\/tiketi.com\\\/#organization\",\"name\":\"Tiketi.com\",\"alternateName\":\"Tiketi\",\"url\":\"https:\\\/\\\/tiketi.com\\\/\",\"logo\":{\"@type\":\"ImageObject\",\"inLanguage\":\"fr-FR\",\"@id\":\"https:\\\/\\\/tiketi.com\\\/#\\\/schema\\\/logo\\\/image\\\/\",\"url\":\"https:\\\/\\\/tiketi.com\\\/wp-content\\\/uploads\\\/2019\\\/05\\\/tiketi-logo-696.png\",\"contentUrl\":\"https:\\\/\\\/tiketi.com\\\/wp-content\\\/uploads\\\/2019\\\/05\\\/tiketi-logo-696.png\",\"width\":696,\"height\":696,\"caption\":\"Tiketi.com\"},\"image\":{\"@id\":\"https:\\\/\\\/tiketi.com\\\/#\\\/schema\\\/logo\\\/image\\\/\"},\"sameAs\":[\"https:\\\/\\\/www.facebook.com\\\/TiketiCom\\\/\"]}]}<\/script>\n<!-- \/ Yoast SEO plugin. -->","yoast_head_json":{"title":"Vols pas chers vers les Seychelles","description":"Vous recherchez des vols pas chers pour les Seychelles ? Recherchez, comparez et r\u00e9servez un billet d&#039;avion pas cher de \u00e0 Seychelles en ligne et \u00e9conomisez de l&#039;argent","robots":{"index":"index","follow":"follow","max-snippet":"max-snippet:-1","max-image-preview":"max-image-preview:large","max-video-preview":"max-video-preview:-1"},"canonical":"https:\/\/tiketi.com\/fr-fr\/cheap-flights-to-seychelles\/","og_locale":"fr_FR","og_type":"article","og_title":"Cheap Flights to Seychelles","og_description":"Looking for cheap flights to\u00a0Seychelles? Search, compare and book cheap airline ticket from to\u00a0Seychelles online and save money","og_url":"https:\/\/tiketi.com\/fr-fr\/cheap-flights-to-seychelles\/","og_site_name":"Tiketi.com","article_publisher":"https:\/\/www.facebook.com\/TiketiCom\/","article_modified_time":"2022-02-10T15:46:48+00:00","og_image":[{"width":1200,"height":240,"url":"https:\/\/tiketi.com\/wp-content\/uploads\/2022\/01\/flight-ticket-booking-sorasak-KxCJXXGsv9I-unsplas.jpg","type":"image\/jpeg"}],"twitter_card":"summary_large_image","twitter_misc":{"Dur\u00e9e de lecture estim\u00e9e":"4 minutes"},"schema":{"@context":"https:\/\/schema.org","@graph":[{"@type":"WebPage","@id":"https:\/\/tiketi.com\/cheap-flights-to-seychelles\/","url":"https:\/\/tiketi.com\/cheap-flights-to-seychelles\/","name":"Vols pas chers vers les Seychelles","isPartOf":{"@id":"https:\/\/tiketi.com\/#website"},"primaryImageOfPage":{"@id":"https:\/\/tiketi.com\/cheap-flights-to-seychelles\/#primaryimage"},"image":{"@id":"https:\/\/tiketi.com\/cheap-flights-to-seychelles\/#primaryimage"},"thumbnailUrl":"https:\/\/tiketi.com\/wp-content\/uploads\/2022\/01\/flight-ticket-booking-sorasak-KxCJXXGsv9I-unsplas.jpg","datePublished":"2022-01-19T11:55:23+00:00","dateModified":"2022-02-10T15:46:48+00:00","description":"Vous recherchez des vols pas chers pour les Seychelles ? Recherchez, comparez et r\u00e9servez un billet d&#039;avion pas cher de \u00e0 Seychelles en ligne et \u00e9conomisez de l&#039;argent","breadcrumb":{"@id":"https:\/\/tiketi.com\/cheap-flights-to-seychelles\/#breadcrumb"},"inLanguage":"fr-FR","potentialAction":[{"@type":"ReadAction","target":["https:\/\/tiketi.com\/cheap-flights-to-seychelles\/"]}]},{"@type":"ImageObject","inLanguage":"fr-FR","@id":"https:\/\/tiketi.com\/cheap-flights-to-seychelles\/#primaryimage","url":"https:\/\/tiketi.com\/wp-content\/uploads\/2022\/01\/flight-ticket-booking-sorasak-KxCJXXGsv9I-unsplas.jpg","contentUrl":"https:\/\/tiketi.com\/wp-content\/uploads\/2022\/01\/flight-ticket-booking-sorasak-KxCJXXGsv9I-unsplas.jpg","width":1200,"height":240,"caption":"Online flight ticket booking"},{"@type":"BreadcrumbList","@id":"https:\/\/tiketi.com\/cheap-flights-to-seychelles\/#breadcrumb","itemListElement":[{"@type":"ListItem","position":1,"name":"Home","item":"https:\/\/tiketi.com\/"},{"@type":"ListItem","position":2,"name":"Cheap Flights to Seychelles"}]},{"@type":"WebSite","@id":"https:\/\/tiketi.com\/#website","url":"https:\/\/tiketi.com\/","name":"Billets d&#039;avion et de bus, forfaits touristiques et activit\u00e9s - Tiketi.com","description":"Billets d&#039;avion et de bus, Tours, Activit\u00e9s","publisher":{"@id":"https:\/\/tiketi.com\/#organization"},"potentialAction":[{"@type":"SearchAction","target":{"@type":"EntryPoint","urlTemplate":"https:\/\/tiketi.com\/?s={search_term_string}"},"query-input":{"@type":"PropertyValueSpecification","valueRequired":true,"valueName":"search_term_string"}}],"inLanguage":"fr-FR"},{"@type":"Organization","@id":"https:\/\/tiketi.com\/#organization","name":"Tiketi.com","alternateName":"Tiketi","url":"https:\/\/tiketi.com\/","logo":{"@type":"ImageObject","inLanguage":"fr-FR","@id":"https:\/\/tiketi.com\/#\/schema\/logo\/image\/","url":"https:\/\/tiketi.com\/wp-content\/uploads\/2019\/05\/tiketi-logo-696.png","contentUrl":"https:\/\/tiketi.com\/wp-content\/uploads\/2019\/05\/tiketi-logo-696.png","width":696,"height":696,"caption":"Tiketi.com"},"image":{"@id":"https:\/\/tiketi.com\/#\/schema\/logo\/image\/"},"sameAs":["https:\/\/www.facebook.com\/TiketiCom\/"]}]}},"_links":{"self":[{"href":"https:\/\/tiketi.com\/fr-fr\/wp-json\/wp\/v2\/pages\/11925","targetHints":{"allow":["GET"]}}],"collection":[{"href":"https:\/\/tiketi.com\/fr-fr\/wp-json\/wp\/v2\/pages"}],"about":[{"href":"https:\/\/tiketi.com\/fr-fr\/wp-json\/wp\/v2\/types\/page"}],"author":[{"embeddable":true,"href":"https:\/\/tiketi.com\/fr-fr\/wp-json\/wp\/v2\/users\/1"}],"replies":[{"embeddable":true,"href":"https:\/\/tiketi.com\/fr-fr\/wp-json\/wp\/v2\/comments?post=11925"}],"version-history":[{"count":0,"href":"https:\/\/tiketi.com\/fr-fr\/wp-json\/wp\/v2\/pages\/11925\/revisions"}],"wp:featuredmedia":[{"embeddable":true,"href":"https:\/\/tiketi.com\/fr-fr\/wp-json\/wp\/v2\/media\/14041"}],"wp:attachment":[{"href":"https:\/\/tiketi.com\/fr-fr\/wp-json\/wp\/v2\/media?parent=11925"}],"curies":[{"name":"wp","href":"https:\/\/api.w.org\/{rel}","templated":true}]}}