{"id":11926,"date":"2022-01-19T12:55:23","date_gmt":"2022-01-19T11:55:23","guid":{"rendered":"https:\/\/new.tiketi.com\/cheap-flights-to-nairobi\/"},"modified":"2022-02-10T15:32:41","modified_gmt":"2022-02-10T14:32:41","slug":"cheap-flights-to-nairobi-nbo","status":"publish","type":"page","link":"https:\/\/tiketi.com\/fr-fr\/cheap-flights-to-nairobi-nbo\/","title":{"rendered":"Vols pas chers vers Nairobi"},"content":{"rendered":"<h2>Vous recherchez un billet d&#039;avion pas cher pour Nairobi ou des offres de derni\u00e8re minute ?<\/h2>\n<h3>Recherchez, comparez et r\u00e9servez en ligne d\u00e8s maintenant des vols pas chers pour Nairobi (NBO).<\/h3>\n<p>R\u00e9servez des vols pas chers vers Nairobi en ligne et \u00e9conomisez de l&#039;argent sur les billets d&#039;avion. Nairobi a \u00e9t\u00e9 fond\u00e9e en 1899 comme camp ferroviaire. Aujourd&#039;hui, elle est assez occidentalis\u00e9e, c&#039;est l&#039;une des grandes villes d&#039;Afrique et la capitale du Kenya. La capitale du Kenya offre de nombreux meilleurs moments \u00e0 ses r\u00e9sidents et visiteurs. Le Mus\u00e9e national propose une \u00e9ducation \u00e9tonnante, mais la plupart des visiteurs passent par Nairobi comme porte d&#039;entr\u00e9e vers les parcs nationaux et l&#039;exp\u00e9rience de safari et la rencontre avec la faune se font juste \u00e0 l&#039;ext\u00e9rieur de la ville. Comparez les prix et obtenez le tarif le plus bas sur les billets d&#039;avion au d\u00e9part de Nairobi gr\u00e2ce \u00e0 des offres exceptionnelles sur la r\u00e9servation de billets en ligne de vols \u00e0 Nairobi.<\/p>\n<h2>Voici quelques-unes des meilleures attractions de Nairobi<\/h2>\n<p>Voici des endroits amusants \u00e0 visiter \u00e0 Nairobi qui vous offriront des souvenirs inoubliables\u00a0:<\/p>\n<h3>Parc national de Nairobi<\/h3>\n<p>Vous n&#039;avez pas besoin de quitter Nairobi pour vivre un safari, la ville a tout pour plaire. Le parc national de Nairobi offre une exp\u00e9rience de la faune aux visiteurs et aux habitants. Il abrite de nombreuses esp\u00e8ces animales telles que le lion, les \u00e9l\u00e9phants, les rhinoc\u00e9ros et bien d&#039;autres. Le parc est un endroit o\u00f9 vous pouvez avoir la chance d\u2019observer des animaux dans leur environnement naturel africain.<\/p>\n<h3>Fiducie pour la faune David Sheldrick<\/h3>\n<p>Aux portes principales de ce parc, ce programme de sauvetage et de traitement d&#039;\u00e9l\u00e9phants orphelins est un incontournable pour les amoureux des animaux. Daphne Sheldrick a fond\u00e9 le projet en 1977 \u00e0 la m\u00e9moire de son d\u00e9funt mari David, ancien gardien du parc national de Tsavo Est. Le centre s&#039;occupe des jeunes rhinoc\u00e9ros et \u00e9l\u00e9phants abandonn\u00e9s et s&#039;efforce de rel\u00e2cher les animaux dans la nature. Vous pouvez communier avec ces adorables cr\u00e9atures qui gambadent dans la boue et boivent dans de gros biberons.<\/p>\n<h3>Mus\u00e9e Karen Blixen<\/h3>\n<p>Le mus\u00e9e occupe la pi\u00e8ce o\u00f9 vivait Karen Blixen et abrite \u00e9galement une galerie pr\u00e9sentant des peintures et des dessins de Karen Blixen, une exposition documentaire sur son travail et sa vie, une projection de film, une biblioth\u00e8que, un caf\u00e9, une salle, une boutique de mus\u00e9e et un auditorium utilis\u00e9 pour des conf\u00e9rences et des expositions uniques.<\/p>\n<h3>Mus\u00e9e national de Nairobi<\/h3>\n<p>Le Mus\u00e9e National de Nairobi est une mani\u00e8re p\u00e9dagogique de passer quelques heures en ville. Le mus\u00e9e pr\u00e9sente diverses expositions d&#039;histoire naturelle et culturelle, notamment plus de neuf cents mammif\u00e8res et oiseaux empaill\u00e9s, des fossiles du lac Turkana, des spectacles ethniques de diff\u00e9rents groupes tribaux kenyans et des expositions d&#039;art domestique.<\/p>\n<h2>FAQ sur les vols pas chers vers Nairobi<\/h2>\n<h3>Quand voler<\/h3>\n<p>Si vous voyagez \u00e0 Nairobi pour visiter le magnifique parc national de Nairobi, vous souhaiterez peut-\u00eatre r\u00e9server des vols pas chers vers Nairobi pendant la haute saison, soit de juillet \u00e0 mars. C&#039;est \u00e0 ce moment-l\u00e0 que plus de 100 000 touristes viennent apercevoir la faune kenyane dans son habitat naturel. Il est pr\u00e9f\u00e9rable d&#039;\u00e9viter les mois pluvieux d&#039;octobre \u00e0 d\u00e9cembre et de mars \u00e0 mai. De plus, lorsque vous envisagez de visiter le parc, vous souhaiterez peut-\u00eatre r\u00e9server des vols vers Nairobi pour une visite directe t\u00f4t ou tard dans la journ\u00e9e, car ce sont les meilleures heures d&#039;observation.<\/p>\n<h3>Quel est le principal a\u00e9roport international de Nairobi ?<\/h3>\n<p>L&#039;a\u00e9roport international Jomo Kenyatta est le grand a\u00e9roport de Nairobi. Il est situ\u00e9 \u00e0 une distance approximative de quinze kilom\u00e8tres au sud-est du quartier central des affaires de Nairobi. L\u2019a\u00e9roport international Jomo Kenyatta re\u00e7oit des billets d\u2019avion bon march\u00e9 pour Nairobi.<\/p>\n<h3>Quand puis-je trouver le billet d&#039;avion le moins cher pour Nairobi ?<\/h3>\n<p>Il est probable que l&#039;on trouve un billet d&#039;avion bon march\u00e9 pour Nairobi en mai, la basse saison pour les visiteurs. Il est possible que les compagnies a\u00e9riennes proposent des offres de vols pour Nairobi ou des vols et h\u00f4tels de derni\u00e8re minute pour Nairobi pour attirer le tourisme pendant la basse saison. Pour ceux qui voyagent avec un budget limit\u00e9, ce sont les meilleurs vols vers Nairobi.<\/p>\n<h2>Se d\u00e9placer \u00e0 Nairobi<\/h2>\n<p>La location de services de garde est un choix \u00e0 Nairobi, mais les heures de pointe sont tr\u00e8s charg\u00e9es et les autres usagers des routes peuvent conduire \u00e0 risque. Le manque de signalisation routi\u00e8re peut rendre la navigation difficile. Les prix doivent \u00eatre convenus au pr\u00e9alable avec les taxis. Les Matatus sont des minibus publics circulant entre la banlieue et le centre-ville, ils peuvent \u00eatre surpeupl\u00e9s, mal conduits et le vol est un sujet de pr\u00e9occupation.<br \/>\nLes touristes doivent toujours garder leurs objets de valeur hors de vue, surtout s&#039;ils voyagent \u00e0 bord d&#039;un matatus, et rester vigilants face aux escroqueries et aux voleurs. De grosses sommes d&#039;argent ne doivent pas \u00eatre transport\u00e9es et il n&#039;est pas conseill\u00e9 de se promener la nuit \u2013 utilisez uniquement les taxis lorsque cela est facile. Les zones et les bidonvilles comme Eastleigh devraient \u00eatre rejet\u00e9s.<\/p>\n<h3>Se rendre au centre-ville<\/h3>\n<p>L&#039;a\u00e9roport international Jomo Kenyatta est le principal a\u00e9roport de Nairobi. Il est situ\u00e9 \u00e0 environ neuf miles du quartier central des affaires. L&#039;a\u00e9roport Wilson est un petit a\u00e9roport desservant principalement des destinations locales. Des bons pr\u00e9pay\u00e9s pour les taxis officiels peuvent \u00eatre re\u00e7us au comptoir des services de taxi. De nombreux vols et h\u00f4tels de Nairobi proposent \u00e9galement une prise en charge \u00e0 l&#039;a\u00e9roport. D&#039;autres services de navette et de taxi peuvent \u00eatre r\u00e9serv\u00e9s \u00e0 l&#039;avance, mais v\u00e9rifiez leur statut avant de r\u00e9server.<\/p>\n<h2>Conseils pour les vols Kenya Airways Nairobi<\/h2>\n<p>\u2022 Les compagnies a\u00e9riennes c\u00e9l\u00e8bres qui proposent des vols pour Nairobi sont Turkish Airlines, Kenya Airways, SN Brussels Airlines, British Airways, Qatar Airways, Ethiopian Airlines et KLM.<\/p>\n<p>\u2022 L&#039;a\u00e9roport international Jomo Kenyatta accueille les vols depuis et vers Nairobi.<\/p>\n<p>\u2022 Kenya Airways et British Airways exploitent 1 vol direct quotidien vers Nairobi.<\/p>\n<p>\u2022 Qatar Airways op\u00e8re 5 vols quotidiens vers Nairobi.<\/p>\n<h2>Vols au d\u00e9part de Nairobi (DAR)<\/h2>\n<h3>Vols int\u00e9rieurs au d\u00e9part de Nairobi<\/h3>\n<table border=\"0\" cellspacing=\"2\" cellpadding=\"2\">\n<tbody>\n<tr>\n<td>Vols pas chers de Nairobi \u00e0 <a href=\"https:\/\/tiketi.com\/fr-fr\/flights-nairobi-mombasa-nbo-mba\/\" target=\"_blank\" rel=\"noopener\">Mombasa<\/a><\/td>\n<td style=\"width: 30px;\"><\/td>\n<td>Vols pas chers de Nairobi \u00e0 <a href=\"https:\/\/tiketi.com\/fr-fr\/flights-nairobi-masai-mara-nbo-mre\/\" target=\"_blank\" rel=\"noopener\">Masa\u00ef Mara<\/a><\/td>\n<\/tr>\n<tr>\n<td>Vols pas chers de Nairobi \u00e0 <a href=\"https:\/\/tiketi.com\/fr-fr\/flights-nairobi-nakuru-nbo-nuu\/\" target=\"_blank\" rel=\"noopener\">Nakuru<\/a><\/td>\n<td style=\"width: 30px;\"><\/td>\n<td>Vols pas chers de Nairobi \u00e0 <a href=\"https:\/\/tiketi.com\/fr-fr\/flights-nairobi-malindi-nbo-myd\/\" target=\"_blank\" rel=\"noopener\">Malindi<\/a><\/td>\n<\/tr>\n<\/tbody>\n<\/table>\n<h3>Vols internationaux au d\u00e9part de Nairobi<\/h3>\n<table border=\"0\" cellspacing=\"2\" cellpadding=\"2\">\n<tbody>\n<tr>\n<td>Vols pas chers de Nairobi \u00e0 <a href=\"https:\/\/tiketi.com\/fr-fr\/flights-nairobi-dubai-nbo-dxb\/\" target=\"_blank\" rel=\"noopener\">Dubai<\/a><\/td>\n<td style=\"width: 30px;\"><\/td>\n<td>Vols pas chers de Nairobi \u00e0 <a href=\"https:\/\/tiketi.com\/fr-fr\/flights-nairobi-dar-es-salaam-nbo-dar\/\" target=\"_blank\" rel=\"noopener\">Dar Es Salam<\/a><\/td>\n<\/tr>\n<tr>\n<td>Vols pas chers de Nairobi \u00e0 <a href=\"https:\/\/tiketi.com\/fr-fr\/flights-nairobi-mumbai-nbo-bom\/\" target=\"_blank\" rel=\"noopener\">Bombay<\/a><\/td>\n<td><\/td>\n<td>Vols pas chers de Nairobi \u00e0 <a href=\"https:\/\/tiketi.com\/fr-fr\/flights-nairobi-hong-kong-nbo-hkg\/\" target=\"_blank\" rel=\"noopener\">Hong Kong<\/a><\/td>\n<\/tr>\n<tr>\n<td>Vols pas chers de Nairobi \u00e0 <a href=\"https:\/\/tiketi.com\/fr-fr\/flights-nairobi-cape-town-nbo-cpt\/\" target=\"_blank\" rel=\"noopener\">Le Cap<\/a><\/td>\n<td><\/td>\n<td>Vols pas chers de Nairobi \u00e0 <a href=\"https:\/\/tiketi.com\/fr-fr\/flights-nairobi-johannesburg-nbo-jnb\/\" target=\"_blank\" rel=\"noopener\">Johannesbourg<\/a><\/td>\n<\/tr>\n<tr>\n<td>Vols pas chers de Nairobi \u00e0 <a href=\"https:\/\/tiketi.com\/fr-fr\/flights-nairobi-kigali-nbo-kgl\/\" target=\"_blank\" rel=\"noopener\">Kigali<\/a><\/td>\n<td><\/td>\n<td>Vols pas chers de Nairobi \u00e0 <a href=\"https:\/\/tiketi.com\/fr-fr\/flights-nairobi-accra-nbo-acc\/\" target=\"_blank\" rel=\"noopener\">Nairobi<\/a><\/td>\n<\/tr>\n<tr>\n<td>Vols pas chers de Nairobi \u00e0<a href=\"https:\/\/tiketi.com\/fr-fr\/flights-nairobi-lagos-nbo-los\/\" target=\"_blank\" rel=\"noopener\"> Lagos<\/a><\/td>\n<td><\/td>\n<td>Vols pas chers de Nairobi \u00e0 <a href=\"https:\/\/tiketi.com\/fr-fr\/flights-nairobi-khartoum-nbo-krt\/\" target=\"_blank\" rel=\"noopener\">Khartoum<\/a><\/td>\n<\/tr>\n<tr>\n<td>Vols pas chers de Nairobi \u00e0 <a href=\"https:\/\/tiketi.com\/fr-fr\/flights-nairobi-entebbe-nbo-ebb\/\" target=\"_blank\" rel=\"noopener\">Entebbe<\/a><\/td>\n<td><\/td>\n<td>Vols pas chers de Nairobi \u00e0 <a href=\"https:\/\/tiketi.com\/fr-fr\/flights-nairobi-kinshasa-nbo-fih\/\" target=\"_blank\" rel=\"noopener\">Kinshasa<\/a><\/td>\n<\/tr>\n<tr>\n<td>Vols pas chers de Nairobi \u00e0 <a href=\"https:\/\/tiketi.com\/fr-fr\/flights-nairobi-cotonou-nbo-coo\/\" target=\"_blank\" rel=\"noopener\">Cotonou<\/a><\/td>\n<td><\/td>\n<td>Vols pas chers de Nairobi \u00e0 <a href=\"https:\/\/tiketi.com\/fr-fr\/flights-nairobi-antananarivo-nbo\/\" target=\"_blank\" rel=\"noopener\">Antananarivo<\/a><\/td>\n<\/tr>\n<tr>\n<td>Vols pas chers de Nairobi \u00e0 <a href=\"https:\/\/tiketi.com\/fr-fr\/flights-nairobi-lilongwe-nbo-llw\/\" target=\"_blank\" rel=\"noopener\">Lilongwe<\/a><\/td>\n<td><\/td>\n<td>Vols pas chers de Nairobi \u00e0 <a href=\"https:\/\/tiketi.com\/fr-fr\/flights-nairobi-kilimanjaro-nbo-jro\/\" target=\"_blank\" rel=\"noopener\">Kilimandjaro<\/a><\/td>\n<\/tr>\n<tr>\n<td>Vols pas chers de Nairobi \u00e0 <a href=\"https:\/\/tiketi.com\/fr-fr\/flights-nairobi-port-kouis-nbo-mru\/\" target=\"_blank\" rel=\"noopener\">Port Louis<\/a><\/td>\n<td><\/td>\n<td>Vols pas chers de Nairobi \u00e0 <a href=\"https:\/\/tiketi.com\/fr-fr\/cheap-flights-from-nairobi-to-arusha-nbo-ark\/\" target=\"_blank\" rel=\"noopener\">Arusha<\/a><\/td>\n<\/tr>\n<tr>\n<td>Vols pas chers de Nairobi \u00e0 <a href=\"https:\/\/tiketi.com\/fr-fr\/flights-nairobi-zanzibar-nbo-znz\/\" target=\"_blank\" rel=\"noopener\">Zanzibar<\/a><\/td>\n<td><\/td>\n<td><\/td>\n<\/tr>\n<\/tbody>\n<\/table>","protected":false},"excerpt":{"rendered":"<p>Looking for cheap airline ticket to Nairobi or last minute deals? Search, compare and book cheap Nairobi flights (NBO) online now. Book cheap flights to Nairobi online and save money on airfare. Nairobi was founded in 1899 as a railway camp. Today it is pretty westernized, one of Africa&#8217;s big cities and is the capital [&hellip;]<\/p>\n","protected":false},"author":1,"featured_media":17853,"parent":0,"menu_order":0,"comment_status":"open","ping_status":"closed","template":"template-home-modern.php","meta":{"footnotes":""},"class_list":["post-11926","page","type-page","status-publish","has-post-thumbnail","hentry"],"yoast_head":"<!-- This site is optimized with the Yoast SEO plugin v27.2 - https:\/\/yoast.com\/product\/yoast-seo-wordpress\/ -->\n<title>Cheap Flights to Nairobi<\/title>\n<meta name=\"description\" content=\"Looking for cheap flights to\u00a0Nairobi? Search, compare and book cheap airline ticket from to\u00a0Nairobi online and save money\" \/>\n<meta name=\"robots\" content=\"index, follow, max-snippet:-1, max-image-preview:large, max-video-preview:-1\" \/>\n<link rel=\"canonical\" href=\"https:\/\/tiketi.com\/fr-fr\/cheap-flights-to-nairobi-nbo\/\" \/>\n<meta property=\"og:locale\" content=\"fr_FR\" \/>\n<meta property=\"og:type\" content=\"article\" \/>\n<meta property=\"og:title\" content=\"Cheap Flights to Nairobi\" \/>\n<meta property=\"og:description\" content=\"Looking for cheap flights to\u00a0Nairobi? Search, compare and book cheap airline ticket from to\u00a0Nairobi online and save money\" \/>\n<meta property=\"og:url\" content=\"https:\/\/tiketi.com\/fr-fr\/cheap-flights-to-nairobi-nbo\/\" \/>\n<meta property=\"og:site_name\" content=\"Tiketi.com\" \/>\n<meta property=\"article:publisher\" content=\"https:\/\/www.facebook.com\/TiketiCom\/\" \/>\n<meta property=\"article:modified_time\" content=\"2022-02-10T14:32:41+00:00\" \/>\n<meta property=\"og:image\" content=\"https:\/\/tiketi.com\/wp-content\/uploads\/2019\/05\/nairobi-city-3143632_1280.jpg\" \/>\n\t<meta property=\"og:image:width\" content=\"1200\" \/>\n\t<meta property=\"og:image:height\" content=\"202\" \/>\n\t<meta property=\"og:image:type\" content=\"image\/jpeg\" \/>\n<meta name=\"twitter:card\" content=\"summary_large_image\" \/>\n<meta name=\"twitter:label1\" content=\"Dur\u00e9e de lecture estim\u00e9e\" \/>\n\t<meta name=\"twitter:data1\" content=\"5 minutes\" \/>\n<script type=\"application\/ld+json\" class=\"yoast-schema-graph\">{\"@context\":\"https:\/\/schema.org\",\"@graph\":[{\"@type\":\"WebPage\",\"@id\":\"https:\/\/tiketi.com\/sw\/cheap-flights-to-nairobi-nbo\/\",\"url\":\"https:\/\/tiketi.com\/sw\/cheap-flights-to-nairobi-nbo\/\",\"name\":\"Cheap Flights to Nairobi\",\"isPartOf\":{\"@id\":\"https:\/\/tiketi.com\/#website\"},\"primaryImageOfPage\":{\"@id\":\"https:\/\/tiketi.com\/sw\/cheap-flights-to-nairobi-nbo\/#primaryimage\"},\"image\":{\"@id\":\"https:\/\/tiketi.com\/sw\/cheap-flights-to-nairobi-nbo\/#primaryimage\"},\"thumbnailUrl\":\"https:\/\/tiketi.com\/wp-content\/uploads\/2019\/05\/nairobi-city-3143632_1280.jpg\",\"datePublished\":\"2022-01-19T11:55:23+00:00\",\"dateModified\":\"2022-02-10T14:32:41+00:00\",\"description\":\"Looking for cheap flights to\u00a0Nairobi? Search, compare and book cheap airline ticket from to\u00a0Nairobi online and save money\",\"breadcrumb\":{\"@id\":\"https:\/\/tiketi.com\/sw\/cheap-flights-to-nairobi-nbo\/#breadcrumb\"},\"inLanguage\":\"fr-FR\",\"potentialAction\":[{\"@type\":\"ReadAction\",\"target\":[\"https:\/\/tiketi.com\/sw\/cheap-flights-to-nairobi-nbo\/\"]}]},{\"@type\":\"ImageObject\",\"inLanguage\":\"fr-FR\",\"@id\":\"https:\/\/tiketi.com\/sw\/cheap-flights-to-nairobi-nbo\/#primaryimage\",\"url\":\"https:\/\/tiketi.com\/wp-content\/uploads\/2019\/05\/nairobi-city-3143632_1280.jpg\",\"contentUrl\":\"https:\/\/tiketi.com\/wp-content\/uploads\/2019\/05\/nairobi-city-3143632_1280.jpg\",\"width\":1200,\"height\":202,\"caption\":\"Air Taxi in Nairobi\"},{\"@type\":\"BreadcrumbList\",\"@id\":\"https:\/\/tiketi.com\/sw\/cheap-flights-to-nairobi-nbo\/#breadcrumb\",\"itemListElement\":[{\"@type\":\"ListItem\",\"position\":1,\"name\":\"Home\",\"item\":\"https:\/\/tiketi.com\/\"},{\"@type\":\"ListItem\",\"position\":2,\"name\":\"Cheap Flights to Nairobi\"}]},{\"@type\":\"WebSite\",\"@id\":\"https:\/\/tiketi.com\/#website\",\"url\":\"https:\/\/tiketi.com\/\",\"name\":\"Flight & Bus Tickets, Tour Packages & Activitites - Tiketi.com\",\"description\":\"Flight &amp; Bus Tickets, Tours, Activitites\",\"publisher\":{\"@id\":\"https:\/\/tiketi.com\/#organization\"},\"potentialAction\":[{\"@type\":\"SearchAction\",\"target\":{\"@type\":\"EntryPoint\",\"urlTemplate\":\"https:\/\/tiketi.com\/?s={search_term_string}\"},\"query-input\":{\"@type\":\"PropertyValueSpecification\",\"valueRequired\":true,\"valueName\":\"search_term_string\"}}],\"inLanguage\":\"fr-FR\"},{\"@type\":\"Organization\",\"@id\":\"https:\/\/tiketi.com\/#organization\",\"name\":\"Tiketi.com\",\"alternateName\":\"Tiketi\",\"url\":\"https:\/\/tiketi.com\/\",\"logo\":{\"@type\":\"ImageObject\",\"inLanguage\":\"fr-FR\",\"@id\":\"https:\/\/tiketi.com\/#\/schema\/logo\/image\/\",\"url\":\"https:\/\/tiketi.com\/wp-content\/uploads\/2019\/05\/tiketi-logo-696.png\",\"contentUrl\":\"https:\/\/tiketi.com\/wp-content\/uploads\/2019\/05\/tiketi-logo-696.png\",\"width\":696,\"height\":696,\"caption\":\"Tiketi.com\"},\"image\":{\"@id\":\"https:\/\/tiketi.com\/#\/schema\/logo\/image\/\"},\"sameAs\":[\"https:\/\/www.facebook.com\/TiketiCom\/\"]}]}<\/script>\n<!-- \/ Yoast SEO plugin. -->","yoast_head_json":{"title":"Vols pas chers vers Nairobi","description":"Vous recherchez des vols pas chers pour Nairobi ? Recherchez, comparez et r\u00e9servez un billet d&#039;avion pas cher de \u00e0 Nairobi en ligne et \u00e9conomisez de l&#039;argent.","robots":{"index":"index","follow":"follow","max-snippet":"max-snippet:-1","max-image-preview":"max-image-preview:large","max-video-preview":"max-video-preview:-1"},"canonical":"https:\/\/tiketi.com\/fr-fr\/cheap-flights-to-nairobi-nbo\/","og_locale":"fr_FR","og_type":"article","og_title":"Cheap Flights to Nairobi","og_description":"Looking for cheap flights to\u00a0Nairobi? Search, compare and book cheap airline ticket from to\u00a0Nairobi online and save money","og_url":"https:\/\/tiketi.com\/fr-fr\/cheap-flights-to-nairobi-nbo\/","og_site_name":"Tiketi.com","article_publisher":"https:\/\/www.facebook.com\/TiketiCom\/","article_modified_time":"2022-02-10T14:32:41+00:00","og_image":[{"width":1200,"height":202,"url":"https:\/\/tiketi.com\/wp-content\/uploads\/2019\/05\/nairobi-city-3143632_1280.jpg","type":"image\/jpeg"}],"twitter_card":"summary_large_image","twitter_misc":{"Dur\u00e9e de lecture estim\u00e9e":"5 minutes"},"schema":{"@context":"https:\/\/schema.org","@graph":[{"@type":"WebPage","@id":"https:\/\/tiketi.com\/sw\/cheap-flights-to-nairobi-nbo\/","url":"https:\/\/tiketi.com\/sw\/cheap-flights-to-nairobi-nbo\/","name":"Vols pas chers vers Nairobi","isPartOf":{"@id":"https:\/\/tiketi.com\/#website"},"primaryImageOfPage":{"@id":"https:\/\/tiketi.com\/sw\/cheap-flights-to-nairobi-nbo\/#primaryimage"},"image":{"@id":"https:\/\/tiketi.com\/sw\/cheap-flights-to-nairobi-nbo\/#primaryimage"},"thumbnailUrl":"https:\/\/tiketi.com\/wp-content\/uploads\/2019\/05\/nairobi-city-3143632_1280.jpg","datePublished":"2022-01-19T11:55:23+00:00","dateModified":"2022-02-10T14:32:41+00:00","description":"Vous recherchez des vols pas chers pour Nairobi ? Recherchez, comparez et r\u00e9servez un billet d&#039;avion pas cher de \u00e0 Nairobi en ligne et \u00e9conomisez de l&#039;argent.","breadcrumb":{"@id":"https:\/\/tiketi.com\/sw\/cheap-flights-to-nairobi-nbo\/#breadcrumb"},"inLanguage":"fr-FR","potentialAction":[{"@type":"ReadAction","target":["https:\/\/tiketi.com\/sw\/cheap-flights-to-nairobi-nbo\/"]}]},{"@type":"ImageObject","inLanguage":"fr-FR","@id":"https:\/\/tiketi.com\/sw\/cheap-flights-to-nairobi-nbo\/#primaryimage","url":"https:\/\/tiketi.com\/wp-content\/uploads\/2019\/05\/nairobi-city-3143632_1280.jpg","contentUrl":"https:\/\/tiketi.com\/wp-content\/uploads\/2019\/05\/nairobi-city-3143632_1280.jpg","width":1200,"height":202,"caption":"Air Taxi in Nairobi"},{"@type":"BreadcrumbList","@id":"https:\/\/tiketi.com\/sw\/cheap-flights-to-nairobi-nbo\/#breadcrumb","itemListElement":[{"@type":"ListItem","position":1,"name":"Home","item":"https:\/\/tiketi.com\/"},{"@type":"ListItem","position":2,"name":"Cheap Flights to Nairobi"}]},{"@type":"WebSite","@id":"https:\/\/tiketi.com\/#website","url":"https:\/\/tiketi.com\/","name":"Billets d&#039;avion et de bus, forfaits touristiques et activit\u00e9s - Tiketi.com","description":"Billets d&#039;avion et de bus, Tours, Activit\u00e9s","publisher":{"@id":"https:\/\/tiketi.com\/#organization"},"potentialAction":[{"@type":"SearchAction","target":{"@type":"EntryPoint","urlTemplate":"https:\/\/tiketi.com\/?s={search_term_string}"},"query-input":{"@type":"PropertyValueSpecification","valueRequired":true,"valueName":"search_term_string"}}],"inLanguage":"fr-FR"},{"@type":"Organization","@id":"https:\/\/tiketi.com\/#organization","name":"Tiketi.com","alternateName":"Tiketi","url":"https:\/\/tiketi.com\/","logo":{"@type":"ImageObject","inLanguage":"fr-FR","@id":"https:\/\/tiketi.com\/#\/schema\/logo\/image\/","url":"https:\/\/tiketi.com\/wp-content\/uploads\/2019\/05\/tiketi-logo-696.png","contentUrl":"https:\/\/tiketi.com\/wp-content\/uploads\/2019\/05\/tiketi-logo-696.png","width":696,"height":696,"caption":"Tiketi.com"},"image":{"@id":"https:\/\/tiketi.com\/#\/schema\/logo\/image\/"},"sameAs":["https:\/\/www.facebook.com\/TiketiCom\/"]}]}},"_links":{"self":[{"href":"https:\/\/tiketi.com\/fr-fr\/wp-json\/wp\/v2\/pages\/11926","targetHints":{"allow":["GET"]}}],"collection":[{"href":"https:\/\/tiketi.com\/fr-fr\/wp-json\/wp\/v2\/pages"}],"about":[{"href":"https:\/\/tiketi.com\/fr-fr\/wp-json\/wp\/v2\/types\/page"}],"author":[{"embeddable":true,"href":"https:\/\/tiketi.com\/fr-fr\/wp-json\/wp\/v2\/users\/1"}],"replies":[{"embeddable":true,"href":"https:\/\/tiketi.com\/fr-fr\/wp-json\/wp\/v2\/comments?post=11926"}],"version-history":[{"count":0,"href":"https:\/\/tiketi.com\/fr-fr\/wp-json\/wp\/v2\/pages\/11926\/revisions"}],"wp:featuredmedia":[{"embeddable":true,"href":"https:\/\/tiketi.com\/fr-fr\/wp-json\/wp\/v2\/media\/17853"}],"wp:attachment":[{"href":"https:\/\/tiketi.com\/fr-fr\/wp-json\/wp\/v2\/media?parent=11926"}],"curies":[{"name":"wp","href":"https:\/\/api.w.org\/{rel}","templated":true}]}}