{"id":11927,"date":"2022-01-19T12:55:23","date_gmt":"2022-01-19T11:55:23","guid":{"rendered":"https:\/\/new.tiketi.com\/cheap-flights-to-kigali\/"},"modified":"2022-02-10T12:22:51","modified_gmt":"2022-02-10T11:22:51","slug":"cheap-flights-to-kigali-kgl","status":"publish","type":"page","link":"https:\/\/tiketi.com\/fr-fr\/cheap-flights-to-kigali-kgl\/","title":{"rendered":"Vols pas chers vers Kigali"},"content":{"rendered":"<h2>\u00c0 la recherche d&#039;un billet d&#039;avion pas cher pour Kigali ou d&#039;offres de derni\u00e8re minute ?<\/h2>\n<h3>Cherchez, comparez et r\u00e9servez des vols pas chers Kigali (KGL) en ligne d\u00e8s maintenant.<\/h3>\n<p>R\u00e9servez en ligne des vols pas chers pour Kigali et \u00e9conomisez de l&#039;argent sur les billets d&#039;avion. La ville de Kigali est un endroit merveilleux pour commencer ou conclure tout voyage au Rwanda car elle est parfaitement nich\u00e9e au centre g\u00e9ographique du pays des 1000 collines, le Rwanda. La ville est tr\u00e8s s\u00fbre et propre avec des gens tr\u00e8s accueillants, donc in\u00e9vitable pour les d\u00e9placements en ville. Les voyageurs adoreront voir les grandes activit\u00e9s culturelles - y compris plusieurs sc\u00e8nes musicales prometteuses, de charmants mus\u00e9es et certaines des exp\u00e9riences culinaires les plus remarquables d&#039;Afrique de l&#039;Est. Comparez les prix et obtenez les tarifs les plus bas sur les billets d&#039;avion de Kigali gr\u00e2ce \u00e0 des offres exceptionnelles sur la r\u00e9servation de billets en ligne de vols Kigali.<\/p>\n<h2>Certaines des attractions incontournables de Kigali incluent<\/h2>\n<h3>M\u00e9morial du g\u00e9nocide de Kigali<\/h3>\n<p>L&#039;endroit est une derni\u00e8re maison de repos pour plus de 250 000 victimes r\u00e9duites des coupables du g\u00e9nocide rwandais de 1994. C&#039;est un v\u00e9ritable m\u00e9morial pour ceux qui ont \u00e9t\u00e9 victimes du g\u00e9nocide et sert de lieu dans lequel les personnes endeuill\u00e9es pourraient enterrer leurs amis et leur famille. Il est situ\u00e9 \u00e0 Gisozi, \u00e0 environ 10 minutes en voiture du centre de Kigali, et il est g\u00e9r\u00e9 et g\u00e9r\u00e9 par Aegis Trust au nom de la Commission nationale de lutte contre le g\u00e9nocide. Le lieu comprend le centre des visiteurs pour les \u00e9tudiants et ceux qui souhaitent comprendre les \u00e9v\u00e9nements qui ont pr\u00e9c\u00e9d\u00e9 les \u00e9v\u00e9nements du g\u00e9nocide de 1994.<\/p>\n<h3>Lieu de m\u00e9moire de l&#039;\u00e9glise de Nyamata<\/h3>\n<p>Le m\u00e9morial du g\u00e9nocide de Nyamata est plac\u00e9 autour d&#039;une \u00e9glise, \u00e0 environ trente kilom\u00e8tres au sud de Kigali au Rwanda, qui rend hommage au g\u00e9nocide rwandais de 1994. Les restes de 50 000 personnes sont enterr\u00e9s ici. De nombreux Tutsi se rassemblent ici car les \u00e9glises \u00e9taient consid\u00e9r\u00e9es comme un lieu de s\u00e9curit\u00e9. Environ 10 000 personnes se regroupent ici et les gens se sont enferm\u00e9s.<\/p>\n<h3>Le Centre des femmes de Nyamirambo<\/h3>\n<p>Ce centre pour femmes se trouve dans la banlieue de Kigali. L&#039;atelier et le centre ont \u00e9t\u00e9 ouverts en 2007 par un groupe de femmes domestiques rwandaises qui ont \u00e9t\u00e9 victimes de violence sexiste dans le pass\u00e9. En tant qu&#039;organisation non administrative, le centre des femmes de Nyamirambo aide \u00e0 lutter contre les violences bas\u00e9es sur le genre tout en organisant \u00e9galement des formations en anglais et des cours de litt\u00e9rature PC pour les victimes.<\/p>\n<h2>FAQ sur les vols pas chers vers Kigali<\/h2>\n<h3>Quel est le moment id\u00e9al pour visiter Kigali ?<\/h3>\n<p>Le mercure est impatient de d\u00e9passer les 32 \u00b0C alors que les mois chauds arrivent \u00e0 Kigali. C&#039;est peut-\u00eatre une excellente id\u00e9e de venir dans la ville entre mai et mars, ou entre octobre et septembre. Pendant les mois d\u00e9crits ci-dessus, la temp\u00e9rature reste agr\u00e9able et mod\u00e9r\u00e9e. Il y a des jours de pluie pendant ces mois, mais ils sont assez rafra\u00eechissants et d\u00e9posent la poussi\u00e8re dans l&#039;air, rendant les matin\u00e9es encore plus impressionnantes.<\/p>\n<h3>Quel jour est abordable pour voler \u00e0 Kigali?<\/h3>\n<p>En ce moment, le jeudi est le jour le plus \u00e9conomique pour prendre un vol pas cher vers Kigali. Le vendredi sera probablement le plus co\u00fbteux.<\/p>\n<h3>\u00c0 quelle heure de la journ\u00e9e est-il abordable de voler\u00a0?<\/h3>\n<p>Les billets d&#039;avion bon march\u00e9 pour Kigali peuvent \u00eatre rendus abordables si vous choisissez un vol \u00e0 midi. R\u00e9server un vol direct pour Kigali le soir signifiera probablement des prix \u00e9lev\u00e9s.<\/p>\n<h3>Quels sont les prix les moins chers des vols Kigali par mois ?<\/h3>\n<p>Actuellement, mars est le mois le moins cher pour lequel vous pouvez r\u00e9server des billets d&#039;avion pas chers pour Kigali au co\u00fbt moyen de 466 \u20ac. Voler \u00e0 Kigali en juillet s&#039;av\u00e9rera le co\u00fbt moyen le plus co\u00fbteux de 830 \u20ac.<\/p>\n<h3>Quels sont les grands a\u00e9roports internationaux de Kigali ?<\/h3>\n<p>L&#039;a\u00e9roport international de Kigali dessert la ville de Kigali et est une porte d&#039;entr\u00e9e vers le reste du Rwanda. L&#039;a\u00e9roport est \u00e0 seulement cinq kilom\u00e8tres du centre d&#039;affaires de Kigali, qui mesure \u00e0 seulement dix minutes en voiture. L&#039;a\u00e9roport a accueilli environ 700 000 passagers en 2017. Le Rwanda est un pays enclav\u00e9 qui fait de l&#039;a\u00e9roport de Kigali un \u00e9l\u00e9ment vital de l&#039;infrastructure du pays.<\/p>\n<h3>Quand prendre l&#039;avion pour Kigali<\/h3>\n<p>En ce qui concerne la temp\u00e9rature, il n&#039;y a pas grand chose \u00e0 choisir. Les sommets de midi sont continuellement autour de 28 \u00b0 C, 365 jours par an, ce qui signifie que la plus grande partie des visiteurs programment des vols vers l&#039;heure de Kigali avec des \u00e9v\u00e9nements uniques plut\u00f4t que la m\u00e9t\u00e9o. En raison du statut de la ville en tant que haut lieu culinaire, le salon international de l&#039;alimentation AIC vaut bien une visite. Tenu en mai, ce c\u00e9l\u00e8bre \u00e9v\u00e9nement annuel pr\u00e9sente les cuisines du monde en un seul endroit et se tient en rotation dans l&#039;une des ambassades de la ville. En juillet, la ville vibre au son de la musique live, alors que le festival Kigali-up envahit le stade Amahoro avec de la pop, du rock et du funk. Octobre voit la f\u00eate se poursuivre sous la forme du Mutzig Beerfest au parc des expositions de Gikondo, tandis que de petits \u00e9v\u00e9nements culturels sont organis\u00e9s tout au long de l&#039;ann\u00e9e.<\/p>\n<h3>Quel est le meilleur moment pour r\u00e9server un billet d&#039;avion pour Kigali ?<\/h3>\n<p>Pour vous assurer d&#039;obtenir les offres de vols Kigali pour un billet d&#039;avion pas cher \u00e0 destination de Kigali, vous devez r\u00e9server au moins trente-six jours avant la date pr\u00e9vue de votre voyage. Le prix de votre vol peut augmenter si vous retardez et laissez la r\u00e9servation jusqu&#039;\u00e0 une semaine environ avant le d\u00e9part.<\/p>\n<h2>Se d\u00e9placer \u00e0 Kigali<\/h2>\n<p>Les v\u00e9hicules peuvent \u00eatre lou\u00e9s \u00e0 l&#039;a\u00e9roport lorsque vous atterrissez \u00e0 l&#039;a\u00e9roport via les vols bon march\u00e9 de RwandAir \u00e0 Kigali, mais le centre-ville peut simplement \u00eatre parcouru \u00e0 pied. Les transports en commun sont r\u00e9pandus, mais peuvent ne pas \u00eatre fiables. Les soci\u00e9t\u00e9s de location de taxis priv\u00e9es sont \u00e9galement un choix.<\/p>","protected":false},"excerpt":{"rendered":"<p>Looking for cheap airline ticket to Kigali or last minute deals? Search, compare and book cheap Kigali flights (KGL) online now. Book cheap flights to Kigali online and save money on airfare.&nbsp;Kigali city is a wonderful place to start or windup any Rwanda trip as it is perfectly nestled in the geographic center of the [&hellip;]<\/p>\n","protected":false},"author":1,"featured_media":14041,"parent":0,"menu_order":0,"comment_status":"open","ping_status":"closed","template":"template-home-modern.php","meta":{"footnotes":""},"class_list":["post-11927","page","type-page","status-publish","has-post-thumbnail","hentry"],"yoast_head":"<!-- This site is optimized with the Yoast SEO plugin v27.3 - https:\/\/yoast.com\/product\/yoast-seo-wordpress\/ -->\n<title>Cheap Flights to Kigali<\/title>\n<meta name=\"description\" content=\"Looking for cheap flights to\u00a0Kigali? Search, compare and book cheap airline ticket from to\u00a0Kigali online and save money\" \/>\n<meta name=\"robots\" content=\"index, follow, max-snippet:-1, max-image-preview:large, max-video-preview:-1\" \/>\n<link rel=\"canonical\" href=\"https:\/\/tiketi.com\/fr-fr\/cheap-flights-to-kigali-kgl\/\" \/>\n<meta property=\"og:locale\" content=\"fr_FR\" \/>\n<meta property=\"og:type\" content=\"article\" \/>\n<meta property=\"og:title\" content=\"Cheap Flights to Kigali\" \/>\n<meta property=\"og:description\" content=\"Looking for cheap flights to\u00a0Kigali? Search, compare and book cheap airline ticket from to\u00a0Kigali online and save money\" \/>\n<meta property=\"og:url\" content=\"https:\/\/tiketi.com\/fr-fr\/cheap-flights-to-kigali-kgl\/\" \/>\n<meta property=\"og:site_name\" content=\"Tiketi.com\" \/>\n<meta property=\"article:publisher\" content=\"https:\/\/www.facebook.com\/TiketiCom\/\" \/>\n<meta property=\"article:modified_time\" content=\"2022-02-10T11:22:51+00:00\" \/>\n<meta property=\"og:image\" content=\"https:\/\/tiketi.com\/wp-content\/uploads\/2022\/01\/flight-ticket-booking-sorasak-KxCJXXGsv9I-unsplas.jpg\" \/>\n\t<meta property=\"og:image:width\" content=\"1200\" \/>\n\t<meta property=\"og:image:height\" content=\"240\" \/>\n\t<meta property=\"og:image:type\" content=\"image\/jpeg\" \/>\n<meta name=\"twitter:card\" content=\"summary_large_image\" \/>\n<meta name=\"twitter:label1\" content=\"Dur\u00e9e de lecture estim\u00e9e\" \/>\n\t<meta name=\"twitter:data1\" content=\"4 minutes\" \/>\n<script type=\"application\/ld+json\" class=\"yoast-schema-graph\">{\"@context\":\"https:\\\/\\\/schema.org\",\"@graph\":[{\"@type\":\"WebPage\",\"@id\":\"https:\\\/\\\/tiketi.com\\\/cheap-flights-to-kigali-kgl\\\/\",\"url\":\"https:\\\/\\\/tiketi.com\\\/cheap-flights-to-kigali-kgl\\\/\",\"name\":\"Cheap Flights to Kigali\",\"isPartOf\":{\"@id\":\"https:\\\/\\\/tiketi.com\\\/#website\"},\"primaryImageOfPage\":{\"@id\":\"https:\\\/\\\/tiketi.com\\\/cheap-flights-to-kigali-kgl\\\/#primaryimage\"},\"image\":{\"@id\":\"https:\\\/\\\/tiketi.com\\\/cheap-flights-to-kigali-kgl\\\/#primaryimage\"},\"thumbnailUrl\":\"https:\\\/\\\/tiketi.com\\\/wp-content\\\/uploads\\\/2022\\\/01\\\/flight-ticket-booking-sorasak-KxCJXXGsv9I-unsplas.jpg\",\"datePublished\":\"2022-01-19T11:55:23+00:00\",\"dateModified\":\"2022-02-10T11:22:51+00:00\",\"description\":\"Looking for cheap flights to\u00a0Kigali? Search, compare and book cheap airline ticket from to\u00a0Kigali online and save money\",\"breadcrumb\":{\"@id\":\"https:\\\/\\\/tiketi.com\\\/cheap-flights-to-kigali-kgl\\\/#breadcrumb\"},\"inLanguage\":\"fr-FR\",\"potentialAction\":[{\"@type\":\"ReadAction\",\"target\":[\"https:\\\/\\\/tiketi.com\\\/cheap-flights-to-kigali-kgl\\\/\"]}]},{\"@type\":\"ImageObject\",\"inLanguage\":\"fr-FR\",\"@id\":\"https:\\\/\\\/tiketi.com\\\/cheap-flights-to-kigali-kgl\\\/#primaryimage\",\"url\":\"https:\\\/\\\/tiketi.com\\\/wp-content\\\/uploads\\\/2022\\\/01\\\/flight-ticket-booking-sorasak-KxCJXXGsv9I-unsplas.jpg\",\"contentUrl\":\"https:\\\/\\\/tiketi.com\\\/wp-content\\\/uploads\\\/2022\\\/01\\\/flight-ticket-booking-sorasak-KxCJXXGsv9I-unsplas.jpg\",\"width\":1200,\"height\":240,\"caption\":\"Online flight ticket booking\"},{\"@type\":\"BreadcrumbList\",\"@id\":\"https:\\\/\\\/tiketi.com\\\/cheap-flights-to-kigali-kgl\\\/#breadcrumb\",\"itemListElement\":[{\"@type\":\"ListItem\",\"position\":1,\"name\":\"Home\",\"item\":\"https:\\\/\\\/tiketi.com\\\/\"},{\"@type\":\"ListItem\",\"position\":2,\"name\":\"Cheap Flights to Kigali\"}]},{\"@type\":\"WebSite\",\"@id\":\"https:\\\/\\\/tiketi.com\\\/#website\",\"url\":\"https:\\\/\\\/tiketi.com\\\/\",\"name\":\"Flight & Bus Tickets, Tour Packages & Activitites - Tiketi.com\",\"description\":\"Flight &amp; Bus Tickets, Tours, Activitites\",\"publisher\":{\"@id\":\"https:\\\/\\\/tiketi.com\\\/#organization\"},\"potentialAction\":[{\"@type\":\"SearchAction\",\"target\":{\"@type\":\"EntryPoint\",\"urlTemplate\":\"https:\\\/\\\/tiketi.com\\\/?s={search_term_string}\"},\"query-input\":{\"@type\":\"PropertyValueSpecification\",\"valueRequired\":true,\"valueName\":\"search_term_string\"}}],\"inLanguage\":\"fr-FR\"},{\"@type\":\"Organization\",\"@id\":\"https:\\\/\\\/tiketi.com\\\/#organization\",\"name\":\"Tiketi.com\",\"alternateName\":\"Tiketi\",\"url\":\"https:\\\/\\\/tiketi.com\\\/\",\"logo\":{\"@type\":\"ImageObject\",\"inLanguage\":\"fr-FR\",\"@id\":\"https:\\\/\\\/tiketi.com\\\/#\\\/schema\\\/logo\\\/image\\\/\",\"url\":\"https:\\\/\\\/tiketi.com\\\/wp-content\\\/uploads\\\/2019\\\/05\\\/tiketi-logo-696.png\",\"contentUrl\":\"https:\\\/\\\/tiketi.com\\\/wp-content\\\/uploads\\\/2019\\\/05\\\/tiketi-logo-696.png\",\"width\":696,\"height\":696,\"caption\":\"Tiketi.com\"},\"image\":{\"@id\":\"https:\\\/\\\/tiketi.com\\\/#\\\/schema\\\/logo\\\/image\\\/\"},\"sameAs\":[\"https:\\\/\\\/www.facebook.com\\\/TiketiCom\\\/\"]}]}<\/script>\n<!-- \/ Yoast SEO plugin. -->","yoast_head_json":{"title":"Vols pas chers vers Kigali","description":"Vous cherchez des vols pas chers vers Kigali ? Recherchez, comparez et r\u00e9servez en ligne un billet d&#039;avion pas cher de vers Kigali et \u00e9conomisez de l&#039;argent","robots":{"index":"index","follow":"follow","max-snippet":"max-snippet:-1","max-image-preview":"max-image-preview:large","max-video-preview":"max-video-preview:-1"},"canonical":"https:\/\/tiketi.com\/fr-fr\/cheap-flights-to-kigali-kgl\/","og_locale":"fr_FR","og_type":"article","og_title":"Cheap Flights to Kigali","og_description":"Looking for cheap flights to\u00a0Kigali? Search, compare and book cheap airline ticket from to\u00a0Kigali online and save money","og_url":"https:\/\/tiketi.com\/fr-fr\/cheap-flights-to-kigali-kgl\/","og_site_name":"Tiketi.com","article_publisher":"https:\/\/www.facebook.com\/TiketiCom\/","article_modified_time":"2022-02-10T11:22:51+00:00","og_image":[{"width":1200,"height":240,"url":"https:\/\/tiketi.com\/wp-content\/uploads\/2022\/01\/flight-ticket-booking-sorasak-KxCJXXGsv9I-unsplas.jpg","type":"image\/jpeg"}],"twitter_card":"summary_large_image","twitter_misc":{"Dur\u00e9e de lecture estim\u00e9e":"4 minutes"},"schema":{"@context":"https:\/\/schema.org","@graph":[{"@type":"WebPage","@id":"https:\/\/tiketi.com\/cheap-flights-to-kigali-kgl\/","url":"https:\/\/tiketi.com\/cheap-flights-to-kigali-kgl\/","name":"Vols pas chers vers Kigali","isPartOf":{"@id":"https:\/\/tiketi.com\/#website"},"primaryImageOfPage":{"@id":"https:\/\/tiketi.com\/cheap-flights-to-kigali-kgl\/#primaryimage"},"image":{"@id":"https:\/\/tiketi.com\/cheap-flights-to-kigali-kgl\/#primaryimage"},"thumbnailUrl":"https:\/\/tiketi.com\/wp-content\/uploads\/2022\/01\/flight-ticket-booking-sorasak-KxCJXXGsv9I-unsplas.jpg","datePublished":"2022-01-19T11:55:23+00:00","dateModified":"2022-02-10T11:22:51+00:00","description":"Vous cherchez des vols pas chers vers Kigali ? Recherchez, comparez et r\u00e9servez en ligne un billet d&#039;avion pas cher de vers Kigali et \u00e9conomisez de l&#039;argent","breadcrumb":{"@id":"https:\/\/tiketi.com\/cheap-flights-to-kigali-kgl\/#breadcrumb"},"inLanguage":"fr-FR","potentialAction":[{"@type":"ReadAction","target":["https:\/\/tiketi.com\/cheap-flights-to-kigali-kgl\/"]}]},{"@type":"ImageObject","inLanguage":"fr-FR","@id":"https:\/\/tiketi.com\/cheap-flights-to-kigali-kgl\/#primaryimage","url":"https:\/\/tiketi.com\/wp-content\/uploads\/2022\/01\/flight-ticket-booking-sorasak-KxCJXXGsv9I-unsplas.jpg","contentUrl":"https:\/\/tiketi.com\/wp-content\/uploads\/2022\/01\/flight-ticket-booking-sorasak-KxCJXXGsv9I-unsplas.jpg","width":1200,"height":240,"caption":"Online flight ticket booking"},{"@type":"BreadcrumbList","@id":"https:\/\/tiketi.com\/cheap-flights-to-kigali-kgl\/#breadcrumb","itemListElement":[{"@type":"ListItem","position":1,"name":"Home","item":"https:\/\/tiketi.com\/"},{"@type":"ListItem","position":2,"name":"Cheap Flights to Kigali"}]},{"@type":"WebSite","@id":"https:\/\/tiketi.com\/#website","url":"https:\/\/tiketi.com\/","name":"Billets d&#039;avion et de bus, forfaits touristiques et activit\u00e9s - Tiketi.com","description":"Billets d&#039;avion et de bus, Tours, Activit\u00e9s","publisher":{"@id":"https:\/\/tiketi.com\/#organization"},"potentialAction":[{"@type":"SearchAction","target":{"@type":"EntryPoint","urlTemplate":"https:\/\/tiketi.com\/?s={search_term_string}"},"query-input":{"@type":"PropertyValueSpecification","valueRequired":true,"valueName":"search_term_string"}}],"inLanguage":"fr-FR"},{"@type":"Organization","@id":"https:\/\/tiketi.com\/#organization","name":"Tiketi.com","alternateName":"Tiketi","url":"https:\/\/tiketi.com\/","logo":{"@type":"ImageObject","inLanguage":"fr-FR","@id":"https:\/\/tiketi.com\/#\/schema\/logo\/image\/","url":"https:\/\/tiketi.com\/wp-content\/uploads\/2019\/05\/tiketi-logo-696.png","contentUrl":"https:\/\/tiketi.com\/wp-content\/uploads\/2019\/05\/tiketi-logo-696.png","width":696,"height":696,"caption":"Tiketi.com"},"image":{"@id":"https:\/\/tiketi.com\/#\/schema\/logo\/image\/"},"sameAs":["https:\/\/www.facebook.com\/TiketiCom\/"]}]}},"_links":{"self":[{"href":"https:\/\/tiketi.com\/fr-fr\/wp-json\/wp\/v2\/pages\/11927","targetHints":{"allow":["GET"]}}],"collection":[{"href":"https:\/\/tiketi.com\/fr-fr\/wp-json\/wp\/v2\/pages"}],"about":[{"href":"https:\/\/tiketi.com\/fr-fr\/wp-json\/wp\/v2\/types\/page"}],"author":[{"embeddable":true,"href":"https:\/\/tiketi.com\/fr-fr\/wp-json\/wp\/v2\/users\/1"}],"replies":[{"embeddable":true,"href":"https:\/\/tiketi.com\/fr-fr\/wp-json\/wp\/v2\/comments?post=11927"}],"version-history":[{"count":0,"href":"https:\/\/tiketi.com\/fr-fr\/wp-json\/wp\/v2\/pages\/11927\/revisions"}],"wp:featuredmedia":[{"embeddable":true,"href":"https:\/\/tiketi.com\/fr-fr\/wp-json\/wp\/v2\/media\/14041"}],"wp:attachment":[{"href":"https:\/\/tiketi.com\/fr-fr\/wp-json\/wp\/v2\/media?parent=11927"}],"curies":[{"name":"wp","href":"https:\/\/api.w.org\/{rel}","templated":true}]}}