{"id":11928,"date":"2022-01-19T12:55:23","date_gmt":"2022-01-19T11:55:23","guid":{"rendered":"https:\/\/new.tiketi.com\/cheap-flights-to-cape-verde\/"},"modified":"2022-02-10T10:16:10","modified_gmt":"2022-02-10T09:16:10","slug":"cheap-flights-to-cape-verde","status":"publish","type":"page","link":"https:\/\/tiketi.com\/fr-fr\/cheap-flights-to-cape-verde\/","title":{"rendered":"Vols pas chers vers Cap-Vert"},"content":{"rendered":"<h2>\u00c0 la recherche d&#039;un billet d&#039;avion pas cher pour le Cap-Vert ou d&#039;offres de derni\u00e8re minute ?<\/h2>\n<h3>Recherchez, comparez et r\u00e9servez des vols \u00e0 bas prix pour Cap-Vert en ligne d\u00e8s maintenant.<\/h3>\n<p>R\u00e9servez en ligne des vols pas chers pour le Cap-Vert et \u00e9conomisez de l&#039;argent sur les billets d&#039;avion. Les vacances au Cap-Vert sont des exp\u00e9riences incroyables et enrichissantes, offrant aux vacanciers la possibilit\u00e9 de profiter de diff\u00e9rents types de vacances, des escapades relaxantes en s&#039;impr\u00e9gnant de la beaut\u00e9 du littoral et de la nature cocooning de l&#039;h\u00f4tel, aux voyages aventureux cibl\u00e9s sur les sports nautiques et activit\u00e9s de plein air. Comparez les prix et obtenez les tarifs les plus bas sur les billets d&#039;avion pour Cap-Vert gr\u00e2ce \u00e0 des offres exceptionnelles sur la r\u00e9servation de billets en ligne de vols Cap-Vert.<\/p>\n<h2>Explorons les meilleurs endroits \u00e0 visiter au Cap-Vert!<\/h2>\n<h3>Plage de Santa Maria \u2013 Sal<\/h3>\n<p>L&#039;\u00eele de Sal, aux c\u00f4t\u00e9s de Boa Vista, poss\u00e8de la plus grande partie des stations baln\u00e9aires de l&#039;archipel. Sur la c\u00f4te sud de l&#039;\u00eele, Santa Maria offre un ciel bleu, du sable dor\u00e9, de l&#039;air chaud, une mer turquoise et des temp\u00e9ratures de la mer, ce qui en fait un paradis relaxant et charmant. Profitez de la plong\u00e9e et du surf dans les eaux claires, ainsi que de la marche le long du sable doux. Regardez le p\u00eacheur ramener la prise du jour et les dames pr\u00e9parer et vendre le poisson.<\/p>\n<h3>Fogo<\/h3>\n<p>Fogo, qui signifie feu, est la plus connue de toutes les \u00eeles du Cap-Vert avec une altitude maximale de 2 900 m\u00e8tres d&#039;altitude. Le volcan Pico de Fogo est la grande attraction ici et peut \u00eatre escalad\u00e9 en environ 6 heures, en utilisant la ville voisine de Cha de Caldeiras comme point de d\u00e9part. La plus grande ville de l&#039;\u00eele est Sao Filipe, qui est la 4\u00e8me plus grande ville du Cap-Vert et abrite \u00e9galement l&#039;a\u00e9roport des \u00eeles.<\/p>\n<h3>Plage de Chaves<\/h3>\n<p>L&#039;\u00eele de Boa Vista offre 55 km de plages de sable blanc et de petites criques, o\u00f9 vous pourrez voir des baleines et des tortues. Chaves est l&#039;une des plages les plus charmantes. Avec une brise soufflant pendant la journ\u00e9e, c&#039;est un endroit invitant pour des promenades romantiques et longues au bord de la mer, en profitant des vues magnifiques et des dunes de sable.<\/p>\n<h3>Oeil bleu<\/h3>\n<p>L&#039;\u0153il bleu est une autre attraction remarquable sur l&#039;\u00eele de Sal. Il s&#039;agit d&#039;une piscine naturelle aux eaux turquoises et d&#039;une grotte sous-marine de plusieurs m\u00e8tres de profondeur, r\u00e9sultant du fracas des vagues contre la roche volcanique. M\u00eame s&#039;il existe des moyens de se rendre \u00e0 Buracona, assurez-vous d&#039;apporter des chaussures de d\u00e9tente. Il y a une boutique et un caf\u00e9 pour prendre un verre.<\/p>\n<h2>FAQ sur les vols pas chers vers le Cap-Vert<\/h2>\n<h3>Quelles compagnies a\u00e9riennes proposent des billets d&#039;avion pas chers vers le Cap-Vert ?<\/h3>\n<p>British Airways, TAP Portugal et Lufthansa sont les grandes compagnies a\u00e9riennes qui proposent des billets d&#039;avion bon march\u00e9 pour le Cap-Vert, bien que vous deviez s\u00e9curiser votre prix \u00e0 l&#039;avance pour \u00e9viter de trop payer. TAP Portugal est peut-\u00eatre le leader du peloton en ce qui concerne la domination et la fr\u00e9quence des vols sur le march\u00e9 de l&#039;itin\u00e9raire depuis le Royaume-Uni via British Airways fournit un billet d&#039;avion au prix du Cap-Vert avec un lien, passant \u00e0 TAP Portugal pour la seconde moiti\u00e9 du voyage . En r\u00e8gle g\u00e9n\u00e9rale, vous serez r\u00e9gi par votre budget et peut-\u00eatre alors \u00e0 votre convenance gr\u00e2ce \u00e0 des vols directs vers le Cap-Vert qui sont tr\u00e8s impossibles ou rares \u00e0 trouver.<\/p>\n<h3>Quel est le meilleur moment pour s&#039;envoler pour le Cap-Vert ?<\/h3>\n<p><strong>Haute saison<\/strong><br \/>\nLe Cap-Vert b\u00e9n\u00e9ficie de plages incroyables et d&#039;un temps chaud merveilleux pour la partie sup\u00e9rieure de toute l&#039;ann\u00e9e. De nombreuses activit\u00e9s ont lieu sur les belles plages qui entourent l&#039;\u00eele avec la plage Praia de Santa Maria. Il peut \u00eatre incroyablement bond\u00e9 pendant les mois d&#039;\u00e9t\u00e9 de juillet \u00e0 septembre. Vous trouverez des vols Cap-Vert vers Sal plus faciles \u00e0 trouver si vous visitez les mois de printemps de mai et avril ou les mois d&#039;automne de novembre et octobre. Le temps est g\u00e9n\u00e9ralement extr\u00eamement agr\u00e9able mais les foules sont moins nombreuses gr\u00e2ce aux familles qui choisissent de ne pas visiter pendant les p\u00e9riodes scolaires. Le carnaval de Sao Vicente \u00e0 la fin du mois de f\u00e9vrier est g\u00e9n\u00e9ralement rempli de touristes et de locaux et peut durer jusqu&#039;au matin et faire la f\u00eate et boire toute la nuit. Les vols pour le Cap-Vert deviennent incroyablement chers pendant les semaines pr\u00e9c\u00e9dant le carnaval, alors assurez-vous que le prix de vos billets d&#039;avion pour le Cap-Vert est s\u00e9curis\u00e9 bien \u00e0 l&#039;avance.<\/p>\n<p><strong>Hors saison<\/strong><br \/>\nJanvier est le mois abordable pour trouver des offres de vols pour le Cap-Vert, bien que vous trouviez des vols pour le Cap-Vert \u00e0 la fois en automne et au printemps, car les compagnies a\u00e9riennes r\u00e9duisent le co\u00fbt de leurs vols en raison du grand nombre de personnes qui attendent les vacances scolaires. Si vous souhaitez visiter le Cap-Vert r\u00e9serv\u00e9 3 ou 4 mois \u00e0 l&#039;avance, vous vous donnerez une excellente chance d&#039;obtenir des vols et des offres d&#039;h\u00f4tel au Cap-Vert. \u00catre flexible avec vos dates vous permet en fin de compte de trouver les vols les moins chers pour le Cap-Vert et vous parviendrez g\u00e9n\u00e9ralement \u00e0 visiter pendant les mois chauds de l&#039;ann\u00e9e.<\/p>\n<h2>Se d\u00e9placer au Cap-Vert<\/h2>\n<p>La plupart des visiteurs auront pr\u00e9-r\u00e9serv\u00e9 leur h\u00e9bergement dans les stations baln\u00e9aires et les villes du Cap-Vert, alors v\u00e9rifiez si votre h\u00f4tel propose une navette gratuite depuis l&#039;a\u00e9roport - c&#039;est indispensable. Il existe des installations de transport public restreintes sur toutes les \u00eeles, il vous est donc fortement conseill\u00e9 de prendre des dispositions avant de voyager, comme la pr\u00e9-r\u00e9servation d&#039;un minibus ou d&#039;un taxi jusqu&#039;\u00e0 chez vous. La location de voitures est accessible aux a\u00e9roports de Praia et de Boa Vista, ce qui est un moyen remarquable de voir les sites librement pendant votre s\u00e9jour.<\/p>","protected":false},"excerpt":{"rendered":"<p>Looking for cheap airline ticket to Cape Verde or last minute deals? Search, compare and book cheap Cape Verde flights online now. Book cheap flights to Cape Verde online and save money on airfare. Holiday to Cape Verde are amazing and rewarding experiences, giving holidaymakers the chance to enjoy a range of different holiday types, [&hellip;]<\/p>\n","protected":false},"author":1,"featured_media":14041,"parent":0,"menu_order":0,"comment_status":"open","ping_status":"closed","template":"template-home-modern.php","meta":{"footnotes":""},"class_list":["post-11928","page","type-page","status-publish","has-post-thumbnail","hentry"],"yoast_head":"<!-- This site is optimized with the Yoast SEO plugin v27.2 - https:\/\/yoast.com\/product\/yoast-seo-wordpress\/ -->\n<title>Cheap Flights to Cape Verde<\/title>\n<meta name=\"description\" content=\"Looking for cheap flights to\u00a0Cape Verde? Search, compare and book cheap airline ticket from to\u00a0Cape Verde online\" \/>\n<meta name=\"robots\" content=\"index, follow, max-snippet:-1, max-image-preview:large, max-video-preview:-1\" \/>\n<link rel=\"canonical\" href=\"https:\/\/tiketi.com\/fr-fr\/cheap-flights-to-cape-verde\/\" \/>\n<meta property=\"og:locale\" content=\"fr_FR\" \/>\n<meta property=\"og:type\" content=\"article\" \/>\n<meta property=\"og:title\" content=\"Cheap Flights to Cape Verde\" \/>\n<meta property=\"og:description\" content=\"Looking for cheap flights to\u00a0Cape Verde? Search, compare and book cheap airline ticket from to\u00a0Cape Verde online\" \/>\n<meta property=\"og:url\" content=\"https:\/\/tiketi.com\/fr-fr\/cheap-flights-to-cape-verde\/\" \/>\n<meta property=\"og:site_name\" content=\"Tiketi.com\" \/>\n<meta property=\"article:publisher\" content=\"https:\/\/www.facebook.com\/TiketiCom\/\" \/>\n<meta property=\"article:modified_time\" content=\"2022-02-10T09:16:10+00:00\" \/>\n<meta property=\"og:image\" content=\"https:\/\/tiketi.com\/wp-content\/uploads\/2022\/01\/flight-ticket-booking-sorasak-KxCJXXGsv9I-unsplas.jpg\" \/>\n\t<meta property=\"og:image:width\" content=\"1200\" \/>\n\t<meta property=\"og:image:height\" content=\"240\" \/>\n\t<meta property=\"og:image:type\" content=\"image\/jpeg\" \/>\n<meta name=\"twitter:card\" content=\"summary_large_image\" \/>\n<meta name=\"twitter:label1\" content=\"Dur\u00e9e de lecture estim\u00e9e\" \/>\n\t<meta name=\"twitter:data1\" content=\"4 minutes\" \/>\n<script type=\"application\/ld+json\" class=\"yoast-schema-graph\">{\"@context\":\"https:\/\/schema.org\",\"@graph\":[{\"@type\":\"WebPage\",\"@id\":\"https:\/\/tiketi.com\/cheap-flights-to-cape-verde\/\",\"url\":\"https:\/\/tiketi.com\/cheap-flights-to-cape-verde\/\",\"name\":\"Cheap Flights to Cape Verde\",\"isPartOf\":{\"@id\":\"https:\/\/tiketi.com\/#website\"},\"primaryImageOfPage\":{\"@id\":\"https:\/\/tiketi.com\/cheap-flights-to-cape-verde\/#primaryimage\"},\"image\":{\"@id\":\"https:\/\/tiketi.com\/cheap-flights-to-cape-verde\/#primaryimage\"},\"thumbnailUrl\":\"https:\/\/tiketi.com\/wp-content\/uploads\/2022\/01\/flight-ticket-booking-sorasak-KxCJXXGsv9I-unsplas.jpg\",\"datePublished\":\"2022-01-19T11:55:23+00:00\",\"dateModified\":\"2022-02-10T09:16:10+00:00\",\"description\":\"Looking for cheap flights to\u00a0Cape Verde? Search, compare and book cheap airline ticket from to\u00a0Cape Verde online\",\"breadcrumb\":{\"@id\":\"https:\/\/tiketi.com\/cheap-flights-to-cape-verde\/#breadcrumb\"},\"inLanguage\":\"fr-FR\",\"potentialAction\":[{\"@type\":\"ReadAction\",\"target\":[\"https:\/\/tiketi.com\/cheap-flights-to-cape-verde\/\"]}]},{\"@type\":\"ImageObject\",\"inLanguage\":\"fr-FR\",\"@id\":\"https:\/\/tiketi.com\/cheap-flights-to-cape-verde\/#primaryimage\",\"url\":\"https:\/\/tiketi.com\/wp-content\/uploads\/2022\/01\/flight-ticket-booking-sorasak-KxCJXXGsv9I-unsplas.jpg\",\"contentUrl\":\"https:\/\/tiketi.com\/wp-content\/uploads\/2022\/01\/flight-ticket-booking-sorasak-KxCJXXGsv9I-unsplas.jpg\",\"width\":1200,\"height\":240,\"caption\":\"Online flight ticket booking\"},{\"@type\":\"BreadcrumbList\",\"@id\":\"https:\/\/tiketi.com\/cheap-flights-to-cape-verde\/#breadcrumb\",\"itemListElement\":[{\"@type\":\"ListItem\",\"position\":1,\"name\":\"Home\",\"item\":\"https:\/\/tiketi.com\/\"},{\"@type\":\"ListItem\",\"position\":2,\"name\":\"Cheap Flights to Cape Verde\"}]},{\"@type\":\"WebSite\",\"@id\":\"https:\/\/tiketi.com\/#website\",\"url\":\"https:\/\/tiketi.com\/\",\"name\":\"Flight & Bus Tickets, Tour Packages & Activitites - Tiketi.com\",\"description\":\"Flight &amp; Bus Tickets, Tours, Activitites\",\"publisher\":{\"@id\":\"https:\/\/tiketi.com\/#organization\"},\"potentialAction\":[{\"@type\":\"SearchAction\",\"target\":{\"@type\":\"EntryPoint\",\"urlTemplate\":\"https:\/\/tiketi.com\/?s={search_term_string}\"},\"query-input\":{\"@type\":\"PropertyValueSpecification\",\"valueRequired\":true,\"valueName\":\"search_term_string\"}}],\"inLanguage\":\"fr-FR\"},{\"@type\":\"Organization\",\"@id\":\"https:\/\/tiketi.com\/#organization\",\"name\":\"Tiketi.com\",\"alternateName\":\"Tiketi\",\"url\":\"https:\/\/tiketi.com\/\",\"logo\":{\"@type\":\"ImageObject\",\"inLanguage\":\"fr-FR\",\"@id\":\"https:\/\/tiketi.com\/#\/schema\/logo\/image\/\",\"url\":\"https:\/\/tiketi.com\/wp-content\/uploads\/2019\/05\/tiketi-logo-696.png\",\"contentUrl\":\"https:\/\/tiketi.com\/wp-content\/uploads\/2019\/05\/tiketi-logo-696.png\",\"width\":696,\"height\":696,\"caption\":\"Tiketi.com\"},\"image\":{\"@id\":\"https:\/\/tiketi.com\/#\/schema\/logo\/image\/\"},\"sameAs\":[\"https:\/\/www.facebook.com\/TiketiCom\/\"]}]}<\/script>\n<!-- \/ Yoast SEO plugin. -->","yoast_head_json":{"title":"Vols pas chers vers Cap-Vert","description":"Vous cherchez des vols pas chers vers Cap-Vert ? Recherchez, comparez et r\u00e9servez en ligne un billet d&#039;avion pas cher du vers Cap-Vert","robots":{"index":"index","follow":"follow","max-snippet":"max-snippet:-1","max-image-preview":"max-image-preview:large","max-video-preview":"max-video-preview:-1"},"canonical":"https:\/\/tiketi.com\/fr-fr\/cheap-flights-to-cape-verde\/","og_locale":"fr_FR","og_type":"article","og_title":"Cheap Flights to Cape Verde","og_description":"Looking for cheap flights to\u00a0Cape Verde? Search, compare and book cheap airline ticket from to\u00a0Cape Verde online","og_url":"https:\/\/tiketi.com\/fr-fr\/cheap-flights-to-cape-verde\/","og_site_name":"Tiketi.com","article_publisher":"https:\/\/www.facebook.com\/TiketiCom\/","article_modified_time":"2022-02-10T09:16:10+00:00","og_image":[{"width":1200,"height":240,"url":"https:\/\/tiketi.com\/wp-content\/uploads\/2022\/01\/flight-ticket-booking-sorasak-KxCJXXGsv9I-unsplas.jpg","type":"image\/jpeg"}],"twitter_card":"summary_large_image","twitter_misc":{"Dur\u00e9e de lecture estim\u00e9e":"4 minutes"},"schema":{"@context":"https:\/\/schema.org","@graph":[{"@type":"WebPage","@id":"https:\/\/tiketi.com\/cheap-flights-to-cape-verde\/","url":"https:\/\/tiketi.com\/cheap-flights-to-cape-verde\/","name":"Vols pas chers vers Cap-Vert","isPartOf":{"@id":"https:\/\/tiketi.com\/#website"},"primaryImageOfPage":{"@id":"https:\/\/tiketi.com\/cheap-flights-to-cape-verde\/#primaryimage"},"image":{"@id":"https:\/\/tiketi.com\/cheap-flights-to-cape-verde\/#primaryimage"},"thumbnailUrl":"https:\/\/tiketi.com\/wp-content\/uploads\/2022\/01\/flight-ticket-booking-sorasak-KxCJXXGsv9I-unsplas.jpg","datePublished":"2022-01-19T11:55:23+00:00","dateModified":"2022-02-10T09:16:10+00:00","description":"Vous cherchez des vols pas chers vers Cap-Vert ? Recherchez, comparez et r\u00e9servez en ligne un billet d&#039;avion pas cher du vers Cap-Vert","breadcrumb":{"@id":"https:\/\/tiketi.com\/cheap-flights-to-cape-verde\/#breadcrumb"},"inLanguage":"fr-FR","potentialAction":[{"@type":"ReadAction","target":["https:\/\/tiketi.com\/cheap-flights-to-cape-verde\/"]}]},{"@type":"ImageObject","inLanguage":"fr-FR","@id":"https:\/\/tiketi.com\/cheap-flights-to-cape-verde\/#primaryimage","url":"https:\/\/tiketi.com\/wp-content\/uploads\/2022\/01\/flight-ticket-booking-sorasak-KxCJXXGsv9I-unsplas.jpg","contentUrl":"https:\/\/tiketi.com\/wp-content\/uploads\/2022\/01\/flight-ticket-booking-sorasak-KxCJXXGsv9I-unsplas.jpg","width":1200,"height":240,"caption":"Online flight ticket booking"},{"@type":"BreadcrumbList","@id":"https:\/\/tiketi.com\/cheap-flights-to-cape-verde\/#breadcrumb","itemListElement":[{"@type":"ListItem","position":1,"name":"Home","item":"https:\/\/tiketi.com\/"},{"@type":"ListItem","position":2,"name":"Cheap Flights to Cape Verde"}]},{"@type":"WebSite","@id":"https:\/\/tiketi.com\/#website","url":"https:\/\/tiketi.com\/","name":"Billets d&#039;avion et de bus, forfaits touristiques et activit\u00e9s - Tiketi.com","description":"Billets d&#039;avion et de bus, Tours, Activit\u00e9s","publisher":{"@id":"https:\/\/tiketi.com\/#organization"},"potentialAction":[{"@type":"SearchAction","target":{"@type":"EntryPoint","urlTemplate":"https:\/\/tiketi.com\/?s={search_term_string}"},"query-input":{"@type":"PropertyValueSpecification","valueRequired":true,"valueName":"search_term_string"}}],"inLanguage":"fr-FR"},{"@type":"Organization","@id":"https:\/\/tiketi.com\/#organization","name":"Tiketi.com","alternateName":"Tiketi","url":"https:\/\/tiketi.com\/","logo":{"@type":"ImageObject","inLanguage":"fr-FR","@id":"https:\/\/tiketi.com\/#\/schema\/logo\/image\/","url":"https:\/\/tiketi.com\/wp-content\/uploads\/2019\/05\/tiketi-logo-696.png","contentUrl":"https:\/\/tiketi.com\/wp-content\/uploads\/2019\/05\/tiketi-logo-696.png","width":696,"height":696,"caption":"Tiketi.com"},"image":{"@id":"https:\/\/tiketi.com\/#\/schema\/logo\/image\/"},"sameAs":["https:\/\/www.facebook.com\/TiketiCom\/"]}]}},"_links":{"self":[{"href":"https:\/\/tiketi.com\/fr-fr\/wp-json\/wp\/v2\/pages\/11928","targetHints":{"allow":["GET"]}}],"collection":[{"href":"https:\/\/tiketi.com\/fr-fr\/wp-json\/wp\/v2\/pages"}],"about":[{"href":"https:\/\/tiketi.com\/fr-fr\/wp-json\/wp\/v2\/types\/page"}],"author":[{"embeddable":true,"href":"https:\/\/tiketi.com\/fr-fr\/wp-json\/wp\/v2\/users\/1"}],"replies":[{"embeddable":true,"href":"https:\/\/tiketi.com\/fr-fr\/wp-json\/wp\/v2\/comments?post=11928"}],"version-history":[{"count":0,"href":"https:\/\/tiketi.com\/fr-fr\/wp-json\/wp\/v2\/pages\/11928\/revisions"}],"wp:featuredmedia":[{"embeddable":true,"href":"https:\/\/tiketi.com\/fr-fr\/wp-json\/wp\/v2\/media\/14041"}],"wp:attachment":[{"href":"https:\/\/tiketi.com\/fr-fr\/wp-json\/wp\/v2\/media?parent=11928"}],"curies":[{"name":"wp","href":"https:\/\/api.w.org\/{rel}","templated":true}]}}