{"id":11929,"date":"2022-01-19T12:55:24","date_gmt":"2022-01-19T11:55:24","guid":{"rendered":"https:\/\/new.tiketi.com\/cheap-flights-to-dar-es-salaam\/"},"modified":"2024-07-19T13:10:12","modified_gmt":"2024-07-19T12:10:12","slug":"cheap-flights-to-dar-es-salaam-dar","status":"publish","type":"page","link":"https:\/\/tiketi.com\/fr-fr\/cheap-flights-to-dar-es-salaam-dar\/","title":{"rendered":"Vols pas chers vers Dar es Salam"},"content":{"rendered":"<h2>\u00c0 la recherche d&#039;un billet d&#039;avion pas cher pour Dar es Salam ou d&#039;offres de derni\u00e8re minute ?<\/h2>\n<h3>Recherchez, comparez et r\u00e9servez en ligne d\u00e8s maintenant votre billet d&#039;avion pas cher Dar es Salam (DAR).<\/h3>\n<p>R\u00e9servez en ligne des vols pas chers pour Dar es Salam et \u00e9conomisez de l&#039;argent sur les billets d&#039;avion. En tant que plus grande ville de Tanzanie, Dar es Salaam est un endroit dynamique regorgeant de plages, de culture, de vie nocturne locale, de nourriture et plus encore. Donc, s&#039;il vous arrive de vous retrouver dans la ville pendant une courte p\u00e9riode (deux \u00e0 trois jours), il peut \u00eatre extr\u00eamement difficile de d\u00e9cider quoi faire \u00e0 Dar es Salaam. Comparez les prix et obtenez le tarif le plus bas sur les billets d&#039;avion \u00e0 destination de Dar es Salam (DAR) gr\u00e2ce \u00e0 des offres exceptionnelles sur la r\u00e9servation de billets en ligne de vols Dar es Salam.<\/p>\n<h2>Voici quelques-unes des meilleures attractions de Dar es Salaam<\/h2>\n<h3>Cath\u00e9drale Saint-Joseph<\/h3>\n<p>L&#039;architecture de la cath\u00e9drale doit \u00eatre vue pour \u00eatre crue. L&#039;archev\u00eaque de Dar es Salaam reste ici. La chorale est populaire et vous devriez les visiter et les \u00e9couter signer.<\/p>\n<h3>\u00cele de Mbudya<\/h3>\n<p>Si vous aimez les plages propres et les eaux cristallines, alors Mbudya est le meilleur endroit o\u00f9 aller. Si vous voulez vous d\u00e9tendre et vous d\u00e9tendre au soleil et vous baigner dans les eaux claires, il n&#039;y a pas d&#039;excellent endroit autre que Mbudya. Vous pouvez faire de la plong\u00e9e avec tuba si vous le souhaitez, vous pouvez apporter votre propre \u00e9quipement ou vous pouvez le louer ici.<\/p>\n<h3>March\u00e9 aux poissons de Kivukoni<\/h3>\n<p>Pendant votre s\u00e9jour \u00e0 Dar es Salaam, une visite au march\u00e9 aux poissons de Kivukoni est tr\u00e8s importante. Vous pouvez regarder les p\u00eacheurs d\u00e9charger le poisson et assister \u00e0 la vente aux ench\u00e8res qui se tient tous les jours \u00e0 7 heures du matin. C&#039;est une exp\u00e9rience que vous ne n\u00e9gligerez jamais. Les march\u00e9s aux poissons sentiront et si vous ne pouvez pas supporter l&#039;\u00e9tirement, restez \u00e0 l&#039;\u00e9cart.<\/p>\n<h3>Coco plage<\/h3>\n<p>Aussi appel\u00e9e Oyster Bay, cette plage est situ\u00e9e directement sur la p\u00e9ninsule de Msasani. Vous y trouverez une abondance de d\u00e9licieuses collations de cuisine de rue servies ici, ainsi que des concerts occasionnels. Assurez-vous de confirmer le guide des \u00e9v\u00e9nements de la ville pour son calendrier de f\u00eates sur la plage et de musique live. Pour ceux qui cherchent \u00e0 d\u00e9couvrir la vie nocturne, le club New Maisha est une c\u00e9l\u00e8bre discoth\u00e8que situ\u00e9e le long de la plage.<\/p>\n<h3>Monument d&#039;Askari<\/h3>\n<p>Si vous rencontrez une statue de soldat Askari en tenue de la Premi\u00e8re Guerre mondiale, vous avez rencontr\u00e9 le monument Askari. La ba\u00efonnette des soldats pointe vers la mer et la statue rappelle l&#039;honneur des soldats qui ont combattu pour l&#039;Afrique britannique. Il est certain que la statue se trouve en plein centre de Dar es Salaam.<\/p>\n<h2>FAQ sur les vols pas chers vers Dar es Salam<\/h2>\n<h3>Quel est le moment id\u00e9al pour visiter Dar es Salaam ?<\/h3>\n<p>Dar es Salaam se trouve sur la c\u00f4te, donc il favorise le climat tropical avec un haut degr\u00e9 de pluie. De d\u00e9cembre \u00e0 mars, il subit un climat chaud et humide, le mois le plus chaud \u00e9tant janvier. La temp\u00e9rature se refroidit \u00e0 la fin du mois de mai, et de juin \u00e0 septembre, la temp\u00e9rature s\u00e8che et froide pr\u00e9vaut dans la r\u00e9gion, invitant ainsi les visiteurs du monde entier. Vous pr\u00e9voyez de visiter doit tomber quelque part entre juin et septembre pour le plus grand amusement.<\/p>\n<h3>Quel jour est abordable pour r\u00e9server un billet d&#039;avion pour Dar es Salaam ?<\/h3>\n<p>Les billets d&#039;avion bon march\u00e9 pour Dar es Salaam se trouvent g\u00e9n\u00e9ralement au d\u00e9part un mardi. Le jour de d\u00e9part avec le co\u00fbt le plus \u00e9lev\u00e9 actuellement est le vendredi.<\/p>\n<h3>\u00c0 quelle heure de la journ\u00e9e les vols pour Dar es Salam sont-ils les moins chers ?<\/h3>\n<p>Les vols directs vers Dar es Salaam le matin sont g\u00e9n\u00e9ralement le moment le moins cher de la journ\u00e9e pour voler. Les vols de Dar es Salaam \u00e0 midi sont g\u00e9n\u00e9ralement les plus chers.<\/p>\n<h3>Quel est le principal a\u00e9roport international de Dar es Salaam ?<\/h3>\n<p>Le principal a\u00e9roport international de Dar es Salaam est l&#039;a\u00e9roport international Julis Nyerere, situ\u00e9 \u00e0 13 km juste \u00e0 l&#039;ext\u00e9rieur de la ville. Son code IATA est Dar. \u00c9tant le plus grand a\u00e9roport du pays, il dispose de 2 grands terminaux et un troisi\u00e8me est en construction. Une fois la construction termin\u00e9e, le terminal deux passera aux vols de Dar es Salaam. Des installations a\u00e9roportuaires standard telles que des restaurants et des boutiques gratuites sont fournies dans chaque terminal.<\/p>\n<h3>Quels sont les prix les moins chers des vols pour Dar es Salam par mois ?<\/h3>\n<p>Septembre est actuellement le mois le moins cher pour Dar es Salaam. Le prix moyen des billets co\u00fbte 455 \u20ac. En revanche, juillet est le mois le plus cher prix moyen 717\u20ac.<\/p>\n<h3>Comment visiter la ville apr\u00e8s avoir atterri \u00e0 l&#039;a\u00e9roport<\/h3>\n<p>Les visiteurs peuvent prendre des vols bon march\u00e9 d&#039;Air Tanzania \u00e0 destination de Dar es Salaam en se rendant \u00e0 l&#039;a\u00e9roport international Julius Nyerere, situ\u00e9 \u00e0 environ 11 kilom\u00e8tres du centre-ville. Lorsque les h\u00f4tels sont accessibles, ils peuvent \u00eatre le meilleur moyen d&#039;acc\u00e9der \u00e0 la ville. Sinon, il y a des taxis, o\u00f9 le prix doit \u00eatre n\u00e9goci\u00e9 en premier, ou des bus urbains - des arr\u00eats de bus se trouvent \u00e0 5 minutes \u00e0 pied de l&#039;a\u00e9roport.<\/p>\n<h2>Se d\u00e9placer \u00e0 Dar es Salam<\/h2>\n<p>La structure des transports en commun \u00e0 Dar es Salaam est restreinte, les Dalla-dallas sont de petits minivans avec des itin\u00e9raires sp\u00e9cifiques. Ils sont abordables et assez simples \u00e0 utiliser, mais une bonne connaissance g\u00e9ographique de la ville aide. Les taxis sont des propri\u00e9t\u00e9s priv\u00e9es et les prix doivent toujours \u00eatre convenus avant de voyager.<\/p>\n<p>Il faut faire preuve de prudence, principalement dans les zones anim\u00e9es telles que le march\u00e9 de Kariakoo, contre les voleurs de sacs et les pickpockets. Les touristes doivent toujours garder l&#039;argent et les objets de valeur en s\u00e9curit\u00e9 et hors de vue, rejetant les zones calmes et marchant seuls la nuit.<\/p>\n<h2>Vol Dar es Salam (DAR)<\/h2>\n<h3>Vols int\u00e9rieurs au d\u00e9part de Dar es Salaam<\/h3>\n<table style=\"width: 100%; height: 334px;\" border=\"0\" cellspacing=\"2\" cellpadding=\"2\">\n<tbody>\n<tr style=\"height: 52px;\">\n<td style=\"height: 52px;\"><strong>Vols pas chers de Dar es Salam \u00e0 <a href=\"https:\/\/tiketi.com\/fr-fr\/flights-dar-es-salaam-zanzibar-dar-znz\/\" target=\"_blank\" rel=\"noopener\">Zanzibar<\/a>\u00a0<\/strong><\/td>\n<td style=\"width: 30px; height: 52px;\"><\/td>\n<td style=\"height: 52px;\"><strong>Vols pas chers de Dar es Salam \u00e0 <a href=\"https:\/\/tiketi.com\/fr-fr\/flights-dar-es-salaam-to-kilimanjaro-dar-jro\/\" target=\"_blank\" rel=\"noopener\">Kilimandjaro<\/a><\/strong><\/td>\n<\/tr>\n<tr style=\"height: 39px;\">\n<td style=\"height: 39px;\">\n<table>\n<tbody>\n<tr>\n<td><strong>Vols pas chers de Dar es Salam \u00e0 <a href=\"https:\/\/tiketi.com\/fr-fr\/flights-dar-es-salaam-tanga-dar-tgt\/\" target=\"_blank\" rel=\"noopener\">Tanga<\/a><\/strong><\/td>\n<\/tr>\n<\/tbody>\n<\/table>\n<\/td>\n<td style=\"height: 39px;\"><\/td>\n<td style=\"height: 39px;\"><strong>Vols pas chers de Dar es Salam \u00e0 <a href=\"https:\/\/tiketi.com\/fr-fr\/flights-dar-es-salaam-kigoma-dar-tkq\/\" target=\"_blank\" rel=\"noopener\">Kigoma<\/a><\/strong><\/td>\n<\/tr>\n<tr style=\"height: 52px;\">\n<td style=\"height: 52px;\"><strong>Vols pas chers de Dar es Salam \u00e0 <a href=\"https:\/\/tiketi.com\/fr-fr\/flights-dar-es-salaam-dodoma-dar-dod\/\" target=\"_blank\" rel=\"noopener\">Dodoma<\/a><\/strong><\/td>\n<td style=\"height: 52px;\"><\/td>\n<td style=\"height: 52px;\"><strong>Vols pas chers de Dar es Salam \u00e0 <a href=\"https:\/\/tiketi.com\/fr-fr\/flights-dar-es-salaam-pemba-island-pol\/\" target=\"_blank\" rel=\"noopener\">\u00cele de Pemba<\/a><\/strong><\/td>\n<\/tr>\n<tr style=\"height: 52px;\">\n<td style=\"height: 52px;\"><strong>Vols pas chers de Dar es Salam \u00e0 <a href=\"https:\/\/tiketi.com\/fr-fr\/flights-dar-es-salaam-mwanza-dar-mwz\/\" target=\"_blank\" rel=\"noopener\">Mwanza<\/a><\/strong><\/td>\n<td style=\"height: 52px;\"><\/td>\n<td style=\"height: 52px;\"><strong>Vols pas chers de Dar es Salam \u00e0 <a href=\"https:\/\/tiketi.com\/fr-fr\/flights-dar-es-salaam-selous-mtemere-tcaa\/\" target=\"_blank\" rel=\"noopener\">Selous Mtemere<\/a><\/strong><\/td>\n<\/tr>\n<tr style=\"height: 29px;\">\n<td style=\"height: 29px;\"><strong>Vols pas chers de Dar es Salam \u00e0 <a href=\"https:\/\/tiketi.com\/fr-fr\/flights-dar-es-salaam-bukoba-dar-bkz\/\" target=\"_blank\" rel=\"noopener\">Bukoba<\/a><\/strong><\/td>\n<td style=\"height: 29px;\"><\/td>\n<td style=\"height: 29px;\"><strong>Vols pas chers de Dar es Salam \u00e0 <a href=\"https:\/\/tiketi.com\/fr-fr\/flights-from-dar-es-salaam-selous\/\" target=\"_blank\" rel=\"noopener\">S\u00e9lous<\/a><\/strong><\/td>\n<\/tr>\n<tr style=\"height: 52px;\">\n<td style=\"height: 52px;\"><strong>Vols pas chers de Dar es Salam \u00e0 <a href=\"https:\/\/tiketi.com\/fr-fr\/flights-dar-es-salaam-mtwara-dar-myw\/\" target=\"_blank\" rel=\"noopener\">Mtwara<\/a><\/strong><\/td>\n<td style=\"height: 52px;\"><\/td>\n<td style=\"height: 52px;\"><strong>Vols pas chers de Dar es Salam \u00e0 <a href=\"https:\/\/tiketi.com\/fr-fr\/flights-dar-es-salaam-serengeti-seronera\/\" target=\"_blank\" rel=\"noopener\">Serengeti Seronera<\/a><\/strong><\/td>\n<\/tr>\n<tr style=\"height: 29px;\">\n<td style=\"height: 29px;\"><strong>Vols pas chers de Dar es Salam \u00e0 <a href=\"https:\/\/tiketi.com\/fr-fr\/flights-dar-es-salaam-mbeya-dar-mbi\/\" target=\"_blank\" rel=\"noopener\">Mbeya<\/a><\/strong><\/td>\n<td style=\"height: 29px;\"><\/td>\n<td style=\"height: 29px;\"><strong>Vols pas chers de Dar es Salam \u00e0<a href=\"https:\/\/tiketi.com\/fr-fr\/flights-dar-es-salaam-iringa-dar-iri\/\" target=\"_blank\" rel=\"noopener\"> Iringa<\/a><\/strong><\/td>\n<\/tr>\n<tr style=\"height: 29px;\">\n<td style=\"height: 29px;\"><strong>Vols pas chers de Dar es Salam \u00e0 <a href=\"https:\/\/tiketi.com\/fr-fr\/flights-dar-es-Salaam-tabora-dar-tbo\/\" target=\"_blank\" rel=\"noopener\">Tabora<\/a><\/strong><\/td>\n<td style=\"height: 29px;\"><\/td>\n<td style=\"height: 29px;\"><strong>Vols pas chers de Dar es Salam \u00e0 <a href=\"https:\/\/tiketi.com\/fr-fr\/flights-dar-es-salaam-arusha-dar-ark\/\" target=\"_blank\" rel=\"noopener\">Arusha<\/a><\/strong><\/td>\n<\/tr>\n<\/tbody>\n<\/table>\n<h3>Vols internationaux au d\u00e9part de Dar es Salam<\/h3>\n<table style=\"width: 100.439%; height: 178px;\" border=\"0\" cellspacing=\"2\" cellpadding=\"2\">\n<tbody>\n<tr style=\"height: 24px;\">\n<td style=\"height: 24px; width: 42.7858%;\"><strong>Vols pas chers de Dar es Salam \u00e0 <a href=\"https:\/\/tiketi.com\/fr-fr\/flights-dar-es-salaam-london-dar-lhr\/\" target=\"_blank\" rel=\"noopener\">Londres<\/a><\/strong><\/td>\n<td style=\"width: 3.82401%; height: 24px;\"><\/td>\n<td style=\"height: 24px; width: 117.83%;\"><strong>Vols pas chers de Dar es Salam \u00e0 <a href=\"https:\/\/tiketi.com\/fr-fr\/cheap-flights\/dar-es-salaam-to-nairobi-dar-nbo\/\" target=\"_blank\" rel=\"noopener\">Nairobi<\/a><\/strong><\/td>\n<\/tr>\n<tr style=\"height: 24px;\">\n<td style=\"height: 24px; width: 42.7858%;\"><strong>Vols pas chers de Dar es Salam \u00e0 <a href=\"https:\/\/tiketi.com\/fr-fr\/flights-dar-es-salaam-dubai-dar-dxb\/\" target=\"_blank\" rel=\"noopener\">Dubai<\/a><\/strong><\/td>\n<td style=\"width: 3.82401%; height: 24px;\"><\/td>\n<td style=\"height: 24px; width: 117.83%;\"><strong>Vols pas chers de Dar es Salam \u00e0 <a href=\"https:\/\/tiketi.com\/fr-fr\/cheap-flights-from-dar-es-salaam-to-kampala\/\" target=\"_blank\" rel=\"noopener\">Kampala<\/a><\/strong><\/td>\n<\/tr>\n<tr style=\"height: 24px;\">\n<td style=\"height: 24px; width: 42.7858%;\"><strong>Vols pas chers de Dar es Salam \u00e0 <a href=\"https:\/\/tiketi.com\/fr-fr\/flights-dar-es-salaam-kigali-dar-kgl\/\" target=\"_blank\" rel=\"noopener\">Kigali<\/a><\/strong><\/td>\n<td style=\"height: 24px; width: 3.82401%;\"><\/td>\n<td style=\"height: 24px; width: 117.83%;\"><strong>Vols pas chers de Dar es Salam \u00e0 <a href=\"https:\/\/tiketi.com\/fr-fr\/flights-dar-es-salaam-lusaka-dar-lun\/\" target=\"_blank\" rel=\"noopener\">Lusaka<\/a><\/strong><\/td>\n<\/tr>\n<tr style=\"height: 24px;\">\n<td style=\"height: 24px; width: 42.7858%;\"><strong>Vols pas chers de Dar es Salam \u00e0 <a href=\"https:\/\/tiketi.com\/fr-fr\/flights-dar-es-salaam-accra-dar-acc\/\" target=\"_blank\" rel=\"noopener\">Dar es Salam<\/a><\/strong><\/td>\n<td style=\"height: 24px; width: 3.82401%;\"><\/td>\n<td style=\"height: 24px; width: 117.83%;\"><strong>Vols pas chers de Dar es Salam \u00e0 <a href=\"https:\/\/tiketi.com\/fr-fr\/flights-dar-es-salaam-harare-dar-hre\/\" target=\"_blank\" rel=\"noopener\">Harare<\/a><\/strong><\/td>\n<\/tr>\n<tr style=\"height: 34px;\">\n<td style=\"height: 34px; width: 42.7858%;\"><strong>Vols pas chers de Dar es Salam \u00e0 <a href=\"https:\/\/tiketi.com\/fr-fr\/flights-dar-es-salaam-lagos-dar-los\/\" target=\"_blank\" rel=\"noopener\">Lagos<\/a><\/strong><\/td>\n<td style=\"height: 34px; width: 3.82401%;\"><\/td>\n<td style=\"height: 34px; width: 117.83%;\">\n<table style=\"width: 100.019%; height: 24px;\">\n<tbody>\n<tr style=\"height: 24px;\">\n<td style=\"height: 24px;\"><strong>Vols pas chers de Dar es Salam \u00e0 <a href=\"https:\/\/tiketi.com\/fr-fr\/flights-dar-es-salaam-entebbe-dar-ebb\/\" target=\"_blank\" rel=\"noopener\">Entebbe<\/a><\/strong><\/td>\n<\/tr>\n<\/tbody>\n<\/table>\n<\/td>\n<\/tr>\n<tr style=\"height: 24px;\">\n<td style=\"height: 24px; width: 42.7858%;\"><strong>Vols pas chers de Dar es Salam \u00e0 <a href=\"https:\/\/tiketi.com\/fr-fr\/flights-dar-es-salaam-addis-ababa-dar-add\/\" target=\"_blank\" rel=\"noopener\">Addis Ababa<\/a><\/strong><\/td>\n<td style=\"height: 24px; width: 3.82401%;\"><\/td>\n<td style=\"height: 24px; width: 117.83%;\"><strong>Vols pas chers de Dar es Salam \u00e0 <a href=\"https:\/\/tiketi.com\/fr-fr\/flights-dar-es-salaam-comoros-dar-aha\/\" target=\"_blank\" rel=\"noopener\">Comores<\/a><\/strong><\/td>\n<\/tr>\n<tr style=\"height: 24px;\">\n<td style=\"height: 24px; width: 42.7858%;\"><strong>Vols pas chers de Dar es Salam \u00e0 <a href=\"https:\/\/tiketi.com\/fr-fr\/flightsdar-es-salaam-bujumbura-dar-bjm\/\" target=\"_blank\" rel=\"noopener\">Bujumbura<\/a><\/strong><\/td>\n<td style=\"height: 24px; width: 3.82401%;\"><\/td>\n<td style=\"height: 24px; width: 117.83%;\"><\/td>\n<\/tr>\n<\/tbody>\n<\/table>","protected":false},"excerpt":{"rendered":"<p>Looking for cheap airline ticket to Dar es Salaam or last minute deals? Search, compare and book cheap airline ticket Dar es Salaam (DAR) online now. Book cheap flights to Dar es Salaam online and save money on airfare. As Tanzania biggest city, Dar es Salaam is a dynamic placed packed with beaches, culture, local [&hellip;]<\/p>\n","protected":false},"author":1,"featured_media":0,"parent":0,"menu_order":0,"comment_status":"open","ping_status":"closed","template":"template-home-modern.php","meta":{"footnotes":""},"class_list":["post-11929","page","type-page","status-publish","has-post-thumbnail","hentry"],"yoast_head":"<!-- This site is optimized with the Yoast SEO plugin v27.3 - https:\/\/yoast.com\/product\/yoast-seo-wordpress\/ -->\n<title>Cheap Flights to Dar es Salaam<\/title>\n<meta name=\"description\" content=\"Looking for cheap flights to\u00a0 Dar es Salaam? Search, compare and book cheap airline ticket from to\u00a0 Dar es Salaam online\" \/>\n<meta name=\"robots\" content=\"index, follow, max-snippet:-1, max-image-preview:large, max-video-preview:-1\" \/>\n<link rel=\"canonical\" href=\"https:\/\/tiketi.com\/fr-fr\/cheap-flights-to-dar-es-salaam-dar\/\" \/>\n<meta property=\"og:locale\" content=\"fr_FR\" \/>\n<meta property=\"og:type\" content=\"article\" \/>\n<meta property=\"og:title\" content=\"Cheap Flights to Dar es Salaam\" \/>\n<meta property=\"og:description\" content=\"Looking for cheap flights to\u00a0 Dar es Salaam? Search, compare and book cheap airline ticket from to\u00a0 Dar es Salaam online\" \/>\n<meta property=\"og:url\" content=\"https:\/\/tiketi.com\/fr-fr\/cheap-flights-to-dar-es-salaam-dar\/\" \/>\n<meta property=\"og:site_name\" content=\"Tiketi.com\" \/>\n<meta property=\"article:publisher\" content=\"https:\/\/www.facebook.com\/TiketiCom\/\" \/>\n<meta property=\"article:modified_time\" content=\"2024-07-19T12:10:12+00:00\" \/>\n<meta name=\"twitter:card\" content=\"summary_large_image\" \/>\n<meta name=\"twitter:label1\" content=\"Dur\u00e9e de lecture estim\u00e9e\" \/>\n\t<meta name=\"twitter:data1\" content=\"5 minutes\" \/>\n<script type=\"application\/ld+json\" class=\"yoast-schema-graph\">{\"@context\":\"https:\\\/\\\/schema.org\",\"@graph\":[{\"@type\":\"WebPage\",\"@id\":\"https:\\\/\\\/tiketi.com\\\/fr-fr\\\/cheap-flights-to-dar-es-salaam-dar\\\/\",\"url\":\"https:\\\/\\\/tiketi.com\\\/fr-fr\\\/cheap-flights-to-dar-es-salaam-dar\\\/\",\"name\":\"Cheap Flights to Dar es Salaam\",\"isPartOf\":{\"@id\":\"https:\\\/\\\/tiketi.com\\\/#website\"},\"datePublished\":\"2022-01-19T11:55:24+00:00\",\"dateModified\":\"2024-07-19T12:10:12+00:00\",\"description\":\"Looking for cheap flights to\u00a0 Dar es Salaam? Search, compare and book cheap airline ticket from to\u00a0 Dar es Salaam online\",\"breadcrumb\":{\"@id\":\"https:\\\/\\\/tiketi.com\\\/fr-fr\\\/cheap-flights-to-dar-es-salaam-dar\\\/#breadcrumb\"},\"inLanguage\":\"fr-FR\",\"potentialAction\":[{\"@type\":\"ReadAction\",\"target\":[\"https:\\\/\\\/tiketi.com\\\/fr-fr\\\/cheap-flights-to-dar-es-salaam-dar\\\/\"]}]},{\"@type\":\"BreadcrumbList\",\"@id\":\"https:\\\/\\\/tiketi.com\\\/fr-fr\\\/cheap-flights-to-dar-es-salaam-dar\\\/#breadcrumb\",\"itemListElement\":[{\"@type\":\"ListItem\",\"position\":1,\"name\":\"Home\",\"item\":\"https:\\\/\\\/tiketi.com\\\/\"},{\"@type\":\"ListItem\",\"position\":2,\"name\":\"Cheap Flights to Dar es Salaam\"}]},{\"@type\":\"WebSite\",\"@id\":\"https:\\\/\\\/tiketi.com\\\/#website\",\"url\":\"https:\\\/\\\/tiketi.com\\\/\",\"name\":\"Flight & Bus Tickets, Tour Packages & Activitites - Tiketi.com\",\"description\":\"Flight &amp; Bus Tickets, Tours, Activitites\",\"publisher\":{\"@id\":\"https:\\\/\\\/tiketi.com\\\/#organization\"},\"potentialAction\":[{\"@type\":\"SearchAction\",\"target\":{\"@type\":\"EntryPoint\",\"urlTemplate\":\"https:\\\/\\\/tiketi.com\\\/?s={search_term_string}\"},\"query-input\":{\"@type\":\"PropertyValueSpecification\",\"valueRequired\":true,\"valueName\":\"search_term_string\"}}],\"inLanguage\":\"fr-FR\"},{\"@type\":\"Organization\",\"@id\":\"https:\\\/\\\/tiketi.com\\\/#organization\",\"name\":\"Tiketi.com\",\"alternateName\":\"Tiketi\",\"url\":\"https:\\\/\\\/tiketi.com\\\/\",\"logo\":{\"@type\":\"ImageObject\",\"inLanguage\":\"fr-FR\",\"@id\":\"https:\\\/\\\/tiketi.com\\\/#\\\/schema\\\/logo\\\/image\\\/\",\"url\":\"https:\\\/\\\/tiketi.com\\\/wp-content\\\/uploads\\\/2019\\\/05\\\/tiketi-logo-696.png\",\"contentUrl\":\"https:\\\/\\\/tiketi.com\\\/wp-content\\\/uploads\\\/2019\\\/05\\\/tiketi-logo-696.png\",\"width\":696,\"height\":696,\"caption\":\"Tiketi.com\"},\"image\":{\"@id\":\"https:\\\/\\\/tiketi.com\\\/#\\\/schema\\\/logo\\\/image\\\/\"},\"sameAs\":[\"https:\\\/\\\/www.facebook.com\\\/TiketiCom\\\/\"]}]}<\/script>\n<!-- \/ Yoast SEO plugin. -->","yoast_head_json":{"title":"Vols pas chers vers Dar es Salam","description":"Vous cherchez des vols pas chers vers Dar es Salam ? Recherchez, comparez et r\u00e9servez en ligne un billet d&#039;avion pas cher de vers Dar es Salam","robots":{"index":"index","follow":"follow","max-snippet":"max-snippet:-1","max-image-preview":"max-image-preview:large","max-video-preview":"max-video-preview:-1"},"canonical":"https:\/\/tiketi.com\/fr-fr\/cheap-flights-to-dar-es-salaam-dar\/","og_locale":"fr_FR","og_type":"article","og_title":"Cheap Flights to Dar es Salaam","og_description":"Looking for cheap flights to\u00a0 Dar es Salaam? Search, compare and book cheap airline ticket from to\u00a0 Dar es Salaam online","og_url":"https:\/\/tiketi.com\/fr-fr\/cheap-flights-to-dar-es-salaam-dar\/","og_site_name":"Tiketi.com","article_publisher":"https:\/\/www.facebook.com\/TiketiCom\/","article_modified_time":"2024-07-19T12:10:12+00:00","twitter_card":"summary_large_image","twitter_misc":{"Dur\u00e9e de lecture estim\u00e9e":"5 minutes"},"schema":{"@context":"https:\/\/schema.org","@graph":[{"@type":"WebPage","@id":"https:\/\/tiketi.com\/fr-fr\/cheap-flights-to-dar-es-salaam-dar\/","url":"https:\/\/tiketi.com\/fr-fr\/cheap-flights-to-dar-es-salaam-dar\/","name":"Vols pas chers vers Dar es Salam","isPartOf":{"@id":"https:\/\/tiketi.com\/#website"},"datePublished":"2022-01-19T11:55:24+00:00","dateModified":"2024-07-19T12:10:12+00:00","description":"Vous cherchez des vols pas chers vers Dar es Salam ? Recherchez, comparez et r\u00e9servez en ligne un billet d&#039;avion pas cher de vers Dar es Salam","breadcrumb":{"@id":"https:\/\/tiketi.com\/fr-fr\/cheap-flights-to-dar-es-salaam-dar\/#breadcrumb"},"inLanguage":"fr-FR","potentialAction":[{"@type":"ReadAction","target":["https:\/\/tiketi.com\/fr-fr\/cheap-flights-to-dar-es-salaam-dar\/"]}]},{"@type":"BreadcrumbList","@id":"https:\/\/tiketi.com\/fr-fr\/cheap-flights-to-dar-es-salaam-dar\/#breadcrumb","itemListElement":[{"@type":"ListItem","position":1,"name":"Home","item":"https:\/\/tiketi.com\/"},{"@type":"ListItem","position":2,"name":"Cheap Flights to Dar es Salaam"}]},{"@type":"WebSite","@id":"https:\/\/tiketi.com\/#website","url":"https:\/\/tiketi.com\/","name":"Billets d&#039;avion et de bus, forfaits touristiques et activit\u00e9s - Tiketi.com","description":"Billets d&#039;avion et de bus, Tours, Activit\u00e9s","publisher":{"@id":"https:\/\/tiketi.com\/#organization"},"potentialAction":[{"@type":"SearchAction","target":{"@type":"EntryPoint","urlTemplate":"https:\/\/tiketi.com\/?s={search_term_string}"},"query-input":{"@type":"PropertyValueSpecification","valueRequired":true,"valueName":"search_term_string"}}],"inLanguage":"fr-FR"},{"@type":"Organization","@id":"https:\/\/tiketi.com\/#organization","name":"Tiketi.com","alternateName":"Tiketi","url":"https:\/\/tiketi.com\/","logo":{"@type":"ImageObject","inLanguage":"fr-FR","@id":"https:\/\/tiketi.com\/#\/schema\/logo\/image\/","url":"https:\/\/tiketi.com\/wp-content\/uploads\/2019\/05\/tiketi-logo-696.png","contentUrl":"https:\/\/tiketi.com\/wp-content\/uploads\/2019\/05\/tiketi-logo-696.png","width":696,"height":696,"caption":"Tiketi.com"},"image":{"@id":"https:\/\/tiketi.com\/#\/schema\/logo\/image\/"},"sameAs":["https:\/\/www.facebook.com\/TiketiCom\/"]}]}},"_links":{"self":[{"href":"https:\/\/tiketi.com\/fr-fr\/wp-json\/wp\/v2\/pages\/11929","targetHints":{"allow":["GET"]}}],"collection":[{"href":"https:\/\/tiketi.com\/fr-fr\/wp-json\/wp\/v2\/pages"}],"about":[{"href":"https:\/\/tiketi.com\/fr-fr\/wp-json\/wp\/v2\/types\/page"}],"author":[{"embeddable":true,"href":"https:\/\/tiketi.com\/fr-fr\/wp-json\/wp\/v2\/users\/1"}],"replies":[{"embeddable":true,"href":"https:\/\/tiketi.com\/fr-fr\/wp-json\/wp\/v2\/comments?post=11929"}],"version-history":[{"count":0,"href":"https:\/\/tiketi.com\/fr-fr\/wp-json\/wp\/v2\/pages\/11929\/revisions"}],"wp:attachment":[{"href":"https:\/\/tiketi.com\/fr-fr\/wp-json\/wp\/v2\/media?parent=11929"}],"curies":[{"name":"wp","href":"https:\/\/api.w.org\/{rel}","templated":true}]}}