{"id":11930,"date":"2022-01-19T12:55:24","date_gmt":"2022-01-19T11:55:24","guid":{"rendered":"https:\/\/new.tiketi.com\/cheap-flights-to-johannesburg\/"},"modified":"2022-02-10T12:06:40","modified_gmt":"2022-02-10T11:06:40","slug":"cheap-flights-to-johannesburg-jnb","status":"publish","type":"page","link":"https:\/\/tiketi.com\/fr-fr\/cheap-flights-to-johannesburg-jnb\/","title":{"rendered":"Vols pas chers vers Johannesbourg"},"content":{"rendered":"<h2>Vous recherchez un billet d&#039;avion pas cher pour Johannesbourg ou des offres de derni\u00e8re minute ?<\/h2>\n<h3>Recherchez, comparez et r\u00e9servez en ligne d\u00e8s maintenant un billet d&#039;avion pas cher Johannesbourg (JNB).<\/h3>\n<p>R\u00e9servez des vols pas chers vers Johannesbourg en ligne et \u00e9conomisez de l&#039;argent sur les billets d&#039;avion. En tant que l&#039;une des villes les plus \u00e9tonnantes d&#039;Afrique subsaharienne, Johannesburg se distingue comme une ville pleine d&#039;extravagance, de culture et de divertissement. Il existe un choix illimit\u00e9 d&#039;attractions touristiques \u00e0 visiter \u00e0 Johannesburg, mais en voici quelques-unes que vous ne pouvez pas manquer. Comparez les prix et obtenez le tarif le plus bas sur les billets d&#039;avion au d\u00e9part de Johannesburg gr\u00e2ce \u00e0 des offres exceptionnelles sur la r\u00e9servation de billets en ligne pour les vols \u00e0 Johannesburg.<\/p>\n<h2>Voici quelques-unes des meilleures attractions de Johannesburg<\/h2>\n<h3>Mus\u00e9e de l&#039;apartheid<\/h3>\n<p>Johannesburg a une excellente histoire et de nombreuses attractions culturelles \u00e0 visiter, mais l&#039;un des endroits les plus solennels est le Mus\u00e9e de l&#039;Apartheid, l&#039;un des rares mus\u00e9es de la ville. Le mus\u00e9e permet aux visiteurs de d\u00e9couvrir le pass\u00e9 troublant de la ville en faisant litt\u00e9ralement l&#039;exp\u00e9rience de la s\u00e9gr\u00e9gation \u00e0 l&#039;entr\u00e9e du mus\u00e9e gr\u00e2ce \u00e0 de nombreux spectacles interactifs r\u00e9partis dans tout le mus\u00e9e.<\/p>\n<h3>Colline de la Constitution<\/h3>\n<p>Pour un avant-go\u00fbt du nouveau et de l&#039;ancien Johannesburg, rendez-vous \u00e0 Constitution Hill, o\u00f9 vous pourrez visiter le tribunal principal du nouveau pays d\u00e9mocratique, puis vous rendre \u00e0 pied aux anciennes prisons de l&#039;\u00e9poque de l&#039;apartheid et au fort de Johannesburg. La juxtaposition du si\u00e8ge actuel du pouvoir de la ville \u00e0 c\u00f4t\u00e9 de la prison populaire o\u00f9 le Mahatma Gandhi et Nelson Mandela \u00e9taient autrefois emprisonn\u00e9s offre un aper\u00e7u \u00e9poustouflant de la culture afrikaner et de l&#039;histoire mouvement\u00e9e du pays.<\/p>\n<h3>Ville du R\u00e9cif d&#039;Or<\/h3>\n<p>Construit sur une ancienne mine d&#039;or, Gold Reef City est un m\u00e9lange de mus\u00e9e, de parc \u00e0 th\u00e8me, d&#039;h\u00f4tel et de casino, \u00e9tabli comme un grand complexe de divertissement pour les touristes et les locaux. Vous pouvez profiter d&#039;une excursion dans les mines d&#039;or ou vous diriger directement vers les montagnes russes.<\/p>\n<h3>Soweto<\/h3>\n<p>Surnomm\u00e9 Soweto, il abrite la vieille maison de Nelson Mandela et le mus\u00e9e Hector Pietersen, qui doit son nom \u00e0 un gar\u00e7on de douze ans tu\u00e9 lors du soul\u00e8vement populaire de Soweto pendant l&#039;apartheid. C&#039;est le berceau de la lutte pour la d\u00e9mocratie. En 1976, le soul\u00e8vement de Soweto cherchait \u00e0 vaincre l\u2019\u00c9tat d\u2019apartheid et s\u2019est \u00e9tendu au reste du pays.<\/p>\n<h3>Montecasino<\/h3>\n<p>L&#039;un des 3 casinos de Johannesburg, le Montecasino est certainement le plus c\u00e9l\u00e8bre. Le casino sur le th\u00e8me toscan est construit sous la forme d&#039;une promenade en ville avec de nombreux caf\u00e9s, boutiques et certainement des tables de blackjack, des machines \u00e0 sous et bien plus encore.<\/p>\n<h2>FAQ sur les vols pas chers vers Johannesbourg<\/h2>\n<h3>Quelles compagnies a\u00e9riennes proposent des vols pour Johannesbourg ?<\/h3>\n<p>Vous pouvez simplement voler sans escale vers Johannesburg depuis l&#039;Am\u00e9rique via Delta et SAA, mais de nombreuses compagnies a\u00e9riennes peuvent vous relier \u00e0 l&#039;Afrique du Sud avec une escale en cours de route. D\u00e9couvrez les vols pas chers vers Johannesburg au d\u00e9part de JetBlue, British Airways, Lufthansa, JetBlue et United, et d\u00e9couvrez les liens qui conviennent le mieux \u00e0 votre budget et \u00e0 votre emploi du temps.<\/p>\n<h3>Quel est le jour le moins cher pour r\u00e9server un billet d&#039;avion Johannesbourg ?<\/h3>\n<p>Les billets d&#039;avion pas chers pour Johannesbourg sont g\u00e9n\u00e9ralement trouv\u00e9s avec un d\u00e9part un lundi. Le jour de d\u00e9part avec le co\u00fbt le plus \u00e9lev\u00e9 actuellement est le vendredi.<\/p>\n<h3>\u00c0 quelle heure de la journ\u00e9e est-il abordable de prendre un vol pour Johannesbourg ?<\/h3>\n<p>Les billets d\u2019avion \u00e0 Johannesburg peuvent \u00eatre rendus abordables si vous choisissez un vol dans l\u2019apr\u00e8s-midi. R\u00e9server un billet d\u2019avion pour Johannesburg dans la soir\u00e9e entra\u00eenera probablement des prix plus \u00e9lev\u00e9s.<\/p>\n<h3>Quelle est la meilleure p\u00e9riode pour prendre un vol pour Johannesbourg ?<\/h3>\n<p><strong>Haute saison<\/strong><br \/>\nBien que les vents puissants du mois d&#039;ao\u00fbt balayent la ville, la plupart des gens r\u00e9servent des billets d&#039;avion bon march\u00e9 pour Johannesburg en Afrique du Sud pendant les mois d&#039;hiver de juillet, juin et ao\u00fbt pour d\u00e9couvrir la partie la plus s\u00e8che et la plus fra\u00eeche de l&#039;ann\u00e9e. Si vous souhaitez regarder un match, visitez-le entre ao\u00fbt et novembre. Vous trouverez des vols vers Johannesburg ainsi que moins de visiteurs.<\/p>\n<p><strong>Hors saison<\/strong><br \/>\nBien qu&#039;il soit difficile d&#039;imaginer une basse saison dans un endroit aussi charmant, moins de voyageurs r\u00e9servent des billets d&#039;avion bon march\u00e9 pour Johannesburg pendant les mois d&#039;\u00e9t\u00e9 de f\u00e9vrier, janvier et d\u00e9cembre, car les pr\u00e9cipitations et la chaleur cr\u00e9ent des conditions collantes. En raison de l&#039;impopularit\u00e9 de la saison, cela signifie simplement que vous aurez plus de facilit\u00e9 \u00e0 trouver des vols abordables vers Johannesburg. Dans l&#039;ensemble, vos activit\u00e9s pr\u00e9vues d\u00e9termineront en premier lieu la p\u00e9riode de l&#039;ann\u00e9e \u00e0 laquelle vous devriez visiter.<br \/>\nL&#039;observation des baleines est accessible entre ao\u00fbt et d\u00e9cembre ou entre juin et octobre, selon le type de baleines que vous souhaitez observer. Vous pouvez \u00e9galement profiter du surf et de la plong\u00e9e d&#039;avril \u00e0 septembre, de sorte que le meilleur moment pour vos vols directs vers Johannesburg d\u00e9pend finalement de ce que vous souhaitez faire.<\/p>\n<h2>Vous rendre dans et autour de la ville de Johannesburg ?<\/h2>\n<p>Le Reya Vaya est un bus d\u00e9di\u00e9 au transport bon march\u00e9 et s\u00fbr vers la ville depuis l&#039;a\u00e9roport et peut \u00eatre trouv\u00e9 \u00e0 l&#039;ext\u00e9rieur du terminal d&#039;arriv\u00e9e. Il existe d&#039;autres choix de bus parmi lesquels choisir, mais le service Reya Vaya est de loin plus fiable.<br \/>\nSi vous ne savez pas o\u00f9 vous allez ni o\u00f9 descendre du bus, il peut \u00eatre judicieux de prendre un taxi depuis l&#039;a\u00e9roport. Cependant, assurez-vous de vous mettre d&#039;accord sur un prix avant de monter, ou pour un prix promis, assurez-vous d&#039;utiliser un taxi avec compteur. Aux niveaux sup\u00e9rieurs de l&#039;a\u00e9roport, vous trouverez une nouvelle liaison ferroviaire entre la banlieue et l&#039;a\u00e9roport. Il vous suffit de suivre les panneaux apr\u00e8s l&#039;atterrissage de votre vol pas cher South Africa Airways Johannesburg.<br \/>\nApr\u00e8s l&#039;atterrissage de votre vol \u00e0 Johannesburg, embarquez \u00e0 l&#039;\u00e9tranger dans l&#039;une des navettes a\u00e9roportuaires, accessibles pour la plupart des vols et destinations h\u00f4teli\u00e8res de Johannesburg. Le reste de la ville est accessible en bus, en taxi ou \u00e0 pied. Le moyen le plus s\u00fbr de voyager est d&#039;appeler un taxi ou de louer votre propre v\u00e9hicule.<\/p>\n<h2>Vols depuis Johannesbourg<\/h2>\n<h3>Vols int\u00e9rieurs pas chers au d\u00e9part de Johannesbourg<\/h3>\n<table style=\"width: 71.4639%; height: 120px;\" border=\"0\" cellspacing=\"2\" cellpadding=\"2\">\n<tbody>\n<tr style=\"height: 24px;\">\n<td style=\"height: 24px;\">Vols pas chers de Johannesbourg \u00e0 <a href=\"https:\/\/tiketi.com\/fr-fr\/flights-johannesburg-cape-town-jnb-cpt\/\" target=\"_blank\" rel=\"noopener\">Le Cap<\/a><\/td>\n<td style=\"height: 24px;\"><\/td>\n<td style=\"height: 24px;\">Vols pas chers de Johannesbourg \u00e0 <a href=\"https:\/\/tiketi.com\/fr-fr\/flights-johannesburg-durban-jnb-dur\/\" target=\"_blank\" rel=\"noopener\">Durban<\/a><\/td>\n<\/tr>\n<tr style=\"height: 24px;\">\n<td style=\"height: 24px;\">Vols pas chers de Johannesbourg \u00e0 <a href=\"https:\/\/tiketi.com\/fr-fr\/flights-johannesburg-port-elizabeth-jnb-plz\/\" target=\"_blank\" rel=\"noopener\">Port Elisabeth<\/a><\/td>\n<td style=\"width: 30px; height: 24px;\"><\/td>\n<td style=\"height: 24px;\">Vols pas chers de Johannesbourg \u00e0 <a href=\"https:\/\/tiketi.com\/fr-fr\/flights-johannesburg-richards-bay-jnb-rcb\/\" target=\"_blank\" rel=\"noopener\">Richards-Baie<\/a><\/td>\n<\/tr>\n<tr style=\"height: 24px;\">\n<td style=\"height: 24px;\">Vols pas chers de Johannesbourg \u00e0 <a href=\"https:\/\/tiketi.com\/fr-fr\/flights-johannesburg-upington-jnb-utn\/\" target=\"_blank\" rel=\"noopener\">Upington<\/a><\/td>\n<td style=\"height: 24px;\"><\/td>\n<td style=\"height: 24px;\">Vols pas chers de Johannesbourg \u00e0 <a href=\"https:\/\/tiketi.com\/fr-fr\/flights-johannesburg-george-jnb-grj\/\" target=\"_blank\" rel=\"noopener\">Georges<\/a><\/td>\n<\/tr>\n<tr style=\"height: 24px;\">\n<td style=\"height: 24px;\">Vols pas chers de Johannesbourg \u00e0 <a href=\"https:\/\/tiketi.com\/fr-fr\/flights-johannesburg-nelspruit-jnb-nlp\/\" target=\"_blank\" rel=\"noopener\">Nelspruit\u200b<\/a><\/td>\n<td style=\"height: 24px;\"><\/td>\n<td style=\"height: 24px;\">Vols pas chers de Johannesbourg \u00e0 <a href=\"https:\/\/tiketi.com\/fr-fr\/flights-johannesburg-east-london-jnb-els\/\" target=\"_blank\" rel=\"noopener\">Est de Londres<\/a><\/td>\n<\/tr>\n<tr style=\"height: 24px;\">\n<td style=\"height: 24px;\">Vols pas chers de Johannesbourg \u00e0 <a href=\"https:\/\/tiketi.com\/fr-fr\/flights-johannesburg-kimberley-jnb-kim\/\" target=\"_blank\" rel=\"noopener\">Kimberley<\/a><\/td>\n<td style=\"height: 24px;\"><\/td>\n<td style=\"height: 24px;\">Vols pas chers de Johannesbourg \u00e0 <a href=\"https:\/\/tiketi.com\/fr-fr\/flights-johannesburg-pietermaritzburg-jnb-pzb\/\" target=\"_blank\" rel=\"noopener\">Pietermaritzbourg<\/a><\/td>\n<\/tr>\n<\/tbody>\n<\/table>\n<h3>Vols internationaux et tarifs a\u00e9riens pas chers au d\u00e9part de Johannesbourg<\/h3>\n<table style=\"width: 71.6393%; height: 264px;\" border=\"0\" cellspacing=\"2\" cellpadding=\"2\">\n<tbody>\n<tr style=\"height: 24px;\">\n<td style=\"width: 46.3415%; height: 24px;\">Vols pas chers de Johannesbourg \u00e0 <a href=\"https:\/\/tiketi.com\/fr-fr\/flights-johannesburg-dubai-jnb-dxb\/\" target=\"_blank\" rel=\"noopener\">Duba\u00ef<\/a><\/td>\n<td style=\"width: 4.34234%; height: 24px;\"><\/td>\n<td style=\"width: 55.3738%; height: 24px;\">Vols pas chers de Johannesbourg \u00e0 <a href=\"https:\/\/tiketi.com\/fr-fr\/flights-johannesburg-dakar-jnb-dss\/\" target=\"_blank\" rel=\"noopener\">Dakar<\/a><\/td>\n<\/tr>\n<tr style=\"height: 24px;\">\n<td style=\"width: 46.3415%; height: 24px;\">Vols pas chers de Johannesbourg \u00e0 <a href=\"https:\/\/tiketi.com\/fr-fr\/flights-johannesburg-hong-kong-jnb-hkg\/\" target=\"_blank\" rel=\"noopener\">Hong Kong<\/a><\/td>\n<td style=\"width: 4.34234%; height: 24px;\"><\/td>\n<td style=\"width: 55.3738%; height: 24px;\">Vols pas chers de Johannesbourg \u00e0 <a href=\"https:\/\/tiketi.com\/fr-fr\/flights-johannesburg-accra-jnb-acc\/\" target=\"_blank\" rel=\"noopener\">Accra\u200b<\/a><\/td>\n<\/tr>\n<tr style=\"height: 24px;\">\n<td style=\"width: 46.3415%; height: 24px;\">Vols pas chers de Johannesbourg \u00e0 <a href=\"https:\/\/tiketi.com\/fr-fr\/flights-johannesburg-london-jnb-lhr\/\" target=\"_blank\" rel=\"noopener\">Londres<\/a><\/td>\n<td style=\"width: 4.34234%; height: 24px;\"><\/td>\n<td style=\"width: 55.3738%; height: 24px;\">Vols pas chers de Johannesbourg \u00e0 <a href=\"https:\/\/tiketi.com\/fr-fr\/flights-johannesburg-abidjan-jnb-abj\/\" target=\"_blank\" rel=\"noopener\">Abidjan\u200b<\/a><\/td>\n<\/tr>\n<tr style=\"height: 24px;\">\n<td style=\"width: 46.3415%; height: 24px;\">Vols pas chers de Johannesbourg \u00e0 <a href=\"https:\/\/tiketi.com\/fr-fr\/flights-johannesburg-beijing-jnb-pek\/\" target=\"_blank\" rel=\"noopener\">P\u00e9kin\u200b<\/a><\/td>\n<td style=\"width: 4.34234%; height: 24px;\"><\/td>\n<td style=\"width: 55.3738%; height: 24px;\">Vols pas chers de Johannesbourg \u00e0 <a href=\"https:\/\/tiketi.com\/fr-fr\/flights-johannesburg-harare-jnb-hre\/\" target=\"_blank\" rel=\"noopener\">Harare\u200b<\/a><\/td>\n<\/tr>\n<tr style=\"height: 24px;\">\n<td style=\"width: 46.3415%; height: 24px;\">Vols pas chers de Johannesbourg \u00e0 <a href=\"https:\/\/tiketi.com\/fr-fr\/flights-johannesburg-guangzhou-jnb-can\/\" target=\"_blank\" rel=\"noopener\">Canton<\/a><\/td>\n<td style=\"width: 4.34234%; height: 24px;\"><\/td>\n<td style=\"width: 55.3738%; height: 24px;\">Vols pas chers de Johannesbourg \u00e0 <a href=\"https:\/\/tiketi.com\/fr-fr\/flights-johannesburg-luanda-jnb-lad\/\" target=\"_blank\" rel=\"noopener\">Luanda<\/a><\/td>\n<\/tr>\n<tr style=\"height: 24px;\">\n<td style=\"width: 46.3415%; height: 24px;\">Vols pas chers de Johannesbourg \u00e0 <a href=\"https:\/\/tiketi.com\/fr-fr\/flights-johannesburg-shanghai-jnb-pvg\/\" target=\"_blank\" rel=\"noopener\">Shanghai\u200b<\/a><\/td>\n<td style=\"width: 4.34234%; height: 24px;\"><\/td>\n<td style=\"width: 55.3738%; height: 24px;\">Vols pas chers de Johannesbourg \u00e0 <a href=\"https:\/\/tiketi.com\/fr-fr\/flights-johannesburg-windhoek-jnb-wdh\/\" target=\"_blank\" rel=\"noopener\">Windhoek<\/a><\/td>\n<\/tr>\n<tr style=\"height: 24px;\">\n<td style=\"width: 46.3415%; height: 24px;\">Vols pas chers de Johannesbourg \u00e0 <a href=\"https:\/\/tiketi.com\/fr-fr\/flights-johannesburg-livingstone-jnb-lvi\/\" target=\"_blank\" rel=\"noopener\">Pierre vivante<\/a><\/td>\n<td style=\"width: 4.34234%; height: 24px;\"><\/td>\n<td style=\"width: 55.3738%; height: 24px;\">Vols pas chers de Johannesbourg \u00e0 <a href=\"https:\/\/tiketi.com\/fr-fr\/flights-johannesburg-gaborone-jnb\/\" target=\"_blank\" rel=\"noopener\">Gaborone\u200b<\/a><\/td>\n<\/tr>\n<tr style=\"height: 48px;\">\n<td style=\"width: 46.3415%; height: 48px;\">Vols pas chers de Johannesbourg \u00e0 <a href=\"https:\/\/tiketi.com\/fr-fr\/flights-johannesburg-pemba-jnb-pol\/\" target=\"_blank\" rel=\"noopener\">Pemba POL<\/a><\/td>\n<td style=\"width: 4.34234%; height: 48px;\"><\/td>\n<td style=\"width: 55.3738%; height: 48px;\">Vols pas chers de Johannesbourg \u00e0<a href=\"https:\/\/tiketi.com\/fr-fr\/flights-johannesburg-mauritius-jnb-mru\/\" target=\"_blank\" rel=\"noopener\"> Maurice<\/a><\/td>\n<\/tr>\n<tr style=\"height: 24px;\">\n<td style=\"width: 46.3415%; height: 24px;\">Vols pas chers de Johannesbourg \u00e0 <a href=\"https:\/\/tiketi.com\/fr-fr\/cheap-flights-from-johannesburg-to-lusaka\/\" target=\"_blank\" rel=\"noopener\">Lusaka<\/a><\/td>\n<td style=\"width: 4.34234%; height: 24px;\"><\/td>\n<td style=\"width: 55.3738%; height: 24px;\">Vols pas chers de Johannesbourg \u00e0 <a href=\"https:\/\/tiketi.com\/fr-fr\/flights-johannesburg-maputo-jnb-mpm\/\" target=\"_blank\" rel=\"noopener\">Maputo<\/a><\/td>\n<\/tr>\n<tr style=\"height: 24px;\">\n<td style=\"width: 46.3415%; height: 24px;\">Vols pas chers de Johannesbourg \u00e0 <a href=\"https:\/\/tiketi.com\/fr-fr\/flights-johannesburg-nairobi-jnb-nbo\/\" target=\"_blank\" rel=\"noopener\">Nairobi<\/a><\/td>\n<td style=\"width: 4.34234%; height: 24px;\"><\/td>\n<td style=\"width: 55.3738%; height: 24px;\"><\/td>\n<\/tr>\n<\/tbody>\n<\/table>","protected":false},"excerpt":{"rendered":"<p>Looking for cheap airline ticket to Johannesburg or last minute deals? Search, compare and book cheap airline ticket Johannesburg (JNB) online now. Book cheap flights to Johannesburg online and save money on airfare.\u00a0As one of the most amazing cities in Sub-Saharan Africa, Johannesburg stands out as a cit full of extravagance, culture and fun. There [&hellip;]<\/p>\n","protected":false},"author":1,"featured_media":17849,"parent":0,"menu_order":0,"comment_status":"open","ping_status":"closed","template":"template-home-modern.php","meta":{"footnotes":""},"class_list":["post-11930","page","type-page","status-publish","has-post-thumbnail","hentry"],"yoast_head":"<!-- This site is optimized with the Yoast SEO plugin v27.3 - https:\/\/yoast.com\/product\/yoast-seo-wordpress\/ -->\n<title>Cheap Flights to Johannesburg<\/title>\n<meta name=\"description\" content=\"Looking for cheap flights to\u00a0Johannesburg? Search, compare and book cheap airline ticket from to\u00a0Johannesburg online\" \/>\n<meta name=\"robots\" content=\"index, follow, max-snippet:-1, max-image-preview:large, max-video-preview:-1\" \/>\n<link rel=\"canonical\" href=\"https:\/\/tiketi.com\/fr-fr\/cheap-flights-to-johannesburg-jnb\/\" \/>\n<meta property=\"og:locale\" content=\"fr_FR\" \/>\n<meta property=\"og:type\" content=\"article\" \/>\n<meta property=\"og:title\" content=\"Cheap Flights to Johannesburg\" \/>\n<meta property=\"og:description\" content=\"Looking for cheap flights to\u00a0Johannesburg? Search, compare and book cheap airline ticket from to\u00a0Johannesburg online\" \/>\n<meta property=\"og:url\" content=\"https:\/\/tiketi.com\/fr-fr\/cheap-flights-to-johannesburg-jnb\/\" \/>\n<meta property=\"og:site_name\" content=\"Tiketi.com\" \/>\n<meta property=\"article:publisher\" content=\"https:\/\/www.facebook.com\/TiketiCom\/\" \/>\n<meta property=\"article:modified_time\" content=\"2022-02-10T11:06:40+00:00\" \/>\n<meta property=\"og:image\" content=\"https:\/\/tiketi.com\/wp-content\/uploads\/2019\/05\/johannesburg-4322256_1280.jpg\" \/>\n\t<meta property=\"og:image:width\" content=\"1200\" \/>\n\t<meta property=\"og:image:height\" content=\"206\" \/>\n\t<meta property=\"og:image:type\" content=\"image\/jpeg\" \/>\n<meta name=\"twitter:card\" content=\"summary_large_image\" \/>\n<meta name=\"twitter:label1\" content=\"Dur\u00e9e de lecture estim\u00e9e\" \/>\n\t<meta name=\"twitter:data1\" content=\"5 minutes\" \/>\n<script type=\"application\/ld+json\" class=\"yoast-schema-graph\">{\"@context\":\"https:\\\/\\\/schema.org\",\"@graph\":[{\"@type\":\"WebPage\",\"@id\":\"https:\\\/\\\/tiketi.com\\\/cheap-flights-to-johannesburg-jnb\\\/\",\"url\":\"https:\\\/\\\/tiketi.com\\\/cheap-flights-to-johannesburg-jnb\\\/\",\"name\":\"Cheap Flights to Johannesburg\",\"isPartOf\":{\"@id\":\"https:\\\/\\\/tiketi.com\\\/#website\"},\"primaryImageOfPage\":{\"@id\":\"https:\\\/\\\/tiketi.com\\\/cheap-flights-to-johannesburg-jnb\\\/#primaryimage\"},\"image\":{\"@id\":\"https:\\\/\\\/tiketi.com\\\/cheap-flights-to-johannesburg-jnb\\\/#primaryimage\"},\"thumbnailUrl\":\"https:\\\/\\\/tiketi.com\\\/wp-content\\\/uploads\\\/2019\\\/05\\\/johannesburg-4322256_1280.jpg\",\"datePublished\":\"2022-01-19T11:55:24+00:00\",\"dateModified\":\"2022-02-10T11:06:40+00:00\",\"description\":\"Looking for cheap flights to\u00a0Johannesburg? Search, compare and book cheap airline ticket from to\u00a0Johannesburg online\",\"breadcrumb\":{\"@id\":\"https:\\\/\\\/tiketi.com\\\/cheap-flights-to-johannesburg-jnb\\\/#breadcrumb\"},\"inLanguage\":\"fr-FR\",\"potentialAction\":[{\"@type\":\"ReadAction\",\"target\":[\"https:\\\/\\\/tiketi.com\\\/cheap-flights-to-johannesburg-jnb\\\/\"]}]},{\"@type\":\"ImageObject\",\"inLanguage\":\"fr-FR\",\"@id\":\"https:\\\/\\\/tiketi.com\\\/cheap-flights-to-johannesburg-jnb\\\/#primaryimage\",\"url\":\"https:\\\/\\\/tiketi.com\\\/wp-content\\\/uploads\\\/2019\\\/05\\\/johannesburg-4322256_1280.jpg\",\"contentUrl\":\"https:\\\/\\\/tiketi.com\\\/wp-content\\\/uploads\\\/2019\\\/05\\\/johannesburg-4322256_1280.jpg\",\"width\":1200,\"height\":206,\"caption\":\"Cheap Flights from Cape Town to Johannesburg\"},{\"@type\":\"BreadcrumbList\",\"@id\":\"https:\\\/\\\/tiketi.com\\\/cheap-flights-to-johannesburg-jnb\\\/#breadcrumb\",\"itemListElement\":[{\"@type\":\"ListItem\",\"position\":1,\"name\":\"Home\",\"item\":\"https:\\\/\\\/tiketi.com\\\/\"},{\"@type\":\"ListItem\",\"position\":2,\"name\":\"Cheap Flights to Johannesburg\"}]},{\"@type\":\"WebSite\",\"@id\":\"https:\\\/\\\/tiketi.com\\\/#website\",\"url\":\"https:\\\/\\\/tiketi.com\\\/\",\"name\":\"Flight & Bus Tickets, Tour Packages & Activitites - Tiketi.com\",\"description\":\"Flight &amp; Bus Tickets, Tours, Activitites\",\"publisher\":{\"@id\":\"https:\\\/\\\/tiketi.com\\\/#organization\"},\"potentialAction\":[{\"@type\":\"SearchAction\",\"target\":{\"@type\":\"EntryPoint\",\"urlTemplate\":\"https:\\\/\\\/tiketi.com\\\/?s={search_term_string}\"},\"query-input\":{\"@type\":\"PropertyValueSpecification\",\"valueRequired\":true,\"valueName\":\"search_term_string\"}}],\"inLanguage\":\"fr-FR\"},{\"@type\":\"Organization\",\"@id\":\"https:\\\/\\\/tiketi.com\\\/#organization\",\"name\":\"Tiketi.com\",\"alternateName\":\"Tiketi\",\"url\":\"https:\\\/\\\/tiketi.com\\\/\",\"logo\":{\"@type\":\"ImageObject\",\"inLanguage\":\"fr-FR\",\"@id\":\"https:\\\/\\\/tiketi.com\\\/#\\\/schema\\\/logo\\\/image\\\/\",\"url\":\"https:\\\/\\\/tiketi.com\\\/wp-content\\\/uploads\\\/2019\\\/05\\\/tiketi-logo-696.png\",\"contentUrl\":\"https:\\\/\\\/tiketi.com\\\/wp-content\\\/uploads\\\/2019\\\/05\\\/tiketi-logo-696.png\",\"width\":696,\"height\":696,\"caption\":\"Tiketi.com\"},\"image\":{\"@id\":\"https:\\\/\\\/tiketi.com\\\/#\\\/schema\\\/logo\\\/image\\\/\"},\"sameAs\":[\"https:\\\/\\\/www.facebook.com\\\/TiketiCom\\\/\"]}]}<\/script>\n<!-- \/ Yoast SEO plugin. -->","yoast_head_json":{"title":"Vols pas chers vers Johannesbourg","description":"Vous recherchez des vols pas chers pour Johannesbourg ? Recherchez, comparez et r\u00e9servez un billet d&#039;avion pas cher de \u00e0 Johannesbourg en ligne","robots":{"index":"index","follow":"follow","max-snippet":"max-snippet:-1","max-image-preview":"max-image-preview:large","max-video-preview":"max-video-preview:-1"},"canonical":"https:\/\/tiketi.com\/fr-fr\/cheap-flights-to-johannesburg-jnb\/","og_locale":"fr_FR","og_type":"article","og_title":"Cheap Flights to Johannesburg","og_description":"Looking for cheap flights to\u00a0Johannesburg? Search, compare and book cheap airline ticket from to\u00a0Johannesburg online","og_url":"https:\/\/tiketi.com\/fr-fr\/cheap-flights-to-johannesburg-jnb\/","og_site_name":"Tiketi.com","article_publisher":"https:\/\/www.facebook.com\/TiketiCom\/","article_modified_time":"2022-02-10T11:06:40+00:00","og_image":[{"width":1200,"height":206,"url":"https:\/\/tiketi.com\/wp-content\/uploads\/2019\/05\/johannesburg-4322256_1280.jpg","type":"image\/jpeg"}],"twitter_card":"summary_large_image","twitter_misc":{"Dur\u00e9e de lecture estim\u00e9e":"5 minutes"},"schema":{"@context":"https:\/\/schema.org","@graph":[{"@type":"WebPage","@id":"https:\/\/tiketi.com\/cheap-flights-to-johannesburg-jnb\/","url":"https:\/\/tiketi.com\/cheap-flights-to-johannesburg-jnb\/","name":"Vols pas chers vers Johannesbourg","isPartOf":{"@id":"https:\/\/tiketi.com\/#website"},"primaryImageOfPage":{"@id":"https:\/\/tiketi.com\/cheap-flights-to-johannesburg-jnb\/#primaryimage"},"image":{"@id":"https:\/\/tiketi.com\/cheap-flights-to-johannesburg-jnb\/#primaryimage"},"thumbnailUrl":"https:\/\/tiketi.com\/wp-content\/uploads\/2019\/05\/johannesburg-4322256_1280.jpg","datePublished":"2022-01-19T11:55:24+00:00","dateModified":"2022-02-10T11:06:40+00:00","description":"Vous recherchez des vols pas chers pour Johannesbourg ? Recherchez, comparez et r\u00e9servez un billet d&#039;avion pas cher de \u00e0 Johannesbourg en ligne","breadcrumb":{"@id":"https:\/\/tiketi.com\/cheap-flights-to-johannesburg-jnb\/#breadcrumb"},"inLanguage":"fr-FR","potentialAction":[{"@type":"ReadAction","target":["https:\/\/tiketi.com\/cheap-flights-to-johannesburg-jnb\/"]}]},{"@type":"ImageObject","inLanguage":"fr-FR","@id":"https:\/\/tiketi.com\/cheap-flights-to-johannesburg-jnb\/#primaryimage","url":"https:\/\/tiketi.com\/wp-content\/uploads\/2019\/05\/johannesburg-4322256_1280.jpg","contentUrl":"https:\/\/tiketi.com\/wp-content\/uploads\/2019\/05\/johannesburg-4322256_1280.jpg","width":1200,"height":206,"caption":"Cheap Flights from Cape Town to Johannesburg"},{"@type":"BreadcrumbList","@id":"https:\/\/tiketi.com\/cheap-flights-to-johannesburg-jnb\/#breadcrumb","itemListElement":[{"@type":"ListItem","position":1,"name":"Home","item":"https:\/\/tiketi.com\/"},{"@type":"ListItem","position":2,"name":"Cheap Flights to Johannesburg"}]},{"@type":"WebSite","@id":"https:\/\/tiketi.com\/#website","url":"https:\/\/tiketi.com\/","name":"Billets d&#039;avion et de bus, forfaits touristiques et activit\u00e9s - Tiketi.com","description":"Billets d&#039;avion et de bus, Tours, Activit\u00e9s","publisher":{"@id":"https:\/\/tiketi.com\/#organization"},"potentialAction":[{"@type":"SearchAction","target":{"@type":"EntryPoint","urlTemplate":"https:\/\/tiketi.com\/?s={search_term_string}"},"query-input":{"@type":"PropertyValueSpecification","valueRequired":true,"valueName":"search_term_string"}}],"inLanguage":"fr-FR"},{"@type":"Organization","@id":"https:\/\/tiketi.com\/#organization","name":"Tiketi.com","alternateName":"Tiketi","url":"https:\/\/tiketi.com\/","logo":{"@type":"ImageObject","inLanguage":"fr-FR","@id":"https:\/\/tiketi.com\/#\/schema\/logo\/image\/","url":"https:\/\/tiketi.com\/wp-content\/uploads\/2019\/05\/tiketi-logo-696.png","contentUrl":"https:\/\/tiketi.com\/wp-content\/uploads\/2019\/05\/tiketi-logo-696.png","width":696,"height":696,"caption":"Tiketi.com"},"image":{"@id":"https:\/\/tiketi.com\/#\/schema\/logo\/image\/"},"sameAs":["https:\/\/www.facebook.com\/TiketiCom\/"]}]}},"_links":{"self":[{"href":"https:\/\/tiketi.com\/fr-fr\/wp-json\/wp\/v2\/pages\/11930","targetHints":{"allow":["GET"]}}],"collection":[{"href":"https:\/\/tiketi.com\/fr-fr\/wp-json\/wp\/v2\/pages"}],"about":[{"href":"https:\/\/tiketi.com\/fr-fr\/wp-json\/wp\/v2\/types\/page"}],"author":[{"embeddable":true,"href":"https:\/\/tiketi.com\/fr-fr\/wp-json\/wp\/v2\/users\/1"}],"replies":[{"embeddable":true,"href":"https:\/\/tiketi.com\/fr-fr\/wp-json\/wp\/v2\/comments?post=11930"}],"version-history":[{"count":0,"href":"https:\/\/tiketi.com\/fr-fr\/wp-json\/wp\/v2\/pages\/11930\/revisions"}],"wp:featuredmedia":[{"embeddable":true,"href":"https:\/\/tiketi.com\/fr-fr\/wp-json\/wp\/v2\/media\/17849"}],"wp:attachment":[{"href":"https:\/\/tiketi.com\/fr-fr\/wp-json\/wp\/v2\/media?parent=11930"}],"curies":[{"name":"wp","href":"https:\/\/api.w.org\/{rel}","templated":true}]}}