{"id":11932,"date":"2022-01-19T12:55:24","date_gmt":"2022-01-19T11:55:24","guid":{"rendered":"https:\/\/new.tiketi.com\/cheap-flights-to-zimbabwe\/"},"modified":"2022-11-09T17:02:03","modified_gmt":"2022-11-09T16:02:03","slug":"zimbabwe","status":"publish","type":"page","link":"https:\/\/tiketi.com\/fr-fr\/cheap-flights\/zimbabwe\/","title":{"rendered":"Vols pas chers vers Zimbabwe"},"content":{"rendered":"<h2>\u00c0 la recherche d&#039;un billet d&#039;avion pas cher pour le Zimbabwe ou d&#039;offres de derni\u00e8re minute ?<\/h2>\n<h3>Cherchez, comparez et r\u00e9servez des vols pas chers Zimbabwe en ligne d\u00e8s maintenant.<\/h3>\n<p>R\u00e9servez en ligne des vols pas chers pour le Zimbabwe et \u00e9conomisez de l&#039;argent sur les billets d&#039;avion. Le Zimbabwe est un pays color\u00e9 dot\u00e9 de tant de beaut\u00e9 naturelle dans ses plantes, ses paysages et sa faune. Avec une large gamme de lieux d&#039;int\u00e9r\u00eat charmants offrant des exp\u00e9riences sp\u00e9ciales. Le Zimbabwe poss\u00e8de \u00e9galement une culture et des monuments historiques extr\u00eamement acclam\u00e9s. Ces lieux de vill\u00e9giature ou sites de loisirs sont des lieux r\u00e9put\u00e9s pour plusieurs. Comparez les prix et obtenez les tarifs les plus bas sur les billets d&#039;avion pour Zimbabwe gr\u00e2ce \u00e0 des offres exceptionnelles sur la r\u00e9servation de billets en ligne de vols Zimbabwe.<\/p>\n<h2>Voici quelques-unes des meilleures attractions du Zimbabwe<\/h2>\n<p>Voici les meilleures attractions du Zimbabwe.<\/p>\n<h3>Parc national des piscines de Mana<\/h3>\n<p>Ce parc est situ\u00e9 \u00e0 l&#039;extr\u00eame nord du Zimbabwe et est reconnu comme l&#039;une des zones naturelles les plus parfaites du Zimbabwe. Il est reconnu comme un lieu du patrimoine mondial de l&#039;UNESCO pour son incroyable concentration d&#039;animaux sauvages, notamment le l\u00e9opard, le buffle, l&#039;\u00e9l\u00e9phant et le gu\u00e9pard. Les piscines de Mana sont \u00e9galement un paradis pour la faune aquatique, avec une grande population de crocodiles du Nil et d&#039;hippopotame. Ils vivent dans les 4 piscines qui donnent son nom au parc, chacune cr\u00e9\u00e9e par le fleuve Zamb\u00e8ze.<\/p>\n<h3>Les grandes ruines du Zimbabwe<\/h3>\n<p>Les ruines du Grand Zimbabwe sont un lieu historique qui vaut bien une visite, des b\u00e2timents en pierre ont \u00e9t\u00e9 construits au XIe si\u00e8cle et sont enti\u00e8rement constitu\u00e9s de pierre sans mortier et sont l&#039;une des plus anciennes ruines d&#039;Afrique du Sud. La grande ville de pierre \u00e9tait un centre politique prosp\u00e8re \u00e0 cette \u00e9poque. Le nom Zimbabwe vient de la structure en pierre connue sous le nom de &quot;dzimba dzamabwe&quot; qui signifie maison en pierre.<\/p>\n<h3>Parc national de Hwange<\/h3>\n<p>Hwange est le plus grand parc animalier du Zimbabwe, il regorge d&#039;animaux diff\u00e9rents de la girafe, des lions, des gnous, plus d&#039;une centaine d&#039;esp\u00e8ces de mammif\u00e8res en tout. Hwange poss\u00e8de \u00e9galement la plus grande population d&#039;\u00e9l\u00e9phants du Zimbabwe. Le parc offre des emplacements de camping accident\u00e9s ainsi que des installations d\u00e9velopp\u00e9es, des aires de pique-nique et accueille plusieurs pavillons de luxe. Les touristes du parc appr\u00e9cieront les safaris \u00e0 pied, l&#039;observation des oiseaux, la randonn\u00e9e avec le chien peint et le camping sous les \u00e9toiles.<\/p>\n<h3>Les collines de Matobo<\/h3>\n<p>Les collines de Matobo ou les Matopos sont un affleurement rocheux de granit co\u00fbteux qui s&#039;est form\u00e9 il y a des milliers d&#039;ann\u00e9es. Ces Kopjes remarquables s&#039;\u00e9tendent sur plus de trente kilom\u00e8tres. Ils sont plac\u00e9s dans le parc national de Matoba \u00e0 Bulawayo et ils ont une importance culturelle et historique pour le Zimbabwe.<\/p>\n<h2>FAQ sur les vols pas chers vers le Zimbabwe<\/h2>\n<h3>Quelles compagnies a\u00e9riennes proposent des billets d&#039;avion pas chers vers le Zimbabwe ?<\/h3>\n<p>Il existe un large \u00e9ventail de compagnies a\u00e9riennes diff\u00e9rentes qui proposent des vols bon march\u00e9 vers le Zimbabwe, bien que Kenya Airways, KLM, British Airways et Air France soient les quatre grandes. G\u00e9n\u00e9ralement, le prix des billets pour le Zimbabwe ne varie pas beaucoup, donc cela d\u00e9pend en grande partie de la pr\u00e9f\u00e9rence. Vous aurez d&#039;excellentes chances de trouver un billet d&#039;avion pas cher pour le Zimbabwe avec Air France ou KLM, de toute fa\u00e7on British Airways est un meilleur choix \u00e0 consid\u00e9rer car ils fournissent des boissons et des collations gratuites tout au long de leurs vols vers le Zimbabwe, ainsi qu&#039;une adh\u00e9sion gratuite \u00e0 l&#039;ex\u00e9cutif o\u00f9 vous pouvez gagner des points.<\/p>\n<h3>Meilleur moment pour partir au Zimbabwe<\/h3>\n<p>Si vous avez trouv\u00e9 des vols pas chers pour le Zimbabwe entre avril et septembre, vous \u00eates dans une ambiance moins chaleureuse et plus de jeux. Les situations tropicales font du plateau des hautes prairies le meilleur endroit pour observer la faune.<\/p>\n<p><strong>Haute saison<\/strong><br \/>\nLa haute saison est pendant l&#039;hiver au Royaume-Uni, vous aurez donc du mal \u00e0 trouver des offres de vols pour le Zimbabwe. Assurez-vous de r\u00e9server vos billets d&#039;avion \u00e0 l&#039;avance pour \u00e9viter de trop payer pour les vols vers le Zimbabwe et planifiez \u00e0 l&#039;avance si des \u00e9v\u00e9nements ou des festivals ont lieu. Novembre \u00e0 avril est la saison des pluies o\u00f9 la terre devient verte, ce qui en fait un moment remarquable pour visiter pour attraper des animaux qui s&#039;abreuvent aux points d&#039;eau. Si vous souhaitez vous rendre aux chutes Victoria, qui sont la grande attraction du Zimbabwe, visitez-les entre avril et juillet.<\/p>\n<p><strong>Hors saison<\/strong><br \/>\nVous trouverez les billets d&#039;avion pas chers pour Zimbabwe Harare de fin juin \u00e0 septembre qui est la saison s\u00e8che. Toute la terre s&#039;ass\u00e8che et partout commence \u00e0 avoir l&#039;air plut\u00f4t baron, bien que vous ayez beaucoup plus de facilit\u00e9 \u00e0 trouver des vols et des offres d&#039;h\u00f4tels au Zimbabwe.<\/p>\n<h3>A\u00e9roports internationaux au Zimbabwe<\/h3>\n<p>L&#039;a\u00e9roport international de Harare est la grande plate-forme d&#039;aviation commerciale desservant le pays, avec des billets d&#039;avion bon march\u00e9 pour le Zimbabwe Harare dans toute la r\u00e9gion comme le Moyen-Orient, l&#039;Europe ainsi qu&#039;en Afrique atterrissant \u00e0 son a\u00e9roport. Il s&#039;occupe d&#039;environ quatre cents vols par semaine, principalement internationaux. Les prochains choix de vol sont les chutes Victoria et l&#039;a\u00e9roport de Bulawayo, qui sont de petits a\u00e9roports internationaux g\u00e9rant principalement des vols arrivant en Afrique. L&#039;a\u00e9roport de Kariba fonctionne pleinement \u00e0 l&#039;\u00e9chelle locale.<\/p>\n<h3>Comment se rendre au centre-ville depuis l&#039;a\u00e9roport ?<\/h3>\n<p>L&#039;a\u00e9roport est id\u00e9alement situ\u00e9 \u00e0 environ 12 km du centre-ville et il y a plusieurs choix accessibles pour s&#039;y rendre. Vous pouvez trouver des taxis \u00e0 l&#039;ext\u00e9rieur des terminaux d&#039;arriv\u00e9e, mais assurez-vous de vous mettre d&#039;accord sur le prix avant d&#039;entrer. Les services de bus sont \u00e9galement accessibles et ils ne co\u00fbtent qu&#039;une fraction du prix, donc \u00e0 moins que vous n&#039;ayez beaucoup de bagages ou que vous soyez peu nombreux \u00e0 partager le co\u00fbt du taxi, un bus est un excellent choix. Enfin, une fois que vous avez r\u00e9serv\u00e9 vos vols pas chers avec South Africa Airways Zimbabwe, il vaut la peine d&#039;essayer de voir si des h\u00f4tels proposent des transferts a\u00e9roport car cela vous fera gagner du temps et de l&#039;argent.<\/p>","protected":false},"excerpt":{"rendered":"<p>Looking for cheap airline ticket to Zimbabwe or last minute deals? Search, compare and book cheap Zimbabwe flights online now. Book cheap flights to Zimbabwe online and save money on airfare.\u00a0Zimbabwe is a colorful country gifted with so much natural beauty in its plants, landscapes, and wildlife. With a big range of charming locations of [&hellip;]<\/p>\n","protected":false},"author":1,"featured_media":14041,"parent":23264,"menu_order":0,"comment_status":"open","ping_status":"closed","template":"template-home-modern.php","meta":{"footnotes":""},"class_list":["post-11932","page","type-page","status-publish","has-post-thumbnail","hentry"],"yoast_head":"<!-- This site is optimized with the Yoast SEO plugin v27.2 - https:\/\/yoast.com\/product\/yoast-seo-wordpress\/ -->\n<title>Cheap Flights to Zimbabwe<\/title>\n<meta name=\"description\" content=\"Looking for cheap flights to\u00a0Zimbabwe? Search, compare and book cheap airline ticket from to\u00a0Zimbabwe online and save money\" \/>\n<meta name=\"robots\" content=\"index, follow, max-snippet:-1, max-image-preview:large, max-video-preview:-1\" \/>\n<link rel=\"canonical\" href=\"https:\/\/tiketi.com\/fr-fr\/cheap-flights\/zimbabwe\/\" \/>\n<meta property=\"og:locale\" content=\"fr_FR\" \/>\n<meta property=\"og:type\" content=\"article\" \/>\n<meta property=\"og:title\" content=\"Cheap Flights to Zimbabwe\" \/>\n<meta property=\"og:description\" content=\"Looking for cheap flights to\u00a0Zimbabwe? Search, compare and book cheap airline ticket from to\u00a0Zimbabwe online and save money\" \/>\n<meta property=\"og:url\" content=\"https:\/\/tiketi.com\/fr-fr\/cheap-flights\/zimbabwe\/\" \/>\n<meta property=\"og:site_name\" content=\"Tiketi.com\" \/>\n<meta property=\"article:publisher\" content=\"https:\/\/www.facebook.com\/TiketiCom\/\" \/>\n<meta property=\"article:modified_time\" content=\"2022-11-09T16:02:03+00:00\" \/>\n<meta property=\"og:image\" content=\"https:\/\/tiketi.com\/wp-content\/uploads\/2022\/01\/flight-ticket-booking-sorasak-KxCJXXGsv9I-unsplas.jpg\" \/>\n\t<meta property=\"og:image:width\" content=\"1200\" \/>\n\t<meta property=\"og:image:height\" content=\"240\" \/>\n\t<meta property=\"og:image:type\" content=\"image\/jpeg\" \/>\n<meta name=\"twitter:card\" content=\"summary_large_image\" \/>\n<meta name=\"twitter:label1\" content=\"Dur\u00e9e de lecture estim\u00e9e\" \/>\n\t<meta name=\"twitter:data1\" content=\"4 minutes\" \/>\n<script type=\"application\/ld+json\" class=\"yoast-schema-graph\">{\"@context\":\"https:\/\/schema.org\",\"@graph\":[{\"@type\":\"WebPage\",\"@id\":\"https:\/\/tiketi.com\/fr-fr\/cheap-flights\/zimbabwe\/\",\"url\":\"https:\/\/tiketi.com\/fr-fr\/cheap-flights\/zimbabwe\/\",\"name\":\"Cheap Flights to Zimbabwe\",\"isPartOf\":{\"@id\":\"https:\/\/tiketi.com\/#website\"},\"primaryImageOfPage\":{\"@id\":\"https:\/\/tiketi.com\/fr-fr\/cheap-flights\/zimbabwe\/#primaryimage\"},\"image\":{\"@id\":\"https:\/\/tiketi.com\/fr-fr\/cheap-flights\/zimbabwe\/#primaryimage\"},\"thumbnailUrl\":\"https:\/\/tiketi.com\/wp-content\/uploads\/2022\/01\/flight-ticket-booking-sorasak-KxCJXXGsv9I-unsplas.jpg\",\"datePublished\":\"2022-01-19T11:55:24+00:00\",\"dateModified\":\"2022-11-09T16:02:03+00:00\",\"description\":\"Looking for cheap flights to\u00a0Zimbabwe? Search, compare and book cheap airline ticket from to\u00a0Zimbabwe online and save money\",\"breadcrumb\":{\"@id\":\"https:\/\/tiketi.com\/fr-fr\/cheap-flights\/zimbabwe\/#breadcrumb\"},\"inLanguage\":\"fr-FR\",\"potentialAction\":[{\"@type\":\"ReadAction\",\"target\":[\"https:\/\/tiketi.com\/fr-fr\/cheap-flights\/zimbabwe\/\"]}]},{\"@type\":\"ImageObject\",\"inLanguage\":\"fr-FR\",\"@id\":\"https:\/\/tiketi.com\/fr-fr\/cheap-flights\/zimbabwe\/#primaryimage\",\"url\":\"https:\/\/tiketi.com\/wp-content\/uploads\/2022\/01\/flight-ticket-booking-sorasak-KxCJXXGsv9I-unsplas.jpg\",\"contentUrl\":\"https:\/\/tiketi.com\/wp-content\/uploads\/2022\/01\/flight-ticket-booking-sorasak-KxCJXXGsv9I-unsplas.jpg\",\"width\":1200,\"height\":240,\"caption\":\"Online flight ticket booking\"},{\"@type\":\"BreadcrumbList\",\"@id\":\"https:\/\/tiketi.com\/fr-fr\/cheap-flights\/zimbabwe\/#breadcrumb\",\"itemListElement\":[{\"@type\":\"ListItem\",\"position\":1,\"name\":\"Home\",\"item\":\"https:\/\/tiketi.com\/\"},{\"@type\":\"ListItem\",\"position\":2,\"name\":\"Cheap Flights\",\"item\":\"https:\/\/tiketi.com\/cheap-flights\/\"},{\"@type\":\"ListItem\",\"position\":3,\"name\":\"Cheap Flights to Zimbabwe\"}]},{\"@type\":\"WebSite\",\"@id\":\"https:\/\/tiketi.com\/#website\",\"url\":\"https:\/\/tiketi.com\/\",\"name\":\"Flight & Bus Tickets, Tour Packages & Activitites - Tiketi.com\",\"description\":\"Flight &amp; Bus Tickets, Tours, Activitites\",\"publisher\":{\"@id\":\"https:\/\/tiketi.com\/#organization\"},\"potentialAction\":[{\"@type\":\"SearchAction\",\"target\":{\"@type\":\"EntryPoint\",\"urlTemplate\":\"https:\/\/tiketi.com\/?s={search_term_string}\"},\"query-input\":{\"@type\":\"PropertyValueSpecification\",\"valueRequired\":true,\"valueName\":\"search_term_string\"}}],\"inLanguage\":\"fr-FR\"},{\"@type\":\"Organization\",\"@id\":\"https:\/\/tiketi.com\/#organization\",\"name\":\"Tiketi.com\",\"alternateName\":\"Tiketi\",\"url\":\"https:\/\/tiketi.com\/\",\"logo\":{\"@type\":\"ImageObject\",\"inLanguage\":\"fr-FR\",\"@id\":\"https:\/\/tiketi.com\/#\/schema\/logo\/image\/\",\"url\":\"https:\/\/tiketi.com\/wp-content\/uploads\/2019\/05\/tiketi-logo-696.png\",\"contentUrl\":\"https:\/\/tiketi.com\/wp-content\/uploads\/2019\/05\/tiketi-logo-696.png\",\"width\":696,\"height\":696,\"caption\":\"Tiketi.com\"},\"image\":{\"@id\":\"https:\/\/tiketi.com\/#\/schema\/logo\/image\/\"},\"sameAs\":[\"https:\/\/www.facebook.com\/TiketiCom\/\"]}]}<\/script>\n<!-- \/ Yoast SEO plugin. -->","yoast_head_json":{"title":"Vols pas chers vers Zimbabwe","description":"Vous cherchez des vols pas chers vers Zimbabwe ? Recherchez, comparez et r\u00e9servez en ligne un billet d&#039;avion pas cher de vers Zimbabwe et \u00e9conomisez de l&#039;argent","robots":{"index":"index","follow":"follow","max-snippet":"max-snippet:-1","max-image-preview":"max-image-preview:large","max-video-preview":"max-video-preview:-1"},"canonical":"https:\/\/tiketi.com\/fr-fr\/cheap-flights\/zimbabwe\/","og_locale":"fr_FR","og_type":"article","og_title":"Cheap Flights to Zimbabwe","og_description":"Looking for cheap flights to\u00a0Zimbabwe? Search, compare and book cheap airline ticket from to\u00a0Zimbabwe online and save money","og_url":"https:\/\/tiketi.com\/fr-fr\/cheap-flights\/zimbabwe\/","og_site_name":"Tiketi.com","article_publisher":"https:\/\/www.facebook.com\/TiketiCom\/","article_modified_time":"2022-11-09T16:02:03+00:00","og_image":[{"width":1200,"height":240,"url":"https:\/\/tiketi.com\/wp-content\/uploads\/2022\/01\/flight-ticket-booking-sorasak-KxCJXXGsv9I-unsplas.jpg","type":"image\/jpeg"}],"twitter_card":"summary_large_image","twitter_misc":{"Dur\u00e9e de lecture estim\u00e9e":"4 minutes"},"schema":{"@context":"https:\/\/schema.org","@graph":[{"@type":"WebPage","@id":"https:\/\/tiketi.com\/fr-fr\/cheap-flights\/zimbabwe\/","url":"https:\/\/tiketi.com\/fr-fr\/cheap-flights\/zimbabwe\/","name":"Vols pas chers vers Zimbabwe","isPartOf":{"@id":"https:\/\/tiketi.com\/#website"},"primaryImageOfPage":{"@id":"https:\/\/tiketi.com\/fr-fr\/cheap-flights\/zimbabwe\/#primaryimage"},"image":{"@id":"https:\/\/tiketi.com\/fr-fr\/cheap-flights\/zimbabwe\/#primaryimage"},"thumbnailUrl":"https:\/\/tiketi.com\/wp-content\/uploads\/2022\/01\/flight-ticket-booking-sorasak-KxCJXXGsv9I-unsplas.jpg","datePublished":"2022-01-19T11:55:24+00:00","dateModified":"2022-11-09T16:02:03+00:00","description":"Vous cherchez des vols pas chers vers Zimbabwe ? Recherchez, comparez et r\u00e9servez en ligne un billet d&#039;avion pas cher de vers Zimbabwe et \u00e9conomisez de l&#039;argent","breadcrumb":{"@id":"https:\/\/tiketi.com\/fr-fr\/cheap-flights\/zimbabwe\/#breadcrumb"},"inLanguage":"fr-FR","potentialAction":[{"@type":"ReadAction","target":["https:\/\/tiketi.com\/fr-fr\/cheap-flights\/zimbabwe\/"]}]},{"@type":"ImageObject","inLanguage":"fr-FR","@id":"https:\/\/tiketi.com\/fr-fr\/cheap-flights\/zimbabwe\/#primaryimage","url":"https:\/\/tiketi.com\/wp-content\/uploads\/2022\/01\/flight-ticket-booking-sorasak-KxCJXXGsv9I-unsplas.jpg","contentUrl":"https:\/\/tiketi.com\/wp-content\/uploads\/2022\/01\/flight-ticket-booking-sorasak-KxCJXXGsv9I-unsplas.jpg","width":1200,"height":240,"caption":"Online flight ticket booking"},{"@type":"BreadcrumbList","@id":"https:\/\/tiketi.com\/fr-fr\/cheap-flights\/zimbabwe\/#breadcrumb","itemListElement":[{"@type":"ListItem","position":1,"name":"Home","item":"https:\/\/tiketi.com\/"},{"@type":"ListItem","position":2,"name":"Cheap Flights","item":"https:\/\/tiketi.com\/cheap-flights\/"},{"@type":"ListItem","position":3,"name":"Cheap Flights to Zimbabwe"}]},{"@type":"WebSite","@id":"https:\/\/tiketi.com\/#website","url":"https:\/\/tiketi.com\/","name":"Billets d&#039;avion et de bus, forfaits touristiques et activit\u00e9s - Tiketi.com","description":"Billets d&#039;avion et de bus, Tours, Activit\u00e9s","publisher":{"@id":"https:\/\/tiketi.com\/#organization"},"potentialAction":[{"@type":"SearchAction","target":{"@type":"EntryPoint","urlTemplate":"https:\/\/tiketi.com\/?s={search_term_string}"},"query-input":{"@type":"PropertyValueSpecification","valueRequired":true,"valueName":"search_term_string"}}],"inLanguage":"fr-FR"},{"@type":"Organization","@id":"https:\/\/tiketi.com\/#organization","name":"Tiketi.com","alternateName":"Tiketi","url":"https:\/\/tiketi.com\/","logo":{"@type":"ImageObject","inLanguage":"fr-FR","@id":"https:\/\/tiketi.com\/#\/schema\/logo\/image\/","url":"https:\/\/tiketi.com\/wp-content\/uploads\/2019\/05\/tiketi-logo-696.png","contentUrl":"https:\/\/tiketi.com\/wp-content\/uploads\/2019\/05\/tiketi-logo-696.png","width":696,"height":696,"caption":"Tiketi.com"},"image":{"@id":"https:\/\/tiketi.com\/#\/schema\/logo\/image\/"},"sameAs":["https:\/\/www.facebook.com\/TiketiCom\/"]}]}},"_links":{"self":[{"href":"https:\/\/tiketi.com\/fr-fr\/wp-json\/wp\/v2\/pages\/11932","targetHints":{"allow":["GET"]}}],"collection":[{"href":"https:\/\/tiketi.com\/fr-fr\/wp-json\/wp\/v2\/pages"}],"about":[{"href":"https:\/\/tiketi.com\/fr-fr\/wp-json\/wp\/v2\/types\/page"}],"author":[{"embeddable":true,"href":"https:\/\/tiketi.com\/fr-fr\/wp-json\/wp\/v2\/users\/1"}],"replies":[{"embeddable":true,"href":"https:\/\/tiketi.com\/fr-fr\/wp-json\/wp\/v2\/comments?post=11932"}],"version-history":[{"count":0,"href":"https:\/\/tiketi.com\/fr-fr\/wp-json\/wp\/v2\/pages\/11932\/revisions"}],"up":[{"embeddable":true,"href":"https:\/\/tiketi.com\/fr-fr\/wp-json\/wp\/v2\/pages\/23264"}],"wp:featuredmedia":[{"embeddable":true,"href":"https:\/\/tiketi.com\/fr-fr\/wp-json\/wp\/v2\/media\/14041"}],"wp:attachment":[{"href":"https:\/\/tiketi.com\/fr-fr\/wp-json\/wp\/v2\/media?parent=11932"}],"curies":[{"name":"wp","href":"https:\/\/api.w.org\/{rel}","templated":true}]}}