{"id":11933,"date":"2022-01-19T12:55:24","date_gmt":"2022-01-19T11:55:24","guid":{"rendered":"https:\/\/new.tiketi.com\/cheap-flights-to-cape-town\/"},"modified":"2022-02-10T09:57:54","modified_gmt":"2022-02-10T08:57:54","slug":"cheap-flights-to-cape-town-cpt","status":"publish","type":"page","link":"https:\/\/tiketi.com\/fr-fr\/cheap-flights-to-cape-town-cpt\/","title":{"rendered":"Vols pas chers vers Le Cap"},"content":{"rendered":"<h2>\u00c0 la recherche d&#039;un billet d&#039;avion pas cher pour Le Cap ou d&#039;offres de derni\u00e8re minute ?<\/h2>\n<h3>Recherchez, comparez et r\u00e9servez en ligne d\u00e8s maintenant vos billets d&#039;avion \u00e0 bas prix Le Cap (CPT).<\/h3>\n<p>R\u00e9servez en ligne des vols pas chers pour Le Cap et \u00e9conomisez de l&#039;argent sur les billets d&#039;avion. Le Cap a en fait \u00e9t\u00e9 \u00e9tabli comme une station de ravitaillement pour les navires n\u00e9erlandais des Indes orientales qui se dirigeaient vers l&#039;est. Il occupe un endroit pittoresque sur la c\u00f4te sud-africaine, offrant une vue imprenable sur l&#039;oc\u00e9an et la baie avec Table Mountain en toile de fond. Il est consid\u00e9r\u00e9 comme l&#039;un des lieux touristiques les plus c\u00e9l\u00e8bres d&#039;Afrique, en raison de ses paysages magnifiques, de son climat doux et de ses meilleures installations touristiques. Comparez les prix et obtenez les tarifs les plus bas sur les billets d&#039;avion de Le Cap gr\u00e2ce \u00e0 des offres exceptionnelles sur la r\u00e9servation de billets en ligne de vols au Cap.<\/p>\n<h2>Un aper\u00e7u de la meilleure attraction touristique du Cap<\/h2>\n<h3>Table montagne<\/h3>\n<p>Situ\u00e9 dans un parc national, atteindre la hauteur de la montagne de la table est une exp\u00e9rience merveilleuse, qui offre une vue unique et rapide sur la ville du Cap, Robben Island au nord et la c\u00f4te atlantique au sud et \u00e0 l&#039;ouest. Culminant \u00e0 1 085 m\u00e8tres, le sommet peut simplement \u00eatre atteint par un ing\u00e9nieux t\u00e9l\u00e9ph\u00e9rique, et chaque plancher tournant permet aux passagers de profiter d&#039;une vue \u00e0 360 degr\u00e9s pendant le trajet jusqu&#039;au sommet.<\/p>\n<h3>Jardins botaniques nationaux de Kirstenbosch<\/h3>\n<p>Le jardin a \u00e9t\u00e9 cr\u00e9\u00e9 en 1913, est l&#039;un des meilleurs jardins botaniques au monde et a \u00e9t\u00e9 le premier \u00e0 se concentrer sur les plantes indig\u00e8nes d&#039;un pays. Kirstenbosch sp\u00e9cifie non seulement des plantes de la r\u00e9gion du Cap, mais aussi de toute l&#039;Afrique australe. Le jardin est situ\u00e9 sur fond de montagne de la table, ce qui offre des vues assez remarquables.<\/p>\n<h3>Plages de Clifton et Camps Bay<\/h3>\n<p>Le Cap poss\u00e8de certaines des meilleures plages urbaines du monde \u00e0 offrir. Les plages de Clifton sont certainement les plus branch\u00e9es de toutes et sont situ\u00e9es du c\u00f4t\u00e9 ouest de l&#039;Atlantique \u00e0 seulement 10 minutes du centre-ville. Clifton est en fait une s\u00e9rie de 4 plages s\u00e9par\u00e9es par une \u00e9tendue de rochers de granit. Toutes les plages ont du sable presque blanc et offrent des vues et des couchers de soleil charmants.<\/p>\n<h3>Front de mer Victoria et Alfred<\/h3>\n<p>Le Victoria &amp; Alfred Waterfront est consid\u00e9r\u00e9 comme l&#039;une des attractions les plus c\u00e9l\u00e8bres du pays, avec ses vues imprenables sur l&#039;oc\u00e9an Atlantique, la montagne de la Table et la baie de la Table. Nomm\u00e9 en l&#039;honneur de la reine britannique Victoria et de son plus jeune fils Alfred, qui ont pos\u00e9 les premi\u00e8res pierres du brise-lames dans les ann\u00e9es 1860, le front de mer historique abrite aujourd&#039;hui un large \u00e9ventail de restaurants, de boutiques et de lieux de vie nocturne.<\/p>\n<h3>Autre chose \u00e0 voir et \u00e0 faire au Cap :<\/h3>\n<p>\u2022 Ch\u00e2teau de Bonne Esp\u00e9rance<br \/>\n\u2022 Aquarium des oc\u00e9ans<br \/>\n\u2022 Longue rue<br \/>\n\u2022 Centre commercial du Cap<br \/>\n\u2022 Place du march\u00e9 vert<br \/>\n\u2022 Bonnet de Bonne Esp\u00e9rance<br \/>\n\u2022 Bo-Kaap<br \/>\n\u2022 Groot Constantia<br \/>\n\u2022 P\u00e9ninsule de Cape Point<br \/>\n\u2022 Plage de Boulders<br \/>\n\u2022 T\u00eate de Lion<br \/>\n\u2022 Chambres du Parlement<br \/>\n\u2022 L&#039;h\u00f4tel de ville<br \/>\n\u2022 Mus\u00e9es du Cap<br \/>\n\u2022 Robben Island (Prison Nelson Mandela)<\/p>\n<h2>FAQ sur les vols pas chers vers Le Cap<\/h2>\n<h3>Quelles compagnies a\u00e9riennes desservent Le Cap ?<\/h3>\n<p>En tant que troisi\u00e8me a\u00e9roport d&#039;affaires en Afrique, les a\u00e9roports internationaux du Cap accueillent de nombreux vols vers le Cap directement depuis les grands centres de trafic a\u00e9rien en Europe, en Afrique et en Asie. Les grandes compagnies a\u00e9riennes internationales desservant l&#039;a\u00e9roport comprennent Qatar Airlines, British Airways, South Africa Airways, Turkish Airlines et entre autres. Vous pouvez \u00e9galement voler sur une compagnie a\u00e9rienne locale telle que Kulula et Mango Airlines.<\/p>\n<h3>Quel jour est le moins cher pour partir pour Le Cap ?<\/h3>\n<p>Les vols bon march\u00e9 vers Cape Town sont g\u00e9n\u00e9ralement trouv\u00e9s au d\u00e9part le lundi. Le jour de d\u00e9part avec le co\u00fbt maximum actuellement est le samedi.<\/p>\n<h3>\u00c0 quelle heure de la journ\u00e9e est-il abordable de prendre l&#039;avion pour Le Cap\u00a0?<\/h3>\n<p>Les vols vers le Cap \u00e0 midi sont g\u00e9n\u00e9ralement l&#039;heure la moins ch\u00e8re de la journ\u00e9e pour voler. Les vols du matin sont g\u00e9n\u00e9ralement les plus chers.<\/p>\n<h3>Quelle est la p\u00e9riode de l&#039;ann\u00e9e la moins ch\u00e8re pour r\u00e9server un billet d&#039;avion pour Le Cap ?<\/h3>\n<p>Le moment abordable pour venir au Cap est \u00e0 la mi-juin, lorsque les temp\u00e9ratures sont glaciales dans la ville et qu&#039;il y a peu de visiteurs en vue. Billet d&#039;avion bon march\u00e9 pour Cape Town et l&#039;h\u00f4tel recherchent des visiteurs pour remplir leurs chambres et faire fonctionner leur entreprise. La baisse de la demande d&#039;offres de vols pour Le Cap en juin diminue \u00e9galement le prix des billets pour Le Cap. Si vous voyagez avec un budget limit\u00e9, venir au Cap en juin pourrait vous co\u00fbter beaucoup de temps. La temp\u00e9rature n&#039;est pas trop froide, les sommets sont encore au d\u00e9but des ann\u00e9es 20 et la montagne de la table est toujours magnifique pour faire de la randonn\u00e9e \u00e0 tout moment de l&#039;ann\u00e9e.<\/p>\n<h3>Quel est le meilleur moment pour s&#039;envoler pour Le Cap ?<\/h3>\n<p><strong>Haute saison<\/strong><br \/>\nLe Cap b\u00e9n\u00e9ficie d&#039;un climat doux toute l&#039;ann\u00e9e, donc avec une certaine \u00e9lasticit\u00e9 et une planification \u00e0 l&#039;avance, vous pouvez trouver des vols bon march\u00e9 pour Le Cap. Les mois de novembre \u00e0 janvier sont les p\u00e9riodes les plus charg\u00e9es de l&#039;ann\u00e9e, ce qui rend les vols au Cap plus chers. Pendant les vacances scolaires, les prix sont \u00e9lev\u00e9s et beaucoup plus de monde, surtout en janvier et d\u00e9cembre, car c&#039;est la p\u00e9riode des vacances d&#039;\u00e9t\u00e9 en Afrique du Sud. des vols vers Cape Town Pemba et des vols vers Cape Town Tanzanie peuvent \u00eatre trouv\u00e9s autour de P\u00e2ques si vous r\u00e9servez \u00e0 l&#039;avance, bien que ce soit une p\u00e9riode c\u00e9l\u00e8bre de l&#039;ann\u00e9e. Le prix des billets pour Cape Town est plus cher pendant les semaines pr\u00e9c\u00e9dant le d\u00e9fil\u00e9, alors r\u00e9servez \u00e0 l&#039;avance pour garder de l&#039;argent.<\/p>\n<p><strong>Hors saison<\/strong><br \/>\nLes meilleurs vols vers Cape Town sont pendant la saison de transition du printemps et de l&#039;automne. En raison de la variation moyenne des saisons, Cape Town au printemps ou \u00e0 l&#039;automne conna\u00eet un temps doux et des journ\u00e9es sans vent. De plus, il y a moins de monde ! Plusieurs festivals et concerts sont programm\u00e9s pour attirer les touristes au Cap tout au long de l&#039;ann\u00e9e.<\/p>\n<h2>Vols pour Le Cap<\/h2>\n<h3>Vols int\u00e9rieurs pas chers au d\u00e9part du Cap<\/h3>\n<table border=\"0\" cellspacing=\"2\" cellpadding=\"2\">\n<tbody>\n<tr>\n<td>Vols pas chers de Le Cap \u00e0 <a href=\"https:\/\/tiketi.com\/fr-fr\/flights-cape-town-johannesburg-cpt-jnb\/\" target=\"_blank\" rel=\"noopener\">Johannesbourg<\/a><\/td>\n<td style=\"width: 30px;\"><\/td>\n<td>Vols pas chers de Le Cap \u00e0 <a href=\"https:\/\/tiketi.com\/fr-fr\/flights-cape-town-durban-cpt-dur\/\" target=\"_blank\" rel=\"noopener\">Durban<\/a><\/td>\n<\/tr>\n<tr>\n<td>Vols pas chers de Le Cap \u00e0 <a href=\"https:\/\/tiketi.com\/fr-fr\/flights-cape-town-port-elizabeth-cpt-plz\/\" target=\"_blank\" rel=\"noopener\">Port Elisabeth<\/a><\/td>\n<td><\/td>\n<td>Vols pas chers de Le Cap \u00e0 <a href=\"https:\/\/tiketi.com\/fr-fr\/flights-cape-town-bloemfontein-cpt-bfn\/\" target=\"_blank\" rel=\"noopener\">Bloomfontein<\/a><\/td>\n<\/tr>\n<tr>\n<td>Vols pas chers de Le Cap \u00e0 <a href=\"https:\/\/tiketi.com\/fr-fr\/flights-cape-town-kimberley-cpt-kim\/\" target=\"_blank\" rel=\"noopener\">Kimberly<\/a><\/td>\n<td><\/td>\n<td>Vols pas chers de Le Cap \u00e0 <a href=\"https:\/\/tiketi.com\/fr-fr\/flights-cape-town-george-cpt-grj\/\" target=\"_blank\" rel=\"noopener\">Georges<\/a><\/td>\n<\/tr>\n<tr>\n<td>Vols pas chers de Le Cap \u00e0 <a href=\"https:\/\/tiketi.com\/fr-fr\/flights-cape-town-east-london-cpt-els\/\" target=\"_blank\" rel=\"noopener\">Est de Londres<\/a><\/td>\n<td><\/td>\n<td><\/td>\n<\/tr>\n<\/tbody>\n<\/table>\n<h3>Vols internationaux et billets d&#039;avion pas chers au d\u00e9part du Cap<\/h3>\n<table border=\"0\" cellspacing=\"2\" cellpadding=\"2\">\n<tbody>\n<tr>\n<td>Vols pas chers de Le Cap \u00e0 <a href=\"https:\/\/tiketi.com\/fr-fr\/flights-cape-town-dubai-cpt-dbx\/\" target=\"_blank\" rel=\"noopener\">Duba\u00ef<\/a><\/td>\n<td style=\"width: 30px;\"><\/td>\n<td>Vols pas chers de Le Cap \u00e0 <a href=\"https:\/\/tiketi.com\/fr-fr\/flights-cape-town-mauritius-cpt-mru\/\" target=\"_blank\" rel=\"noopener\">Maurice<\/a><\/td>\n<\/tr>\n<tr>\n<td>Vols pas chers de Le Cap \u00e0 <a href=\"https:\/\/tiketi.com\/fr-fr\/flights-cape-town-london-cpt-lhr\/\" target=\"_blank\" rel=\"noopener\">Londres<\/a><\/td>\n<td><\/td>\n<td>Vols pas chers de Le Cap \u00e0 <a href=\"https:\/\/tiketi.com\/fr-fr\/flights-cape-town-victoria-falls-cpt-vfa\/\" target=\"_blank\" rel=\"noopener\">Les chutes Victoria<\/a><\/td>\n<\/tr>\n<\/tbody>\n<\/table>","protected":false},"excerpt":{"rendered":"<p>Looking for cheap airline ticket to Cape Town or last minute deals? Search, compare and book cheap airline ticket Cape Town (CPT) online now. Book cheap flights to Cape Town online and save money on airfare. Cape town was actually established as a supply station for Dutch East Indies ships that were headed east. Its [&hellip;]<\/p>\n","protected":false},"author":1,"featured_media":16150,"parent":0,"menu_order":0,"comment_status":"open","ping_status":"closed","template":"template-home-modern.php","meta":{"footnotes":""},"class_list":["post-11933","page","type-page","status-publish","has-post-thumbnail","hentry"],"yoast_head":"<!-- This site is optimized with the Yoast SEO plugin v27.3 - https:\/\/yoast.com\/product\/yoast-seo-wordpress\/ -->\n<title>Cheap Flights to Cape Town<\/title>\n<meta name=\"description\" content=\"Looking for cheap flights to\u00a0Cape Town? Search, compare and book cheap airline ticket from to\u00a0Cape Town online\" \/>\n<meta name=\"robots\" content=\"index, follow, max-snippet:-1, max-image-preview:large, max-video-preview:-1\" \/>\n<link rel=\"canonical\" href=\"https:\/\/tiketi.com\/fr-fr\/cheap-flights-to-cape-town-cpt\/\" \/>\n<meta property=\"og:locale\" content=\"fr_FR\" \/>\n<meta property=\"og:type\" content=\"article\" \/>\n<meta property=\"og:title\" content=\"Cheap Flights to Cape Town\" \/>\n<meta property=\"og:description\" content=\"Looking for cheap flights to\u00a0Cape Town? Search, compare and book cheap airline ticket from to\u00a0Cape Town online\" \/>\n<meta property=\"og:url\" content=\"https:\/\/tiketi.com\/fr-fr\/cheap-flights-to-cape-town-cpt\/\" \/>\n<meta property=\"og:site_name\" content=\"Tiketi.com\" \/>\n<meta property=\"article:publisher\" content=\"https:\/\/www.facebook.com\/TiketiCom\/\" \/>\n<meta property=\"article:modified_time\" content=\"2022-02-10T08:57:54+00:00\" \/>\n<meta property=\"og:image\" content=\"https:\/\/tiketi.com\/wp-content\/uploads\/2022\/02\/cape-town-5293565_1200.jpg\" \/>\n\t<meta property=\"og:image:width\" content=\"1280\" \/>\n\t<meta property=\"og:image:height\" content=\"222\" \/>\n\t<meta property=\"og:image:type\" content=\"image\/jpeg\" \/>\n<meta name=\"twitter:card\" content=\"summary_large_image\" \/>\n<meta name=\"twitter:label1\" content=\"Dur\u00e9e de lecture estim\u00e9e\" \/>\n\t<meta name=\"twitter:data1\" content=\"5 minutes\" \/>\n<script type=\"application\/ld+json\" class=\"yoast-schema-graph\">{\"@context\":\"https:\\\/\\\/schema.org\",\"@graph\":[{\"@type\":\"WebPage\",\"@id\":\"https:\\\/\\\/tiketi.com\\\/cheap-flights-to-cape-town-cpt\\\/\",\"url\":\"https:\\\/\\\/tiketi.com\\\/cheap-flights-to-cape-town-cpt\\\/\",\"name\":\"Cheap Flights to Cape Town\",\"isPartOf\":{\"@id\":\"https:\\\/\\\/tiketi.com\\\/#website\"},\"primaryImageOfPage\":{\"@id\":\"https:\\\/\\\/tiketi.com\\\/cheap-flights-to-cape-town-cpt\\\/#primaryimage\"},\"image\":{\"@id\":\"https:\\\/\\\/tiketi.com\\\/cheap-flights-to-cape-town-cpt\\\/#primaryimage\"},\"thumbnailUrl\":\"https:\\\/\\\/tiketi.com\\\/wp-content\\\/uploads\\\/2022\\\/02\\\/cape-town-5293565_1200.jpg\",\"datePublished\":\"2022-01-19T11:55:24+00:00\",\"dateModified\":\"2022-02-10T08:57:54+00:00\",\"description\":\"Looking for cheap flights to\u00a0Cape Town? Search, compare and book cheap airline ticket from to\u00a0Cape Town online\",\"breadcrumb\":{\"@id\":\"https:\\\/\\\/tiketi.com\\\/cheap-flights-to-cape-town-cpt\\\/#breadcrumb\"},\"inLanguage\":\"fr-FR\",\"potentialAction\":[{\"@type\":\"ReadAction\",\"target\":[\"https:\\\/\\\/tiketi.com\\\/cheap-flights-to-cape-town-cpt\\\/\"]}]},{\"@type\":\"ImageObject\",\"inLanguage\":\"fr-FR\",\"@id\":\"https:\\\/\\\/tiketi.com\\\/cheap-flights-to-cape-town-cpt\\\/#primaryimage\",\"url\":\"https:\\\/\\\/tiketi.com\\\/wp-content\\\/uploads\\\/2022\\\/02\\\/cape-town-5293565_1200.jpg\",\"contentUrl\":\"https:\\\/\\\/tiketi.com\\\/wp-content\\\/uploads\\\/2022\\\/02\\\/cape-town-5293565_1200.jpg\",\"width\":1280,\"height\":222,\"caption\":\"Air Taxi in Cape Town\"},{\"@type\":\"BreadcrumbList\",\"@id\":\"https:\\\/\\\/tiketi.com\\\/cheap-flights-to-cape-town-cpt\\\/#breadcrumb\",\"itemListElement\":[{\"@type\":\"ListItem\",\"position\":1,\"name\":\"Home\",\"item\":\"https:\\\/\\\/tiketi.com\\\/\"},{\"@type\":\"ListItem\",\"position\":2,\"name\":\"Cheap Flights to Cape Town\"}]},{\"@type\":\"WebSite\",\"@id\":\"https:\\\/\\\/tiketi.com\\\/#website\",\"url\":\"https:\\\/\\\/tiketi.com\\\/\",\"name\":\"Flight & Bus Tickets, Tour Packages & Activitites - Tiketi.com\",\"description\":\"Flight &amp; Bus Tickets, Tours, Activitites\",\"publisher\":{\"@id\":\"https:\\\/\\\/tiketi.com\\\/#organization\"},\"potentialAction\":[{\"@type\":\"SearchAction\",\"target\":{\"@type\":\"EntryPoint\",\"urlTemplate\":\"https:\\\/\\\/tiketi.com\\\/?s={search_term_string}\"},\"query-input\":{\"@type\":\"PropertyValueSpecification\",\"valueRequired\":true,\"valueName\":\"search_term_string\"}}],\"inLanguage\":\"fr-FR\"},{\"@type\":\"Organization\",\"@id\":\"https:\\\/\\\/tiketi.com\\\/#organization\",\"name\":\"Tiketi.com\",\"alternateName\":\"Tiketi\",\"url\":\"https:\\\/\\\/tiketi.com\\\/\",\"logo\":{\"@type\":\"ImageObject\",\"inLanguage\":\"fr-FR\",\"@id\":\"https:\\\/\\\/tiketi.com\\\/#\\\/schema\\\/logo\\\/image\\\/\",\"url\":\"https:\\\/\\\/tiketi.com\\\/wp-content\\\/uploads\\\/2019\\\/05\\\/tiketi-logo-696.png\",\"contentUrl\":\"https:\\\/\\\/tiketi.com\\\/wp-content\\\/uploads\\\/2019\\\/05\\\/tiketi-logo-696.png\",\"width\":696,\"height\":696,\"caption\":\"Tiketi.com\"},\"image\":{\"@id\":\"https:\\\/\\\/tiketi.com\\\/#\\\/schema\\\/logo\\\/image\\\/\"},\"sameAs\":[\"https:\\\/\\\/www.facebook.com\\\/TiketiCom\\\/\"]}]}<\/script>\n<!-- \/ Yoast SEO plugin. -->","yoast_head_json":{"title":"Vols pas chers vers Le Cap","description":"Vous cherchez des vols pas chers pour Le Cap ? Recherchez, comparez et r\u00e9servez en ligne un billet d&#039;avion pas cher de vers Le Cap","robots":{"index":"index","follow":"follow","max-snippet":"max-snippet:-1","max-image-preview":"max-image-preview:large","max-video-preview":"max-video-preview:-1"},"canonical":"https:\/\/tiketi.com\/fr-fr\/cheap-flights-to-cape-town-cpt\/","og_locale":"fr_FR","og_type":"article","og_title":"Cheap Flights to Cape Town","og_description":"Looking for cheap flights to\u00a0Cape Town? Search, compare and book cheap airline ticket from to\u00a0Cape Town online","og_url":"https:\/\/tiketi.com\/fr-fr\/cheap-flights-to-cape-town-cpt\/","og_site_name":"Tiketi.com","article_publisher":"https:\/\/www.facebook.com\/TiketiCom\/","article_modified_time":"2022-02-10T08:57:54+00:00","og_image":[{"width":1280,"height":222,"url":"https:\/\/tiketi.com\/wp-content\/uploads\/2022\/02\/cape-town-5293565_1200.jpg","type":"image\/jpeg"}],"twitter_card":"summary_large_image","twitter_misc":{"Dur\u00e9e de lecture estim\u00e9e":"5 minutes"},"schema":{"@context":"https:\/\/schema.org","@graph":[{"@type":"WebPage","@id":"https:\/\/tiketi.com\/cheap-flights-to-cape-town-cpt\/","url":"https:\/\/tiketi.com\/cheap-flights-to-cape-town-cpt\/","name":"Vols pas chers vers Le Cap","isPartOf":{"@id":"https:\/\/tiketi.com\/#website"},"primaryImageOfPage":{"@id":"https:\/\/tiketi.com\/cheap-flights-to-cape-town-cpt\/#primaryimage"},"image":{"@id":"https:\/\/tiketi.com\/cheap-flights-to-cape-town-cpt\/#primaryimage"},"thumbnailUrl":"https:\/\/tiketi.com\/wp-content\/uploads\/2022\/02\/cape-town-5293565_1200.jpg","datePublished":"2022-01-19T11:55:24+00:00","dateModified":"2022-02-10T08:57:54+00:00","description":"Vous cherchez des vols pas chers pour Le Cap ? Recherchez, comparez et r\u00e9servez en ligne un billet d&#039;avion pas cher de vers Le Cap","breadcrumb":{"@id":"https:\/\/tiketi.com\/cheap-flights-to-cape-town-cpt\/#breadcrumb"},"inLanguage":"fr-FR","potentialAction":[{"@type":"ReadAction","target":["https:\/\/tiketi.com\/cheap-flights-to-cape-town-cpt\/"]}]},{"@type":"ImageObject","inLanguage":"fr-FR","@id":"https:\/\/tiketi.com\/cheap-flights-to-cape-town-cpt\/#primaryimage","url":"https:\/\/tiketi.com\/wp-content\/uploads\/2022\/02\/cape-town-5293565_1200.jpg","contentUrl":"https:\/\/tiketi.com\/wp-content\/uploads\/2022\/02\/cape-town-5293565_1200.jpg","width":1280,"height":222,"caption":"Air Taxi in Cape Town"},{"@type":"BreadcrumbList","@id":"https:\/\/tiketi.com\/cheap-flights-to-cape-town-cpt\/#breadcrumb","itemListElement":[{"@type":"ListItem","position":1,"name":"Home","item":"https:\/\/tiketi.com\/"},{"@type":"ListItem","position":2,"name":"Cheap Flights to Cape Town"}]},{"@type":"WebSite","@id":"https:\/\/tiketi.com\/#website","url":"https:\/\/tiketi.com\/","name":"Billets d&#039;avion et de bus, forfaits touristiques et activit\u00e9s - Tiketi.com","description":"Billets d&#039;avion et de bus, Tours, Activit\u00e9s","publisher":{"@id":"https:\/\/tiketi.com\/#organization"},"potentialAction":[{"@type":"SearchAction","target":{"@type":"EntryPoint","urlTemplate":"https:\/\/tiketi.com\/?s={search_term_string}"},"query-input":{"@type":"PropertyValueSpecification","valueRequired":true,"valueName":"search_term_string"}}],"inLanguage":"fr-FR"},{"@type":"Organization","@id":"https:\/\/tiketi.com\/#organization","name":"Tiketi.com","alternateName":"Tiketi","url":"https:\/\/tiketi.com\/","logo":{"@type":"ImageObject","inLanguage":"fr-FR","@id":"https:\/\/tiketi.com\/#\/schema\/logo\/image\/","url":"https:\/\/tiketi.com\/wp-content\/uploads\/2019\/05\/tiketi-logo-696.png","contentUrl":"https:\/\/tiketi.com\/wp-content\/uploads\/2019\/05\/tiketi-logo-696.png","width":696,"height":696,"caption":"Tiketi.com"},"image":{"@id":"https:\/\/tiketi.com\/#\/schema\/logo\/image\/"},"sameAs":["https:\/\/www.facebook.com\/TiketiCom\/"]}]}},"_links":{"self":[{"href":"https:\/\/tiketi.com\/fr-fr\/wp-json\/wp\/v2\/pages\/11933","targetHints":{"allow":["GET"]}}],"collection":[{"href":"https:\/\/tiketi.com\/fr-fr\/wp-json\/wp\/v2\/pages"}],"about":[{"href":"https:\/\/tiketi.com\/fr-fr\/wp-json\/wp\/v2\/types\/page"}],"author":[{"embeddable":true,"href":"https:\/\/tiketi.com\/fr-fr\/wp-json\/wp\/v2\/users\/1"}],"replies":[{"embeddable":true,"href":"https:\/\/tiketi.com\/fr-fr\/wp-json\/wp\/v2\/comments?post=11933"}],"version-history":[{"count":0,"href":"https:\/\/tiketi.com\/fr-fr\/wp-json\/wp\/v2\/pages\/11933\/revisions"}],"wp:featuredmedia":[{"embeddable":true,"href":"https:\/\/tiketi.com\/fr-fr\/wp-json\/wp\/v2\/media\/16150"}],"wp:attachment":[{"href":"https:\/\/tiketi.com\/fr-fr\/wp-json\/wp\/v2\/media?parent=11933"}],"curies":[{"name":"wp","href":"https:\/\/api.w.org\/{rel}","templated":true}]}}