{"id":11934,"date":"2022-01-19T12:55:24","date_gmt":"2022-01-19T11:55:24","guid":{"rendered":"https:\/\/new.tiketi.com\/cheap-flights-to-botswana\/"},"modified":"2022-02-10T09:40:05","modified_gmt":"2022-02-10T08:40:05","slug":"cheap-flights-to-botswana","status":"publish","type":"page","link":"https:\/\/tiketi.com\/fr-fr\/cheap-flights-to-botswana\/","title":{"rendered":"Vols pas chers vers Botswana"},"content":{"rendered":"<h2>\u00c0 la recherche d&#039;un billet d&#039;avion pas cher pour le Botswana ou d&#039;offres de derni\u00e8re minute ?<\/h2>\n<h3>Recherchez, comparez et r\u00e9servez en ligne d\u00e8s maintenant vos billets d&#039;avion Botswana(AUH).<\/h3>\n<p>R\u00e9servez en ligne des vols pas chers pour le Botswana et \u00e9conomisez de l&#039;argent sur les billets d&#039;avion. Le Botswana est un pays pr\u00e9serv\u00e9 et sauvage, qui abrite le c\u00e9l\u00e8bre d\u00e9sert du Kalahari, ainsi que des savanes, des prairies et la capitale, Gaborone. Il y a aussi le plus grand delta int\u00e9rieur de la plan\u00e8te, l&#039;Okavango, et une richesse faunique \u00e0 d\u00e9couvrir. Comparez les prix et obtenez les tarifs les plus bas sur les billets d&#039;avion pour Botswana gr\u00e2ce \u00e0 des offres exceptionnelles sur la r\u00e9servation de billets en ligne de vols Botswana.<\/p>\n<h2>Voici les meilleures attractions du Botswana<\/h2>\n<h3>Delta de l&#039;Okavango<\/h3>\n<p>Le delta de l&#039;Okavango est l&#039;un des endroits sauvages les plus \u00e9tonnants et les plus merveilleux d&#039;Afrique, sinon de la plan\u00e8te enti\u00e8re. Le delta de l&#039;Okavango est une grande \u00e9tendue int\u00e9rieure d&#039;eau et de mar\u00e9cages. Il est form\u00e9 par les eaux de la rivi\u00e8re Okavango, qui se d\u00e9versent dans le delta jusqu&#039;\u00e0 ce qu&#039;elles puissent \u00eatre \u00e9vapor\u00e9es dans l&#039;environnement ou consomm\u00e9es par des plantes et des animaux affam\u00e9s. L&#039;observation du gibier et les safaris sont les activit\u00e9s les plus c\u00e9l\u00e8bres du parc et les animaux susceptibles d&#039;\u00eatre m\u00e9pris\u00e9s contiennent des z\u00e8bres, des gu\u00e9pards, des crocodiles, des \u00e9l\u00e9phants et des rhinoc\u00e9ros pour n&#039;en nommer que quelques-uns.<\/p>\n<h3>Parc national de Chobe<\/h3>\n<p>Un spectacle vraiment charmant \u00e0 voir, le parc est l&#039;une des attractions les plus c\u00e9l\u00e8bres d&#039;Afrique et fait du Botswana un lieu incontournable. Situ\u00e9 \u00e0 Kasane, le parc comprend des mar\u00e9cages, des for\u00eats et des plaines inondables, et abrite une grande vari\u00e9t\u00e9 d&#039;oiseaux et d&#039;animaux sauvages. C&#039;est le meilleur endroit au Botswana pour voir les \u00e9l\u00e9phants et les buffles.<\/p>\n<h3>Salines de Makgadikgadi<\/h3>\n<p>L&#039;un des plus grands marais salants de la plan\u00e8te, MakgadiKgadi \u00e9tait autrefois un lac couvrant 10 000 kilom\u00e8tres carr\u00e9s au nord-est du Botswana, mais pendant 1000 ans, c&#039;est le terrain sec et hostile que vous d\u00e9couvrirez aujourd&#039;hui.<\/p>\n<h3>Collines de Tsodilo<\/h3>\n<p>En 2001, les collines de Tsodilo ont \u00e9t\u00e9 d\u00e9clar\u00e9es site du patrimoine mondial de l&#039;UNESCO. C\u00e9l\u00e8bre pour son importance religieuse, il est compos\u00e9 d&#039;abris, de peintures rupestres, de grottes et de d\u00e9pressions. Plus de 4 500 dessins rupestres ont \u00e9t\u00e9 trouv\u00e9s dans tout l&#039;endroit.<\/p>\n<h3>Gaborone<\/h3>\n<p>Ce village n&#039;est pas loin de Gaborone et est un meilleur endroit pour explorer les collines \u00e0 pied. Le village est incroyablement industrieux et abrite un certain nombre de petits producteurs tels que le m\u00e9tal, la verrerie et la poterie sur l&#039;industrie bien nomm\u00e9e du village de Pelegano.<\/p>\n<h2>FAQ sur les vols pas chers vers le Botswana<\/h2>\n<h3>Quelle est la p\u00e9riode de l&#039;ann\u00e9e la moins ch\u00e8re pour r\u00e9server un billet d&#039;avion pour le Botswana ?<\/h3>\n<p>Il ne pleut pas beaucoup, m\u00eame pendant la saison des pluies. Les averses sont intenses et soudaines mais se dissipent aussi vite qu&#039;elles se forment. Venir au Botswana pendant la saison des pluies qui s&#039;\u00e9tend de d\u00e9cembre \u00e0 f\u00e9vrier peut vous permettre de profiter de vos vacances sans \u00e9puiser vos cartes de cr\u00e9dit. La saison des pluies apporte une nouvelle vie au Botswana et transforme des pans du d\u00e9sert du Kalahari en prairies dynamiques. Dans le sud du Botswana, le temps est \u00e9galement magnifique. La temp\u00e9rature moyenne reste \u00e0 28\u00a0\u00b0C. Les billets d&#039;avion pour le Botswana et les chambres d&#039;h\u00f4tel sont facilement accessibles aux visiteurs pendant les vacances de No\u00ebl.<\/p>\n<h3>Quel est le meilleur moment pour voyager au Botswana ?<\/h3>\n<p><strong>Haute saison<\/strong><br \/>\nR\u00e9servez un billet d&#039;avion pas cher pour le Botswana pendant les mois d&#039;\u00e9t\u00e9 entre juillet et novembre, lorsque de jolies pluies assombrissent les activit\u00e9s de plein air, et c&#039;est le meilleur moment pour observer la faune dans ses habitats naturels. Attention toutefois \u00e0 la foule. Les vacances scolaires \u00e9tant une p\u00e9riode de vacances r\u00e9put\u00e9e, la plupart des \u00e9tudiants et autres visiteurs inondent les grandes villes.<\/p>\n<p><strong>Hors saison<\/strong><br \/>\nSi vous planifiez vos vols au Botswana entre janvier et mars, soyez attentif \u00e0 faire des recherches suppl\u00e9mentaires sur les d\u00e9placements, car les routes secondaires peuvent \u00eatre tr\u00e8s difficiles et l&#039;exploration de la faune peut \u00eatre d\u00e9licate et difficile \u00e0 naviguer. De fortes pluies poussent certains h\u00e9bergements \u00e0 fermer, mais vous trouverez probablement des offres d&#039;h\u00f4tels extr\u00eamement bon march\u00e9 et des offres de vols vers le Botswana pendant la basse saison.<\/p>\n<h2>Conseils pour des vols pas chers au Botswana<\/h2>\n<p>\u2022 Virgin Atlantic, Kenya Airways, South African Airways et Egypt Air proposent des vols bon march\u00e9 incroyables vers les offres du Botswana.<\/p>\n<p>\u2022 Il y a 3 a\u00e9roports au Botswana<\/p>\n<p>\u2022 Il n&#039;y a pas de vols directs Botswana Gaborone depuis le Royaume-Uni.<\/p>\n<p>\u2022 Fr\u00e9quence des vols \u00e0 l&#039;a\u00e9roport de Maun : Quarante-deux d\u00e9parts internationaux et trente-cinq d\u00e9parts locaux sont observ\u00e9s \u00e0 l&#039;a\u00e9roport chaque semaine.<\/p>\n<p>\u2022 Fr\u00e9quence des vols \u00e0 l&#039;a\u00e9roport international Sir Seretse Khama : Plus de quarante-cinq vols locaux et environ 195 vols internationaux partent de l&#039;a\u00e9roport chaque semaine.<\/p>\n<h2>Se d\u00e9placer au Botswana<\/h2>\n<p>La plupart des transports tournent autour des 4 grandes villes. Les vols directs vers le Botswana sont g\u00e9n\u00e9ralement co\u00fbteux si vous venez d&#039;Am\u00e9rique, mais si vous planifiez votre voyage \u00e0 l&#039;avance, vous pourrez trouver les offres de vols vers le Botswana.<\/p>\n<p>6 grandes lignes de bus s&#039;entrem\u00ealent, mais ne sont pas exceptionnellement rapides ou r\u00e9guli\u00e8res. La ligne de train va de, vers et dans les villes de Gamorne, Francistown et Lobatse, et peut g\u00e9n\u00e9ralement \u00eatre r\u00e9pondue pour un tarif abordable et un service plus rapide. Les transports en commun dans leur ensemble ne sont pas consid\u00e9r\u00e9s comme le moyen de transport fiable ou d\u00e9di\u00e9 au Botswana.<\/p>\n<p>Parce que les habitants choisissent rarement les transports en commun, la plupart se rabattent sur l&#039;auto-stop. Bien qu&#039;il ne s&#039;agisse pas toujours d&#039;un moyen de transport s\u00fbr, en particulier pour les visiteurs qui ne connaissent pas les routes, l&#039;auto-stop est \u00e9tonnamment quelque peu r\u00e9glement\u00e9. Le taux en vigueur repose autour de cinq cents par tranche de 6 milles. Si vous faites confiance \u00e0 la conduite locale, allez faire un tour en voiture, mais soyez attentif \u00e0 ne pas d\u00e9pendre de la conduite locale lorsque vous devez \u00eatre quelque part \u00e0 l&#039;heure.<\/p>","protected":false},"excerpt":{"rendered":"<p>Looking for cheap airline ticket to Botswana or last minute deals? Search, compare and book cheap airline ticket Botswana(AUH) online now. Book cheap flights to Botswana online and save money on airfare. Botswana is a unspoiled and wild country, home of the popular Kalahari desert, as well as savannahs, grasslands, and the capital city of [&hellip;]<\/p>\n","protected":false},"author":1,"featured_media":14041,"parent":0,"menu_order":0,"comment_status":"open","ping_status":"closed","template":"template-home-modern.php","meta":{"footnotes":""},"class_list":["post-11934","page","type-page","status-publish","has-post-thumbnail","hentry"],"yoast_head":"<!-- This site is optimized with the Yoast SEO plugin v27.3 - https:\/\/yoast.com\/product\/yoast-seo-wordpress\/ -->\n<title>Cheap Flights to Botswana<\/title>\n<meta name=\"description\" content=\"Looking for cheap flights to\u00a0Botswana? Search, compare and book cheap airline ticket from to\u00a0Botswana online\" \/>\n<meta name=\"robots\" content=\"index, follow, max-snippet:-1, max-image-preview:large, max-video-preview:-1\" \/>\n<link rel=\"canonical\" href=\"https:\/\/tiketi.com\/fr-fr\/cheap-flights-to-botswana\/\" \/>\n<meta property=\"og:locale\" content=\"fr_FR\" \/>\n<meta property=\"og:type\" content=\"article\" \/>\n<meta property=\"og:title\" content=\"Cheap Flights to Botswana\" \/>\n<meta property=\"og:description\" content=\"Looking for cheap flights to\u00a0Botswana? Search, compare and book cheap airline ticket from to\u00a0Botswana online\" \/>\n<meta property=\"og:url\" content=\"https:\/\/tiketi.com\/fr-fr\/cheap-flights-to-botswana\/\" \/>\n<meta property=\"og:site_name\" content=\"Tiketi.com\" \/>\n<meta property=\"article:publisher\" content=\"https:\/\/www.facebook.com\/TiketiCom\/\" \/>\n<meta property=\"article:modified_time\" content=\"2022-02-10T08:40:05+00:00\" \/>\n<meta property=\"og:image\" content=\"https:\/\/tiketi.com\/wp-content\/uploads\/2022\/01\/flight-ticket-booking-sorasak-KxCJXXGsv9I-unsplas.jpg\" \/>\n\t<meta property=\"og:image:width\" content=\"1200\" \/>\n\t<meta property=\"og:image:height\" content=\"240\" \/>\n\t<meta property=\"og:image:type\" content=\"image\/jpeg\" \/>\n<meta name=\"twitter:card\" content=\"summary_large_image\" \/>\n<meta name=\"twitter:label1\" content=\"Dur\u00e9e de lecture estim\u00e9e\" \/>\n\t<meta name=\"twitter:data1\" content=\"4 minutes\" \/>\n<script type=\"application\/ld+json\" class=\"yoast-schema-graph\">{\"@context\":\"https:\\\/\\\/schema.org\",\"@graph\":[{\"@type\":\"WebPage\",\"@id\":\"https:\\\/\\\/tiketi.com\\\/cheap-flights-to-botswana\\\/\",\"url\":\"https:\\\/\\\/tiketi.com\\\/cheap-flights-to-botswana\\\/\",\"name\":\"Cheap Flights to Botswana\",\"isPartOf\":{\"@id\":\"https:\\\/\\\/tiketi.com\\\/#website\"},\"primaryImageOfPage\":{\"@id\":\"https:\\\/\\\/tiketi.com\\\/cheap-flights-to-botswana\\\/#primaryimage\"},\"image\":{\"@id\":\"https:\\\/\\\/tiketi.com\\\/cheap-flights-to-botswana\\\/#primaryimage\"},\"thumbnailUrl\":\"https:\\\/\\\/tiketi.com\\\/wp-content\\\/uploads\\\/2022\\\/01\\\/flight-ticket-booking-sorasak-KxCJXXGsv9I-unsplas.jpg\",\"datePublished\":\"2022-01-19T11:55:24+00:00\",\"dateModified\":\"2022-02-10T08:40:05+00:00\",\"description\":\"Looking for cheap flights to\u00a0Botswana? Search, compare and book cheap airline ticket from to\u00a0Botswana online\",\"breadcrumb\":{\"@id\":\"https:\\\/\\\/tiketi.com\\\/cheap-flights-to-botswana\\\/#breadcrumb\"},\"inLanguage\":\"fr-FR\",\"potentialAction\":[{\"@type\":\"ReadAction\",\"target\":[\"https:\\\/\\\/tiketi.com\\\/cheap-flights-to-botswana\\\/\"]}]},{\"@type\":\"ImageObject\",\"inLanguage\":\"fr-FR\",\"@id\":\"https:\\\/\\\/tiketi.com\\\/cheap-flights-to-botswana\\\/#primaryimage\",\"url\":\"https:\\\/\\\/tiketi.com\\\/wp-content\\\/uploads\\\/2022\\\/01\\\/flight-ticket-booking-sorasak-KxCJXXGsv9I-unsplas.jpg\",\"contentUrl\":\"https:\\\/\\\/tiketi.com\\\/wp-content\\\/uploads\\\/2022\\\/01\\\/flight-ticket-booking-sorasak-KxCJXXGsv9I-unsplas.jpg\",\"width\":1200,\"height\":240,\"caption\":\"Online flight ticket booking\"},{\"@type\":\"BreadcrumbList\",\"@id\":\"https:\\\/\\\/tiketi.com\\\/cheap-flights-to-botswana\\\/#breadcrumb\",\"itemListElement\":[{\"@type\":\"ListItem\",\"position\":1,\"name\":\"Home\",\"item\":\"https:\\\/\\\/tiketi.com\\\/\"},{\"@type\":\"ListItem\",\"position\":2,\"name\":\"Cheap Flights to Botswana\"}]},{\"@type\":\"WebSite\",\"@id\":\"https:\\\/\\\/tiketi.com\\\/#website\",\"url\":\"https:\\\/\\\/tiketi.com\\\/\",\"name\":\"Flight & Bus Tickets, Tour Packages & Activitites - Tiketi.com\",\"description\":\"Flight &amp; Bus Tickets, Tours, Activitites\",\"publisher\":{\"@id\":\"https:\\\/\\\/tiketi.com\\\/#organization\"},\"potentialAction\":[{\"@type\":\"SearchAction\",\"target\":{\"@type\":\"EntryPoint\",\"urlTemplate\":\"https:\\\/\\\/tiketi.com\\\/?s={search_term_string}\"},\"query-input\":{\"@type\":\"PropertyValueSpecification\",\"valueRequired\":true,\"valueName\":\"search_term_string\"}}],\"inLanguage\":\"fr-FR\"},{\"@type\":\"Organization\",\"@id\":\"https:\\\/\\\/tiketi.com\\\/#organization\",\"name\":\"Tiketi.com\",\"alternateName\":\"Tiketi\",\"url\":\"https:\\\/\\\/tiketi.com\\\/\",\"logo\":{\"@type\":\"ImageObject\",\"inLanguage\":\"fr-FR\",\"@id\":\"https:\\\/\\\/tiketi.com\\\/#\\\/schema\\\/logo\\\/image\\\/\",\"url\":\"https:\\\/\\\/tiketi.com\\\/wp-content\\\/uploads\\\/2019\\\/05\\\/tiketi-logo-696.png\",\"contentUrl\":\"https:\\\/\\\/tiketi.com\\\/wp-content\\\/uploads\\\/2019\\\/05\\\/tiketi-logo-696.png\",\"width\":696,\"height\":696,\"caption\":\"Tiketi.com\"},\"image\":{\"@id\":\"https:\\\/\\\/tiketi.com\\\/#\\\/schema\\\/logo\\\/image\\\/\"},\"sameAs\":[\"https:\\\/\\\/www.facebook.com\\\/TiketiCom\\\/\"]}]}<\/script>\n<!-- \/ Yoast SEO plugin. -->","yoast_head_json":{"title":"Vols pas chers vers Botswana","description":"Vous cherchez des vols pas chers vers le Botswana ? Recherchez, comparez et r\u00e9servez en ligne un billet d&#039;avion pas cher du vers Botswana","robots":{"index":"index","follow":"follow","max-snippet":"max-snippet:-1","max-image-preview":"max-image-preview:large","max-video-preview":"max-video-preview:-1"},"canonical":"https:\/\/tiketi.com\/fr-fr\/cheap-flights-to-botswana\/","og_locale":"fr_FR","og_type":"article","og_title":"Cheap Flights to Botswana","og_description":"Looking for cheap flights to\u00a0Botswana? Search, compare and book cheap airline ticket from to\u00a0Botswana online","og_url":"https:\/\/tiketi.com\/fr-fr\/cheap-flights-to-botswana\/","og_site_name":"Tiketi.com","article_publisher":"https:\/\/www.facebook.com\/TiketiCom\/","article_modified_time":"2022-02-10T08:40:05+00:00","og_image":[{"width":1200,"height":240,"url":"https:\/\/tiketi.com\/wp-content\/uploads\/2022\/01\/flight-ticket-booking-sorasak-KxCJXXGsv9I-unsplas.jpg","type":"image\/jpeg"}],"twitter_card":"summary_large_image","twitter_misc":{"Dur\u00e9e de lecture estim\u00e9e":"4 minutes"},"schema":{"@context":"https:\/\/schema.org","@graph":[{"@type":"WebPage","@id":"https:\/\/tiketi.com\/cheap-flights-to-botswana\/","url":"https:\/\/tiketi.com\/cheap-flights-to-botswana\/","name":"Vols pas chers vers Botswana","isPartOf":{"@id":"https:\/\/tiketi.com\/#website"},"primaryImageOfPage":{"@id":"https:\/\/tiketi.com\/cheap-flights-to-botswana\/#primaryimage"},"image":{"@id":"https:\/\/tiketi.com\/cheap-flights-to-botswana\/#primaryimage"},"thumbnailUrl":"https:\/\/tiketi.com\/wp-content\/uploads\/2022\/01\/flight-ticket-booking-sorasak-KxCJXXGsv9I-unsplas.jpg","datePublished":"2022-01-19T11:55:24+00:00","dateModified":"2022-02-10T08:40:05+00:00","description":"Vous cherchez des vols pas chers vers le Botswana ? Recherchez, comparez et r\u00e9servez en ligne un billet d&#039;avion pas cher du vers Botswana","breadcrumb":{"@id":"https:\/\/tiketi.com\/cheap-flights-to-botswana\/#breadcrumb"},"inLanguage":"fr-FR","potentialAction":[{"@type":"ReadAction","target":["https:\/\/tiketi.com\/cheap-flights-to-botswana\/"]}]},{"@type":"ImageObject","inLanguage":"fr-FR","@id":"https:\/\/tiketi.com\/cheap-flights-to-botswana\/#primaryimage","url":"https:\/\/tiketi.com\/wp-content\/uploads\/2022\/01\/flight-ticket-booking-sorasak-KxCJXXGsv9I-unsplas.jpg","contentUrl":"https:\/\/tiketi.com\/wp-content\/uploads\/2022\/01\/flight-ticket-booking-sorasak-KxCJXXGsv9I-unsplas.jpg","width":1200,"height":240,"caption":"Online flight ticket booking"},{"@type":"BreadcrumbList","@id":"https:\/\/tiketi.com\/cheap-flights-to-botswana\/#breadcrumb","itemListElement":[{"@type":"ListItem","position":1,"name":"Home","item":"https:\/\/tiketi.com\/"},{"@type":"ListItem","position":2,"name":"Cheap Flights to Botswana"}]},{"@type":"WebSite","@id":"https:\/\/tiketi.com\/#website","url":"https:\/\/tiketi.com\/","name":"Billets d&#039;avion et de bus, forfaits touristiques et activit\u00e9s - Tiketi.com","description":"Billets d&#039;avion et de bus, Tours, Activit\u00e9s","publisher":{"@id":"https:\/\/tiketi.com\/#organization"},"potentialAction":[{"@type":"SearchAction","target":{"@type":"EntryPoint","urlTemplate":"https:\/\/tiketi.com\/?s={search_term_string}"},"query-input":{"@type":"PropertyValueSpecification","valueRequired":true,"valueName":"search_term_string"}}],"inLanguage":"fr-FR"},{"@type":"Organization","@id":"https:\/\/tiketi.com\/#organization","name":"Tiketi.com","alternateName":"Tiketi","url":"https:\/\/tiketi.com\/","logo":{"@type":"ImageObject","inLanguage":"fr-FR","@id":"https:\/\/tiketi.com\/#\/schema\/logo\/image\/","url":"https:\/\/tiketi.com\/wp-content\/uploads\/2019\/05\/tiketi-logo-696.png","contentUrl":"https:\/\/tiketi.com\/wp-content\/uploads\/2019\/05\/tiketi-logo-696.png","width":696,"height":696,"caption":"Tiketi.com"},"image":{"@id":"https:\/\/tiketi.com\/#\/schema\/logo\/image\/"},"sameAs":["https:\/\/www.facebook.com\/TiketiCom\/"]}]}},"_links":{"self":[{"href":"https:\/\/tiketi.com\/fr-fr\/wp-json\/wp\/v2\/pages\/11934","targetHints":{"allow":["GET"]}}],"collection":[{"href":"https:\/\/tiketi.com\/fr-fr\/wp-json\/wp\/v2\/pages"}],"about":[{"href":"https:\/\/tiketi.com\/fr-fr\/wp-json\/wp\/v2\/types\/page"}],"author":[{"embeddable":true,"href":"https:\/\/tiketi.com\/fr-fr\/wp-json\/wp\/v2\/users\/1"}],"replies":[{"embeddable":true,"href":"https:\/\/tiketi.com\/fr-fr\/wp-json\/wp\/v2\/comments?post=11934"}],"version-history":[{"count":0,"href":"https:\/\/tiketi.com\/fr-fr\/wp-json\/wp\/v2\/pages\/11934\/revisions"}],"wp:featuredmedia":[{"embeddable":true,"href":"https:\/\/tiketi.com\/fr-fr\/wp-json\/wp\/v2\/media\/14041"}],"wp:attachment":[{"href":"https:\/\/tiketi.com\/fr-fr\/wp-json\/wp\/v2\/media?parent=11934"}],"curies":[{"name":"wp","href":"https:\/\/api.w.org\/{rel}","templated":true}]}}