{"id":11936,"date":"2022-01-19T12:55:24","date_gmt":"2022-01-19T11:55:24","guid":{"rendered":"https:\/\/new.tiketi.com\/cheap-flights-to-morocco\/"},"modified":"2022-09-01T12:45:15","modified_gmt":"2022-09-01T11:45:15","slug":"cheap-flights-to-morocco","status":"publish","type":"page","link":"https:\/\/tiketi.com\/fr-fr\/cheap-flights-to-morocco\/","title":{"rendered":"Vols pas chers vers le Maroc"},"content":{"rendered":"<h2>Vous recherchez un billet d&#039;avion pas cher pour le Maroc ou des offres de derni\u00e8re minute ?<\/h2>\n<h3>Recherchez, comparez et r\u00e9servez en ligne d\u00e8s maintenant des vols bon march\u00e9 pour le Maroc (AUH).<\/h3>\n<p>R\u00e9servez des vols pas chers vers le Maroc en ligne et \u00e9conomisez de l&#039;argent sur les billets d&#039;avion. Le Maroc est un royaume plein de culture et d\u2019histoire. Des millions de touristes visitent le pays chaque ann\u00e9e, et c&#039;est un endroit extr\u00eamement \u00e9tonnant et s\u00fbr \u00e0 visiter. Il existe de nombreuses attractions touristiques id\u00e9ales pour visiter avec style, d\u00e9couvrir la nature sauvage, profiter et se laisser couper le souffle par une beaut\u00e9 incroyable. Comparez les prix et obtenez le tarif le plus bas sur les billets d&#039;avion vers le Maroc gr\u00e2ce \u00e0 des offres exceptionnelles sur la r\u00e9servation de billets en ligne pour les vols au Maroc.<\/p>\n<h2>Voici quelques-unes des meilleures attractions du Maroc<\/h2>\n<h3>Assilah<\/h3>\n<p>Situ\u00e9e sur la c\u00f4te atlantique nord du Maroc, la station baln\u00e9aire d&#039;Asilah est c\u00e9l\u00e8bre parmi les citoyens et les visiteurs comme un endroit chaud en \u00e9t\u00e9. Outre les plages de sable fin, les murs de la ville recouverts de peintures murales color\u00e9es font \u00e9galement de cette ville l&#039;un des meilleurs endroits \u00e0 visiter au Maroc. Si vous \u00eates ici en juillet, n&#039;oubliez pas de participer au vibrant festival annuel des arts de la ville.<\/p>\n<h3>Marrakech<\/h3>\n<p>Situ\u00e9e au pied des montagnes de l&#039;Atlas, Marrakech est l&#039;une des villes imp\u00e9riales du Maroc. Cette ville dynamique est c\u00e9l\u00e8bre pour son atmosph\u00e8re bruyante et son environnement saisissant et est \u00e9galement connue sous le nom de Ville Rouge en raison de ses structures en gr\u00e8s. Les points forts touristiques incluent les tombeaux saadiens, la place Djemma El-Fna ainsi que la petite cour de palmiers, les jardins botaniques et les bazars exotiques. La vie urbaine est tr\u00e9pidante avec des rassemblements de danse traditionnelle, des boutiques de rue anim\u00e9es, un complexe art d\u00e9co ainsi que des all\u00e9es color\u00e9es ressemblant \u00e0 un labyrinthe autour des march\u00e9s qui gardent les visiteurs impressionn\u00e9s jusqu&#039;\u00e0 la fin.<\/p>\n<h3>For\u00eat de Mamora<\/h3>\n<p>Situ\u00e9e \u00e0 proximit\u00e9 de Rabat, la for\u00eat de Mamora contient un grand nombre de ch\u00eanes-li\u00e8ges, ainsi que des poiriers sauvages, des pin\u00e8des et des eucalyptus. La for\u00eat est un refuge pour une grande diversit\u00e9 d&#039;animaux et d&#039;oiseaux et constitue un lieu de randonn\u00e9e r\u00e9put\u00e9 pour les amoureux de la nature.<\/p>\n<h3>Palais El Bahia<\/h3>\n<p>Situ\u00e9 \u00e0 Marrakech, ce b\u00e2timent richement orn\u00e9 est un merveilleux exemple de l&#039;architecture orientale du 19\u00e8me si\u00e8cle. Connu pour avoir \u00e9t\u00e9 construit comme r\u00e9sidence pour les concubines d&#039;Ahmed lbn Moussa, le palais comprend 160 chambres diff\u00e9rentes d\u00e9cor\u00e9es de luxe avec des quartiers priv\u00e9s, des cours avec des jardins et des fontaines et des salles de r\u00e9ception.<\/p>\n<h3>Essaouira<\/h3>\n<p>Essaouira est un croisement entre la M\u00e9diterran\u00e9e et l&#039;Afrique du Nord. Bord\u00e9e de murs de pierre dor\u00e9e, elle m\u00eale les bleus vifs et les merveilleux badigeons \u00e0 la chaux aux djellabas fluides et aux odeurs d&#039;esp\u00e8ces. Les influences africaines, arabes, fran\u00e7aises et romaines se m\u00e9langent toutes pour cr\u00e9er une ville baln\u00e9aire d\u00e9tendue et douce.<\/p>\n<h3>Casablanca<\/h3>\n<p>Casablanca, le centre d&#039;affaires du Maroc, a tendance \u00e0 se classer plus bas sur la liste du tourisme, derri\u00e8re Rabat et Marrakech. Quoi qu&#039;il en soit, l&#039;h\u00e9ritage colonial fran\u00e7ais de la ville, m\u00eal\u00e9 aux cultures arabes traditionnelles, garantit qu&#039;il y a beaucoup de choses diverses \u00e0 faire et voir. \u00c0 c\u00f4t\u00e9 des b\u00e2timents artistiques et des vieilles ruelles en pierre de la m\u00e9dina, les clients peuvent trouver des palais, des mus\u00e9es et la deuxi\u00e8me plus grande mosqu\u00e9e du monde.<\/p>\n<h3>Circuits dans le d\u00e9sert<\/h3>\n<p>Une chose \u00e0 comprendre lors des voyages dans le d\u00e9sert au Maroc, c&#039;est qu&#039;il existe 2 spots d\u00e9sertiques, assez \u00e9loign\u00e9s l&#039;un de l&#039;autre : Zagora et Merzouga. \u00c9tant donn\u00e9 que la plupart des circuits commencent \u00e0 Marrakech, vous devez garder \u00e0 l&#039;esprit que se rendre dans n&#039;importe quel endroit d\u00e9sertique du Maroc prendra beaucoup de temps, mais il y a beaucoup de choses \u00e0 faire et \u00e0 voir.<\/p>\n<h2>FAQ sur les vols pas chers vers le Maroc<\/h2>\n<h3>Quelle est la meilleure p\u00e9riode pour r\u00e9server un billet d\u2019avion pas cher pour le Maroc ?<\/h3>\n<p>Vous trouverez les vols pas chers vers le Maroc soit vers novembre lorsque le pays est l\u00e9g\u00e8rement pluvieux, soit pendant les 2 mois les plus chauds de l&#039;ann\u00e9e. Quoi qu\u2019il en soit, vous devriez veiller \u00e0 s\u00e9curiser vos billets d\u2019avion au moins deux ou trois mois \u00e0 l\u2019avance. Si vous avez le luxe de la flexibilit\u00e9 et que vous n&#039;\u00eates pas soumis \u00e0 des vacances scolaires ou \u00e0 des semaines sp\u00e9ciales de cong\u00e9, vous trouverez le billet d&#039;avion pas cher pour le Maroc. Je viens de faire correspondre diff\u00e9rents lieux et dates. Si vos vols au Maroc vous emm\u00e8nent \u00e0 Marrakech, vous asseoir de chaque c\u00f4t\u00e9 vous offrira une vue imprenable \u00e0 votre approche.<\/p>\n<h3>Quelles compagnies a\u00e9riennes desservent le Maroc ?<\/h3>\n<p>British Airways, easy jet et Ryanair proposent des billets d&#039;avion pas chers pour le Maroc et ont toutes leurs propres avantages et inconv\u00e9nients. Easyjet et Ryanair proposeront de loin les vols les moins chers vers le Maroc, mais au sacrifice de la d\u00e9tente. Vous devez \u00e9galement \u00eatre vigilant lorsque vous r\u00e9servez vos offres de vols pour le Maroc pendant l&#039;\u00e9t\u00e9, car vous pourriez voir le prix des bagages enregistr\u00e9s augmenter consid\u00e9rablement. British Airways n&#039;est pas une compagnie a\u00e9rienne abordable, mais elle est agr\u00e9able \u00e0 voyager et vous pouvez obtenir des boissons et des collations gratuites tout au long de vos vols au Maroc, ce qui est un bonus inclus. Une fois que vous avez planifi\u00e9 votre voyage au Maroc, vous pouvez commencer \u00e0 rechercher et \u00e0 comparer les diff\u00e9rentes compagnies a\u00e9riennes pour trouver le prix des billets bon march\u00e9 au Maroc.<\/p>\n<h2>Meilleur moment pour visiter le Maroc<\/h2>\n<p><strong>Haute saison<\/strong><br \/>\nMercure, tout en augmentant juste apr\u00e8s les hivers, appelle les visiteurs \u00e0 profiter des plages. Selon les tendances r\u00e9centes, les saisons modernes mais agr\u00e9ables de l&#039;automne et du printemps sont id\u00e9ales pour explorer le pays par temps agr\u00e9able. Les activit\u00e9s des visiteurs battent leur plein, ce qui entra\u00eene des prix exorbitants. Cela dit, il est conseill\u00e9 de r\u00e9server \u00e0 l&#039;avance et de v\u00e9rifier les r\u00e9servations de vols pas chers de Morocco Airways avant de partir de votre pays d&#039;origine afin d&#039;\u00e9viter tout inconv\u00e9nient. De juin \u00e0 octobre, le temps est agr\u00e9ablement chaud et sec, tandis qu&#039;octobre \u00e0 avril est un peu glacial.<\/p>\n<p><strong>Basse saison<\/strong><br \/>\nPersonne ne peut nier le fait que chaque saison apporte son propre charme. Les zones c\u00f4ti\u00e8res b\u00e9n\u00e9ficient de plus de soleil, les visiteurs peuvent donc profiter du beau temps \u00e0 tout moment de l&#039;ann\u00e9e. Un plan d\u2019itin\u00e9raire assez intelligent est tout ce dont vous avez besoin pour cr\u00e9er les meilleurs souvenirs. M\u00eame les situations m\u00e9t\u00e9orologiques extr\u00eames ont quelque chose d&#039;\u00e9tonnant pour les visiteurs, en particulier pour les amateurs de ski. Pr\u00e9parez vos v\u00eatements chauds en hiver et pr\u00e9parez-vous pour une saison de ski aventureuse de d\u00e9cembre \u00e0 f\u00e9vrier. Et plus encore, vous pouvez toujours d\u00e9couvrir l&#039;architecture du pays en r\u00e9servant votre s\u00e9jour n&#039;importe o\u00f9 \u00e0 des tarifs abordables.<\/p>\n<h2>Se d\u00e9placer au Maroc<\/h2>\n<p>Casablanca est le centre de Roya Air Maroc, elle exploite avec comp\u00e9tence des fr\u00e9quences dans tout le pays aux tarifs nominaux. Il ne faut qu&#039;une demi-heure pour se d\u00e9placer en avion dans les villes rapides. Le syst\u00e8me de transport au Maroc est assez bien d\u00e9velopp\u00e9. Le chemin de fer relie les grandes villes qui constituent le mode de transport le plus simple.<\/p>\n<h2>Vols int\u00e9rieurs au Maroc<\/h2>\n<table border=\"0\" cellspacing=\"1\" cellpadding=\"1\">\n<tbody>\n<tr>\n<td>Vols pas chers vers <a href=\"https:\/\/tiketi.com\/fr-fr\/cheap-flights-to-marrakech-rak\/\" target=\"_blank\" rel=\"noopener\">Marrakech RAK<\/a><\/td>\n<td><\/td>\n<td><\/td>\n<\/tr>\n<\/tbody>\n<\/table>\n<h2>Vols au d\u00e9part de Marrakech<\/h2>\n<h3>Vols int\u00e9rieurs pas chers au d\u00e9part de Marrakech<\/h3>\n<table border=\"0\" cellspacing=\"2\" cellpadding=\"2\">\n<tbody>\n<tr>\n<td>Vols pas chers \u00e0 partir de <a href=\"https:\/\/tiketi.com\/fr-fr\/how-to-travel-from-marrakech-to-casablanca\/\" target=\"_blank\" rel=\"noopener\">Marrakech \u00e0 Casablanca<\/a><\/td>\n<td style=\"width: 30px;\"><\/td>\n<td>Vols pas chers \u00e0 partir de <a href=\"https:\/\/tiketi.com\/fr-fr\/flights-marrakech-rabat-rak-rba\/\" target=\"_blank\" rel=\"noopener\">Marrakech \u00e0 Rabat<\/a><\/td>\n<\/tr>\n<tr>\n<td>Vols pas chers \u00e0 partir de <a href=\"https:\/\/tiketi.com\/fr-fr\/flights-marrakech-agadir-rak-aga\/\" target=\"_blank\" rel=\"noopener\">Marrakech \u00e0 Agadir<\/a><\/td>\n<td><\/td>\n<td><\/td>\n<\/tr>\n<\/tbody>\n<\/table>\n<h2>Vols au d\u00e9part de Rabat<\/h2>\n<h3>Vols int\u00e9rieurs pas chers au d\u00e9part de Rabat<\/h3>\n<table border=\"0\" cellspacing=\"2\" cellpadding=\"2\">\n<tbody>\n<tr>\n<td>Vols pas chers \u00e0 partir de <a href=\"https:\/\/tiketi.com\/fr-fr\/flights-rabat-marrakech-rba-rak\/\" target=\"_blank\" rel=\"noopener\">Rabat \u00e0 Marrakech<\/a><\/td>\n<td style=\"width: 30px;\"><\/td>\n<td>Vols pas chers \u00e0 partir de <a href=\"https:\/\/tiketi.com\/fr-fr\/flights-rabat-casablanca-rba-cma\/\" target=\"_blank\" rel=\"noopener\">Rabat \u00e0 Casablanca<\/a><\/td>\n<\/tr>\n<tr>\n<td>Vols pas chers Rabat - Agadir<\/td>\n<td><\/td>\n<td><\/td>\n<\/tr>\n<\/tbody>\n<\/table>\n<h3>Vols et tarifs internationaux pas chers au d\u00e9part de Rabat<\/h3>\n<table border=\"0\" cellspacing=\"2\" cellpadding=\"2\">\n<tbody>\n<tr>\n<td>Vols pas chers \u00e0 partir de <a href=\"https:\/\/tiketi.com\/fr-fr\/flights-rabat-paris-rba-cdg\/\" target=\"_blank\" rel=\"noopener\">Rabat \u00e0 Paris<\/a><\/td>\n<td><\/td>\n<td><\/td>\n<\/tr>\n<\/tbody>\n<\/table>","protected":false},"excerpt":{"rendered":"<p>Looking for cheap airline ticket to Morocco or last minute deals? Search, compare and book cheap Morocco flights (AUH) online now. Book cheap flights to Morocco online and save money on airfare.\u00a0Morocco is a Kingdom that is full of culture and history. Million of tourist visit the country each year, and it is extremely amazing [&hellip;]<\/p>\n","protected":false},"author":1,"featured_media":18053,"parent":0,"menu_order":0,"comment_status":"open","ping_status":"closed","template":"template-home-modern.php","meta":{"footnotes":""},"class_list":["post-11936","page","type-page","status-publish","has-post-thumbnail","hentry"],"yoast_head":"<!-- This site is optimized with the Yoast SEO plugin v27.2 - https:\/\/yoast.com\/product\/yoast-seo-wordpress\/ -->\n<title>Cheap Flights to Morocco<\/title>\n<meta name=\"description\" content=\"Looking for cheap flights to\u00a0Morocco? Search, compare and book cheap airline ticket from to\u00a0Morocco online and save money\" \/>\n<meta name=\"robots\" content=\"index, follow, max-snippet:-1, max-image-preview:large, max-video-preview:-1\" \/>\n<link rel=\"canonical\" href=\"https:\/\/tiketi.com\/fr-fr\/cheap-flights-to-morocco\/\" \/>\n<meta property=\"og:locale\" content=\"fr_FR\" \/>\n<meta property=\"og:type\" content=\"article\" \/>\n<meta property=\"og:title\" content=\"Cheap Flights to Morocco\" \/>\n<meta property=\"og:description\" content=\"Looking for cheap flights to\u00a0Morocco? Search, compare and book cheap airline ticket from to\u00a0Morocco online and save money\" \/>\n<meta property=\"og:url\" content=\"https:\/\/tiketi.com\/fr-fr\/cheap-flights-to-morocco\/\" \/>\n<meta property=\"og:site_name\" content=\"Tiketi.com\" \/>\n<meta property=\"article:publisher\" content=\"https:\/\/www.facebook.com\/TiketiCom\/\" \/>\n<meta property=\"article:modified_time\" content=\"2022-09-01T11:45:15+00:00\" \/>\n<meta property=\"og:image\" content=\"https:\/\/tiketi.com\/wp-content\/uploads\/2022\/02\/marrakech-jemaa-el-fna-squa.jpg\" \/>\n\t<meta property=\"og:image:width\" content=\"1200\" \/>\n\t<meta property=\"og:image:height\" content=\"202\" \/>\n\t<meta property=\"og:image:type\" content=\"image\/jpeg\" \/>\n<meta name=\"twitter:card\" content=\"summary_large_image\" \/>\n<meta name=\"twitter:label1\" content=\"Dur\u00e9e de lecture estim\u00e9e\" \/>\n\t<meta name=\"twitter:data1\" content=\"5 minutes\" \/>\n<script type=\"application\/ld+json\" class=\"yoast-schema-graph\">{\"@context\":\"https:\/\/schema.org\",\"@graph\":[{\"@type\":\"WebPage\",\"@id\":\"https:\/\/tiketi.com\/fr-fr\/cheap-flights-to-morocco\/\",\"url\":\"https:\/\/tiketi.com\/fr-fr\/cheap-flights-to-morocco\/\",\"name\":\"Cheap Flights to Morocco\",\"isPartOf\":{\"@id\":\"https:\/\/tiketi.com\/#website\"},\"primaryImageOfPage\":{\"@id\":\"https:\/\/tiketi.com\/fr-fr\/cheap-flights-to-morocco\/#primaryimage\"},\"image\":{\"@id\":\"https:\/\/tiketi.com\/fr-fr\/cheap-flights-to-morocco\/#primaryimage\"},\"thumbnailUrl\":\"https:\/\/tiketi.com\/wp-content\/uploads\/2022\/02\/marrakech-jemaa-el-fna-squa.jpg\",\"datePublished\":\"2022-01-19T11:55:24+00:00\",\"dateModified\":\"2022-09-01T11:45:15+00:00\",\"description\":\"Looking for cheap flights to\u00a0Morocco? Search, compare and book cheap airline ticket from to\u00a0Morocco online and save money\",\"breadcrumb\":{\"@id\":\"https:\/\/tiketi.com\/fr-fr\/cheap-flights-to-morocco\/#breadcrumb\"},\"inLanguage\":\"fr-FR\",\"potentialAction\":[{\"@type\":\"ReadAction\",\"target\":[\"https:\/\/tiketi.com\/fr-fr\/cheap-flights-to-morocco\/\"]}]},{\"@type\":\"ImageObject\",\"inLanguage\":\"fr-FR\",\"@id\":\"https:\/\/tiketi.com\/fr-fr\/cheap-flights-to-morocco\/#primaryimage\",\"url\":\"https:\/\/tiketi.com\/wp-content\/uploads\/2022\/02\/marrakech-jemaa-el-fna-squa.jpg\",\"contentUrl\":\"https:\/\/tiketi.com\/wp-content\/uploads\/2022\/02\/marrakech-jemaa-el-fna-squa.jpg\",\"width\":1200,\"height\":202,\"caption\":\"air taxi in Marrakech\"},{\"@type\":\"BreadcrumbList\",\"@id\":\"https:\/\/tiketi.com\/fr-fr\/cheap-flights-to-morocco\/#breadcrumb\",\"itemListElement\":[{\"@type\":\"ListItem\",\"position\":1,\"name\":\"Home\",\"item\":\"https:\/\/tiketi.com\/\"},{\"@type\":\"ListItem\",\"position\":2,\"name\":\"Cheap Flights to Morocco\"}]},{\"@type\":\"WebSite\",\"@id\":\"https:\/\/tiketi.com\/#website\",\"url\":\"https:\/\/tiketi.com\/\",\"name\":\"Flight & Bus Tickets, Tour Packages & Activitites - Tiketi.com\",\"description\":\"Flight &amp; Bus Tickets, Tours, Activitites\",\"publisher\":{\"@id\":\"https:\/\/tiketi.com\/#organization\"},\"potentialAction\":[{\"@type\":\"SearchAction\",\"target\":{\"@type\":\"EntryPoint\",\"urlTemplate\":\"https:\/\/tiketi.com\/?s={search_term_string}\"},\"query-input\":{\"@type\":\"PropertyValueSpecification\",\"valueRequired\":true,\"valueName\":\"search_term_string\"}}],\"inLanguage\":\"fr-FR\"},{\"@type\":\"Organization\",\"@id\":\"https:\/\/tiketi.com\/#organization\",\"name\":\"Tiketi.com\",\"alternateName\":\"Tiketi\",\"url\":\"https:\/\/tiketi.com\/\",\"logo\":{\"@type\":\"ImageObject\",\"inLanguage\":\"fr-FR\",\"@id\":\"https:\/\/tiketi.com\/#\/schema\/logo\/image\/\",\"url\":\"https:\/\/tiketi.com\/wp-content\/uploads\/2019\/05\/tiketi-logo-696.png\",\"contentUrl\":\"https:\/\/tiketi.com\/wp-content\/uploads\/2019\/05\/tiketi-logo-696.png\",\"width\":696,\"height\":696,\"caption\":\"Tiketi.com\"},\"image\":{\"@id\":\"https:\/\/tiketi.com\/#\/schema\/logo\/image\/\"},\"sameAs\":[\"https:\/\/www.facebook.com\/TiketiCom\/\"]}]}<\/script>\n<!-- \/ Yoast SEO plugin. -->","yoast_head_json":{"title":"Vols pas chers vers le Maroc","description":"Vous recherchez des vols pas chers pour le Maroc ? Recherchez, comparez et r\u00e9servez un billet d&#039;avion pas cher du Maroc en ligne et \u00e9conomisez de l&#039;argent.","robots":{"index":"index","follow":"follow","max-snippet":"max-snippet:-1","max-image-preview":"max-image-preview:large","max-video-preview":"max-video-preview:-1"},"canonical":"https:\/\/tiketi.com\/fr-fr\/cheap-flights-to-morocco\/","og_locale":"fr_FR","og_type":"article","og_title":"Cheap Flights to Morocco","og_description":"Looking for cheap flights to\u00a0Morocco? Search, compare and book cheap airline ticket from to\u00a0Morocco online and save money","og_url":"https:\/\/tiketi.com\/fr-fr\/cheap-flights-to-morocco\/","og_site_name":"Tiketi.com","article_publisher":"https:\/\/www.facebook.com\/TiketiCom\/","article_modified_time":"2022-09-01T11:45:15+00:00","og_image":[{"width":1200,"height":202,"url":"https:\/\/tiketi.com\/wp-content\/uploads\/2022\/02\/marrakech-jemaa-el-fna-squa.jpg","type":"image\/jpeg"}],"twitter_card":"summary_large_image","twitter_misc":{"Dur\u00e9e de lecture estim\u00e9e":"5 minutes"},"schema":{"@context":"https:\/\/schema.org","@graph":[{"@type":"WebPage","@id":"https:\/\/tiketi.com\/fr-fr\/cheap-flights-to-morocco\/","url":"https:\/\/tiketi.com\/fr-fr\/cheap-flights-to-morocco\/","name":"Vols pas chers vers le Maroc","isPartOf":{"@id":"https:\/\/tiketi.com\/#website"},"primaryImageOfPage":{"@id":"https:\/\/tiketi.com\/fr-fr\/cheap-flights-to-morocco\/#primaryimage"},"image":{"@id":"https:\/\/tiketi.com\/fr-fr\/cheap-flights-to-morocco\/#primaryimage"},"thumbnailUrl":"https:\/\/tiketi.com\/wp-content\/uploads\/2022\/02\/marrakech-jemaa-el-fna-squa.jpg","datePublished":"2022-01-19T11:55:24+00:00","dateModified":"2022-09-01T11:45:15+00:00","description":"Vous recherchez des vols pas chers pour le Maroc ? Recherchez, comparez et r\u00e9servez un billet d&#039;avion pas cher du Maroc en ligne et \u00e9conomisez de l&#039;argent.","breadcrumb":{"@id":"https:\/\/tiketi.com\/fr-fr\/cheap-flights-to-morocco\/#breadcrumb"},"inLanguage":"fr-FR","potentialAction":[{"@type":"ReadAction","target":["https:\/\/tiketi.com\/fr-fr\/cheap-flights-to-morocco\/"]}]},{"@type":"ImageObject","inLanguage":"fr-FR","@id":"https:\/\/tiketi.com\/fr-fr\/cheap-flights-to-morocco\/#primaryimage","url":"https:\/\/tiketi.com\/wp-content\/uploads\/2022\/02\/marrakech-jemaa-el-fna-squa.jpg","contentUrl":"https:\/\/tiketi.com\/wp-content\/uploads\/2022\/02\/marrakech-jemaa-el-fna-squa.jpg","width":1200,"height":202,"caption":"air taxi in Marrakech"},{"@type":"BreadcrumbList","@id":"https:\/\/tiketi.com\/fr-fr\/cheap-flights-to-morocco\/#breadcrumb","itemListElement":[{"@type":"ListItem","position":1,"name":"Home","item":"https:\/\/tiketi.com\/"},{"@type":"ListItem","position":2,"name":"Cheap Flights to Morocco"}]},{"@type":"WebSite","@id":"https:\/\/tiketi.com\/#website","url":"https:\/\/tiketi.com\/","name":"Billets d&#039;avion et de bus, forfaits touristiques et activit\u00e9s - Tiketi.com","description":"Billets d&#039;avion et de bus, Tours, Activit\u00e9s","publisher":{"@id":"https:\/\/tiketi.com\/#organization"},"potentialAction":[{"@type":"SearchAction","target":{"@type":"EntryPoint","urlTemplate":"https:\/\/tiketi.com\/?s={search_term_string}"},"query-input":{"@type":"PropertyValueSpecification","valueRequired":true,"valueName":"search_term_string"}}],"inLanguage":"fr-FR"},{"@type":"Organization","@id":"https:\/\/tiketi.com\/#organization","name":"Tiketi.com","alternateName":"Tiketi","url":"https:\/\/tiketi.com\/","logo":{"@type":"ImageObject","inLanguage":"fr-FR","@id":"https:\/\/tiketi.com\/#\/schema\/logo\/image\/","url":"https:\/\/tiketi.com\/wp-content\/uploads\/2019\/05\/tiketi-logo-696.png","contentUrl":"https:\/\/tiketi.com\/wp-content\/uploads\/2019\/05\/tiketi-logo-696.png","width":696,"height":696,"caption":"Tiketi.com"},"image":{"@id":"https:\/\/tiketi.com\/#\/schema\/logo\/image\/"},"sameAs":["https:\/\/www.facebook.com\/TiketiCom\/"]}]}},"_links":{"self":[{"href":"https:\/\/tiketi.com\/fr-fr\/wp-json\/wp\/v2\/pages\/11936","targetHints":{"allow":["GET"]}}],"collection":[{"href":"https:\/\/tiketi.com\/fr-fr\/wp-json\/wp\/v2\/pages"}],"about":[{"href":"https:\/\/tiketi.com\/fr-fr\/wp-json\/wp\/v2\/types\/page"}],"author":[{"embeddable":true,"href":"https:\/\/tiketi.com\/fr-fr\/wp-json\/wp\/v2\/users\/1"}],"replies":[{"embeddable":true,"href":"https:\/\/tiketi.com\/fr-fr\/wp-json\/wp\/v2\/comments?post=11936"}],"version-history":[{"count":0,"href":"https:\/\/tiketi.com\/fr-fr\/wp-json\/wp\/v2\/pages\/11936\/revisions"}],"wp:featuredmedia":[{"embeddable":true,"href":"https:\/\/tiketi.com\/fr-fr\/wp-json\/wp\/v2\/media\/18053"}],"wp:attachment":[{"href":"https:\/\/tiketi.com\/fr-fr\/wp-json\/wp\/v2\/media?parent=11936"}],"curies":[{"name":"wp","href":"https:\/\/api.w.org\/{rel}","templated":true}]}}