{"id":11937,"date":"2022-01-19T12:55:24","date_gmt":"2022-01-19T11:55:24","guid":{"rendered":"https:\/\/new.tiketi.com\/cheap-flights-to-nigeria\/"},"modified":"2022-07-14T11:23:54","modified_gmt":"2022-07-14T10:23:54","slug":"cheap-flights-to-nigeria","status":"publish","type":"page","link":"https:\/\/tiketi.com\/fr-fr\/cheap-flights-to-nigeria\/","title":{"rendered":"Vols pas chers vers le Nig\u00e9ria"},"content":{"rendered":"<h2>\u00c0 la recherche d&#039;un billet d&#039;avion pas cher pour le Nig\u00e9ria ou d&#039;offres de derni\u00e8re minute ?<\/h2>\n<h3>Recherchez, comparez et r\u00e9servez des vols \u00e0 bas prix pour Nig\u00e9ria en ligne d\u00e8s maintenant.<\/h3>\n<p>R\u00e9servez en ligne des vols pas chers pour le Nig\u00e9ria et \u00e9conomisez de l&#039;argent sur les billets d&#039;avion. Le Nigeria est connu comme le pays le plus c\u00e9l\u00e8bre d&#039;Afrique et est devenu un paradis pour les visiteurs intact avec une vaste zone de plages exotiques, une culture et une tradition fra\u00eeches, des montagnes verdoyantes et des attractions touristiques captivantes. Comparez les prix et obtenez les tarifs a\u00e9riens les plus bas sur les billets d&#039;avion de Nig\u00e9ria gr\u00e2ce \u00e0 des offres exceptionnelles sur la r\u00e9servation de billets en ligne de vols Nig\u00e9ria.<\/p>\n<h2>Maintenant, nous allons parcourir les meilleurs lieux d&#039;int\u00e9r\u00eat au Nigeria :<\/h2>\n<h3>R\u00e9serve de chasse de Yankari<\/h3>\n<p>Pr\u00e9parez-vous \u00e0 d\u00e9couvrir la nature dans le plus grand refuge faunique du Nigeria. Dans la r\u00e9serve, vous serez fascin\u00e9 par le nombre d&#039;activit\u00e9s auxquelles vous pourrez participer. \u00c9merveillez-vous devant le plus grand troupeau d&#039;\u00e9l\u00e9phants du pays, embarquez pour un safari guid\u00e9 et explorez les for\u00eats tropicales. Dans la r\u00e9serve, vous trouverez diverses vari\u00e9t\u00e9s d&#039;esp\u00e8ces animales en ajoutant le singe patas, le babouin olive, le bubale occidental, l&#039;antilope rouanne et vivant dans leurs habitats naturels.<\/p>\n<h3>Centre de conservation de Lekki<\/h3>\n<p>Centre de conservation de Lekki, Lagos est l&#039;une des meilleures r\u00e9serves naturelles du Nigeria. Ce centre de d\u00e9tente et de conservation offre une bouff\u00e9e d&#039;air frais et une \u00e9vasion de la ville toujours brillante de Lagos. Le centre de conservation et centre de la nature vieux de vingt ans, qui couvre une r\u00e9gion de 78 hectares, est g\u00e9r\u00e9 et g\u00e9r\u00e9 par la Nigerian Conservation Foundation. G\u00e9n\u00e9ralement consid\u00e9r\u00e9 comme un symbole de la conservation de la nature, le centre de conservation de Lekki pr\u00e9sente le projet phare de la Nigeria Conservation Foundation pour la pr\u00e9servation des valeurs r\u00e9cr\u00e9atives sp\u00e9ciales du paysage, de la biodiversit\u00e9, de la nature et de la science.<\/p>\n<h3>Plage de la baie de Tarkwa<\/h3>\n<p>Tarkwa Bay, une plage abrit\u00e9e situ\u00e9e pr\u00e8s du port de Lagos. C\u00e9l\u00e8bre aupr\u00e8s des amateurs de sports nautiques et de baignades, elle abrite \u00e9galement une communaut\u00e9 locale accueillante.<\/p>\n<p>Si vous recherchez un moment romantique merveilleux, vous devriez visiter la plage de Tarkwa Bay un jour de semaine. Bien que la plage de Tarkwa Bay soit une plage peu fr\u00e9quent\u00e9e, de nombreux amateurs de divertissement la visitent pendant les week-ends, les f\u00eates et les jours f\u00e9ri\u00e9s.<\/p>\n<h3>Parc national de Gashaki-Gumpti<\/h3>\n<p>Ce parc national offre un aper\u00e7u attrayant de la vie \u00e0 l&#039;\u00e9poque m\u00e9di\u00e9vale nig\u00e9riane. Il est connu sous le nom de parc national de Gashaki-Gumpti. Il est plac\u00e9 sur la montagne du Vent, le Chappal Wadi, le Chappal Hendu et la Montagne. Fondamentalement, c&#039;est le parc national le plus grand et le plus diversifi\u00e9 du Nigeria.<\/p>\n<h2>FAQ sur les vols pas chers vers le Nig\u00e9ria<\/h2>\n<h3>Quel est le meilleur moment pour visiter le Nigeria ?<\/h3>\n<p>Il y a principalement 2 saisons au Nigeria, l&#039;hiver ou sec et l&#039;\u00e9t\u00e9 ou humide. La ville de Jos a le climat le plus merveilleux de tout le Nigeria. Le reste du pays a un temps chaud. Les parties nord du pays sont s\u00e8ches et chaudes tandis que la partie sud est humide et chaude. Ainsi, les vols vers le Nigeria sont excellents d&#039;octobre \u00e0 janvier. La haute saison se situe entre d\u00e9cembre et f\u00e9vrier, car la plupart des festivals nig\u00e9rians ont lieu pendant cette partie de l&#039;ann\u00e9e.<\/p>\n<p>Les parties sud et nord changent \u00e9galement dans le moment de la saison des pluies. La saison des pluies se passe d&#039;avril \u00e0 septembre au sud et au nord, elle est d&#039;avril \u00e0 d\u00e9cembre. Il y a moins de monde pendant l&#039;intersaison et les vols bon march\u00e9 vers le Nigeria que pendant la haute saison. Quoi qu&#039;il en soit, si vous souhaitez visiter le Nigeria pendant la haute saison, nous vous conseillons de r\u00e9server des vols directs vers le Nigeria quelques mois \u00e0 l&#039;avance pour garantir le prix des billets Nigeria les moins chers vers le Nigeria.<\/p>\n<h3>Quelles compagnies a\u00e9riennes proposent des billets d&#039;avion pour le Nigeria\u00a0?<\/h3>\n<p>Il existe peu de compagnies a\u00e9riennes qui proposent des billets d&#039;avion bon march\u00e9 pour le Nigeria, tout d\u00e9pend \u00e9galement de l&#039;endroit o\u00f9 vous souhaitez voyager. Virgin Atlantic, British Airways et Turkish sont les grandes compagnies a\u00e9riennes qui proposent des vols vers le Nigeria. Virgin offre un haut niveau de d\u00e9tente et de service avec tous ses vols vers le Nigeria, mais ils seront l\u00e9g\u00e8rement plus co\u00fbteux que certains des substituts. British Airways offre des boissons et de la nourriture gratuites \u00e0 bord de tous ses vols, ce qui est la meilleure offre \u00e0 profiter sur les vols long-courriers. En fin de compte, cela d\u00e9pend de votre budget, de vos dates et de vos pr\u00e9f\u00e9rences. Vous avez donc choisi un lieu au Nigeria. Vous pouvez ensuite rechercher et faire correspondre le prix des diff\u00e9rentes offres de vols vers le Nigeria.<\/p>\n<h3>Quelle est la dur\u00e9e des vols au Nigeria ?<\/h3>\n<p>\u2022 Vol direct British Airways vers le Nigeria depuis Heathrow : six heures trente minutes.<\/p>\n<p>\u2022 Vol sans escale de New York \u00e0 Lagos, Nigeria : Dix heures trente minutes.<\/p>\n<p>\u2022 Vol sans escale de Duba\u00ef \u00e0 Lagos, Nigeria : Sept heures quarante minutes.<\/p>\n<p>\u2022 Emirates vole de Birmingham \u00e0 Duba\u00ef : 18 heures 10 minutes.<\/p>\n<h3>Quelle est la compagnie a\u00e9rienne pr\u00e9f\u00e9r\u00e9e pour se rendre au Nig\u00e9ria depuis Londres ?<\/h3>\n<p>Virgin Atlantic et British Airways sont les compagnies a\u00e9riennes pr\u00e9f\u00e9r\u00e9es pour les vols Nigeria Londres. Il faut six heures \u00e0 sept heures maximum sur un trajet en avion sans probl\u00e8me pour rejoindre Lagos. En g\u00e9n\u00e9ral depuis le Royaume-Uni, British Airways et Virgin Atlantic proposent des vols directs vers Nigeria Lagos. L&#039;itin\u00e9raire le plus c\u00e9l\u00e8bre est celui de Londres.<\/p>\n<h2>Se d\u00e9placer au Nig\u00e9ria<\/h2>\n<p>\u2022 Les taxis sont accessibles de l&#039;a\u00e9roport \u00e0 la ville, mais doivent d\u00e9cider du tarif avant votre voyage pour refuser de surpayer. Les routes au Nigeria sont extr\u00eamement mal entretenues et, en cons\u00e9quence, le gouvernement nig\u00e9rian d\u00e9ploie de puissants efforts pour privatiser la Nigeria Railway Corporation. Le moyen le plus efficace et le plus relaxant de voyager \u00e0 travers le Nigeria et l&#039;Afrique de l&#039;Ouest en avion et en train.<\/p>\n<p>\u2022 Apr\u00e8s vos vols vers les terres nig\u00e9rianes de Lagos, dirigez-vous vers la partie ouest de Lagos pour d\u00e9couvrir la plage de Coconut ou visitez la baie de Tarwa, c\u00e9l\u00e8bre aupr\u00e8s des familles pour la pl\u00e9thore d&#039;activit\u00e9s nautiques accessibles.<\/p>\n<h2>Vols int\u00e9rieurs au Nig\u00e9ria<\/h2>\n<table border=\"0\" cellspacing=\"1\" cellpadding=\"1\">\n<tbody>\n<tr>\n<td>Vols pas chers vers <a href=\"https:\/\/tiketi.com\/fr-fr\/cheap-flights-to-lagos-nigeria-los\/\" target=\"_blank\" rel=\"noopener\">Lagos Nig\u00e9ria (LOS)<\/a><\/td>\n<td><\/td>\n<td><\/td>\n<\/tr>\n<\/tbody>\n<\/table>\n<h2>Vols depuis Lagos, Nig\u00e9ria<\/h2>\n<h3>Vols int\u00e9rieurs et billets d&#039;avion pas chers au d\u00e9part de Lagos, Nig\u00e9ria<\/h3>\n<table border=\"0\" cellspacing=\"2\" cellpadding=\"2\">\n<tbody>\n<tr>\n<td>Vols pas chers \u00e0 partir de <a href=\"https:\/\/tiketi.com\/fr-fr\/flights-lagos-abuja-los-abv\/\" target=\"_blank\" rel=\"noopener\">Lagos Nig\u00e9ria \u00e0 Abuja<\/a><\/td>\n<td style=\"width: 30px;\"><\/td>\n<td>Vols pas chers \u00e0 partir de <a href=\"https:\/\/tiketi.com\/fr-fr\/flights-lagos-ibadan-los-iba\/\" target=\"_blank\" rel=\"noopener\">Lagos Nig\u00e9ria \u00e0 Ibadan<\/a><\/td>\n<\/tr>\n<tr>\n<td>Vols pas chers \u00e0 partir de <a href=\"https:\/\/tiketi.com\/fr-fr\/flights-lagos-benin-city-los-bni\/\" target=\"_blank\" rel=\"noopener\">Lagos Nig\u00e9ria \u00e0 Benin City<\/a><\/td>\n<td><\/td>\n<td>Vols pas chers \u00e0 partir de\u00a0<a href=\"https:\/\/tiketi.com\/fr-fr\/flights-lagos-kano-los-kan\/\" target=\"_blank\" rel=\"noopener\">Lagos Nig\u00e9ria \u00e0 Kano<\/a><\/td>\n<\/tr>\n<\/tbody>\n<\/table>\n<h3>Vols internationaux et tarifs a\u00e9riens pas chers au d\u00e9part de Lagos, Nig\u00e9ria<\/h3>\n<table border=\"0\" cellspacing=\"2\" cellpadding=\"2\">\n<tbody>\n<tr>\n<td>Vols pas chers \u00e0 partir de <a href=\"https:\/\/tiketi.com\/fr-fr\/flights-lagos-dubai-los-dxb\/\" target=\"_blank\" rel=\"noopener\">Lagos Nig\u00e9ria \u00e0 Duba\u00ef<\/a><\/td>\n<td style=\"width: 30px;\"><\/td>\n<td>Vols pas chers \u00e0 partir de\u00a0<a href=\"https:\/\/tiketi.com\/fr-fr\/flights-lagos-nigeria-nairobi-los-nbo\/\" target=\"_blank\" rel=\"noopener\">Lagos Nig\u00e9ria \u00e0 Nairobi<\/a><a href=\"https:\/\/tiketi.com\/fr-fr\/flights-accra-lagos-acc-los\/\" target=\"_blank\" rel=\"noopener\">\u200b<\/a><\/td>\n<\/tr>\n<\/tbody>\n<\/table>","protected":false},"excerpt":{"rendered":"<p>Looking for cheap airline ticket to Nigeria or last minute deals? Search, compare and book cheap Nigeria flights online now. Book cheap flights to Nigeria online and save money on airfare. Nigeria is known as the most famous country in Africa and has become an untouched visitor heaven with a big area of exotic beaches, [&hellip;]<\/p>\n","protected":false},"author":1,"featured_media":18043,"parent":0,"menu_order":0,"comment_status":"open","ping_status":"closed","template":"template-home-modern.php","meta":{"footnotes":""},"class_list":["post-11937","page","type-page","status-publish","has-post-thumbnail","hentry"],"yoast_head":"<!-- This site is optimized with the Yoast SEO plugin v27.3 - https:\/\/yoast.com\/product\/yoast-seo-wordpress\/ -->\n<title>Cheap Flights to Nigeria<\/title>\n<meta name=\"description\" content=\"Looking for cheap flights to\u00a0Nigeria? Search, compare and book cheap airline ticket from to\u00a0Nigeria online and save time and money\" \/>\n<meta name=\"robots\" content=\"index, follow, max-snippet:-1, max-image-preview:large, max-video-preview:-1\" \/>\n<link rel=\"canonical\" href=\"https:\/\/tiketi.com\/fr-fr\/cheap-flights-to-nigeria\/\" \/>\n<meta property=\"og:locale\" content=\"fr_FR\" \/>\n<meta property=\"og:type\" content=\"article\" \/>\n<meta property=\"og:title\" content=\"Cheap Flights to Nigeria\" \/>\n<meta property=\"og:description\" content=\"Looking for cheap flights to\u00a0Nigeria? Search, compare and book cheap airline ticket from to\u00a0Nigeria online and save time and money\" \/>\n<meta property=\"og:url\" content=\"https:\/\/tiketi.com\/fr-fr\/cheap-flights-to-nigeria\/\" \/>\n<meta property=\"og:site_name\" content=\"Tiketi.com\" \/>\n<meta property=\"article:publisher\" content=\"https:\/\/www.facebook.com\/TiketiCom\/\" \/>\n<meta property=\"article:modified_time\" content=\"2022-07-14T10:23:54+00:00\" \/>\n<meta property=\"og:image\" content=\"https:\/\/tiketi.com\/wp-content\/uploads\/2022\/02\/lagos-nigeria-nupo-deyon-daniel-67ruAEYmp4c-u.jpg\" \/>\n\t<meta property=\"og:image:width\" content=\"1200\" \/>\n\t<meta property=\"og:image:height\" content=\"202\" \/>\n\t<meta property=\"og:image:type\" content=\"image\/jpeg\" \/>\n<meta name=\"twitter:card\" content=\"summary_large_image\" \/>\n<meta name=\"twitter:label1\" content=\"Dur\u00e9e de lecture estim\u00e9e\" \/>\n\t<meta name=\"twitter:data1\" content=\"5 minutes\" \/>\n<script type=\"application\/ld+json\" class=\"yoast-schema-graph\">{\"@context\":\"https:\\\/\\\/schema.org\",\"@graph\":[{\"@type\":\"WebPage\",\"@id\":\"https:\\\/\\\/tiketi.com\\\/sw\\\/cheap-flights-to-nigeria\\\/\",\"url\":\"https:\\\/\\\/tiketi.com\\\/sw\\\/cheap-flights-to-nigeria\\\/\",\"name\":\"Cheap Flights to Nigeria\",\"isPartOf\":{\"@id\":\"https:\\\/\\\/tiketi.com\\\/#website\"},\"primaryImageOfPage\":{\"@id\":\"https:\\\/\\\/tiketi.com\\\/sw\\\/cheap-flights-to-nigeria\\\/#primaryimage\"},\"image\":{\"@id\":\"https:\\\/\\\/tiketi.com\\\/sw\\\/cheap-flights-to-nigeria\\\/#primaryimage\"},\"thumbnailUrl\":\"https:\\\/\\\/tiketi.com\\\/wp-content\\\/uploads\\\/2022\\\/02\\\/lagos-nigeria-nupo-deyon-daniel-67ruAEYmp4c-u.jpg\",\"datePublished\":\"2022-01-19T11:55:24+00:00\",\"dateModified\":\"2022-07-14T10:23:54+00:00\",\"description\":\"Looking for cheap flights to\u00a0Nigeria? Search, compare and book cheap airline ticket from to\u00a0Nigeria online and save time and money\",\"breadcrumb\":{\"@id\":\"https:\\\/\\\/tiketi.com\\\/sw\\\/cheap-flights-to-nigeria\\\/#breadcrumb\"},\"inLanguage\":\"fr-FR\",\"potentialAction\":[{\"@type\":\"ReadAction\",\"target\":[\"https:\\\/\\\/tiketi.com\\\/sw\\\/cheap-flights-to-nigeria\\\/\"]}]},{\"@type\":\"ImageObject\",\"inLanguage\":\"fr-FR\",\"@id\":\"https:\\\/\\\/tiketi.com\\\/sw\\\/cheap-flights-to-nigeria\\\/#primaryimage\",\"url\":\"https:\\\/\\\/tiketi.com\\\/wp-content\\\/uploads\\\/2022\\\/02\\\/lagos-nigeria-nupo-deyon-daniel-67ruAEYmp4c-u.jpg\",\"contentUrl\":\"https:\\\/\\\/tiketi.com\\\/wp-content\\\/uploads\\\/2022\\\/02\\\/lagos-nigeria-nupo-deyon-daniel-67ruAEYmp4c-u.jpg\",\"width\":1200,\"height\":202,\"caption\":\"Air Taxi in Lagos Nigeria Booking\"},{\"@type\":\"BreadcrumbList\",\"@id\":\"https:\\\/\\\/tiketi.com\\\/sw\\\/cheap-flights-to-nigeria\\\/#breadcrumb\",\"itemListElement\":[{\"@type\":\"ListItem\",\"position\":1,\"name\":\"Home\",\"item\":\"https:\\\/\\\/tiketi.com\\\/\"},{\"@type\":\"ListItem\",\"position\":2,\"name\":\"Cheap Flights to Nigeria\"}]},{\"@type\":\"WebSite\",\"@id\":\"https:\\\/\\\/tiketi.com\\\/#website\",\"url\":\"https:\\\/\\\/tiketi.com\\\/\",\"name\":\"Flight & Bus Tickets, Tour Packages & Activitites - Tiketi.com\",\"description\":\"Flight &amp; Bus Tickets, Tours, Activitites\",\"publisher\":{\"@id\":\"https:\\\/\\\/tiketi.com\\\/#organization\"},\"potentialAction\":[{\"@type\":\"SearchAction\",\"target\":{\"@type\":\"EntryPoint\",\"urlTemplate\":\"https:\\\/\\\/tiketi.com\\\/?s={search_term_string}\"},\"query-input\":{\"@type\":\"PropertyValueSpecification\",\"valueRequired\":true,\"valueName\":\"search_term_string\"}}],\"inLanguage\":\"fr-FR\"},{\"@type\":\"Organization\",\"@id\":\"https:\\\/\\\/tiketi.com\\\/#organization\",\"name\":\"Tiketi.com\",\"alternateName\":\"Tiketi\",\"url\":\"https:\\\/\\\/tiketi.com\\\/\",\"logo\":{\"@type\":\"ImageObject\",\"inLanguage\":\"fr-FR\",\"@id\":\"https:\\\/\\\/tiketi.com\\\/#\\\/schema\\\/logo\\\/image\\\/\",\"url\":\"https:\\\/\\\/tiketi.com\\\/wp-content\\\/uploads\\\/2019\\\/05\\\/tiketi-logo-696.png\",\"contentUrl\":\"https:\\\/\\\/tiketi.com\\\/wp-content\\\/uploads\\\/2019\\\/05\\\/tiketi-logo-696.png\",\"width\":696,\"height\":696,\"caption\":\"Tiketi.com\"},\"image\":{\"@id\":\"https:\\\/\\\/tiketi.com\\\/#\\\/schema\\\/logo\\\/image\\\/\"},\"sameAs\":[\"https:\\\/\\\/www.facebook.com\\\/TiketiCom\\\/\"]}]}<\/script>\n<!-- \/ Yoast SEO plugin. -->","yoast_head_json":{"title":"Vols pas chers vers le Nig\u00e9ria","description":"Vous cherchez des vols pas chers vers le Nig\u00e9ria ? Recherchez, comparez et r\u00e9servez en ligne un billet d&#039;avion pas cher de vers Nig\u00e9ria et gagnez du temps et de l&#039;argent","robots":{"index":"index","follow":"follow","max-snippet":"max-snippet:-1","max-image-preview":"max-image-preview:large","max-video-preview":"max-video-preview:-1"},"canonical":"https:\/\/tiketi.com\/fr-fr\/cheap-flights-to-nigeria\/","og_locale":"fr_FR","og_type":"article","og_title":"Cheap Flights to Nigeria","og_description":"Looking for cheap flights to\u00a0Nigeria? Search, compare and book cheap airline ticket from to\u00a0Nigeria online and save time and money","og_url":"https:\/\/tiketi.com\/fr-fr\/cheap-flights-to-nigeria\/","og_site_name":"Tiketi.com","article_publisher":"https:\/\/www.facebook.com\/TiketiCom\/","article_modified_time":"2022-07-14T10:23:54+00:00","og_image":[{"width":1200,"height":202,"url":"https:\/\/tiketi.com\/wp-content\/uploads\/2022\/02\/lagos-nigeria-nupo-deyon-daniel-67ruAEYmp4c-u.jpg","type":"image\/jpeg"}],"twitter_card":"summary_large_image","twitter_misc":{"Dur\u00e9e de lecture estim\u00e9e":"5 minutes"},"schema":{"@context":"https:\/\/schema.org","@graph":[{"@type":"WebPage","@id":"https:\/\/tiketi.com\/sw\/cheap-flights-to-nigeria\/","url":"https:\/\/tiketi.com\/sw\/cheap-flights-to-nigeria\/","name":"Vols pas chers vers le Nig\u00e9ria","isPartOf":{"@id":"https:\/\/tiketi.com\/#website"},"primaryImageOfPage":{"@id":"https:\/\/tiketi.com\/sw\/cheap-flights-to-nigeria\/#primaryimage"},"image":{"@id":"https:\/\/tiketi.com\/sw\/cheap-flights-to-nigeria\/#primaryimage"},"thumbnailUrl":"https:\/\/tiketi.com\/wp-content\/uploads\/2022\/02\/lagos-nigeria-nupo-deyon-daniel-67ruAEYmp4c-u.jpg","datePublished":"2022-01-19T11:55:24+00:00","dateModified":"2022-07-14T10:23:54+00:00","description":"Vous cherchez des vols pas chers vers le Nig\u00e9ria ? Recherchez, comparez et r\u00e9servez en ligne un billet d&#039;avion pas cher de vers Nig\u00e9ria et gagnez du temps et de l&#039;argent","breadcrumb":{"@id":"https:\/\/tiketi.com\/sw\/cheap-flights-to-nigeria\/#breadcrumb"},"inLanguage":"fr-FR","potentialAction":[{"@type":"ReadAction","target":["https:\/\/tiketi.com\/sw\/cheap-flights-to-nigeria\/"]}]},{"@type":"ImageObject","inLanguage":"fr-FR","@id":"https:\/\/tiketi.com\/sw\/cheap-flights-to-nigeria\/#primaryimage","url":"https:\/\/tiketi.com\/wp-content\/uploads\/2022\/02\/lagos-nigeria-nupo-deyon-daniel-67ruAEYmp4c-u.jpg","contentUrl":"https:\/\/tiketi.com\/wp-content\/uploads\/2022\/02\/lagos-nigeria-nupo-deyon-daniel-67ruAEYmp4c-u.jpg","width":1200,"height":202,"caption":"Air Taxi in Lagos Nigeria Booking"},{"@type":"BreadcrumbList","@id":"https:\/\/tiketi.com\/sw\/cheap-flights-to-nigeria\/#breadcrumb","itemListElement":[{"@type":"ListItem","position":1,"name":"Home","item":"https:\/\/tiketi.com\/"},{"@type":"ListItem","position":2,"name":"Cheap Flights to Nigeria"}]},{"@type":"WebSite","@id":"https:\/\/tiketi.com\/#website","url":"https:\/\/tiketi.com\/","name":"Billets d&#039;avion et de bus, forfaits touristiques et activit\u00e9s - Tiketi.com","description":"Billets d&#039;avion et de bus, Tours, Activit\u00e9s","publisher":{"@id":"https:\/\/tiketi.com\/#organization"},"potentialAction":[{"@type":"SearchAction","target":{"@type":"EntryPoint","urlTemplate":"https:\/\/tiketi.com\/?s={search_term_string}"},"query-input":{"@type":"PropertyValueSpecification","valueRequired":true,"valueName":"search_term_string"}}],"inLanguage":"fr-FR"},{"@type":"Organization","@id":"https:\/\/tiketi.com\/#organization","name":"Tiketi.com","alternateName":"Tiketi","url":"https:\/\/tiketi.com\/","logo":{"@type":"ImageObject","inLanguage":"fr-FR","@id":"https:\/\/tiketi.com\/#\/schema\/logo\/image\/","url":"https:\/\/tiketi.com\/wp-content\/uploads\/2019\/05\/tiketi-logo-696.png","contentUrl":"https:\/\/tiketi.com\/wp-content\/uploads\/2019\/05\/tiketi-logo-696.png","width":696,"height":696,"caption":"Tiketi.com"},"image":{"@id":"https:\/\/tiketi.com\/#\/schema\/logo\/image\/"},"sameAs":["https:\/\/www.facebook.com\/TiketiCom\/"]}]}},"_links":{"self":[{"href":"https:\/\/tiketi.com\/fr-fr\/wp-json\/wp\/v2\/pages\/11937","targetHints":{"allow":["GET"]}}],"collection":[{"href":"https:\/\/tiketi.com\/fr-fr\/wp-json\/wp\/v2\/pages"}],"about":[{"href":"https:\/\/tiketi.com\/fr-fr\/wp-json\/wp\/v2\/types\/page"}],"author":[{"embeddable":true,"href":"https:\/\/tiketi.com\/fr-fr\/wp-json\/wp\/v2\/users\/1"}],"replies":[{"embeddable":true,"href":"https:\/\/tiketi.com\/fr-fr\/wp-json\/wp\/v2\/comments?post=11937"}],"version-history":[{"count":0,"href":"https:\/\/tiketi.com\/fr-fr\/wp-json\/wp\/v2\/pages\/11937\/revisions"}],"wp:featuredmedia":[{"embeddable":true,"href":"https:\/\/tiketi.com\/fr-fr\/wp-json\/wp\/v2\/media\/18043"}],"wp:attachment":[{"href":"https:\/\/tiketi.com\/fr-fr\/wp-json\/wp\/v2\/media?parent=11937"}],"curies":[{"name":"wp","href":"https:\/\/api.w.org\/{rel}","templated":true}]}}