{"id":11938,"date":"2022-01-19T12:55:24","date_gmt":"2022-01-19T11:55:24","guid":{"rendered":"https:\/\/new.tiketi.com\/cheap-flights-to-ghana\/"},"modified":"2022-02-10T11:38:57","modified_gmt":"2022-02-10T10:38:57","slug":"cheap-flights-to-ghana","status":"publish","type":"page","link":"https:\/\/tiketi.com\/fr-fr\/cheap-flights-to-ghana\/","title":{"rendered":"Vols pas chers vers Ghana"},"content":{"rendered":"<h2>\u00c0 la recherche d&#039;un billet d&#039;avion pas cher pour le Ghana ou d&#039;offres de derni\u00e8re minute ?<\/h2>\n<h3>Cherchez, comparez et r\u00e9servez des vols pas chers pour Ghana en ligne d\u00e8s maintenant.<\/h3>\n<p>R\u00e9servez en ligne des vols pas chers pour le Ghana et \u00e9conomisez de l&#039;argent sur les billets d&#039;avion. Situ\u00e9 en Afrique de l&#039;Ouest, le Ghana est un m\u00e9lange remarquable de beaut\u00e9 naturelle, de culture et d&#039;histoire. Des \u00e9l\u00e9phants et des babouins aux plages immacul\u00e9es, aux montagnes verdoyantes, aux m\u00e9tiers anciens et \u00e0 l&#039;art traditionnel, il y a beaucoup de choses \u00e0 ne pas manquer. Voici les meilleures attractions du Ghana \u00e0 inclure dans votre liste incontournable. Comparez les prix et obtenez les tarifs les plus bas sur les billets d&#039;avion de Ghana gr\u00e2ce \u00e0 des offres exceptionnelles sur la r\u00e9servation de billets en ligne de vols Ghana.<\/p>\n<h2>Voici quelques-unes des meilleures attractions du Ghana<\/h2>\n<h3>Parc national de la taupe<\/h3>\n<p>Le parc national de Mole est un grand parc animalier du Ghana et est situ\u00e9 dans la partie nord-ouest du Ghana. \u00c0 Mole, vous pouvez imaginer voir des buffles, des \u00e9l\u00e9phants, des antilopes errantes, des hy\u00e8nes et si vous cherchez des lions chanceux, des l\u00e9opards ont \u00e9galement \u00e9t\u00e9 fra\u00eechement emmen\u00e9s dans le parc. Il y a aussi plus de 252 esp\u00e8ces d&#039;oiseaux \u00e0 appr\u00e9cier.<\/p>\n<h3>Ghana, capitale du Ghana<\/h3>\n<p>Le Ghana est une ville merveilleuse avec environ deux millions d&#039;habitants et l&#039;un des atouts inoffensifs de l&#039;Afrique. Lorsque vous \u00eates dans ce pays, vous ne devriez jamais manquer une visite \u00e0 sa capitale.<br \/>\nAu Ghana, le mus\u00e9e national propose de superbes expositions sur l&#039;histoire et la culture du Ghana, notamment la traite des esclaves et le royaume Ashanti. Il y a des plages parfaites autour du Ghana, comme la plage de Bojo et la plage de Labadi. Le march\u00e9 de Makola est color\u00e9, brillant et vous pouvez acheter de tout.<\/p>\n<h3>Lac Volta<\/h3>\n<p>Le lac Volta est le principal lac artificiel de la plan\u00e8te. Bateau \u00e0 passagers, le Yapei Queen parcourt le lac complet entre Akosombo au sud et Yeji au nord. Le trajet dure environ 24 heures. Un c\u00f4t\u00e9 part d&#039;Akosombo tous les lundis. Vous pouvez r\u00e9server votre voyage via la Volta Lake Transport Company. Il existe de nombreux endroits \u00e0 visiter au Ghana.<\/p>\n<h3>Adanwomase<\/h3>\n<p>Une ville de la r\u00e9gion de Kwabre Est, \u00e0 environ 17 miles au nord-est de Kumasi. Il est \u00e9galement c\u00e9l\u00e8bre pour le tissage traditionnel du tissu Kente. Bien qu&#039;il existe un large \u00e9ventail d&#039;histoires orales concernant les origines du tissu Kente, les \u00e9rudits et les historiens conviennent que la production de tissu Kente est une extension des si\u00e8cles.<\/p>\n<h2>FAQ sur les vols pas chers vers le Ghana<\/h2>\n<h3>Quel est le moment le moins cher pour r\u00e9server un billet d&#039;avion pas cher pour le Ghana ?<\/h3>\n<p>Le climat reste principalement chaud et ensoleill\u00e9 toute l&#039;ann\u00e9e, mais il y a aussi quelques mois humides. Les meilleurs vols vers le Ghana sont pendant sa saison s\u00e8che qui se d\u00e9roule de novembre \u00e0 mars. Trouver des billets d&#039;avion bon march\u00e9 au Ghana peut s&#039;av\u00e9rer un travail difficile en haute saison. Le prix des billets pour le Ghana est le plus \u00e9lev\u00e9 pendant les mois de juillet et d\u00e9cembre. Si vous voulez rejeter la frustration, vous devez r\u00e9server \u00e0 l&#039;avance.<br \/>\nLa saison des pluies ou hors saison tombe d&#039;avril \u00e0 mi-juillet. Moins de visiteurs r\u00e9servent des vols directs vers le Ghana au cours de ces mois. Si vous avez un budget strict, l&#039;intersaison est la meilleure pour les vols vers le Ghana. Vous pouvez obtenir les meilleures offres m\u00eame pendant les mois d&#039;ao\u00fbt.<\/p>\n<h3>Quelles compagnies a\u00e9riennes op\u00e8rent des vols au Ghana ?<\/h3>\n<p>Trouver une compagnie a\u00e9rienne r\u00e9put\u00e9e est simple lors de la r\u00e9servation de votre billet d&#039;avion pas cher pour le Ghana. British Airways, KLM, Iberia et Egypt Air sont quelques-unes des principales compagnies a\u00e9riennes qui proposent des vols vers le Ghana Ghana. Vous constaterez que le prix de vos billets d&#039;avion au Ghana changera en fonction de la compagnie a\u00e9rienne, ainsi que des co\u00fbts suppl\u00e9mentaires tels que les bagages enregistr\u00e9s, il est donc utile d&#039;en v\u00e9rifier quelques-uns pour obtenir les meilleures offres.<\/p>\n<h3>Quelle est la dur\u00e9e des vols vers le Ghana\u00a0?<\/h3>\n<p>Selon vos projets de voyage, un billet d&#039;avion normal au Ghana peut durer de 15 \u00e0 30 heures. Bien que quelques gros vols se rendent \u00e0 l&#039;a\u00e9roport international de Kotoka dans la capitale du Ghana, les escales et les correspondances sont courantes pour cet endroit. Pr\u00e9parez-vous pour un voyage d&#039;au moins seize heures au d\u00e9part de New York et emportez suffisamment de plaisir en vol pour rester occup\u00e9 sur un vol de vingt-cinq heures au d\u00e9part de San Francisco. Si vous voyagez depuis Cape Town, devinez un trajet d&#039;environ 11 heures. Si vous voyagez dans les vols Ghana Londres, attendez-vous \u00e0 un trajet d&#039;environ 6 heures et quinze minutes.<\/p>\n<h3>Quelle est la meilleure p\u00e9riode pour visiter le Ghana ?<\/h3>\n<p><strong>Haute saison<\/strong><br \/>\nIl y a une jolie variation dans le climat du Ghana tout au long de l&#039;ann\u00e9e. La temp\u00e9rature moyenne oscille entre 26 C et 32 C au fil de l&#039;ann\u00e9e. Il existe une jolie corr\u00e9lation entre le nombre de visiteurs visitant le Ghana et la saison s\u00e8che, qui dure de novembre \u00e0 avril. Plus de visiteurs arrivent au Ghana par des vols vers le Ghana au cours de ces mois qu&#039;\u00e0 tout autre moment de l&#039;ann\u00e9e, principalement au mois de janvier. Le climat ensoleill\u00e9 et chaud du pays est assez accueillant non seulement pour les Ghan\u00e9ens qui rentrent chez eux pour les vacances, mais aussi pour les explorateurs en qu\u00eate de nouvelles aventures.<\/p>\n<p><strong>Hors saison<\/strong><br \/>\nEn mai, au plus fort de la saison des pluies, les visiteurs et les touristes sont \u00e0 court dans les rues du Ghana. La saison des pluies n&#039;est pas aussi \u00e9lev\u00e9e et les averses am\u00e9liorent simplement le niveau d&#039;air du pays, principalement au mois du nord. Au cours de ce mois, il pourrait y avoir une baisse des prix des billets d&#039;avion au Ghana et \u00e0 l&#039;h\u00f4tel, mais ne comptez pas l\u00e0-dessus. Les co\u00fbts rebondissent g\u00e9n\u00e9ralement rapidement en juin, au d\u00e9but des vacances d&#039;\u00e9t\u00e9.<\/p>\n<h2>Vols int\u00e9rieurs au Ghana<\/h2>\n<h3><span style=\"font-size: 14pt;\">Vols int\u00e9rieurs et tarifs a\u00e9riens bon march\u00e9 au Ghana<\/span><\/h3>\n<table border=\"0\" cellspacing=\"2\" cellpadding=\"2\">\n<tbody>\n<tr>\n<td>Vols pas chers \u00e0 partir de <a href=\"https:\/\/tiketi.com\/fr-fr\/cheap-flights-from-accra-to-kumasi-acc-kms\/\" target=\"_blank\" rel=\"noopener\">Accra \u00e0 Kumasi<\/a><\/td>\n<td><\/td>\n<td><\/td>\n<\/tr>\n<\/tbody>\n<\/table>\n<h2>Vols au d\u00e9part du Ghana<\/h2>\n<h3>Vols internationaux et tarifs a\u00e9riens pas chers au d\u00e9part du Ghana<\/h3>\n<table border=\"0\" cellspacing=\"2\" cellpadding=\"2\">\n<tbody>\n<tr>\n<td>Vols pas chers \u00e0 partir de <a href=\"https:\/\/tiketi.com\/fr-fr\/flights-accra-dubai-acc-dxb\/\" target=\"_blank\" rel=\"noopener\">Accra \u00e0 Duba\u00ef<\/a><\/td>\n<td style=\"width: 30px;\"><\/td>\n<td>Vols pas chers \u00e0 partir de <a href=\"https:\/\/tiketi.com\/fr-fr\/flights-accra-lagos-acc-los\/\" target=\"_blank\" rel=\"noopener\">Accra \u00e0 Lagos Nig\u00e9ria\u200b<\/a><\/td>\n<\/tr>\n<tr>\n<td>Vols pas chers \u00e0 partir de <a href=\"https:\/\/tiketi.com\/fr-fr\/flights-accra-dar-es-salaam-acc-dar\/\" target=\"_blank\" rel=\"noopener\">Accra \u00e0 Dar es Salam<\/a><\/td>\n<td><\/td>\n<td>Vols pas chers \u00e0 partir de <a href=\"https:\/\/tiketi.com\/fr-fr\/flights-accra-nairobi-acc-nbo\/\" target=\"_blank\" rel=\"noopener\">Accra \u00e0 Nairobi<\/a><\/td>\n<\/tr>\n<\/tbody>\n<\/table>\n<p>&nbsp;<\/p>\n<p>&nbsp;<\/p>","protected":false},"excerpt":{"rendered":"<p>Looking for cheap airline ticket to Ghana or last minute deals? Search, compare and book cheap Ghana flights online now. Book cheap flights to Ghana online and save money on airfare. Placed in West Africa, Ghana is a remarkable mix of natural beauty, culture and history. From elephants and baboons to pristine beaches, green mountains, [&hellip;]<\/p>\n","protected":false},"author":1,"featured_media":14041,"parent":0,"menu_order":0,"comment_status":"open","ping_status":"closed","template":"template-home-modern.php","meta":{"footnotes":""},"class_list":["post-11938","page","type-page","status-publish","has-post-thumbnail","hentry"],"yoast_head":"<!-- This site is optimized with the Yoast SEO plugin v27.3 - https:\/\/yoast.com\/product\/yoast-seo-wordpress\/ -->\n<title>Cheap Flights to Ghana<\/title>\n<meta name=\"description\" content=\"Looking for cheap flights to\u00a0Ghana? Search, compare and book cheap airline ticket from to Ghana online and save money\" \/>\n<meta name=\"robots\" content=\"index, follow, max-snippet:-1, max-image-preview:large, max-video-preview:-1\" \/>\n<link rel=\"canonical\" href=\"https:\/\/tiketi.com\/fr-fr\/cheap-flights-to-ghana\/\" \/>\n<meta property=\"og:locale\" content=\"fr_FR\" \/>\n<meta property=\"og:type\" content=\"article\" \/>\n<meta property=\"og:title\" content=\"Cheap Flights to Ghana\" \/>\n<meta property=\"og:description\" content=\"Looking for cheap flights to\u00a0Ghana? Search, compare and book cheap airline ticket from to Ghana online and save money\" \/>\n<meta property=\"og:url\" content=\"https:\/\/tiketi.com\/fr-fr\/cheap-flights-to-ghana\/\" \/>\n<meta property=\"og:site_name\" content=\"Tiketi.com\" \/>\n<meta property=\"article:publisher\" content=\"https:\/\/www.facebook.com\/TiketiCom\/\" \/>\n<meta property=\"article:modified_time\" content=\"2022-02-10T10:38:57+00:00\" \/>\n<meta property=\"og:image\" content=\"https:\/\/tiketi.com\/wp-content\/uploads\/2022\/01\/flight-ticket-booking-sorasak-KxCJXXGsv9I-unsplas.jpg\" \/>\n\t<meta property=\"og:image:width\" content=\"1200\" \/>\n\t<meta property=\"og:image:height\" content=\"240\" \/>\n\t<meta property=\"og:image:type\" content=\"image\/jpeg\" \/>\n<meta name=\"twitter:card\" content=\"summary_large_image\" \/>\n<meta name=\"twitter:label1\" content=\"Dur\u00e9e de lecture estim\u00e9e\" \/>\n\t<meta name=\"twitter:data1\" content=\"5 minutes\" \/>\n<script type=\"application\/ld+json\" class=\"yoast-schema-graph\">{\"@context\":\"https:\\\/\\\/schema.org\",\"@graph\":[{\"@type\":\"WebPage\",\"@id\":\"https:\\\/\\\/tiketi.com\\\/fr-fr\\\/cheap-flights-to-ghana\\\/\",\"url\":\"https:\\\/\\\/tiketi.com\\\/fr-fr\\\/cheap-flights-to-ghana\\\/\",\"name\":\"Cheap Flights to Ghana\",\"isPartOf\":{\"@id\":\"https:\\\/\\\/tiketi.com\\\/#website\"},\"primaryImageOfPage\":{\"@id\":\"https:\\\/\\\/tiketi.com\\\/fr-fr\\\/cheap-flights-to-ghana\\\/#primaryimage\"},\"image\":{\"@id\":\"https:\\\/\\\/tiketi.com\\\/fr-fr\\\/cheap-flights-to-ghana\\\/#primaryimage\"},\"thumbnailUrl\":\"https:\\\/\\\/tiketi.com\\\/wp-content\\\/uploads\\\/2022\\\/01\\\/flight-ticket-booking-sorasak-KxCJXXGsv9I-unsplas.jpg\",\"datePublished\":\"2022-01-19T11:55:24+00:00\",\"dateModified\":\"2022-02-10T10:38:57+00:00\",\"description\":\"Looking for cheap flights to\u00a0Ghana? Search, compare and book cheap airline ticket from to Ghana online and save money\",\"breadcrumb\":{\"@id\":\"https:\\\/\\\/tiketi.com\\\/fr-fr\\\/cheap-flights-to-ghana\\\/#breadcrumb\"},\"inLanguage\":\"fr-FR\",\"potentialAction\":[{\"@type\":\"ReadAction\",\"target\":[\"https:\\\/\\\/tiketi.com\\\/fr-fr\\\/cheap-flights-to-ghana\\\/\"]}]},{\"@type\":\"ImageObject\",\"inLanguage\":\"fr-FR\",\"@id\":\"https:\\\/\\\/tiketi.com\\\/fr-fr\\\/cheap-flights-to-ghana\\\/#primaryimage\",\"url\":\"https:\\\/\\\/tiketi.com\\\/wp-content\\\/uploads\\\/2022\\\/01\\\/flight-ticket-booking-sorasak-KxCJXXGsv9I-unsplas.jpg\",\"contentUrl\":\"https:\\\/\\\/tiketi.com\\\/wp-content\\\/uploads\\\/2022\\\/01\\\/flight-ticket-booking-sorasak-KxCJXXGsv9I-unsplas.jpg\",\"width\":1200,\"height\":240,\"caption\":\"Online flight ticket booking\"},{\"@type\":\"BreadcrumbList\",\"@id\":\"https:\\\/\\\/tiketi.com\\\/fr-fr\\\/cheap-flights-to-ghana\\\/#breadcrumb\",\"itemListElement\":[{\"@type\":\"ListItem\",\"position\":1,\"name\":\"Home\",\"item\":\"https:\\\/\\\/tiketi.com\\\/\"},{\"@type\":\"ListItem\",\"position\":2,\"name\":\"Cheap Flights to Ghana\"}]},{\"@type\":\"WebSite\",\"@id\":\"https:\\\/\\\/tiketi.com\\\/#website\",\"url\":\"https:\\\/\\\/tiketi.com\\\/\",\"name\":\"Flight & Bus Tickets, Tour Packages & Activitites - Tiketi.com\",\"description\":\"Flight &amp; Bus Tickets, Tours, Activitites\",\"publisher\":{\"@id\":\"https:\\\/\\\/tiketi.com\\\/#organization\"},\"potentialAction\":[{\"@type\":\"SearchAction\",\"target\":{\"@type\":\"EntryPoint\",\"urlTemplate\":\"https:\\\/\\\/tiketi.com\\\/?s={search_term_string}\"},\"query-input\":{\"@type\":\"PropertyValueSpecification\",\"valueRequired\":true,\"valueName\":\"search_term_string\"}}],\"inLanguage\":\"fr-FR\"},{\"@type\":\"Organization\",\"@id\":\"https:\\\/\\\/tiketi.com\\\/#organization\",\"name\":\"Tiketi.com\",\"alternateName\":\"Tiketi\",\"url\":\"https:\\\/\\\/tiketi.com\\\/\",\"logo\":{\"@type\":\"ImageObject\",\"inLanguage\":\"fr-FR\",\"@id\":\"https:\\\/\\\/tiketi.com\\\/#\\\/schema\\\/logo\\\/image\\\/\",\"url\":\"https:\\\/\\\/tiketi.com\\\/wp-content\\\/uploads\\\/2019\\\/05\\\/tiketi-logo-696.png\",\"contentUrl\":\"https:\\\/\\\/tiketi.com\\\/wp-content\\\/uploads\\\/2019\\\/05\\\/tiketi-logo-696.png\",\"width\":696,\"height\":696,\"caption\":\"Tiketi.com\"},\"image\":{\"@id\":\"https:\\\/\\\/tiketi.com\\\/#\\\/schema\\\/logo\\\/image\\\/\"},\"sameAs\":[\"https:\\\/\\\/www.facebook.com\\\/TiketiCom\\\/\"]}]}<\/script>\n<!-- \/ Yoast SEO plugin. -->","yoast_head_json":{"title":"Vols pas chers vers Ghana","description":"Vous cherchez des vols pas chers vers le Ghana ? Recherchez, comparez et r\u00e9servez en ligne un billet d&#039;avion pas cher de vers Ghana et \u00e9conomisez de l&#039;argent","robots":{"index":"index","follow":"follow","max-snippet":"max-snippet:-1","max-image-preview":"max-image-preview:large","max-video-preview":"max-video-preview:-1"},"canonical":"https:\/\/tiketi.com\/fr-fr\/cheap-flights-to-ghana\/","og_locale":"fr_FR","og_type":"article","og_title":"Cheap Flights to Ghana","og_description":"Looking for cheap flights to\u00a0Ghana? Search, compare and book cheap airline ticket from to Ghana online and save money","og_url":"https:\/\/tiketi.com\/fr-fr\/cheap-flights-to-ghana\/","og_site_name":"Tiketi.com","article_publisher":"https:\/\/www.facebook.com\/TiketiCom\/","article_modified_time":"2022-02-10T10:38:57+00:00","og_image":[{"width":1200,"height":240,"url":"https:\/\/tiketi.com\/wp-content\/uploads\/2022\/01\/flight-ticket-booking-sorasak-KxCJXXGsv9I-unsplas.jpg","type":"image\/jpeg"}],"twitter_card":"summary_large_image","twitter_misc":{"Dur\u00e9e de lecture estim\u00e9e":"5 minutes"},"schema":{"@context":"https:\/\/schema.org","@graph":[{"@type":"WebPage","@id":"https:\/\/tiketi.com\/fr-fr\/cheap-flights-to-ghana\/","url":"https:\/\/tiketi.com\/fr-fr\/cheap-flights-to-ghana\/","name":"Vols pas chers vers Ghana","isPartOf":{"@id":"https:\/\/tiketi.com\/#website"},"primaryImageOfPage":{"@id":"https:\/\/tiketi.com\/fr-fr\/cheap-flights-to-ghana\/#primaryimage"},"image":{"@id":"https:\/\/tiketi.com\/fr-fr\/cheap-flights-to-ghana\/#primaryimage"},"thumbnailUrl":"https:\/\/tiketi.com\/wp-content\/uploads\/2022\/01\/flight-ticket-booking-sorasak-KxCJXXGsv9I-unsplas.jpg","datePublished":"2022-01-19T11:55:24+00:00","dateModified":"2022-02-10T10:38:57+00:00","description":"Vous cherchez des vols pas chers vers le Ghana ? Recherchez, comparez et r\u00e9servez en ligne un billet d&#039;avion pas cher de vers Ghana et \u00e9conomisez de l&#039;argent","breadcrumb":{"@id":"https:\/\/tiketi.com\/fr-fr\/cheap-flights-to-ghana\/#breadcrumb"},"inLanguage":"fr-FR","potentialAction":[{"@type":"ReadAction","target":["https:\/\/tiketi.com\/fr-fr\/cheap-flights-to-ghana\/"]}]},{"@type":"ImageObject","inLanguage":"fr-FR","@id":"https:\/\/tiketi.com\/fr-fr\/cheap-flights-to-ghana\/#primaryimage","url":"https:\/\/tiketi.com\/wp-content\/uploads\/2022\/01\/flight-ticket-booking-sorasak-KxCJXXGsv9I-unsplas.jpg","contentUrl":"https:\/\/tiketi.com\/wp-content\/uploads\/2022\/01\/flight-ticket-booking-sorasak-KxCJXXGsv9I-unsplas.jpg","width":1200,"height":240,"caption":"Online flight ticket booking"},{"@type":"BreadcrumbList","@id":"https:\/\/tiketi.com\/fr-fr\/cheap-flights-to-ghana\/#breadcrumb","itemListElement":[{"@type":"ListItem","position":1,"name":"Home","item":"https:\/\/tiketi.com\/"},{"@type":"ListItem","position":2,"name":"Cheap Flights to Ghana"}]},{"@type":"WebSite","@id":"https:\/\/tiketi.com\/#website","url":"https:\/\/tiketi.com\/","name":"Billets d&#039;avion et de bus, forfaits touristiques et activit\u00e9s - Tiketi.com","description":"Billets d&#039;avion et de bus, Tours, Activit\u00e9s","publisher":{"@id":"https:\/\/tiketi.com\/#organization"},"potentialAction":[{"@type":"SearchAction","target":{"@type":"EntryPoint","urlTemplate":"https:\/\/tiketi.com\/?s={search_term_string}"},"query-input":{"@type":"PropertyValueSpecification","valueRequired":true,"valueName":"search_term_string"}}],"inLanguage":"fr-FR"},{"@type":"Organization","@id":"https:\/\/tiketi.com\/#organization","name":"Tiketi.com","alternateName":"Tiketi","url":"https:\/\/tiketi.com\/","logo":{"@type":"ImageObject","inLanguage":"fr-FR","@id":"https:\/\/tiketi.com\/#\/schema\/logo\/image\/","url":"https:\/\/tiketi.com\/wp-content\/uploads\/2019\/05\/tiketi-logo-696.png","contentUrl":"https:\/\/tiketi.com\/wp-content\/uploads\/2019\/05\/tiketi-logo-696.png","width":696,"height":696,"caption":"Tiketi.com"},"image":{"@id":"https:\/\/tiketi.com\/#\/schema\/logo\/image\/"},"sameAs":["https:\/\/www.facebook.com\/TiketiCom\/"]}]}},"_links":{"self":[{"href":"https:\/\/tiketi.com\/fr-fr\/wp-json\/wp\/v2\/pages\/11938","targetHints":{"allow":["GET"]}}],"collection":[{"href":"https:\/\/tiketi.com\/fr-fr\/wp-json\/wp\/v2\/pages"}],"about":[{"href":"https:\/\/tiketi.com\/fr-fr\/wp-json\/wp\/v2\/types\/page"}],"author":[{"embeddable":true,"href":"https:\/\/tiketi.com\/fr-fr\/wp-json\/wp\/v2\/users\/1"}],"replies":[{"embeddable":true,"href":"https:\/\/tiketi.com\/fr-fr\/wp-json\/wp\/v2\/comments?post=11938"}],"version-history":[{"count":0,"href":"https:\/\/tiketi.com\/fr-fr\/wp-json\/wp\/v2\/pages\/11938\/revisions"}],"wp:featuredmedia":[{"embeddable":true,"href":"https:\/\/tiketi.com\/fr-fr\/wp-json\/wp\/v2\/media\/14041"}],"wp:attachment":[{"href":"https:\/\/tiketi.com\/fr-fr\/wp-json\/wp\/v2\/media?parent=11938"}],"curies":[{"name":"wp","href":"https:\/\/api.w.org\/{rel}","templated":true}]}}